{"id":6624,"date":"2024-10-11T17:57:17","date_gmt":"2024-10-11T17:57:17","guid":{"rendered":"https:\/\/hojichawholesale.eu\/hojicha-para-lojas-de-cha-de-retalho\/"},"modified":"2024-10-13T19:34:42","modified_gmt":"2024-10-13T19:34:42","slug":"hojicha-para-lojas-de-cha-de-retalho","status":"publish","type":"page","link":"https:\/\/hojichawholesale.eu\/pt-pt\/hojicha-para-lojas-de-cha-de-retalho\/","title":{"rendered":"Hojicha para lojas de ch\u00e1 de retalho"},"content":{"rendered":"\n<h1 class=\"wp-block-heading\">Hojicha para lojas de ch\u00e1 de retalho<\/h1>\n\n<p>Hojicha tem crescido em popularidade e est\u00e1 emergindo como um produto de destaque do Jap\u00e3o. \u00c9 por isso que deve fazer parte da sele\u00e7\u00e3o da sua loja de ch\u00e1. <\/p>\n\n<h2 class=\"wp-block-heading\">1. <strong>Perfil de sabor \u00fanico<\/strong><\/h2>\n\n<p>O distinto processo de torrefa\u00e7\u00e3o da Hojicha d\u00e1-lhe um aroma quente e torrado e um sabor suave a frutos secos. Ao contr\u00e1rio dos ch\u00e1s verdes tradicionais, \u00e9 naturalmente pobre em cafe\u00edna, tornando-se uma \u00f3tima escolha para os clientes que querem um ch\u00e1 calmante que possam desfrutar ao longo do dia, mesmo \u00e0 noite. <\/p>\n<div class=\"wp-block-image\">\n<figure class=\"aligncenter size-large is-resized\"><img fetchpriority=\"high\" decoding=\"async\" width=\"1024\" height=\"683\" src=\"https:\/\/hojichawholesale.eu\/wp-content\/uploads\/2024\/10\/Depositphotos_505383520_L-1024x683.avif\" alt=\"\" class=\"wp-image-5324\" style=\"width:484px;height:auto\" srcset=\"https:\/\/hojichawholesale.eu\/wp-content\/uploads\/2024\/10\/Depositphotos_505383520_L-1024x683.avif 1024w, https:\/\/hojichawholesale.eu\/wp-content\/uploads\/2024\/10\/Depositphotos_505383520_L-300x200.avif 300w, https:\/\/hojichawholesale.eu\/wp-content\/uploads\/2024\/10\/Depositphotos_505383520_L-768x512.avif 768w, https:\/\/hojichawholesale.eu\/wp-content\/uploads\/2024\/10\/Depositphotos_505383520_L.avif 1200w\" sizes=\"(max-width: 1024px) 100vw, 1024px\" \/><\/figure>\n<\/div>\n<h2 class=\"wp-block-heading\">2. <strong>Benef\u00edcios para a sa\u00fade<\/strong><\/h2>\n\n<p>Hojicha \u00e9 rico em antioxidantes como catequinas, o que o torna um candidato principal para campanhas de marketing de sa\u00fade.  <\/p>\n\n<p>O seu baixo teor de cafe\u00edna torna-o adequado para aqueles sens\u00edveis a estimulantes, e o processo de torrefa\u00e7\u00e3o reduz os taninos, dando-lhe uma textura suave sem o amargor frequentemente associado ao ch\u00e1 verde.<\/p>\n\n<h2 class=\"wp-block-heading\">3. <strong>Apelar a um mercado em crescimento<\/strong><\/h2>\n\n<p>Com uma crescente demanda por ch\u00e1s especiais e produtos de bem-estar, a hojicha oferece \u00e0 sua loja a chance de atrair clientes preocupados com a sa\u00fade.  <\/p>\n\n<p>Seu sabor distinto e baixo teor de cafe\u00edna atraem um p\u00fablico diversificado, desde entusiastas do ch\u00e1 at\u00e9 consumidores focados na sa\u00fade. \u00c9 uma excelente escolha para quem procura uma bebida calma e calmante \u00e0 noite quente. <\/p>\n\n<figure class=\"wp-block-image size-large is-resized\"><img decoding=\"async\" width=\"1024\" height=\"544\" src=\"https:\/\/hojichawholesale.eu\/wp-content\/uploads\/2024\/10\/hojicha-trends-1-1024x544.avif\" alt=\"\" class=\"wp-image-5519\" style=\"width:840px;height:auto\" srcset=\"https:\/\/hojichawholesale.eu\/wp-content\/uploads\/2024\/10\/hojicha-trends-1-1024x544.avif 1024w, https:\/\/hojichawholesale.eu\/wp-content\/uploads\/2024\/10\/hojicha-trends-1-300x159.avif 300w, https:\/\/hojichawholesale.eu\/wp-content\/uploads\/2024\/10\/hojicha-trends-1-768x408.avif 768w, https:\/\/hojichawholesale.eu\/wp-content\/uploads\/2024\/10\/hojicha-trends-1-1536x816.avif 1536w, https:\/\/hojichawholesale.eu\/wp-content\/uploads\/2024\/10\/hojicha-trends-1.avif 1892w\" sizes=\"(max-width: 1024px) 100vw, 1024px\" \/><\/figure>\n\n<figure class=\"wp-block-image size-large\"><img decoding=\"async\" width=\"1024\" height=\"412\" src=\"https:\/\/hojichawholesale.eu\/wp-content\/uploads\/2024\/10\/hojicha-trends-countries-1024x412.avif\" alt=\"\" class=\"wp-image-5459\" srcset=\"https:\/\/hojichawholesale.eu\/wp-content\/uploads\/2024\/10\/hojicha-trends-countries-1024x412.avif 1024w, https:\/\/hojichawholesale.eu\/wp-content\/uploads\/2024\/10\/hojicha-trends-countries-300x121.avif 300w, https:\/\/hojichawholesale.eu\/wp-content\/uploads\/2024\/10\/hojicha-trends-countries-768x309.avif 768w, https:\/\/hojichawholesale.eu\/wp-content\/uploads\/2024\/10\/hojicha-trends-countries-1536x618.avif 1536w, https:\/\/hojichawholesale.eu\/wp-content\/uploads\/2024\/10\/hojicha-trends-countries.avif 1873w\" sizes=\"(max-width: 1024px) 100vw, 1024px\" \/><\/figure>\n\n<h2 class=\"wp-block-heading\">4. <strong>Versatilidade no uso<\/strong><\/h2>\n\n<p>Ao contr\u00e1rio do matcha, o hojicha est\u00e1 dispon\u00edvel nas formas de p\u00f3 e folhas soltas, dando-lhe a flexibilidade de que precisa para anunciar as suas propriedades.  <\/p>\n\n<p>Tamb\u00e9m pode ser usado em lattes, assados, sorvetes ou como um simples ch\u00e1.  <\/p>\n\n<h2 class=\"wp-block-heading\">5. <strong>Qualidade Premium<\/strong><\/h2>\n\n<p>Nosso hojicha \u00e9 proveniente diretamente dos principais produtores de ch\u00e1 japoneses. Isso garante que voc\u00ea receba um produto da mais alta qualidade, com um perfil de sabor consistente que seus clientes v\u00e3o adorar e retornar. <\/p>\n\n<h2 class=\"wp-block-heading\">6. Margens saud\u00e1veis<\/h2>\n\n<p>Hojicha sendo barato de produzir e associado \u00e0 cultura japonesa significa que os clientes est\u00e3o prontos para pagar um pr\u00eamio, especialmente para o p\u00f3 hojicha.  <\/p>\n\n<p>A Hojicha ir\u00e1 ajud\u00e1-lo a diversificar a sua oferta e atender a um novo tipo de consumidor que procura produtos pouco procurados e em ascens\u00e3o.  <\/p>\n\n<h2 class=\"wp-block-heading\">Solicite uma amostra<\/h2>\n\n<p>Curioso sobre os sabores ricos e assados da nossa hojicha premium?  <\/p>\n\n<p>Basta preencher os seus dados abaixo e enviar-lhe-emos uma amostra. Informe-nos se tiver pedidos espec\u00edficos e teremos todo o gosto em personalizar a nossa oferta de acordo com as necessidades do seu neg\u00f3cio. <\/p>\n<div class=\"forminator-ui forminator-custom-form forminator-custom-form-1365 forminator-design--flat  forminator_ajax\" data-forminator-render=\"0\" data-form=\"forminator-module-1365\" data-uid=\"69d442e9a9eaa\"><br\/><\/div><form\n\t\t\t\tid=\"forminator-module-1365\"\n\t\t\t\tclass=\"forminator-ui forminator-custom-form forminator-custom-form-1365 forminator-design--flat  forminator_ajax\"\n\t\t\t\tmethod=\"post\"\n\t\t\t\tdata-forminator-render=\"0\"\n\t\t\t\tdata-form-id=\"1365\"\n\t\t\t\t data-color-option=\"default\" data-design=\"flat\" data-grid=\"open\" style=\"display: none;\"\n\t\t\t\tdata-uid=\"69d442e9a9eaa\"\n\t\t\t><div role=\"alert\" aria-live=\"polite\" class=\"forminator-response-message forminator-error\" aria-hidden=\"true\"><\/div><div class=\"forminator-row\"><div id=\"name-1\" class=\"forminator-field-name forminator-col forminator-col-6 \"><div class=\"forminator-field\"><input type=\"text\" name=\"name-1\" value=\"\" placeholder=\"First Name\" id=\"forminator-field-name-1_69d442e9a9eaa\" class=\"forminator-input forminator-name--field\" aria-required=\"true\" autocomplete=\"name\" \/><\/div><\/div><div id=\"name-2\" class=\"forminator-field-name forminator-col forminator-col-6 \"><div class=\"forminator-field\"><input type=\"text\" name=\"name-2\" value=\"\" placeholder=\"Last Name\" id=\"forminator-field-name-2_69d442e9a9eaa\" class=\"forminator-input forminator-name--field\" aria-required=\"true\" autocomplete=\"name\" \/><\/div><\/div><\/div><div class=\"forminator-row\"><div id=\"email-1\" class=\"forminator-field-email forminator-col forminator-col-12 \"><div class=\"forminator-field\"><input type=\"email\" name=\"email-1\" value=\"\" placeholder=\"Email\" id=\"forminator-field-email-1_69d442e9a9eaa\" class=\"forminator-input forminator-email--field\" data-required=\"true\" aria-required=\"true\" autocomplete=\"email\" \/><\/div><\/div><\/div><div class=\"forminator-row\"><div id=\"phone-1\" class=\"forminator-field-phone forminator-col forminator-col-12 \"><div class=\"forminator-field\"><input type=\"text\" name=\"phone-1\" value=\"\" placeholder=\"Phone\" id=\"forminator-field-phone-1_69d442e9a9eaa\" class=\"forminator-input forminator-field--phone\" data-required=\"\" aria-required=\"false\" autocomplete=\"off\" \/><\/div><\/div><\/div><div class=\"forminator-row\"><div id=\"textarea-1\" class=\"forminator-field-textarea forminator-col forminator-col-12 \"><div class=\"forminator-field\"><textarea name=\"textarea-1\" placeholder=\"Message\" id=\"forminator-field-textarea-1_69d442e9a9eaa\" class=\"forminator-textarea\" rows=\"6\" style=\"min-height:140px;\" ><\/textarea><span id=\"forminator-field-textarea-1_69d442e9a9eaa-description\" class=\"forminator-description\"><span data-limit=\"300\" data-type=\"words\" data-editor=\"\">0 \/ 300<\/span><\/span><\/div><\/div><\/div><div class=\"forminator-row\"><\/div><input type=\"hidden\" name=\"referer_url\" value=\"\" \/><div class=\"forminator-row forminator-row-last\"><div class=\"forminator-col\"><div class=\"forminator-field\"><button class=\"forminator-button forminator-button-submit\">Send<\/button><\/div><\/div><\/div><input type=\"hidden\" id=\"forminator_nonce\" name=\"forminator_nonce\" value=\"8ad7e0b691\" \/><input type=\"hidden\" name=\"_wp_http_referer\" value=\"\/pt-pt\/wp-json\/wp\/v2\/pages\/6624\" \/><input type=\"hidden\" name=\"form_id\" value=\"1365\"><input type=\"hidden\" name=\"page_id\" value=\"6624\"><input type=\"hidden\" name=\"form_type\" value=\"default\"><input type=\"hidden\" name=\"current_url\" value=\"https:\/\/hojichawholesale.eu\/pt-pt\/hojicha-para-lojas-de-cha-de-retalho\/\"><input type=\"hidden\" name=\"render_id\" value=\"0\"><input type=\"hidden\" name=\"action\" value=\"forminator_submit_form_custom-forms\"><label for=\"input_6\" class=\"forminator-hidden\" aria-hidden=\"true\">Please do not fill in this field. <input id=\"input_6\" type=\"text\" name=\"input_6\" value=\"\" autocomplete=\"off\"><\/label><\/form>\n","protected":false},"excerpt":{"rendered":"<p>Hojicha para lojas de ch\u00e1 de retalho Hojicha tem crescido em popularidade e est\u00e1 emergindo como um produto de destaque do Jap\u00e3o. \u00c9 por isso que deve fazer parte da sele\u00e7\u00e3o da sua loja de ch\u00e1. 1. Perfil de sabor \u00fanico O distinto processo de torrefa\u00e7\u00e3o da Hojicha d\u00e1-lhe um aroma quente e torrado e [&hellip;]<\/p>\n","protected":false},"author":1,"featured_media":6625,"parent":0,"menu_order":0,"comment_status":"closed","ping_status":"closed","template":"","meta":{"_surecart_dashboard_logo_width":"180px","_surecart_dashboard_show_logo":true,"_surecart_dashboard_navigation_orders":true,"_surecart_dashboard_navigation_invoices":true,"_surecart_dashboard_navigation_subscriptions":true,"_surecart_dashboard_navigation_downloads":true,"_surecart_dashboard_navigation_billing":true,"_surecart_dashboard_navigation_account":true,"footnotes":""},"class_list":["post-6624","page","type-page","status-publish","has-post-thumbnail","hentry","entry","has-media"],"mb":[],"mfb_rest_fields":["title","gutenberg_elementor_mode"],"_links":{"self":[{"href":"https:\/\/hojichawholesale.eu\/pt-pt\/wp-json\/wp\/v2\/pages\/6624","targetHints":{"allow":["GET"]}}],"collection":[{"href":"https:\/\/hojichawholesale.eu\/pt-pt\/wp-json\/wp\/v2\/pages"}],"about":[{"href":"https:\/\/hojichawholesale.eu\/pt-pt\/wp-json\/wp\/v2\/types\/page"}],"author":[{"embeddable":true,"href":"https:\/\/hojichawholesale.eu\/pt-pt\/wp-json\/wp\/v2\/users\/1"}],"replies":[{"embeddable":true,"href":"https:\/\/hojichawholesale.eu\/pt-pt\/wp-json\/wp\/v2\/comments?post=6624"}],"version-history":[{"count":0,"href":"https:\/\/hojichawholesale.eu\/pt-pt\/wp-json\/wp\/v2\/pages\/6624\/revisions"}],"wp:featuredmedia":[{"embeddable":true,"href":"https:\/\/hojichawholesale.eu\/pt-pt\/wp-json\/wp\/v2\/media\/6625"}],"wp:attachment":[{"href":"https:\/\/hojichawholesale.eu\/pt-pt\/wp-json\/wp\/v2\/media?parent=6624"}],"curies":[{"name":"wp","href":"https:\/\/api.w.org\/{rel}","templated":true}]}}