{"id":6621,"date":"2024-10-12T14:03:31","date_gmt":"2024-10-12T14:03:31","guid":{"rendered":"https:\/\/hojichawholesale.eu\/hojicha-medium-roast-atacado\/"},"modified":"2025-12-10T19:00:14","modified_gmt":"2025-12-10T19:00:14","slug":"hojicha-medium-roast-atacado","status":"publish","type":"page","link":"https:\/\/hojichawholesale.eu\/pt-pt\/hojicha-medium-roast-atacado\/","title":{"rendered":"Hojicha M\u00e9dio Assado em P\u00f3 (Atacado)"},"content":{"rendered":"\n<h1 class=\"wp-block-heading\">Hojicha Medium Roast (Atacado)<\/h1>\n\n<p><strong>Hojicha Medium Roast<\/strong> <strong>Powder <\/strong>oferece um sabor \u00fanico, rico e terroso que \u00e9 perfeito para os amantes do ch\u00e1 que apreciam um equil\u00edbrio entre notas assadas robustas e a do\u00e7ura natural do ch\u00e1 verde.<\/p>\n<div class=\"wp-block-image\">\n<figure class=\"aligncenter size-full is-resized\"><img fetchpriority=\"high\" decoding=\"async\" width=\"1000\" height=\"1000\" src=\"https:\/\/hojichawholesale.eu\/wp-content\/uploads\/2025\/01\/hojicha-medium-powder-both.webp\" alt=\"\" class=\"wp-image-7484\" style=\"width:282px;height:auto\" srcset=\"https:\/\/hojichawholesale.eu\/wp-content\/uploads\/2025\/01\/hojicha-medium-powder-both.webp 1000w, https:\/\/hojichawholesale.eu\/wp-content\/uploads\/2025\/01\/hojicha-medium-powder-both-300x300.webp 300w, https:\/\/hojichawholesale.eu\/wp-content\/uploads\/2025\/01\/hojicha-medium-powder-both-150x150.webp 150w, https:\/\/hojichawholesale.eu\/wp-content\/uploads\/2025\/01\/hojicha-medium-powder-both-768x768.webp 768w, https:\/\/hojichawholesale.eu\/wp-content\/uploads\/2025\/01\/hojicha-medium-powder-both-600x600.webp 600w\" sizes=\"(max-width: 1000px) 100vw, 1000px\" \/><\/figure>\n<\/div>\n<h2 class=\"wp-block-heading\">Destaques do produto<\/h2>\n\n<ul class=\"wp-block-list\">\n<li><strong>Tipo: Ch\u00e1<\/strong> verde assado (hojicha)<\/li>\n\n\n\n<li><strong>Origem<\/strong>: Shizuoka, Jap\u00e3o<\/li>\n\n\n\n<li><strong>Forma<\/strong>: P\u00f3<\/li>\n\n\n\n<li><strong>N\u00edvel de Assado<\/strong>: M\u00e9dio<\/li>\n\n\n\n<li><strong>\u00c9poca de Vindima<\/strong>: primavera\/ver\u00e3o<\/li>\n\n\n\n<li><strong>Processamento<\/strong>: Assado em porcelana acima de 220\u00b0C<\/li>\n\n\n\n<li><strong>Perfil de sabor<\/strong>: Noz, ligeiramente doce, suave com notas de caramelo<\/li>\n\n\n\n<li><strong>Cafe\u00edna: Baixa<\/strong><\/li>\n\n\n\n<li><strong>Embalagem<\/strong>: Dispon\u00edvel em sacos de 1 kg. Reempacotamento dispon\u00edvel a seu pedido.   <\/li>\n<\/ul>\n\n<hr class=\"wp-block-separator has-alpha-channel-opacity\"\/>\n\n<h2 class=\"wp-block-heading\">Benef\u00edcios do Hojicha Assado M\u00e9dio<\/h2>\n\n<ul class=\"wp-block-list\">\n<li><strong>Rico em antioxidantes<\/strong>: Protege contra os radicais livres<\/li>\n\n\n\n<li><strong>Baixo teor de cafe\u00edna<\/strong>: Ideal para desfrutar durante todo o dia, incluindo noites<\/li>\n\n\n\n<li><strong>Calmante e Relaxante<\/strong>: O processo de torrefa\u00e7\u00e3o suave reduz o amargor e real\u00e7a um sabor suave e reconfortante.<\/li>\n\n\n\n<li><strong>Trendy<\/strong>: Em ascens\u00e3o no Sudeste Asi\u00e1tico, est\u00e1 come\u00e7ando a gerar interesse na Europa.<\/li>\n<\/ul>\n\n<div class=\"wp-block-columns is-layout-flex wp-container-core-columns-is-layout-28f84493 wp-block-columns-is-layout-flex\">\n<div class=\"wp-block-column is-layout-flow wp-block-column-is-layout-flow\"><div class=\"wp-block-image\">\n<figure class=\"aligncenter size-full is-resized\"><img decoding=\"async\" width=\"1000\" height=\"1000\" src=\"https:\/\/hojichawholesale.eu\/wp-content\/uploads\/2025\/01\/hojicha-medium-powder.webp\" alt=\"Hojicha p&#xF3; m&#xE9;dio assado\" class=\"wp-image-7472\" style=\"width:297px;height:auto\" srcset=\"https:\/\/hojichawholesale.eu\/wp-content\/uploads\/2025\/01\/hojicha-medium-powder.webp 1000w, https:\/\/hojichawholesale.eu\/wp-content\/uploads\/2025\/01\/hojicha-medium-powder-300x300.webp 300w, https:\/\/hojichawholesale.eu\/wp-content\/uploads\/2025\/01\/hojicha-medium-powder-150x150.webp 150w, https:\/\/hojichawholesale.eu\/wp-content\/uploads\/2025\/01\/hojicha-medium-powder-768x768.webp 768w, https:\/\/hojichawholesale.eu\/wp-content\/uploads\/2025\/01\/hojicha-medium-powder-600x600.webp 600w\" sizes=\"(max-width: 1000px) 100vw, 1000px\" \/><\/figure>\n<\/div><\/div>\n\n\n\n<div class=\"wp-block-column is-layout-flow wp-block-column-is-layout-flow\"><div class=\"wp-block-image\">\n<figure class=\"aligncenter size-large is-resized\"><img decoding=\"async\" width=\"1024\" height=\"1024\" src=\"https:\/\/hojichawholesale.eu\/wp-content\/uploads\/2025\/01\/hojicha-medium-powder-infused-1024x1024.webp\" alt=\"Hojicha p&#xF3; m&#xE9;dio assado infundido\" class=\"wp-image-7496\" style=\"width:295px;height:auto\" srcset=\"https:\/\/hojichawholesale.eu\/wp-content\/uploads\/2025\/01\/hojicha-medium-powder-infused-1024x1024.webp 1024w, https:\/\/hojichawholesale.eu\/wp-content\/uploads\/2025\/01\/hojicha-medium-powder-infused-300x300.webp 300w, https:\/\/hojichawholesale.eu\/wp-content\/uploads\/2025\/01\/hojicha-medium-powder-infused-150x150.webp 150w, https:\/\/hojichawholesale.eu\/wp-content\/uploads\/2025\/01\/hojicha-medium-powder-infused-768x768.webp 768w, https:\/\/hojichawholesale.eu\/wp-content\/uploads\/2025\/01\/hojicha-medium-powder-infused-1536x1536.webp 1536w, https:\/\/hojichawholesale.eu\/wp-content\/uploads\/2025\/01\/hojicha-medium-powder-infused-600x600.webp 600w, https:\/\/hojichawholesale.eu\/wp-content\/uploads\/2025\/01\/hojicha-medium-powder-infused.webp 2000w\" sizes=\"(max-width: 1024px) 100vw, 1024px\" \/><\/figure>\n<\/div><\/div>\n<\/div>\n\n<hr class=\"wp-block-separator has-alpha-channel-opacity\"\/>\n\n<h2 class=\"wp-block-heading\">Informa\u00e7\u00e3o por grosso<\/h2>\n\n<ul class=\"wp-block-list\">\n<li><strong>Quantidade de ordem m\u00ednima (MOQ):<\/strong> 500 gramas (5 * 100 gramas).<\/li>\n\n\n\n<li><strong>Pre\u00e7os em massa<\/strong>: Entre em contato conosco abaixo para obter uma cota\u00e7\u00e3o personalizada com base no volume do pedido.<\/li>\n\n\n\n<li><strong>Armazenamento<\/strong>: Manter em local fresco e seco.<\/li>\n\n\n\n<li><strong>Data de validade<\/strong>: Hojicha pode ser mantido at\u00e9 dois anos fechado e conservado a 5\u00b0C &#8211; 10\u00b0C.<\/li>\n\n\n\n<li><strong>Envio<\/strong>: Enviamos para o continente europeu com op\u00e7\u00f5es de envio flex\u00edveis, incluindo entrega expressa para encomendas urgentes.<\/li>\n<\/ul>\n\n<hr class=\"wp-block-separator has-alpha-channel-opacity\"\/>\n\n<h2 class=\"wp-block-heading\">Como preparar<\/h2>\n\n<ol class=\"wp-block-list\">\n<li><strong>Quantidade de ch\u00e1<\/strong>: 8g de ch\u00e1 por 500ml de \u00e1gua<\/li>\n\n\n\n<li><strong>Temperatura da \u00e1gua<\/strong>: 70-80\u00b0C  <\/li>\n\n\n\n<li><strong>Tempo de macera\u00e7\u00e3o<\/strong>: 2-3 minutos para uma x\u00edcara perfeita<\/li>\n<\/ol>\n\n<hr class=\"wp-block-separator has-alpha-channel-opacity\"\/>\n\n<h2 class=\"wp-block-heading\">Ideal para<\/h2>\n\n<ul class=\"wp-block-list\">\n<li>Lojas de ch\u00e1, caf\u00e9s e restaurantes que procuram oferecer uma experi\u00eancia premium de hojicha latte.  <\/li>\n\n\n\n<li>Consumidores preocupados com a sa\u00fade que preferem uma alternativa com baixo teor de cafe\u00edna.<\/li>\n\n\n\n<li>Mistura-se com outros ch\u00e1s para criar misturas exclusivas de ch\u00e1 da casa.<\/li>\n<\/ul>\n\n<h2 class=\"wp-block-heading\">Solicite uma amostra hoje<\/h2>\n\n<p>Curioso sobre os sabores ricos e assados da nossa hojicha premium?  <\/p>\n\n<p>Basta preencher os seus dados abaixo e enviar-lhe-emos uma amostra. Informe-nos se tiver pedidos espec\u00edficos e teremos todo o gosto em personalizar a nossa oferta de acordo com as necessidades do seu neg\u00f3cio. <\/p>\n<div class=\"forminator-ui forminator-custom-form forminator-custom-form-1365 forminator-design--flat  forminator_ajax\" data-forminator-render=\"0\" data-form=\"forminator-module-1365\" data-uid=\"69dec72b344a9\"><br\/><\/div><form\n\t\t\t\tid=\"forminator-module-1365\"\n\t\t\t\tclass=\"forminator-ui forminator-custom-form forminator-custom-form-1365 forminator-design--flat  forminator_ajax\"\n\t\t\t\tmethod=\"post\"\n\t\t\t\tdata-forminator-render=\"0\"\n\t\t\t\tdata-form-id=\"1365\"\n\t\t\t\t data-color-option=\"default\" data-design=\"flat\" data-grid=\"open\" style=\"display: none;\"\n\t\t\t\tdata-uid=\"69dec72b344a9\"\n\t\t\t><div role=\"alert\" aria-live=\"polite\" class=\"forminator-response-message forminator-error\" aria-hidden=\"true\"><\/div><div class=\"forminator-row\"><div id=\"name-1\" class=\"forminator-field-name forminator-col forminator-col-6 \"><div class=\"forminator-field\"><input type=\"text\" name=\"name-1\" value=\"\" placeholder=\"First Name\" id=\"forminator-field-name-1_69dec72b344a9\" class=\"forminator-input forminator-name--field\" aria-required=\"true\" autocomplete=\"name\" \/><\/div><\/div><div id=\"name-2\" class=\"forminator-field-name forminator-col forminator-col-6 \"><div class=\"forminator-field\"><input type=\"text\" name=\"name-2\" value=\"\" placeholder=\"Last Name\" id=\"forminator-field-name-2_69dec72b344a9\" class=\"forminator-input forminator-name--field\" aria-required=\"true\" autocomplete=\"name\" \/><\/div><\/div><\/div><div class=\"forminator-row\"><div id=\"email-1\" class=\"forminator-field-email forminator-col forminator-col-12 \"><div class=\"forminator-field\"><input type=\"email\" name=\"email-1\" value=\"\" placeholder=\"Email\" id=\"forminator-field-email-1_69dec72b344a9\" class=\"forminator-input forminator-email--field\" data-required=\"true\" aria-required=\"true\" autocomplete=\"email\" \/><\/div><\/div><\/div><div class=\"forminator-row\"><div id=\"phone-1\" class=\"forminator-field-phone forminator-col forminator-col-12 \"><div class=\"forminator-field\"><input type=\"text\" name=\"phone-1\" value=\"\" placeholder=\"Phone\" id=\"forminator-field-phone-1_69dec72b344a9\" class=\"forminator-input forminator-field--phone\" data-required=\"\" aria-required=\"false\" autocomplete=\"off\" \/><\/div><\/div><\/div><div class=\"forminator-row\"><div id=\"textarea-1\" class=\"forminator-field-textarea forminator-col forminator-col-12 \"><div class=\"forminator-field\"><textarea name=\"textarea-1\" placeholder=\"Message\" id=\"forminator-field-textarea-1_69dec72b344a9\" class=\"forminator-textarea\" rows=\"6\" style=\"min-height:140px;\" ><\/textarea><span id=\"forminator-field-textarea-1_69dec72b344a9-description\" class=\"forminator-description\"><span data-limit=\"300\" data-type=\"words\" data-editor=\"\">0 \/ 300<\/span><\/span><\/div><\/div><\/div><div class=\"forminator-row\"><\/div><input type=\"hidden\" name=\"referer_url\" value=\"\" \/><div class=\"forminator-row forminator-row-last\"><div class=\"forminator-col\"><div class=\"forminator-field\"><button class=\"forminator-button forminator-button-submit\">Send<\/button><\/div><\/div><\/div><input type=\"hidden\" id=\"forminator_nonce\" name=\"forminator_nonce\" value=\"a647953a3f\" \/><input type=\"hidden\" name=\"_wp_http_referer\" value=\"\/pt-pt\/wp-json\/wp\/v2\/pages\/6621\" \/><input type=\"hidden\" name=\"form_id\" value=\"1365\"><input type=\"hidden\" name=\"page_id\" value=\"6621\"><input type=\"hidden\" name=\"form_type\" value=\"default\"><input type=\"hidden\" name=\"current_url\" value=\"https:\/\/hojichawholesale.eu\/pt-pt\/hojicha-medium-roast-atacado\/\"><input type=\"hidden\" name=\"render_id\" value=\"0\"><input type=\"hidden\" name=\"action\" value=\"forminator_submit_form_custom-forms\"><label for=\"input_6\" class=\"forminator-hidden\" aria-hidden=\"true\">Please do not fill in this field. <input id=\"input_6\" type=\"text\" name=\"input_6\" value=\"\" autocomplete=\"off\"><\/label><\/form>\n","protected":false},"excerpt":{"rendered":"<p>Hojicha Medium Roast (Atacado) Hojicha Medium Roast Powder oferece um sabor \u00fanico, rico e terroso que \u00e9 perfeito para os amantes do ch\u00e1 que apreciam um equil\u00edbrio entre notas assadas robustas e a do\u00e7ura natural do ch\u00e1 verde. Destaques do produto Benef\u00edcios do Hojicha Assado M\u00e9dio Informa\u00e7\u00e3o por grosso Como preparar Ideal para Solicite uma [&hellip;]<\/p>\n","protected":false},"author":1,"featured_media":7493,"parent":0,"menu_order":0,"comment_status":"closed","ping_status":"closed","template":"","meta":{"_surecart_dashboard_logo_width":"180px","_surecart_dashboard_show_logo":true,"_surecart_dashboard_navigation_orders":true,"_surecart_dashboard_navigation_invoices":true,"_surecart_dashboard_navigation_subscriptions":true,"_surecart_dashboard_navigation_downloads":true,"_surecart_dashboard_navigation_billing":true,"_surecart_dashboard_navigation_account":true,"footnotes":""},"class_list":["post-6621","page","type-page","status-publish","has-post-thumbnail","hentry","entry","has-media"],"mb":[],"mfb_rest_fields":["title","gutenberg_elementor_mode"],"_links":{"self":[{"href":"https:\/\/hojichawholesale.eu\/pt-pt\/wp-json\/wp\/v2\/pages\/6621","targetHints":{"allow":["GET"]}}],"collection":[{"href":"https:\/\/hojichawholesale.eu\/pt-pt\/wp-json\/wp\/v2\/pages"}],"about":[{"href":"https:\/\/hojichawholesale.eu\/pt-pt\/wp-json\/wp\/v2\/types\/page"}],"author":[{"embeddable":true,"href":"https:\/\/hojichawholesale.eu\/pt-pt\/wp-json\/wp\/v2\/users\/1"}],"replies":[{"embeddable":true,"href":"https:\/\/hojichawholesale.eu\/pt-pt\/wp-json\/wp\/v2\/comments?post=6621"}],"version-history":[{"count":0,"href":"https:\/\/hojichawholesale.eu\/pt-pt\/wp-json\/wp\/v2\/pages\/6621\/revisions"}],"wp:featuredmedia":[{"embeddable":true,"href":"https:\/\/hojichawholesale.eu\/pt-pt\/wp-json\/wp\/v2\/media\/7493"}],"wp:attachment":[{"href":"https:\/\/hojichawholesale.eu\/pt-pt\/wp-json\/wp\/v2\/media?parent=6621"}],"curies":[{"name":"wp","href":"https:\/\/api.w.org\/{rel}","templated":true}]}}