{"id":6616,"date":"2024-10-12T16:25:13","date_gmt":"2024-10-12T16:25:13","guid":{"rendered":"https:\/\/hojichawholesale.eu\/hojicha-latte-em-po-atacado\/"},"modified":"2025-12-10T19:00:35","modified_gmt":"2025-12-10T19:00:35","slug":"hojicha-latte-em-po-atacado","status":"publish","type":"page","link":"https:\/\/hojichawholesale.eu\/pt-pt\/hojicha-latte-em-po-atacado\/","title":{"rendered":"Hojicha Latte em p\u00f3 (Atacado)"},"content":{"rendered":"\n<h1 class=\"wp-block-heading\">Hojicha Latte em p\u00f3 (Atacado)<\/h1>\n\n<p>Nosso <strong>Hojicha Powder Latte<\/strong> \u00e9 feito de p\u00f3 de hojicha, a\u00e7\u00facar de cana e goma de guar para uma bebida perfeitamente equilibrada e deliciosa. Pode ser misturado com leite ou alternativas l\u00e1cteas. <\/p>\n<div class=\"wp-block-image\">\n<figure class=\"aligncenter size-full is-resized\"><img fetchpriority=\"high\" decoding=\"async\" width=\"1000\" height=\"1000\" src=\"https:\/\/hojichawholesale.eu\/wp-content\/uploads\/2025\/01\/hojicha-latte-both.webp\" alt=\"Compara&#xE7;&#xE3;o do p&#xF3; de latte hojicha VS p&#xF3; de latte hojicha infundido.\" class=\"wp-image-7510\" style=\"width:310px;height:auto\" srcset=\"https:\/\/hojichawholesale.eu\/wp-content\/uploads\/2025\/01\/hojicha-latte-both.webp 1000w, https:\/\/hojichawholesale.eu\/wp-content\/uploads\/2025\/01\/hojicha-latte-both-300x300.webp 300w, https:\/\/hojichawholesale.eu\/wp-content\/uploads\/2025\/01\/hojicha-latte-both-150x150.webp 150w, https:\/\/hojichawholesale.eu\/wp-content\/uploads\/2025\/01\/hojicha-latte-both-768x768.webp 768w, https:\/\/hojichawholesale.eu\/wp-content\/uploads\/2025\/01\/hojicha-latte-both-600x600.webp 600w\" sizes=\"(max-width: 1000px) 100vw, 1000px\" \/><\/figure>\n<\/div>\n<hr class=\"wp-block-separator has-alpha-channel-opacity\"\/>\n\n<h2 class=\"wp-block-heading\">Destaques do produto<\/h2>\n\n<ul class=\"wp-block-list\">\n<li><strong>Tipo<\/strong>: Instant Hojicha Latte Mix<\/li>\n\n\n\n<li><strong>Ingredientes<\/strong>: Hojicha em p\u00f3, a\u00e7\u00facar de cana, goma de guar.<\/li>\n\n\n\n<li><strong>Embalagem<\/strong>: Bolsa stand-up resealable (Doypack) para frescura.<\/li>\n\n\n\n<li><strong>Tamanho da dose<\/strong>: Aprox. 8 doses por embalagem. <\/li>\n\n\n\n<li><strong>Perfil de sabor<\/strong>: Suave, noz, levemente doce com um final assado.<\/li>\n\n\n\n<li><strong>Cafe\u00edna: Baixa<\/strong><\/li>\n\n\n\n<li><strong>Modo de prepara\u00e7\u00e3o<\/strong>: Basta adicionar \u00e1gua ou leite para um r\u00e1pido e delicioso caf\u00e9 com leite hojicha.<\/li>\n\n\n\n<li><strong>Peso<\/strong>: Dispon\u00edvel em sacos de 1 kg. Reempacotamento dispon\u00edvel a seu pedido.   <\/li>\n<\/ul>\n\n<hr class=\"wp-block-separator has-alpha-channel-opacity\"\/>\n\n<h2 class=\"wp-block-heading\">Informa\u00e7\u00e3o por grosso<\/h2>\n\n<ul class=\"wp-block-list\">\n<li><strong>Quantidade M\u00ednima de Ordem (MOQ):<\/strong> 600 gramas (5 x 120g doypacks).<\/li>\n\n\n\n<li><strong>Pre\u00e7os em massa<\/strong>: Contacte-nos para tarifas especiais com base no volume de encomendas.<\/li>\n\n\n\n<li><strong>Armazenamento<\/strong>: Armazenar em local fresco e seco para manter o frescor.<\/li>\n\n\n\n<li><strong>Data de validade<\/strong>: Hojicha pode ser mantido at\u00e9 dois anos fechado e conservado a 5\u00b0C \u2013 10\u00b0C.<\/li>\n\n\n\n<li><strong>Envio<\/strong>: Enviamos para o continente europeu com op\u00e7\u00f5es de envio flex\u00edveis, incluindo entrega expressa para encomendas urgentes.<\/li>\n<\/ul>\n\n<div class=\"wp-block-columns is-layout-flex wp-container-core-columns-is-layout-28f84493 wp-block-columns-is-layout-flex\">\n<div class=\"wp-block-column is-layout-flow wp-block-column-is-layout-flow\"><div class=\"wp-block-image\">\n<figure class=\"aligncenter size-full is-resized\"><img decoding=\"async\" width=\"1000\" height=\"1000\" src=\"https:\/\/hojichawholesale.eu\/wp-content\/uploads\/2025\/01\/hojicha-latte-powder.webp\" alt=\"\" class=\"wp-image-7534\" style=\"width:314px;height:auto\" srcset=\"https:\/\/hojichawholesale.eu\/wp-content\/uploads\/2025\/01\/hojicha-latte-powder.webp 1000w, https:\/\/hojichawholesale.eu\/wp-content\/uploads\/2025\/01\/hojicha-latte-powder-300x300.webp 300w, https:\/\/hojichawholesale.eu\/wp-content\/uploads\/2025\/01\/hojicha-latte-powder-150x150.webp 150w, https:\/\/hojichawholesale.eu\/wp-content\/uploads\/2025\/01\/hojicha-latte-powder-768x768.webp 768w, https:\/\/hojichawholesale.eu\/wp-content\/uploads\/2025\/01\/hojicha-latte-powder-600x600.webp 600w\" sizes=\"(max-width: 1000px) 100vw, 1000px\" \/><\/figure>\n<\/div><\/div>\n\n\n\n<div class=\"wp-block-column is-layout-flow wp-block-column-is-layout-flow\"><div class=\"wp-block-image\">\n<figure class=\"aligncenter size-large is-resized\"><img decoding=\"async\" width=\"1024\" height=\"1024\" src=\"https:\/\/hojichawholesale.eu\/wp-content\/uploads\/2025\/01\/hojicha-latte-infused-1024x1024.webp\" alt=\"\" class=\"wp-image-7522\" style=\"width:325px;height:auto\" srcset=\"https:\/\/hojichawholesale.eu\/wp-content\/uploads\/2025\/01\/hojicha-latte-infused-1024x1024.webp 1024w, https:\/\/hojichawholesale.eu\/wp-content\/uploads\/2025\/01\/hojicha-latte-infused-300x300.webp 300w, https:\/\/hojichawholesale.eu\/wp-content\/uploads\/2025\/01\/hojicha-latte-infused-150x150.webp 150w, https:\/\/hojichawholesale.eu\/wp-content\/uploads\/2025\/01\/hojicha-latte-infused-768x768.webp 768w, https:\/\/hojichawholesale.eu\/wp-content\/uploads\/2025\/01\/hojicha-latte-infused-1536x1536.webp 1536w, https:\/\/hojichawholesale.eu\/wp-content\/uploads\/2025\/01\/hojicha-latte-infused-600x600.webp 600w, https:\/\/hojichawholesale.eu\/wp-content\/uploads\/2025\/01\/hojicha-latte-infused.webp 2000w\" sizes=\"(max-width: 1024px) 100vw, 1024px\" \/><\/figure>\n<\/div><\/div>\n<\/div>\n\n<hr class=\"wp-block-separator has-alpha-channel-opacity\"\/>\n\n<h2 class=\"wp-block-heading\">Como se preparar<\/h2>\n\n<ol class=\"wp-block-list\">\n<li><strong>Adicione 15g<\/strong> de mistura de Hojicha Powder Latte \u00e0 sua ch\u00e1vena.<\/li>\n\n\n\n<li><strong>Adicione 500ml<\/strong> de \u00e1gua quente ou leite (ou leite alternativo).<\/li>\n\n\n\n<li>Mexa bem e desfrute de um cremoso e delicioso caf\u00e9 com leite hojicha instantaneamente.<\/li>\n<\/ol>\n\n<hr class=\"wp-block-separator has-alpha-channel-opacity\"\/>\n\n<h2 class=\"wp-block-heading\">Ideal para<\/h2>\n\n<ul class=\"wp-block-list\">\n<li>Caf\u00e9s e lojas de ch\u00e1 \u00e0 procura de uma op\u00e7\u00e3o de hojicha latte r\u00e1pida e f\u00e1cil de preparar para os clientes.<\/li>\n\n\n\n<li>Restaurantes e hot\u00e9is que querem oferecer um delicioso aux\u00edlio digestivo.  <\/li>\n\n\n\n<li>Lojas de varejo que oferecem produtos de ch\u00e1 premium e misturas de bebidas instant\u00e2neas.<\/li>\n<\/ul>\n\n<h2 class=\"wp-block-heading\">Solicite uma amostra hoje<\/h2>\n\n<p>Curioso sobre os sabores ricos e assados da nossa hojicha premium?  <\/p>\n\n<p>Basta preencher os seus dados abaixo e enviar-lhe-emos uma amostra. Informe-nos se tiver pedidos espec\u00edficos e teremos todo o gosto em personalizar a nossa oferta de acordo com as necessidades do seu neg\u00f3cio. <\/p>\n<div class=\"forminator-ui forminator-custom-form forminator-custom-form-1365 forminator-design--flat  forminator_ajax\" data-forminator-render=\"0\" data-form=\"forminator-module-1365\" data-uid=\"69d4946a9f30d\"><br\/><\/div><form\n\t\t\t\tid=\"forminator-module-1365\"\n\t\t\t\tclass=\"forminator-ui forminator-custom-form forminator-custom-form-1365 forminator-design--flat  forminator_ajax\"\n\t\t\t\tmethod=\"post\"\n\t\t\t\tdata-forminator-render=\"0\"\n\t\t\t\tdata-form-id=\"1365\"\n\t\t\t\t data-color-option=\"default\" data-design=\"flat\" data-grid=\"open\" style=\"display: none;\"\n\t\t\t\tdata-uid=\"69d4946a9f30d\"\n\t\t\t><div role=\"alert\" aria-live=\"polite\" class=\"forminator-response-message forminator-error\" aria-hidden=\"true\"><\/div><div class=\"forminator-row\"><div id=\"name-1\" class=\"forminator-field-name forminator-col forminator-col-6 \"><div class=\"forminator-field\"><input type=\"text\" name=\"name-1\" value=\"\" placeholder=\"First Name\" id=\"forminator-field-name-1_69d4946a9f30d\" class=\"forminator-input forminator-name--field\" aria-required=\"true\" autocomplete=\"name\" \/><\/div><\/div><div id=\"name-2\" class=\"forminator-field-name forminator-col forminator-col-6 \"><div class=\"forminator-field\"><input type=\"text\" name=\"name-2\" value=\"\" placeholder=\"Last Name\" id=\"forminator-field-name-2_69d4946a9f30d\" class=\"forminator-input forminator-name--field\" aria-required=\"true\" autocomplete=\"name\" \/><\/div><\/div><\/div><div class=\"forminator-row\"><div id=\"email-1\" class=\"forminator-field-email forminator-col forminator-col-12 \"><div class=\"forminator-field\"><input type=\"email\" name=\"email-1\" value=\"\" placeholder=\"Email\" id=\"forminator-field-email-1_69d4946a9f30d\" class=\"forminator-input forminator-email--field\" data-required=\"true\" aria-required=\"true\" autocomplete=\"email\" \/><\/div><\/div><\/div><div class=\"forminator-row\"><div id=\"phone-1\" class=\"forminator-field-phone forminator-col forminator-col-12 \"><div class=\"forminator-field\"><input type=\"text\" name=\"phone-1\" value=\"\" placeholder=\"Phone\" id=\"forminator-field-phone-1_69d4946a9f30d\" class=\"forminator-input forminator-field--phone\" data-required=\"\" aria-required=\"false\" autocomplete=\"off\" \/><\/div><\/div><\/div><div class=\"forminator-row\"><div id=\"textarea-1\" class=\"forminator-field-textarea forminator-col forminator-col-12 \"><div class=\"forminator-field\"><textarea name=\"textarea-1\" placeholder=\"Message\" id=\"forminator-field-textarea-1_69d4946a9f30d\" class=\"forminator-textarea\" rows=\"6\" style=\"min-height:140px;\" ><\/textarea><span id=\"forminator-field-textarea-1_69d4946a9f30d-description\" class=\"forminator-description\"><span data-limit=\"300\" data-type=\"words\" data-editor=\"\">0 \/ 300<\/span><\/span><\/div><\/div><\/div><div class=\"forminator-row\"><\/div><input type=\"hidden\" name=\"referer_url\" value=\"\" \/><div class=\"forminator-row forminator-row-last\"><div class=\"forminator-col\"><div class=\"forminator-field\"><button class=\"forminator-button forminator-button-submit\">Send<\/button><\/div><\/div><\/div><input type=\"hidden\" id=\"forminator_nonce\" name=\"forminator_nonce\" value=\"0b51ba8eba\" \/><input type=\"hidden\" name=\"_wp_http_referer\" value=\"\/pt-pt\/wp-json\/wp\/v2\/pages\/6616\" \/><input type=\"hidden\" name=\"form_id\" value=\"1365\"><input type=\"hidden\" name=\"page_id\" value=\"6616\"><input type=\"hidden\" name=\"form_type\" value=\"default\"><input type=\"hidden\" name=\"current_url\" value=\"https:\/\/hojichawholesale.eu\/pt-pt\/hojicha-latte-em-po-atacado\/\"><input type=\"hidden\" name=\"render_id\" value=\"0\"><input type=\"hidden\" name=\"action\" value=\"forminator_submit_form_custom-forms\"><label for=\"input_6\" class=\"forminator-hidden\" aria-hidden=\"true\">Please do not fill in this field. <input id=\"input_6\" type=\"text\" name=\"input_6\" value=\"\" autocomplete=\"off\"><\/label><\/form>\n","protected":false},"excerpt":{"rendered":"<p>Hojicha Latte em p\u00f3 (Atacado) Nosso Hojicha Powder Latte \u00e9 feito de p\u00f3 de hojicha, a\u00e7\u00facar de cana e goma de guar para uma bebida perfeitamente equilibrada e deliciosa. Pode ser misturado com leite ou alternativas l\u00e1cteas. Destaques do produto Informa\u00e7\u00e3o por grosso Como se preparar Ideal para Solicite uma amostra hoje Curioso sobre os [&hellip;]<\/p>\n","protected":false},"author":1,"featured_media":7519,"parent":0,"menu_order":0,"comment_status":"closed","ping_status":"closed","template":"","meta":{"_surecart_dashboard_logo_width":"180px","_surecart_dashboard_show_logo":true,"_surecart_dashboard_navigation_orders":true,"_surecart_dashboard_navigation_invoices":true,"_surecart_dashboard_navigation_subscriptions":true,"_surecart_dashboard_navigation_downloads":true,"_surecart_dashboard_navigation_billing":true,"_surecart_dashboard_navigation_account":true,"footnotes":""},"class_list":["post-6616","page","type-page","status-publish","has-post-thumbnail","hentry","entry","has-media"],"mb":[],"mfb_rest_fields":["title","gutenberg_elementor_mode"],"_links":{"self":[{"href":"https:\/\/hojichawholesale.eu\/pt-pt\/wp-json\/wp\/v2\/pages\/6616","targetHints":{"allow":["GET"]}}],"collection":[{"href":"https:\/\/hojichawholesale.eu\/pt-pt\/wp-json\/wp\/v2\/pages"}],"about":[{"href":"https:\/\/hojichawholesale.eu\/pt-pt\/wp-json\/wp\/v2\/types\/page"}],"author":[{"embeddable":true,"href":"https:\/\/hojichawholesale.eu\/pt-pt\/wp-json\/wp\/v2\/users\/1"}],"replies":[{"embeddable":true,"href":"https:\/\/hojichawholesale.eu\/pt-pt\/wp-json\/wp\/v2\/comments?post=6616"}],"version-history":[{"count":0,"href":"https:\/\/hojichawholesale.eu\/pt-pt\/wp-json\/wp\/v2\/pages\/6616\/revisions"}],"wp:featuredmedia":[{"embeddable":true,"href":"https:\/\/hojichawholesale.eu\/pt-pt\/wp-json\/wp\/v2\/media\/7519"}],"wp:attachment":[{"href":"https:\/\/hojichawholesale.eu\/pt-pt\/wp-json\/wp\/v2\/media?parent=6616"}],"curies":[{"name":"wp","href":"https:\/\/api.w.org\/{rel}","templated":true}]}}