{"id":6607,"date":"2024-10-12T07:56:00","date_gmt":"2024-10-12T07:56:00","guid":{"rendered":"https:\/\/hojichawholesale.eu\/hojicha-para-cafes\/"},"modified":"2024-10-13T19:34:33","modified_gmt":"2024-10-13T19:34:33","slug":"hojicha-para-cafes","status":"publish","type":"page","link":"https:\/\/hojichawholesale.eu\/pt-pt\/hojicha-para-cafes\/","title":{"rendered":"Hojicha para caf\u00e9s"},"content":{"rendered":"\n<h1 class=\"wp-block-heading\">Hojicha para caf\u00e9s<\/h1>\n\n<p>Hojicha, um ch\u00e1 verde japon\u00eas torrado, \u00e9 a adi\u00e7\u00e3o perfeita ao seu menu de bebidas. N\u00e3o s\u00f3 proporciona um sabor distinto, mas tamb\u00e9m explora a tend\u00eancia crescente de bebidas de alta qualidade, saud\u00e1veis e artesanais. <\/p>\n\n<p>\u00c9 por isso que introduzir o hojicha no seu caf\u00e9 ir\u00e1 ajud\u00e1-lo a destacar-se dos seus concorrentes e a atender a um novo segmento de clientes.  <\/p>\n\n<h2 class=\"wp-block-heading\">1. <strong>Sabor \u00fanico<\/strong><\/h2>\n\n<p>O Hojicha destaca-se de outros ch\u00e1s verdes gra\u00e7as ao seu processo de torrefa\u00e7\u00e3o, que lhe confere um aroma profundo e fumado e um sabor naturalmente doce a frutos secos.  <\/p>\n\n<p>Seu sabor suave e tostado \u00e9 menos adstringente do que os ch\u00e1s verdes t\u00edpicos, tornando-o atraente para um p\u00fablico mais amplo, incluindo aqueles que n\u00e3o necessariamente gostam de matcha. Seu sabor saud\u00e1vel e quente combina perfeitamente com uma variedade de alimentos de caf\u00e9, como doces e sandu\u00edches. <\/p>\n\n<p>Tamb\u00e9m parece muito bom!<\/p>\n<div class=\"wp-block-image\">\n<figure class=\"aligncenter size-full is-resized\"><img fetchpriority=\"high\" decoding=\"async\" width=\"1000\" height=\"667\" src=\"https:\/\/hojichawholesale.eu\/wp-content\/uploads\/2024\/10\/Depositphotos_505518166_S.avif\" alt=\"\" class=\"wp-image-5447\" style=\"width:464px;height:auto\" srcset=\"https:\/\/hojichawholesale.eu\/wp-content\/uploads\/2024\/10\/Depositphotos_505518166_S.avif 1000w, https:\/\/hojichawholesale.eu\/wp-content\/uploads\/2024\/10\/Depositphotos_505518166_S-300x200.avif 300w, https:\/\/hojichawholesale.eu\/wp-content\/uploads\/2024\/10\/Depositphotos_505518166_S-768x512.avif 768w\" sizes=\"(max-width: 1000px) 100vw, 1000px\" \/><figcaption class=\"wp-element-caption\"><a href=\"https:\/\/depositphotos.com\/photo\/glass-cup-tasty-dalgona-hojicha-latte-table-505518166.html\" data-type=\"link\" data-id=\"https:\/\/depositphotos.com\/photo\/glass-cup-tasty-dalgona-hojicha-latte-table-505518166.html\" target=\"_blank\" rel=\"noopener\">Fonte.<\/a><\/figcaption><\/figure>\n<\/div>\n<h2 class=\"wp-block-heading\">2. <strong>Alternativa com baixo teor de cafe\u00edna<\/strong><\/h2>\n\n<p>Ao contr\u00e1rio de muitos outros ch\u00e1s e caf\u00e9s, o hojicha \u00e9 pobre em cafe\u00edna, tornando-se uma \u00f3tima escolha para todos a qualquer hora do dia. Os japoneses tradicionalmente o consomem \u00e0 noite ap\u00f3s uma refei\u00e7\u00e3o, mas pode ser apreciado a qualquer hora do dia.   <\/p>\n\n<p>Oferecer hojicha ajuda voc\u00ea a atender a um p\u00fablico mais amplo, incluindo indiv\u00edduos preocupados com a sa\u00fade, mulheres gr\u00e1vidas, fam\u00edlias e aqueles que procuram uma op\u00e7\u00e3o de bebida relaxante. \u00c9 verdadeiramente universal. <\/p>\n\n<h2 class=\"wp-block-heading\">3. <strong>Aplica\u00e7\u00f5es de menu vers\u00e1teis<\/strong><\/h2>\n\n<p>Hojicha pode ser servido quente ou frio, infundido (em folhas) ou dissolvido (em p\u00f3), em lattes, lattes gelados, ou em alimentos como sorvetes e doces com sabor de hojicha. Isto permite-lhe criar especialidades sazonais e bebidas exclusivas que distinguem o seu caf\u00e9 da concorr\u00eancia. <\/p>\n<div class=\"wp-block-image\">\n<figure class=\"aligncenter size-full is-resized\"><img decoding=\"async\" width=\"1000\" height=\"704\" src=\"https:\/\/hojichawholesale.eu\/wp-content\/uploads\/2024\/10\/Depositphotos_505676462_S.avif\" alt=\"\" class=\"wp-image-5452\" style=\"width:553px;height:auto\" srcset=\"https:\/\/hojichawholesale.eu\/wp-content\/uploads\/2024\/10\/Depositphotos_505676462_S.avif 1000w, https:\/\/hojichawholesale.eu\/wp-content\/uploads\/2024\/10\/Depositphotos_505676462_S-300x211.avif 300w, https:\/\/hojichawholesale.eu\/wp-content\/uploads\/2024\/10\/Depositphotos_505676462_S-768x541.avif 768w\" sizes=\"(max-width: 1000px) 100vw, 1000px\" \/><\/figure>\n<\/div>\n<h2 class=\"wp-block-heading\">4. <strong>Apela a clientes preocupados com a sa\u00fade<\/strong><\/h2>\n\n<p>Hojicha \u00e9 uma bebida saud\u00e1vel, rica em antioxidantes com in\u00fameros benef\u00edcios para a sa\u00fade. \u00c9 conhecido por ajudar a digest\u00e3o, reduzir o stress, e aumentar o bem-estar devido ao seu menor teor de cafe\u00edna e n\u00edveis mais elevados de L-teanina. L-theanine \u00e9 um antioxidante que promove o relaxamento sem sonol\u00eancia.    <\/p>\n\n<p>Isso torna o hojicha uma adi\u00e7\u00e3o perfeita ao menu do seu caf\u00e9, especialmente \u00e0 medida que mais clientes procuram op\u00e7\u00f5es mais saud\u00e1veis.<\/p>\n\n<h2 class=\"wp-block-heading\">5. <strong>Alinha-se com a crescente popularidade do ch\u00e1 japon\u00eas<\/strong><\/h2>\n\n<p>Os ch\u00e1s japoneses est\u00e3o ganhando popularidade globalmente, e o hojicha n\u00e3o \u00e9 exce\u00e7\u00e3o. Ao oferecer hojicha, seu caf\u00e9 pode aproveitar essa tend\u00eancia e atrair entusiastas do ch\u00e1 que est\u00e3o ansiosos para experimentar ch\u00e1s japoneses aut\u00eanticos e de alta qualidade. Ele adiciona um toque artesanal e cultural ao seu menu que atrai os clientes que procuram novos sabores internacionais.  <\/p>\n\n<figure class=\"wp-block-image size-large\"><img decoding=\"async\" width=\"1024\" height=\"544\" src=\"https:\/\/hojichawholesale.eu\/wp-content\/uploads\/2024\/10\/hojicha-trends-1024x544.avif\" alt=\"\" class=\"wp-image-5444\" srcset=\"https:\/\/hojichawholesale.eu\/wp-content\/uploads\/2024\/10\/hojicha-trends-1024x544.avif 1024w, https:\/\/hojichawholesale.eu\/wp-content\/uploads\/2024\/10\/hojicha-trends-300x159.avif 300w, https:\/\/hojichawholesale.eu\/wp-content\/uploads\/2024\/10\/hojicha-trends-768x408.avif 768w, https:\/\/hojichawholesale.eu\/wp-content\/uploads\/2024\/10\/hojicha-trends-1536x816.avif 1536w, https:\/\/hojichawholesale.eu\/wp-content\/uploads\/2024\/10\/hojicha-trends.avif 1892w\" sizes=\"(max-width: 1024px) 100vw, 1024px\" \/><\/figure>\n\n<figure class=\"wp-block-image size-large\"><img loading=\"lazy\" decoding=\"async\" width=\"1024\" height=\"412\" src=\"https:\/\/hojichawholesale.eu\/wp-content\/uploads\/2024\/10\/hojicha-trends-countries-1024x412.avif\" alt=\"\" class=\"wp-image-5459\" srcset=\"https:\/\/hojichawholesale.eu\/wp-content\/uploads\/2024\/10\/hojicha-trends-countries-1024x412.avif 1024w, https:\/\/hojichawholesale.eu\/wp-content\/uploads\/2024\/10\/hojicha-trends-countries-300x121.avif 300w, https:\/\/hojichawholesale.eu\/wp-content\/uploads\/2024\/10\/hojicha-trends-countries-768x309.avif 768w, https:\/\/hojichawholesale.eu\/wp-content\/uploads\/2024\/10\/hojicha-trends-countries-1536x618.avif 1536w, https:\/\/hojichawholesale.eu\/wp-content\/uploads\/2024\/10\/hojicha-trends-countries.avif 1873w\" sizes=\"(max-width: 1024px) 100vw, 1024px\" \/><\/figure>\n\n<h2 class=\"wp-block-heading\">6. <strong>Eco-Friendly e Sustent\u00e1vel<\/strong><\/h2>\n\n<p>Nosso hojicha \u00e9 proveniente de fazendas de ch\u00e1 sustent\u00e1veis no Jap\u00e3o, onde as t\u00e9cnicas tradicionais de torrefa\u00e7\u00e3o s\u00e3o transmitidas atrav\u00e9s de gera\u00e7\u00f5es.  <\/p>\n\n<p>Oferecer hojicha mostra o compromisso do seu caf\u00e9 com pr\u00e1ticas ecol\u00f3gicas e sustentabilidade, que est\u00e1 se tornando cada vez mais importante para os consumidores. Voc\u00ea pode destacar esse aspeto em seu marketing para atrair clientes ecologicamente conscientes. <\/p>\n\n<h2 class=\"wp-block-heading\">7. <strong>Aumenta a est\u00e9tica do seu caf\u00e9<\/strong><\/h2>\n\n<p>Al\u00e9m do seu \u00f3timo sabor, o hojicha tamb\u00e9m oferece apelo est\u00e9tico.  <\/p>\n\n<p>A sua cor rica em castanho-\u00e2mbar e a sua apresenta\u00e7\u00e3o minimalista podem facilmente complementar o estilo visual do seu caf\u00e9, quer o sirva em vidros modernos ou em conjuntos de ch\u00e1 tradicionais japoneses. Seu apelo visual o torna digno do Instagram, ajudando a gerar buzz e atrair mais clientes atrav\u00e9s das m\u00eddias sociais. <\/p>\n<div class=\"wp-block-image\">\n<figure class=\"aligncenter size-full is-resized\"><img loading=\"lazy\" decoding=\"async\" width=\"1000\" height=\"668\" src=\"https:\/\/hojichawholesale.eu\/wp-content\/uploads\/2024\/10\/Depositphotos_466456178_S-1.avif\" alt=\"\" class=\"wp-image-5450\" style=\"width:504px;height:auto\" srcset=\"https:\/\/hojichawholesale.eu\/wp-content\/uploads\/2024\/10\/Depositphotos_466456178_S-1.avif 1000w, https:\/\/hojichawholesale.eu\/wp-content\/uploads\/2024\/10\/Depositphotos_466456178_S-1-300x200.avif 300w, https:\/\/hojichawholesale.eu\/wp-content\/uploads\/2024\/10\/Depositphotos_466456178_S-1-768x513.avif 768w\" sizes=\"(max-width: 1000px) 100vw, 1000px\" \/><figcaption class=\"wp-element-caption\">Bolo Hojicha.  <\/figcaption><\/figure>\n<\/div>\n<h2 class=\"wp-block-heading\">8. <strong>F\u00e1cil de integrar<\/strong><\/h2>\n\n<p>Incorporar hojicha no menu do seu caf\u00e9 \u00e9 simples.  <\/p>\n\n<p>Requer uma prepara\u00e7\u00e3o m\u00ednima e pode ser feito com equipamento de caf\u00e9 padr\u00e3o, quer esteja a preparar uma ch\u00e1vena de ch\u00e1 tradicional ou a elaborar um caf\u00e9 com leite hojicha.  <\/p>\n\n<p>N\u00f3s fornecemos op\u00e7\u00f5es de atacado sob medida para as necessidades dos caf\u00e9s, garantindo que voc\u00ea tenha hojicha de alta qualidade que \u00e9 f\u00e1cil de armazenar e usar em v\u00e1rias receitas.<\/p>\n\n<h2 class=\"wp-block-heading\">9. F\u00e1cil de comercializar<\/h2>\n\n<p>A natureza do produto oferece uma ampla gama de \u00e2ngulos para usar em seu marketing, desde uma bebida japonesa sofisticada at\u00e9 uma bebida que promove a sa\u00fade.<\/p>\n\n<p>O seu baixo custo de produ\u00e7\u00e3o d\u00e1-lhe controlo total sobre as suas margens de lucro.<\/p>\n\n<p>Ao oferecer hojicha, voc\u00ea n\u00e3o est\u00e1 apenas adicionando outra bebida ao seu menu, voc\u00ea est\u00e1 proporcionando aos seus clientes uma experi\u00eancia \u00fanica.  <\/p>\n\n<p>\u00c9 um ch\u00e1 que agrada tanto \u00e0 multid\u00e3o preocupada com a sa\u00fade como a quem procura algo novo.<\/p>\n\n<h2 class=\"wp-block-heading\">Solicite uma amostra<\/h2>\n\n<p>Curioso sobre os sabores ricos e assados da nossa hojicha premium?  <\/p>\n\n<p>Basta preencher os seus dados abaixo e enviar-lhe-emos uma amostra. Informe-nos se tiver pedidos espec\u00edficos e teremos todo o gosto em personalizar a nossa oferta de acordo com as necessidades do seu neg\u00f3cio. <\/p>\n<div class=\"forminator-ui forminator-custom-form forminator-custom-form-1365 forminator-design--flat  forminator_ajax\" data-forminator-render=\"0\" data-form=\"forminator-module-1365\" data-uid=\"69d453058579f\"><br\/><\/div><form\n\t\t\t\tid=\"forminator-module-1365\"\n\t\t\t\tclass=\"forminator-ui forminator-custom-form forminator-custom-form-1365 forminator-design--flat  forminator_ajax\"\n\t\t\t\tmethod=\"post\"\n\t\t\t\tdata-forminator-render=\"0\"\n\t\t\t\tdata-form-id=\"1365\"\n\t\t\t\t data-color-option=\"default\" data-design=\"flat\" data-grid=\"open\" style=\"display: none;\"\n\t\t\t\tdata-uid=\"69d453058579f\"\n\t\t\t><div role=\"alert\" aria-live=\"polite\" class=\"forminator-response-message forminator-error\" aria-hidden=\"true\"><\/div><div class=\"forminator-row\"><div id=\"name-1\" class=\"forminator-field-name forminator-col forminator-col-6 \"><div class=\"forminator-field\"><input type=\"text\" name=\"name-1\" value=\"\" placeholder=\"First Name\" id=\"forminator-field-name-1_69d453058579f\" class=\"forminator-input forminator-name--field\" aria-required=\"true\" autocomplete=\"name\" \/><\/div><\/div><div id=\"name-2\" class=\"forminator-field-name forminator-col forminator-col-6 \"><div class=\"forminator-field\"><input type=\"text\" name=\"name-2\" value=\"\" placeholder=\"Last Name\" id=\"forminator-field-name-2_69d453058579f\" class=\"forminator-input forminator-name--field\" aria-required=\"true\" autocomplete=\"name\" \/><\/div><\/div><\/div><div class=\"forminator-row\"><div id=\"email-1\" class=\"forminator-field-email forminator-col forminator-col-12 \"><div class=\"forminator-field\"><input type=\"email\" name=\"email-1\" value=\"\" placeholder=\"Email\" id=\"forminator-field-email-1_69d453058579f\" class=\"forminator-input forminator-email--field\" data-required=\"true\" aria-required=\"true\" autocomplete=\"email\" \/><\/div><\/div><\/div><div class=\"forminator-row\"><div id=\"phone-1\" class=\"forminator-field-phone forminator-col forminator-col-12 \"><div class=\"forminator-field\"><input type=\"text\" name=\"phone-1\" value=\"\" placeholder=\"Phone\" id=\"forminator-field-phone-1_69d453058579f\" class=\"forminator-input forminator-field--phone\" data-required=\"\" aria-required=\"false\" autocomplete=\"off\" \/><\/div><\/div><\/div><div class=\"forminator-row\"><div id=\"textarea-1\" class=\"forminator-field-textarea forminator-col forminator-col-12 \"><div class=\"forminator-field\"><textarea name=\"textarea-1\" placeholder=\"Message\" id=\"forminator-field-textarea-1_69d453058579f\" class=\"forminator-textarea\" rows=\"6\" style=\"min-height:140px;\" ><\/textarea><span id=\"forminator-field-textarea-1_69d453058579f-description\" class=\"forminator-description\"><span data-limit=\"300\" data-type=\"words\" data-editor=\"\">0 \/ 300<\/span><\/span><\/div><\/div><\/div><div class=\"forminator-row\"><\/div><input type=\"hidden\" name=\"referer_url\" value=\"\" \/><div class=\"forminator-row forminator-row-last\"><div class=\"forminator-col\"><div class=\"forminator-field\"><button class=\"forminator-button forminator-button-submit\">Send<\/button><\/div><\/div><\/div><input type=\"hidden\" id=\"forminator_nonce\" name=\"forminator_nonce\" value=\"0b51ba8eba\" \/><input type=\"hidden\" name=\"_wp_http_referer\" value=\"\/pt-pt\/wp-json\/wp\/v2\/pages\/6607\" \/><input type=\"hidden\" name=\"form_id\" value=\"1365\"><input type=\"hidden\" name=\"page_id\" value=\"6607\"><input type=\"hidden\" name=\"form_type\" value=\"default\"><input type=\"hidden\" name=\"current_url\" value=\"https:\/\/hojichawholesale.eu\/pt-pt\/hojicha-para-cafes\/\"><input type=\"hidden\" name=\"render_id\" value=\"0\"><input type=\"hidden\" name=\"action\" value=\"forminator_submit_form_custom-forms\"><label for=\"input_6\" class=\"forminator-hidden\" aria-hidden=\"true\">Please do not fill in this field. <input id=\"input_6\" type=\"text\" name=\"input_6\" value=\"\" autocomplete=\"off\"><\/label><\/form>\n\n<p><\/p>\n","protected":false},"excerpt":{"rendered":"<p>Hojicha para caf\u00e9s Hojicha, um ch\u00e1 verde japon\u00eas torrado, \u00e9 a adi\u00e7\u00e3o perfeita ao seu menu de bebidas. N\u00e3o s\u00f3 proporciona um sabor distinto, mas tamb\u00e9m explora a tend\u00eancia crescente de bebidas de alta qualidade, saud\u00e1veis e artesanais. \u00c9 por isso que introduzir o hojicha no seu caf\u00e9 ir\u00e1 ajud\u00e1-lo a destacar-se dos seus concorrentes [&hellip;]<\/p>\n","protected":false},"author":1,"featured_media":6613,"parent":0,"menu_order":0,"comment_status":"closed","ping_status":"closed","template":"","meta":{"_surecart_dashboard_logo_width":"180px","_surecart_dashboard_show_logo":true,"_surecart_dashboard_navigation_orders":true,"_surecart_dashboard_navigation_invoices":true,"_surecart_dashboard_navigation_subscriptions":true,"_surecart_dashboard_navigation_downloads":true,"_surecart_dashboard_navigation_billing":true,"_surecart_dashboard_navigation_account":true,"footnotes":""},"class_list":["post-6607","page","type-page","status-publish","has-post-thumbnail","hentry","entry","has-media"],"mb":[],"mfb_rest_fields":["title","gutenberg_elementor_mode"],"_links":{"self":[{"href":"https:\/\/hojichawholesale.eu\/pt-pt\/wp-json\/wp\/v2\/pages\/6607","targetHints":{"allow":["GET"]}}],"collection":[{"href":"https:\/\/hojichawholesale.eu\/pt-pt\/wp-json\/wp\/v2\/pages"}],"about":[{"href":"https:\/\/hojichawholesale.eu\/pt-pt\/wp-json\/wp\/v2\/types\/page"}],"author":[{"embeddable":true,"href":"https:\/\/hojichawholesale.eu\/pt-pt\/wp-json\/wp\/v2\/users\/1"}],"replies":[{"embeddable":true,"href":"https:\/\/hojichawholesale.eu\/pt-pt\/wp-json\/wp\/v2\/comments?post=6607"}],"version-history":[{"count":0,"href":"https:\/\/hojichawholesale.eu\/pt-pt\/wp-json\/wp\/v2\/pages\/6607\/revisions"}],"wp:featuredmedia":[{"embeddable":true,"href":"https:\/\/hojichawholesale.eu\/pt-pt\/wp-json\/wp\/v2\/media\/6613"}],"wp:attachment":[{"href":"https:\/\/hojichawholesale.eu\/pt-pt\/wp-json\/wp\/v2\/media?parent=6607"}],"curies":[{"name":"wp","href":"https:\/\/api.w.org\/{rel}","templated":true}]}}