{"id":6603,"date":"2024-10-12T09:58:42","date_gmt":"2024-10-12T09:58:42","guid":{"rendered":"https:\/\/hojichawholesale.eu\/hojicha-para-hoteis-e-restaurantes\/"},"modified":"2024-10-13T19:34:33","modified_gmt":"2024-10-13T19:34:33","slug":"hojicha-para-hoteis-e-restaurantes","status":"publish","type":"page","link":"https:\/\/hojichawholesale.eu\/pt-pt\/hojicha-para-hoteis-e-restaurantes\/","title":{"rendered":"Hojicha para hot\u00e9is e restaurantes"},"content":{"rendered":"\n<h1 class=\"wp-block-heading\">Hojicha para Hot\u00e9is e Restaurantes<\/h1>\n\n<p>Hojicha \u00e9 o moderno ch\u00e1 japon\u00eas da moda. Como o matcha, est\u00e1 dispon\u00edvel em p\u00f3, perfeito para lattes, sobremesas e assados. Mas, ao contr\u00e1rio do matcha, tamb\u00e9m est\u00e1 dispon\u00edvel em folhas soltas, permitindo uma infus\u00e3o f\u00e1cil em \u00e1gua quente.    <\/p>\n\n<p>A Hojicha est\u00e1 fortemente associada \u00e0 sa\u00fade, sofistica\u00e7\u00e3o e alta qualidade, impactando positivamente a sua marca e estilo e ajudando os seus clientes a sentirem-se sofisticados.  <\/p>\n\n<p>Al\u00e9m disso, oferece margens de lucro elevadas devido \u00e0 sua perce\u00e7\u00e3o de pr\u00e9mio e baixos custos de produ\u00e7\u00e3o.<\/p>\n\n<p>Veja por que o hojicha \u00e9 o complemento perfeito para a sele\u00e7\u00e3o de bebidas do seu hotel ou restaurante.<\/p>\n\n<h2 class=\"wp-block-heading\">1. Sabor \u00fanico e assado<\/h2>\n\n<p>Hojicha oferece um sabor profundo e assado com notas de caramelo, nozes e um suave fumo. Seu sabor suave e naturalmente doce atrai uma ampla gama de pessoas, tornando-o uma op\u00e7\u00e3o mais universalmente acess\u00edvel do que o matcha. <\/p>\n\n<h2 class=\"wp-block-heading\">2. Baixa cafe\u00edna e relaxante<\/h2>\n\n<p>Assado a altas temperaturas, o hojicha tem um teor m\u00ednimo de cafe\u00edna, tornando-se uma op\u00e7\u00e3o ideal para h\u00f3spedes que procuram relaxamento a qualquer hora do dia. Este perfil de baixa cafe\u00edna atende aqueles que s\u00e3o sens\u00edveis \u00e0 cafe\u00edna, aumentando o apelo do seu menu. <\/p>\n<div class=\"wp-block-image\">\n<figure class=\"aligncenter size-large is-resized\"><img fetchpriority=\"high\" decoding=\"async\" width=\"1024\" height=\"684\" src=\"https:\/\/hojichawholesale.eu\/wp-content\/uploads\/2024\/10\/Depositphotos_500113964_L-1024x684.avif\" alt=\"\" class=\"wp-image-5326\" style=\"width:509px;height:auto\" srcset=\"https:\/\/hojichawholesale.eu\/wp-content\/uploads\/2024\/10\/Depositphotos_500113964_L-1024x684.avif 1024w, https:\/\/hojichawholesale.eu\/wp-content\/uploads\/2024\/10\/Depositphotos_500113964_L-300x200.avif 300w, https:\/\/hojichawholesale.eu\/wp-content\/uploads\/2024\/10\/Depositphotos_500113964_L-768x513.avif 768w, https:\/\/hojichawholesale.eu\/wp-content\/uploads\/2024\/10\/Depositphotos_500113964_L.avif 1200w\" sizes=\"(max-width: 1024px) 100vw, 1024px\" \/><\/figure>\n<\/div>\n<h2 class=\"wp-block-heading\">3. Escolha consciente da sa\u00fade<\/h2>\n\n<p>\u00c0 medida que os clientes priorizam cada vez mais a sa\u00fade, o hojicha oferece uma riqueza de benef\u00edcios. \u00c9 rico em antioxidantes, ajuda na digest\u00e3o, reduz o stress e promove o relaxamento. Seu baixo teor de cafe\u00edna tamb\u00e9m o torna adequado para todas as idades, atraindo h\u00f3spedes preocupados com a sa\u00fade, fam\u00edlias e viajantes a neg\u00f3cios.  <\/p>\n\n<h2 class=\"wp-block-heading\">4. Op\u00e7\u00f5es de Por\u00e7\u00e3o Vers\u00e1teis<\/h2>\n\n<p>Hojicha \u00e9 um ingrediente flex\u00edvel, seja servido quente ou gelado, ou incorporado em lattes, coquet\u00e9is ou sobremesas. A sua versatilidade permite uma criatividade infinita nos seus menus de bebidas e sobremesas, adicionando um toque \u00fanico \u00e0s suas ofertas. <\/p>\n<div class=\"wp-block-image\">\n<figure class=\"aligncenter size-large is-resized\"><img decoding=\"async\" width=\"1024\" height=\"683\" src=\"https:\/\/hojichawholesale.eu\/wp-content\/uploads\/2024\/10\/Depositphotos_507526862_L-1024x683.avif\" alt=\"\" class=\"wp-image-5332\" style=\"width:605px;height:auto\" srcset=\"https:\/\/hojichawholesale.eu\/wp-content\/uploads\/2024\/10\/Depositphotos_507526862_L-1024x683.avif 1024w, https:\/\/hojichawholesale.eu\/wp-content\/uploads\/2024\/10\/Depositphotos_507526862_L-300x200.avif 300w, https:\/\/hojichawholesale.eu\/wp-content\/uploads\/2024\/10\/Depositphotos_507526862_L-768x512.avif 768w, https:\/\/hojichawholesale.eu\/wp-content\/uploads\/2024\/10\/Depositphotos_507526862_L.avif 1200w\" sizes=\"(max-width: 1024px) 100vw, 1024px\" \/><figcaption class=\"wp-element-caption\">Placa com ch\u00e1 verde hojicha seco e x\u00edcara de bebida quente no fundo da cor<\/figcaption><\/figure>\n<\/div>\n<h2 class=\"wp-block-heading\">5. Uma tend\u00eancia crescente<\/h2>\n\n<p>Com o matcha agora mainstream, Hojicha est\u00e1 pronto para ser a pr\u00f3xima grande tend\u00eancia em ch\u00e1s japoneses, particularmente na Europa. Oferecer hojicha permite que seu estabelecimento se destaque com uma op\u00e7\u00e3o premium e exclusiva que impressionar\u00e1 os h\u00f3spedes e melhorar\u00e1 sua posi\u00e7\u00e3o.   <\/p>\n\n<figure class=\"wp-block-image size-large\"><img decoding=\"async\" width=\"1024\" height=\"544\" src=\"https:\/\/hojichawholesale.eu\/wp-content\/uploads\/2024\/10\/hojicha-trends-1-1024x544.avif\" alt=\"\" class=\"wp-image-5519\" srcset=\"https:\/\/hojichawholesale.eu\/wp-content\/uploads\/2024\/10\/hojicha-trends-1-1024x544.avif 1024w, https:\/\/hojichawholesale.eu\/wp-content\/uploads\/2024\/10\/hojicha-trends-1-300x159.avif 300w, https:\/\/hojichawholesale.eu\/wp-content\/uploads\/2024\/10\/hojicha-trends-1-768x408.avif 768w, https:\/\/hojichawholesale.eu\/wp-content\/uploads\/2024\/10\/hojicha-trends-1-1536x816.avif 1536w, https:\/\/hojichawholesale.eu\/wp-content\/uploads\/2024\/10\/hojicha-trends-1.avif 1892w\" sizes=\"(max-width: 1024px) 100vw, 1024px\" \/><\/figure>\n\n<figure class=\"wp-block-image size-large\"><img loading=\"lazy\" decoding=\"async\" width=\"1024\" height=\"412\" src=\"https:\/\/hojichawholesale.eu\/wp-content\/uploads\/2024\/10\/hojicha-trends-countries-1024x412.avif\" alt=\"\" class=\"wp-image-5459\" srcset=\"https:\/\/hojichawholesale.eu\/wp-content\/uploads\/2024\/10\/hojicha-trends-countries-1024x412.avif 1024w, https:\/\/hojichawholesale.eu\/wp-content\/uploads\/2024\/10\/hojicha-trends-countries-300x121.avif 300w, https:\/\/hojichawholesale.eu\/wp-content\/uploads\/2024\/10\/hojicha-trends-countries-768x309.avif 768w, https:\/\/hojichawholesale.eu\/wp-content\/uploads\/2024\/10\/hojicha-trends-countries-1536x618.avif 1536w, https:\/\/hojichawholesale.eu\/wp-content\/uploads\/2024\/10\/hojicha-trends-countries.avif 1873w\" sizes=\"(max-width: 1024px) 100vw, 1024px\" \/><\/figure>\n\n<h2 class=\"wp-block-heading\">6. F\u00e1cil de comercializar<\/h2>\n\n<p>A natureza do produto oferece uma ampla gama de \u00e2ngulos para usar em seu marketing, desde uma bebida japonesa sofisticada at\u00e9 uma bebida que promove a sa\u00fade.<\/p>\n\n<p>O seu baixo custo de produ\u00e7\u00e3o d\u00e1-lhe controlo total sobre as suas margens de lucro.<\/p>\n\n<h2 class=\"wp-block-heading\">Solicite uma amostra<\/h2>\n\n<p>Curioso sobre os sabores ricos e assados da nossa hojicha premium?  <\/p>\n\n<p>Basta preencher os seus dados abaixo e enviar-lhe-emos uma amostra. Informe-nos se tiver pedidos espec\u00edficos e teremos todo o gosto em personalizar a nossa oferta de acordo com as necessidades do seu neg\u00f3cio. <\/p>\n<div class=\"forminator-ui forminator-custom-form forminator-custom-form-1365 forminator-design--flat  forminator_ajax\" data-forminator-render=\"0\" data-form=\"forminator-module-1365\" data-uid=\"69d442e92183e\"><br\/><\/div><form\n\t\t\t\tid=\"forminator-module-1365\"\n\t\t\t\tclass=\"forminator-ui forminator-custom-form forminator-custom-form-1365 forminator-design--flat  forminator_ajax\"\n\t\t\t\tmethod=\"post\"\n\t\t\t\tdata-forminator-render=\"0\"\n\t\t\t\tdata-form-id=\"1365\"\n\t\t\t\t data-color-option=\"default\" data-design=\"flat\" data-grid=\"open\" style=\"display: none;\"\n\t\t\t\tdata-uid=\"69d442e92183e\"\n\t\t\t><div role=\"alert\" aria-live=\"polite\" class=\"forminator-response-message forminator-error\" aria-hidden=\"true\"><\/div><div class=\"forminator-row\"><div id=\"name-1\" class=\"forminator-field-name forminator-col forminator-col-6 \"><div class=\"forminator-field\"><input type=\"text\" name=\"name-1\" value=\"\" placeholder=\"First Name\" id=\"forminator-field-name-1_69d442e92183e\" class=\"forminator-input forminator-name--field\" aria-required=\"true\" autocomplete=\"name\" \/><\/div><\/div><div id=\"name-2\" class=\"forminator-field-name forminator-col forminator-col-6 \"><div class=\"forminator-field\"><input type=\"text\" name=\"name-2\" value=\"\" placeholder=\"Last Name\" id=\"forminator-field-name-2_69d442e92183e\" class=\"forminator-input forminator-name--field\" aria-required=\"true\" autocomplete=\"name\" \/><\/div><\/div><\/div><div class=\"forminator-row\"><div id=\"email-1\" class=\"forminator-field-email forminator-col forminator-col-12 \"><div class=\"forminator-field\"><input type=\"email\" name=\"email-1\" value=\"\" placeholder=\"Email\" id=\"forminator-field-email-1_69d442e92183e\" class=\"forminator-input forminator-email--field\" data-required=\"true\" aria-required=\"true\" autocomplete=\"email\" \/><\/div><\/div><\/div><div class=\"forminator-row\"><div id=\"phone-1\" class=\"forminator-field-phone forminator-col forminator-col-12 \"><div class=\"forminator-field\"><input type=\"text\" name=\"phone-1\" value=\"\" placeholder=\"Phone\" id=\"forminator-field-phone-1_69d442e92183e\" class=\"forminator-input forminator-field--phone\" data-required=\"\" aria-required=\"false\" autocomplete=\"off\" \/><\/div><\/div><\/div><div class=\"forminator-row\"><div id=\"textarea-1\" class=\"forminator-field-textarea forminator-col forminator-col-12 \"><div class=\"forminator-field\"><textarea name=\"textarea-1\" placeholder=\"Message\" id=\"forminator-field-textarea-1_69d442e92183e\" class=\"forminator-textarea\" rows=\"6\" style=\"min-height:140px;\" ><\/textarea><span id=\"forminator-field-textarea-1_69d442e92183e-description\" class=\"forminator-description\"><span data-limit=\"300\" data-type=\"words\" data-editor=\"\">0 \/ 300<\/span><\/span><\/div><\/div><\/div><div class=\"forminator-row\"><\/div><input type=\"hidden\" name=\"referer_url\" value=\"\" \/><div class=\"forminator-row forminator-row-last\"><div class=\"forminator-col\"><div class=\"forminator-field\"><button class=\"forminator-button forminator-button-submit\">Send<\/button><\/div><\/div><\/div><input type=\"hidden\" id=\"forminator_nonce\" name=\"forminator_nonce\" value=\"8ad7e0b691\" \/><input type=\"hidden\" name=\"_wp_http_referer\" value=\"\/pt-pt\/wp-json\/wp\/v2\/pages\/6603\" \/><input type=\"hidden\" name=\"form_id\" value=\"1365\"><input type=\"hidden\" name=\"page_id\" value=\"6603\"><input type=\"hidden\" name=\"form_type\" value=\"default\"><input type=\"hidden\" name=\"current_url\" value=\"https:\/\/hojichawholesale.eu\/pt-pt\/hojicha-para-hoteis-e-restaurantes\/\"><input type=\"hidden\" name=\"render_id\" value=\"0\"><input type=\"hidden\" name=\"action\" value=\"forminator_submit_form_custom-forms\"><label for=\"input_6\" class=\"forminator-hidden\" aria-hidden=\"true\">Please do not fill in this field. <input id=\"input_6\" type=\"text\" name=\"input_6\" value=\"\" autocomplete=\"off\"><\/label><\/form>\n\n<p><\/p>\n","protected":false},"excerpt":{"rendered":"<p>Hojicha para Hot\u00e9is e Restaurantes Hojicha \u00e9 o moderno ch\u00e1 japon\u00eas da moda. Como o matcha, est\u00e1 dispon\u00edvel em p\u00f3, perfeito para lattes, sobremesas e assados. Mas, ao contr\u00e1rio do matcha, tamb\u00e9m est\u00e1 dispon\u00edvel em folhas soltas, permitindo uma infus\u00e3o f\u00e1cil em \u00e1gua quente. A Hojicha est\u00e1 fortemente associada \u00e0 sa\u00fade, sofistica\u00e7\u00e3o e alta qualidade, [&hellip;]<\/p>\n","protected":false},"author":1,"featured_media":6605,"parent":0,"menu_order":0,"comment_status":"closed","ping_status":"closed","template":"","meta":{"_surecart_dashboard_logo_width":"180px","_surecart_dashboard_show_logo":true,"_surecart_dashboard_navigation_orders":true,"_surecart_dashboard_navigation_invoices":true,"_surecart_dashboard_navigation_subscriptions":true,"_surecart_dashboard_navigation_downloads":true,"_surecart_dashboard_navigation_billing":true,"_surecart_dashboard_navigation_account":true,"footnotes":""},"class_list":["post-6603","page","type-page","status-publish","has-post-thumbnail","hentry","entry","has-media"],"mb":[],"mfb_rest_fields":["title","gutenberg_elementor_mode"],"_links":{"self":[{"href":"https:\/\/hojichawholesale.eu\/pt-pt\/wp-json\/wp\/v2\/pages\/6603","targetHints":{"allow":["GET"]}}],"collection":[{"href":"https:\/\/hojichawholesale.eu\/pt-pt\/wp-json\/wp\/v2\/pages"}],"about":[{"href":"https:\/\/hojichawholesale.eu\/pt-pt\/wp-json\/wp\/v2\/types\/page"}],"author":[{"embeddable":true,"href":"https:\/\/hojichawholesale.eu\/pt-pt\/wp-json\/wp\/v2\/users\/1"}],"replies":[{"embeddable":true,"href":"https:\/\/hojichawholesale.eu\/pt-pt\/wp-json\/wp\/v2\/comments?post=6603"}],"version-history":[{"count":0,"href":"https:\/\/hojichawholesale.eu\/pt-pt\/wp-json\/wp\/v2\/pages\/6603\/revisions"}],"wp:featuredmedia":[{"embeddable":true,"href":"https:\/\/hojichawholesale.eu\/pt-pt\/wp-json\/wp\/v2\/media\/6605"}],"wp:attachment":[{"href":"https:\/\/hojichawholesale.eu\/pt-pt\/wp-json\/wp\/v2\/media?parent=6603"}],"curies":[{"name":"wp","href":"https:\/\/api.w.org\/{rel}","templated":true}]}}