{"id":6598,"date":"2024-08-24T19:47:32","date_gmt":"2024-08-24T19:47:32","guid":{"rendered":"https:\/\/hojichawholesale.eu\/sobre-hojicha-wholesale\/"},"modified":"2026-03-06T16:46:53","modified_gmt":"2026-03-06T16:46:53","slug":"sobre-hojicha-wholesale","status":"publish","type":"page","link":"https:\/\/hojichawholesale.eu\/pt-pt\/sobre-hojicha-wholesale\/","title":{"rendered":"Sobre Hojicha Wholesale"},"content":{"rendered":"\n<h1 class=\"wp-block-heading\">Sobre Hojicha Wholesale<\/h1>\n\n<p>A Hojicha Wholesale \u00e9 uma grossista europeia dedicada ao hojicha japon\u00eas.<\/p>\n\n<p>A nossa miss\u00e3o \u00e9 fornecer ch\u00e1 hojicha premium a marcas e empresas da ind\u00fastria HORECA. Importamos volumes grossistas de hojicha premium dos nossos fornecedores de confian\u00e7a no Jap\u00e3o e redistribu\u00edmo-los por todo o continente europeu para restaurantes, hot\u00e9is, caf\u00e9s e casas de ch\u00e1 independentes. <\/p>\n\n<p>Oferecemos-lhe tr\u00eas garantias:<\/p>\n\n<ol class=\"wp-block-list\">\n<li><strong>Baixo MOQ:<\/strong> quer seja uma empresa estabelecida com necessidades de centenas de sacos ou um pequeno caf\u00e9 independente que est\u00e1 apenas a come\u00e7ar, a Hojicha Wholesale adapta-se \u00e0s suas necessidades com a mesma qualidade de servi\u00e7o de n\u00edvel empresarial.  <\/li>\n\n\n\n<li><strong>Capacidade de resposta e servi\u00e7o<\/strong>: enviamos rapidamente e oferecemos uma ampla gama de m\u00e9todos de envio.  <\/li>\n\n\n\n<li><strong>Apoio ao cliente amig\u00e1vel: <\/strong>estamos dispon\u00edveis 365 dias por ano.  <\/li>\n<\/ol>\n\n<h2 class=\"wp-block-heading\"><strong>Os Nossos Produtos<\/strong><\/h2>\n\n<p>Oferecemos uma sele\u00e7\u00e3o cuidadosamente selecionada de variedades de hojicha, cada uma proveniente diretamente dos melhores produtores de ch\u00e1.  <\/p>\n\n<p>Encontre os nossos produtos diretamente no <a href=\"https:\/\/hojichawholesale.eu\/pt-pt\/comprar-surecart\/\" data-type=\"link\" data-id=\"https:\/\/hojichawholesale.eu\/shop\/\">nosso cat\u00e1logo<\/a>.<\/p>\n\n<h2 class=\"wp-block-heading\"><strong>Porqu\u00ea escolher-nos?<\/strong><\/h2>\n\n<ul class=\"wp-block-list\">\n<li><strong>Qualidade em primeiro lugar:<\/strong> N\u00f3s entregamos hojicha da mais alta qualidade. Cada lote \u00e9 rigorosamente testado para garantir consist\u00eancia e sabor. <\/li>\n\n\n\n<li><strong>Sourcing Direto:<\/strong> Trabalhamos em estreita colabora\u00e7\u00e3o com os nossos fornecedores para lhe trazer hojicha que reflete o sabor aut\u00eantico do Jap\u00e3o.<\/li>\n\n\n\n<li><strong>Solu\u00e7\u00f5es \u00e0 Medida:<\/strong> Quer tenha um pequeno caf\u00e9 ou uma grande cadeia hoteleira, oferecemos solu\u00e7\u00f5es personalizadas para satisfazer as suas necessidades espec\u00edficas.  <\/li>\n\n\n\n<li><strong>Distribui\u00e7\u00e3o confi\u00e1vel:<\/strong> Estamos idealmente posicionados para servir clientes em todo o continente europeu. A nossa log\u00edstica garante entregas atempadas, para que nunca fique sem stock. <\/li>\n<\/ul>\n\n<h2 class=\"wp-block-heading\">Onde estamos sediados?<\/h2>\n\n<p>Estamos sediados na B\u00e9lgica.<\/p>\n\n<h2 class=\"wp-block-heading\">Qual \u00e9 a sua hist\u00f3ria?<\/h2>\n\n<p>Hojicha Wholesale come\u00e7ou quando Aure, o fundador, lutou para encontrar um fornecedor confi\u00e1vel de hojicha para sua loja de ch\u00e1 <a href=\"https:\/\/senchatea.be\/\" target=\"_blank\" rel=\"noopener\">de varejo senchatea.be<\/a>.<\/p>\n\n<p>Hojicha \u00e9 uma das tend\u00eancias mais importantes na ind\u00fastria japonesa do ch\u00e1. Queremos tornar este ch\u00e1 fant\u00e1stico e vers\u00e1til rapidamente acess\u00edvel aos caf\u00e9s, hot\u00e9is, restaurantes e lojas de ch\u00e1 em toda a Europa sem que tenham de encomendar grandes quantidades.   <\/p>\n\n<h2 class=\"wp-block-heading\">Solicite uma amostra<\/h2>\n\n<p>Curioso sobre os sabores ricos e assados da nossa hojicha premium?  <\/p>\n\n<p>Basta preencher os seus dados abaixo e enviar-lhe-emos uma amostra. Informe-nos se tiver pedidos espec\u00edficos e teremos todo o gosto em personalizar a nossa oferta de acordo com as necessidades do seu neg\u00f3cio. <\/p>\n<div class=\"forminator-ui forminator-custom-form forminator-custom-form-1365 forminator-design--flat  forminator_ajax\" data-forminator-render=\"0\" data-form=\"forminator-module-1365\" data-uid=\"69dcd1056e482\"><br\/><\/div><form\n\t\t\t\tid=\"forminator-module-1365\"\n\t\t\t\tclass=\"forminator-ui forminator-custom-form forminator-custom-form-1365 forminator-design--flat  forminator_ajax\"\n\t\t\t\tmethod=\"post\"\n\t\t\t\tdata-forminator-render=\"0\"\n\t\t\t\tdata-form-id=\"1365\"\n\t\t\t\t data-color-option=\"default\" data-design=\"flat\" data-grid=\"open\" style=\"display: none;\"\n\t\t\t\tdata-uid=\"69dcd1056e482\"\n\t\t\t><div role=\"alert\" aria-live=\"polite\" class=\"forminator-response-message forminator-error\" aria-hidden=\"true\"><\/div><div class=\"forminator-row\"><div id=\"name-1\" class=\"forminator-field-name forminator-col forminator-col-6 \"><div class=\"forminator-field\"><input type=\"text\" name=\"name-1\" value=\"\" placeholder=\"First Name\" id=\"forminator-field-name-1_69dcd1056e482\" class=\"forminator-input forminator-name--field\" aria-required=\"true\" autocomplete=\"name\" \/><\/div><\/div><div id=\"name-2\" class=\"forminator-field-name forminator-col forminator-col-6 \"><div class=\"forminator-field\"><input type=\"text\" name=\"name-2\" value=\"\" placeholder=\"Last Name\" id=\"forminator-field-name-2_69dcd1056e482\" class=\"forminator-input forminator-name--field\" aria-required=\"true\" autocomplete=\"name\" \/><\/div><\/div><\/div><div class=\"forminator-row\"><div id=\"email-1\" class=\"forminator-field-email forminator-col forminator-col-12 \"><div class=\"forminator-field\"><input type=\"email\" name=\"email-1\" value=\"\" placeholder=\"Email\" id=\"forminator-field-email-1_69dcd1056e482\" class=\"forminator-input forminator-email--field\" data-required=\"true\" aria-required=\"true\" autocomplete=\"email\" \/><\/div><\/div><\/div><div class=\"forminator-row\"><div id=\"phone-1\" class=\"forminator-field-phone forminator-col forminator-col-12 \"><div class=\"forminator-field\"><input type=\"text\" name=\"phone-1\" value=\"\" placeholder=\"Phone\" id=\"forminator-field-phone-1_69dcd1056e482\" class=\"forminator-input forminator-field--phone\" data-required=\"\" aria-required=\"false\" autocomplete=\"off\" \/><\/div><\/div><\/div><div class=\"forminator-row\"><div id=\"textarea-1\" class=\"forminator-field-textarea forminator-col forminator-col-12 \"><div class=\"forminator-field\"><textarea name=\"textarea-1\" placeholder=\"Message\" id=\"forminator-field-textarea-1_69dcd1056e482\" class=\"forminator-textarea\" rows=\"6\" style=\"min-height:140px;\" ><\/textarea><span id=\"forminator-field-textarea-1_69dcd1056e482-description\" class=\"forminator-description\"><span data-limit=\"300\" data-type=\"words\" data-editor=\"\">0 \/ 300<\/span><\/span><\/div><\/div><\/div><div class=\"forminator-row\"><\/div><input type=\"hidden\" name=\"referer_url\" value=\"\" \/><div class=\"forminator-row forminator-row-last\"><div class=\"forminator-col\"><div class=\"forminator-field\"><button class=\"forminator-button forminator-button-submit\">Send<\/button><\/div><\/div><\/div><input type=\"hidden\" id=\"forminator_nonce\" name=\"forminator_nonce\" value=\"f2285e15f4\" \/><input type=\"hidden\" name=\"_wp_http_referer\" value=\"\/pt-pt\/wp-json\/wp\/v2\/pages\/6598\" \/><input type=\"hidden\" name=\"form_id\" value=\"1365\"><input type=\"hidden\" name=\"page_id\" value=\"6598\"><input type=\"hidden\" name=\"form_type\" value=\"default\"><input type=\"hidden\" name=\"current_url\" value=\"https:\/\/hojichawholesale.eu\/pt-pt\/sobre-hojicha-wholesale\/\"><input type=\"hidden\" name=\"render_id\" value=\"0\"><input type=\"hidden\" name=\"action\" value=\"forminator_submit_form_custom-forms\"><label for=\"input_6\" class=\"forminator-hidden\" aria-hidden=\"true\">Please do not fill in this field. <input id=\"input_6\" type=\"text\" name=\"input_6\" value=\"\" autocomplete=\"off\"><\/label><\/form>\n\n<p><\/p>\n","protected":false},"excerpt":{"rendered":"<p>Sobre Hojicha Wholesale A Hojicha Wholesale \u00e9 uma grossista europeia dedicada ao hojicha japon\u00eas. A nossa miss\u00e3o \u00e9 fornecer ch\u00e1 hojicha premium a marcas e empresas da ind\u00fastria HORECA. Importamos volumes grossistas de hojicha premium dos nossos fornecedores de confian\u00e7a no Jap\u00e3o e redistribu\u00edmo-los por todo o continente europeu para restaurantes, hot\u00e9is, caf\u00e9s e casas [&hellip;]<\/p>\n","protected":false},"author":1,"featured_media":0,"parent":0,"menu_order":0,"comment_status":"closed","ping_status":"closed","template":"","meta":{"_surecart_dashboard_logo_width":"180px","_surecart_dashboard_show_logo":true,"_surecart_dashboard_navigation_orders":true,"_surecart_dashboard_navigation_invoices":true,"_surecart_dashboard_navigation_subscriptions":true,"_surecart_dashboard_navigation_downloads":true,"_surecart_dashboard_navigation_billing":true,"_surecart_dashboard_navigation_account":true,"footnotes":""},"class_list":["post-6598","page","type-page","status-publish","hentry","entry"],"mb":[],"mfb_rest_fields":["title","gutenberg_elementor_mode"],"_links":{"self":[{"href":"https:\/\/hojichawholesale.eu\/pt-pt\/wp-json\/wp\/v2\/pages\/6598","targetHints":{"allow":["GET"]}}],"collection":[{"href":"https:\/\/hojichawholesale.eu\/pt-pt\/wp-json\/wp\/v2\/pages"}],"about":[{"href":"https:\/\/hojichawholesale.eu\/pt-pt\/wp-json\/wp\/v2\/types\/page"}],"author":[{"embeddable":true,"href":"https:\/\/hojichawholesale.eu\/pt-pt\/wp-json\/wp\/v2\/users\/1"}],"replies":[{"embeddable":true,"href":"https:\/\/hojichawholesale.eu\/pt-pt\/wp-json\/wp\/v2\/comments?post=6598"}],"version-history":[{"count":0,"href":"https:\/\/hojichawholesale.eu\/pt-pt\/wp-json\/wp\/v2\/pages\/6598\/revisions"}],"wp:attachment":[{"href":"https:\/\/hojichawholesale.eu\/pt-pt\/wp-json\/wp\/v2\/media?parent=6598"}],"curies":[{"name":"wp","href":"https:\/\/api.w.org\/{rel}","templated":true}]}}