{"id":7756,"date":"2025-10-25T14:39:58","date_gmt":"2025-10-25T14:39:58","guid":{"rendered":"https:\/\/hojichawholesale.eu\/uslugi\/"},"modified":"2025-11-28T17:53:16","modified_gmt":"2025-11-28T17:53:16","slug":"uslugi","status":"publish","type":"page","link":"https:\/\/hojichawholesale.eu\/pl\/uslugi\/","title":{"rendered":"Us\u0142ugi"},"content":{"rendered":"\n<h1 class=\"wp-block-heading\">Us\u0142ugi<\/h1>\n\n<p>Potrzebujesz rozwi\u0105zania typu white-label lub private label?  <\/p>\n\n<p>Hojicha mo\u017cemy zapakowa\u0107 w puszki lub doypacki (stoj\u0105ce woreczki) i naklei\u0107 na nie etykiety.  <\/p>\n\n<p>Mo\u017cemy r\u00f3wnie\u017c przepakowa\u0107 du\u017ce worki hojicha luzem do mniejszych doypack\u00f3w po 50 g lub 100 g.  <\/p>\n\n<p>Skontaktuj si\u0119 z nami, aby uzyska\u0107 wi\u0119cej informacji.<\/p>\n<div class=\"wp-block-image\">\n<figure class=\"aligncenter size-full is-resized\"><img fetchpriority=\"high\" decoding=\"async\" width=\"1000\" height=\"1000\" src=\"https:\/\/hojichawholesale.eu\/wp-content\/uploads\/2025\/10\/white-label.webp\" alt=\"\" class=\"wp-image-9158\" style=\"width:548px;height:auto\" srcset=\"https:\/\/hojichawholesale.eu\/wp-content\/uploads\/2025\/10\/white-label.webp 1000w, https:\/\/hojichawholesale.eu\/wp-content\/uploads\/2025\/10\/white-label-300x300.webp 300w, https:\/\/hojichawholesale.eu\/wp-content\/uploads\/2025\/10\/white-label-150x150.webp 150w, https:\/\/hojichawholesale.eu\/wp-content\/uploads\/2025\/10\/white-label-768x768.webp 768w, https:\/\/hojichawholesale.eu\/wp-content\/uploads\/2025\/10\/white-label-600x600.webp 600w\" sizes=\"(max-width: 1000px) 100vw, 1000px\" \/><\/figure>\n<\/div><div class=\"forminator-ui forminator-custom-form forminator-custom-form-1365 forminator-design--flat  forminator_ajax\" data-forminator-render=\"0\" data-form=\"forminator-module-1365\" data-uid=\"69e0be8fc0b14\"><br\/><\/div><form\n\t\t\t\tid=\"forminator-module-1365\"\n\t\t\t\tclass=\"forminator-ui forminator-custom-form forminator-custom-form-1365 forminator-design--flat  forminator_ajax\"\n\t\t\t\tmethod=\"post\"\n\t\t\t\tdata-forminator-render=\"0\"\n\t\t\t\tdata-form-id=\"1365\"\n\t\t\t\t data-color-option=\"default\" data-design=\"flat\" data-grid=\"open\" style=\"display: none;\"\n\t\t\t\tdata-uid=\"69e0be8fc0b14\"\n\t\t\t><div role=\"alert\" aria-live=\"polite\" class=\"forminator-response-message forminator-error\" aria-hidden=\"true\"><\/div><div class=\"forminator-row\"><div id=\"name-1\" class=\"forminator-field-name forminator-col forminator-col-6 \"><div class=\"forminator-field\"><input type=\"text\" name=\"name-1\" value=\"\" placeholder=\"First Name\" id=\"forminator-field-name-1_69e0be8fc0b14\" class=\"forminator-input forminator-name--field\" aria-required=\"true\" autocomplete=\"name\" \/><\/div><\/div><div id=\"name-2\" class=\"forminator-field-name forminator-col forminator-col-6 \"><div class=\"forminator-field\"><input type=\"text\" name=\"name-2\" value=\"\" placeholder=\"Last Name\" id=\"forminator-field-name-2_69e0be8fc0b14\" class=\"forminator-input forminator-name--field\" aria-required=\"true\" autocomplete=\"name\" \/><\/div><\/div><\/div><div class=\"forminator-row\"><div id=\"email-1\" class=\"forminator-field-email forminator-col forminator-col-12 \"><div class=\"forminator-field\"><input type=\"email\" name=\"email-1\" value=\"\" placeholder=\"Email\" id=\"forminator-field-email-1_69e0be8fc0b14\" class=\"forminator-input forminator-email--field\" data-required=\"true\" aria-required=\"true\" autocomplete=\"email\" \/><\/div><\/div><\/div><div class=\"forminator-row\"><div id=\"phone-1\" class=\"forminator-field-phone forminator-col forminator-col-12 \"><div class=\"forminator-field\"><input type=\"text\" name=\"phone-1\" value=\"\" placeholder=\"Phone\" id=\"forminator-field-phone-1_69e0be8fc0b14\" class=\"forminator-input forminator-field--phone\" data-required=\"\" aria-required=\"false\" autocomplete=\"off\" \/><\/div><\/div><\/div><div class=\"forminator-row\"><div id=\"textarea-1\" class=\"forminator-field-textarea forminator-col forminator-col-12 \"><div class=\"forminator-field\"><textarea name=\"textarea-1\" placeholder=\"Message\" id=\"forminator-field-textarea-1_69e0be8fc0b14\" class=\"forminator-textarea\" rows=\"6\" style=\"min-height:140px;\" ><\/textarea><span id=\"forminator-field-textarea-1_69e0be8fc0b14-description\" class=\"forminator-description\"><span data-limit=\"300\" data-type=\"words\" data-editor=\"\">0 \/ 300<\/span><\/span><\/div><\/div><\/div><div class=\"forminator-row\"><\/div><input type=\"hidden\" name=\"referer_url\" value=\"\" \/><div class=\"forminator-row forminator-row-last\"><div class=\"forminator-col\"><div class=\"forminator-field\"><button class=\"forminator-button forminator-button-submit\">Send<\/button><\/div><\/div><\/div><input type=\"hidden\" id=\"forminator_nonce\" name=\"forminator_nonce\" value=\"1a36a6bb8c\" \/><input type=\"hidden\" name=\"_wp_http_referer\" value=\"\/pl\/wp-json\/wp\/v2\/pages\/7756\" \/><input type=\"hidden\" name=\"form_id\" value=\"1365\"><input type=\"hidden\" name=\"page_id\" value=\"7756\"><input type=\"hidden\" name=\"form_type\" value=\"default\"><input type=\"hidden\" name=\"current_url\" value=\"https:\/\/hojichawholesale.eu\/pl\/uslugi\/\"><input type=\"hidden\" name=\"render_id\" value=\"0\"><input type=\"hidden\" name=\"action\" value=\"forminator_submit_form_custom-forms\"><label for=\"input_6\" class=\"forminator-hidden\" aria-hidden=\"true\">Prosz\u0119 nie wype\u0142nia\u0107 tego pola. <input id=\"input_6\" type=\"text\" name=\"input_6\" value=\"\" autocomplete=\"off\"><\/label><\/form>\n","protected":false},"excerpt":{"rendered":"<p>Us\u0142ugi Potrzebujesz rozwi\u0105zania typu white-label lub private label? Hojicha mo\u017cemy zapakowa\u0107 w puszki lub doypacki (stoj\u0105ce woreczki) i naklei\u0107 na nie etykiety. Mo\u017cemy r\u00f3wnie\u017c przepakowa\u0107 du\u017ce worki hojicha luzem do mniejszych doypack\u00f3w po 50 g lub 100 g. Skontaktuj si\u0119 z nami, aby uzyska\u0107 wi\u0119cej informacji.<\/p>\n","protected":false},"author":1,"featured_media":0,"parent":0,"menu_order":0,"comment_status":"closed","ping_status":"closed","template":"","meta":{"_surecart_dashboard_logo_width":"180px","_surecart_dashboard_show_logo":true,"_surecart_dashboard_navigation_orders":true,"_surecart_dashboard_navigation_invoices":true,"_surecart_dashboard_navigation_subscriptions":true,"_surecart_dashboard_navigation_downloads":true,"_surecart_dashboard_navigation_billing":true,"_surecart_dashboard_navigation_account":true,"footnotes":""},"class_list":["post-7756","page","type-page","status-publish","hentry","entry"],"mb":[],"mfb_rest_fields":["title","gutenberg_elementor_mode"],"_links":{"self":[{"href":"https:\/\/hojichawholesale.eu\/pl\/wp-json\/wp\/v2\/pages\/7756","targetHints":{"allow":["GET"]}}],"collection":[{"href":"https:\/\/hojichawholesale.eu\/pl\/wp-json\/wp\/v2\/pages"}],"about":[{"href":"https:\/\/hojichawholesale.eu\/pl\/wp-json\/wp\/v2\/types\/page"}],"author":[{"embeddable":true,"href":"https:\/\/hojichawholesale.eu\/pl\/wp-json\/wp\/v2\/users\/1"}],"replies":[{"embeddable":true,"href":"https:\/\/hojichawholesale.eu\/pl\/wp-json\/wp\/v2\/comments?post=7756"}],"version-history":[{"count":0,"href":"https:\/\/hojichawholesale.eu\/pl\/wp-json\/wp\/v2\/pages\/7756\/revisions"}],"wp:attachment":[{"href":"https:\/\/hojichawholesale.eu\/pl\/wp-json\/wp\/v2\/media?parent=7756"}],"curies":[{"name":"wp","href":"https:\/\/api.w.org\/{rel}","templated":true}]}}