{"id":7735,"date":"2025-10-25T14:36:25","date_gmt":"2025-10-25T14:36:25","guid":{"rendered":"https:\/\/hojichawholesale.eu\/produktow\/"},"modified":"2025-10-29T08:35:34","modified_gmt":"2025-10-29T08:35:34","slug":"produktow","status":"publish","type":"page","link":"https:\/\/hojichawholesale.eu\/pl\/produktow\/","title":{"rendered":"Produkt\u00f3w"},"content":{"rendered":"\n<h1 class=\"wp-block-heading\">Produkt\u00f3w<\/h1>\n\n<p>Oferujemy szereg produkt\u00f3w, w tym:<\/p>\n\n<ul class=\"wp-block-list\">\n<li><a href=\"https:\/\/hojichawholesale.eu\/pl\/hojicha-srednia-pieczen-hurtownia\/\" data-type=\"link\" data-id=\"https:\/\/hojichawholesale.eu\/hojicha-medium-roast-wholesale\/\">Hojicha \u015brednio pieczona<\/a><\/li>\n\n\n\n<li><a href=\"https:\/\/hojichawholesale.eu\/pl\/hojicha-ciemna-pieczen-hurtownia\/\" data-type=\"link\" data-id=\"https:\/\/hojichawholesale.eu\/hojicha-dark-roast-wholesale\/\">Hojicha ciemna piecze\u0144<\/a><\/li>\n\n\n\n<li><a href=\"https:\/\/hojichawholesale.eu\/pl\/hojicha-powder-latte-hurtowo\/\" data-type=\"link\" data-id=\"https:\/\/hojichawholesale.eu\/hojicha-powder-latte-wholesale\/\">Hojicha latte<\/a> (\u015brednia piecze\u0144 hojicha zmieszana z cukrem do zaparzenia z mlekiem)<\/li>\n\n\n\n<li><a href=\"https:\/\/hojichawholesale.eu\/pl\/hojicha-w-proszku-hurtowo\/\" data-type=\"link\" data-id=\"https:\/\/hojichawholesale.eu\/hojicha-leaves-wholesale\/\">Hojicha w li\u015bciach<\/a><\/li>\n\n\n\n<li>Chi\u0144ska hojicha do zastosowa\u0144 przemys\u0142owych<\/li>\n<\/ul>\n\n<p>Sprzedajemy te proszki luzem lub w ma\u0142ych opakowaniach typu doypack (50 g i 100 g). Istnieje r\u00f3wnie\u017c mo\u017cliwo\u015b\u0107 otrzymania ich w puszkach, podobnie jak matcha.   <\/p>\n\n<p>MOQ dla ka\u017cdej z tych herbat wynosi 1 kg. Maksymalna obj\u0119to\u015b\u0107, jak\u0105 mo\u017cemy dostarczy\u0107 za jednym razem, to 500 kg.   <\/p>\n\n<p>Skontaktuj si\u0119 z nami, aby uzyska\u0107 pr\u00f3bki i wi\u0119cej informacji.  <\/p>\n<div class=\"forminator-ui forminator-custom-form forminator-custom-form-1365 forminator-design--flat  forminator_ajax\" data-forminator-render=\"0\" data-form=\"forminator-module-1365\" data-uid=\"69df3a5796835\"><br\/><\/div><form\n\t\t\t\tid=\"forminator-module-1365\"\n\t\t\t\tclass=\"forminator-ui forminator-custom-form forminator-custom-form-1365 forminator-design--flat  forminator_ajax\"\n\t\t\t\tmethod=\"post\"\n\t\t\t\tdata-forminator-render=\"0\"\n\t\t\t\tdata-form-id=\"1365\"\n\t\t\t\t data-color-option=\"default\" data-design=\"flat\" data-grid=\"open\" style=\"display: none;\"\n\t\t\t\tdata-uid=\"69df3a5796835\"\n\t\t\t><div role=\"alert\" aria-live=\"polite\" class=\"forminator-response-message forminator-error\" aria-hidden=\"true\"><\/div><div class=\"forminator-row\"><div id=\"name-1\" class=\"forminator-field-name forminator-col forminator-col-6 \"><div class=\"forminator-field\"><input type=\"text\" name=\"name-1\" value=\"\" placeholder=\"First Name\" id=\"forminator-field-name-1_69df3a5796835\" class=\"forminator-input forminator-name--field\" aria-required=\"true\" autocomplete=\"name\" \/><\/div><\/div><div id=\"name-2\" class=\"forminator-field-name forminator-col forminator-col-6 \"><div class=\"forminator-field\"><input type=\"text\" name=\"name-2\" value=\"\" placeholder=\"Last Name\" id=\"forminator-field-name-2_69df3a5796835\" class=\"forminator-input forminator-name--field\" aria-required=\"true\" autocomplete=\"name\" \/><\/div><\/div><\/div><div class=\"forminator-row\"><div id=\"email-1\" class=\"forminator-field-email forminator-col forminator-col-12 \"><div class=\"forminator-field\"><input type=\"email\" name=\"email-1\" value=\"\" placeholder=\"Email\" id=\"forminator-field-email-1_69df3a5796835\" class=\"forminator-input forminator-email--field\" data-required=\"true\" aria-required=\"true\" autocomplete=\"email\" \/><\/div><\/div><\/div><div class=\"forminator-row\"><div id=\"phone-1\" class=\"forminator-field-phone forminator-col forminator-col-12 \"><div class=\"forminator-field\"><input type=\"text\" name=\"phone-1\" value=\"\" placeholder=\"Phone\" id=\"forminator-field-phone-1_69df3a5796835\" class=\"forminator-input forminator-field--phone\" data-required=\"\" aria-required=\"false\" autocomplete=\"off\" \/><\/div><\/div><\/div><div class=\"forminator-row\"><div id=\"textarea-1\" class=\"forminator-field-textarea forminator-col forminator-col-12 \"><div class=\"forminator-field\"><textarea name=\"textarea-1\" placeholder=\"Message\" id=\"forminator-field-textarea-1_69df3a5796835\" class=\"forminator-textarea\" rows=\"6\" style=\"min-height:140px;\" ><\/textarea><span id=\"forminator-field-textarea-1_69df3a5796835-description\" class=\"forminator-description\"><span data-limit=\"300\" data-type=\"words\" data-editor=\"\">0 \/ 300<\/span><\/span><\/div><\/div><\/div><div class=\"forminator-row\"><\/div><input type=\"hidden\" name=\"referer_url\" value=\"\" \/><div class=\"forminator-row forminator-row-last\"><div class=\"forminator-col\"><div class=\"forminator-field\"><button class=\"forminator-button forminator-button-submit\">Send<\/button><\/div><\/div><\/div><input type=\"hidden\" id=\"forminator_nonce\" name=\"forminator_nonce\" value=\"b293d4058b\" \/><input type=\"hidden\" name=\"_wp_http_referer\" value=\"\/pl\/wp-json\/wp\/v2\/pages\/7735\" \/><input type=\"hidden\" name=\"form_id\" value=\"1365\"><input type=\"hidden\" name=\"page_id\" value=\"7735\"><input type=\"hidden\" name=\"form_type\" value=\"default\"><input type=\"hidden\" name=\"current_url\" value=\"https:\/\/hojichawholesale.eu\/pl\/produktow\/\"><input type=\"hidden\" name=\"render_id\" value=\"0\"><input type=\"hidden\" name=\"action\" value=\"forminator_submit_form_custom-forms\"><label for=\"input_6\" class=\"forminator-hidden\" aria-hidden=\"true\">Prosz\u0119 nie wype\u0142nia\u0107 tego pola. <input id=\"input_6\" type=\"text\" name=\"input_6\" value=\"\" autocomplete=\"off\"><\/label><\/form>\n","protected":false},"excerpt":{"rendered":"<p>Produkt\u00f3w Oferujemy szereg produkt\u00f3w, w tym: Sprzedajemy te proszki luzem lub w ma\u0142ych opakowaniach typu doypack (50 g i 100 g). Istnieje r\u00f3wnie\u017c mo\u017cliwo\u015b\u0107 otrzymania ich w puszkach, podobnie jak matcha. MOQ dla ka\u017cdej z tych herbat wynosi 1 kg. Maksymalna obj\u0119to\u015b\u0107, jak\u0105 mo\u017cemy dostarczy\u0107 za jednym razem, to 500 kg. Skontaktuj si\u0119 z nami, [&hellip;]<\/p>\n","protected":false},"author":1,"featured_media":0,"parent":0,"menu_order":0,"comment_status":"closed","ping_status":"closed","template":"","meta":{"_surecart_dashboard_logo_width":"180px","_surecart_dashboard_show_logo":true,"_surecart_dashboard_navigation_orders":true,"_surecart_dashboard_navigation_invoices":true,"_surecart_dashboard_navigation_subscriptions":true,"_surecart_dashboard_navigation_downloads":true,"_surecart_dashboard_navigation_billing":true,"_surecart_dashboard_navigation_account":true,"footnotes":""},"class_list":["post-7735","page","type-page","status-publish","hentry","entry"],"mb":[],"mfb_rest_fields":["title","gutenberg_elementor_mode"],"_links":{"self":[{"href":"https:\/\/hojichawholesale.eu\/pl\/wp-json\/wp\/v2\/pages\/7735","targetHints":{"allow":["GET"]}}],"collection":[{"href":"https:\/\/hojichawholesale.eu\/pl\/wp-json\/wp\/v2\/pages"}],"about":[{"href":"https:\/\/hojichawholesale.eu\/pl\/wp-json\/wp\/v2\/types\/page"}],"author":[{"embeddable":true,"href":"https:\/\/hojichawholesale.eu\/pl\/wp-json\/wp\/v2\/users\/1"}],"replies":[{"embeddable":true,"href":"https:\/\/hojichawholesale.eu\/pl\/wp-json\/wp\/v2\/comments?post=7735"}],"version-history":[{"count":0,"href":"https:\/\/hojichawholesale.eu\/pl\/wp-json\/wp\/v2\/pages\/7735\/revisions"}],"wp:attachment":[{"href":"https:\/\/hojichawholesale.eu\/pl\/wp-json\/wp\/v2\/media?parent=7735"}],"curies":[{"name":"wp","href":"https:\/\/api.w.org\/{rel}","templated":true}]}}