{"id":7378,"date":"2024-12-11T21:40:39","date_gmt":"2024-12-11T21:40:39","guid":{"rendered":"https:\/\/hojichawholesale.eu\/biala-etykieta-hojicha\/"},"modified":"2026-04-13T14:40:01","modified_gmt":"2026-04-13T14:40:01","slug":"biala-etykieta-hojicha","status":"publish","type":"page","link":"https:\/\/hojichawholesale.eu\/pl\/biala-etykieta-hojicha\/","title":{"rendered":"Bia\u0142a etykieta Hojicha"},"content":{"rendered":"\n<h1 class=\"wp-block-heading\">Bia\u0142a etykieta Hojicha<\/h1>\n\n<p>Gotowy, by uruchomi\u0107 w\u0142asn\u0105 mark\u0119 herbaty lub poszerzy\u0107 swoj\u0105 lini\u0119 produkt\u00f3w? Oferujemy <a href=\"https:\/\/doypacked.eu\/\" target=\"_blank\" rel=\"noopener\">kompleksowy zestaw produkcyjny<\/a> , kt\u00f3ry przekszta\u0142ci Tw\u00f3j produkt od surowca do arcydzie\u0142a gotowego na p\u00f3\u0142k\u0119, wyposa\u017conego w ka\u017cdy etap drogi Twojej marki: <\/p>\n\n<h3 class=\"wp-block-heading\">1. Eksperckie \u017ar\u00f3d\u0142a<\/h3>\n\n<p>\u0141\u0105czymy japo\u0144skie plantacje herbaty z waszym biznesem. Pozyskujemy wysokiej jako\u015bci, autentyczne li\u015bcie i proszki hojicha bezpo\u015brednio z Japonii, zapewniaj\u0105c klientom jednolity smak i wysok\u0105 jako\u015b\u0107. <\/p>\n\n<h3 class=\"wp-block-heading\">2. Przepis na zam\u00f3wienie i mieszanie proszku<\/h3>\n\n<p>Masz unikaln\u0105 wizj\u0119? Mo\u017cemy stworzy\u0107 indywidualne mieszanki dopasowane do Twojej marki. Niezale\u017cnie od tego, czy chcesz miesza\u0107 hojich\u0119 z funkcjonalnymi sk\u0142adnikami, smakami czy s\u0142odzikami, mo\u017cemy dok\u0142adnie zblendowa\u0107 dowolny przepis, kt\u00f3rego potrzebujesz.  <\/p>\n\n<h3 class=\"wp-block-heading\">3. Profesjonalne opakowania i etykietowanie<\/h3>\n\n<p>Oferujemy elastyczne opcje opakowa\u0144, dopasowane do estetyki Twojej marki:<\/p>\n\n<ul class=\"wp-block-list\">\n<li><strong>Doypacks:<\/strong> Nowoczesne, stoj\u0105ce sakiewki dost\u0119pne z <strong>wysokiej jako\u015bciowym drukiem na zam\u00f3wienie<\/strong> lub <strong>naklejaniem etykiet<\/strong>.<\/li>\n\n\n\n<li><strong>Puszki:<\/strong> Premium, trwa\u0142e metalowe puszki dla luksusowego klimatu, wyko\u0144czone profesjonalnym etykietowaniem dla czystego, profesjonalnego wygl\u0105du.<\/li>\n<\/ul>\n\n<h3 class=\"wp-block-heading\">4. Zachowanie \u015bwie\u017co\u015bci (p\u0142ukanie azotem)<\/h3>\n\n<p>Aby Hojicha smakowa\u0142a \u015bwie\u017co jak w dniu pra\u017cenia, oferujemy <strong>p\u0142ukanie azotem<\/strong>. Zast\u0119puj\u0105c tlen azotem spo\u017cywczym podczas procesu zamykania, znacznie wyd\u0142u\u017camy okres przydatno\u015bci do spo\u017cycia i zachowujemy delikatny aromat oraz \u017cywy smak herbaty. <\/p>\n\n<h2 class=\"wp-block-heading\"><strong>Dlaczego warto oznaczy\u0107 swoj\u0105 Hojich\u0119 bia\u0142\u0105 etykiet\u0105?<\/strong><\/h2>\n\n<ul class=\"wp-block-list\">\n<li><strong>Skup si\u0119 na rozwoju:<\/strong> Deleguj nam pozyskiwanie i produkcj\u0119, aby\u015b m\u00f3g\u0142 ca\u0142kowicie skupi\u0107 si\u0119 na marketingu i sprzeda\u017cy. Zajmujemy si\u0119 logistyk\u0105; Budujesz mark\u0119. <\/li>\n\n\n\n<li><strong>Ca\u0142kowita kontrola tw\u00f3rcza:<\/strong> Od konkretnego profilu palenia proszku po ko\u0144cow\u0105 estetyk\u0119 opakowania \u2013 realizujemy Twoj\u0105 wizj\u0119 w najmniejszym szczeg\u00f3le.<\/li>\n\n\n\n<li><strong>Operacje z Twojego komputera:<\/strong> Niezale\u017cnie od tego, czy celujesz w Amazon FBA, czy du\u017ce supermarkety, zarz\u0105dzamy \u0142a\u0144cuchem dostaw i wysy\u0142amy bezpo\u015brednio do wyznaczonych dla Ciebie centr\u00f3w.<\/li>\n\n\n\n<li><strong>Poruszaj si\u0119 po przepisach z \u0142atwo\u015bci\u0105:<\/strong> Zgodno\u015b\u0107 z przepisami \u017cywno\u015bciowymi jest skomplikowana i kosztowna. Uniknij problem\u00f3w regulacyjnych, korzystaj\u0105c z naszych certyfikowanych, usprawnionych proces\u00f3w. <\/li>\n<\/ul>\n\n<p><strong>Przewaga pe\u0142nej us\u0142ugi<\/strong>: Wi\u0119kszo\u015b\u0107 hurtowni herbaty zatrzymuje si\u0119 przy worku 1kg. To zmusza marki do znalezienia drugiego co-packera, co wyd\u0142u\u017ca czas realizacji i niszczy mar\u017ce zysku. Jeste\u015bmy inni: zajmujemy si\u0119 wszystkim \u2013 od hurtowego zaopatrzenia po gotowe do sprzeda\u017cy puszki 50g czy doypacki.  <\/p>\n\n<h2 class=\"wp-block-heading\"><strong>Proces White Label: krok po kroku<\/strong><\/h2>\n\n<ol class=\"wp-block-list\">\n<li><strong>Wybierz swoj\u0105 herbat\u0119:<\/strong> Oferujemy szeroki wyb\u00f3r herbat do wyboru.<\/li>\n\n\n\n<li><strong>Wybierz opakowanie:<\/strong> Doypacki lub puszki blaszane, puste lub z nadrukiem, z etykiet\u0105 lub bez, mamy szereg elastycznych opcji, dzi\u0119ki kt\u00f3rym b\u0119dziesz czu\u0142 si\u0119 dobrze ze swoj\u0105 mark\u0105 i produktem.<\/li>\n\n\n\n<li><strong>Zacznij sprzedawa\u0107:<\/strong> Maj\u0105c ju\u017c swoj\u0105 mark\u0119, jeste\u015b gotowy, aby zaprezentowa\u0107 swoim klientom hojicha klasy premium pod mark\u0105 w\u0142asn\u0105, czyni\u0105c j\u0105 wyj\u0105tkow\u0105 dla Ciebie.<\/li>\n<\/ol>\n\n<h2 class=\"wp-block-heading\"><strong>Dlaczego warto wsp\u00f3\u0142pracowa\u0107 z Hojicha Wholesale?<\/strong><\/h2>\n\n<ul class=\"wp-block-list\">\n<li><strong>Fachowe zaopatrzenie:<\/strong> Zbudowali\u015bmy silne partnerstwo z do\u015bwiadczonymi rolnikami i producentami herbaty w Japonii, zapewniaj\u0105c sta\u0142\u0105 jako\u015b\u0107 i dostawy.<\/li>\n\n\n\n<li><strong>\u0141atwa integracja:<\/strong> Nasze rozwi\u0105zania white-label s\u0105 zaprojektowane z my\u015bl\u0105 o prostocie. \u017badnych skomplikowanych proces\u00f3w, po prostu dodaj elementy marki i zacznij sprzedawa\u0107. <\/li>\n\n\n\n<li><strong>Dedykowane wsparcie:<\/strong> Jeste\u015bmy tu, aby pom\u00f3c Ci na ka\u017cdym etapie \u2013 od pierwszych zapyta\u0144 o zam\u00f3wienia po wsparcie posprzeda\u017cowe.<\/li>\n<\/ul>\n\n<h2 class=\"wp-block-heading\"><strong>Gotowy, aby zacz\u0105\u0107?<\/strong><\/h2>\n\n<p>Skontaktuj si\u0119 z nami ju\u017c dzi\u015b, aby poprosi\u0107 o wycen\u0119, dowiedzie\u0107 si\u0119 wi\u0119cej o naszych poziomach cenowych i rozpocz\u0105\u0107 proces white-label. Ch\u0119tnie pomo\u017cemy Ci zacz\u0105\u0107! <\/p>\n<div class=\"forminator-ui forminator-custom-form forminator-custom-form-1365 forminator-design--flat  forminator_ajax\" data-forminator-render=\"0\" data-form=\"forminator-module-1365\" data-uid=\"69de2d20c22ae\"><br\/><\/div><form\n\t\t\t\tid=\"forminator-module-1365\"\n\t\t\t\tclass=\"forminator-ui forminator-custom-form forminator-custom-form-1365 forminator-design--flat  forminator_ajax\"\n\t\t\t\tmethod=\"post\"\n\t\t\t\tdata-forminator-render=\"0\"\n\t\t\t\tdata-form-id=\"1365\"\n\t\t\t\t data-color-option=\"default\" data-design=\"flat\" data-grid=\"open\" style=\"display: none;\"\n\t\t\t\tdata-uid=\"69de2d20c22ae\"\n\t\t\t><div role=\"alert\" aria-live=\"polite\" class=\"forminator-response-message forminator-error\" aria-hidden=\"true\"><\/div><div class=\"forminator-row\"><div id=\"name-1\" class=\"forminator-field-name forminator-col forminator-col-6 \"><div class=\"forminator-field\"><input type=\"text\" name=\"name-1\" value=\"\" placeholder=\"First Name\" id=\"forminator-field-name-1_69de2d20c22ae\" class=\"forminator-input forminator-name--field\" aria-required=\"true\" autocomplete=\"name\" \/><\/div><\/div><div id=\"name-2\" class=\"forminator-field-name forminator-col forminator-col-6 \"><div class=\"forminator-field\"><input type=\"text\" name=\"name-2\" value=\"\" placeholder=\"Last Name\" id=\"forminator-field-name-2_69de2d20c22ae\" class=\"forminator-input forminator-name--field\" aria-required=\"true\" autocomplete=\"name\" \/><\/div><\/div><\/div><div class=\"forminator-row\"><div id=\"email-1\" class=\"forminator-field-email forminator-col forminator-col-12 \"><div class=\"forminator-field\"><input type=\"email\" name=\"email-1\" value=\"\" placeholder=\"Email\" id=\"forminator-field-email-1_69de2d20c22ae\" class=\"forminator-input forminator-email--field\" data-required=\"true\" aria-required=\"true\" autocomplete=\"email\" \/><\/div><\/div><\/div><div class=\"forminator-row\"><div id=\"phone-1\" class=\"forminator-field-phone forminator-col forminator-col-12 \"><div class=\"forminator-field\"><input type=\"text\" name=\"phone-1\" value=\"\" placeholder=\"Phone\" id=\"forminator-field-phone-1_69de2d20c22ae\" class=\"forminator-input forminator-field--phone\" data-required=\"\" aria-required=\"false\" autocomplete=\"off\" \/><\/div><\/div><\/div><div class=\"forminator-row\"><div id=\"textarea-1\" class=\"forminator-field-textarea forminator-col forminator-col-12 \"><div class=\"forminator-field\"><textarea name=\"textarea-1\" placeholder=\"Message\" id=\"forminator-field-textarea-1_69de2d20c22ae\" class=\"forminator-textarea\" rows=\"6\" style=\"min-height:140px;\" ><\/textarea><span id=\"forminator-field-textarea-1_69de2d20c22ae-description\" class=\"forminator-description\"><span data-limit=\"300\" data-type=\"words\" data-editor=\"\">0 \/ 300<\/span><\/span><\/div><\/div><\/div><div class=\"forminator-row\"><\/div><input type=\"hidden\" name=\"referer_url\" value=\"\" \/><div class=\"forminator-row forminator-row-last\"><div class=\"forminator-col\"><div class=\"forminator-field\"><button class=\"forminator-button forminator-button-submit\">Send<\/button><\/div><\/div><\/div><input type=\"hidden\" id=\"forminator_nonce\" name=\"forminator_nonce\" value=\"a647953a3f\" \/><input type=\"hidden\" name=\"_wp_http_referer\" value=\"\/pl\/wp-json\/wp\/v2\/pages\/7378\" \/><input type=\"hidden\" name=\"form_id\" value=\"1365\"><input type=\"hidden\" name=\"page_id\" value=\"7378\"><input type=\"hidden\" name=\"form_type\" value=\"default\"><input type=\"hidden\" name=\"current_url\" value=\"https:\/\/hojichawholesale.eu\/pl\/biala-etykieta-hojicha\/\"><input type=\"hidden\" name=\"render_id\" value=\"0\"><input type=\"hidden\" name=\"action\" value=\"forminator_submit_form_custom-forms\"><label for=\"input_6\" class=\"forminator-hidden\" aria-hidden=\"true\">Prosz\u0119 nie wype\u0142nia\u0107 tego pola. <input id=\"input_6\" type=\"text\" name=\"input_6\" value=\"\" autocomplete=\"off\"><\/label><\/form>\n","protected":false},"excerpt":{"rendered":"<p>Bia\u0142a etykieta Hojicha Gotowy, by uruchomi\u0107 w\u0142asn\u0105 mark\u0119 herbaty lub poszerzy\u0107 swoj\u0105 lini\u0119 produkt\u00f3w? Oferujemy kompleksowy zestaw produkcyjny , kt\u00f3ry przekszta\u0142ci Tw\u00f3j produkt od surowca do arcydzie\u0142a gotowego na p\u00f3\u0142k\u0119, wyposa\u017conego w ka\u017cdy etap drogi Twojej marki: 1. Eksperckie \u017ar\u00f3d\u0142a \u0141\u0105czymy japo\u0144skie plantacje herbaty z waszym biznesem. Pozyskujemy wysokiej jako\u015bci, autentyczne li\u015bcie i proszki hojicha [&hellip;]<\/p>\n","protected":false},"author":1,"featured_media":7310,"parent":0,"menu_order":0,"comment_status":"closed","ping_status":"closed","template":"","meta":{"_surecart_dashboard_logo_width":"180px","_surecart_dashboard_show_logo":true,"_surecart_dashboard_navigation_orders":true,"_surecart_dashboard_navigation_invoices":true,"_surecart_dashboard_navigation_subscriptions":true,"_surecart_dashboard_navigation_downloads":true,"_surecart_dashboard_navigation_billing":true,"_surecart_dashboard_navigation_account":true,"footnotes":""},"class_list":["post-7378","page","type-page","status-publish","has-post-thumbnail","hentry","entry","has-media"],"mb":[],"mfb_rest_fields":["title","gutenberg_elementor_mode"],"_links":{"self":[{"href":"https:\/\/hojichawholesale.eu\/pl\/wp-json\/wp\/v2\/pages\/7378","targetHints":{"allow":["GET"]}}],"collection":[{"href":"https:\/\/hojichawholesale.eu\/pl\/wp-json\/wp\/v2\/pages"}],"about":[{"href":"https:\/\/hojichawholesale.eu\/pl\/wp-json\/wp\/v2\/types\/page"}],"author":[{"embeddable":true,"href":"https:\/\/hojichawholesale.eu\/pl\/wp-json\/wp\/v2\/users\/1"}],"replies":[{"embeddable":true,"href":"https:\/\/hojichawholesale.eu\/pl\/wp-json\/wp\/v2\/comments?post=7378"}],"version-history":[{"count":0,"href":"https:\/\/hojichawholesale.eu\/pl\/wp-json\/wp\/v2\/pages\/7378\/revisions"}],"wp:featuredmedia":[{"embeddable":true,"href":"https:\/\/hojichawholesale.eu\/pl\/wp-json\/wp\/v2\/media\/7310"}],"wp:attachment":[{"href":"https:\/\/hojichawholesale.eu\/pl\/wp-json\/wp\/v2\/media?parent=7378"}],"curies":[{"name":"wp","href":"https:\/\/api.w.org\/{rel}","templated":true}]}}