{"id":6588,"date":"2024-10-12T14:29:39","date_gmt":"2024-10-12T14:29:39","guid":{"rendered":"https:\/\/hojichawholesale.eu\/hojicha-w-proszku-hurtowo\/"},"modified":"2025-02-09T20:00:55","modified_gmt":"2025-02-09T20:00:55","slug":"hojicha-w-proszku-hurtowo","status":"publish","type":"page","link":"https:\/\/hojichawholesale.eu\/pl\/hojicha-w-proszku-hurtowo\/","title":{"rendered":"Hojicha w li\u015bciach (hurtowo)"},"content":{"rendered":"\n<h1 class=\"wp-block-heading\">Hojicha w li\u015bciach (hurtowo)<\/h1>\n\n<p>Hojicha to najwy\u017cszej jako\u015bci palona japo\u0144ska zielona herbata, oferuj\u0105ca g\u0142adki i dymny smak. Nasza hojicha jest pozyskiwana i bezpo\u015brednio pakowana na plantacjach herbaty w Japonii, co zapewnia wysok\u0105 jako\u015b\u0107, \u015bwie\u017co\u015b\u0107 i autentyczny palony smak.<\/p>\n<div class=\"wp-block-image\">\n<figure class=\"aligncenter size-full is-resized\"><img fetchpriority=\"high\" decoding=\"async\" width=\"1000\" height=\"1000\" src=\"https:\/\/hojichawholesale.eu\/wp-content\/uploads\/2025\/01\/Hojicha-dark-leaf-both.webp\" alt=\"Por&#xF3;wnanie ciemnej pieczeni hojicha w li&#x15B;ciach VS ciemnej pieczeni hojicha w li&#x15B;ciach w infuzji\" class=\"wp-image-7434\" style=\"width:365px;height:auto\" srcset=\"https:\/\/hojichawholesale.eu\/wp-content\/uploads\/2025\/01\/Hojicha-dark-leaf-both.webp 1000w, https:\/\/hojichawholesale.eu\/wp-content\/uploads\/2025\/01\/Hojicha-dark-leaf-both-300x300.webp 300w, https:\/\/hojichawholesale.eu\/wp-content\/uploads\/2025\/01\/Hojicha-dark-leaf-both-150x150.webp 150w, https:\/\/hojichawholesale.eu\/wp-content\/uploads\/2025\/01\/Hojicha-dark-leaf-both-768x768.webp 768w, https:\/\/hojichawholesale.eu\/wp-content\/uploads\/2025\/01\/Hojicha-dark-leaf-both-600x600.webp 600w\" sizes=\"(max-width: 1000px) 100vw, 1000px\" \/><\/figure>\n<\/div>\n<hr class=\"wp-block-separator has-alpha-channel-opacity\"\/>\n\n<h2 class=\"wp-block-heading\">Najwa\u017cniejsze cechy produktu<\/h2>\n\n<ul class=\"wp-block-list\">\n<li><strong>Rodzaj<\/strong>: Palona zielona herbata (Hojicha)<\/li>\n\n\n\n<li><strong>Pochodzenie<\/strong>: Shizuoka, Japonia<\/li>\n\n\n\n<li><strong>Forma<\/strong>: Li\u015bcie<\/li>\n\n\n\n<li><strong>Poziom palenia<\/strong>: \u015aredni<\/li>\n\n\n\n<li><strong>Sezon zbior\u00f3w<\/strong>: Wiosna\/Lato<\/li>\n\n\n\n<li><strong>Przetwarzanie<\/strong>: Pra\u017cone li\u015bcie zielonej herbaty w porcelanie.  <\/li>\n\n\n\n<li><strong>Profil smakowy<\/strong>: G\u0142adki, palony, ze s\u0142odkimi karmelowymi i orzechowymi nutami<\/li>\n\n\n\n<li><strong>Kofeina<\/strong>: Niska<\/li>\n\n\n\n<li><strong>Opakowanie<\/strong>: Dost\u0119pne w doypackach 500g (zamykane torebki). Nieoznaczone. <\/li>\n<\/ul>\n\n<hr class=\"wp-block-separator has-alpha-channel-opacity\"\/>\n\n<h2 class=\"wp-block-heading\">Korzy\u015bci z proszku Hojicha<\/h2>\n\n<ul class=\"wp-block-list\">\n<li><strong>Bogaty smak<\/strong>: Intensywny palony smak do zaparzenia w gor\u0105cej wodzie.<\/li>\n\n\n\n<li><strong>Niska zawarto\u015b\u0107 kofeiny<\/strong>: Idealna do spo\u017cywania przez ca\u0142y dzie\u0144, nawet wieczorem.<\/li>\n\n\n\n<li><strong>Wszechstronny<\/strong>: Idealny na poranek, po\u0142udnie, popo\u0142udnie i wiecz\u00f3r.  <\/li>\n<\/ul>\n\n<hr class=\"wp-block-separator has-alpha-channel-opacity\"\/>\n\n<h2 class=\"wp-block-heading\">Informacje hurtowe<\/h2>\n\n<ul class=\"wp-block-list\">\n<li><strong>Minimalne zam\u00f3wienie (MOQ):<\/strong> 500g (1 x worek 500g)<\/li>\n\n\n\n<li><strong>Ceny hurtowe<\/strong>: Si\u0119gnij po specjalne ceny.  <\/li>\n\n\n\n<li><strong>Przechowywanie: Przechowywa\u0107<\/strong> w ch\u0142odnym, suchym miejscu.  <\/li>\n\n\n\n<li><strong>Data wa\u017cno\u015bci<\/strong>: Hojicha mo\u017ce by\u0107 przechowywana przez okres do dw\u00f3ch lat w stanie nieotwartym i przechowywana w temperaturze 5\u00b0C \u2013 10\u00b0C.<\/li>\n\n\n\n<li><strong>Wysy\u0142ka<\/strong>: Wysy\u0142amy na kontynencie europejskim z elastycznymi opcjami wysy\u0142ki, w tym ekspresow\u0105 dostaw\u0105 w przypadku pilnych zam\u00f3wie\u0144.<\/li>\n<\/ul>\n\n<div class=\"wp-block-columns is-layout-flex wp-container-core-columns-is-layout-28f84493 wp-block-columns-is-layout-flex\">\n<div class=\"wp-block-column is-layout-flow wp-block-column-is-layout-flow\"><div class=\"wp-block-image\">\n<figure class=\"aligncenter size-full is-resized\"><img decoding=\"async\" width=\"1000\" height=\"1000\" src=\"https:\/\/hojichawholesale.eu\/wp-content\/uploads\/2025\/01\/Hojicha-dark-leaf.webp\" alt=\"\" class=\"wp-image-7458\" style=\"width:311px;height:auto\" srcset=\"https:\/\/hojichawholesale.eu\/wp-content\/uploads\/2025\/01\/Hojicha-dark-leaf.webp 1000w, https:\/\/hojichawholesale.eu\/wp-content\/uploads\/2025\/01\/Hojicha-dark-leaf-300x300.webp 300w, https:\/\/hojichawholesale.eu\/wp-content\/uploads\/2025\/01\/Hojicha-dark-leaf-150x150.webp 150w, https:\/\/hojichawholesale.eu\/wp-content\/uploads\/2025\/01\/Hojicha-dark-leaf-768x768.webp 768w, https:\/\/hojichawholesale.eu\/wp-content\/uploads\/2025\/01\/Hojicha-dark-leaf-600x600.webp 600w\" sizes=\"(max-width: 1000px) 100vw, 1000px\" \/><\/figure>\n<\/div><\/div>\n\n\n\n<div class=\"wp-block-column is-layout-flow wp-block-column-is-layout-flow\"><div class=\"wp-block-image\">\n<figure class=\"aligncenter size-large is-resized\"><img decoding=\"async\" width=\"1024\" height=\"1024\" src=\"https:\/\/hojichawholesale.eu\/wp-content\/uploads\/2025\/01\/Hojicha-dark-leaf-infused-1024x1024.webp\" alt=\"\" class=\"wp-image-7446\" style=\"width:313px;height:auto\" srcset=\"https:\/\/hojichawholesale.eu\/wp-content\/uploads\/2025\/01\/Hojicha-dark-leaf-infused-1024x1024.webp 1024w, https:\/\/hojichawholesale.eu\/wp-content\/uploads\/2025\/01\/Hojicha-dark-leaf-infused-300x300.webp 300w, https:\/\/hojichawholesale.eu\/wp-content\/uploads\/2025\/01\/Hojicha-dark-leaf-infused-150x150.webp 150w, https:\/\/hojichawholesale.eu\/wp-content\/uploads\/2025\/01\/Hojicha-dark-leaf-infused-768x768.webp 768w, https:\/\/hojichawholesale.eu\/wp-content\/uploads\/2025\/01\/Hojicha-dark-leaf-infused-1536x1536.webp 1536w, https:\/\/hojichawholesale.eu\/wp-content\/uploads\/2025\/01\/Hojicha-dark-leaf-infused-600x600.webp 600w, https:\/\/hojichawholesale.eu\/wp-content\/uploads\/2025\/01\/Hojicha-dark-leaf-infused.webp 2000w\" sizes=\"(max-width: 1024px) 100vw, 1024px\" \/><\/figure>\n<\/div><\/div>\n<\/div>\n\n<hr class=\"wp-block-separator has-alpha-channel-opacity\"\/>\n\n<h2 class=\"wp-block-heading\">Jak korzysta\u0107 z proszku Hojicha<\/h2>\n\n<ul class=\"wp-block-list\">\n<li><strong>Hojicha<\/strong>: Wymieszaj 2 \u0142y\u017ceczki Hojicha z 200 ml gor\u0105cej wody.<\/li>\n<\/ul>\n\n<hr class=\"wp-block-separator has-alpha-channel-opacity\"\/>\n\n<h2 class=\"wp-block-heading\">Idealny dla<\/h2>\n\n<ul class=\"wp-block-list\">\n<li>Kawiarnie i herbaciarnie, kt\u00f3re chc\u0105 doda\u0107 do swojego menu napoje z palonej zielonej herbaty, takie jak Hojicha.<\/li>\n\n\n\n<li>Klienci dbaj\u0105cy o zdrowie, kt\u00f3rzy preferuj\u0105 alternatyw\u0119 dla herbaty o niskiej zawarto\u015bci kofeiny.<\/li>\n<\/ul>\n\n<h2 class=\"wp-block-heading\">Zam\u00f3w pr\u00f3bk\u0119 ju\u017c dzi\u015b<\/h2>\n\n<p>Ciekawi Ci\u0119 bogaty, palony smak naszej hojichy premium?  <\/p>\n\n<p>Po prostu wype\u0142nij swoje dane poni\u017cej, a my wy\u015blemy Ci pr\u00f3bk\u0119. Daj nam zna\u0107, je\u015bli masz konkretne \u017cyczenia, a my z przyjemno\u015bci\u0105 dostosujemy nasz\u0105 ofert\u0119 do Twoich potrzeb biznesowych. <\/p>\n<div class=\"forminator-ui forminator-custom-form forminator-custom-form-1365 forminator-design--flat  forminator_ajax\" data-forminator-render=\"0\" data-form=\"forminator-module-1365\" data-uid=\"69d5e3da0bea7\"><br\/><\/div><form\n\t\t\t\tid=\"forminator-module-1365\"\n\t\t\t\tclass=\"forminator-ui forminator-custom-form forminator-custom-form-1365 forminator-design--flat  forminator_ajax\"\n\t\t\t\tmethod=\"post\"\n\t\t\t\tdata-forminator-render=\"0\"\n\t\t\t\tdata-form-id=\"1365\"\n\t\t\t\t data-color-option=\"default\" data-design=\"flat\" data-grid=\"open\" style=\"display: none;\"\n\t\t\t\tdata-uid=\"69d5e3da0bea7\"\n\t\t\t><div role=\"alert\" aria-live=\"polite\" class=\"forminator-response-message forminator-error\" aria-hidden=\"true\"><\/div><div class=\"forminator-row\"><div id=\"name-1\" class=\"forminator-field-name forminator-col forminator-col-6 \"><div class=\"forminator-field\"><input type=\"text\" name=\"name-1\" value=\"\" placeholder=\"First Name\" id=\"forminator-field-name-1_69d5e3da0bea7\" class=\"forminator-input forminator-name--field\" aria-required=\"true\" autocomplete=\"name\" \/><\/div><\/div><div id=\"name-2\" class=\"forminator-field-name forminator-col forminator-col-6 \"><div class=\"forminator-field\"><input type=\"text\" name=\"name-2\" value=\"\" placeholder=\"Last Name\" id=\"forminator-field-name-2_69d5e3da0bea7\" class=\"forminator-input forminator-name--field\" aria-required=\"true\" autocomplete=\"name\" \/><\/div><\/div><\/div><div class=\"forminator-row\"><div id=\"email-1\" class=\"forminator-field-email forminator-col forminator-col-12 \"><div class=\"forminator-field\"><input type=\"email\" name=\"email-1\" value=\"\" placeholder=\"Email\" id=\"forminator-field-email-1_69d5e3da0bea7\" class=\"forminator-input forminator-email--field\" data-required=\"true\" aria-required=\"true\" autocomplete=\"email\" \/><\/div><\/div><\/div><div class=\"forminator-row\"><div id=\"phone-1\" class=\"forminator-field-phone forminator-col forminator-col-12 \"><div class=\"forminator-field\"><input type=\"text\" name=\"phone-1\" value=\"\" placeholder=\"Phone\" id=\"forminator-field-phone-1_69d5e3da0bea7\" class=\"forminator-input forminator-field--phone\" data-required=\"\" aria-required=\"false\" autocomplete=\"off\" \/><\/div><\/div><\/div><div class=\"forminator-row\"><div id=\"textarea-1\" class=\"forminator-field-textarea forminator-col forminator-col-12 \"><div class=\"forminator-field\"><textarea name=\"textarea-1\" placeholder=\"Message\" id=\"forminator-field-textarea-1_69d5e3da0bea7\" class=\"forminator-textarea\" rows=\"6\" style=\"min-height:140px;\" ><\/textarea><span id=\"forminator-field-textarea-1_69d5e3da0bea7-description\" class=\"forminator-description\"><span data-limit=\"300\" data-type=\"words\" data-editor=\"\">0 \/ 300<\/span><\/span><\/div><\/div><\/div><div class=\"forminator-row\"><\/div><input type=\"hidden\" name=\"referer_url\" value=\"\" \/><div class=\"forminator-row forminator-row-last\"><div class=\"forminator-col\"><div class=\"forminator-field\"><button class=\"forminator-button forminator-button-submit\">Send<\/button><\/div><\/div><\/div><input type=\"hidden\" id=\"forminator_nonce\" name=\"forminator_nonce\" value=\"58eeeb5d3e\" \/><input type=\"hidden\" name=\"_wp_http_referer\" value=\"\/pl\/wp-json\/wp\/v2\/pages\/6588\" \/><input type=\"hidden\" name=\"form_id\" value=\"1365\"><input type=\"hidden\" name=\"page_id\" value=\"6588\"><input type=\"hidden\" name=\"form_type\" value=\"default\"><input type=\"hidden\" name=\"current_url\" value=\"https:\/\/hojichawholesale.eu\/pl\/hojicha-w-proszku-hurtowo\/\"><input type=\"hidden\" name=\"render_id\" value=\"0\"><input type=\"hidden\" name=\"action\" value=\"forminator_submit_form_custom-forms\"><label for=\"input_6\" class=\"forminator-hidden\" aria-hidden=\"true\">Prosz\u0119 nie wype\u0142nia\u0107 tego pola. <input id=\"input_6\" type=\"text\" name=\"input_6\" value=\"\" autocomplete=\"off\"><\/label><\/form>\n","protected":false},"excerpt":{"rendered":"<p>Hojicha w li\u015bciach (hurtowo) Hojicha to najwy\u017cszej jako\u015bci palona japo\u0144ska zielona herbata, oferuj\u0105ca g\u0142adki i dymny smak. Nasza hojicha jest pozyskiwana i bezpo\u015brednio pakowana na plantacjach herbaty w Japonii, co zapewnia wysok\u0105 jako\u015b\u0107, \u015bwie\u017co\u015b\u0107 i autentyczny palony smak. Najwa\u017cniejsze cechy produktu Korzy\u015bci z proszku Hojicha Informacje hurtowe Jak korzysta\u0107 z proszku Hojicha Idealny dla Zam\u00f3w [&hellip;]<\/p>\n","protected":false},"author":1,"featured_media":7442,"parent":0,"menu_order":0,"comment_status":"closed","ping_status":"closed","template":"","meta":{"_surecart_dashboard_logo_width":"180px","_surecart_dashboard_show_logo":true,"_surecart_dashboard_navigation_orders":true,"_surecart_dashboard_navigation_invoices":true,"_surecart_dashboard_navigation_subscriptions":true,"_surecart_dashboard_navigation_downloads":true,"_surecart_dashboard_navigation_billing":true,"_surecart_dashboard_navigation_account":true,"footnotes":""},"class_list":["post-6588","page","type-page","status-publish","has-post-thumbnail","hentry","entry","has-media"],"mb":[],"mfb_rest_fields":["title","gutenberg_elementor_mode"],"_links":{"self":[{"href":"https:\/\/hojichawholesale.eu\/pl\/wp-json\/wp\/v2\/pages\/6588","targetHints":{"allow":["GET"]}}],"collection":[{"href":"https:\/\/hojichawholesale.eu\/pl\/wp-json\/wp\/v2\/pages"}],"about":[{"href":"https:\/\/hojichawholesale.eu\/pl\/wp-json\/wp\/v2\/types\/page"}],"author":[{"embeddable":true,"href":"https:\/\/hojichawholesale.eu\/pl\/wp-json\/wp\/v2\/users\/1"}],"replies":[{"embeddable":true,"href":"https:\/\/hojichawholesale.eu\/pl\/wp-json\/wp\/v2\/comments?post=6588"}],"version-history":[{"count":0,"href":"https:\/\/hojichawholesale.eu\/pl\/wp-json\/wp\/v2\/pages\/6588\/revisions"}],"wp:featuredmedia":[{"embeddable":true,"href":"https:\/\/hojichawholesale.eu\/pl\/wp-json\/wp\/v2\/media\/7442"}],"wp:attachment":[{"href":"https:\/\/hojichawholesale.eu\/pl\/wp-json\/wp\/v2\/media?parent=6588"}],"curies":[{"name":"wp","href":"https:\/\/api.w.org\/{rel}","templated":true}]}}