{"id":6584,"date":"2024-10-12T16:25:13","date_gmt":"2024-10-12T16:25:13","guid":{"rendered":"https:\/\/hojichawholesale.eu\/hojicha-powder-latte-hurtowo\/"},"modified":"2025-12-10T19:00:31","modified_gmt":"2025-12-10T19:00:31","slug":"hojicha-powder-latte-hurtowo","status":"publish","type":"page","link":"https:\/\/hojichawholesale.eu\/pl\/hojicha-powder-latte-hurtowo\/","title":{"rendered":"Hojicha Powder Latte (hurtowo)"},"content":{"rendered":"\n<h1 class=\"wp-block-heading\">Hojicha Powder Latte (hurtowo)<\/h1>\n\n<p>Nasza <strong>Hojicha Powder Latte<\/strong> jest wykonana z proszku hojicha, cukru trzcinowego i gumy guar, dzi\u0119ki czemu jest idealnie zbilansowanym i pysznym napojem. Mo\u017cna go miesza\u0107 z mlekiem lub alternatywami mleka. <\/p>\n<div class=\"wp-block-image\">\n<figure class=\"aligncenter size-full is-resized\"><img fetchpriority=\"high\" decoding=\"async\" width=\"1000\" height=\"1000\" src=\"https:\/\/hojichawholesale.eu\/wp-content\/uploads\/2025\/01\/hojicha-latte-both.webp\" alt=\"Por&#xF3;wnanie proszku hojicha latte VS hojicha latte w proszku.\" class=\"wp-image-7510\" style=\"width:310px;height:auto\" srcset=\"https:\/\/hojichawholesale.eu\/wp-content\/uploads\/2025\/01\/hojicha-latte-both.webp 1000w, https:\/\/hojichawholesale.eu\/wp-content\/uploads\/2025\/01\/hojicha-latte-both-300x300.webp 300w, https:\/\/hojichawholesale.eu\/wp-content\/uploads\/2025\/01\/hojicha-latte-both-150x150.webp 150w, https:\/\/hojichawholesale.eu\/wp-content\/uploads\/2025\/01\/hojicha-latte-both-768x768.webp 768w, https:\/\/hojichawholesale.eu\/wp-content\/uploads\/2025\/01\/hojicha-latte-both-600x600.webp 600w\" sizes=\"(max-width: 1000px) 100vw, 1000px\" \/><\/figure>\n<\/div>\n<hr class=\"wp-block-separator has-alpha-channel-opacity\"\/>\n\n<h2 class=\"wp-block-heading\">Najwa\u017cniejsze cechy produktu<\/h2>\n\n<ul class=\"wp-block-list\">\n<li><strong>typu<\/strong>: Natychmiastowa mieszanka Hojicha Latte<\/li>\n\n\n\n<li><strong>Sk\u0142adniki<\/strong>: hojicha w proszku, cukier trzcinowy, guma guar.<\/li>\n\n\n\n<li><strong>Opakowanie<\/strong>: Zamykana torebka stoj\u0105ca (Doypack) zapewniaj\u0105ca \u015bwie\u017co\u015b\u0107.<\/li>\n\n\n\n<li><strong>Wielko\u015b\u0107 porcji<\/strong>: ok. 8 porcji w opakowaniu. <\/li>\n\n\n\n<li><strong>Profil smakowy<\/strong>: G\u0142adki, orzechowy, lekko s\u0142odki z palonym finiszem.<\/li>\n\n\n\n<li><strong>Kofeina<\/strong>: Niska<\/li>\n\n\n\n<li><strong>Przygotowanie: Wystarczy<\/strong> doda\u0107 wod\u0119 lub mleko, aby uzyska\u0107 szybk\u0105, pyszn\u0105 latte hojicha.<\/li>\n\n\n\n<li><strong>Waga<\/strong>: Dost\u0119pna w workach po 1 kg. Ponowne pakowanie dost\u0119pne na Twoje \u017cyczenie.   <\/li>\n<\/ul>\n\n<hr class=\"wp-block-separator has-alpha-channel-opacity\"\/>\n\n<h2 class=\"wp-block-heading\">Informacje hurtowe<\/h2>\n\n<ul class=\"wp-block-list\">\n<li><strong>Minimalne zam\u00f3wienie (MOQ):<\/strong> 600 gram\u00f3w (5 x 120g doypacks).<\/li>\n\n\n\n<li><strong>Ceny hurtowe<\/strong>: Skontaktuj si\u0119 z nami, aby uzyska\u0107 specjalne stawki w zale\u017cno\u015bci od wielko\u015bci zam\u00f3wienia.<\/li>\n\n\n\n<li><strong>Przechowywanie<\/strong>: Przechowywa\u0107 w ch\u0142odnym, suchym miejscu, aby zachowa\u0107 \u015bwie\u017co\u015b\u0107.<\/li>\n\n\n\n<li><strong>Data wa\u017cno\u015bci<\/strong>: Hojicha mo\u017ce by\u0107 przechowywana przez okres do dw\u00f3ch lat w stanie nieotwartym i przechowywana w temperaturze 5\u00b0C \u2013 10\u00b0C.<\/li>\n\n\n\n<li><strong>Wysy\u0142ka<\/strong>: Wysy\u0142amy na kontynencie europejskim z elastycznymi opcjami wysy\u0142ki, w tym ekspresow\u0105 dostaw\u0105 w przypadku pilnych zam\u00f3wie\u0144.<\/li>\n<\/ul>\n\n<div class=\"wp-block-columns is-layout-flex wp-container-core-columns-is-layout-28f84493 wp-block-columns-is-layout-flex\">\n<div class=\"wp-block-column is-layout-flow wp-block-column-is-layout-flow\"><div class=\"wp-block-image\">\n<figure class=\"aligncenter size-full is-resized\"><img decoding=\"async\" width=\"1000\" height=\"1000\" src=\"https:\/\/hojichawholesale.eu\/wp-content\/uploads\/2025\/01\/hojicha-latte-powder.webp\" alt=\"\" class=\"wp-image-7534\" style=\"width:314px;height:auto\" srcset=\"https:\/\/hojichawholesale.eu\/wp-content\/uploads\/2025\/01\/hojicha-latte-powder.webp 1000w, https:\/\/hojichawholesale.eu\/wp-content\/uploads\/2025\/01\/hojicha-latte-powder-300x300.webp 300w, https:\/\/hojichawholesale.eu\/wp-content\/uploads\/2025\/01\/hojicha-latte-powder-150x150.webp 150w, https:\/\/hojichawholesale.eu\/wp-content\/uploads\/2025\/01\/hojicha-latte-powder-768x768.webp 768w, https:\/\/hojichawholesale.eu\/wp-content\/uploads\/2025\/01\/hojicha-latte-powder-600x600.webp 600w\" sizes=\"(max-width: 1000px) 100vw, 1000px\" \/><\/figure>\n<\/div><\/div>\n\n\n\n<div class=\"wp-block-column is-layout-flow wp-block-column-is-layout-flow\"><div class=\"wp-block-image\">\n<figure class=\"aligncenter size-large is-resized\"><img decoding=\"async\" width=\"1024\" height=\"1024\" src=\"https:\/\/hojichawholesale.eu\/wp-content\/uploads\/2025\/01\/hojicha-latte-infused-1024x1024.webp\" alt=\"\" class=\"wp-image-7522\" style=\"width:325px;height:auto\" srcset=\"https:\/\/hojichawholesale.eu\/wp-content\/uploads\/2025\/01\/hojicha-latte-infused-1024x1024.webp 1024w, https:\/\/hojichawholesale.eu\/wp-content\/uploads\/2025\/01\/hojicha-latte-infused-300x300.webp 300w, https:\/\/hojichawholesale.eu\/wp-content\/uploads\/2025\/01\/hojicha-latte-infused-150x150.webp 150w, https:\/\/hojichawholesale.eu\/wp-content\/uploads\/2025\/01\/hojicha-latte-infused-768x768.webp 768w, https:\/\/hojichawholesale.eu\/wp-content\/uploads\/2025\/01\/hojicha-latte-infused-1536x1536.webp 1536w, https:\/\/hojichawholesale.eu\/wp-content\/uploads\/2025\/01\/hojicha-latte-infused-600x600.webp 600w, https:\/\/hojichawholesale.eu\/wp-content\/uploads\/2025\/01\/hojicha-latte-infused.webp 2000w\" sizes=\"(max-width: 1024px) 100vw, 1024px\" \/><\/figure>\n<\/div><\/div>\n<\/div>\n\n<hr class=\"wp-block-separator has-alpha-channel-opacity\"\/>\n\n<h2 class=\"wp-block-heading\">Jak si\u0119 przygotowa\u0107<\/h2>\n\n<ol class=\"wp-block-list\">\n<li><strong>Dodaj 15 g<\/strong> mieszanki Hojicha Powder Latte do fili\u017canki.<\/li>\n\n\n\n<li><strong>Dodaj 500 ml<\/strong> gor\u0105cej wody lub mleka (lub alternatywy dla mleka).<\/li>\n\n\n\n<li>Dobrze wymieszaj i natychmiast ciesz si\u0119 kremow\u0105, pyszn\u0105 latte hojicha.<\/li>\n<\/ol>\n\n<hr class=\"wp-block-separator has-alpha-channel-opacity\"\/>\n\n<h2 class=\"wp-block-heading\">Idealny dla<\/h2>\n\n<ul class=\"wp-block-list\">\n<li>Kawiarnie i herbaciarnie szukaj\u0105ce szybkiej i \u0142atwej do przygotowania opcji hojicha latte dla klient\u00f3w.<\/li>\n\n\n\n<li>Restauracje i hotele, kt\u00f3re chc\u0105 zaoferowa\u0107 pyszny \u015brodek wspomagaj\u0105cy trawienie.  <\/li>\n\n\n\n<li>Sklepy detaliczne oferuj\u0105ce najwy\u017cszej jako\u015bci produkty herbaciane i mieszanki napoj\u00f3w rozpuszczalnych.<\/li>\n<\/ul>\n\n<h2 class=\"wp-block-heading\">Zam\u00f3w pr\u00f3bk\u0119 ju\u017c dzi\u015b<\/h2>\n\n<p>Ciekawi Ci\u0119 bogaty, palony smak naszej hojichy premium?  <\/p>\n\n<p>Po prostu wype\u0142nij swoje dane poni\u017cej, a my wy\u015blemy Ci pr\u00f3bk\u0119. Daj nam zna\u0107, je\u015bli masz konkretne \u017cyczenia, a my z przyjemno\u015bci\u0105 dostosujemy nasz\u0105 ofert\u0119 do Twoich potrzeb biznesowych. <\/p>\n<div class=\"forminator-ui forminator-custom-form forminator-custom-form-1365 forminator-design--flat  forminator_ajax\" data-forminator-render=\"0\" data-form=\"forminator-module-1365\" data-uid=\"69d839da78ac0\"><br\/><\/div><form\n\t\t\t\tid=\"forminator-module-1365\"\n\t\t\t\tclass=\"forminator-ui forminator-custom-form forminator-custom-form-1365 forminator-design--flat  forminator_ajax\"\n\t\t\t\tmethod=\"post\"\n\t\t\t\tdata-forminator-render=\"0\"\n\t\t\t\tdata-form-id=\"1365\"\n\t\t\t\t data-color-option=\"default\" data-design=\"flat\" data-grid=\"open\" style=\"display: none;\"\n\t\t\t\tdata-uid=\"69d839da78ac0\"\n\t\t\t><div role=\"alert\" aria-live=\"polite\" class=\"forminator-response-message forminator-error\" aria-hidden=\"true\"><\/div><div class=\"forminator-row\"><div id=\"name-1\" class=\"forminator-field-name forminator-col forminator-col-6 \"><div class=\"forminator-field\"><input type=\"text\" name=\"name-1\" value=\"\" placeholder=\"First Name\" id=\"forminator-field-name-1_69d839da78ac0\" class=\"forminator-input forminator-name--field\" aria-required=\"true\" autocomplete=\"name\" \/><\/div><\/div><div id=\"name-2\" class=\"forminator-field-name forminator-col forminator-col-6 \"><div class=\"forminator-field\"><input type=\"text\" name=\"name-2\" value=\"\" placeholder=\"Last Name\" id=\"forminator-field-name-2_69d839da78ac0\" class=\"forminator-input forminator-name--field\" aria-required=\"true\" autocomplete=\"name\" \/><\/div><\/div><\/div><div class=\"forminator-row\"><div id=\"email-1\" class=\"forminator-field-email forminator-col forminator-col-12 \"><div class=\"forminator-field\"><input type=\"email\" name=\"email-1\" value=\"\" placeholder=\"Email\" id=\"forminator-field-email-1_69d839da78ac0\" class=\"forminator-input forminator-email--field\" data-required=\"true\" aria-required=\"true\" autocomplete=\"email\" \/><\/div><\/div><\/div><div class=\"forminator-row\"><div id=\"phone-1\" class=\"forminator-field-phone forminator-col forminator-col-12 \"><div class=\"forminator-field\"><input type=\"text\" name=\"phone-1\" value=\"\" placeholder=\"Phone\" id=\"forminator-field-phone-1_69d839da78ac0\" class=\"forminator-input forminator-field--phone\" data-required=\"\" aria-required=\"false\" autocomplete=\"off\" \/><\/div><\/div><\/div><div class=\"forminator-row\"><div id=\"textarea-1\" class=\"forminator-field-textarea forminator-col forminator-col-12 \"><div class=\"forminator-field\"><textarea name=\"textarea-1\" placeholder=\"Message\" id=\"forminator-field-textarea-1_69d839da78ac0\" class=\"forminator-textarea\" rows=\"6\" style=\"min-height:140px;\" ><\/textarea><span id=\"forminator-field-textarea-1_69d839da78ac0-description\" class=\"forminator-description\"><span data-limit=\"300\" data-type=\"words\" data-editor=\"\">0 \/ 300<\/span><\/span><\/div><\/div><\/div><div class=\"forminator-row\"><\/div><input type=\"hidden\" name=\"referer_url\" value=\"\" \/><div class=\"forminator-row forminator-row-last\"><div class=\"forminator-col\"><div class=\"forminator-field\"><button class=\"forminator-button forminator-button-submit\">Send<\/button><\/div><\/div><\/div><input type=\"hidden\" id=\"forminator_nonce\" name=\"forminator_nonce\" value=\"7c974ef758\" \/><input type=\"hidden\" name=\"_wp_http_referer\" value=\"\/pl\/wp-json\/wp\/v2\/pages\/6584\" \/><input type=\"hidden\" name=\"form_id\" value=\"1365\"><input type=\"hidden\" name=\"page_id\" value=\"6584\"><input type=\"hidden\" name=\"form_type\" value=\"default\"><input type=\"hidden\" name=\"current_url\" value=\"https:\/\/hojichawholesale.eu\/pl\/hojicha-powder-latte-hurtowo\/\"><input type=\"hidden\" name=\"render_id\" value=\"0\"><input type=\"hidden\" name=\"action\" value=\"forminator_submit_form_custom-forms\"><label for=\"input_6\" class=\"forminator-hidden\" aria-hidden=\"true\">Prosz\u0119 nie wype\u0142nia\u0107 tego pola. <input id=\"input_6\" type=\"text\" name=\"input_6\" value=\"\" autocomplete=\"off\"><\/label><\/form>\n","protected":false},"excerpt":{"rendered":"<p>Hojicha Powder Latte (hurtowo) Nasza Hojicha Powder Latte jest wykonana z proszku hojicha, cukru trzcinowego i gumy guar, dzi\u0119ki czemu jest idealnie zbilansowanym i pysznym napojem. Mo\u017cna go miesza\u0107 z mlekiem lub alternatywami mleka. Najwa\u017cniejsze cechy produktu Informacje hurtowe Jak si\u0119 przygotowa\u0107 Idealny dla Zam\u00f3w pr\u00f3bk\u0119 ju\u017c dzi\u015b Ciekawi Ci\u0119 bogaty, palony smak naszej hojichy [&hellip;]<\/p>\n","protected":false},"author":1,"featured_media":7518,"parent":0,"menu_order":0,"comment_status":"closed","ping_status":"closed","template":"","meta":{"_surecart_dashboard_logo_width":"180px","_surecart_dashboard_show_logo":true,"_surecart_dashboard_navigation_orders":true,"_surecart_dashboard_navigation_invoices":true,"_surecart_dashboard_navigation_subscriptions":true,"_surecart_dashboard_navigation_downloads":true,"_surecart_dashboard_navigation_billing":true,"_surecart_dashboard_navigation_account":true,"footnotes":""},"class_list":["post-6584","page","type-page","status-publish","has-post-thumbnail","hentry","entry","has-media"],"mb":[],"mfb_rest_fields":["title","gutenberg_elementor_mode"],"_links":{"self":[{"href":"https:\/\/hojichawholesale.eu\/pl\/wp-json\/wp\/v2\/pages\/6584","targetHints":{"allow":["GET"]}}],"collection":[{"href":"https:\/\/hojichawholesale.eu\/pl\/wp-json\/wp\/v2\/pages"}],"about":[{"href":"https:\/\/hojichawholesale.eu\/pl\/wp-json\/wp\/v2\/types\/page"}],"author":[{"embeddable":true,"href":"https:\/\/hojichawholesale.eu\/pl\/wp-json\/wp\/v2\/users\/1"}],"replies":[{"embeddable":true,"href":"https:\/\/hojichawholesale.eu\/pl\/wp-json\/wp\/v2\/comments?post=6584"}],"version-history":[{"count":0,"href":"https:\/\/hojichawholesale.eu\/pl\/wp-json\/wp\/v2\/pages\/6584\/revisions"}],"wp:featuredmedia":[{"embeddable":true,"href":"https:\/\/hojichawholesale.eu\/pl\/wp-json\/wp\/v2\/media\/7518"}],"wp:attachment":[{"href":"https:\/\/hojichawholesale.eu\/pl\/wp-json\/wp\/v2\/media?parent=6584"}],"curies":[{"name":"wp","href":"https:\/\/api.w.org\/{rel}","templated":true}]}}