{"id":6568,"date":"2024-10-12T11:39:24","date_gmt":"2024-10-12T11:39:24","guid":{"rendered":"https:\/\/hojichawholesale.eu\/co-to-jest-hojicha\/"},"modified":"2024-10-13T19:32:59","modified_gmt":"2024-10-13T19:32:59","slug":"co-to-jest-hojicha","status":"publish","type":"page","link":"https:\/\/hojichawholesale.eu\/pl\/co-to-jest-hojicha\/","title":{"rendered":"Co to jest hojicha?"},"content":{"rendered":"\n<h1 class=\"wp-block-heading\">Co to jest Hojicha?<\/h1>\n\n<p>Hojicha to japo\u0144ska zielona herbata pra\u017cona w porcelanie w temperaturze od 175\u00b0C do 350\u00b0C.  Ten proces pra\u017cenia nadaje mu charakterystyczne pomara\u0144czowe odcienie i zmniejsza zawarto\u015b\u0107 kofeiny i katechiny. <\/p>\n\n<p>  &#8222;<em>Hoji<\/em>&#8221; oznacza po japo\u0144sku &#8222;pieczenie&#8221;, a &#8222;<em>cha<\/em>&#8221; oznacza herbat\u0119.<\/p>\n<div class=\"wp-block-image\">\n<figure class=\"aligncenter size-large is-resized\"><img fetchpriority=\"high\" decoding=\"async\" width=\"1024\" height=\"683\" src=\"https:\/\/hojichawholesale.eu\/wp-content\/uploads\/2024\/10\/Depositphotos_502919918_L-1-1024x683.avif\" alt=\"\" class=\"wp-image-5573\" style=\"width:539px;height:auto\" srcset=\"https:\/\/hojichawholesale.eu\/wp-content\/uploads\/2024\/10\/Depositphotos_502919918_L-1-1024x683.avif 1024w, https:\/\/hojichawholesale.eu\/wp-content\/uploads\/2024\/10\/Depositphotos_502919918_L-1-300x200.avif 300w, https:\/\/hojichawholesale.eu\/wp-content\/uploads\/2024\/10\/Depositphotos_502919918_L-1-768x512.avif 768w, https:\/\/hojichawholesale.eu\/wp-content\/uploads\/2024\/10\/Depositphotos_502919918_L-1.avif 1200w\" sizes=\"(max-width: 1024px) 100vw, 1024px\" \/><\/figure>\n<\/div>\n<h2 class=\"wp-block-heading\"><strong>Dlaczego warto pi\u0107 Hojicha?<\/strong><\/h2>\n\n<p>Hojicha to tradycyjny japo\u0144ski nap\u00f3j spo\u017cywany w nocy, aby wspom\u00f3c trawienie.  <\/p>\n\n<p>Mo\u017cna go jednak pi\u0107 o ka\u017cdej porze dnia i roku.  <\/p>\n\n<p>Pomimo swojego koloru hojicha jest zielon\u0105 herbat\u0105. Przechodzi przez proces znany jako shaqing, kt\u00f3ry jest \u0142a\u017ani\u0105 parow\u0105 zatrzymuj\u0105c\u0105 naturalny proces utleniania, kt\u00f3ry zachodzi podczas zbior\u00f3w. <\/p>\n\n<p>W rezultacie hojicha zachowuje wiele zalet zielonej herbaty, takich jak promowanie relaksu i wzmacnianie uk\u0142adu odporno\u015bciowego.<\/p>\n\n<h2 class=\"wp-block-heading\">R\u00f3\u017cne rodzaje hojicha<\/h2>\n\n<p>Istniej\u0105 r\u00f3\u017cne rodzaje hojicha. Jego g\u0142\u00f3wna cecha wynika z dost\u0119pno\u015bci zar\u00f3wno w postaci sproszkowanych, jak i lu\u017anych li\u015bci. <\/p>\n\n<p>Poza tym hojicha cz\u0119sto wyst\u0119puje w trzech rodzajach li\u015bci (jasnopalona, \u015brednio pieczona, ciemna pieczona) i mo\u017cna j\u0105 nawet miesza\u0107 z pra\u017conym ry\u017cem, bior\u0105c nazw\u0119 hojicha genmai.  <\/p>\n<div class=\"wp-block-image\">\n<figure class=\"aligncenter size-large is-resized\"><img decoding=\"async\" width=\"1024\" height=\"683\" src=\"https:\/\/hojichawholesale.eu\/wp-content\/uploads\/2024\/10\/Depositphotos_565446018_L-1-1024x683.avif\" alt=\"\" class=\"wp-image-5577\" style=\"width:572px;height:auto\" srcset=\"https:\/\/hojichawholesale.eu\/wp-content\/uploads\/2024\/10\/Depositphotos_565446018_L-1-1024x683.avif 1024w, https:\/\/hojichawholesale.eu\/wp-content\/uploads\/2024\/10\/Depositphotos_565446018_L-1-300x200.avif 300w, https:\/\/hojichawholesale.eu\/wp-content\/uploads\/2024\/10\/Depositphotos_565446018_L-1-768x512.avif 768w, https:\/\/hojichawholesale.eu\/wp-content\/uploads\/2024\/10\/Depositphotos_565446018_L-1.avif 1200w\" sizes=\"(max-width: 1024px) 100vw, 1024px\" \/><\/figure>\n<\/div>\n<h2 class=\"wp-block-heading\"><strong>Kt\u00f3ra odmiana jest u\u017cywana do hojicha?<\/strong><\/h2>\n\n<p>Najcz\u0119\u015bciej u\u017cywan\u0105 odmian\u0105 Hojicha jest Yabukita, chocia\u017c niekt\u00f3re hojicha s\u0105 r\u00f3wnie\u017c wytwarzane z odmiany Gokou.<\/p>\n\n<h2 class=\"wp-block-heading\">Jak powstaje Hojicha?<\/h2>\n\n<p>Hojicha rozpoczyna sw\u00f3j proces produkcji jako bancha lub sencha.  <\/p>\n\n<p>Po zbiorach li\u015bcie poddawane s\u0105 gotowaniu na parze, zwanemu &#8222;shaqing&#8221;, aby zatrzyma\u0107 proces utleniania. Nast\u0119pnie s\u0105 zwijane, suszone i pra\u017cone w porcelanie w temperaturze od 175\u00b0C do 350\u00b0C. To w\u0142a\u015bnie wtedy bancha (lub sencha) staje si\u0119 hojicha.  <\/p>\n\n<p>Cz\u0119\u015b\u0107 z nich jest przetwarzana na proszek, podczas gdy reszta jest pakowana w postaci li\u015bci.  <\/p>\n<div class=\"wp-block-image\">\n<figure class=\"aligncenter size-large is-resized\"><img decoding=\"async\" width=\"1024\" height=\"683\" src=\"https:\/\/hojichawholesale.eu\/wp-content\/uploads\/2024\/10\/Depositphotos_518442682_L-1-1024x683.avif\" alt=\"\" class=\"wp-image-5575\" style=\"width:484px;height:auto\" srcset=\"https:\/\/hojichawholesale.eu\/wp-content\/uploads\/2024\/10\/Depositphotos_518442682_L-1-1024x683.avif 1024w, https:\/\/hojichawholesale.eu\/wp-content\/uploads\/2024\/10\/Depositphotos_518442682_L-1-300x200.avif 300w, https:\/\/hojichawholesale.eu\/wp-content\/uploads\/2024\/10\/Depositphotos_518442682_L-1-768x512.avif 768w, https:\/\/hojichawholesale.eu\/wp-content\/uploads\/2024\/10\/Depositphotos_518442682_L-1.avif 1200w\" sizes=\"(max-width: 1024px) 100vw, 1024px\" \/><\/figure>\n<\/div>\n<h2 class=\"wp-block-heading\"><strong>Jak warzy\u0107 Hojicha?<\/strong><\/h2>\n\n<p>Pod postaci\u0105 li\u015bci hojicha jest warzona w temperaturze od 70\u00b0C do 80\u00b0C przez 2-3 minuty.<\/p>\n\n<p>  80\u00b0C jest preferowane, je\u015bli jest w postaci proszku.  <\/p>\n\n<h2 class=\"wp-block-heading\"><strong>Historia Hojicha<\/strong><\/h2>\n\n<p>Nikt nie wie, sk\u0105d wzi\u0119\u0142a si\u0119 hojicha. Wydaje si\u0119, \u017ce pojawi\u0142 si\u0119 w Kioto w latach dwudziestych XX wieku. <\/p>\n\n<p>Legenda g\u0142osi, \u017ce rozw\u00f3j herbaty zbieranej maszynowo na pocz\u0105tku XX wieku doprowadzi\u0142 do znacznych strat. Nieznany kupiec postanowi\u0142 upra\u017cy\u0107 t\u0119 bezu\u017cyteczn\u0105 herbat\u0119, aby j\u0105 uratowa\u0107, wynajduj\u0105c przy tym hojicha. <\/p>\n<div class=\"wp-block-image\">\n<figure class=\"aligncenter size-large is-resized\"><img loading=\"lazy\" decoding=\"async\" width=\"1024\" height=\"683\" src=\"https:\/\/hojichawholesale.eu\/wp-content\/uploads\/2024\/10\/Depositphotos_535727240_L-1-1024x683.avif\" alt=\"\" class=\"wp-image-5576\" style=\"width:592px;height:auto\" srcset=\"https:\/\/hojichawholesale.eu\/wp-content\/uploads\/2024\/10\/Depositphotos_535727240_L-1-1024x683.avif 1024w, https:\/\/hojichawholesale.eu\/wp-content\/uploads\/2024\/10\/Depositphotos_535727240_L-1-300x200.avif 300w, https:\/\/hojichawholesale.eu\/wp-content\/uploads\/2024\/10\/Depositphotos_535727240_L-1-768x512.avif 768w, https:\/\/hojichawholesale.eu\/wp-content\/uploads\/2024\/10\/Depositphotos_535727240_L-1.avif 1200w\" sizes=\"(max-width: 1024px) 100vw, 1024px\" \/><\/figure>\n<\/div>\n<h2 class=\"wp-block-heading\"><strong>Konkluzja<\/strong><\/h2>\n\n<p>Hojicha to palona japo\u0144ska zielona herbata, dost\u0119pna zar\u00f3wno w postaci proszku, jak i li\u015bci. Ma nisk\u0105 zawarto\u015b\u0107 kofeiny, jest tradycyjnie spo\u017cywany wieczorem. Jego pomara\u0144czowy kolor pochodzi z pieczenia w porcelanowym garnku przez kilka minut, co nadaje mu charakterystyczny smak orzech\u00f3w, karmelu lub czekolady.  <\/p>\n\n<h2 class=\"wp-block-heading\">Zam\u00f3w pr\u00f3bk\u0119<\/h2>\n\n<p>Ciekawi Ci\u0119 bogaty, palony smak naszej hojichy premium?  <\/p>\n\n<p>Po prostu wype\u0142nij swoje dane poni\u017cej, a my wy\u015blemy Ci pr\u00f3bk\u0119. Daj nam zna\u0107, je\u015bli masz konkretne \u017cyczenia, a my z przyjemno\u015bci\u0105 dostosujemy nasz\u0105 ofert\u0119 do Twoich potrzeb biznesowych. <\/p>\n<div class=\"forminator-ui forminator-custom-form forminator-custom-form-1365 forminator-design--flat  forminator_ajax\" data-forminator-render=\"0\" data-form=\"forminator-module-1365\" data-uid=\"69d44239254f6\"><br\/><\/div><form\n\t\t\t\tid=\"forminator-module-1365\"\n\t\t\t\tclass=\"forminator-ui forminator-custom-form forminator-custom-form-1365 forminator-design--flat  forminator_ajax\"\n\t\t\t\tmethod=\"post\"\n\t\t\t\tdata-forminator-render=\"0\"\n\t\t\t\tdata-form-id=\"1365\"\n\t\t\t\t data-color-option=\"default\" data-design=\"flat\" data-grid=\"open\" style=\"display: none;\"\n\t\t\t\tdata-uid=\"69d44239254f6\"\n\t\t\t><div role=\"alert\" aria-live=\"polite\" class=\"forminator-response-message forminator-error\" aria-hidden=\"true\"><\/div><div class=\"forminator-row\"><div id=\"name-1\" class=\"forminator-field-name forminator-col forminator-col-6 \"><div class=\"forminator-field\"><input type=\"text\" name=\"name-1\" value=\"\" placeholder=\"First Name\" id=\"forminator-field-name-1_69d44239254f6\" class=\"forminator-input forminator-name--field\" aria-required=\"true\" autocomplete=\"name\" \/><\/div><\/div><div id=\"name-2\" class=\"forminator-field-name forminator-col forminator-col-6 \"><div class=\"forminator-field\"><input type=\"text\" name=\"name-2\" value=\"\" placeholder=\"Last Name\" id=\"forminator-field-name-2_69d44239254f6\" class=\"forminator-input forminator-name--field\" aria-required=\"true\" autocomplete=\"name\" \/><\/div><\/div><\/div><div class=\"forminator-row\"><div id=\"email-1\" class=\"forminator-field-email forminator-col forminator-col-12 \"><div class=\"forminator-field\"><input type=\"email\" name=\"email-1\" value=\"\" placeholder=\"Email\" id=\"forminator-field-email-1_69d44239254f6\" class=\"forminator-input forminator-email--field\" data-required=\"true\" aria-required=\"true\" autocomplete=\"email\" \/><\/div><\/div><\/div><div class=\"forminator-row\"><div id=\"phone-1\" class=\"forminator-field-phone forminator-col forminator-col-12 \"><div class=\"forminator-field\"><input type=\"text\" name=\"phone-1\" value=\"\" placeholder=\"Phone\" id=\"forminator-field-phone-1_69d44239254f6\" class=\"forminator-input forminator-field--phone\" data-required=\"\" aria-required=\"false\" autocomplete=\"off\" \/><\/div><\/div><\/div><div class=\"forminator-row\"><div id=\"textarea-1\" class=\"forminator-field-textarea forminator-col forminator-col-12 \"><div class=\"forminator-field\"><textarea name=\"textarea-1\" placeholder=\"Message\" id=\"forminator-field-textarea-1_69d44239254f6\" class=\"forminator-textarea\" rows=\"6\" style=\"min-height:140px;\" ><\/textarea><span id=\"forminator-field-textarea-1_69d44239254f6-description\" class=\"forminator-description\"><span data-limit=\"300\" data-type=\"words\" data-editor=\"\">0 \/ 300<\/span><\/span><\/div><\/div><\/div><div class=\"forminator-row\"><\/div><input type=\"hidden\" name=\"referer_url\" value=\"\" \/><div class=\"forminator-row forminator-row-last\"><div class=\"forminator-col\"><div class=\"forminator-field\"><button class=\"forminator-button forminator-button-submit\">Send<\/button><\/div><\/div><\/div><input type=\"hidden\" id=\"forminator_nonce\" name=\"forminator_nonce\" value=\"8ad7e0b691\" \/><input type=\"hidden\" name=\"_wp_http_referer\" value=\"\/pl\/wp-json\/wp\/v2\/pages\/6568\" \/><input type=\"hidden\" name=\"form_id\" value=\"1365\"><input type=\"hidden\" name=\"page_id\" value=\"6568\"><input type=\"hidden\" name=\"form_type\" value=\"default\"><input type=\"hidden\" name=\"current_url\" value=\"https:\/\/hojichawholesale.eu\/pl\/co-to-jest-hojicha\/\"><input type=\"hidden\" name=\"render_id\" value=\"0\"><input type=\"hidden\" name=\"action\" value=\"forminator_submit_form_custom-forms\"><label for=\"input_6\" class=\"forminator-hidden\" aria-hidden=\"true\">Prosz\u0119 nie wype\u0142nia\u0107 tego pola. <input id=\"input_6\" type=\"text\" name=\"input_6\" value=\"\" autocomplete=\"off\"><\/label><\/form>\n","protected":false},"excerpt":{"rendered":"<p>Co to jest Hojicha? Hojicha to japo\u0144ska zielona herbata pra\u017cona w porcelanie w temperaturze od 175\u00b0C do 350\u00b0C. Ten proces pra\u017cenia nadaje mu charakterystyczne pomara\u0144czowe odcienie i zmniejsza zawarto\u015b\u0107 kofeiny i katechiny. &#8222;Hoji&#8221; oznacza po japo\u0144sku &#8222;pieczenie&#8221;, a &#8222;cha&#8221; oznacza herbat\u0119. Dlaczego warto pi\u0107 Hojicha? Hojicha to tradycyjny japo\u0144ski nap\u00f3j spo\u017cywany w nocy, aby wspom\u00f3c [&hellip;]<\/p>\n","protected":false},"author":1,"featured_media":6569,"parent":0,"menu_order":0,"comment_status":"closed","ping_status":"closed","template":"","meta":{"_surecart_dashboard_logo_width":"180px","_surecart_dashboard_show_logo":true,"_surecart_dashboard_navigation_orders":true,"_surecart_dashboard_navigation_invoices":true,"_surecart_dashboard_navigation_subscriptions":true,"_surecart_dashboard_navigation_downloads":true,"_surecart_dashboard_navigation_billing":true,"_surecart_dashboard_navigation_account":true,"footnotes":""},"class_list":["post-6568","page","type-page","status-publish","has-post-thumbnail","hentry","entry","has-media"],"mb":[],"mfb_rest_fields":["title","gutenberg_elementor_mode"],"_links":{"self":[{"href":"https:\/\/hojichawholesale.eu\/pl\/wp-json\/wp\/v2\/pages\/6568","targetHints":{"allow":["GET"]}}],"collection":[{"href":"https:\/\/hojichawholesale.eu\/pl\/wp-json\/wp\/v2\/pages"}],"about":[{"href":"https:\/\/hojichawholesale.eu\/pl\/wp-json\/wp\/v2\/types\/page"}],"author":[{"embeddable":true,"href":"https:\/\/hojichawholesale.eu\/pl\/wp-json\/wp\/v2\/users\/1"}],"replies":[{"embeddable":true,"href":"https:\/\/hojichawholesale.eu\/pl\/wp-json\/wp\/v2\/comments?post=6568"}],"version-history":[{"count":0,"href":"https:\/\/hojichawholesale.eu\/pl\/wp-json\/wp\/v2\/pages\/6568\/revisions"}],"wp:featuredmedia":[{"embeddable":true,"href":"https:\/\/hojichawholesale.eu\/pl\/wp-json\/wp\/v2\/media\/6569"}],"wp:attachment":[{"href":"https:\/\/hojichawholesale.eu\/pl\/wp-json\/wp\/v2\/media?parent=6568"}],"curies":[{"name":"wp","href":"https:\/\/api.w.org\/{rel}","templated":true}]}}