{"id":6557,"date":"2024-10-12T11:59:06","date_gmt":"2024-10-12T11:59:06","guid":{"rendered":"https:\/\/hojichawholesale.eu\/dlaczego-warto-sprzedawac-hojicha\/"},"modified":"2024-10-13T19:32:31","modified_gmt":"2024-10-13T19:32:31","slug":"dlaczego-warto-sprzedawac-hojicha","status":"publish","type":"page","link":"https:\/\/hojichawholesale.eu\/pl\/dlaczego-warto-sprzedawac-hojicha\/","title":{"rendered":"Dlaczego warto sprzedawa\u0107 hojicha?"},"content":{"rendered":"\n<h1 class=\"wp-block-heading\">Dlaczego warto sprzeda\u0107 Hojicha?<\/h1>\n\n<p>Hojicha, japo\u0144ska palona zielona herbata, w ostatnich latach szybko zyska\u0142a na popularno\u015bci.  <\/p>\n\n<figure class=\"wp-block-image size-large\"><img fetchpriority=\"high\" decoding=\"async\" width=\"1024\" height=\"544\" src=\"https:\/\/hojichawholesale.eu\/wp-content\/uploads\/2024\/10\/hojicha-trends-1-1024x544.avif\" alt=\"\" class=\"wp-image-5519\" srcset=\"https:\/\/hojichawholesale.eu\/wp-content\/uploads\/2024\/10\/hojicha-trends-1-1024x544.avif 1024w, https:\/\/hojichawholesale.eu\/wp-content\/uploads\/2024\/10\/hojicha-trends-1-300x159.avif 300w, https:\/\/hojichawholesale.eu\/wp-content\/uploads\/2024\/10\/hojicha-trends-1-768x408.avif 768w, https:\/\/hojichawholesale.eu\/wp-content\/uploads\/2024\/10\/hojicha-trends-1-1536x816.avif 1536w, https:\/\/hojichawholesale.eu\/wp-content\/uploads\/2024\/10\/hojicha-trends-1.avif 1892w\" sizes=\"(max-width: 1024px) 100vw, 1024px\" \/><\/figure>\n\n<figure class=\"wp-block-image size-large\"><img decoding=\"async\" width=\"1024\" height=\"412\" src=\"https:\/\/hojichawholesale.eu\/wp-content\/uploads\/2024\/10\/hojicha-trends-countries-1024x412.avif\" alt=\"\" class=\"wp-image-5459\" srcset=\"https:\/\/hojichawholesale.eu\/wp-content\/uploads\/2024\/10\/hojicha-trends-countries-1024x412.avif 1024w, https:\/\/hojichawholesale.eu\/wp-content\/uploads\/2024\/10\/hojicha-trends-countries-300x121.avif 300w, https:\/\/hojichawholesale.eu\/wp-content\/uploads\/2024\/10\/hojicha-trends-countries-768x309.avif 768w, https:\/\/hojichawholesale.eu\/wp-content\/uploads\/2024\/10\/hojicha-trends-countries-1536x618.avif 1536w, https:\/\/hojichawholesale.eu\/wp-content\/uploads\/2024\/10\/hojicha-trends-countries.avif 1873w\" sizes=\"(max-width: 1024px) 100vw, 1024px\" \/><\/figure>\n\n<p>Dzi\u0119ki charakterystycznemu profilowi smakowemu, rosn\u0105cej atrakcyjno\u015bci zdrowotnej i wszechstronno\u015bci, jest to nowa i atrakcyjna propozycja dla Twoich klient\u00f3w.  <\/p>\n\n<p>Oto dlaczego powiniene\u015b rozwa\u017cy\u0107 dodanie hojicha do swojego menu.<\/p>\n\n<h2 class=\"wp-block-heading\">1. Unikalny profil smakowy<\/h2>\n\n<p>Hojicha wyr\u00f3\u017cnia si\u0119 ciep\u0142ym, palonym smakiem, kt\u00f3ry odr\u00f3\u017cnia j\u0105 od innych japo\u0144skich herbat, takich jak matcha czy sencha.  <\/p>\n\n<p>Proces pra\u017cenia nadaje mu tostowy, lekko orzechowy smak z nut\u0105 karmelowej s\u0142odyczy, dzi\u0119ki czemu jest atrakcyjnym wyborem dla klient\u00f3w poszukuj\u0105cych czego\u015b innego.  <\/p>\n\n<p>Brak goryczki i niska zawarto\u015b\u0107 kofeiny (ze wzgl\u0119du na pra\u017cenie) sprawiaj\u0105, \u017ce jest to opcja uniwersalna i przyjazna rodzinie.  <\/p>\n\n<p>Uboga w cukier, ale pyszna, to nap\u00f3j dla ka\u017cdego.  <\/p>\n\n<h2 class=\"wp-block-heading\">2. Korzy\u015bci zdrowotne<\/h2>\n\n<p>Hojicha, podobnie jak inne zielone herbaty, zachowuje wiele korzy\u015bci zdrowotnych, nawet po pra\u017ceniu.  <\/p>\n\n<p>Jest bogaty w przeciwutleniacze, kt\u00f3re s\u0105 znane ze swojej roli w zmniejszaniu stanu zapalnego i promowaniu og\u00f3lnego samopoczucia. Niska zawarto\u015b\u0107 kofeiny sprawia, \u017ce jest odpowiednia dla os\u00f3b, kt\u00f3re chc\u0105 zmniejszy\u0107 spo\u017cycie kofeiny, jednocze\u015bnie ciesz\u0105c si\u0119 uspokajaj\u0105cymi, prozdrowotnymi w\u0142a\u015bciwo\u015bciami herbaty.   <\/p>\n\n<h2 class=\"wp-block-heading\">3. Wszechstronno\u015b\u0107 w zastosowaniach kulinarnych<\/h2>\n\n<p>Hojicha jest dost\u0119pna w postaci lu\u017anych li\u015bci lub proszku.<\/p>\n\n<p>Ta wszechstronno\u015b\u0107 jest rzadko\u015bci\u0105 w\u015br\u00f3d japo\u0144skich herbat.  <\/p>\n\n<p>Hojicha mo\u017ce by\u0107 podawana na ciep\u0142o lub na zimno, w herbacie lub latte i mo\u017ce by\u0107 upieczona na chleb, herbatniki i ciasta.  <\/p>\n\n<p>Mo\u017ce by\u0107 r\u00f3wnie\u017c stosowany jako smak lod\u00f3w.  <\/p>\n\n<p>Jego palony, ziemisty smak sprawia, \u017ce jest ekscytuj\u0105cym sk\u0142adnikiem do wykorzystania w prawie wszystkich przepisach.  <\/p>\n\n<h2 class=\"wp-block-heading\">4. Rosn\u0105ca globalna popularno\u015b\u0107<\/h2>\n\n<p>Popularno\u015b\u0107 Hojicha nie ogranicza si\u0119 ju\u017c tylko do Japonii.  <\/p>\n\n<p>Mi\u0119dzynarodowi mi\u0142o\u015bnicy herbaty staj\u0105 si\u0119 coraz bardziej \u017c\u0105dni przyg\u00f3d, chc\u0105 odkrywa\u0107 nowe smaki i kulturowe tradycje herbaciane. Wraz ze wzrostem \u015bwiadomo\u015bci na temat hojicha ro\u015bnie r\u00f3wnie\u017c popyt na ni\u0105 na rynku. <\/p>\n\n<p>B\u0119d\u0105c jednym z pierwszych sprzedawc\u00f3w hojicha, pozycjonujesz si\u0119 na czele rozwijaj\u0105cego si\u0119 globalnego trendu, kt\u00f3ry nie wykazuje oznak spowolnienia.  <\/p>\n\n<p>Pozycjonujesz r\u00f3wnie\u017c sw\u00f3j biznes jako inny i modniejszy od konkurencji.  <\/p>\n\n<h2 class=\"wp-block-heading\">5. \u0141atwy do wprowadzenia na rynek<\/h2>\n\n<p>Charakter produktu daje szeroki zakres perspektyw do wykorzystania w marketingu, od fantazyjnego japo\u0144skiego napoju po nap\u00f3j prozdrowotny.  <\/p>\n\n<p>Niski koszt produkcji daje pe\u0142n\u0105 kontrol\u0119 nad mar\u017cami zysku.  <\/p>\n\n<h2 class=\"wp-block-heading\">Konkluzja<\/h2>\n\n<p>Jako g\u0142\u00f3wna, wschodz\u0105ca japo\u0144ska herbata, hojicha jest obowi\u0105zkowa dla kawiarni, hoteli, restauracji i detalicznych herbaciarni, kt\u00f3re chc\u0105 zaoferowa\u0107 swoim klientom ekscytuj\u0105c\u0105 gam\u0119 produkt\u00f3w.  <\/p>\n\n<p>Korzy\u015bci zdrowotne Hojicha, bogaty profil smakowy i rosn\u0105cy popyt sprawiaj\u0105, \u017ce jest to strategiczny dodatek zar\u00f3wno dla sprzedawc\u00f3w detalicznych, jak i zak\u0142ad\u00f3w gastronomicznych.<\/p>\n\n<p>Niezale\u017cnie od tego, czy Twoi klienci s\u0105 do\u015bwiadczonymi mi\u0142o\u015bnikami herbaty, czy nowicjuszami w japo\u0144skich herbatach, hojicha z pewno\u015bci\u0105 wyr\u00f3\u017cni si\u0119 jako produkt o szerokim zasi\u0119gu.<\/p>\n\n<h2 class=\"wp-block-heading\">Zam\u00f3w pr\u00f3bk\u0119<\/h2>\n\n<p>Ciekawi Ci\u0119 bogaty, palony smak naszej hojichy premium?  <\/p>\n\n<p>Po prostu wype\u0142nij swoje dane poni\u017cej, a my wy\u015blemy Ci pr\u00f3bk\u0119. Daj nam zna\u0107, je\u015bli masz konkretne \u017cyczenia, a my z przyjemno\u015bci\u0105 dostosujemy nasz\u0105 ofert\u0119 do Twoich potrzeb biznesowych. <\/p>\n<div class=\"forminator-ui forminator-custom-form forminator-custom-form-1365 forminator-design--flat  forminator_ajax\" data-forminator-render=\"0\" data-form=\"forminator-module-1365\" data-uid=\"69d4a98a323c0\"><br\/><\/div><form\n\t\t\t\tid=\"forminator-module-1365\"\n\t\t\t\tclass=\"forminator-ui forminator-custom-form forminator-custom-form-1365 forminator-design--flat  forminator_ajax\"\n\t\t\t\tmethod=\"post\"\n\t\t\t\tdata-forminator-render=\"0\"\n\t\t\t\tdata-form-id=\"1365\"\n\t\t\t\t data-color-option=\"default\" data-design=\"flat\" data-grid=\"open\" style=\"display: none;\"\n\t\t\t\tdata-uid=\"69d4a98a323c0\"\n\t\t\t><div role=\"alert\" aria-live=\"polite\" class=\"forminator-response-message forminator-error\" aria-hidden=\"true\"><\/div><div class=\"forminator-row\"><div id=\"name-1\" class=\"forminator-field-name forminator-col forminator-col-6 \"><div class=\"forminator-field\"><input type=\"text\" name=\"name-1\" value=\"\" placeholder=\"First Name\" id=\"forminator-field-name-1_69d4a98a323c0\" class=\"forminator-input forminator-name--field\" aria-required=\"true\" autocomplete=\"name\" \/><\/div><\/div><div id=\"name-2\" class=\"forminator-field-name forminator-col forminator-col-6 \"><div class=\"forminator-field\"><input type=\"text\" name=\"name-2\" value=\"\" placeholder=\"Last Name\" id=\"forminator-field-name-2_69d4a98a323c0\" class=\"forminator-input forminator-name--field\" aria-required=\"true\" autocomplete=\"name\" \/><\/div><\/div><\/div><div class=\"forminator-row\"><div id=\"email-1\" class=\"forminator-field-email forminator-col forminator-col-12 \"><div class=\"forminator-field\"><input type=\"email\" name=\"email-1\" value=\"\" placeholder=\"Email\" id=\"forminator-field-email-1_69d4a98a323c0\" class=\"forminator-input forminator-email--field\" data-required=\"true\" aria-required=\"true\" autocomplete=\"email\" \/><\/div><\/div><\/div><div class=\"forminator-row\"><div id=\"phone-1\" class=\"forminator-field-phone forminator-col forminator-col-12 \"><div class=\"forminator-field\"><input type=\"text\" name=\"phone-1\" value=\"\" placeholder=\"Phone\" id=\"forminator-field-phone-1_69d4a98a323c0\" class=\"forminator-input forminator-field--phone\" data-required=\"\" aria-required=\"false\" autocomplete=\"off\" \/><\/div><\/div><\/div><div class=\"forminator-row\"><div id=\"textarea-1\" class=\"forminator-field-textarea forminator-col forminator-col-12 \"><div class=\"forminator-field\"><textarea name=\"textarea-1\" placeholder=\"Message\" id=\"forminator-field-textarea-1_69d4a98a323c0\" class=\"forminator-textarea\" rows=\"6\" style=\"min-height:140px;\" ><\/textarea><span id=\"forminator-field-textarea-1_69d4a98a323c0-description\" class=\"forminator-description\"><span data-limit=\"300\" data-type=\"words\" data-editor=\"\">0 \/ 300<\/span><\/span><\/div><\/div><\/div><div class=\"forminator-row\"><\/div><input type=\"hidden\" name=\"referer_url\" value=\"\" \/><div class=\"forminator-row forminator-row-last\"><div class=\"forminator-col\"><div class=\"forminator-field\"><button class=\"forminator-button forminator-button-submit\">Send<\/button><\/div><\/div><\/div><input type=\"hidden\" id=\"forminator_nonce\" name=\"forminator_nonce\" value=\"0b51ba8eba\" \/><input type=\"hidden\" name=\"_wp_http_referer\" value=\"\/pl\/wp-json\/wp\/v2\/pages\/6557\" \/><input type=\"hidden\" name=\"form_id\" value=\"1365\"><input type=\"hidden\" name=\"page_id\" value=\"6557\"><input type=\"hidden\" name=\"form_type\" value=\"default\"><input type=\"hidden\" name=\"current_url\" value=\"https:\/\/hojichawholesale.eu\/pl\/dlaczego-warto-sprzedawac-hojicha\/\"><input type=\"hidden\" name=\"render_id\" value=\"0\"><input type=\"hidden\" name=\"action\" value=\"forminator_submit_form_custom-forms\"><label for=\"input_6\" class=\"forminator-hidden\" aria-hidden=\"true\">Prosz\u0119 nie wype\u0142nia\u0107 tego pola. <input id=\"input_6\" type=\"text\" name=\"input_6\" value=\"\" autocomplete=\"off\"><\/label><\/form>\n","protected":false},"excerpt":{"rendered":"<p>Dlaczego warto sprzeda\u0107 Hojicha? Hojicha, japo\u0144ska palona zielona herbata, w ostatnich latach szybko zyska\u0142a na popularno\u015bci. Dzi\u0119ki charakterystycznemu profilowi smakowemu, rosn\u0105cej atrakcyjno\u015bci zdrowotnej i wszechstronno\u015bci, jest to nowa i atrakcyjna propozycja dla Twoich klient\u00f3w. Oto dlaczego powiniene\u015b rozwa\u017cy\u0107 dodanie hojicha do swojego menu. 1. Unikalny profil smakowy Hojicha wyr\u00f3\u017cnia si\u0119 ciep\u0142ym, palonym smakiem, kt\u00f3ry odr\u00f3\u017cnia [&hellip;]<\/p>\n","protected":false},"author":1,"featured_media":6566,"parent":0,"menu_order":0,"comment_status":"closed","ping_status":"closed","template":"","meta":{"_surecart_dashboard_logo_width":"180px","_surecart_dashboard_show_logo":true,"_surecart_dashboard_navigation_orders":true,"_surecart_dashboard_navigation_invoices":true,"_surecart_dashboard_navigation_subscriptions":true,"_surecart_dashboard_navigation_downloads":true,"_surecart_dashboard_navigation_billing":true,"_surecart_dashboard_navigation_account":true,"footnotes":""},"class_list":["post-6557","page","type-page","status-publish","has-post-thumbnail","hentry","entry","has-media"],"mb":[],"mfb_rest_fields":["title","gutenberg_elementor_mode"],"_links":{"self":[{"href":"https:\/\/hojichawholesale.eu\/pl\/wp-json\/wp\/v2\/pages\/6557","targetHints":{"allow":["GET"]}}],"collection":[{"href":"https:\/\/hojichawholesale.eu\/pl\/wp-json\/wp\/v2\/pages"}],"about":[{"href":"https:\/\/hojichawholesale.eu\/pl\/wp-json\/wp\/v2\/types\/page"}],"author":[{"embeddable":true,"href":"https:\/\/hojichawholesale.eu\/pl\/wp-json\/wp\/v2\/users\/1"}],"replies":[{"embeddable":true,"href":"https:\/\/hojichawholesale.eu\/pl\/wp-json\/wp\/v2\/comments?post=6557"}],"version-history":[{"count":0,"href":"https:\/\/hojichawholesale.eu\/pl\/wp-json\/wp\/v2\/pages\/6557\/revisions"}],"wp:featuredmedia":[{"embeddable":true,"href":"https:\/\/hojichawholesale.eu\/pl\/wp-json\/wp\/v2\/media\/6566"}],"wp:attachment":[{"href":"https:\/\/hojichawholesale.eu\/pl\/wp-json\/wp\/v2\/media?parent=6557"}],"curies":[{"name":"wp","href":"https:\/\/api.w.org\/{rel}","templated":true}]}}