{"id":6553,"date":"2024-10-12T09:58:42","date_gmt":"2024-10-12T09:58:42","guid":{"rendered":"https:\/\/hojichawholesale.eu\/hojicha-dla-hoteli-i-restauracji\/"},"modified":"2024-10-13T19:32:18","modified_gmt":"2024-10-13T19:32:18","slug":"hojicha-dla-hoteli-i-restauracji","status":"publish","type":"page","link":"https:\/\/hojichawholesale.eu\/pl\/hojicha-dla-hoteli-i-restauracji\/","title":{"rendered":"Hojicha dla hoteli i restauracji"},"content":{"rendered":"\n<h1 class=\"wp-block-heading\">Hojicha dla hoteli i restauracji<\/h1>\n\n<p>Hojicha to wschodz\u0105ca, modna japo\u0144ska herbata. Podobnie jak matcha, jest dost\u0119pna w postaci proszku, idealna do latte, deser\u00f3w i wypiek\u00f3w. Ale w przeciwie\u0144stwie do matchy, jest r\u00f3wnie\u017c dost\u0119pna w postaci lu\u017anych li\u015bci, co pozwala na \u0142atwe zaparzenie z gor\u0105c\u0105 wod\u0105.    <\/p>\n\n<p>Hojicha jest silnie kojarzona ze zdrowiem, wyrafinowaniem i wysok\u0105 jako\u015bci\u0105, pozytywnie wp\u0142ywaj\u0105c na Twoj\u0105 mark\u0119 i styl oraz pomagaj\u0105c klientom poczu\u0107 si\u0119 wyrafinowanym.  <\/p>\n\n<p>Dodatkowo oferuje wysokie mar\u017ce zysku ze wzgl\u0119du na postrzeganie premium i niskie koszty produkcji.<\/p>\n\n<p>Oto dlaczego hojicha jest idealnym dodatkiem do oferty napoj\u00f3w w Twoim hotelu lub restauracji.<\/p>\n\n<h2 class=\"wp-block-heading\">1. Niepowtarzalny, palony smak<\/h2>\n\n<p>Hojicha oferuje g\u0142\u0119boki, palony smak z nutami karmelu, orzech\u00f3w i \u0142agodnym dymem. Jej g\u0142adki, naturalnie s\u0142odki smak przemawia do szerokiego grona os\u00f3b, co czyni go bardziej uniwersaln\u0105 opcj\u0105 ni\u017c matcha. <\/p>\n\n<h2 class=\"wp-block-heading\">2. Niska zawarto\u015b\u0107 kofeiny i relaks<\/h2>\n\n<p>Pra\u017cona w wysokich temperaturach hojicha ma minimaln\u0105 zawarto\u015b\u0107 kofeiny, dzi\u0119ki czemu jest idealn\u0105 propozycj\u0105 dla go\u015bci szukaj\u0105cych relaksu o ka\u017cdej porze dnia. Ten profil o niskiej zawarto\u015bci kofeiny jest przeznaczony dla os\u00f3b wra\u017cliwych na kofein\u0119, zwi\u0119kszaj\u0105c atrakcyjno\u015b\u0107 Twojego menu. <\/p>\n<div class=\"wp-block-image\">\n<figure class=\"aligncenter size-large is-resized\"><img fetchpriority=\"high\" decoding=\"async\" width=\"1024\" height=\"684\" src=\"https:\/\/hojichawholesale.eu\/wp-content\/uploads\/2024\/10\/Depositphotos_500113964_L-1024x684.avif\" alt=\"\" class=\"wp-image-5326\" style=\"width:509px;height:auto\" srcset=\"https:\/\/hojichawholesale.eu\/wp-content\/uploads\/2024\/10\/Depositphotos_500113964_L-1024x684.avif 1024w, https:\/\/hojichawholesale.eu\/wp-content\/uploads\/2024\/10\/Depositphotos_500113964_L-300x200.avif 300w, https:\/\/hojichawholesale.eu\/wp-content\/uploads\/2024\/10\/Depositphotos_500113964_L-768x513.avif 768w, https:\/\/hojichawholesale.eu\/wp-content\/uploads\/2024\/10\/Depositphotos_500113964_L.avif 1200w\" sizes=\"(max-width: 1024px) 100vw, 1024px\" \/><\/figure>\n<\/div>\n<h2 class=\"wp-block-heading\">3. \u015awiadomy wyb\u00f3r zdrowia<\/h2>\n\n<p>Poniewa\u017c go\u015bcie coraz cz\u0119\u015bciej stawiaj\u0105 na pierwszym miejscu zdrowie, hojicha oferuje wiele korzy\u015bci. Jest bogaty w przeciwutleniacze, wspomaga trawienie, zmniejsza stres i sprzyja relaksacji. Niska zawarto\u015b\u0107 kofeiny sprawia, \u017ce jest odpowiedni dla wszystkich grup wiekowych, przyci\u0105gaj\u0105c go\u015bci dbaj\u0105cych o zdrowie, rodziny i osoby podr\u00f3\u017cuj\u0105ce s\u0142u\u017cbowo.  <\/p>\n\n<h2 class=\"wp-block-heading\">4. Wszechstronne opcje serwowania<\/h2>\n\n<p>Hojicha jest elastycznym sk\u0142adnikiem, niezale\u017cnie od tego, czy podawana na gor\u0105co lub mro\u017cona, czy te\u017c dodawana do latte, koktajli lub deser\u00f3w. Jego wszechstronno\u015b\u0107 pozwala na niesko\u0144czon\u0105 kreatywno\u015b\u0107 w menu napoj\u00f3w i deser\u00f3w, dodaj\u0105c wyj\u0105tkowego akcentu do Twojej oferty. <\/p>\n<div class=\"wp-block-image\">\n<figure class=\"aligncenter size-large is-resized\"><img decoding=\"async\" width=\"1024\" height=\"683\" src=\"https:\/\/hojichawholesale.eu\/wp-content\/uploads\/2024\/10\/Depositphotos_507526862_L-1024x683.avif\" alt=\"\" class=\"wp-image-5332\" style=\"width:605px;height:auto\" srcset=\"https:\/\/hojichawholesale.eu\/wp-content\/uploads\/2024\/10\/Depositphotos_507526862_L-1024x683.avif 1024w, https:\/\/hojichawholesale.eu\/wp-content\/uploads\/2024\/10\/Depositphotos_507526862_L-300x200.avif 300w, https:\/\/hojichawholesale.eu\/wp-content\/uploads\/2024\/10\/Depositphotos_507526862_L-768x512.avif 768w, https:\/\/hojichawholesale.eu\/wp-content\/uploads\/2024\/10\/Depositphotos_507526862_L.avif 1200w\" sizes=\"(max-width: 1024px) 100vw, 1024px\" \/><figcaption class=\"wp-element-caption\">Deska z such\u0105 zielon\u0105 herbat\u0105 hojicha i fili\u017cank\u0105 gor\u0105cego napoju na kolorowym tle<\/figcaption><\/figure>\n<\/div>\n<h2 class=\"wp-block-heading\">5. Rosn\u0105cy trend<\/h2>\n\n<p>Poniewa\u017c matcha jest teraz g\u0142\u00f3wnym nurtem, Hojicha ma szans\u0119 sta\u0107 si\u0119 kolejnym wielkim trendem w japo\u0144skich herbatach, szczeg\u00f3lnie w Europie. Oferowanie hojicha pozwala Twojemu lokalowi wyr\u00f3\u017cni\u0107 si\u0119 ekskluzywn\u0105, ekskluzywn\u0105 opcj\u0105, kt\u00f3ra zrobi wra\u017cenie na go\u015bciach i poprawi Twoj\u0105 reputacj\u0119.   <\/p>\n\n<figure class=\"wp-block-image size-large\"><img decoding=\"async\" width=\"1024\" height=\"544\" src=\"https:\/\/hojichawholesale.eu\/wp-content\/uploads\/2024\/10\/hojicha-trends-1-1024x544.avif\" alt=\"\" class=\"wp-image-5519\" srcset=\"https:\/\/hojichawholesale.eu\/wp-content\/uploads\/2024\/10\/hojicha-trends-1-1024x544.avif 1024w, https:\/\/hojichawholesale.eu\/wp-content\/uploads\/2024\/10\/hojicha-trends-1-300x159.avif 300w, https:\/\/hojichawholesale.eu\/wp-content\/uploads\/2024\/10\/hojicha-trends-1-768x408.avif 768w, https:\/\/hojichawholesale.eu\/wp-content\/uploads\/2024\/10\/hojicha-trends-1-1536x816.avif 1536w, https:\/\/hojichawholesale.eu\/wp-content\/uploads\/2024\/10\/hojicha-trends-1.avif 1892w\" sizes=\"(max-width: 1024px) 100vw, 1024px\" \/><\/figure>\n\n<figure class=\"wp-block-image size-large\"><img loading=\"lazy\" decoding=\"async\" width=\"1024\" height=\"412\" src=\"https:\/\/hojichawholesale.eu\/wp-content\/uploads\/2024\/10\/hojicha-trends-countries-1024x412.avif\" alt=\"\" class=\"wp-image-5459\" srcset=\"https:\/\/hojichawholesale.eu\/wp-content\/uploads\/2024\/10\/hojicha-trends-countries-1024x412.avif 1024w, https:\/\/hojichawholesale.eu\/wp-content\/uploads\/2024\/10\/hojicha-trends-countries-300x121.avif 300w, https:\/\/hojichawholesale.eu\/wp-content\/uploads\/2024\/10\/hojicha-trends-countries-768x309.avif 768w, https:\/\/hojichawholesale.eu\/wp-content\/uploads\/2024\/10\/hojicha-trends-countries-1536x618.avif 1536w, https:\/\/hojichawholesale.eu\/wp-content\/uploads\/2024\/10\/hojicha-trends-countries.avif 1873w\" sizes=\"(max-width: 1024px) 100vw, 1024px\" \/><\/figure>\n\n<h2 class=\"wp-block-heading\">6. \u0141atwy do wprowadzenia na rynek<\/h2>\n\n<p>Charakter produktu daje szeroki zakres perspektyw do wykorzystania w marketingu, od fantazyjnego japo\u0144skiego napoju po nap\u00f3j prozdrowotny.<\/p>\n\n<p>Niski koszt produkcji daje pe\u0142n\u0105 kontrol\u0119 nad mar\u017cami zysku.<\/p>\n\n<h2 class=\"wp-block-heading\">Zam\u00f3w pr\u00f3bk\u0119<\/h2>\n\n<p>Ciekawi Ci\u0119 bogaty, palony smak naszej hojichy premium?  <\/p>\n\n<p>Po prostu wype\u0142nij swoje dane poni\u017cej, a my wy\u015blemy Ci pr\u00f3bk\u0119. Daj nam zna\u0107, je\u015bli masz konkretne \u017cyczenia, a my z przyjemno\u015bci\u0105 dostosujemy nasz\u0105 ofert\u0119 do Twoich potrzeb biznesowych. <\/p>\n<div class=\"forminator-ui forminator-custom-form forminator-custom-form-1365 forminator-design--flat  forminator_ajax\" data-forminator-render=\"0\" data-form=\"forminator-module-1365\" data-uid=\"69d4bfb27d16f\"><br\/><\/div><form\n\t\t\t\tid=\"forminator-module-1365\"\n\t\t\t\tclass=\"forminator-ui forminator-custom-form forminator-custom-form-1365 forminator-design--flat  forminator_ajax\"\n\t\t\t\tmethod=\"post\"\n\t\t\t\tdata-forminator-render=\"0\"\n\t\t\t\tdata-form-id=\"1365\"\n\t\t\t\t data-color-option=\"default\" data-design=\"flat\" data-grid=\"open\" style=\"display: none;\"\n\t\t\t\tdata-uid=\"69d4bfb27d16f\"\n\t\t\t><div role=\"alert\" aria-live=\"polite\" class=\"forminator-response-message forminator-error\" aria-hidden=\"true\"><\/div><div class=\"forminator-row\"><div id=\"name-1\" class=\"forminator-field-name forminator-col forminator-col-6 \"><div class=\"forminator-field\"><input type=\"text\" name=\"name-1\" value=\"\" placeholder=\"First Name\" id=\"forminator-field-name-1_69d4bfb27d16f\" class=\"forminator-input forminator-name--field\" aria-required=\"true\" autocomplete=\"name\" \/><\/div><\/div><div id=\"name-2\" class=\"forminator-field-name forminator-col forminator-col-6 \"><div class=\"forminator-field\"><input type=\"text\" name=\"name-2\" value=\"\" placeholder=\"Last Name\" id=\"forminator-field-name-2_69d4bfb27d16f\" class=\"forminator-input forminator-name--field\" aria-required=\"true\" autocomplete=\"name\" \/><\/div><\/div><\/div><div class=\"forminator-row\"><div id=\"email-1\" class=\"forminator-field-email forminator-col forminator-col-12 \"><div class=\"forminator-field\"><input type=\"email\" name=\"email-1\" value=\"\" placeholder=\"Email\" id=\"forminator-field-email-1_69d4bfb27d16f\" class=\"forminator-input forminator-email--field\" data-required=\"true\" aria-required=\"true\" autocomplete=\"email\" \/><\/div><\/div><\/div><div class=\"forminator-row\"><div id=\"phone-1\" class=\"forminator-field-phone forminator-col forminator-col-12 \"><div class=\"forminator-field\"><input type=\"text\" name=\"phone-1\" value=\"\" placeholder=\"Phone\" id=\"forminator-field-phone-1_69d4bfb27d16f\" class=\"forminator-input forminator-field--phone\" data-required=\"\" aria-required=\"false\" autocomplete=\"off\" \/><\/div><\/div><\/div><div class=\"forminator-row\"><div id=\"textarea-1\" class=\"forminator-field-textarea forminator-col forminator-col-12 \"><div class=\"forminator-field\"><textarea name=\"textarea-1\" placeholder=\"Message\" id=\"forminator-field-textarea-1_69d4bfb27d16f\" class=\"forminator-textarea\" rows=\"6\" style=\"min-height:140px;\" ><\/textarea><span id=\"forminator-field-textarea-1_69d4bfb27d16f-description\" class=\"forminator-description\"><span data-limit=\"300\" data-type=\"words\" data-editor=\"\">0 \/ 300<\/span><\/span><\/div><\/div><\/div><div class=\"forminator-row\"><\/div><input type=\"hidden\" name=\"referer_url\" value=\"\" \/><div class=\"forminator-row forminator-row-last\"><div class=\"forminator-col\"><div class=\"forminator-field\"><button class=\"forminator-button forminator-button-submit\">Send<\/button><\/div><\/div><\/div><input type=\"hidden\" id=\"forminator_nonce\" name=\"forminator_nonce\" value=\"0b51ba8eba\" \/><input type=\"hidden\" name=\"_wp_http_referer\" value=\"\/pl\/wp-json\/wp\/v2\/pages\/6553\" \/><input type=\"hidden\" name=\"form_id\" value=\"1365\"><input type=\"hidden\" name=\"page_id\" value=\"6553\"><input type=\"hidden\" name=\"form_type\" value=\"default\"><input type=\"hidden\" name=\"current_url\" value=\"https:\/\/hojichawholesale.eu\/pl\/hojicha-dla-hoteli-i-restauracji\/\"><input type=\"hidden\" name=\"render_id\" value=\"0\"><input type=\"hidden\" name=\"action\" value=\"forminator_submit_form_custom-forms\"><label for=\"input_6\" class=\"forminator-hidden\" aria-hidden=\"true\">Prosz\u0119 nie wype\u0142nia\u0107 tego pola. <input id=\"input_6\" type=\"text\" name=\"input_6\" value=\"\" autocomplete=\"off\"><\/label><\/form>\n\n<p><\/p>\n","protected":false},"excerpt":{"rendered":"<p>Hojicha dla hoteli i restauracji Hojicha to wschodz\u0105ca, modna japo\u0144ska herbata. Podobnie jak matcha, jest dost\u0119pna w postaci proszku, idealna do latte, deser\u00f3w i wypiek\u00f3w. Ale w przeciwie\u0144stwie do matchy, jest r\u00f3wnie\u017c dost\u0119pna w postaci lu\u017anych li\u015bci, co pozwala na \u0142atwe zaparzenie z gor\u0105c\u0105 wod\u0105. Hojicha jest silnie kojarzona ze zdrowiem, wyrafinowaniem i wysok\u0105 jako\u015bci\u0105, [&hellip;]<\/p>\n","protected":false},"author":1,"featured_media":6555,"parent":0,"menu_order":0,"comment_status":"closed","ping_status":"closed","template":"","meta":{"_surecart_dashboard_logo_width":"180px","_surecart_dashboard_show_logo":true,"_surecart_dashboard_navigation_orders":true,"_surecart_dashboard_navigation_invoices":true,"_surecart_dashboard_navigation_subscriptions":true,"_surecart_dashboard_navigation_downloads":true,"_surecart_dashboard_navigation_billing":true,"_surecart_dashboard_navigation_account":true,"footnotes":""},"class_list":["post-6553","page","type-page","status-publish","has-post-thumbnail","hentry","entry","has-media"],"mb":[],"mfb_rest_fields":["title","gutenberg_elementor_mode"],"_links":{"self":[{"href":"https:\/\/hojichawholesale.eu\/pl\/wp-json\/wp\/v2\/pages\/6553","targetHints":{"allow":["GET"]}}],"collection":[{"href":"https:\/\/hojichawholesale.eu\/pl\/wp-json\/wp\/v2\/pages"}],"about":[{"href":"https:\/\/hojichawholesale.eu\/pl\/wp-json\/wp\/v2\/types\/page"}],"author":[{"embeddable":true,"href":"https:\/\/hojichawholesale.eu\/pl\/wp-json\/wp\/v2\/users\/1"}],"replies":[{"embeddable":true,"href":"https:\/\/hojichawholesale.eu\/pl\/wp-json\/wp\/v2\/comments?post=6553"}],"version-history":[{"count":0,"href":"https:\/\/hojichawholesale.eu\/pl\/wp-json\/wp\/v2\/pages\/6553\/revisions"}],"wp:featuredmedia":[{"embeddable":true,"href":"https:\/\/hojichawholesale.eu\/pl\/wp-json\/wp\/v2\/media\/6555"}],"wp:attachment":[{"href":"https:\/\/hojichawholesale.eu\/pl\/wp-json\/wp\/v2\/media?parent=6553"}],"curies":[{"name":"wp","href":"https:\/\/api.w.org\/{rel}","templated":true}]}}