{"id":6547,"date":"2024-10-12T14:03:31","date_gmt":"2024-10-12T14:03:31","guid":{"rendered":"https:\/\/hojichawholesale.eu\/hojicha-srednia-pieczen-hurtownia\/"},"modified":"2025-12-10T19:00:14","modified_gmt":"2025-12-10T19:00:14","slug":"hojicha-srednia-pieczen-hurtownia","status":"publish","type":"page","link":"https:\/\/hojichawholesale.eu\/pl\/hojicha-srednia-pieczen-hurtownia\/","title":{"rendered":"Hojicha \u015arednia piecze\u0144 w proszku (hurtownia)"},"content":{"rendered":"\n<h1 class=\"wp-block-heading\">Hojicha \u015arednia Piecze\u0144 (Hurtownia)<\/h1>\n\n<p><strong>Hojicha Medium Roast<\/strong> <strong>Powder <\/strong>oferuje wyj\u0105tkowy, bogaty i ziemisty smak, kt\u00f3ry jest idealny dla mi\u0142o\u015bnik\u00f3w herbaty, kt\u00f3rzy ceni\u0105 sobie r\u00f3wnowag\u0119 mi\u0119dzy mocnymi nutami palonymi a naturaln\u0105 s\u0142odycz\u0105 zielonej herbaty.<\/p>\n<div class=\"wp-block-image\">\n<figure class=\"aligncenter size-full is-resized\"><img fetchpriority=\"high\" decoding=\"async\" width=\"1000\" height=\"1000\" src=\"https:\/\/hojichawholesale.eu\/wp-content\/uploads\/2025\/01\/hojicha-medium-powder-both.webp\" alt=\"\" class=\"wp-image-7484\" style=\"width:282px;height:auto\" srcset=\"https:\/\/hojichawholesale.eu\/wp-content\/uploads\/2025\/01\/hojicha-medium-powder-both.webp 1000w, https:\/\/hojichawholesale.eu\/wp-content\/uploads\/2025\/01\/hojicha-medium-powder-both-300x300.webp 300w, https:\/\/hojichawholesale.eu\/wp-content\/uploads\/2025\/01\/hojicha-medium-powder-both-150x150.webp 150w, https:\/\/hojichawholesale.eu\/wp-content\/uploads\/2025\/01\/hojicha-medium-powder-both-768x768.webp 768w, https:\/\/hojichawholesale.eu\/wp-content\/uploads\/2025\/01\/hojicha-medium-powder-both-600x600.webp 600w\" sizes=\"(max-width: 1000px) 100vw, 1000px\" \/><\/figure>\n<\/div>\n<h2 class=\"wp-block-heading\">Najwa\u017cniejsze cechy produktu<\/h2>\n\n<ul class=\"wp-block-list\">\n<li><strong>Rodzaj<\/strong>: Palona zielona herbata (hojicha)<\/li>\n\n\n\n<li><strong>Pochodzenie<\/strong>: Shizuoka, Japonia<\/li>\n\n\n\n<li><strong>Forma<\/strong>: Proszek<\/li>\n\n\n\n<li><strong>Poziom palenia<\/strong>: \u015aredni<\/li>\n\n\n\n<li><strong>Sezon zbior\u00f3w<\/strong>: Wiosna\/Lato<\/li>\n\n\n\n<li><strong>Przetwarzanie<\/strong>: Pra\u017cone w porcelanie w temperaturze ponad 220\u00b0C<\/li>\n\n\n\n<li><strong>Profil smakowy<\/strong>: Orzechowy, lekko s\u0142odki, g\u0142adki z nut\u0105 karmelu<\/li>\n\n\n\n<li><strong>Kofeina<\/strong>: Niska<\/li>\n\n\n\n<li><strong>Opakowanie<\/strong>: Dost\u0119pne w workach po 1 kg. Ponowne pakowanie dost\u0119pne na Twoje \u017cyczenie.   <\/li>\n<\/ul>\n\n<hr class=\"wp-block-separator has-alpha-channel-opacity\"\/>\n\n<h2 class=\"wp-block-heading\">Korzy\u015bci z \u015brednio pieczonej hojichy<\/h2>\n\n<ul class=\"wp-block-list\">\n<li><strong>Bogaty w przeciwutleniacze<\/strong>: Chroni przed wolnymi rodnikami<\/li>\n\n\n\n<li><strong>Niska zawarto\u015b\u0107 kofeiny<\/strong>: Idealna do ca\u0142odziennej przyjemno\u015bci, w tym wieczorami<\/li>\n\n\n\n<li><strong>Uspokajaj\u0105cy i relaksuj\u0105cy<\/strong>: Delikatny proces palenia zmniejsza gorycz i wzmacnia g\u0142adki, koj\u0105cy smak.<\/li>\n\n\n\n<li><strong>Modne<\/strong>: Rozwija si\u0119 w Azji Po\u0142udniowo-Wschodniej, ale zaczyna wzbudza\u0107 zainteresowanie w Europie.<\/li>\n<\/ul>\n\n<div class=\"wp-block-columns is-layout-flex wp-container-core-columns-is-layout-28f84493 wp-block-columns-is-layout-flex\">\n<div class=\"wp-block-column is-layout-flow wp-block-column-is-layout-flow\"><div class=\"wp-block-image\">\n<figure class=\"aligncenter size-full is-resized\"><img decoding=\"async\" width=\"1000\" height=\"1000\" src=\"https:\/\/hojichawholesale.eu\/wp-content\/uploads\/2025\/01\/hojicha-medium-powder.webp\" alt=\"Hojicha &#x15B;rednio palony proszek\" class=\"wp-image-7472\" style=\"width:297px;height:auto\" srcset=\"https:\/\/hojichawholesale.eu\/wp-content\/uploads\/2025\/01\/hojicha-medium-powder.webp 1000w, https:\/\/hojichawholesale.eu\/wp-content\/uploads\/2025\/01\/hojicha-medium-powder-300x300.webp 300w, https:\/\/hojichawholesale.eu\/wp-content\/uploads\/2025\/01\/hojicha-medium-powder-150x150.webp 150w, https:\/\/hojichawholesale.eu\/wp-content\/uploads\/2025\/01\/hojicha-medium-powder-768x768.webp 768w, https:\/\/hojichawholesale.eu\/wp-content\/uploads\/2025\/01\/hojicha-medium-powder-600x600.webp 600w\" sizes=\"(max-width: 1000px) 100vw, 1000px\" \/><\/figure>\n<\/div><\/div>\n\n\n\n<div class=\"wp-block-column is-layout-flow wp-block-column-is-layout-flow\"><div class=\"wp-block-image\">\n<figure class=\"aligncenter size-large is-resized\"><img decoding=\"async\" width=\"1024\" height=\"1024\" src=\"https:\/\/hojichawholesale.eu\/wp-content\/uploads\/2025\/01\/hojicha-medium-powder-infused-1024x1024.webp\" alt=\"Hojicha &#x15B;rednio palony proszek w infuzji\" class=\"wp-image-7496\" style=\"width:295px;height:auto\" srcset=\"https:\/\/hojichawholesale.eu\/wp-content\/uploads\/2025\/01\/hojicha-medium-powder-infused-1024x1024.webp 1024w, https:\/\/hojichawholesale.eu\/wp-content\/uploads\/2025\/01\/hojicha-medium-powder-infused-300x300.webp 300w, https:\/\/hojichawholesale.eu\/wp-content\/uploads\/2025\/01\/hojicha-medium-powder-infused-150x150.webp 150w, https:\/\/hojichawholesale.eu\/wp-content\/uploads\/2025\/01\/hojicha-medium-powder-infused-768x768.webp 768w, https:\/\/hojichawholesale.eu\/wp-content\/uploads\/2025\/01\/hojicha-medium-powder-infused-1536x1536.webp 1536w, https:\/\/hojichawholesale.eu\/wp-content\/uploads\/2025\/01\/hojicha-medium-powder-infused-600x600.webp 600w, https:\/\/hojichawholesale.eu\/wp-content\/uploads\/2025\/01\/hojicha-medium-powder-infused.webp 2000w\" sizes=\"(max-width: 1024px) 100vw, 1024px\" \/><\/figure>\n<\/div><\/div>\n<\/div>\n\n<hr class=\"wp-block-separator has-alpha-channel-opacity\"\/>\n\n<h2 class=\"wp-block-heading\">Informacje hurtowe<\/h2>\n\n<ul class=\"wp-block-list\">\n<li><strong>Minimalne zam\u00f3wienie (MOQ):<\/strong> 500 gram\u00f3w (5 * 100 gram\u00f3w).<\/li>\n\n\n\n<li><strong>Wycena hurtowa<\/strong>: Skontaktuj si\u0119 z nami poni\u017cej, aby uzyska\u0107 niestandardow\u0105 wycen\u0119 na podstawie wielko\u015bci zam\u00f3wienia.<\/li>\n\n\n\n<li><strong>Przechowywanie: Przechowywa\u0107<\/strong> w ch\u0142odnym, suchym miejscu.<\/li>\n\n\n\n<li><strong>Data wa\u017cno\u015bci<\/strong>: Hojicha mo\u017ce by\u0107 przechowywana przez okres do dw\u00f3ch lat w stanie nieotwartym i przechowywana w temperaturze 5\u00b0C &#8211; 10\u00b0C.<\/li>\n\n\n\n<li><strong>Wysy\u0142ka<\/strong>: Wysy\u0142amy na kontynencie europejskim z elastycznymi opcjami wysy\u0142ki, w tym ekspresow\u0105 dostaw\u0105 w przypadku pilnych zam\u00f3wie\u0144.<\/li>\n<\/ul>\n\n<hr class=\"wp-block-separator has-alpha-channel-opacity\"\/>\n\n<h2 class=\"wp-block-heading\">Jak warzy\u0107<\/h2>\n\n<ol class=\"wp-block-list\">\n<li><strong>Ilo\u015b\u0107 herbaty<\/strong>: 8g herbaty na 500ml wody<\/li>\n\n\n\n<li><strong>Temperatura wody<\/strong>: 70-80\u00b0C  <\/li>\n\n\n\n<li><strong>Czas namaczania<\/strong>: 2-3 minuty na idealn\u0105 fili\u017cank\u0119<\/li>\n<\/ol>\n\n<hr class=\"wp-block-separator has-alpha-channel-opacity\"\/>\n\n<h2 class=\"wp-block-heading\">Idealny dla<\/h2>\n\n<ul class=\"wp-block-list\">\n<li>Herbaciarnie, kawiarnie i restauracje, kt\u00f3re chc\u0105 oferowa\u0107 najwy\u017cszej jako\u015bci doznania hojicha latte.  <\/li>\n\n\n\n<li>Konsumenci dbaj\u0105cy o zdrowie, kt\u00f3rzy preferuj\u0105 alternatyw\u0119 o niskiej zawarto\u015bci kofeiny.<\/li>\n\n\n\n<li>Miesza si\u0119 z innymi herbatami, tworz\u0105c charakterystyczne mieszanki herbat domowych.<\/li>\n<\/ul>\n\n<h2 class=\"wp-block-heading\">Zam\u00f3w pr\u00f3bk\u0119 ju\u017c dzi\u015b<\/h2>\n\n<p>Ciekawi Ci\u0119 bogaty, palony smak naszej hojichy premium?  <\/p>\n\n<p>Po prostu wype\u0142nij swoje dane poni\u017cej, a my wy\u015blemy Ci pr\u00f3bk\u0119. Daj nam zna\u0107, je\u015bli masz konkretne \u017cyczenia, a my z przyjemno\u015bci\u0105 dostosujemy nasz\u0105 ofert\u0119 do Twoich potrzeb biznesowych. <\/p>\n<div class=\"forminator-ui forminator-custom-form forminator-custom-form-1365 forminator-design--flat  forminator_ajax\" data-forminator-render=\"0\" data-form=\"forminator-module-1365\" data-uid=\"69dec7f8e7573\"><br\/><\/div><form\n\t\t\t\tid=\"forminator-module-1365\"\n\t\t\t\tclass=\"forminator-ui forminator-custom-form forminator-custom-form-1365 forminator-design--flat  forminator_ajax\"\n\t\t\t\tmethod=\"post\"\n\t\t\t\tdata-forminator-render=\"0\"\n\t\t\t\tdata-form-id=\"1365\"\n\t\t\t\t data-color-option=\"default\" data-design=\"flat\" data-grid=\"open\" style=\"display: none;\"\n\t\t\t\tdata-uid=\"69dec7f8e7573\"\n\t\t\t><div role=\"alert\" aria-live=\"polite\" class=\"forminator-response-message forminator-error\" aria-hidden=\"true\"><\/div><div class=\"forminator-row\"><div id=\"name-1\" class=\"forminator-field-name forminator-col forminator-col-6 \"><div class=\"forminator-field\"><input type=\"text\" name=\"name-1\" value=\"\" placeholder=\"First Name\" id=\"forminator-field-name-1_69dec7f8e7573\" class=\"forminator-input forminator-name--field\" aria-required=\"true\" autocomplete=\"name\" \/><\/div><\/div><div id=\"name-2\" class=\"forminator-field-name forminator-col forminator-col-6 \"><div class=\"forminator-field\"><input type=\"text\" name=\"name-2\" value=\"\" placeholder=\"Last Name\" id=\"forminator-field-name-2_69dec7f8e7573\" class=\"forminator-input forminator-name--field\" aria-required=\"true\" autocomplete=\"name\" \/><\/div><\/div><\/div><div class=\"forminator-row\"><div id=\"email-1\" class=\"forminator-field-email forminator-col forminator-col-12 \"><div class=\"forminator-field\"><input type=\"email\" name=\"email-1\" value=\"\" placeholder=\"Email\" id=\"forminator-field-email-1_69dec7f8e7573\" class=\"forminator-input forminator-email--field\" data-required=\"true\" aria-required=\"true\" autocomplete=\"email\" \/><\/div><\/div><\/div><div class=\"forminator-row\"><div id=\"phone-1\" class=\"forminator-field-phone forminator-col forminator-col-12 \"><div class=\"forminator-field\"><input type=\"text\" name=\"phone-1\" value=\"\" placeholder=\"Phone\" id=\"forminator-field-phone-1_69dec7f8e7573\" class=\"forminator-input forminator-field--phone\" data-required=\"\" aria-required=\"false\" autocomplete=\"off\" \/><\/div><\/div><\/div><div class=\"forminator-row\"><div id=\"textarea-1\" class=\"forminator-field-textarea forminator-col forminator-col-12 \"><div class=\"forminator-field\"><textarea name=\"textarea-1\" placeholder=\"Message\" id=\"forminator-field-textarea-1_69dec7f8e7573\" class=\"forminator-textarea\" rows=\"6\" style=\"min-height:140px;\" ><\/textarea><span id=\"forminator-field-textarea-1_69dec7f8e7573-description\" class=\"forminator-description\"><span data-limit=\"300\" data-type=\"words\" data-editor=\"\">0 \/ 300<\/span><\/span><\/div><\/div><\/div><div class=\"forminator-row\"><\/div><input type=\"hidden\" name=\"referer_url\" value=\"\" \/><div class=\"forminator-row forminator-row-last\"><div class=\"forminator-col\"><div class=\"forminator-field\"><button class=\"forminator-button forminator-button-submit\">Send<\/button><\/div><\/div><\/div><input type=\"hidden\" id=\"forminator_nonce\" name=\"forminator_nonce\" value=\"a647953a3f\" \/><input type=\"hidden\" name=\"_wp_http_referer\" value=\"\/pl\/wp-json\/wp\/v2\/pages\/6547\" \/><input type=\"hidden\" name=\"form_id\" value=\"1365\"><input type=\"hidden\" name=\"page_id\" value=\"6547\"><input type=\"hidden\" name=\"form_type\" value=\"default\"><input type=\"hidden\" name=\"current_url\" value=\"https:\/\/hojichawholesale.eu\/pl\/hojicha-srednia-pieczen-hurtownia\/\"><input type=\"hidden\" name=\"render_id\" value=\"0\"><input type=\"hidden\" name=\"action\" value=\"forminator_submit_form_custom-forms\"><label for=\"input_6\" class=\"forminator-hidden\" aria-hidden=\"true\">Prosz\u0119 nie wype\u0142nia\u0107 tego pola. <input id=\"input_6\" type=\"text\" name=\"input_6\" value=\"\" autocomplete=\"off\"><\/label><\/form>\n","protected":false},"excerpt":{"rendered":"<p>Hojicha \u015arednia Piecze\u0144 (Hurtownia) Hojicha Medium Roast Powder oferuje wyj\u0105tkowy, bogaty i ziemisty smak, kt\u00f3ry jest idealny dla mi\u0142o\u015bnik\u00f3w herbaty, kt\u00f3rzy ceni\u0105 sobie r\u00f3wnowag\u0119 mi\u0119dzy mocnymi nutami palonymi a naturaln\u0105 s\u0142odycz\u0105 zielonej herbaty. Najwa\u017cniejsze cechy produktu Korzy\u015bci z \u015brednio pieczonej hojichy Informacje hurtowe Jak warzy\u0107 Idealny dla Zam\u00f3w pr\u00f3bk\u0119 ju\u017c dzi\u015b Ciekawi Ci\u0119 bogaty, palony [&hellip;]<\/p>\n","protected":false},"author":1,"featured_media":7492,"parent":0,"menu_order":0,"comment_status":"closed","ping_status":"closed","template":"","meta":{"_surecart_dashboard_logo_width":"180px","_surecart_dashboard_show_logo":true,"_surecart_dashboard_navigation_orders":true,"_surecart_dashboard_navigation_invoices":true,"_surecart_dashboard_navigation_subscriptions":true,"_surecart_dashboard_navigation_downloads":true,"_surecart_dashboard_navigation_billing":true,"_surecart_dashboard_navigation_account":true,"footnotes":""},"class_list":["post-6547","page","type-page","status-publish","has-post-thumbnail","hentry","entry","has-media"],"mb":[],"mfb_rest_fields":["title","gutenberg_elementor_mode"],"_links":{"self":[{"href":"https:\/\/hojichawholesale.eu\/pl\/wp-json\/wp\/v2\/pages\/6547","targetHints":{"allow":["GET"]}}],"collection":[{"href":"https:\/\/hojichawholesale.eu\/pl\/wp-json\/wp\/v2\/pages"}],"about":[{"href":"https:\/\/hojichawholesale.eu\/pl\/wp-json\/wp\/v2\/types\/page"}],"author":[{"embeddable":true,"href":"https:\/\/hojichawholesale.eu\/pl\/wp-json\/wp\/v2\/users\/1"}],"replies":[{"embeddable":true,"href":"https:\/\/hojichawholesale.eu\/pl\/wp-json\/wp\/v2\/comments?post=6547"}],"version-history":[{"count":0,"href":"https:\/\/hojichawholesale.eu\/pl\/wp-json\/wp\/v2\/pages\/6547\/revisions"}],"wp:featuredmedia":[{"embeddable":true,"href":"https:\/\/hojichawholesale.eu\/pl\/wp-json\/wp\/v2\/media\/7492"}],"wp:attachment":[{"href":"https:\/\/hojichawholesale.eu\/pl\/wp-json\/wp\/v2\/media?parent=6547"}],"curies":[{"name":"wp","href":"https:\/\/api.w.org\/{rel}","templated":true}]}}