{"id":6545,"date":"2024-08-24T19:47:32","date_gmt":"2024-08-24T19:47:32","guid":{"rendered":"https:\/\/hojichawholesale.eu\/o-hurtowni-hojicha\/"},"modified":"2026-03-06T16:47:19","modified_gmt":"2026-03-06T16:47:19","slug":"o-hurtowni-hojicha","status":"publish","type":"page","link":"https:\/\/hojichawholesale.eu\/pl\/o-hurtowni-hojicha\/","title":{"rendered":"O hurtowni Hojicha"},"content":{"rendered":"\n<h1 class=\"wp-block-heading\">O hurtowni Hojicha<\/h1>\n\n<p>Hojicha Wholesale to europejski hurtownik po\u015bwi\u0119cony japo\u0144skiej hojicha.<\/p>\n\n<p>Nasz\u0105 misj\u0105 jest dostarczanie wysokiej jako\u015bci herbaty hojicha markom i firmom z bran\u017cy HORECA. Importujemy hurtowe ilo\u015bci wysokiej jako\u015bci hojicha od naszych zaufanych dostawc\u00f3w z Japonii i dystrybuujemy j\u0105 na kontynent europejski do restauracji, hoteli, kawiarni i niezale\u017cnych sklep\u00f3w z herbat\u0105. <\/p>\n\n<p>Oferujemy Pa\u0144stwu trzy gwarancje:<\/p>\n\n<ol class=\"wp-block-list\">\n<li><strong>Niskie MOQ:<\/strong> niezale\u017cnie od tego, czy jeste\u015b firm\u0105 o ugruntowanej pozycji, kt\u00f3ra potrzebuje setek toreb, czy ma\u0142\u0105 niezale\u017cn\u0105 kawiarni\u0105, kt\u00f3ra dopiero zaczyna, Hojicha Wholesale dostosowuje si\u0119 do Twoich potrzeb, zapewniaj\u0105c t\u0119 sam\u0105 jako\u015b\u0107 us\u0142ug klasy korporacyjnej.  <\/li>\n\n\n\n<li><strong>Szybko\u015b\u0107 reakcji i obs\u0142uga<\/strong>: wysy\u0142amy szybko i oferujemy szeroki wachlarz metod wysy\u0142ki.  <\/li>\n\n\n\n<li><strong>Przyjazna obs\u0142uga klienta: <\/strong>jeste\u015bmy dost\u0119pni 365 dni w roku.  <\/li>\n<\/ol>\n\n<h2 class=\"wp-block-heading\"><strong>Nasze produkty<\/strong><\/h2>\n\n<p>Oferujemy starannie dobrany wyb\u00f3r odmian hojichy, z kt\u00f3rych ka\u017cda pochodzi bezpo\u015brednio od najlepszych producent\u00f3w herbaty.  <\/p>\n\n<p>Znajd\u017a nasze produkty bezpo\u015brednio w <a href=\"https:\/\/hojichawholesale.eu\/pl\/kupuj-surecart\/\" data-type=\"link\" data-id=\"https:\/\/hojichawholesale.eu\/shop\/\">naszym katalogu<\/a>.<\/p>\n\n<h2 class=\"wp-block-heading\"><strong>Dlaczego w\u0142a\u015bnie my?<\/strong><\/h2>\n\n<ul class=\"wp-block-list\">\n<li><strong>Jako\u015b\u0107 przede wszystkim:<\/strong> Dostarczamy hojich\u0119 najwy\u017cszej jako\u015bci. Ka\u017cda partia jest rygorystycznie testowana w celu zapewnienia konsystencji i smaku. <\/li>\n\n\n\n<li><strong>Zaopatrzenie bezpo\u015brednie:<\/strong> \u015aci\u015ble wsp\u00f3\u0142pracujemy z naszymi dostawcami, aby dostarczy\u0107 Ci hojicha, kt\u00f3ra odzwierciedla autentyczny smak Japonii.<\/li>\n\n\n\n<li><strong>Indywidualne rozwi\u0105zania:<\/strong> Niezale\u017cnie od tego, czy prowadzisz ma\u0142\u0105 kawiarni\u0119, czy du\u017c\u0105 sie\u0107 hoteli, oferujemy rozwi\u0105zania dostosowane do Twoich konkretnych potrzeb.  <\/li>\n\n\n\n<li><strong>Niezawodna dystrybucja:<\/strong> Jeste\u015bmy idealnie przygotowani do obs\u0142ugi klient\u00f3w na ca\u0142ym kontynencie europejskim. Nasza logistyka zapewnia terminowe dostawy, dzi\u0119ki czemu nigdy nie zabraknie Ci zapas\u00f3w. <\/li>\n<\/ul>\n\n<h2 class=\"wp-block-heading\">Gdzie mamy siedzib\u0119?<\/h2>\n\n<p>Mamy siedzib\u0119 w Belgii.<\/p>\n\n<h2 class=\"wp-block-heading\">Jaka jest Twoja historia?<\/h2>\n\n<p>Sprzeda\u017c hurtowa Hojicha rozpocz\u0119\u0142a si\u0119, gdy Aure, za\u0142o\u017cyciel, mia\u0142 trudno\u015bci ze znalezieniem niezawodnego dostawcy hojicha dla swojej detalicznej herbaciarni <a href=\"https:\/\/senchatea.be\/\" target=\"_blank\" rel=\"noopener\">senchatea.be<\/a>.<\/p>\n\n<p>Hojicha to jeden z najwa\u017cniejszych trend\u00f3w w japo\u0144skim przemy\u015ble herbacianym. Chcemy, aby ta fantastyczna i wszechstronna herbata by\u0142a szybko dost\u0119pna w kawiarniach, hotelach, restauracjach i herbaciarniach w ca\u0142ej Europie bez konieczno\u015bci zamawiania ogromnych ilo\u015bci.   <\/p>\n\n<h2 class=\"wp-block-heading\">Zam\u00f3w pr\u00f3bk\u0119<\/h2>\n\n<p>Ciekawi Ci\u0119 bogaty, palony smak naszej hojichy premium?  <\/p>\n\n<p>Po prostu wype\u0142nij swoje dane poni\u017cej, a my wy\u015blemy Ci pr\u00f3bk\u0119. Daj nam zna\u0107, je\u015bli masz konkretne \u017cyczenia, a my z przyjemno\u015bci\u0105 dostosujemy nasz\u0105 ofert\u0119 do Twoich potrzeb biznesowych. <\/p>\n<div class=\"forminator-ui forminator-custom-form forminator-custom-form-1365 forminator-design--flat  forminator_ajax\" data-forminator-render=\"0\" data-form=\"forminator-module-1365\" data-uid=\"69d4510ce9350\"><br\/><\/div><form\n\t\t\t\tid=\"forminator-module-1365\"\n\t\t\t\tclass=\"forminator-ui forminator-custom-form forminator-custom-form-1365 forminator-design--flat  forminator_ajax\"\n\t\t\t\tmethod=\"post\"\n\t\t\t\tdata-forminator-render=\"0\"\n\t\t\t\tdata-form-id=\"1365\"\n\t\t\t\t data-color-option=\"default\" data-design=\"flat\" data-grid=\"open\" style=\"display: none;\"\n\t\t\t\tdata-uid=\"69d4510ce9350\"\n\t\t\t><div role=\"alert\" aria-live=\"polite\" class=\"forminator-response-message forminator-error\" aria-hidden=\"true\"><\/div><div class=\"forminator-row\"><div id=\"name-1\" class=\"forminator-field-name forminator-col forminator-col-6 \"><div class=\"forminator-field\"><input type=\"text\" name=\"name-1\" value=\"\" placeholder=\"First Name\" id=\"forminator-field-name-1_69d4510ce9350\" class=\"forminator-input forminator-name--field\" aria-required=\"true\" autocomplete=\"name\" \/><\/div><\/div><div id=\"name-2\" class=\"forminator-field-name forminator-col forminator-col-6 \"><div class=\"forminator-field\"><input type=\"text\" name=\"name-2\" value=\"\" placeholder=\"Last Name\" id=\"forminator-field-name-2_69d4510ce9350\" class=\"forminator-input forminator-name--field\" aria-required=\"true\" autocomplete=\"name\" \/><\/div><\/div><\/div><div class=\"forminator-row\"><div id=\"email-1\" class=\"forminator-field-email forminator-col forminator-col-12 \"><div class=\"forminator-field\"><input type=\"email\" name=\"email-1\" value=\"\" placeholder=\"Email\" id=\"forminator-field-email-1_69d4510ce9350\" class=\"forminator-input forminator-email--field\" data-required=\"true\" aria-required=\"true\" autocomplete=\"email\" \/><\/div><\/div><\/div><div class=\"forminator-row\"><div id=\"phone-1\" class=\"forminator-field-phone forminator-col forminator-col-12 \"><div class=\"forminator-field\"><input type=\"text\" name=\"phone-1\" value=\"\" placeholder=\"Phone\" id=\"forminator-field-phone-1_69d4510ce9350\" class=\"forminator-input forminator-field--phone\" data-required=\"\" aria-required=\"false\" autocomplete=\"off\" \/><\/div><\/div><\/div><div class=\"forminator-row\"><div id=\"textarea-1\" class=\"forminator-field-textarea forminator-col forminator-col-12 \"><div class=\"forminator-field\"><textarea name=\"textarea-1\" placeholder=\"Message\" id=\"forminator-field-textarea-1_69d4510ce9350\" class=\"forminator-textarea\" rows=\"6\" style=\"min-height:140px;\" ><\/textarea><span id=\"forminator-field-textarea-1_69d4510ce9350-description\" class=\"forminator-description\"><span data-limit=\"300\" data-type=\"words\" data-editor=\"\">0 \/ 300<\/span><\/span><\/div><\/div><\/div><div class=\"forminator-row\"><\/div><input type=\"hidden\" name=\"referer_url\" value=\"\" \/><div class=\"forminator-row forminator-row-last\"><div class=\"forminator-col\"><div class=\"forminator-field\"><button class=\"forminator-button forminator-button-submit\">Send<\/button><\/div><\/div><\/div><input type=\"hidden\" id=\"forminator_nonce\" name=\"forminator_nonce\" value=\"0b51ba8eba\" \/><input type=\"hidden\" name=\"_wp_http_referer\" value=\"\/pl\/wp-json\/wp\/v2\/pages\/6545\" \/><input type=\"hidden\" name=\"form_id\" value=\"1365\"><input type=\"hidden\" name=\"page_id\" value=\"6545\"><input type=\"hidden\" name=\"form_type\" value=\"default\"><input type=\"hidden\" name=\"current_url\" value=\"https:\/\/hojichawholesale.eu\/pl\/o-hurtowni-hojicha\/\"><input type=\"hidden\" name=\"render_id\" value=\"0\"><input type=\"hidden\" name=\"action\" value=\"forminator_submit_form_custom-forms\"><label for=\"input_6\" class=\"forminator-hidden\" aria-hidden=\"true\">Prosz\u0119 nie wype\u0142nia\u0107 tego pola. <input id=\"input_6\" type=\"text\" name=\"input_6\" value=\"\" autocomplete=\"off\"><\/label><\/form>\n\n<p><\/p>\n","protected":false},"excerpt":{"rendered":"<p>O hurtowni Hojicha Hojicha Wholesale to europejski hurtownik po\u015bwi\u0119cony japo\u0144skiej hojicha. Nasz\u0105 misj\u0105 jest dostarczanie wysokiej jako\u015bci herbaty hojicha markom i firmom z bran\u017cy HORECA. Importujemy hurtowe ilo\u015bci wysokiej jako\u015bci hojicha od naszych zaufanych dostawc\u00f3w z Japonii i dystrybuujemy j\u0105 na kontynent europejski do restauracji, hoteli, kawiarni i niezale\u017cnych sklep\u00f3w z herbat\u0105. Oferujemy Pa\u0144stwu trzy [&hellip;]<\/p>\n","protected":false},"author":1,"featured_media":0,"parent":0,"menu_order":0,"comment_status":"closed","ping_status":"closed","template":"","meta":{"_surecart_dashboard_logo_width":"180px","_surecart_dashboard_show_logo":true,"_surecart_dashboard_navigation_orders":true,"_surecart_dashboard_navigation_invoices":true,"_surecart_dashboard_navigation_subscriptions":true,"_surecart_dashboard_navigation_downloads":true,"_surecart_dashboard_navigation_billing":true,"_surecart_dashboard_navigation_account":true,"footnotes":""},"class_list":["post-6545","page","type-page","status-publish","hentry","entry"],"mb":[],"mfb_rest_fields":["title","gutenberg_elementor_mode"],"_links":{"self":[{"href":"https:\/\/hojichawholesale.eu\/pl\/wp-json\/wp\/v2\/pages\/6545","targetHints":{"allow":["GET"]}}],"collection":[{"href":"https:\/\/hojichawholesale.eu\/pl\/wp-json\/wp\/v2\/pages"}],"about":[{"href":"https:\/\/hojichawholesale.eu\/pl\/wp-json\/wp\/v2\/types\/page"}],"author":[{"embeddable":true,"href":"https:\/\/hojichawholesale.eu\/pl\/wp-json\/wp\/v2\/users\/1"}],"replies":[{"embeddable":true,"href":"https:\/\/hojichawholesale.eu\/pl\/wp-json\/wp\/v2\/comments?post=6545"}],"version-history":[{"count":0,"href":"https:\/\/hojichawholesale.eu\/pl\/wp-json\/wp\/v2\/pages\/6545\/revisions"}],"wp:attachment":[{"href":"https:\/\/hojichawholesale.eu\/pl\/wp-json\/wp\/v2\/media?parent=6545"}],"curies":[{"name":"wp","href":"https:\/\/api.w.org\/{rel}","templated":true}]}}