{"id":6542,"date":"2024-10-12T14:14:16","date_gmt":"2024-10-12T14:14:16","guid":{"rendered":"https:\/\/hojichawholesale.eu\/hojicha-ciemna-pieczen-hurtownia\/"},"modified":"2025-12-10T19:00:28","modified_gmt":"2025-12-10T19:00:28","slug":"hojicha-ciemna-pieczen-hurtownia","status":"publish","type":"page","link":"https:\/\/hojichawholesale.eu\/pl\/hojicha-ciemna-pieczen-hurtownia\/","title":{"rendered":"Hojicha Ciemny Pieczony Proszek (Hurtownia)"},"content":{"rendered":"\n<h1 class=\"wp-block-heading\">Hojicha Ciemny Pieczony Proszek (Hurtownia)<\/h1>\n\n<p><strong>Hojicha Dark Roast<\/strong> <strong>w proszku <\/strong>zapewnia g\u0142\u0119boki, intensywnie palony smak, idealny dla os\u00f3b poszukuj\u0105cych mocniejszej i pe\u0142niejszej herbaty.<\/p>\n<div class=\"wp-block-image\">\n<figure class=\"aligncenter size-full is-resized\"><img fetchpriority=\"high\" decoding=\"async\" width=\"1000\" height=\"1000\" src=\"https:\/\/hojichawholesale.eu\/wp-content\/uploads\/2025\/01\/hojicha-dark-powder-both.webp\" alt=\"Por&#xF3;wnanie ciemnego proszku hojicha i rozpuszczonego ciemnego proszku hojicha\" class=\"wp-image-7396\" style=\"width:323px;height:auto\" srcset=\"https:\/\/hojichawholesale.eu\/wp-content\/uploads\/2025\/01\/hojicha-dark-powder-both.webp 1000w, https:\/\/hojichawholesale.eu\/wp-content\/uploads\/2025\/01\/hojicha-dark-powder-both-300x300.webp 300w, https:\/\/hojichawholesale.eu\/wp-content\/uploads\/2025\/01\/hojicha-dark-powder-both-150x150.webp 150w, https:\/\/hojichawholesale.eu\/wp-content\/uploads\/2025\/01\/hojicha-dark-powder-both-768x768.webp 768w, https:\/\/hojichawholesale.eu\/wp-content\/uploads\/2025\/01\/hojicha-dark-powder-both-600x600.webp 600w\" sizes=\"(max-width: 1000px) 100vw, 1000px\" \/><\/figure>\n<\/div>\n<hr class=\"wp-block-separator has-alpha-channel-opacity\"\/>\n\n<h2 class=\"wp-block-heading\">Najwa\u017cniejsze cechy produktu<\/h2>\n\n<ul class=\"wp-block-list\">\n<li><strong>Rodzaj<\/strong>: Palona zielona herbata (Hojicha)<\/li>\n\n\n\n<li><strong>Forma<\/strong>: Proszek<\/li>\n\n\n\n<li><strong>Pochodzenie<\/strong>: Shizuoka, Japonia<\/li>\n\n\n\n<li><strong>Poziom pieczenia<\/strong>: Ciemny<\/li>\n\n\n\n<li><strong>Sezon zbior\u00f3w<\/strong>: Wiosna\/Lato<\/li>\n\n\n\n<li><strong>Przetwarzanie<\/strong>: G\u0142\u0119boko pra\u017cone (300\u00b0C) w porcelanie, aby stworzy\u0107 odwa\u017cny, dymny aromat.<\/li>\n\n\n\n<li><strong>Profil smakowy<\/strong>: Dymny, bogaty i lekko s\u0142odki z odwa\u017cn\u0105 karmelow\u0105 nut\u0105.<\/li>\n\n\n\n<li><strong>Kofeina<\/strong>: bardzo niska<\/li>\n\n\n\n<li><strong>Opakowanie<\/strong>: Dost\u0119pne w workach po 1 kg. Ponowne pakowanie dost\u0119pne na Twoje \u017cyczenie.   <\/li>\n<\/ul>\n\n<hr class=\"wp-block-separator has-alpha-channel-opacity\"\/>\n\n<h2 class=\"wp-block-heading\">Korzy\u015bci z ciemnej pieczeni hojicha<\/h2>\n\n<ul class=\"wp-block-list\">\n<li><strong>Bogaty smak<\/strong>: G\u0142\u0119bokie palenie wydobywa intensywne, dymne nuty, kt\u00f3re dobrze komponuj\u0105 si\u0119 z deserami lub jako samodzielna herbata.<\/li>\n\n\n\n<li><strong>Niska zawarto\u015b\u0107 kofeiny<\/strong>: Ciesz si\u0119 ka\u017cd\u0105 por\u0105 dnia bez tremy.<\/li>\n\n\n\n<li><strong>Ciep\u0142a i pocieszaj\u0105ca<\/strong>: ciemna piecze\u0144 zapewnia uziemiaj\u0105ce i koj\u0105ce doznania, idealne na ch\u0142odniejsze miesi\u0105ce.<\/li>\n<\/ul>\n\n<div class=\"wp-block-columns is-layout-flex wp-container-core-columns-is-layout-28f84493 wp-block-columns-is-layout-flex\">\n<div class=\"wp-block-column is-layout-flow wp-block-column-is-layout-flow\"><div class=\"wp-block-image\">\n<figure class=\"aligncenter size-full is-resized\"><img decoding=\"async\" width=\"1000\" height=\"1000\" src=\"https:\/\/hojichawholesale.eu\/wp-content\/uploads\/2025\/01\/hojicha-dark-powder.webp\" alt=\"Hojicha ciemny piecze&#x144; w proszku\" class=\"wp-image-7420\" style=\"width:306px;height:auto\" srcset=\"https:\/\/hojichawholesale.eu\/wp-content\/uploads\/2025\/01\/hojicha-dark-powder.webp 1000w, https:\/\/hojichawholesale.eu\/wp-content\/uploads\/2025\/01\/hojicha-dark-powder-300x300.webp 300w, https:\/\/hojichawholesale.eu\/wp-content\/uploads\/2025\/01\/hojicha-dark-powder-150x150.webp 150w, https:\/\/hojichawholesale.eu\/wp-content\/uploads\/2025\/01\/hojicha-dark-powder-768x768.webp 768w, https:\/\/hojichawholesale.eu\/wp-content\/uploads\/2025\/01\/hojicha-dark-powder-600x600.webp 600w\" sizes=\"(max-width: 1000px) 100vw, 1000px\" \/><\/figure>\n<\/div><\/div>\n\n\n\n<div class=\"wp-block-column is-layout-flow wp-block-column-is-layout-flow\"><div class=\"wp-block-image\">\n<figure class=\"aligncenter size-large is-resized\"><img decoding=\"async\" width=\"1024\" height=\"1024\" src=\"https:\/\/hojichawholesale.eu\/wp-content\/uploads\/2025\/01\/hojicha-dark-powder-infused-1024x1024.webp\" alt=\"Hojicha ciemna piecze&#x144; w proszku z infuzj&#x105;\" class=\"wp-image-7408\" style=\"width:302px;height:auto\" srcset=\"https:\/\/hojichawholesale.eu\/wp-content\/uploads\/2025\/01\/hojicha-dark-powder-infused-1024x1024.webp 1024w, https:\/\/hojichawholesale.eu\/wp-content\/uploads\/2025\/01\/hojicha-dark-powder-infused-300x300.webp 300w, https:\/\/hojichawholesale.eu\/wp-content\/uploads\/2025\/01\/hojicha-dark-powder-infused-150x150.webp 150w, https:\/\/hojichawholesale.eu\/wp-content\/uploads\/2025\/01\/hojicha-dark-powder-infused-768x768.webp 768w, https:\/\/hojichawholesale.eu\/wp-content\/uploads\/2025\/01\/hojicha-dark-powder-infused-1536x1536.webp 1536w, https:\/\/hojichawholesale.eu\/wp-content\/uploads\/2025\/01\/hojicha-dark-powder-infused-600x600.webp 600w, https:\/\/hojichawholesale.eu\/wp-content\/uploads\/2025\/01\/hojicha-dark-powder-infused.webp 2000w\" sizes=\"(max-width: 1024px) 100vw, 1024px\" \/><\/figure>\n<\/div><\/div>\n<\/div>\n\n<hr class=\"wp-block-separator has-alpha-channel-opacity\"\/>\n\n<h2 class=\"wp-block-heading\">Informacje hurtowe<\/h2>\n\n<ul class=\"wp-block-list\">\n<li><strong>Minimalne zam\u00f3wienie (MOQ):<\/strong> 5 work\u00f3w po 100 gram\u00f3w.<\/li>\n\n\n\n<li><strong>Ceny hurtowe<\/strong>: Skontaktuj si\u0119 z nami poni\u017cej, aby uzyska\u0107 specjalne ceny w zale\u017cno\u015bci od wielko\u015bci zam\u00f3wienia.<\/li>\n\n\n\n<li><strong>Data wa\u017cno\u015bci<\/strong>: Hojicha mo\u017ce by\u0107 przechowywana przez okres do dw\u00f3ch lat w stanie nieotwartym i przechowywana w temperaturze 5\u00b0C \u2013 10\u00b0C.<\/li>\n\n\n\n<li><strong>Wysy\u0142ka<\/strong>: Wysy\u0142amy wsz\u0119dzie w Europie, od Islandii po Stambu\u0142, z elastycznymi opcjami wysy\u0142ki, w tym ekspresow\u0105 dostaw\u0105 dla pilnych zam\u00f3wie\u0144.<\/li>\n<\/ul>\n\n<hr class=\"wp-block-separator has-alpha-channel-opacity\"\/>\n\n<h2 class=\"wp-block-heading\">Jak warzy\u0107<\/h2>\n\n<ol class=\"wp-block-list\">\n<li><strong>Ilo\u015b\u0107 herbaty<\/strong>: 8g herbaty na 500ml wody<\/li>\n\n\n\n<li><strong>Temperatura wody<\/strong>: 80\u00b0C  <\/li>\n\n\n\n<li><strong>Czas namaczania<\/strong>: 2-3 minuty, aby uzyska\u0107 mocny, bogaty napar<\/li>\n<\/ol>\n\n<hr class=\"wp-block-separator has-alpha-channel-opacity\"\/>\n\n<h2 class=\"wp-block-heading\">Idealny dla<\/h2>\n\n<ul class=\"wp-block-list\">\n<li>Wysokiej klasy herbaciarnie, kawiarnie i restauracje, kt\u00f3re chc\u0105 zaoferowa\u0107 swoim klientom najwy\u017cszej jako\u015bci ciemn\u0105 piecze\u0144.  <\/li>\n\n\n\n<li>Klienci poszukuj\u0105cy odwa\u017cnej, niskokofeinowej alternatywy dla kawy.<\/li>\n\n\n\n<li>Tworzenie autorskich mieszanek herbat lub jako sk\u0142adnik przepis\u00f3w kulinarnych.<\/li>\n<\/ul>\n\n<h2 class=\"wp-block-heading\">Zam\u00f3w pr\u00f3bk\u0119 ju\u017c dzi\u015b<\/h2>\n\n<p>Ciekawi Ci\u0119 bogaty, palony smak naszej hojichy premium?  <\/p>\n\n<p>Po prostu wype\u0142nij swoje dane poni\u017cej, a my wy\u015blemy Ci pr\u00f3bk\u0119. Daj nam zna\u0107, je\u015bli masz konkretne \u017cyczenia, a my z przyjemno\u015bci\u0105 dostosujemy nasz\u0105 ofert\u0119 do Twoich potrzeb biznesowych. <\/p>\n<div class=\"forminator-ui forminator-custom-form forminator-custom-form-1365 forminator-design--flat  forminator_ajax\" data-forminator-render=\"0\" data-form=\"forminator-module-1365\" data-uid=\"69de3374d53a1\"><br\/><\/div><form\n\t\t\t\tid=\"forminator-module-1365\"\n\t\t\t\tclass=\"forminator-ui forminator-custom-form forminator-custom-form-1365 forminator-design--flat  forminator_ajax\"\n\t\t\t\tmethod=\"post\"\n\t\t\t\tdata-forminator-render=\"0\"\n\t\t\t\tdata-form-id=\"1365\"\n\t\t\t\t data-color-option=\"default\" data-design=\"flat\" data-grid=\"open\" style=\"display: none;\"\n\t\t\t\tdata-uid=\"69de3374d53a1\"\n\t\t\t><div role=\"alert\" aria-live=\"polite\" class=\"forminator-response-message forminator-error\" aria-hidden=\"true\"><\/div><div class=\"forminator-row\"><div id=\"name-1\" class=\"forminator-field-name forminator-col forminator-col-6 \"><div class=\"forminator-field\"><input type=\"text\" name=\"name-1\" value=\"\" placeholder=\"First Name\" id=\"forminator-field-name-1_69de3374d53a1\" class=\"forminator-input forminator-name--field\" aria-required=\"true\" autocomplete=\"name\" \/><\/div><\/div><div id=\"name-2\" class=\"forminator-field-name forminator-col forminator-col-6 \"><div class=\"forminator-field\"><input type=\"text\" name=\"name-2\" value=\"\" placeholder=\"Last Name\" id=\"forminator-field-name-2_69de3374d53a1\" class=\"forminator-input forminator-name--field\" aria-required=\"true\" autocomplete=\"name\" \/><\/div><\/div><\/div><div class=\"forminator-row\"><div id=\"email-1\" class=\"forminator-field-email forminator-col forminator-col-12 \"><div class=\"forminator-field\"><input type=\"email\" name=\"email-1\" value=\"\" placeholder=\"Email\" id=\"forminator-field-email-1_69de3374d53a1\" class=\"forminator-input forminator-email--field\" data-required=\"true\" aria-required=\"true\" autocomplete=\"email\" \/><\/div><\/div><\/div><div class=\"forminator-row\"><div id=\"phone-1\" class=\"forminator-field-phone forminator-col forminator-col-12 \"><div class=\"forminator-field\"><input type=\"text\" name=\"phone-1\" value=\"\" placeholder=\"Phone\" id=\"forminator-field-phone-1_69de3374d53a1\" class=\"forminator-input forminator-field--phone\" data-required=\"\" aria-required=\"false\" autocomplete=\"off\" \/><\/div><\/div><\/div><div class=\"forminator-row\"><div id=\"textarea-1\" class=\"forminator-field-textarea forminator-col forminator-col-12 \"><div class=\"forminator-field\"><textarea name=\"textarea-1\" placeholder=\"Message\" id=\"forminator-field-textarea-1_69de3374d53a1\" class=\"forminator-textarea\" rows=\"6\" style=\"min-height:140px;\" ><\/textarea><span id=\"forminator-field-textarea-1_69de3374d53a1-description\" class=\"forminator-description\"><span data-limit=\"300\" data-type=\"words\" data-editor=\"\">0 \/ 300<\/span><\/span><\/div><\/div><\/div><div class=\"forminator-row\"><\/div><input type=\"hidden\" name=\"referer_url\" value=\"\" \/><div class=\"forminator-row forminator-row-last\"><div class=\"forminator-col\"><div class=\"forminator-field\"><button class=\"forminator-button forminator-button-submit\">Send<\/button><\/div><\/div><\/div><input type=\"hidden\" id=\"forminator_nonce\" name=\"forminator_nonce\" value=\"a647953a3f\" \/><input type=\"hidden\" name=\"_wp_http_referer\" value=\"\/pl\/wp-json\/wp\/v2\/pages\/6542\" \/><input type=\"hidden\" name=\"form_id\" value=\"1365\"><input type=\"hidden\" name=\"page_id\" value=\"6542\"><input type=\"hidden\" name=\"form_type\" value=\"default\"><input type=\"hidden\" name=\"current_url\" value=\"https:\/\/hojichawholesale.eu\/pl\/hojicha-ciemna-pieczen-hurtownia\/\"><input type=\"hidden\" name=\"render_id\" value=\"0\"><input type=\"hidden\" name=\"action\" value=\"forminator_submit_form_custom-forms\"><label for=\"input_6\" class=\"forminator-hidden\" aria-hidden=\"true\">Prosz\u0119 nie wype\u0142nia\u0107 tego pola. <input id=\"input_6\" type=\"text\" name=\"input_6\" value=\"\" autocomplete=\"off\"><\/label><\/form>\n","protected":false},"excerpt":{"rendered":"<p>Hojicha Ciemny Pieczony Proszek (Hurtownia) Hojicha Dark Roast w proszku zapewnia g\u0142\u0119boki, intensywnie palony smak, idealny dla os\u00f3b poszukuj\u0105cych mocniejszej i pe\u0142niejszej herbaty. Najwa\u017cniejsze cechy produktu Korzy\u015bci z ciemnej pieczeni hojicha Informacje hurtowe Jak warzy\u0107 Idealny dla Zam\u00f3w pr\u00f3bk\u0119 ju\u017c dzi\u015b Ciekawi Ci\u0119 bogaty, palony smak naszej hojichy premium? Po prostu wype\u0142nij swoje dane poni\u017cej, [&hellip;]<\/p>\n","protected":false},"author":1,"featured_media":7404,"parent":0,"menu_order":0,"comment_status":"closed","ping_status":"closed","template":"","meta":{"_surecart_dashboard_logo_width":"180px","_surecart_dashboard_show_logo":true,"_surecart_dashboard_navigation_orders":true,"_surecart_dashboard_navigation_invoices":true,"_surecart_dashboard_navigation_subscriptions":true,"_surecart_dashboard_navigation_downloads":true,"_surecart_dashboard_navigation_billing":true,"_surecart_dashboard_navigation_account":true,"footnotes":""},"class_list":["post-6542","page","type-page","status-publish","has-post-thumbnail","hentry","entry","has-media"],"mb":[],"mfb_rest_fields":["title","gutenberg_elementor_mode"],"_links":{"self":[{"href":"https:\/\/hojichawholesale.eu\/pl\/wp-json\/wp\/v2\/pages\/6542","targetHints":{"allow":["GET"]}}],"collection":[{"href":"https:\/\/hojichawholesale.eu\/pl\/wp-json\/wp\/v2\/pages"}],"about":[{"href":"https:\/\/hojichawholesale.eu\/pl\/wp-json\/wp\/v2\/types\/page"}],"author":[{"embeddable":true,"href":"https:\/\/hojichawholesale.eu\/pl\/wp-json\/wp\/v2\/users\/1"}],"replies":[{"embeddable":true,"href":"https:\/\/hojichawholesale.eu\/pl\/wp-json\/wp\/v2\/comments?post=6542"}],"version-history":[{"count":0,"href":"https:\/\/hojichawholesale.eu\/pl\/wp-json\/wp\/v2\/pages\/6542\/revisions"}],"wp:featuredmedia":[{"embeddable":true,"href":"https:\/\/hojichawholesale.eu\/pl\/wp-json\/wp\/v2\/media\/7404"}],"wp:attachment":[{"href":"https:\/\/hojichawholesale.eu\/pl\/wp-json\/wp\/v2\/media?parent=6542"}],"curies":[{"name":"wp","href":"https:\/\/api.w.org\/{rel}","templated":true}]}}