{"id":6533,"date":"2024-10-12T07:56:00","date_gmt":"2024-10-12T07:56:00","guid":{"rendered":"https:\/\/hojichawholesale.eu\/hojicha-dla-kawiarni\/"},"modified":"2024-10-13T19:32:12","modified_gmt":"2024-10-13T19:32:12","slug":"hojicha-dla-kawiarni","status":"publish","type":"page","link":"https:\/\/hojichawholesale.eu\/pl\/hojicha-dla-kawiarni\/","title":{"rendered":"Hojicha dla kawiarni"},"content":{"rendered":"\n<h1 class=\"wp-block-heading\">Hojicha dla kawiarni<\/h1>\n\n<p>Hojicha, palona japo\u0144ska zielona herbata, to idealny dodatek do Twojego menu napoj\u00f3w. Nie tylko zapewnia charakterystyczny smak, ale tak\u017ce wpisuje si\u0119 w rosn\u0105cy trend wysokiej jako\u015bci, zdrowych i rzemie\u015blniczych napoj\u00f3w. <\/p>\n\n<p>Oto dlaczego wprowadzenie hojichy do Twojej kawiarni pomo\u017ce Ci wyr\u00f3\u017cni\u0107 si\u0119 na tle konkurencji i zaspokoi\u0107 potrzeby nowego segmentu klient\u00f3w.  <\/p>\n\n<h2 class=\"wp-block-heading\">1. <strong>Unikalny smak<\/strong><\/h2>\n\n<p>Hojicha wyr\u00f3\u017cnia si\u0119 na tle innych zielonych herbat procesem pra\u017cenia, kt\u00f3ry nadaje jej g\u0142\u0119boki, dymny aromat i naturalnie s\u0142odki, orzechowy smak.  <\/p>\n\n<p>Jej \u0142agodny, tostowy smak jest mniej cierpki ni\u017c typowe zielone herbaty, dzi\u0119ki czemu jest atrakcyjna dla szerszego grona odbiorc\u00f3w, w tym tych, kt\u00f3rzy niekoniecznie lubi\u0105 match\u0119. Jego zdrowy i ciep\u0142y smak doskonale komponuje si\u0119 z r\u00f3\u017cnorodnymi potrawami kawiarnianymi, takimi jak ciastka i kanapki. <\/p>\n\n<p>Wygl\u0105da te\u017c cholernie dobrze!<\/p>\n<div class=\"wp-block-image\">\n<figure class=\"aligncenter size-full is-resized\"><img fetchpriority=\"high\" decoding=\"async\" width=\"1000\" height=\"667\" src=\"https:\/\/hojichawholesale.eu\/wp-content\/uploads\/2024\/10\/Depositphotos_505518166_S.avif\" alt=\"\" class=\"wp-image-5447\" style=\"width:464px;height:auto\" srcset=\"https:\/\/hojichawholesale.eu\/wp-content\/uploads\/2024\/10\/Depositphotos_505518166_S.avif 1000w, https:\/\/hojichawholesale.eu\/wp-content\/uploads\/2024\/10\/Depositphotos_505518166_S-300x200.avif 300w, https:\/\/hojichawholesale.eu\/wp-content\/uploads\/2024\/10\/Depositphotos_505518166_S-768x512.avif 768w\" sizes=\"(max-width: 1000px) 100vw, 1000px\" \/><figcaption class=\"wp-element-caption\"><a href=\"https:\/\/depositphotos.com\/photo\/glass-cup-tasty-dalgona-hojicha-latte-table-505518166.html\" data-type=\"link\" data-id=\"https:\/\/depositphotos.com\/photo\/glass-cup-tasty-dalgona-hojicha-latte-table-505518166.html\" target=\"_blank\" rel=\"noopener\">\u0179r\u00f3d\u0142o.<\/a><\/figcaption><\/figure>\n<\/div>\n<h2 class=\"wp-block-heading\">2. <strong>Alternatywa o niskiej zawarto\u015bci kofeiny<\/strong><\/h2>\n\n<p>W przeciwie\u0144stwie do wielu innych herbat i kaw, hojicha ma nisk\u0105 zawarto\u015b\u0107 kofeiny, co czyni j\u0105 doskona\u0142ym wyborem dla ka\u017cdego o ka\u017cdej porze dnia. Japo\u0144czycy tradycyjnie spo\u017cywaj\u0105 go wieczorem po posi\u0142ku, ale mo\u017cna si\u0119 nim delektowa\u0107 o ka\u017cdej porze dnia.   <\/p>\n\n<p>Oferowanie hojicha pomaga zaspokoi\u0107 potrzeby szerszego grona odbiorc\u00f3w, w tym os\u00f3b dbaj\u0105cych o zdrowie, kobiet w ci\u0105\u017cy, rodzin i os\u00f3b szukaj\u0105cych relaksuj\u0105cej opcji drinka. Jest naprawd\u0119 uniwersalny. <\/p>\n\n<h2 class=\"wp-block-heading\">3. <strong>Wszechstronne aplikacje menu<\/strong><\/h2>\n\n<p>Hojicha mo\u017ce by\u0107 podawana na ciep\u0142o lub na zimno, podawana w infuzji (w li\u015bciach) lub rozpuszczona (w proszku), w latte, mro\u017conej latte lub w \u017cywno\u015bci, takiej jak lody i ciastka o smaku hojicha. Dzi\u0119ki temu mo\u017cesz tworzy\u0107 sezonowe specja\u0142y i wyj\u0105tkowe, autorskie drinki, kt\u00f3re wyr\u00f3\u017cni\u0105 Twoj\u0105 kawiarni\u0119 na tle konkurencji. <\/p>\n<div class=\"wp-block-image\">\n<figure class=\"aligncenter size-full is-resized\"><img decoding=\"async\" width=\"1000\" height=\"704\" src=\"https:\/\/hojichawholesale.eu\/wp-content\/uploads\/2024\/10\/Depositphotos_505676462_S.avif\" alt=\"\" class=\"wp-image-5452\" style=\"width:553px;height:auto\" srcset=\"https:\/\/hojichawholesale.eu\/wp-content\/uploads\/2024\/10\/Depositphotos_505676462_S.avif 1000w, https:\/\/hojichawholesale.eu\/wp-content\/uploads\/2024\/10\/Depositphotos_505676462_S-300x211.avif 300w, https:\/\/hojichawholesale.eu\/wp-content\/uploads\/2024\/10\/Depositphotos_505676462_S-768x541.avif 768w\" sizes=\"(max-width: 1000px) 100vw, 1000px\" \/><\/figure>\n<\/div>\n<h2 class=\"wp-block-heading\">4. <strong>Apeluje do klient\u00f3w dbaj\u0105cych o zdrowie<\/strong><\/h2>\n\n<p>Hojicha to zdrowy, bogaty w przeciwutleniacze nap\u00f3j o licznych korzy\u015bciach zdrowotnych. Wiadomo, \u017ce wspomaga trawienie, zmniejsza stres i poprawia samopoczucie dzi\u0119ki ni\u017cszej zawarto\u015bci kofeiny i wy\u017cszemu poziomowi L-teaniny. L-teanina jest przeciwutleniaczem, kt\u00f3ry sprzyja relaksowi bez senno\u015bci.    <\/p>\n\n<p>To sprawia, \u017ce hojicha jest idealnym dodatkiem do menu Twojej kawiarni, zw\u0142aszcza \u017ce coraz wi\u0119cej klient\u00f3w szuka zdrowszych opcji.<\/p>\n\n<h2 class=\"wp-block-heading\">5. <strong>Dostosowuje si\u0119 do rosn\u0105cej popularno\u015bci japo\u0144skiej herbaty<\/strong><\/h2>\n\n<p>Japo\u0144skie herbaty zyskuj\u0105 popularno\u015b\u0107 na ca\u0142ym \u015bwiecie, a hojicha nie jest wyj\u0105tkiem. Oferuj\u0105c hojicha, Twoja kawiarnia mo\u017ce wykorzysta\u0107 ten trend i przyci\u0105gn\u0105\u0107 entuzjast\u00f3w herbaty, kt\u00f3rzy ch\u0119tnie spr\u00f3buj\u0105 autentycznych i wysokiej jako\u015bci japo\u0144skich herbat. Dodaje rzemie\u015blniczy, kulturowy akcent do Twojego menu, kt\u00f3ry przemawia do klient\u00f3w poszukuj\u0105cych nowych, mi\u0119dzynarodowych smak\u00f3w.  <\/p>\n\n<figure class=\"wp-block-image size-large\"><img decoding=\"async\" width=\"1024\" height=\"544\" src=\"https:\/\/hojichawholesale.eu\/wp-content\/uploads\/2024\/10\/hojicha-trends-1024x544.avif\" alt=\"\" class=\"wp-image-5444\" srcset=\"https:\/\/hojichawholesale.eu\/wp-content\/uploads\/2024\/10\/hojicha-trends-1024x544.avif 1024w, https:\/\/hojichawholesale.eu\/wp-content\/uploads\/2024\/10\/hojicha-trends-300x159.avif 300w, https:\/\/hojichawholesale.eu\/wp-content\/uploads\/2024\/10\/hojicha-trends-768x408.avif 768w, https:\/\/hojichawholesale.eu\/wp-content\/uploads\/2024\/10\/hojicha-trends-1536x816.avif 1536w, https:\/\/hojichawholesale.eu\/wp-content\/uploads\/2024\/10\/hojicha-trends.avif 1892w\" sizes=\"(max-width: 1024px) 100vw, 1024px\" \/><\/figure>\n\n<figure class=\"wp-block-image size-large\"><img loading=\"lazy\" decoding=\"async\" width=\"1024\" height=\"412\" src=\"https:\/\/hojichawholesale.eu\/wp-content\/uploads\/2024\/10\/hojicha-trends-countries-1024x412.avif\" alt=\"\" class=\"wp-image-5459\" srcset=\"https:\/\/hojichawholesale.eu\/wp-content\/uploads\/2024\/10\/hojicha-trends-countries-1024x412.avif 1024w, https:\/\/hojichawholesale.eu\/wp-content\/uploads\/2024\/10\/hojicha-trends-countries-300x121.avif 300w, https:\/\/hojichawholesale.eu\/wp-content\/uploads\/2024\/10\/hojicha-trends-countries-768x309.avif 768w, https:\/\/hojichawholesale.eu\/wp-content\/uploads\/2024\/10\/hojicha-trends-countries-1536x618.avif 1536w, https:\/\/hojichawholesale.eu\/wp-content\/uploads\/2024\/10\/hojicha-trends-countries.avif 1873w\" sizes=\"(max-width: 1024px) 100vw, 1024px\" \/><\/figure>\n\n<h2 class=\"wp-block-heading\">6. <strong>Przyjazny dla \u015brodowiska i zr\u00f3wnowa\u017cony<\/strong><\/h2>\n\n<p>Nasza hojicha pochodzi ze zr\u00f3wnowa\u017conych upraw herbaty w Japonii, gdzie tradycyjne techniki palenia s\u0105 przekazywane z pokolenia na pokolenie.  <\/p>\n\n<p>Oferowanie hojicha \u015bwiadczy o zaanga\u017cowaniu Twojej kawiarni w praktyki przyjazne dla \u015brodowiska i zr\u00f3wnowa\u017cony rozw\u00f3j, kt\u00f3ry staje si\u0119 coraz wa\u017cniejszy dla konsument\u00f3w. Mo\u017cesz podkre\u015bli\u0107 ten aspekt w swoim marketingu, aby przyci\u0105gn\u0105\u0107 klient\u00f3w \u015bwiadomych ekologicznie. <\/p>\n\n<h2 class=\"wp-block-heading\">7. <strong>Poprawia estetyk\u0119 Twojej kawiarni<\/strong><\/h2>\n\n<p>Opr\u00f3cz wspania\u0142ego smaku, hojicha oferuje r\u00f3wnie\u017c estetyk\u0119.  <\/p>\n\n<p>Jego bogaty, bursztynowo-br\u0105zowy kolor i minimalistyczna prezentacja mog\u0105 z \u0142atwo\u015bci\u0105 uzupe\u0142ni\u0107 wizualny styl Twojej kawiarni, niezale\u017cnie od tego, czy podajesz j\u0105 w nowoczesnym szkle, czy w tradycyjnych japo\u0144skich zestawach do herbaty. Jego atrakcyjno\u015b\u0107 wizualna sprawia, \u017ce jest godny Instagrama, pomagaj\u0105c generowa\u0107 szum i przyci\u0105ga\u0107 wi\u0119cej klient\u00f3w za po\u015brednictwem medi\u00f3w spo\u0142eczno\u015bciowych. <\/p>\n<div class=\"wp-block-image\">\n<figure class=\"aligncenter size-full is-resized\"><img loading=\"lazy\" decoding=\"async\" width=\"1000\" height=\"668\" src=\"https:\/\/hojichawholesale.eu\/wp-content\/uploads\/2024\/10\/Depositphotos_466456178_S-1.avif\" alt=\"\" class=\"wp-image-5450\" style=\"width:504px;height:auto\" srcset=\"https:\/\/hojichawholesale.eu\/wp-content\/uploads\/2024\/10\/Depositphotos_466456178_S-1.avif 1000w, https:\/\/hojichawholesale.eu\/wp-content\/uploads\/2024\/10\/Depositphotos_466456178_S-1-300x200.avif 300w, https:\/\/hojichawholesale.eu\/wp-content\/uploads\/2024\/10\/Depositphotos_466456178_S-1-768x513.avif 768w\" sizes=\"(max-width: 1000px) 100vw, 1000px\" \/><figcaption class=\"wp-element-caption\">Ciasto Hojicha.  <\/figcaption><\/figure>\n<\/div>\n<h2 class=\"wp-block-heading\">8. <strong>\u0141atwy do zintegrowania<\/strong><\/h2>\n\n<p>W\u0142\u0105czenie hojichy do menu kawiarni jest proste.  <\/p>\n\n<p>Wymaga minimalnego przygotowania i mo\u017cna go przygotowa\u0107 za pomoc\u0105 standardowego sprz\u0119tu kawiarnianego, niezale\u017cnie od tego, czy parzysz tradycyjn\u0105 fili\u017cank\u0119 herbaty, czy przygotowujesz hojicha latte.  <\/p>\n\n<p>Zapewniamy opcje hurtowe dostosowane do potrzeb kawiarni, zapewniaj\u0105c wysokiej jako\u015bci hojicha, kt\u00f3ra jest \u0142atwa do przechowywania i wykorzystania w r\u00f3\u017cnych przepisach.<\/p>\n\n<h2 class=\"wp-block-heading\">9. \u0141atwy do wprowadzenia na rynek<\/h2>\n\n<p>Charakter produktu daje szeroki zakres perspektyw do wykorzystania w marketingu, od fantazyjnego japo\u0144skiego napoju po nap\u00f3j prozdrowotny.<\/p>\n\n<p>Niski koszt produkcji daje pe\u0142n\u0105 kontrol\u0119 nad mar\u017cami zysku.<\/p>\n\n<p>Oferuj\u0105c hojicha, nie tylko dodajesz kolejny nap\u00f3j do swojego menu \u2014 zapewniasz swoim klientom wyj\u0105tkowe wra\u017cenia.  <\/p>\n\n<p>To herbata, kt\u00f3ra przemawia zar\u00f3wno do os\u00f3b dbaj\u0105cych o zdrowie, jak i tych, kt\u00f3rzy szukaj\u0105 czego\u015b nowego.<\/p>\n\n<h2 class=\"wp-block-heading\">Zam\u00f3w pr\u00f3bk\u0119<\/h2>\n\n<p>Ciekawi Ci\u0119 bogaty, palony smak naszej hojichy premium?  <\/p>\n\n<p>Po prostu wype\u0142nij swoje dane poni\u017cej, a my wy\u015blemy Ci pr\u00f3bk\u0119. Daj nam zna\u0107, je\u015bli masz konkretne \u017cyczenia, a my z przyjemno\u015bci\u0105 dostosujemy nasz\u0105 ofert\u0119 do Twoich potrzeb biznesowych. <\/p>\n<div class=\"forminator-ui forminator-custom-form forminator-custom-form-1365 forminator-design--flat  forminator_ajax\" data-forminator-render=\"0\" data-form=\"forminator-module-1365\" data-uid=\"69d4510d564eb\"><br\/><\/div><form\n\t\t\t\tid=\"forminator-module-1365\"\n\t\t\t\tclass=\"forminator-ui forminator-custom-form forminator-custom-form-1365 forminator-design--flat  forminator_ajax\"\n\t\t\t\tmethod=\"post\"\n\t\t\t\tdata-forminator-render=\"0\"\n\t\t\t\tdata-form-id=\"1365\"\n\t\t\t\t data-color-option=\"default\" data-design=\"flat\" data-grid=\"open\" style=\"display: none;\"\n\t\t\t\tdata-uid=\"69d4510d564eb\"\n\t\t\t><div role=\"alert\" aria-live=\"polite\" class=\"forminator-response-message forminator-error\" aria-hidden=\"true\"><\/div><div class=\"forminator-row\"><div id=\"name-1\" class=\"forminator-field-name forminator-col forminator-col-6 \"><div class=\"forminator-field\"><input type=\"text\" name=\"name-1\" value=\"\" placeholder=\"First Name\" id=\"forminator-field-name-1_69d4510d564eb\" class=\"forminator-input forminator-name--field\" aria-required=\"true\" autocomplete=\"name\" \/><\/div><\/div><div id=\"name-2\" class=\"forminator-field-name forminator-col forminator-col-6 \"><div class=\"forminator-field\"><input type=\"text\" name=\"name-2\" value=\"\" placeholder=\"Last Name\" id=\"forminator-field-name-2_69d4510d564eb\" class=\"forminator-input forminator-name--field\" aria-required=\"true\" autocomplete=\"name\" \/><\/div><\/div><\/div><div class=\"forminator-row\"><div id=\"email-1\" class=\"forminator-field-email forminator-col forminator-col-12 \"><div class=\"forminator-field\"><input type=\"email\" name=\"email-1\" value=\"\" placeholder=\"Email\" id=\"forminator-field-email-1_69d4510d564eb\" class=\"forminator-input forminator-email--field\" data-required=\"true\" aria-required=\"true\" autocomplete=\"email\" \/><\/div><\/div><\/div><div class=\"forminator-row\"><div id=\"phone-1\" class=\"forminator-field-phone forminator-col forminator-col-12 \"><div class=\"forminator-field\"><input type=\"text\" name=\"phone-1\" value=\"\" placeholder=\"Phone\" id=\"forminator-field-phone-1_69d4510d564eb\" class=\"forminator-input forminator-field--phone\" data-required=\"\" aria-required=\"false\" autocomplete=\"off\" \/><\/div><\/div><\/div><div class=\"forminator-row\"><div id=\"textarea-1\" class=\"forminator-field-textarea forminator-col forminator-col-12 \"><div class=\"forminator-field\"><textarea name=\"textarea-1\" placeholder=\"Message\" id=\"forminator-field-textarea-1_69d4510d564eb\" class=\"forminator-textarea\" rows=\"6\" style=\"min-height:140px;\" ><\/textarea><span id=\"forminator-field-textarea-1_69d4510d564eb-description\" class=\"forminator-description\"><span data-limit=\"300\" data-type=\"words\" data-editor=\"\">0 \/ 300<\/span><\/span><\/div><\/div><\/div><div class=\"forminator-row\"><\/div><input type=\"hidden\" name=\"referer_url\" value=\"\" \/><div class=\"forminator-row forminator-row-last\"><div class=\"forminator-col\"><div class=\"forminator-field\"><button class=\"forminator-button forminator-button-submit\">Send<\/button><\/div><\/div><\/div><input type=\"hidden\" id=\"forminator_nonce\" name=\"forminator_nonce\" value=\"0b51ba8eba\" \/><input type=\"hidden\" name=\"_wp_http_referer\" value=\"\/pl\/wp-json\/wp\/v2\/pages\/6533\" \/><input type=\"hidden\" name=\"form_id\" value=\"1365\"><input type=\"hidden\" name=\"page_id\" value=\"6533\"><input type=\"hidden\" name=\"form_type\" value=\"default\"><input type=\"hidden\" name=\"current_url\" value=\"https:\/\/hojichawholesale.eu\/pl\/hojicha-dla-kawiarni\/\"><input type=\"hidden\" name=\"render_id\" value=\"0\"><input type=\"hidden\" name=\"action\" value=\"forminator_submit_form_custom-forms\"><label for=\"input_6\" class=\"forminator-hidden\" aria-hidden=\"true\">Prosz\u0119 nie wype\u0142nia\u0107 tego pola. <input id=\"input_6\" type=\"text\" name=\"input_6\" value=\"\" autocomplete=\"off\"><\/label><\/form>\n\n<p><\/p>\n","protected":false},"excerpt":{"rendered":"<p>Hojicha dla kawiarni Hojicha, palona japo\u0144ska zielona herbata, to idealny dodatek do Twojego menu napoj\u00f3w. Nie tylko zapewnia charakterystyczny smak, ale tak\u017ce wpisuje si\u0119 w rosn\u0105cy trend wysokiej jako\u015bci, zdrowych i rzemie\u015blniczych napoj\u00f3w. Oto dlaczego wprowadzenie hojichy do Twojej kawiarni pomo\u017ce Ci wyr\u00f3\u017cni\u0107 si\u0119 na tle konkurencji i zaspokoi\u0107 potrzeby nowego segmentu klient\u00f3w. 1. Unikalny [&hellip;]<\/p>\n","protected":false},"author":1,"featured_media":6539,"parent":0,"menu_order":0,"comment_status":"closed","ping_status":"closed","template":"","meta":{"_surecart_dashboard_logo_width":"180px","_surecart_dashboard_show_logo":true,"_surecart_dashboard_navigation_orders":true,"_surecart_dashboard_navigation_invoices":true,"_surecart_dashboard_navigation_subscriptions":true,"_surecart_dashboard_navigation_downloads":true,"_surecart_dashboard_navigation_billing":true,"_surecart_dashboard_navigation_account":true,"footnotes":""},"class_list":["post-6533","page","type-page","status-publish","has-post-thumbnail","hentry","entry","has-media"],"mb":[],"mfb_rest_fields":["title","gutenberg_elementor_mode"],"_links":{"self":[{"href":"https:\/\/hojichawholesale.eu\/pl\/wp-json\/wp\/v2\/pages\/6533","targetHints":{"allow":["GET"]}}],"collection":[{"href":"https:\/\/hojichawholesale.eu\/pl\/wp-json\/wp\/v2\/pages"}],"about":[{"href":"https:\/\/hojichawholesale.eu\/pl\/wp-json\/wp\/v2\/types\/page"}],"author":[{"embeddable":true,"href":"https:\/\/hojichawholesale.eu\/pl\/wp-json\/wp\/v2\/users\/1"}],"replies":[{"embeddable":true,"href":"https:\/\/hojichawholesale.eu\/pl\/wp-json\/wp\/v2\/comments?post=6533"}],"version-history":[{"count":0,"href":"https:\/\/hojichawholesale.eu\/pl\/wp-json\/wp\/v2\/pages\/6533\/revisions"}],"wp:featuredmedia":[{"embeddable":true,"href":"https:\/\/hojichawholesale.eu\/pl\/wp-json\/wp\/v2\/media\/6539"}],"wp:attachment":[{"href":"https:\/\/hojichawholesale.eu\/pl\/wp-json\/wp\/v2\/media?parent=6533"}],"curies":[{"name":"wp","href":"https:\/\/api.w.org\/{rel}","templated":true}]}}