{"id":7365,"date":"2024-12-11T21:40:39","date_gmt":"2024-12-11T21:40:39","guid":{"rendered":"https:\/\/hojichawholesale.eu\/hvit-etikett-hojicha\/"},"modified":"2026-04-13T14:40:01","modified_gmt":"2026-04-13T14:40:01","slug":"hvit-etikett-hojicha","status":"publish","type":"page","link":"https:\/\/hojichawholesale.eu\/no\/hvit-etikett-hojicha\/","title":{"rendered":"Hvit etikett Hojicha"},"content":{"rendered":"\n<h1 class=\"wp-block-heading\">Hvit etikett Hojicha<\/h1>\n\n<p>Klar til \u00e5 lansere ditt eget temerke eller utvide produktlinjen? Vi tilbyr en <a href=\"https:\/\/doypacked.eu\/\" target=\"_blank\" rel=\"noopener\">fullservice produksjonssuite<\/a> som tar produktet ditt fra r\u00e5 ingrediens til et hylleklart mesterverk, utstyrt for \u00e5 h\u00e5ndtere hvert steg i merkevarens reise: <\/p>\n\n<h3 class=\"wp-block-heading\">1. Ekspertinnhenting<\/h3>\n\n<p>Vi bygger bro mellom japanske teplantasjer og virksomheten din. Vi henter h\u00f8ykvalitets, autentiske Hojicha-blader og pulver direkte fra Japan, og sikrer jevn smak og f\u00f8rsteklasses kvalitet for kundene dine. <\/p>\n\n<h3 class=\"wp-block-heading\">2. Skreddersydd oppskrift og pulverblanding<\/h3>\n\n<p>Har du en unik visjon? Vi kan lage skreddersydde blandinger tilpasset ditt merke. Enten du vil blande Hojicha med funksjonelle ingredienser, smaker eller s\u00f8tningsmidler, kan vi n\u00f8ye blande enhver oppskrift du trenger.  <\/p>\n\n<h3 class=\"wp-block-heading\">3. Profesjonell emballasje og merking<\/h3>\n\n<p>Vi tilbyr fleksible emballasjealternativer som passer merkevarens estetikk:<\/p>\n\n<ul class=\"wp-block-list\">\n<li><strong>Doypacks:<\/strong> Moderne, st\u00e5ende lommer tilgjengelig med h\u00f8ykvalitets <strong>spesialtrykk<\/strong> eller <strong>etikettp\u00e5f\u00f8ring<\/strong>.<\/li>\n\n\n\n<li><strong>Blikkbokser:<\/strong> Premium, slitesterke metallbokser for en luksuri\u00f8s f\u00f8lelse, avsluttet med ekspertetikett for et rent, profesjonelt utseende.<\/li>\n<\/ul>\n\n<h3 class=\"wp-block-heading\">4. Bevaring av ferskhet (nitrogenspyling)<\/h3>\n\n<p>For \u00e5 sikre at Hojichaen din smaker like frisk som den ble ristet, tilbyr vi <strong>nitrogenskylling<\/strong>. Ved \u00e5 erstatte oksygen med nitrogen av n\u00e6ringskvalitet under forseglingen, forlenger vi holdbarheten betydelig og bevarer den delikate aromaen og den livlige smaken av teen din. <\/p>\n\n<h2 class=\"wp-block-heading\"><strong>Hvorfor hvitmerke hojichaen din?<\/strong><\/h2>\n\n<ul class=\"wp-block-list\">\n<li><strong>Fokuser p\u00e5 vekst:<\/strong> Deleger sourcing og produksjon til oss slik at du kan fokusere helt p\u00e5 markedsf\u00f8ring og salg. Vi h\u00e5ndterer logistikken; Du bygger merkevaren. <\/li>\n\n\n\n<li><strong>Total kreativ kontroll:<\/strong> Fra pulverets spesifikke brenningsprofil til den endelige emballasjens estetikk, gjennomf\u00f8rer vi visjonen din til minste detalj.<\/li>\n\n\n\n<li><strong>Operasjoner fra din stasjon\u00e6re datamaskin:<\/strong> Enten du retter deg mot Amazon FBA eller store supermarkeder, h\u00e5ndterer vi forsyningskjeden og sender direkte til dine tildelte sentre.<\/li>\n\n\n\n<li><strong>Naviger regelverket med letthet:<\/strong> Matoverholdelse er komplekst og kostbart. Unng\u00e5 regulatoriske hodebry ved \u00e5 benytte deg av v\u00e5re sertifiserte, str\u00f8mlinjeformede prosesser. <\/li>\n<\/ul>\n\n<p><strong>Fullservicefordelen<\/strong>: De fleste tegrossister stopper ved 1 kg-posen. Dette tvinger merkevarer til \u00e5 finne en sekund\u00e6r co-packer, noe som \u00f8ker ledetiden og \u00f8delegger fortjenestemarginene. Vi er annerledes: vi h\u00e5ndterer alt fra bulkinnkj\u00f8p til butikkklare 50g bokser eller doypacks.  <\/p>\n\n<h2 class=\"wp-block-heading\"><strong>White Label-prosessen: Trinn-for-trinn<\/strong><\/h2>\n\n<ol class=\"wp-block-list\">\n<li><strong>Velg teen din:<\/strong> Vi tilbyr et bredt utvalg av teer du kan velge mellom.<\/li>\n\n\n\n<li><strong>Velg emballasje:<\/strong> Doypacks eller blikkbokser, blanke eller trykte, merkede eller umerkede, vi har en rekke fleksible alternativer for \u00e5 sikre at du f\u00f8ler deg bra med merkevaren og produktet ditt.<\/li>\n\n\n\n<li><strong>Begynn \u00e5 selge:<\/strong> Med merkevaren din p\u00e5 plass, er du klar til \u00e5 presentere en premium, private label hojicha til kundene dine, noe som gj\u00f8r den unik din.<\/li>\n<\/ol>\n\n<h2 class=\"wp-block-heading\"><strong>Hvorfor samarbeide med Hojicha Wholesale?<\/strong><\/h2>\n\n<ul class=\"wp-block-list\">\n<li><strong>Ekspert innkj\u00f8p:<\/strong> Vi har bygget sterke partnerskap med erfarne teb\u00f8nder og produsenter i Japan, noe som sikrer jevn kvalitet og forsyning.<\/li>\n\n\n\n<li><strong>Enkel integrasjon:<\/strong> V\u00e5re white-label-l\u00f8sninger er designet med enkelhet i tankene. Ingen kompliserte prosesser, bare legg til merkevareelementer og begynn \u00e5 selge. <\/li>\n\n\n\n<li><strong>Dedikert st\u00f8tte:<\/strong> Vi er her for \u00e5 hjelpe deg gjennom hele prosessen, fra f\u00f8rstebestillingshenvendelser til ettersalgsst\u00f8tte.<\/li>\n<\/ul>\n\n<h2 class=\"wp-block-heading\"><strong>Klar til \u00e5 komme i gang?<\/strong><\/h2>\n\n<p>Kontakt oss i dag for \u00e5 be om et tilbud, l\u00e6re mer om v\u00e5re prisniv\u00e5er og starte white-label-prosessen. Vi hjelper deg gjerne med \u00e5 komme i gang! <\/p>\n<div class=\"forminator-ui forminator-custom-form forminator-custom-form-1365 forminator-design--flat  forminator_ajax\" data-forminator-render=\"0\" data-form=\"forminator-module-1365\" data-uid=\"69deef46b2752\"><br\/><\/div><form\n\t\t\t\tid=\"forminator-module-1365\"\n\t\t\t\tclass=\"forminator-ui forminator-custom-form forminator-custom-form-1365 forminator-design--flat  forminator_ajax\"\n\t\t\t\tmethod=\"post\"\n\t\t\t\tdata-forminator-render=\"0\"\n\t\t\t\tdata-form-id=\"1365\"\n\t\t\t\t data-color-option=\"default\" data-design=\"flat\" data-grid=\"open\" style=\"display: none;\"\n\t\t\t\tdata-uid=\"69deef46b2752\"\n\t\t\t><div role=\"alert\" aria-live=\"polite\" class=\"forminator-response-message forminator-error\" aria-hidden=\"true\"><\/div><div class=\"forminator-row\"><div id=\"name-1\" class=\"forminator-field-name forminator-col forminator-col-6 \"><div class=\"forminator-field\"><input type=\"text\" name=\"name-1\" value=\"\" placeholder=\"First Name\" id=\"forminator-field-name-1_69deef46b2752\" class=\"forminator-input forminator-name--field\" aria-required=\"true\" autocomplete=\"name\" \/><\/div><\/div><div id=\"name-2\" class=\"forminator-field-name forminator-col forminator-col-6 \"><div class=\"forminator-field\"><input type=\"text\" name=\"name-2\" value=\"\" placeholder=\"Last Name\" id=\"forminator-field-name-2_69deef46b2752\" class=\"forminator-input forminator-name--field\" aria-required=\"true\" autocomplete=\"name\" \/><\/div><\/div><\/div><div class=\"forminator-row\"><div id=\"email-1\" class=\"forminator-field-email forminator-col forminator-col-12 \"><div class=\"forminator-field\"><input type=\"email\" name=\"email-1\" value=\"\" placeholder=\"Email\" id=\"forminator-field-email-1_69deef46b2752\" class=\"forminator-input forminator-email--field\" data-required=\"true\" aria-required=\"true\" autocomplete=\"email\" \/><\/div><\/div><\/div><div class=\"forminator-row\"><div id=\"phone-1\" class=\"forminator-field-phone forminator-col forminator-col-12 \"><div class=\"forminator-field\"><input type=\"text\" name=\"phone-1\" value=\"\" placeholder=\"Phone\" id=\"forminator-field-phone-1_69deef46b2752\" class=\"forminator-input forminator-field--phone\" data-required=\"\" aria-required=\"false\" autocomplete=\"off\" \/><\/div><\/div><\/div><div class=\"forminator-row\"><div id=\"textarea-1\" class=\"forminator-field-textarea forminator-col forminator-col-12 \"><div class=\"forminator-field\"><textarea name=\"textarea-1\" placeholder=\"Message\" id=\"forminator-field-textarea-1_69deef46b2752\" class=\"forminator-textarea\" rows=\"6\" style=\"min-height:140px;\" ><\/textarea><span id=\"forminator-field-textarea-1_69deef46b2752-description\" class=\"forminator-description\"><span data-limit=\"300\" data-type=\"words\" data-editor=\"\">0 \/ 300<\/span><\/span><\/div><\/div><\/div><div class=\"forminator-row\"><\/div><input type=\"hidden\" name=\"referer_url\" value=\"\" \/><div class=\"forminator-row forminator-row-last\"><div class=\"forminator-col\"><div class=\"forminator-field\"><button class=\"forminator-button forminator-button-submit\">Send<\/button><\/div><\/div><\/div><input type=\"hidden\" id=\"forminator_nonce\" name=\"forminator_nonce\" value=\"b293d4058b\" \/><input type=\"hidden\" name=\"_wp_http_referer\" value=\"\/no\/wp-json\/wp\/v2\/pages\/7365\" \/><input type=\"hidden\" name=\"form_id\" value=\"1365\"><input type=\"hidden\" name=\"page_id\" value=\"7365\"><input type=\"hidden\" name=\"form_type\" value=\"default\"><input type=\"hidden\" name=\"current_url\" value=\"https:\/\/hojichawholesale.eu\/no\/hvit-etikett-hojicha\/\"><input type=\"hidden\" name=\"render_id\" value=\"0\"><input type=\"hidden\" name=\"action\" value=\"forminator_submit_form_custom-forms\"><label for=\"input_6\" class=\"forminator-hidden\" aria-hidden=\"true\">Please do not fill in this field. <input id=\"input_6\" type=\"text\" name=\"input_6\" value=\"\" autocomplete=\"off\"><\/label><\/form>\n","protected":false},"excerpt":{"rendered":"<p>Hvit etikett Hojicha Klar til \u00e5 lansere ditt eget temerke eller utvide produktlinjen? Vi tilbyr en fullservice produksjonssuite som tar produktet ditt fra r\u00e5 ingrediens til et hylleklart mesterverk, utstyrt for \u00e5 h\u00e5ndtere hvert steg i merkevarens reise: 1. Ekspertinnhenting Vi bygger bro mellom japanske teplantasjer og virksomheten din. Vi henter h\u00f8ykvalitets, autentiske Hojicha-blader og [&hellip;]<\/p>\n","protected":false},"author":1,"featured_media":7309,"parent":0,"menu_order":0,"comment_status":"closed","ping_status":"closed","template":"","meta":{"_surecart_dashboard_logo_width":"180px","_surecart_dashboard_show_logo":true,"_surecart_dashboard_navigation_orders":true,"_surecart_dashboard_navigation_invoices":true,"_surecart_dashboard_navigation_subscriptions":true,"_surecart_dashboard_navigation_downloads":true,"_surecart_dashboard_navigation_billing":true,"_surecart_dashboard_navigation_account":true,"footnotes":""},"class_list":["post-7365","page","type-page","status-publish","has-post-thumbnail","hentry","entry","has-media"],"mb":[],"mfb_rest_fields":["title","gutenberg_elementor_mode"],"_links":{"self":[{"href":"https:\/\/hojichawholesale.eu\/no\/wp-json\/wp\/v2\/pages\/7365","targetHints":{"allow":["GET"]}}],"collection":[{"href":"https:\/\/hojichawholesale.eu\/no\/wp-json\/wp\/v2\/pages"}],"about":[{"href":"https:\/\/hojichawholesale.eu\/no\/wp-json\/wp\/v2\/types\/page"}],"author":[{"embeddable":true,"href":"https:\/\/hojichawholesale.eu\/no\/wp-json\/wp\/v2\/users\/1"}],"replies":[{"embeddable":true,"href":"https:\/\/hojichawholesale.eu\/no\/wp-json\/wp\/v2\/comments?post=7365"}],"version-history":[{"count":0,"href":"https:\/\/hojichawholesale.eu\/no\/wp-json\/wp\/v2\/pages\/7365\/revisions"}],"wp:featuredmedia":[{"embeddable":true,"href":"https:\/\/hojichawholesale.eu\/no\/wp-json\/wp\/v2\/media\/7309"}],"wp:attachment":[{"href":"https:\/\/hojichawholesale.eu\/no\/wp-json\/wp\/v2\/media?parent=7365"}],"curies":[{"name":"wp","href":"https:\/\/api.w.org\/{rel}","templated":true}]}}