{"id":6526,"date":"2024-10-12T11:39:24","date_gmt":"2024-10-12T11:39:24","guid":{"rendered":"https:\/\/hojichawholesale.eu\/hva-er-hojicha\/"},"modified":"2024-10-13T19:30:42","modified_gmt":"2024-10-13T19:30:42","slug":"hva-er-hojicha","status":"publish","type":"page","link":"https:\/\/hojichawholesale.eu\/no\/hva-er-hojicha\/","title":{"rendered":"Hva er hojicha?"},"content":{"rendered":"\n<h1 class=\"wp-block-heading\">Hva er Hojicha?<\/h1>\n\n<p>Hojicha er en japansk gr\u00f8nn te stekt i porselen ved temperaturer fra 175\u00b0C til 350\u00b0C.  Denne stekeprosessen gir den sine karakteristiske oransje toner og reduserer koffein- og katekininnholdet. <\/p>\n\n<p>  &laquo;<em>Hoji<\/em>&raquo; betyr &laquo;\u00e5 steke&raquo; p\u00e5 japansk, og &laquo;<em>cha<\/em>&raquo; betyr te.<\/p>\n<div class=\"wp-block-image\">\n<figure class=\"aligncenter size-large is-resized\"><img fetchpriority=\"high\" decoding=\"async\" width=\"1024\" height=\"683\" src=\"https:\/\/hojichawholesale.eu\/wp-content\/uploads\/2024\/10\/Depositphotos_502919918_L-1-1024x683.avif\" alt=\"\" class=\"wp-image-5573\" style=\"width:539px;height:auto\" srcset=\"https:\/\/hojichawholesale.eu\/wp-content\/uploads\/2024\/10\/Depositphotos_502919918_L-1-1024x683.avif 1024w, https:\/\/hojichawholesale.eu\/wp-content\/uploads\/2024\/10\/Depositphotos_502919918_L-1-300x200.avif 300w, https:\/\/hojichawholesale.eu\/wp-content\/uploads\/2024\/10\/Depositphotos_502919918_L-1-768x512.avif 768w, https:\/\/hojichawholesale.eu\/wp-content\/uploads\/2024\/10\/Depositphotos_502919918_L-1.avif 1200w\" sizes=\"(max-width: 1024px) 100vw, 1024px\" \/><\/figure>\n<\/div>\n<h2 class=\"wp-block-heading\"><strong>Hvorfor drikke Hojicha?<\/strong><\/h2>\n\n<p>Hojicha er en tradisjonell japansk drink som konsumeres om natten for \u00e5 hjelpe med ford\u00f8yelsen.  <\/p>\n\n<p>Imidlertid kan den drikkes n\u00e5r som helst p\u00e5 dagen og \u00e5ret.  <\/p>\n\n<p>Til tross for fargen er hojicha en gr\u00f8nn te. Den g\u00e5r gjennom en prosess kjent som shaqing, som er et dampbad som stopper den naturlige oksidasjonsprosessen som skjer ved h\u00f8sting. <\/p>\n\n<p>Som et resultat beholder hojicha mange av fordelene med gr\u00f8nn te, som \u00e5 fremme avslapning og styrke immunforsvaret.<\/p>\n\n<h2 class=\"wp-block-heading\">Ulike typer Hojicha<\/h2>\n\n<p>Det finnes forskjellige typer hojicha. Hovedkarakteristikken kommer fra tilgjengeligheten i b\u00e5de pulver og l\u00f8se blader. <\/p>\n\n<p>Utenom det kommer hojicha ofte i tre typer blader (lysbrent, middels stekt, m\u00f8rkstekt), og det kan til og med blandes med stekt ris, og tar navnet hojicha genmai.  <\/p>\n<div class=\"wp-block-image\">\n<figure class=\"aligncenter size-large is-resized\"><img decoding=\"async\" width=\"1024\" height=\"683\" src=\"https:\/\/hojichawholesale.eu\/wp-content\/uploads\/2024\/10\/Depositphotos_565446018_L-1-1024x683.avif\" alt=\"\" class=\"wp-image-5577\" style=\"width:572px;height:auto\" srcset=\"https:\/\/hojichawholesale.eu\/wp-content\/uploads\/2024\/10\/Depositphotos_565446018_L-1-1024x683.avif 1024w, https:\/\/hojichawholesale.eu\/wp-content\/uploads\/2024\/10\/Depositphotos_565446018_L-1-300x200.avif 300w, https:\/\/hojichawholesale.eu\/wp-content\/uploads\/2024\/10\/Depositphotos_565446018_L-1-768x512.avif 768w, https:\/\/hojichawholesale.eu\/wp-content\/uploads\/2024\/10\/Depositphotos_565446018_L-1.avif 1200w\" sizes=\"(max-width: 1024px) 100vw, 1024px\" \/><\/figure>\n<\/div>\n<h2 class=\"wp-block-heading\"><strong>Hvilken kultivar brukes til Hojicha?<\/strong><\/h2>\n\n<p>Den mest brukte kultivaren for Hojicha er Yabukita, selv om noen hojicha ogs\u00e5 er laget av Gokou-kultivaren.<\/p>\n\n<h2 class=\"wp-block-heading\">Hvordan produseres Hojicha?<\/h2>\n\n<p>Hojicha begynner sin produksjonsprosess som bancha eller sencha.  <\/p>\n\n<p>Etter h\u00f8sting gjennomg\u00e5r bladene damping, kalt &laquo;shaqing&raquo;, for \u00e5 stoppe oksidasjonsprosessen. De rulles, t\u00f8rkes og stekes deretter mellom 175 \u00b0C og 350 \u00b0C i porselen. Det er da bancha (eller sencha) blir hojicha.  <\/p>\n\n<p>Noe av det blir bearbeidet til pulver mens resten pakkes sammen som blader.  <\/p>\n<div class=\"wp-block-image\">\n<figure class=\"aligncenter size-large is-resized\"><img decoding=\"async\" width=\"1024\" height=\"683\" src=\"https:\/\/hojichawholesale.eu\/wp-content\/uploads\/2024\/10\/Depositphotos_518442682_L-1-1024x683.avif\" alt=\"\" class=\"wp-image-5575\" style=\"width:484px;height:auto\" srcset=\"https:\/\/hojichawholesale.eu\/wp-content\/uploads\/2024\/10\/Depositphotos_518442682_L-1-1024x683.avif 1024w, https:\/\/hojichawholesale.eu\/wp-content\/uploads\/2024\/10\/Depositphotos_518442682_L-1-300x200.avif 300w, https:\/\/hojichawholesale.eu\/wp-content\/uploads\/2024\/10\/Depositphotos_518442682_L-1-768x512.avif 768w, https:\/\/hojichawholesale.eu\/wp-content\/uploads\/2024\/10\/Depositphotos_518442682_L-1.avif 1200w\" sizes=\"(max-width: 1024px) 100vw, 1024px\" \/><\/figure>\n<\/div>\n<h2 class=\"wp-block-heading\"><strong>Hvordan brygge Hojicha?<\/strong><\/h2>\n\n<p>Under en bladform brygges hojicha ved temperaturer mellom 70\u00b0C og 80\u00b0C i 2-3 minutter.<\/p>\n\n<p>  80 \u00b0C foretrekkes hvis det er i pulverform.  <\/p>\n\n<h2 class=\"wp-block-heading\"><strong>Historien om Hojicha<\/strong><\/h2>\n\n<p>Ingen vet hvor hojicha kom fra. Det s\u00e5 ut til \u00e5 ha dukket opp i Kyoto p\u00e5 1920-tallet. <\/p>\n\n<p>Legenden sier at utviklingen av maskinh\u00f8stet te p\u00e5 begynnelsen av 20-tallet f\u00f8rte til betydelig avfall. En ukjent kj\u00f8pmann bestemte seg for \u00e5 steke denne ubrukelige teen for \u00e5 redde den, og oppfant hojicha i prosessen. <\/p>\n<div class=\"wp-block-image\">\n<figure class=\"aligncenter size-large is-resized\"><img loading=\"lazy\" decoding=\"async\" width=\"1024\" height=\"683\" src=\"https:\/\/hojichawholesale.eu\/wp-content\/uploads\/2024\/10\/Depositphotos_535727240_L-1-1024x683.avif\" alt=\"\" class=\"wp-image-5576\" style=\"width:592px;height:auto\" srcset=\"https:\/\/hojichawholesale.eu\/wp-content\/uploads\/2024\/10\/Depositphotos_535727240_L-1-1024x683.avif 1024w, https:\/\/hojichawholesale.eu\/wp-content\/uploads\/2024\/10\/Depositphotos_535727240_L-1-300x200.avif 300w, https:\/\/hojichawholesale.eu\/wp-content\/uploads\/2024\/10\/Depositphotos_535727240_L-1-768x512.avif 768w, https:\/\/hojichawholesale.eu\/wp-content\/uploads\/2024\/10\/Depositphotos_535727240_L-1.avif 1200w\" sizes=\"(max-width: 1024px) 100vw, 1024px\" \/><\/figure>\n<\/div>\n<h2 class=\"wp-block-heading\"><strong>Konklusjon<\/strong><\/h2>\n\n<p>Hojicha er en stekt japansk gr\u00f8nn te, tilgjengelig i b\u00e5de pulver- og bladform. Lavt koffeininnhold, det konsumeres tradisjonelt om kvelden. Den oransje fargen kommer fra steking i en porselensgryte i noen minutter, noe som gir den sine karakteristiske smaker av n\u00f8tter, karamell eller sjokolade.  <\/p>\n\n<h2 class=\"wp-block-heading\">Be om en pr\u00f8ve<\/h2>\n\n<p>Nysgjerrig p\u00e5 de rike, brente smakene til v\u00e5r premium hojicha?  <\/p>\n\n<p>Bare fyll ut opplysningene dine nedenfor, s\u00e5 sender vi deg en pr\u00f8ve. Gi oss beskjed hvis du har spesifikke \u00f8nsker, s\u00e5 tilpasser vi gjerne tilbudet v\u00e5rt slik at det passer dine forretningsbehov. <\/p>\n<p><div class=\"forminator-ui forminator-custom-form forminator-custom-form-1365 forminator-design--flat  forminator_ajax\" data-forminator-render=\"0\" data-form=\"forminator-module-1365\" data-uid=\"69e74ad2a107d\"><br\/><\/div><form\n\t\t\t\tid=\"forminator-module-1365\"\n\t\t\t\tclass=\"forminator-ui forminator-custom-form forminator-custom-form-1365 forminator-design--flat  forminator_ajax\"\n\t\t\t\tmethod=\"post\"\n\t\t\t\tdata-forminator-render=\"0\"\n\t\t\t\tdata-form-id=\"1365\"\n\t\t\t\t data-color-option=\"default\" data-design=\"flat\" data-grid=\"open\" style=\"display: none;\"\n\t\t\t\tdata-uid=\"69e74ad2a107d\"\n\t\t\t><div role=\"alert\" aria-live=\"polite\" class=\"forminator-response-message forminator-error\" aria-hidden=\"true\"><\/div><div class=\"forminator-row\"><div id=\"name-1\" class=\"forminator-field-name forminator-col forminator-col-6 \"><div class=\"forminator-field\"><input type=\"text\" name=\"name-1\" value=\"\" placeholder=\"First Name\" id=\"forminator-field-name-1_69e74ad2a107d\" class=\"forminator-input forminator-name--field\" aria-required=\"true\" autocomplete=\"name\" \/><\/div><\/div><div id=\"name-2\" class=\"forminator-field-name forminator-col forminator-col-6 \"><div class=\"forminator-field\"><input type=\"text\" name=\"name-2\" value=\"\" placeholder=\"Last Name\" id=\"forminator-field-name-2_69e74ad2a107d\" class=\"forminator-input forminator-name--field\" aria-required=\"true\" autocomplete=\"name\" \/><\/div><\/div><\/div><div class=\"forminator-row\"><div id=\"email-1\" class=\"forminator-field-email forminator-col forminator-col-12 \"><div class=\"forminator-field\"><input type=\"email\" name=\"email-1\" value=\"\" placeholder=\"Email\" id=\"forminator-field-email-1_69e74ad2a107d\" class=\"forminator-input forminator-email--field\" data-required=\"true\" aria-required=\"true\" autocomplete=\"email\" \/><\/div><\/div><\/div><div class=\"forminator-row\"><div id=\"phone-1\" class=\"forminator-field-phone forminator-col forminator-col-12 \"><div class=\"forminator-field\"><input type=\"text\" name=\"phone-1\" value=\"\" placeholder=\"Phone\" id=\"forminator-field-phone-1_69e74ad2a107d\" class=\"forminator-input forminator-field--phone\" data-required=\"\" aria-required=\"false\" autocomplete=\"off\" \/><\/div><\/div><\/div><div class=\"forminator-row\"><div id=\"textarea-1\" class=\"forminator-field-textarea forminator-col forminator-col-12 \"><div class=\"forminator-field\"><textarea name=\"textarea-1\" placeholder=\"Message\" id=\"forminator-field-textarea-1_69e74ad2a107d\" class=\"forminator-textarea\" rows=\"6\" style=\"--forminator-textarea-min-height:140px;\" ><\/textarea><span id=\"forminator-field-textarea-1_69e74ad2a107d-description\" class=\"forminator-description\"><span data-limit=\"300\" data-type=\"words\" data-editor=\"\">0 \/ 300<\/span><\/span><\/div><\/div><\/div><div class=\"forminator-row\"><\/div><input type=\"hidden\" name=\"referer_url\" value=\"\" \/><div class=\"forminator-row forminator-row-last\"><div class=\"forminator-col\"><div class=\"forminator-field\"><button class=\"forminator-button forminator-button-submit\">Send<\/button><\/div><\/div><\/div><input type=\"hidden\" id=\"forminator_nonce\" name=\"forminator_nonce\" value=\"b5075f1ce4\" \/><input type=\"hidden\" name=\"_wp_http_referer\" value=\"\/no\/wp-json\/wp\/v2\/pages\/6526\" \/><input type=\"hidden\" name=\"form_id\" value=\"1365\"><input type=\"hidden\" name=\"page_id\" value=\"6526\"><input type=\"hidden\" name=\"form_type\" value=\"default\"><input type=\"hidden\" name=\"current_url\" value=\"https:\/\/hojichawholesale.eu\/no\/hva-er-hojicha\/\"><input type=\"hidden\" name=\"render_id\" value=\"0\"><input type=\"hidden\" name=\"action\" value=\"forminator_submit_form_custom-forms\"><label for=\"input_6\" class=\"forminator-hidden\" aria-hidden=\"true\">Please do not fill in this field. <input id=\"input_6\" type=\"text\" name=\"input_6\" value=\"\" autocomplete=\"off\"><\/label><\/form><\/p>\n","protected":false},"excerpt":{"rendered":"<p>Hva er Hojicha? Hojicha er en japansk gr\u00f8nn te stekt i porselen ved temperaturer fra 175\u00b0C til 350\u00b0C. Denne stekeprosessen gir den sine karakteristiske oransje toner og reduserer koffein- og katekininnholdet. &laquo;Hoji&raquo; betyr &laquo;\u00e5 steke&raquo; p\u00e5 japansk, og &laquo;cha&raquo; betyr te. Hvorfor drikke Hojicha? Hojicha er en tradisjonell japansk drink som konsumeres om natten for [&hellip;]<\/p>\n","protected":false},"author":1,"featured_media":6527,"parent":0,"menu_order":0,"comment_status":"closed","ping_status":"closed","template":"","meta":{"_surecart_dashboard_logo_width":"180px","_surecart_dashboard_show_logo":true,"_surecart_dashboard_navigation_orders":true,"_surecart_dashboard_navigation_invoices":true,"_surecart_dashboard_navigation_subscriptions":true,"_surecart_dashboard_navigation_downloads":true,"_surecart_dashboard_navigation_billing":true,"_surecart_dashboard_navigation_account":true,"footnotes":""},"class_list":["post-6526","page","type-page","status-publish","has-post-thumbnail","hentry","entry","has-media"],"mb":[],"mfb_rest_fields":["title","gutenberg_elementor_mode"],"_links":{"self":[{"href":"https:\/\/hojichawholesale.eu\/no\/wp-json\/wp\/v2\/pages\/6526","targetHints":{"allow":["GET"]}}],"collection":[{"href":"https:\/\/hojichawholesale.eu\/no\/wp-json\/wp\/v2\/pages"}],"about":[{"href":"https:\/\/hojichawholesale.eu\/no\/wp-json\/wp\/v2\/types\/page"}],"author":[{"embeddable":true,"href":"https:\/\/hojichawholesale.eu\/no\/wp-json\/wp\/v2\/users\/1"}],"replies":[{"embeddable":true,"href":"https:\/\/hojichawholesale.eu\/no\/wp-json\/wp\/v2\/comments?post=6526"}],"version-history":[{"count":0,"href":"https:\/\/hojichawholesale.eu\/no\/wp-json\/wp\/v2\/pages\/6526\/revisions"}],"wp:featuredmedia":[{"embeddable":true,"href":"https:\/\/hojichawholesale.eu\/no\/wp-json\/wp\/v2\/media\/6527"}],"wp:attachment":[{"href":"https:\/\/hojichawholesale.eu\/no\/wp-json\/wp\/v2\/media?parent=6526"}],"curies":[{"name":"wp","href":"https:\/\/api.w.org\/{rel}","templated":true}]}}