{"id":6515,"date":"2024-10-12T11:59:06","date_gmt":"2024-10-12T11:59:06","guid":{"rendered":"https:\/\/hojichawholesale.eu\/hvorfor-selge-hojicha\/"},"modified":"2024-10-13T19:30:42","modified_gmt":"2024-10-13T19:30:42","slug":"hvorfor-selge-hojicha","status":"publish","type":"page","link":"https:\/\/hojichawholesale.eu\/no\/hvorfor-selge-hojicha\/","title":{"rendered":"Hvorfor selge hojicha?"},"content":{"rendered":"\n<h1 class=\"wp-block-heading\">Hvorfor selge Hojicha?<\/h1>\n\n<p>Hojicha, en japansk stekt gr\u00f8nn te, har raskt vunnet popularitet de siste \u00e5rene.  <\/p>\n\n<figure class=\"wp-block-image size-large\"><img fetchpriority=\"high\" decoding=\"async\" width=\"1024\" height=\"544\" src=\"https:\/\/hojichawholesale.eu\/wp-content\/uploads\/2024\/10\/hojicha-trends-1-1024x544.avif\" alt=\"\" class=\"wp-image-5519\" srcset=\"https:\/\/hojichawholesale.eu\/wp-content\/uploads\/2024\/10\/hojicha-trends-1-1024x544.avif 1024w, https:\/\/hojichawholesale.eu\/wp-content\/uploads\/2024\/10\/hojicha-trends-1-300x159.avif 300w, https:\/\/hojichawholesale.eu\/wp-content\/uploads\/2024\/10\/hojicha-trends-1-768x408.avif 768w, https:\/\/hojichawholesale.eu\/wp-content\/uploads\/2024\/10\/hojicha-trends-1-1536x816.avif 1536w, https:\/\/hojichawholesale.eu\/wp-content\/uploads\/2024\/10\/hojicha-trends-1.avif 1892w\" sizes=\"(max-width: 1024px) 100vw, 1024px\" \/><\/figure>\n\n<figure class=\"wp-block-image size-large\"><img decoding=\"async\" width=\"1024\" height=\"412\" src=\"https:\/\/hojichawholesale.eu\/wp-content\/uploads\/2024\/10\/hojicha-trends-countries-1024x412.avif\" alt=\"\" class=\"wp-image-5459\" srcset=\"https:\/\/hojichawholesale.eu\/wp-content\/uploads\/2024\/10\/hojicha-trends-countries-1024x412.avif 1024w, https:\/\/hojichawholesale.eu\/wp-content\/uploads\/2024\/10\/hojicha-trends-countries-300x121.avif 300w, https:\/\/hojichawholesale.eu\/wp-content\/uploads\/2024\/10\/hojicha-trends-countries-768x309.avif 768w, https:\/\/hojichawholesale.eu\/wp-content\/uploads\/2024\/10\/hojicha-trends-countries-1536x618.avif 1536w, https:\/\/hojichawholesale.eu\/wp-content\/uploads\/2024\/10\/hojicha-trends-countries.avif 1873w\" sizes=\"(max-width: 1024px) 100vw, 1024px\" \/><\/figure>\n\n<p>Med sin s\u00e6regne smaksprofil, voksende helsebevisste appell og allsidighet, er det et nytt og overbevisende forslag for kundene dine.  <\/p>\n\n<p>Her er grunnen til at du b\u00f8r vurdere \u00e5 legge til hojicha p\u00e5 menyen din.<\/p>\n\n<h2 class=\"wp-block-heading\">1. Unik smaksprofil<\/h2>\n\n<p>Hojicha skiller seg ut p\u00e5 grunn av sin varme, stekte smak, som skiller den fra andre japanske teer som matcha eller sencha.  <\/p>\n\n<p>Stekeprosessen gir den en ristet, litt n\u00f8tteaktig smak med et hint av karamells\u00f8dme, noe som gj\u00f8r den til et tiltalende valg for kunder som s\u00f8ker noe annerledes.  <\/p>\n\n<p>Mangelen p\u00e5 bitterhet og lite koffein (p\u00e5 grunn av steking) gj\u00f8r det til et universelt og familievennlig alternativ.  <\/p>\n\n<p>Lite sukker, men likevel deilig, det er en drink for alle.  <\/p>\n\n<h2 class=\"wp-block-heading\">2. Helsemessige fordeler<\/h2>\n\n<p>Hojicha, som annen gr\u00f8nn te, beholder mange helsemessige fordeler, selv etter steking.  <\/p>\n\n<p>Den er rik p\u00e5 antioksidanter, som er kjent for sin rolle i \u00e5 redusere betennelse og fremme generell velv\u00e6re. Det lave koffeininnholdet gj\u00f8r den egnet for folk som \u00f8nsker \u00e5 redusere koffeininntaket mens de fortsatt nyter de beroligende, helsefremmende egenskapene til te.   <\/p>\n\n<h2 class=\"wp-block-heading\">3. Allsidighet i kulinariske applikasjoner<\/h2>\n\n<p>Hojicha er tilgjengelig enten som l\u00f8se blader eller pulver.<\/p>\n\n<p>Denne allsidigheten er sjelden blant japansk te.  <\/p>\n\n<p>Hojicha kan serveres varm eller kald, i te eller i latte, og kan bakes til br\u00f8d, kjeks og kaker.  <\/p>\n\n<p>Den kan ogs\u00e5 brukes som iskremsmak.  <\/p>\n\n<p>Den stekte, jordaktige smaken gj\u00f8r den til en spennende ingrediens \u00e5 bruke i nesten alle oppskrifter.  <\/p>\n\n<h2 class=\"wp-block-heading\">4. \u00d8kende global popularitet<\/h2>\n\n<p>Hojichas popularitet er ikke lenger begrenset til Japan.  <\/p>\n\n<p>Internasjonale tedrikkere blir mer eventyrlystne, og \u00f8nsker \u00e5 utforske nye smaker og kulturelle tetradisjoner. Etter hvert som bevisstheten om hojicha vokser, \u00f8ker ogs\u00e5 ettersp\u00f8rselen i markedet. <\/p>\n\n<p>Ved \u00e5 v\u00e6re blant de f\u00f8rste hojicha-selgerne, posisjonerer du deg i forkant av en ekspanderende global trend som ikke viser tegn til \u00e5 avta.  <\/p>\n\n<p>Du posisjonerer ogs\u00e5 virksomheten din som annerledes og mer trendy enn konkurrentene.  <\/p>\n\n<h2 class=\"wp-block-heading\">5. Lett \u00e5 markedsf\u00f8re<\/h2>\n\n<p>Produktets natur gir deg et bredt spekter av vinkler \u00e5 bruke i markedsf\u00f8ringen din, fra en fancy japansk drink til en helsefremmende drikk.  <\/p>\n\n<p>De lave produksjonskostnadene gir deg full kontroll over fortjenestemarginene dine.  <\/p>\n\n<h2 class=\"wp-block-heading\">Konklusjon<\/h2>\n\n<p>Som den viktigste kommende japanske teen, er hojicha et must for kafeer, hoteller, restauranter og tebutikker som \u00f8nsker \u00e5 tilby sine kunder et spennende utvalg av produkter.  <\/p>\n\n<p>Hojichas helsemessige fordeler, rike smaksprofil og \u00f8kende ettersp\u00f8rsel gj\u00f8r det til et strategisk tillegg for b\u00e5de forhandlere og matserveringsbedrifter.<\/p>\n\n<p>Enten kundene dine er erfarne tedrikkere eller nykommere til japansk te, vil hojicha garantert skille seg ut som et produkt med bred appell.<\/p>\n\n<h2 class=\"wp-block-heading\">Be om en pr\u00f8ve<\/h2>\n\n<p>Nysgjerrig p\u00e5 de rike, brente smakene til v\u00e5r premium hojicha?  <\/p>\n\n<p>Bare fyll ut opplysningene dine nedenfor, s\u00e5 sender vi deg en pr\u00f8ve. Gi oss beskjed hvis du har spesifikke \u00f8nsker, s\u00e5 tilpasser vi gjerne tilbudet v\u00e5rt slik at det passer dine forretningsbehov. <\/p>\n<div class=\"forminator-ui forminator-custom-form forminator-custom-form-1365 forminator-design--flat  forminator_ajax\" data-forminator-render=\"0\" data-form=\"forminator-module-1365\" data-uid=\"69dc247c47156\"><br\/><\/div><form\n\t\t\t\tid=\"forminator-module-1365\"\n\t\t\t\tclass=\"forminator-ui forminator-custom-form forminator-custom-form-1365 forminator-design--flat  forminator_ajax\"\n\t\t\t\tmethod=\"post\"\n\t\t\t\tdata-forminator-render=\"0\"\n\t\t\t\tdata-form-id=\"1365\"\n\t\t\t\t data-color-option=\"default\" data-design=\"flat\" data-grid=\"open\" style=\"display: none;\"\n\t\t\t\tdata-uid=\"69dc247c47156\"\n\t\t\t><div role=\"alert\" aria-live=\"polite\" class=\"forminator-response-message forminator-error\" aria-hidden=\"true\"><\/div><div class=\"forminator-row\"><div id=\"name-1\" class=\"forminator-field-name forminator-col forminator-col-6 \"><div class=\"forminator-field\"><input type=\"text\" name=\"name-1\" value=\"\" placeholder=\"First Name\" id=\"forminator-field-name-1_69dc247c47156\" class=\"forminator-input forminator-name--field\" aria-required=\"true\" autocomplete=\"name\" \/><\/div><\/div><div id=\"name-2\" class=\"forminator-field-name forminator-col forminator-col-6 \"><div class=\"forminator-field\"><input type=\"text\" name=\"name-2\" value=\"\" placeholder=\"Last Name\" id=\"forminator-field-name-2_69dc247c47156\" class=\"forminator-input forminator-name--field\" aria-required=\"true\" autocomplete=\"name\" \/><\/div><\/div><\/div><div class=\"forminator-row\"><div id=\"email-1\" class=\"forminator-field-email forminator-col forminator-col-12 \"><div class=\"forminator-field\"><input type=\"email\" name=\"email-1\" value=\"\" placeholder=\"Email\" id=\"forminator-field-email-1_69dc247c47156\" class=\"forminator-input forminator-email--field\" data-required=\"true\" aria-required=\"true\" autocomplete=\"email\" \/><\/div><\/div><\/div><div class=\"forminator-row\"><div id=\"phone-1\" class=\"forminator-field-phone forminator-col forminator-col-12 \"><div class=\"forminator-field\"><input type=\"text\" name=\"phone-1\" value=\"\" placeholder=\"Phone\" id=\"forminator-field-phone-1_69dc247c47156\" class=\"forminator-input forminator-field--phone\" data-required=\"\" aria-required=\"false\" autocomplete=\"off\" \/><\/div><\/div><\/div><div class=\"forminator-row\"><div id=\"textarea-1\" class=\"forminator-field-textarea forminator-col forminator-col-12 \"><div class=\"forminator-field\"><textarea name=\"textarea-1\" placeholder=\"Message\" id=\"forminator-field-textarea-1_69dc247c47156\" class=\"forminator-textarea\" rows=\"6\" style=\"min-height:140px;\" ><\/textarea><span id=\"forminator-field-textarea-1_69dc247c47156-description\" class=\"forminator-description\"><span data-limit=\"300\" data-type=\"words\" data-editor=\"\">0 \/ 300<\/span><\/span><\/div><\/div><\/div><div class=\"forminator-row\"><\/div><input type=\"hidden\" name=\"referer_url\" value=\"\" \/><div class=\"forminator-row forminator-row-last\"><div class=\"forminator-col\"><div class=\"forminator-field\"><button class=\"forminator-button forminator-button-submit\">Send<\/button><\/div><\/div><\/div><input type=\"hidden\" id=\"forminator_nonce\" name=\"forminator_nonce\" value=\"1f8eb51267\" \/><input type=\"hidden\" name=\"_wp_http_referer\" value=\"\/no\/wp-json\/wp\/v2\/pages\/6515\" \/><input type=\"hidden\" name=\"form_id\" value=\"1365\"><input type=\"hidden\" name=\"page_id\" value=\"6515\"><input type=\"hidden\" name=\"form_type\" value=\"default\"><input type=\"hidden\" name=\"current_url\" value=\"https:\/\/hojichawholesale.eu\/no\/hvorfor-selge-hojicha\/\"><input type=\"hidden\" name=\"render_id\" value=\"0\"><input type=\"hidden\" name=\"action\" value=\"forminator_submit_form_custom-forms\"><label for=\"input_6\" class=\"forminator-hidden\" aria-hidden=\"true\">Please do not fill in this field. <input id=\"input_6\" type=\"text\" name=\"input_6\" value=\"\" autocomplete=\"off\"><\/label><\/form>\n","protected":false},"excerpt":{"rendered":"<p>Hvorfor selge Hojicha? Hojicha, en japansk stekt gr\u00f8nn te, har raskt vunnet popularitet de siste \u00e5rene. Med sin s\u00e6regne smaksprofil, voksende helsebevisste appell og allsidighet, er det et nytt og overbevisende forslag for kundene dine. Her er grunnen til at du b\u00f8r vurdere \u00e5 legge til hojicha p\u00e5 menyen din. 1. Unik smaksprofil Hojicha skiller [&hellip;]<\/p>\n","protected":false},"author":1,"featured_media":6524,"parent":0,"menu_order":0,"comment_status":"closed","ping_status":"closed","template":"","meta":{"_surecart_dashboard_logo_width":"180px","_surecart_dashboard_show_logo":true,"_surecart_dashboard_navigation_orders":true,"_surecart_dashboard_navigation_invoices":true,"_surecart_dashboard_navigation_subscriptions":true,"_surecart_dashboard_navigation_downloads":true,"_surecart_dashboard_navigation_billing":true,"_surecart_dashboard_navigation_account":true,"footnotes":""},"class_list":["post-6515","page","type-page","status-publish","has-post-thumbnail","hentry","entry","has-media"],"mb":[],"mfb_rest_fields":["title","gutenberg_elementor_mode"],"_links":{"self":[{"href":"https:\/\/hojichawholesale.eu\/no\/wp-json\/wp\/v2\/pages\/6515","targetHints":{"allow":["GET"]}}],"collection":[{"href":"https:\/\/hojichawholesale.eu\/no\/wp-json\/wp\/v2\/pages"}],"about":[{"href":"https:\/\/hojichawholesale.eu\/no\/wp-json\/wp\/v2\/types\/page"}],"author":[{"embeddable":true,"href":"https:\/\/hojichawholesale.eu\/no\/wp-json\/wp\/v2\/users\/1"}],"replies":[{"embeddable":true,"href":"https:\/\/hojichawholesale.eu\/no\/wp-json\/wp\/v2\/comments?post=6515"}],"version-history":[{"count":0,"href":"https:\/\/hojichawholesale.eu\/no\/wp-json\/wp\/v2\/pages\/6515\/revisions"}],"wp:featuredmedia":[{"embeddable":true,"href":"https:\/\/hojichawholesale.eu\/no\/wp-json\/wp\/v2\/media\/6524"}],"wp:attachment":[{"href":"https:\/\/hojichawholesale.eu\/no\/wp-json\/wp\/v2\/media?parent=6515"}],"curies":[{"name":"wp","href":"https:\/\/api.w.org\/{rel}","templated":true}]}}