{"id":6513,"date":"2024-10-12T14:29:39","date_gmt":"2024-10-12T14:29:39","guid":{"rendered":"https:\/\/hojichawholesale.eu\/hojicha-pulver-engros\/"},"modified":"2025-02-09T20:00:44","modified_gmt":"2025-02-09T20:00:44","slug":"hojicha-pulver-engros","status":"publish","type":"page","link":"https:\/\/hojichawholesale.eu\/no\/hojicha-pulver-engros\/","title":{"rendered":"Hojicha i blader (engros)"},"content":{"rendered":"\n<h1 class=\"wp-block-heading\">Hojicha i blader (engros)<\/h1>\n\n<p>Hojicha er en f\u00f8rsteklasses stekt japansk gr\u00f8nn te, som tilbyr en jevn og r\u00f8ykfylt smak. V\u00e5r hojicha er hentet fra og direkte pakket p\u00e5 tefarmer i Japan, noe som sikrer h\u00f8y kvalitet, friskhet og en autentisk stekt smak.<\/p>\n<div class=\"wp-block-image\">\n<figure class=\"aligncenter size-full is-resized\"><img fetchpriority=\"high\" decoding=\"async\" width=\"1000\" height=\"1000\" src=\"https:\/\/hojichawholesale.eu\/wp-content\/uploads\/2025\/01\/Hojicha-dark-leaf-both.webp\" alt=\"Sammenligning av hojicha m&#xF8;rkstekt i blader VS hojicha m&#xF8;rkstekt i blader tilsatt\" class=\"wp-image-7434\" style=\"width:365px;height:auto\" srcset=\"https:\/\/hojichawholesale.eu\/wp-content\/uploads\/2025\/01\/Hojicha-dark-leaf-both.webp 1000w, https:\/\/hojichawholesale.eu\/wp-content\/uploads\/2025\/01\/Hojicha-dark-leaf-both-300x300.webp 300w, https:\/\/hojichawholesale.eu\/wp-content\/uploads\/2025\/01\/Hojicha-dark-leaf-both-150x150.webp 150w, https:\/\/hojichawholesale.eu\/wp-content\/uploads\/2025\/01\/Hojicha-dark-leaf-both-768x768.webp 768w, https:\/\/hojichawholesale.eu\/wp-content\/uploads\/2025\/01\/Hojicha-dark-leaf-both-600x600.webp 600w\" sizes=\"(max-width: 1000px) 100vw, 1000px\" \/><\/figure>\n<\/div>\n<hr class=\"wp-block-separator has-alpha-channel-opacity\"\/>\n\n<h2 class=\"wp-block-heading\">Produktets viktigste funksjoner<\/h2>\n\n<ul class=\"wp-block-list\">\n<li><strong>Type<\/strong>: Stekt gr\u00f8nn te (Hojicha)<\/li>\n\n\n\n<li><strong>Opprinnelse<\/strong>: Shizuoka, Japan<\/li>\n\n\n\n<li><strong>Form<\/strong>: Blader<\/li>\n\n\n\n<li><strong>Stekeniv\u00e5<\/strong>: Middels<\/li>\n\n\n\n<li><strong>Innh\u00f8stingssesong<\/strong>: V\u00e5r\/sommer<\/li>\n\n\n\n<li><strong>Bearbeiding<\/strong>: Stekte gr\u00f8nne teblader i porselen.  <\/li>\n\n\n\n<li><strong>Smaksprofil<\/strong>: Glatt, stekt, med s\u00f8t karamell og n\u00f8tteaktige undertoner<\/li>\n\n\n\n<li><strong>Koffein<\/strong>: Lav<\/li>\n\n\n\n<li><strong>Emballasje<\/strong>: Tilgjengelig i 500 g doypacks (gjenlukkbare poser). Ikke-merket. <\/li>\n<\/ul>\n\n<hr class=\"wp-block-separator has-alpha-channel-opacity\"\/>\n\n<h2 class=\"wp-block-heading\">Fordeler med Hojicha-pulver<\/h2>\n\n<ul class=\"wp-block-list\">\n<li><strong>Rik smak<\/strong>: Intens stekt smak \u00e5 tilf\u00f8re i varmt vann.<\/li>\n\n\n\n<li><strong>Lavt koffeininnhold<\/strong>: Perfekt for \u00e5 nyte hele dagen, selv om kvelden.<\/li>\n\n\n\n<li><strong>Allsidig<\/strong>: Ideell for morgen, middag, ettermiddag og kveld.  <\/li>\n<\/ul>\n\n<hr class=\"wp-block-separator has-alpha-channel-opacity\"\/>\n\n<h2 class=\"wp-block-heading\">Engros informasjon<\/h2>\n\n<ul class=\"wp-block-list\">\n<li><strong>Minimum bestillingsmengde (MOQ)<\/strong>:500g (1 x 500g pose)<\/li>\n\n\n\n<li><strong>Massepriser<\/strong>: Ta kontakt for spesialpriser.  <\/li>\n\n\n\n<li><strong>Oppbevaring<\/strong>: Oppbevares i et kj\u00f8lig, t\u00f8rt milj\u00f8.  <\/li>\n\n\n\n<li><strong>Utl\u00f8psdato<\/strong>: Hojicha kan oppbevares i opptil to \u00e5r u\u00e5pnet og oppbevares ved 5\u00b0C \u2013 10\u00b0C.<\/li>\n\n\n\n<li><strong>Frakt<\/strong>: Vi sender p\u00e5 det europeiske kontinentet med fleksible fraktalternativer, inkludert ekspresslevering for hastebestillinger.<\/li>\n<\/ul>\n\n<div class=\"wp-block-columns is-layout-flex wp-container-core-columns-is-layout-28f84493 wp-block-columns-is-layout-flex\">\n<div class=\"wp-block-column is-layout-flow wp-block-column-is-layout-flow\"><div class=\"wp-block-image\">\n<figure class=\"aligncenter size-full is-resized\"><img decoding=\"async\" width=\"1000\" height=\"1000\" src=\"https:\/\/hojichawholesale.eu\/wp-content\/uploads\/2025\/01\/Hojicha-dark-leaf.webp\" alt=\"\" class=\"wp-image-7458\" style=\"width:311px;height:auto\" srcset=\"https:\/\/hojichawholesale.eu\/wp-content\/uploads\/2025\/01\/Hojicha-dark-leaf.webp 1000w, https:\/\/hojichawholesale.eu\/wp-content\/uploads\/2025\/01\/Hojicha-dark-leaf-300x300.webp 300w, https:\/\/hojichawholesale.eu\/wp-content\/uploads\/2025\/01\/Hojicha-dark-leaf-150x150.webp 150w, https:\/\/hojichawholesale.eu\/wp-content\/uploads\/2025\/01\/Hojicha-dark-leaf-768x768.webp 768w, https:\/\/hojichawholesale.eu\/wp-content\/uploads\/2025\/01\/Hojicha-dark-leaf-600x600.webp 600w\" sizes=\"(max-width: 1000px) 100vw, 1000px\" \/><\/figure>\n<\/div><\/div>\n\n\n\n<div class=\"wp-block-column is-layout-flow wp-block-column-is-layout-flow\"><div class=\"wp-block-image\">\n<figure class=\"aligncenter size-large is-resized\"><img decoding=\"async\" width=\"1024\" height=\"1024\" src=\"https:\/\/hojichawholesale.eu\/wp-content\/uploads\/2025\/01\/Hojicha-dark-leaf-infused-1024x1024.webp\" alt=\"\" class=\"wp-image-7446\" style=\"width:313px;height:auto\" srcset=\"https:\/\/hojichawholesale.eu\/wp-content\/uploads\/2025\/01\/Hojicha-dark-leaf-infused-1024x1024.webp 1024w, https:\/\/hojichawholesale.eu\/wp-content\/uploads\/2025\/01\/Hojicha-dark-leaf-infused-300x300.webp 300w, https:\/\/hojichawholesale.eu\/wp-content\/uploads\/2025\/01\/Hojicha-dark-leaf-infused-150x150.webp 150w, https:\/\/hojichawholesale.eu\/wp-content\/uploads\/2025\/01\/Hojicha-dark-leaf-infused-768x768.webp 768w, https:\/\/hojichawholesale.eu\/wp-content\/uploads\/2025\/01\/Hojicha-dark-leaf-infused-1536x1536.webp 1536w, https:\/\/hojichawholesale.eu\/wp-content\/uploads\/2025\/01\/Hojicha-dark-leaf-infused-600x600.webp 600w, https:\/\/hojichawholesale.eu\/wp-content\/uploads\/2025\/01\/Hojicha-dark-leaf-infused.webp 2000w\" sizes=\"(max-width: 1024px) 100vw, 1024px\" \/><\/figure>\n<\/div><\/div>\n<\/div>\n\n<hr class=\"wp-block-separator has-alpha-channel-opacity\"\/>\n\n<h2 class=\"wp-block-heading\">Hvordan bruke Hojicha Powder<\/h2>\n\n<ul class=\"wp-block-list\">\n<li><strong>Hojicha<\/strong>: Bland 2 ts Hojicha med 200 ml varmt vann.<\/li>\n<\/ul>\n\n<hr class=\"wp-block-separator has-alpha-channel-opacity\"\/>\n\n<h2 class=\"wp-block-heading\">Ideell for<\/h2>\n\n<ul class=\"wp-block-list\">\n<li>Kafeer og tebutikker som \u00f8nsker \u00e5 legge til brente gr\u00f8nne tedrikker som Hojicha p\u00e5 menyen.<\/li>\n\n\n\n<li>Helsebevisste kunder som foretrekker et tealternativ med lavt koffeininnhold.<\/li>\n<\/ul>\n\n<h2 class=\"wp-block-heading\">Be om en pr\u00f8ve i dag<\/h2>\n\n<p>Nysgjerrig p\u00e5 de rike, brente smakene til v\u00e5r premium hojicha?  <\/p>\n\n<p>Bare fyll ut opplysningene dine nedenfor, s\u00e5 sender vi deg en pr\u00f8ve. Gi oss beskjed hvis du har spesifikke \u00f8nsker, s\u00e5 tilpasser vi gjerne tilbudet v\u00e5rt slik at det passer dine forretningsbehov. <\/p>\n<div class=\"forminator-ui forminator-custom-form forminator-custom-form-1365 forminator-design--flat  forminator_ajax\" data-forminator-render=\"0\" data-form=\"forminator-module-1365\" data-uid=\"69dfc17c74d6a\"><br\/><\/div><form\n\t\t\t\tid=\"forminator-module-1365\"\n\t\t\t\tclass=\"forminator-ui forminator-custom-form forminator-custom-form-1365 forminator-design--flat  forminator_ajax\"\n\t\t\t\tmethod=\"post\"\n\t\t\t\tdata-forminator-render=\"0\"\n\t\t\t\tdata-form-id=\"1365\"\n\t\t\t\t data-color-option=\"default\" data-design=\"flat\" data-grid=\"open\" style=\"display: none;\"\n\t\t\t\tdata-uid=\"69dfc17c74d6a\"\n\t\t\t><div role=\"alert\" aria-live=\"polite\" class=\"forminator-response-message forminator-error\" aria-hidden=\"true\"><\/div><div class=\"forminator-row\"><div id=\"name-1\" class=\"forminator-field-name forminator-col forminator-col-6 \"><div class=\"forminator-field\"><input type=\"text\" name=\"name-1\" value=\"\" placeholder=\"First Name\" id=\"forminator-field-name-1_69dfc17c74d6a\" class=\"forminator-input forminator-name--field\" aria-required=\"true\" autocomplete=\"name\" \/><\/div><\/div><div id=\"name-2\" class=\"forminator-field-name forminator-col forminator-col-6 \"><div class=\"forminator-field\"><input type=\"text\" name=\"name-2\" value=\"\" placeholder=\"Last Name\" id=\"forminator-field-name-2_69dfc17c74d6a\" class=\"forminator-input forminator-name--field\" aria-required=\"true\" autocomplete=\"name\" \/><\/div><\/div><\/div><div class=\"forminator-row\"><div id=\"email-1\" class=\"forminator-field-email forminator-col forminator-col-12 \"><div class=\"forminator-field\"><input type=\"email\" name=\"email-1\" value=\"\" placeholder=\"Email\" id=\"forminator-field-email-1_69dfc17c74d6a\" class=\"forminator-input forminator-email--field\" data-required=\"true\" aria-required=\"true\" autocomplete=\"email\" \/><\/div><\/div><\/div><div class=\"forminator-row\"><div id=\"phone-1\" class=\"forminator-field-phone forminator-col forminator-col-12 \"><div class=\"forminator-field\"><input type=\"text\" name=\"phone-1\" value=\"\" placeholder=\"Phone\" id=\"forminator-field-phone-1_69dfc17c74d6a\" class=\"forminator-input forminator-field--phone\" data-required=\"\" aria-required=\"false\" autocomplete=\"off\" \/><\/div><\/div><\/div><div class=\"forminator-row\"><div id=\"textarea-1\" class=\"forminator-field-textarea forminator-col forminator-col-12 \"><div class=\"forminator-field\"><textarea name=\"textarea-1\" placeholder=\"Message\" id=\"forminator-field-textarea-1_69dfc17c74d6a\" class=\"forminator-textarea\" rows=\"6\" style=\"min-height:140px;\" ><\/textarea><span id=\"forminator-field-textarea-1_69dfc17c74d6a-description\" class=\"forminator-description\"><span data-limit=\"300\" data-type=\"words\" data-editor=\"\">0 \/ 300<\/span><\/span><\/div><\/div><\/div><div class=\"forminator-row\"><\/div><input type=\"hidden\" name=\"referer_url\" value=\"\" \/><div class=\"forminator-row forminator-row-last\"><div class=\"forminator-col\"><div class=\"forminator-field\"><button class=\"forminator-button forminator-button-submit\">Send<\/button><\/div><\/div><\/div><input type=\"hidden\" id=\"forminator_nonce\" name=\"forminator_nonce\" value=\"4b6b9d038e\" \/><input type=\"hidden\" name=\"_wp_http_referer\" value=\"\/no\/wp-json\/wp\/v2\/pages\/6513\" \/><input type=\"hidden\" name=\"form_id\" value=\"1365\"><input type=\"hidden\" name=\"page_id\" value=\"6513\"><input type=\"hidden\" name=\"form_type\" value=\"default\"><input type=\"hidden\" name=\"current_url\" value=\"https:\/\/hojichawholesale.eu\/no\/hojicha-pulver-engros\/\"><input type=\"hidden\" name=\"render_id\" value=\"0\"><input type=\"hidden\" name=\"action\" value=\"forminator_submit_form_custom-forms\"><label for=\"input_6\" class=\"forminator-hidden\" aria-hidden=\"true\">Please do not fill in this field. <input id=\"input_6\" type=\"text\" name=\"input_6\" value=\"\" autocomplete=\"off\"><\/label><\/form>\n","protected":false},"excerpt":{"rendered":"<p>Hojicha i blader (engros) Hojicha er en f\u00f8rsteklasses stekt japansk gr\u00f8nn te, som tilbyr en jevn og r\u00f8ykfylt smak. V\u00e5r hojicha er hentet fra og direkte pakket p\u00e5 tefarmer i Japan, noe som sikrer h\u00f8y kvalitet, friskhet og en autentisk stekt smak. Produktets viktigste funksjoner Fordeler med Hojicha-pulver Engros informasjon Hvordan bruke Hojicha Powder Ideell [&hellip;]<\/p>\n","protected":false},"author":1,"featured_media":7441,"parent":0,"menu_order":0,"comment_status":"closed","ping_status":"closed","template":"","meta":{"_surecart_dashboard_logo_width":"180px","_surecart_dashboard_show_logo":true,"_surecart_dashboard_navigation_orders":true,"_surecart_dashboard_navigation_invoices":true,"_surecart_dashboard_navigation_subscriptions":true,"_surecart_dashboard_navigation_downloads":true,"_surecart_dashboard_navigation_billing":true,"_surecart_dashboard_navigation_account":true,"footnotes":""},"class_list":["post-6513","page","type-page","status-publish","has-post-thumbnail","hentry","entry","has-media"],"mb":[],"mfb_rest_fields":["title","gutenberg_elementor_mode"],"_links":{"self":[{"href":"https:\/\/hojichawholesale.eu\/no\/wp-json\/wp\/v2\/pages\/6513","targetHints":{"allow":["GET"]}}],"collection":[{"href":"https:\/\/hojichawholesale.eu\/no\/wp-json\/wp\/v2\/pages"}],"about":[{"href":"https:\/\/hojichawholesale.eu\/no\/wp-json\/wp\/v2\/types\/page"}],"author":[{"embeddable":true,"href":"https:\/\/hojichawholesale.eu\/no\/wp-json\/wp\/v2\/users\/1"}],"replies":[{"embeddable":true,"href":"https:\/\/hojichawholesale.eu\/no\/wp-json\/wp\/v2\/comments?post=6513"}],"version-history":[{"count":0,"href":"https:\/\/hojichawholesale.eu\/no\/wp-json\/wp\/v2\/pages\/6513\/revisions"}],"wp:featuredmedia":[{"embeddable":true,"href":"https:\/\/hojichawholesale.eu\/no\/wp-json\/wp\/v2\/media\/7441"}],"wp:attachment":[{"href":"https:\/\/hojichawholesale.eu\/no\/wp-json\/wp\/v2\/media?parent=6513"}],"curies":[{"name":"wp","href":"https:\/\/api.w.org\/{rel}","templated":true}]}}