{"id":6509,"date":"2024-10-12T16:25:13","date_gmt":"2024-10-12T16:25:13","guid":{"rendered":"https:\/\/hojichawholesale.eu\/hojicha-powder-latte-engros\/"},"modified":"2025-12-10T18:55:51","modified_gmt":"2025-12-10T18:55:51","slug":"hojicha-powder-latte-engros","status":"publish","type":"page","link":"https:\/\/hojichawholesale.eu\/no\/hojicha-powder-latte-engros\/","title":{"rendered":"Hojicha Powder Latte (engros)"},"content":{"rendered":"\n<h1 class=\"wp-block-heading\">Hojicha Powder Latte (engros)<\/h1>\n\n<p>V\u00e5r <strong>Hojicha Powder Latte<\/strong> er laget av hojichapulver, r\u00f8rsukker og guargummi for en perfekt balansert og deilig drink. Den kan blandes med melk eller melkealternativer. <\/p>\n<div class=\"wp-block-image\">\n<figure class=\"aligncenter size-full is-resized\"><img fetchpriority=\"high\" decoding=\"async\" width=\"1000\" height=\"1000\" src=\"https:\/\/hojichawholesale.eu\/wp-content\/uploads\/2025\/01\/hojicha-latte-both.webp\" alt=\"Sammenligning av hojicha latte pulver VS hojicha latte pulver tilf&#xF8;rt.\" class=\"wp-image-7510\" style=\"width:310px;height:auto\" srcset=\"https:\/\/hojichawholesale.eu\/wp-content\/uploads\/2025\/01\/hojicha-latte-both.webp 1000w, https:\/\/hojichawholesale.eu\/wp-content\/uploads\/2025\/01\/hojicha-latte-both-300x300.webp 300w, https:\/\/hojichawholesale.eu\/wp-content\/uploads\/2025\/01\/hojicha-latte-both-150x150.webp 150w, https:\/\/hojichawholesale.eu\/wp-content\/uploads\/2025\/01\/hojicha-latte-both-768x768.webp 768w, https:\/\/hojichawholesale.eu\/wp-content\/uploads\/2025\/01\/hojicha-latte-both-600x600.webp 600w\" sizes=\"(max-width: 1000px) 100vw, 1000px\" \/><\/figure>\n<\/div>\n<hr class=\"wp-block-separator has-alpha-channel-opacity\"\/>\n\n<h2 class=\"wp-block-heading\">Produktets viktigste funksjoner<\/h2>\n\n<ul class=\"wp-block-list\">\n<li><strong>Type<\/strong>: Instant Hojicha Latte Mix<\/li>\n\n\n\n<li><strong>Ingredienser<\/strong>: Hojicha-pulver, r\u00f8rsukker, guargummi.<\/li>\n\n\n\n<li><strong>Emballasje<\/strong>: Gjenlukkbar st\u00e5ende pose (Doypack) for friskhet.<\/li>\n\n\n\n<li><strong>Porsjonsst\u00f8rrelse<\/strong>: Ca. 8 porsjoner per pakke. <\/li>\n\n\n\n<li><strong>Smaksprofil<\/strong>: Glatt, n\u00f8tteaktig, lett s\u00f8t med en stekt finish.<\/li>\n\n\n\n<li><strong>Koffein<\/strong>: Lav<\/li>\n\n\n\n<li><strong>Forberedelse<\/strong>: Bare tilsett vann eller melk for en rask, deilig hojicha latte.<\/li>\n\n\n\n<li><strong>Vekt<\/strong>: Tilgjengelig i 1 kg-poser. Ompakking er tilgjengelig p\u00e5 foresp\u00f8rsel.   <\/li>\n<\/ul>\n\n<hr class=\"wp-block-separator has-alpha-channel-opacity\"\/>\n\n<h2 class=\"wp-block-heading\">Engros informasjon<\/h2>\n\n<ul class=\"wp-block-list\">\n<li><strong>Minimum bestillingsmengde (MOQ):<\/strong> 600 gram (5 x 120 g doypacks).<\/li>\n\n\n\n<li><strong>Bulkpriser<\/strong>: Kontakt oss for spesialpriser basert p\u00e5 bestillingsvolum.<\/li>\n\n\n\n<li><strong>Oppbevaring<\/strong>: Oppbevares p\u00e5 et kj\u00f8lig, t\u00f8rt sted for \u00e5 opprettholde friskheten.<\/li>\n\n\n\n<li><strong>Utl\u00f8psdato<\/strong>: Hojicha kan oppbevares i opptil to \u00e5r u\u00e5pnet og oppbevares ved 5\u00b0C \u2013 10\u00b0C.<\/li>\n\n\n\n<li><strong>Frakt<\/strong>: Vi sender p\u00e5 det europeiske kontinentet med fleksible fraktalternativer, inkludert ekspresslevering for hastebestillinger.<\/li>\n<\/ul>\n\n<div class=\"wp-block-columns is-layout-flex wp-container-core-columns-is-layout-28f84493 wp-block-columns-is-layout-flex\">\n<div class=\"wp-block-column is-layout-flow wp-block-column-is-layout-flow\"><div class=\"wp-block-image\">\n<figure class=\"aligncenter size-full is-resized\"><img decoding=\"async\" width=\"1000\" height=\"1000\" src=\"https:\/\/hojichawholesale.eu\/wp-content\/uploads\/2025\/01\/hojicha-latte-powder.webp\" alt=\"\" class=\"wp-image-7534\" style=\"width:314px;height:auto\" srcset=\"https:\/\/hojichawholesale.eu\/wp-content\/uploads\/2025\/01\/hojicha-latte-powder.webp 1000w, https:\/\/hojichawholesale.eu\/wp-content\/uploads\/2025\/01\/hojicha-latte-powder-300x300.webp 300w, https:\/\/hojichawholesale.eu\/wp-content\/uploads\/2025\/01\/hojicha-latte-powder-150x150.webp 150w, https:\/\/hojichawholesale.eu\/wp-content\/uploads\/2025\/01\/hojicha-latte-powder-768x768.webp 768w, https:\/\/hojichawholesale.eu\/wp-content\/uploads\/2025\/01\/hojicha-latte-powder-600x600.webp 600w\" sizes=\"(max-width: 1000px) 100vw, 1000px\" \/><\/figure>\n<\/div><\/div>\n\n\n\n<div class=\"wp-block-column is-layout-flow wp-block-column-is-layout-flow\"><div class=\"wp-block-image\">\n<figure class=\"aligncenter size-large is-resized\"><img decoding=\"async\" width=\"1024\" height=\"1024\" src=\"https:\/\/hojichawholesale.eu\/wp-content\/uploads\/2025\/01\/hojicha-latte-infused-1024x1024.webp\" alt=\"\" class=\"wp-image-7522\" style=\"width:325px;height:auto\" srcset=\"https:\/\/hojichawholesale.eu\/wp-content\/uploads\/2025\/01\/hojicha-latte-infused-1024x1024.webp 1024w, https:\/\/hojichawholesale.eu\/wp-content\/uploads\/2025\/01\/hojicha-latte-infused-300x300.webp 300w, https:\/\/hojichawholesale.eu\/wp-content\/uploads\/2025\/01\/hojicha-latte-infused-150x150.webp 150w, https:\/\/hojichawholesale.eu\/wp-content\/uploads\/2025\/01\/hojicha-latte-infused-768x768.webp 768w, https:\/\/hojichawholesale.eu\/wp-content\/uploads\/2025\/01\/hojicha-latte-infused-1536x1536.webp 1536w, https:\/\/hojichawholesale.eu\/wp-content\/uploads\/2025\/01\/hojicha-latte-infused-600x600.webp 600w, https:\/\/hojichawholesale.eu\/wp-content\/uploads\/2025\/01\/hojicha-latte-infused.webp 2000w\" sizes=\"(max-width: 1024px) 100vw, 1024px\" \/><\/figure>\n<\/div><\/div>\n<\/div>\n\n<hr class=\"wp-block-separator has-alpha-channel-opacity\"\/>\n\n<h2 class=\"wp-block-heading\">Hvordan forberede seg<\/h2>\n\n<ol class=\"wp-block-list\">\n<li><strong>Tilsett 15 g<\/strong> Hojicha Powder Latte-blanding i koppen.<\/li>\n\n\n\n<li><strong>Tilsett 500 ml<\/strong> varmt vann eller melk (eller melkealternativ).<\/li>\n\n\n\n<li>R\u00f8r godt, og nyt en kremet, deilig hojicha latte umiddelbart.<\/li>\n<\/ol>\n\n<hr class=\"wp-block-separator has-alpha-channel-opacity\"\/>\n\n<h2 class=\"wp-block-heading\">Ideell for<\/h2>\n\n<ul class=\"wp-block-list\">\n<li>Kafeer og tebutikker som leter etter et raskt og enkelt \u00e5 tilberede hojicha latte-alternativ for kunder.<\/li>\n\n\n\n<li>Restauranter og hoteller som \u00f8nsker \u00e5 tilby en deilig ford\u00f8yelseshjelp.  <\/li>\n\n\n\n<li>Butikker som tilbyr f\u00f8rsteklasses teprodukter og instant drinkblandinger.<\/li>\n<\/ul>\n\n<h2 class=\"wp-block-heading\">Be om en pr\u00f8ve i dag<\/h2>\n\n<p>Nysgjerrig p\u00e5 de rike, brente smakene til v\u00e5r premium hojicha?  <\/p>\n\n<p>Bare fyll ut opplysningene dine nedenfor, s\u00e5 sender vi deg en pr\u00f8ve. Gi oss beskjed hvis du har spesifikke \u00f8nsker, s\u00e5 tilpasser vi gjerne tilbudet v\u00e5rt slik at det passer dine forretningsbehov. <\/p>\n<div class=\"forminator-ui forminator-custom-form forminator-custom-form-1365 forminator-design--flat  forminator_ajax\" data-forminator-render=\"0\" data-form=\"forminator-module-1365\" data-uid=\"69d826cb158ac\"><br\/><\/div><form\n\t\t\t\tid=\"forminator-module-1365\"\n\t\t\t\tclass=\"forminator-ui forminator-custom-form forminator-custom-form-1365 forminator-design--flat  forminator_ajax\"\n\t\t\t\tmethod=\"post\"\n\t\t\t\tdata-forminator-render=\"0\"\n\t\t\t\tdata-form-id=\"1365\"\n\t\t\t\t data-color-option=\"default\" data-design=\"flat\" data-grid=\"open\" style=\"display: none;\"\n\t\t\t\tdata-uid=\"69d826cb158ac\"\n\t\t\t><div role=\"alert\" aria-live=\"polite\" class=\"forminator-response-message forminator-error\" aria-hidden=\"true\"><\/div><div class=\"forminator-row\"><div id=\"name-1\" class=\"forminator-field-name forminator-col forminator-col-6 \"><div class=\"forminator-field\"><input type=\"text\" name=\"name-1\" value=\"\" placeholder=\"First Name\" id=\"forminator-field-name-1_69d826cb158ac\" class=\"forminator-input forminator-name--field\" aria-required=\"true\" autocomplete=\"name\" \/><\/div><\/div><div id=\"name-2\" class=\"forminator-field-name forminator-col forminator-col-6 \"><div class=\"forminator-field\"><input type=\"text\" name=\"name-2\" value=\"\" placeholder=\"Last Name\" id=\"forminator-field-name-2_69d826cb158ac\" class=\"forminator-input forminator-name--field\" aria-required=\"true\" autocomplete=\"name\" \/><\/div><\/div><\/div><div class=\"forminator-row\"><div id=\"email-1\" class=\"forminator-field-email forminator-col forminator-col-12 \"><div class=\"forminator-field\"><input type=\"email\" name=\"email-1\" value=\"\" placeholder=\"Email\" id=\"forminator-field-email-1_69d826cb158ac\" class=\"forminator-input forminator-email--field\" data-required=\"true\" aria-required=\"true\" autocomplete=\"email\" \/><\/div><\/div><\/div><div class=\"forminator-row\"><div id=\"phone-1\" class=\"forminator-field-phone forminator-col forminator-col-12 \"><div class=\"forminator-field\"><input type=\"text\" name=\"phone-1\" value=\"\" placeholder=\"Phone\" id=\"forminator-field-phone-1_69d826cb158ac\" class=\"forminator-input forminator-field--phone\" data-required=\"\" aria-required=\"false\" autocomplete=\"off\" \/><\/div><\/div><\/div><div class=\"forminator-row\"><div id=\"textarea-1\" class=\"forminator-field-textarea forminator-col forminator-col-12 \"><div class=\"forminator-field\"><textarea name=\"textarea-1\" placeholder=\"Message\" id=\"forminator-field-textarea-1_69d826cb158ac\" class=\"forminator-textarea\" rows=\"6\" style=\"min-height:140px;\" ><\/textarea><span id=\"forminator-field-textarea-1_69d826cb158ac-description\" class=\"forminator-description\"><span data-limit=\"300\" data-type=\"words\" data-editor=\"\">0 \/ 300<\/span><\/span><\/div><\/div><\/div><div class=\"forminator-row\"><\/div><input type=\"hidden\" name=\"referer_url\" value=\"\" \/><div class=\"forminator-row forminator-row-last\"><div class=\"forminator-col\"><div class=\"forminator-field\"><button class=\"forminator-button forminator-button-submit\">Send<\/button><\/div><\/div><\/div><input type=\"hidden\" id=\"forminator_nonce\" name=\"forminator_nonce\" value=\"7c974ef758\" \/><input type=\"hidden\" name=\"_wp_http_referer\" value=\"\/no\/wp-json\/wp\/v2\/pages\/6509\" \/><input type=\"hidden\" name=\"form_id\" value=\"1365\"><input type=\"hidden\" name=\"page_id\" value=\"6509\"><input type=\"hidden\" name=\"form_type\" value=\"default\"><input type=\"hidden\" name=\"current_url\" value=\"https:\/\/hojichawholesale.eu\/no\/hojicha-powder-latte-engros\/\"><input type=\"hidden\" name=\"render_id\" value=\"0\"><input type=\"hidden\" name=\"action\" value=\"forminator_submit_form_custom-forms\"><label for=\"input_6\" class=\"forminator-hidden\" aria-hidden=\"true\">Please do not fill in this field. <input id=\"input_6\" type=\"text\" name=\"input_6\" value=\"\" autocomplete=\"off\"><\/label><\/form>\n","protected":false},"excerpt":{"rendered":"<p>Hojicha Powder Latte (engros) V\u00e5r Hojicha Powder Latte er laget av hojichapulver, r\u00f8rsukker og guargummi for en perfekt balansert og deilig drink. Den kan blandes med melk eller melkealternativer. Produktets viktigste funksjoner Engros informasjon Hvordan forberede seg Ideell for Be om en pr\u00f8ve i dag Nysgjerrig p\u00e5 de rike, brente smakene til v\u00e5r premium hojicha? [&hellip;]<\/p>\n","protected":false},"author":1,"featured_media":7517,"parent":0,"menu_order":0,"comment_status":"closed","ping_status":"closed","template":"","meta":{"_surecart_dashboard_logo_width":"180px","_surecart_dashboard_show_logo":true,"_surecart_dashboard_navigation_orders":true,"_surecart_dashboard_navigation_invoices":true,"_surecart_dashboard_navigation_subscriptions":true,"_surecart_dashboard_navigation_downloads":true,"_surecart_dashboard_navigation_billing":true,"_surecart_dashboard_navigation_account":true,"footnotes":""},"class_list":["post-6509","page","type-page","status-publish","has-post-thumbnail","hentry","entry","has-media"],"mb":[],"mfb_rest_fields":["title","gutenberg_elementor_mode"],"_links":{"self":[{"href":"https:\/\/hojichawholesale.eu\/no\/wp-json\/wp\/v2\/pages\/6509","targetHints":{"allow":["GET"]}}],"collection":[{"href":"https:\/\/hojichawholesale.eu\/no\/wp-json\/wp\/v2\/pages"}],"about":[{"href":"https:\/\/hojichawholesale.eu\/no\/wp-json\/wp\/v2\/types\/page"}],"author":[{"embeddable":true,"href":"https:\/\/hojichawholesale.eu\/no\/wp-json\/wp\/v2\/users\/1"}],"replies":[{"embeddable":true,"href":"https:\/\/hojichawholesale.eu\/no\/wp-json\/wp\/v2\/comments?post=6509"}],"version-history":[{"count":0,"href":"https:\/\/hojichawholesale.eu\/no\/wp-json\/wp\/v2\/pages\/6509\/revisions"}],"wp:featuredmedia":[{"embeddable":true,"href":"https:\/\/hojichawholesale.eu\/no\/wp-json\/wp\/v2\/media\/7517"}],"wp:attachment":[{"href":"https:\/\/hojichawholesale.eu\/no\/wp-json\/wp\/v2\/media?parent=6509"}],"curies":[{"name":"wp","href":"https:\/\/api.w.org\/{rel}","templated":true}]}}