{"id":6496,"date":"2024-10-12T09:58:42","date_gmt":"2024-10-12T09:58:42","guid":{"rendered":"https:\/\/hojichawholesale.eu\/hojicha-for-hoteller-og-restauranter\/"},"modified":"2024-10-13T19:30:21","modified_gmt":"2024-10-13T19:30:21","slug":"hojicha-for-hoteller-og-restauranter","status":"publish","type":"page","link":"https:\/\/hojichawholesale.eu\/no\/hojicha-for-hoteller-og-restauranter\/","title":{"rendered":"Hojicha for hoteller og restauranter"},"content":{"rendered":"\n<h1 class=\"wp-block-heading\">Hojicha for hoteller og restauranter<\/h1>\n\n<p>Hojicha er den kommende trendy japanske teen. I likhet med matcha er den tilgjengelig i pulverform, perfekt for latte, desserter og bakevarer. Men i motsetning til matcha, er den ogs\u00e5 tilgjengelig i l\u00f8se blader, noe som gj\u00f8r det enkelt \u00e5 infusjonere i varmt vann.    <\/p>\n\n<p>Hojicha er sterkt assosiert med helse, raffinement og h\u00f8y kvalitet, og p\u00e5virker merkevarebyggingen og stilen din positivt og hjelper kundene dine til \u00e5 f\u00f8le seg sofistikerte.  <\/p>\n\n<p>I tillegg tilbyr den h\u00f8ye fortjenestemarginer p\u00e5 grunn av sin f\u00f8rsteklasses oppfatning og lave produksjonskostnader.<\/p>\n\n<p>Her er grunnen til at hojicha er det perfekte tillegget til hotellets eller restaurantens drikkeutvalg.<\/p>\n\n<h2 class=\"wp-block-heading\">1. Unik, stekt smak<\/h2>\n\n<p>Hojicha tilbyr en dyp, stekt smak med toner av karamell, n\u00f8tter og en mild r\u00f8yk. Den glatte, naturlig s\u00f8te smaken appellerer til et bredt spekter av mennesker, noe som gj\u00f8r den til et mer universelt tilgjengelig alternativ enn matcha. <\/p>\n\n<h2 class=\"wp-block-heading\">2. Lite koffein og avslappende<\/h2>\n\n<p>Stekt ved h\u00f8ye temperaturer, har hojicha minimalt koffeininnhold, noe som gj\u00f8r det til et ideelt alternativ for gjester som s\u00f8ker avslapning n\u00e5r som helst p\u00e5 dagen. Denne lavkoffeinprofilen henvender seg til de som er f\u00f8lsomme for koffein, og forbedrer menyens appell. <\/p>\n<div class=\"wp-block-image\">\n<figure class=\"aligncenter size-large is-resized\"><img fetchpriority=\"high\" decoding=\"async\" width=\"1024\" height=\"684\" src=\"https:\/\/hojichawholesale.eu\/wp-content\/uploads\/2024\/10\/Depositphotos_500113964_L-1024x684.avif\" alt=\"\" class=\"wp-image-5326\" style=\"width:509px;height:auto\" srcset=\"https:\/\/hojichawholesale.eu\/wp-content\/uploads\/2024\/10\/Depositphotos_500113964_L-1024x684.avif 1024w, https:\/\/hojichawholesale.eu\/wp-content\/uploads\/2024\/10\/Depositphotos_500113964_L-300x200.avif 300w, https:\/\/hojichawholesale.eu\/wp-content\/uploads\/2024\/10\/Depositphotos_500113964_L-768x513.avif 768w, https:\/\/hojichawholesale.eu\/wp-content\/uploads\/2024\/10\/Depositphotos_500113964_L.avif 1200w\" sizes=\"(max-width: 1024px) 100vw, 1024px\" \/><\/figure>\n<\/div>\n<h2 class=\"wp-block-heading\">3. Helsebevisst valg<\/h2>\n\n<p>Ettersom middagsgjester i \u00f8kende grad prioriterer helse, tilbyr hojicha et vell av fordeler. Den er rik p\u00e5 antioksidanter, hjelper ford\u00f8yelsen, reduserer stress og fremmer avslapning. Det lave koffeininnholdet gj\u00f8r den ogs\u00e5 egnet for alle aldre, og tiltrekker seg helsebevisste gjester, familier og forretningsreisende.  <\/p>\n\n<h2 class=\"wp-block-heading\">4. Allsidige serveringsalternativer<\/h2>\n\n<p>Hojicha er en fleksibel ingrediens, enten den serveres varm eller iskald, eller innlemmet i latte, cocktailer eller desserter. Dens allsidighet gir mulighet for uendelig kreativitet i drikke- og dessertmenyene dine, og gir et unikt preg til tilbudene dine. <\/p>\n<div class=\"wp-block-image\">\n<figure class=\"aligncenter size-large is-resized\"><img decoding=\"async\" width=\"1024\" height=\"683\" src=\"https:\/\/hojichawholesale.eu\/wp-content\/uploads\/2024\/10\/Depositphotos_507526862_L-1024x683.avif\" alt=\"\" class=\"wp-image-5332\" style=\"width:605px;height:auto\" srcset=\"https:\/\/hojichawholesale.eu\/wp-content\/uploads\/2024\/10\/Depositphotos_507526862_L-1024x683.avif 1024w, https:\/\/hojichawholesale.eu\/wp-content\/uploads\/2024\/10\/Depositphotos_507526862_L-300x200.avif 300w, https:\/\/hojichawholesale.eu\/wp-content\/uploads\/2024\/10\/Depositphotos_507526862_L-768x512.avif 768w, https:\/\/hojichawholesale.eu\/wp-content\/uploads\/2024\/10\/Depositphotos_507526862_L.avif 1200w\" sizes=\"(max-width: 1024px) 100vw, 1024px\" \/><figcaption class=\"wp-element-caption\">Brett med t\u00f8rr hojicha gr\u00f8nn te og kopp varm drikke p\u00e5 fargebakgrunn<\/figcaption><\/figure>\n<\/div>\n<h2 class=\"wp-block-heading\">5. En \u00f8kende trend<\/h2>\n\n<p>Med matcha n\u00e5 mainstream, er Hojicha klar til \u00e5 bli den neste store trenden innen japansk te, spesielt i Europa. Ved \u00e5 tilby hojicha kan etablissementet ditt skille seg ut med et f\u00f8rsteklasses, eksklusivt alternativ som vil imponere gjestene og forbedre statusen din.   <\/p>\n\n<figure class=\"wp-block-image size-large\"><img decoding=\"async\" width=\"1024\" height=\"544\" src=\"https:\/\/hojichawholesale.eu\/wp-content\/uploads\/2024\/10\/hojicha-trends-1-1024x544.avif\" alt=\"\" class=\"wp-image-5519\" srcset=\"https:\/\/hojichawholesale.eu\/wp-content\/uploads\/2024\/10\/hojicha-trends-1-1024x544.avif 1024w, https:\/\/hojichawholesale.eu\/wp-content\/uploads\/2024\/10\/hojicha-trends-1-300x159.avif 300w, https:\/\/hojichawholesale.eu\/wp-content\/uploads\/2024\/10\/hojicha-trends-1-768x408.avif 768w, https:\/\/hojichawholesale.eu\/wp-content\/uploads\/2024\/10\/hojicha-trends-1-1536x816.avif 1536w, https:\/\/hojichawholesale.eu\/wp-content\/uploads\/2024\/10\/hojicha-trends-1.avif 1892w\" sizes=\"(max-width: 1024px) 100vw, 1024px\" \/><\/figure>\n\n<figure class=\"wp-block-image size-large\"><img loading=\"lazy\" decoding=\"async\" width=\"1024\" height=\"412\" src=\"https:\/\/hojichawholesale.eu\/wp-content\/uploads\/2024\/10\/hojicha-trends-countries-1024x412.avif\" alt=\"\" class=\"wp-image-5459\" srcset=\"https:\/\/hojichawholesale.eu\/wp-content\/uploads\/2024\/10\/hojicha-trends-countries-1024x412.avif 1024w, https:\/\/hojichawholesale.eu\/wp-content\/uploads\/2024\/10\/hojicha-trends-countries-300x121.avif 300w, https:\/\/hojichawholesale.eu\/wp-content\/uploads\/2024\/10\/hojicha-trends-countries-768x309.avif 768w, https:\/\/hojichawholesale.eu\/wp-content\/uploads\/2024\/10\/hojicha-trends-countries-1536x618.avif 1536w, https:\/\/hojichawholesale.eu\/wp-content\/uploads\/2024\/10\/hojicha-trends-countries.avif 1873w\" sizes=\"(max-width: 1024px) 100vw, 1024px\" \/><\/figure>\n\n<h2 class=\"wp-block-heading\">6. Lett \u00e5 markedsf\u00f8re<\/h2>\n\n<p>Produktets natur gir deg et bredt spekter av vinkler \u00e5 bruke i markedsf\u00f8ringen din, fra en fancy japansk drink til en helsefremmende drikk.<\/p>\n\n<p>De lave produksjonskostnadene gir deg full kontroll over fortjenestemarginene dine.<\/p>\n\n<h2 class=\"wp-block-heading\">Be om en pr\u00f8ve<\/h2>\n\n<p>Nysgjerrig p\u00e5 de rike, brente smakene til v\u00e5r premium hojicha?  <\/p>\n\n<p>Bare fyll ut opplysningene dine nedenfor, s\u00e5 sender vi deg en pr\u00f8ve. Gi oss beskjed hvis du har spesifikke \u00f8nsker, s\u00e5 tilpasser vi gjerne tilbudet v\u00e5rt slik at det passer dine forretningsbehov. <\/p>\n<div class=\"forminator-ui forminator-custom-form forminator-custom-form-1365 forminator-design--flat  forminator_ajax\" data-forminator-render=\"0\" data-form=\"forminator-module-1365\" data-uid=\"69d43d6da4519\"><br\/><\/div><form\n\t\t\t\tid=\"forminator-module-1365\"\n\t\t\t\tclass=\"forminator-ui forminator-custom-form forminator-custom-form-1365 forminator-design--flat  forminator_ajax\"\n\t\t\t\tmethod=\"post\"\n\t\t\t\tdata-forminator-render=\"0\"\n\t\t\t\tdata-form-id=\"1365\"\n\t\t\t\t data-color-option=\"default\" data-design=\"flat\" data-grid=\"open\" style=\"display: none;\"\n\t\t\t\tdata-uid=\"69d43d6da4519\"\n\t\t\t><div role=\"alert\" aria-live=\"polite\" class=\"forminator-response-message forminator-error\" aria-hidden=\"true\"><\/div><div class=\"forminator-row\"><div id=\"name-1\" class=\"forminator-field-name forminator-col forminator-col-6 \"><div class=\"forminator-field\"><input type=\"text\" name=\"name-1\" value=\"\" placeholder=\"First Name\" id=\"forminator-field-name-1_69d43d6da4519\" class=\"forminator-input forminator-name--field\" aria-required=\"true\" autocomplete=\"name\" \/><\/div><\/div><div id=\"name-2\" class=\"forminator-field-name forminator-col forminator-col-6 \"><div class=\"forminator-field\"><input type=\"text\" name=\"name-2\" value=\"\" placeholder=\"Last Name\" id=\"forminator-field-name-2_69d43d6da4519\" class=\"forminator-input forminator-name--field\" aria-required=\"true\" autocomplete=\"name\" \/><\/div><\/div><\/div><div class=\"forminator-row\"><div id=\"email-1\" class=\"forminator-field-email forminator-col forminator-col-12 \"><div class=\"forminator-field\"><input type=\"email\" name=\"email-1\" value=\"\" placeholder=\"Email\" id=\"forminator-field-email-1_69d43d6da4519\" class=\"forminator-input forminator-email--field\" data-required=\"true\" aria-required=\"true\" autocomplete=\"email\" \/><\/div><\/div><\/div><div class=\"forminator-row\"><div id=\"phone-1\" class=\"forminator-field-phone forminator-col forminator-col-12 \"><div class=\"forminator-field\"><input type=\"text\" name=\"phone-1\" value=\"\" placeholder=\"Phone\" id=\"forminator-field-phone-1_69d43d6da4519\" class=\"forminator-input forminator-field--phone\" data-required=\"\" aria-required=\"false\" autocomplete=\"off\" \/><\/div><\/div><\/div><div class=\"forminator-row\"><div id=\"textarea-1\" class=\"forminator-field-textarea forminator-col forminator-col-12 \"><div class=\"forminator-field\"><textarea name=\"textarea-1\" placeholder=\"Message\" id=\"forminator-field-textarea-1_69d43d6da4519\" class=\"forminator-textarea\" rows=\"6\" style=\"min-height:140px;\" ><\/textarea><span id=\"forminator-field-textarea-1_69d43d6da4519-description\" class=\"forminator-description\"><span data-limit=\"300\" data-type=\"words\" data-editor=\"\">0 \/ 300<\/span><\/span><\/div><\/div><\/div><div class=\"forminator-row\"><\/div><input type=\"hidden\" name=\"referer_url\" value=\"\" \/><div class=\"forminator-row forminator-row-last\"><div class=\"forminator-col\"><div class=\"forminator-field\"><button class=\"forminator-button forminator-button-submit\">Send<\/button><\/div><\/div><\/div><input type=\"hidden\" id=\"forminator_nonce\" name=\"forminator_nonce\" value=\"8ad7e0b691\" \/><input type=\"hidden\" name=\"_wp_http_referer\" value=\"\/no\/wp-json\/wp\/v2\/pages\/6496\" \/><input type=\"hidden\" name=\"form_id\" value=\"1365\"><input type=\"hidden\" name=\"page_id\" value=\"6496\"><input type=\"hidden\" name=\"form_type\" value=\"default\"><input type=\"hidden\" name=\"current_url\" value=\"https:\/\/hojichawholesale.eu\/no\/hojicha-for-hoteller-og-restauranter\/\"><input type=\"hidden\" name=\"render_id\" value=\"0\"><input type=\"hidden\" name=\"action\" value=\"forminator_submit_form_custom-forms\"><label for=\"input_6\" class=\"forminator-hidden\" aria-hidden=\"true\">Please do not fill in this field. <input id=\"input_6\" type=\"text\" name=\"input_6\" value=\"\" autocomplete=\"off\"><\/label><\/form>\n\n<p><\/p>\n","protected":false},"excerpt":{"rendered":"<p>Hojicha for hoteller og restauranter Hojicha er den kommende trendy japanske teen. I likhet med matcha er den tilgjengelig i pulverform, perfekt for latte, desserter og bakevarer. Men i motsetning til matcha, er den ogs\u00e5 tilgjengelig i l\u00f8se blader, noe som gj\u00f8r det enkelt \u00e5 infusjonere i varmt vann. Hojicha er sterkt assosiert med helse, [&hellip;]<\/p>\n","protected":false},"author":1,"featured_media":6498,"parent":0,"menu_order":0,"comment_status":"closed","ping_status":"closed","template":"","meta":{"_surecart_dashboard_logo_width":"180px","_surecart_dashboard_show_logo":true,"_surecart_dashboard_navigation_orders":true,"_surecart_dashboard_navigation_invoices":true,"_surecart_dashboard_navigation_subscriptions":true,"_surecart_dashboard_navigation_downloads":true,"_surecart_dashboard_navigation_billing":true,"_surecart_dashboard_navigation_account":true,"footnotes":""},"class_list":["post-6496","page","type-page","status-publish","has-post-thumbnail","hentry","entry","has-media"],"mb":[],"mfb_rest_fields":["title","gutenberg_elementor_mode"],"_links":{"self":[{"href":"https:\/\/hojichawholesale.eu\/no\/wp-json\/wp\/v2\/pages\/6496","targetHints":{"allow":["GET"]}}],"collection":[{"href":"https:\/\/hojichawholesale.eu\/no\/wp-json\/wp\/v2\/pages"}],"about":[{"href":"https:\/\/hojichawholesale.eu\/no\/wp-json\/wp\/v2\/types\/page"}],"author":[{"embeddable":true,"href":"https:\/\/hojichawholesale.eu\/no\/wp-json\/wp\/v2\/users\/1"}],"replies":[{"embeddable":true,"href":"https:\/\/hojichawholesale.eu\/no\/wp-json\/wp\/v2\/comments?post=6496"}],"version-history":[{"count":0,"href":"https:\/\/hojichawholesale.eu\/no\/wp-json\/wp\/v2\/pages\/6496\/revisions"}],"wp:featuredmedia":[{"embeddable":true,"href":"https:\/\/hojichawholesale.eu\/no\/wp-json\/wp\/v2\/media\/6498"}],"wp:attachment":[{"href":"https:\/\/hojichawholesale.eu\/no\/wp-json\/wp\/v2\/media?parent=6496"}],"curies":[{"name":"wp","href":"https:\/\/api.w.org\/{rel}","templated":true}]}}