{"id":6487,"date":"2024-10-12T14:14:16","date_gmt":"2024-10-12T14:14:16","guid":{"rendered":"https:\/\/hojichawholesale.eu\/hojicha-mork-stekt-engros\/"},"modified":"2025-12-10T19:00:28","modified_gmt":"2025-12-10T19:00:28","slug":"hojicha-mork-stekt-engros","status":"publish","type":"page","link":"https:\/\/hojichawholesale.eu\/no\/hojicha-mork-stekt-engros\/","title":{"rendered":"Hojicha m\u00f8rkt stekt pulver (engros)"},"content":{"rendered":"\n<h1 class=\"wp-block-heading\">Hojicha m\u00f8rkt stekt pulver (engros)<\/h1>\n\n<p><strong>Hojicha Dark<\/strong> <strong>Roast-pulver <\/strong>gir en dyp, intens stekt smak, perfekt for de som s\u00f8ker en mer robust og fyldig teopplevelse.<\/p>\n<div class=\"wp-block-image\">\n<figure class=\"aligncenter size-full is-resized\"><img fetchpriority=\"high\" decoding=\"async\" width=\"1000\" height=\"1000\" src=\"https:\/\/hojichawholesale.eu\/wp-content\/uploads\/2025\/01\/hojicha-dark-powder-both.webp\" alt=\"Sammenligning av hojicha m&#xF8;rkt pulver og hojicha m&#xF8;rkt pulver oppl&#xF8;st\" class=\"wp-image-7396\" style=\"width:323px;height:auto\" srcset=\"https:\/\/hojichawholesale.eu\/wp-content\/uploads\/2025\/01\/hojicha-dark-powder-both.webp 1000w, https:\/\/hojichawholesale.eu\/wp-content\/uploads\/2025\/01\/hojicha-dark-powder-both-300x300.webp 300w, https:\/\/hojichawholesale.eu\/wp-content\/uploads\/2025\/01\/hojicha-dark-powder-both-150x150.webp 150w, https:\/\/hojichawholesale.eu\/wp-content\/uploads\/2025\/01\/hojicha-dark-powder-both-768x768.webp 768w, https:\/\/hojichawholesale.eu\/wp-content\/uploads\/2025\/01\/hojicha-dark-powder-both-600x600.webp 600w\" sizes=\"(max-width: 1000px) 100vw, 1000px\" \/><\/figure>\n<\/div>\n<hr class=\"wp-block-separator has-alpha-channel-opacity\"\/>\n\n<h2 class=\"wp-block-heading\">Produktets viktigste funksjoner<\/h2>\n\n<ul class=\"wp-block-list\">\n<li><strong>Type<\/strong>: Stekt gr\u00f8nn te (Hojicha)<\/li>\n\n\n\n<li><strong>Form<\/strong>: Pulver<\/li>\n\n\n\n<li><strong>Opprinnelse<\/strong>: Shizuoka, Japan<\/li>\n\n\n\n<li><strong>Stekeniv\u00e5<\/strong>: M\u00f8rk<\/li>\n\n\n\n<li><strong>Innh\u00f8stingssesong<\/strong>: V\u00e5r\/sommer<\/li>\n\n\n\n<li><strong>Bearbeiding<\/strong>: Dypt stekt (300 \u00b0C) i porselen for \u00e5 skape en dristig, r\u00f8ykfylt aroma.<\/li>\n\n\n\n<li><strong>Smaksprofil<\/strong>: R\u00f8ykfylt, rik og litt s\u00f8t med en dristig karamellundertone.<\/li>\n\n\n\n<li><strong>Koffein<\/strong>: Sv\u00e6rt lav<\/li>\n\n\n\n<li><strong>Emballasje<\/strong>: Tilgjengelig i 1 kg poser. Ompakking er tilgjengelig p\u00e5 foresp\u00f8rsel.   <\/li>\n<\/ul>\n\n<hr class=\"wp-block-separator has-alpha-channel-opacity\"\/>\n\n<h2 class=\"wp-block-heading\">Fordeler med m\u00f8rkstekt hojicha<\/h2>\n\n<ul class=\"wp-block-list\">\n<li><strong>Rik smak<\/strong>: Den dype stekingen f\u00e5r frem intense, r\u00f8ykfylte toner som passer godt til desserter eller som en frittst\u00e5ende te.<\/li>\n\n\n\n<li><strong>Lavt koffein<\/strong>: Nyt n\u00e5r som helst p\u00e5 dagen uten nerv\u00f8sitet.<\/li>\n\n\n\n<li><strong>Varm og tr\u00f8stende<\/strong>: Den m\u00f8rke steken gir en jording og beroligende opplevelse, perfekt for kaldere m\u00e5neder.<\/li>\n<\/ul>\n\n<div class=\"wp-block-columns is-layout-flex wp-container-core-columns-is-layout-28f84493 wp-block-columns-is-layout-flex\">\n<div class=\"wp-block-column is-layout-flow wp-block-column-is-layout-flow\"><div class=\"wp-block-image\">\n<figure class=\"aligncenter size-full is-resized\"><img decoding=\"async\" width=\"1000\" height=\"1000\" src=\"https:\/\/hojichawholesale.eu\/wp-content\/uploads\/2025\/01\/hojicha-dark-powder.webp\" alt=\"Hojicha m&#xF8;rkt stekt pulver\" class=\"wp-image-7420\" style=\"width:306px;height:auto\" srcset=\"https:\/\/hojichawholesale.eu\/wp-content\/uploads\/2025\/01\/hojicha-dark-powder.webp 1000w, https:\/\/hojichawholesale.eu\/wp-content\/uploads\/2025\/01\/hojicha-dark-powder-300x300.webp 300w, https:\/\/hojichawholesale.eu\/wp-content\/uploads\/2025\/01\/hojicha-dark-powder-150x150.webp 150w, https:\/\/hojichawholesale.eu\/wp-content\/uploads\/2025\/01\/hojicha-dark-powder-768x768.webp 768w, https:\/\/hojichawholesale.eu\/wp-content\/uploads\/2025\/01\/hojicha-dark-powder-600x600.webp 600w\" sizes=\"(max-width: 1000px) 100vw, 1000px\" \/><\/figure>\n<\/div><\/div>\n\n\n\n<div class=\"wp-block-column is-layout-flow wp-block-column-is-layout-flow\"><div class=\"wp-block-image\">\n<figure class=\"aligncenter size-large is-resized\"><img decoding=\"async\" width=\"1024\" height=\"1024\" src=\"https:\/\/hojichawholesale.eu\/wp-content\/uploads\/2025\/01\/hojicha-dark-powder-infused-1024x1024.webp\" alt=\"Hojicha m&#xF8;rkt stekt pulver tilsatt\" class=\"wp-image-7408\" style=\"width:302px;height:auto\" srcset=\"https:\/\/hojichawholesale.eu\/wp-content\/uploads\/2025\/01\/hojicha-dark-powder-infused-1024x1024.webp 1024w, https:\/\/hojichawholesale.eu\/wp-content\/uploads\/2025\/01\/hojicha-dark-powder-infused-300x300.webp 300w, https:\/\/hojichawholesale.eu\/wp-content\/uploads\/2025\/01\/hojicha-dark-powder-infused-150x150.webp 150w, https:\/\/hojichawholesale.eu\/wp-content\/uploads\/2025\/01\/hojicha-dark-powder-infused-768x768.webp 768w, https:\/\/hojichawholesale.eu\/wp-content\/uploads\/2025\/01\/hojicha-dark-powder-infused-1536x1536.webp 1536w, https:\/\/hojichawholesale.eu\/wp-content\/uploads\/2025\/01\/hojicha-dark-powder-infused-600x600.webp 600w, https:\/\/hojichawholesale.eu\/wp-content\/uploads\/2025\/01\/hojicha-dark-powder-infused.webp 2000w\" sizes=\"(max-width: 1024px) 100vw, 1024px\" \/><\/figure>\n<\/div><\/div>\n<\/div>\n\n<hr class=\"wp-block-separator has-alpha-channel-opacity\"\/>\n\n<h2 class=\"wp-block-heading\">Engros informasjon<\/h2>\n\n<ul class=\"wp-block-list\">\n<li><strong>Minimum bestillingsmengde (MOQ):<\/strong> 5 poser p\u00e5 100 gram.<\/li>\n\n\n\n<li><strong>Massepriser<\/strong>: Kontakt oss nedenfor for spesialpriser basert p\u00e5 bestillingsst\u00f8rrelse.<\/li>\n\n\n\n<li><strong>Utl\u00f8psdato<\/strong>: Hojicha kan oppbevares i opptil to \u00e5r u\u00e5pnet og oppbevares ved 5\u00b0C \u2013 10\u00b0C.<\/li>\n\n\n\n<li><strong>Frakt<\/strong>: Vi sender overalt i Europa, fra Island til Istanbul, med fleksible fraktalternativer, inkludert ekspresslevering for hastebestillinger.<\/li>\n<\/ul>\n\n<hr class=\"wp-block-separator has-alpha-channel-opacity\"\/>\n\n<h2 class=\"wp-block-heading\">Hvordan brygge<\/h2>\n\n<ol class=\"wp-block-list\">\n<li><strong>Temengde<\/strong>: 8 g te per 500 ml vann<\/li>\n\n\n\n<li><strong>Vanntemperatur<\/strong>: 80 \u00b0C  <\/li>\n\n\n\n<li><strong>Brettingstid<\/strong>: 2-3 minutter for et sterkt, rikt brygg<\/li>\n<\/ol>\n\n<hr class=\"wp-block-separator has-alpha-channel-opacity\"\/>\n\n<h2 class=\"wp-block-heading\">Perfekt for<\/h2>\n\n<ul class=\"wp-block-list\">\n<li>Eksklusive tebutikker, kafeer og restauranter som \u00f8nsker \u00e5 tilby et f\u00f8rsteklasses m\u00f8rkbrent alternativ til sine kunder.  <\/li>\n\n\n\n<li>Kunder som s\u00f8ker et dristig alternativ til kaffe med lavt koffeininnhold.<\/li>\n\n\n\n<li>Lage signaturteblandinger eller som ingrediens i kulinariske oppskrifter.<\/li>\n<\/ul>\n\n<h2 class=\"wp-block-heading\">Be om en pr\u00f8ve i dag<\/h2>\n\n<p>Nysgjerrig p\u00e5 de rike, brente smakene til v\u00e5r premium hojicha?  <\/p>\n\n<p>Bare fyll ut opplysningene dine nedenfor, s\u00e5 sender vi deg en pr\u00f8ve. Gi oss beskjed hvis du har spesifikke \u00f8nsker, s\u00e5 tilpasser vi gjerne tilbudet v\u00e5rt slik at det passer dine forretningsbehov. <\/p>\n<div class=\"forminator-ui forminator-custom-form forminator-custom-form-1365 forminator-design--flat  forminator_ajax\" data-forminator-render=\"0\" data-form=\"forminator-module-1365\" data-uid=\"69de3373c893d\"><br\/><\/div><form\n\t\t\t\tid=\"forminator-module-1365\"\n\t\t\t\tclass=\"forminator-ui forminator-custom-form forminator-custom-form-1365 forminator-design--flat  forminator_ajax\"\n\t\t\t\tmethod=\"post\"\n\t\t\t\tdata-forminator-render=\"0\"\n\t\t\t\tdata-form-id=\"1365\"\n\t\t\t\t data-color-option=\"default\" data-design=\"flat\" data-grid=\"open\" style=\"display: none;\"\n\t\t\t\tdata-uid=\"69de3373c893d\"\n\t\t\t><div role=\"alert\" aria-live=\"polite\" class=\"forminator-response-message forminator-error\" aria-hidden=\"true\"><\/div><div class=\"forminator-row\"><div id=\"name-1\" class=\"forminator-field-name forminator-col forminator-col-6 \"><div class=\"forminator-field\"><input type=\"text\" name=\"name-1\" value=\"\" placeholder=\"First Name\" id=\"forminator-field-name-1_69de3373c893d\" class=\"forminator-input forminator-name--field\" aria-required=\"true\" autocomplete=\"name\" \/><\/div><\/div><div id=\"name-2\" class=\"forminator-field-name forminator-col forminator-col-6 \"><div class=\"forminator-field\"><input type=\"text\" name=\"name-2\" value=\"\" placeholder=\"Last Name\" id=\"forminator-field-name-2_69de3373c893d\" class=\"forminator-input forminator-name--field\" aria-required=\"true\" autocomplete=\"name\" \/><\/div><\/div><\/div><div class=\"forminator-row\"><div id=\"email-1\" class=\"forminator-field-email forminator-col forminator-col-12 \"><div class=\"forminator-field\"><input type=\"email\" name=\"email-1\" value=\"\" placeholder=\"Email\" id=\"forminator-field-email-1_69de3373c893d\" class=\"forminator-input forminator-email--field\" data-required=\"true\" aria-required=\"true\" autocomplete=\"email\" \/><\/div><\/div><\/div><div class=\"forminator-row\"><div id=\"phone-1\" class=\"forminator-field-phone forminator-col forminator-col-12 \"><div class=\"forminator-field\"><input type=\"text\" name=\"phone-1\" value=\"\" placeholder=\"Phone\" id=\"forminator-field-phone-1_69de3373c893d\" class=\"forminator-input forminator-field--phone\" data-required=\"\" aria-required=\"false\" autocomplete=\"off\" \/><\/div><\/div><\/div><div class=\"forminator-row\"><div id=\"textarea-1\" class=\"forminator-field-textarea forminator-col forminator-col-12 \"><div class=\"forminator-field\"><textarea name=\"textarea-1\" placeholder=\"Message\" id=\"forminator-field-textarea-1_69de3373c893d\" class=\"forminator-textarea\" rows=\"6\" style=\"min-height:140px;\" ><\/textarea><span id=\"forminator-field-textarea-1_69de3373c893d-description\" class=\"forminator-description\"><span data-limit=\"300\" data-type=\"words\" data-editor=\"\">0 \/ 300<\/span><\/span><\/div><\/div><\/div><div class=\"forminator-row\"><\/div><input type=\"hidden\" name=\"referer_url\" value=\"\" \/><div class=\"forminator-row forminator-row-last\"><div class=\"forminator-col\"><div class=\"forminator-field\"><button class=\"forminator-button forminator-button-submit\">Send<\/button><\/div><\/div><\/div><input type=\"hidden\" id=\"forminator_nonce\" name=\"forminator_nonce\" value=\"a647953a3f\" \/><input type=\"hidden\" name=\"_wp_http_referer\" value=\"\/no\/wp-json\/wp\/v2\/pages\/6487\" \/><input type=\"hidden\" name=\"form_id\" value=\"1365\"><input type=\"hidden\" name=\"page_id\" value=\"6487\"><input type=\"hidden\" name=\"form_type\" value=\"default\"><input type=\"hidden\" name=\"current_url\" value=\"https:\/\/hojichawholesale.eu\/no\/hojicha-mork-stekt-engros\/\"><input type=\"hidden\" name=\"render_id\" value=\"0\"><input type=\"hidden\" name=\"action\" value=\"forminator_submit_form_custom-forms\"><label for=\"input_6\" class=\"forminator-hidden\" aria-hidden=\"true\">Please do not fill in this field. <input id=\"input_6\" type=\"text\" name=\"input_6\" value=\"\" autocomplete=\"off\"><\/label><\/form>\n","protected":false},"excerpt":{"rendered":"<p>Hojicha m\u00f8rkt stekt pulver (engros) Hojicha Dark Roast-pulver gir en dyp, intens stekt smak, perfekt for de som s\u00f8ker en mer robust og fyldig teopplevelse. Produktets viktigste funksjoner Fordeler med m\u00f8rkstekt hojicha Engros informasjon Hvordan brygge Perfekt for Be om en pr\u00f8ve i dag Nysgjerrig p\u00e5 de rike, brente smakene til v\u00e5r premium hojicha? Bare [&hellip;]<\/p>\n","protected":false},"author":1,"featured_media":7403,"parent":0,"menu_order":0,"comment_status":"closed","ping_status":"closed","template":"","meta":{"_surecart_dashboard_logo_width":"180px","_surecart_dashboard_show_logo":true,"_surecart_dashboard_navigation_orders":true,"_surecart_dashboard_navigation_invoices":true,"_surecart_dashboard_navigation_subscriptions":true,"_surecart_dashboard_navigation_downloads":true,"_surecart_dashboard_navigation_billing":true,"_surecart_dashboard_navigation_account":true,"footnotes":""},"class_list":["post-6487","page","type-page","status-publish","has-post-thumbnail","hentry","entry","has-media"],"mb":[],"mfb_rest_fields":["title","gutenberg_elementor_mode"],"_links":{"self":[{"href":"https:\/\/hojichawholesale.eu\/no\/wp-json\/wp\/v2\/pages\/6487","targetHints":{"allow":["GET"]}}],"collection":[{"href":"https:\/\/hojichawholesale.eu\/no\/wp-json\/wp\/v2\/pages"}],"about":[{"href":"https:\/\/hojichawholesale.eu\/no\/wp-json\/wp\/v2\/types\/page"}],"author":[{"embeddable":true,"href":"https:\/\/hojichawholesale.eu\/no\/wp-json\/wp\/v2\/users\/1"}],"replies":[{"embeddable":true,"href":"https:\/\/hojichawholesale.eu\/no\/wp-json\/wp\/v2\/comments?post=6487"}],"version-history":[{"count":0,"href":"https:\/\/hojichawholesale.eu\/no\/wp-json\/wp\/v2\/pages\/6487\/revisions"}],"wp:featuredmedia":[{"embeddable":true,"href":"https:\/\/hojichawholesale.eu\/no\/wp-json\/wp\/v2\/media\/7403"}],"wp:attachment":[{"href":"https:\/\/hojichawholesale.eu\/no\/wp-json\/wp\/v2\/media?parent=6487"}],"curies":[{"name":"wp","href":"https:\/\/api.w.org\/{rel}","templated":true}]}}