{"id":6478,"date":"2024-10-12T07:56:00","date_gmt":"2024-10-12T07:56:00","guid":{"rendered":"https:\/\/hojichawholesale.eu\/hojicha-for-kafeer\/"},"modified":"2024-10-13T19:30:13","modified_gmt":"2024-10-13T19:30:13","slug":"hojicha-for-kafeer","status":"publish","type":"page","link":"https:\/\/hojichawholesale.eu\/no\/hojicha-for-kafeer\/","title":{"rendered":"Hojicha for kafeer"},"content":{"rendered":"\n<h1 class=\"wp-block-heading\">Hojicha for kafeer<\/h1>\n\n<p>Hojicha, en stekt japansk gr\u00f8nn te, er det perfekte tillegget til drikkemenyen din. Ikke bare gir det en s\u00e6regen smak, men det utnytter ogs\u00e5 den \u00f8kende trenden med sunne og h\u00e5ndverksmessige drikker av h\u00f8y kvalitet. <\/p>\n\n<p>Her er grunnen til at \u00e5 introdusere hojicha til kafeen din vil hjelpe deg med \u00e5 skille deg ut fra konkurrentene dine og im\u00f8tekomme et nytt kundesegment.  <\/p>\n\n<h2 class=\"wp-block-heading\">1. <strong>Unik smak<\/strong><\/h2>\n\n<p>Hojicha skiller seg ut fra andre gr\u00f8nne teer takket v\u00e6re stekeprosessen, som gir den en dyp, r\u00f8ykfylt aroma og en naturlig s\u00f8t, n\u00f8tteaktig smak.  <\/p>\n\n<p>Den milde, ristede smaken er mindre snerpende enn typisk gr\u00f8nn te, noe som gj\u00f8r den attraktiv for et bredere publikum, inkludert de som ikke n\u00f8dvendigvis liker matcha. Den sunne og varme smaken passer perfekt sammen med en rekke kaf\u00e9mat som bakverk og sm\u00f8rbr\u00f8d. <\/p>\n\n<p>Det ser ogs\u00e5 j\u00e6vla bra ut!<\/p>\n<div class=\"wp-block-image\">\n<figure class=\"aligncenter size-full is-resized\"><img fetchpriority=\"high\" decoding=\"async\" width=\"1000\" height=\"667\" src=\"https:\/\/hojichawholesale.eu\/wp-content\/uploads\/2024\/10\/Depositphotos_505518166_S.avif\" alt=\"\" class=\"wp-image-5447\" style=\"width:464px;height:auto\" srcset=\"https:\/\/hojichawholesale.eu\/wp-content\/uploads\/2024\/10\/Depositphotos_505518166_S.avif 1000w, https:\/\/hojichawholesale.eu\/wp-content\/uploads\/2024\/10\/Depositphotos_505518166_S-300x200.avif 300w, https:\/\/hojichawholesale.eu\/wp-content\/uploads\/2024\/10\/Depositphotos_505518166_S-768x512.avif 768w\" sizes=\"(max-width: 1000px) 100vw, 1000px\" \/><figcaption class=\"wp-element-caption\"><a href=\"https:\/\/depositphotos.com\/photo\/glass-cup-tasty-dalgona-hojicha-latte-table-505518166.html\" data-type=\"link\" data-id=\"https:\/\/depositphotos.com\/photo\/glass-cup-tasty-dalgona-hojicha-latte-table-505518166.html\" target=\"_blank\" rel=\"noopener\">Kilde.<\/a><\/figcaption><\/figure>\n<\/div>\n<h2 class=\"wp-block-heading\">2. <strong>Alternativ med lavt koffeininnhold<\/strong><\/h2>\n\n<p>I motsetning til mange andre teer og kaffe, er hojicha lav i koffein, noe som gj\u00f8r den til et godt valg for alle n\u00e5r som helst p\u00e5 dagen. Japanerne spiser det tradisjonelt om kvelden etter et m\u00e5ltid, men det kan nytes n\u00e5r som helst p\u00e5 dagen.   <\/p>\n\n<p>\u00c5 tilby hojicha hjelper deg med \u00e5 im\u00f8tekomme et bredere publikum, inkludert helsebevisste individer, gravide kvinner, familier og de som leter etter et avslappende drikkealternativ. Det er virkelig universelt. <\/p>\n\n<h2 class=\"wp-block-heading\">3. <strong>Allsidige menyapplikasjoner<\/strong><\/h2>\n\n<p>Hojicha kan serveres varm eller kald, tilf\u00f8rt (i blader) eller oppl\u00f8st (i pulver), i lattes, islatte eller i mat som iskrem og bakverk med hojicha-smak. Dette lar deg lage sesongbaserte spesialiteter og unike signaturdrinker som skiller kafeen din fra konkurrentene. <\/p>\n<div class=\"wp-block-image\">\n<figure class=\"aligncenter size-full is-resized\"><img decoding=\"async\" width=\"1000\" height=\"704\" src=\"https:\/\/hojichawholesale.eu\/wp-content\/uploads\/2024\/10\/Depositphotos_505676462_S.avif\" alt=\"\" class=\"wp-image-5452\" style=\"width:553px;height:auto\" srcset=\"https:\/\/hojichawholesale.eu\/wp-content\/uploads\/2024\/10\/Depositphotos_505676462_S.avif 1000w, https:\/\/hojichawholesale.eu\/wp-content\/uploads\/2024\/10\/Depositphotos_505676462_S-300x211.avif 300w, https:\/\/hojichawholesale.eu\/wp-content\/uploads\/2024\/10\/Depositphotos_505676462_S-768x541.avif 768w\" sizes=\"(max-width: 1000px) 100vw, 1000px\" \/><\/figure>\n<\/div>\n<h2 class=\"wp-block-heading\">4. <strong>Appellerer til helsebevisste kunder<\/strong><\/h2>\n\n<p>Hojicha er en sunn, antioksidantrik drikk med mange helsemessige fordeler. Det er kjent for \u00e5 hjelpe ford\u00f8yelsen, redusere stress og \u00f8ke velv\u00e6re p\u00e5 grunn av dets lavere koffeininnhold og h\u00f8yere niv\u00e5er av L-theanin. L-theanin er en antioksidant som fremmer avslapning uten d\u00f8sighet.    <\/p>\n\n<p>Dette gj\u00f8r hojicha til et perfekt tillegg til kaf\u00e9menyen din, spesielt ettersom flere kunder s\u00f8ker etter sunnere alternativer.<\/p>\n\n<h2 class=\"wp-block-heading\">5. <strong>Stemmer overens med den \u00f8kende populariteten til japansk te<\/strong><\/h2>\n\n<p>Japansk te blir stadig mer popul\u00e6rt globalt, og hojicha er intet unntak. Ved \u00e5 tilby hojicha kan kafeen din benytte seg av denne trenden og tiltrekke seg teentusiaster som er ivrige etter \u00e5 pr\u00f8ve autentisk japansk te av h\u00f8y kvalitet. Det gir et h\u00e5ndverksmessig, kulturelt preg p\u00e5 menyen din som appellerer til kunder som leter etter nye, internasjonale smaker.  <\/p>\n\n<figure class=\"wp-block-image size-large\"><img decoding=\"async\" width=\"1024\" height=\"544\" src=\"https:\/\/hojichawholesale.eu\/wp-content\/uploads\/2024\/10\/hojicha-trends-1024x544.avif\" alt=\"\" class=\"wp-image-5444\" srcset=\"https:\/\/hojichawholesale.eu\/wp-content\/uploads\/2024\/10\/hojicha-trends-1024x544.avif 1024w, https:\/\/hojichawholesale.eu\/wp-content\/uploads\/2024\/10\/hojicha-trends-300x159.avif 300w, https:\/\/hojichawholesale.eu\/wp-content\/uploads\/2024\/10\/hojicha-trends-768x408.avif 768w, https:\/\/hojichawholesale.eu\/wp-content\/uploads\/2024\/10\/hojicha-trends-1536x816.avif 1536w, https:\/\/hojichawholesale.eu\/wp-content\/uploads\/2024\/10\/hojicha-trends.avif 1892w\" sizes=\"(max-width: 1024px) 100vw, 1024px\" \/><\/figure>\n\n<figure class=\"wp-block-image size-large\"><img loading=\"lazy\" decoding=\"async\" width=\"1024\" height=\"412\" src=\"https:\/\/hojichawholesale.eu\/wp-content\/uploads\/2024\/10\/hojicha-trends-countries-1024x412.avif\" alt=\"\" class=\"wp-image-5459\" srcset=\"https:\/\/hojichawholesale.eu\/wp-content\/uploads\/2024\/10\/hojicha-trends-countries-1024x412.avif 1024w, https:\/\/hojichawholesale.eu\/wp-content\/uploads\/2024\/10\/hojicha-trends-countries-300x121.avif 300w, https:\/\/hojichawholesale.eu\/wp-content\/uploads\/2024\/10\/hojicha-trends-countries-768x309.avif 768w, https:\/\/hojichawholesale.eu\/wp-content\/uploads\/2024\/10\/hojicha-trends-countries-1536x618.avif 1536w, https:\/\/hojichawholesale.eu\/wp-content\/uploads\/2024\/10\/hojicha-trends-countries.avif 1873w\" sizes=\"(max-width: 1024px) 100vw, 1024px\" \/><\/figure>\n\n<h2 class=\"wp-block-heading\">6. <strong>Milj\u00f8vennlig og b\u00e6rekraftig<\/strong><\/h2>\n\n<p>V\u00e5r hojicha er hentet fra b\u00e6rekraftige tefarmer i Japan, hvor tradisjonelle steketeknikker g\u00e5r i arv gjennom generasjoner.  <\/p>\n\n<p>\u00c5 tilby hojicha viser kafeens forpliktelse til milj\u00f8vennlig praksis og b\u00e6rekraft, noe som blir stadig viktigere for forbrukerne. Du kan fremheve dette aspektet i markedsf\u00f8ringen din for \u00e5 appellere til milj\u00f8bevisste kunder. <\/p>\n\n<h2 class=\"wp-block-heading\">7. <strong>\u00d8ker kafeens estetikk<\/strong><\/h2>\n\n<p>I tillegg til sin gode smak, tilbyr hojicha ogs\u00e5 estetisk appell.  <\/p>\n\n<p>Den rike, ravbrune fargen og minimalistiske presentasjonen kan enkelt utfylle den visuelle stilen til kafeen din, enten du serverer den i moderne glass eller tradisjonelle japanske teserviser. Den visuelle appellen gj\u00f8r den Instagram-verdig, og bidrar til \u00e5 generere buzz og f\u00e5 inn flere kunder gjennom sosiale medier. <\/p>\n<div class=\"wp-block-image\">\n<figure class=\"aligncenter size-full is-resized\"><img loading=\"lazy\" decoding=\"async\" width=\"1000\" height=\"668\" src=\"https:\/\/hojichawholesale.eu\/wp-content\/uploads\/2024\/10\/Depositphotos_466456178_S-1.avif\" alt=\"\" class=\"wp-image-5450\" style=\"width:504px;height:auto\" srcset=\"https:\/\/hojichawholesale.eu\/wp-content\/uploads\/2024\/10\/Depositphotos_466456178_S-1.avif 1000w, https:\/\/hojichawholesale.eu\/wp-content\/uploads\/2024\/10\/Depositphotos_466456178_S-1-300x200.avif 300w, https:\/\/hojichawholesale.eu\/wp-content\/uploads\/2024\/10\/Depositphotos_466456178_S-1-768x513.avif 768w\" sizes=\"(max-width: 1000px) 100vw, 1000px\" \/><figcaption class=\"wp-element-caption\">Hojicha kake.  <\/figcaption><\/figure>\n<\/div>\n<h2 class=\"wp-block-heading\">8. <strong>Enkel \u00e5 integrere<\/strong><\/h2>\n\n<p>Det er enkelt \u00e5 inkludere hojicha i kaf\u00e9menyen din.  <\/p>\n\n<p>Den krever minimalt med forberedelser og kan lages med standard kaf\u00e9utstyr, enten du brygger en tradisjonell kopp te eller lager en hojicha latte.  <\/p>\n\n<p>Vi tilbyr engrosalternativer skreddersydd for behovene til kafeer, og sikrer at du har h\u00f8ykvalitets hojicha som er enkel \u00e5 lagre og bruke i ulike oppskrifter.<\/p>\n\n<h2 class=\"wp-block-heading\">9. Lett \u00e5 markedsf\u00f8re<\/h2>\n\n<p>Produktets natur gir deg et bredt spekter av vinkler \u00e5 bruke i markedsf\u00f8ringen din, fra en fancy japansk drink til en helsefremmende drikk.<\/p>\n\n<p>De lave produksjonskostnadene gir deg full kontroll over fortjenestemarginene dine.<\/p>\n\n<p>Ved \u00e5 tilby hojicha legger du ikke bare til en annen drikke p\u00e5 menyen din \u2013 du gir kundene dine en unik opplevelse.  <\/p>\n\n<p>Det er en te som appellerer til b\u00e5de den helsebevisste mengden og de som leter etter noe nytt.<\/p>\n\n<h2 class=\"wp-block-heading\">Be om en pr\u00f8ve<\/h2>\n\n<p>Nysgjerrig p\u00e5 de rike, brente smakene til v\u00e5r premium hojicha?  <\/p>\n\n<p>Bare fyll ut opplysningene dine nedenfor, s\u00e5 sender vi deg en pr\u00f8ve. Gi oss beskjed hvis du har spesifikke \u00f8nsker, s\u00e5 tilpasser vi gjerne tilbudet v\u00e5rt slik at det passer dine forretningsbehov. <\/p>\n<p><div class=\"forminator-ui forminator-custom-form forminator-custom-form-1365 forminator-design--flat  forminator_ajax\" data-forminator-render=\"0\" data-form=\"forminator-module-1365\" data-uid=\"69f5b9ab9aeb0\"><br\/><\/div><form\n\t\t\t\tid=\"forminator-module-1365\"\n\t\t\t\tclass=\"forminator-ui forminator-custom-form forminator-custom-form-1365 forminator-design--flat  forminator_ajax\"\n\t\t\t\tmethod=\"post\"\n\t\t\t\tdata-forminator-render=\"0\"\n\t\t\t\tdata-form-id=\"1365\"\n\t\t\t\t data-color-option=\"default\" data-design=\"flat\" data-grid=\"open\" style=\"display: none;\"\n\t\t\t\tdata-uid=\"69f5b9ab9aeb0\"\n\t\t\t><div role=\"alert\" aria-live=\"polite\" class=\"forminator-response-message forminator-error\" aria-hidden=\"true\"><\/div><div class=\"forminator-row\"><div id=\"name-1\" class=\"forminator-field-name forminator-col forminator-col-6 \"><div class=\"forminator-field\"><input type=\"text\" name=\"name-1\" value=\"\" placeholder=\"First Name\" id=\"forminator-field-name-1_69f5b9ab9aeb0\" class=\"forminator-input forminator-name--field\" aria-required=\"true\" autocomplete=\"name\" \/><\/div><\/div><div id=\"name-2\" class=\"forminator-field-name forminator-col forminator-col-6 \"><div class=\"forminator-field\"><input type=\"text\" name=\"name-2\" value=\"\" placeholder=\"Last Name\" id=\"forminator-field-name-2_69f5b9ab9aeb0\" class=\"forminator-input forminator-name--field\" aria-required=\"true\" autocomplete=\"name\" \/><\/div><\/div><\/div><div class=\"forminator-row\"><div id=\"email-1\" class=\"forminator-field-email forminator-col forminator-col-12 \"><div class=\"forminator-field\"><input type=\"email\" name=\"email-1\" value=\"\" placeholder=\"Email\" id=\"forminator-field-email-1_69f5b9ab9aeb0\" class=\"forminator-input forminator-email--field\" data-required=\"true\" aria-required=\"true\" autocomplete=\"email\" \/><\/div><\/div><\/div><div class=\"forminator-row\"><div id=\"phone-1\" class=\"forminator-field-phone forminator-col forminator-col-12 \"><div class=\"forminator-field\"><input type=\"text\" name=\"phone-1\" value=\"\" placeholder=\"Phone\" id=\"forminator-field-phone-1_69f5b9ab9aeb0\" class=\"forminator-input forminator-field--phone\" data-required=\"\" aria-required=\"false\" autocomplete=\"off\" \/><\/div><\/div><\/div><div class=\"forminator-row\"><div id=\"textarea-1\" class=\"forminator-field-textarea forminator-col forminator-col-12 \"><div class=\"forminator-field\"><textarea name=\"textarea-1\" placeholder=\"Message\" id=\"forminator-field-textarea-1_69f5b9ab9aeb0\" class=\"forminator-textarea\" rows=\"6\" style=\"--forminator-textarea-min-height:140px;\" ><\/textarea><span id=\"forminator-field-textarea-1_69f5b9ab9aeb0-description\" class=\"forminator-description\"><span data-limit=\"300\" data-type=\"words\" data-editor=\"\">0 \/ 300<\/span><\/span><\/div><\/div><\/div><div class=\"forminator-row\"><\/div><input type=\"hidden\" name=\"referer_url\" value=\"\" \/><div class=\"forminator-row forminator-row-last\"><div class=\"forminator-col\"><div class=\"forminator-field\"><button class=\"forminator-button forminator-button-submit\">Send<\/button><\/div><\/div><\/div><input type=\"hidden\" id=\"forminator_nonce\" name=\"forminator_nonce\" value=\"1657a128ec\" \/><input type=\"hidden\" name=\"_wp_http_referer\" value=\"\/no\/wp-json\/wp\/v2\/pages\/6478\" \/><input type=\"hidden\" name=\"form_id\" value=\"1365\"><input type=\"hidden\" name=\"page_id\" value=\"6478\"><input type=\"hidden\" name=\"form_type\" value=\"default\"><input type=\"hidden\" name=\"current_url\" value=\"https:\/\/hojichawholesale.eu\/no\/hojicha-for-kafeer\/\"><input type=\"hidden\" name=\"render_id\" value=\"0\"><input type=\"hidden\" name=\"action\" value=\"forminator_submit_form_custom-forms\"><label for=\"input_6\" class=\"forminator-hidden\" aria-hidden=\"true\">Please do not fill in this field. <input id=\"input_6\" type=\"text\" name=\"input_6\" value=\"\" autocomplete=\"off\"><\/label><\/form><\/p>\n\n<p><\/p>\n","protected":false},"excerpt":{"rendered":"<p>Hojicha for kafeer Hojicha, en stekt japansk gr\u00f8nn te, er det perfekte tillegget til drikkemenyen din. Ikke bare gir det en s\u00e6regen smak, men det utnytter ogs\u00e5 den \u00f8kende trenden med sunne og h\u00e5ndverksmessige drikker av h\u00f8y kvalitet. Her er grunnen til at \u00e5 introdusere hojicha til kafeen din vil hjelpe deg med \u00e5 skille [&hellip;]<\/p>\n","protected":false},"author":1,"featured_media":6484,"parent":0,"menu_order":0,"comment_status":"closed","ping_status":"closed","template":"","meta":{"_surecart_dashboard_logo_width":"180px","_surecart_dashboard_show_logo":true,"_surecart_dashboard_navigation_orders":true,"_surecart_dashboard_navigation_invoices":true,"_surecart_dashboard_navigation_subscriptions":true,"_surecart_dashboard_navigation_downloads":true,"_surecart_dashboard_navigation_billing":true,"_surecart_dashboard_navigation_account":true,"footnotes":""},"class_list":["post-6478","page","type-page","status-publish","has-post-thumbnail","hentry","entry","has-media"],"mb":[],"mfb_rest_fields":["title","gutenberg_elementor_mode"],"_links":{"self":[{"href":"https:\/\/hojichawholesale.eu\/no\/wp-json\/wp\/v2\/pages\/6478","targetHints":{"allow":["GET"]}}],"collection":[{"href":"https:\/\/hojichawholesale.eu\/no\/wp-json\/wp\/v2\/pages"}],"about":[{"href":"https:\/\/hojichawholesale.eu\/no\/wp-json\/wp\/v2\/types\/page"}],"author":[{"embeddable":true,"href":"https:\/\/hojichawholesale.eu\/no\/wp-json\/wp\/v2\/users\/1"}],"replies":[{"embeddable":true,"href":"https:\/\/hojichawholesale.eu\/no\/wp-json\/wp\/v2\/comments?post=6478"}],"version-history":[{"count":0,"href":"https:\/\/hojichawholesale.eu\/no\/wp-json\/wp\/v2\/pages\/6478\/revisions"}],"wp:featuredmedia":[{"embeddable":true,"href":"https:\/\/hojichawholesale.eu\/no\/wp-json\/wp\/v2\/media\/6484"}],"wp:attachment":[{"href":"https:\/\/hojichawholesale.eu\/no\/wp-json\/wp\/v2\/media?parent=6478"}],"curies":[{"name":"wp","href":"https:\/\/api.w.org\/{rel}","templated":true}]}}