{"id":6476,"date":"2024-08-24T19:47:32","date_gmt":"2024-08-24T19:47:32","guid":{"rendered":"https:\/\/hojichawholesale.eu\/om-hojicha-wholesale\/"},"modified":"2026-03-06T16:46:54","modified_gmt":"2026-03-06T16:46:54","slug":"om-hojicha-wholesale","status":"publish","type":"page","link":"https:\/\/hojichawholesale.eu\/no\/om-hojicha-wholesale\/","title":{"rendered":"Om Hojicha Wholesale"},"content":{"rendered":"\n<h1 class=\"wp-block-heading\">Om Hojicha Wholesale<\/h1>\n\n<p>Hojicha Wholesale er en europeisk grossist dedikert til japansk hojicha.<\/p>\n\n<p>V\u00e5rt oppdrag er \u00e5 tilby f\u00f8rsteklasses hojicha-te til merker og bedrifter i HARECA-bransjen. Vi importerer engrosvolum av premium hojicha fra v\u00e5re p\u00e5litelige leverand\u00f8rer i Japan og distribuerer det over hele det europeiske kontinentet til restauranter, hoteller, kafeer og uavhengige tesalonger. <\/p>\n\n<p>Vi tilbyr deg tre garantier:<\/p>\n\n<ol class=\"wp-block-list\">\n<li><strong>Lav MOQ:<\/strong> enten du er en etablert virksomhet med behov for hundrevis av poser eller en liten uavhengig kaf\u00e9 som nettopp har begynt, tilpasser Hojicha Wholesale seg til dine behov med samme servicekvalitet i bedriftsklasse.  <\/li>\n\n\n\n<li><strong>Respons og service<\/strong>: vi sender raskt og tilbyr et bredt spekter av fraktmetoder.  <\/li>\n\n\n\n<li><strong>Vennlig kundest\u00f8tte: <\/strong>vi er tilgjengelige 365 dager i \u00e5ret.  <\/li>\n<\/ol>\n\n<h2 class=\"wp-block-heading\"><strong>V\u00e5re produkter<\/strong><\/h2>\n\n<p>Vi tilbyr et n\u00f8ye kuratert utvalg av hojicha-varianter, hver hentet direkte fra de beste teprodusentene.  <\/p>\n\n<p>Finn produktene v\u00e5re direkte i <a href=\"https:\/\/hojichawholesale.eu\/no\/shop-surecart\/\" data-type=\"link\" data-id=\"https:\/\/hojichawholesale.eu\/shop\/\">katalogen<\/a> v\u00e5r.<\/p>\n\n<h2 class=\"wp-block-heading\"><strong>Hvorfor velge oss?<\/strong><\/h2>\n\n<ul class=\"wp-block-list\">\n<li><strong>Kvalitet f\u00f8rst:<\/strong> Vi leverer hojicha av h\u00f8yeste kvalitet. Hver batch er grundig testet for \u00e5 sikre konsistens og smak. <\/li>\n\n\n\n<li><strong>Direkte innkj\u00f8p:<\/strong> Vi jobber tett med v\u00e5re leverand\u00f8rer for \u00e5 gi deg hojicha som gjenspeiler den autentiske smaken av Japan.<\/li>\n\n\n\n<li><strong>Tilpassede l\u00f8sninger:<\/strong> Enten du driver en liten kaf\u00e9 eller en stor hotellkjede, tilbyr vi skreddersydde l\u00f8sninger for \u00e5 m\u00f8te dine spesifikke behov.  <\/li>\n\n\n\n<li><strong>P\u00e5litelig distribusjon:<\/strong> Vi er ideelt posisjonert for \u00e5 betjene kunder over hele det europeiske kontinentet. V\u00e5r logistikk sikrer rettidige leveranser, slik at du aldri g\u00e5r tom for lager. <\/li>\n<\/ul>\n\n<h2 class=\"wp-block-heading\">Hvor er vi basert?<\/h2>\n\n<p>Vi holder til i Belgia.<\/p>\n\n<h2 class=\"wp-block-heading\">Hva er din historie?<\/h2>\n\n<p>Hojicha Wholesale begynte da Aure, grunnleggeren, slet med \u00e5 finne en p\u00e5litelig leverand\u00f8r av hojicha til sin tebutikk <a href=\"https:\/\/senchatea.be\/\" target=\"_blank\" rel=\"noopener\">senchatea.be<\/a>.<\/p>\n\n<p>Hojicha er en av de viktigste trendene i den japanske teindustrien. Vi \u00f8nsker \u00e5 gj\u00f8re denne fantastiske og allsidige teen raskt tilgjengelig for kafeer, hoteller, restauranter og tebutikker over hele Europa uten at de trenger \u00e5 bestille store mengder.   <\/p>\n\n<h2 class=\"wp-block-heading\">Be om en pr\u00f8ve<\/h2>\n\n<p>Nysgjerrig p\u00e5 de rike, brente smakene til v\u00e5r premium hojicha?  <\/p>\n\n<p>Bare fyll ut opplysningene dine nedenfor, s\u00e5 sender vi deg en pr\u00f8ve. Gi oss beskjed hvis du har spesifikke \u00f8nsker, s\u00e5 tilpasser vi gjerne tilbudet v\u00e5rt slik at det passer dine forretningsbehov. <\/p>\n<div class=\"forminator-ui forminator-custom-form forminator-custom-form-1365 forminator-design--flat  forminator_ajax\" data-forminator-render=\"0\" data-form=\"forminator-module-1365\" data-uid=\"69dd00597392e\"><br\/><\/div><form\n\t\t\t\tid=\"forminator-module-1365\"\n\t\t\t\tclass=\"forminator-ui forminator-custom-form forminator-custom-form-1365 forminator-design--flat  forminator_ajax\"\n\t\t\t\tmethod=\"post\"\n\t\t\t\tdata-forminator-render=\"0\"\n\t\t\t\tdata-form-id=\"1365\"\n\t\t\t\t data-color-option=\"default\" data-design=\"flat\" data-grid=\"open\" style=\"display: none;\"\n\t\t\t\tdata-uid=\"69dd00597392e\"\n\t\t\t><div role=\"alert\" aria-live=\"polite\" class=\"forminator-response-message forminator-error\" aria-hidden=\"true\"><\/div><div class=\"forminator-row\"><div id=\"name-1\" class=\"forminator-field-name forminator-col forminator-col-6 \"><div class=\"forminator-field\"><input type=\"text\" name=\"name-1\" value=\"\" placeholder=\"First Name\" id=\"forminator-field-name-1_69dd00597392e\" class=\"forminator-input forminator-name--field\" aria-required=\"true\" autocomplete=\"name\" \/><\/div><\/div><div id=\"name-2\" class=\"forminator-field-name forminator-col forminator-col-6 \"><div class=\"forminator-field\"><input type=\"text\" name=\"name-2\" value=\"\" placeholder=\"Last Name\" id=\"forminator-field-name-2_69dd00597392e\" class=\"forminator-input forminator-name--field\" aria-required=\"true\" autocomplete=\"name\" \/><\/div><\/div><\/div><div class=\"forminator-row\"><div id=\"email-1\" class=\"forminator-field-email forminator-col forminator-col-12 \"><div class=\"forminator-field\"><input type=\"email\" name=\"email-1\" value=\"\" placeholder=\"Email\" id=\"forminator-field-email-1_69dd00597392e\" class=\"forminator-input forminator-email--field\" data-required=\"true\" aria-required=\"true\" autocomplete=\"email\" \/><\/div><\/div><\/div><div class=\"forminator-row\"><div id=\"phone-1\" class=\"forminator-field-phone forminator-col forminator-col-12 \"><div class=\"forminator-field\"><input type=\"text\" name=\"phone-1\" value=\"\" placeholder=\"Phone\" id=\"forminator-field-phone-1_69dd00597392e\" class=\"forminator-input forminator-field--phone\" data-required=\"\" aria-required=\"false\" autocomplete=\"off\" \/><\/div><\/div><\/div><div class=\"forminator-row\"><div id=\"textarea-1\" class=\"forminator-field-textarea forminator-col forminator-col-12 \"><div class=\"forminator-field\"><textarea name=\"textarea-1\" placeholder=\"Message\" id=\"forminator-field-textarea-1_69dd00597392e\" class=\"forminator-textarea\" rows=\"6\" style=\"min-height:140px;\" ><\/textarea><span id=\"forminator-field-textarea-1_69dd00597392e-description\" class=\"forminator-description\"><span data-limit=\"300\" data-type=\"words\" data-editor=\"\">0 \/ 300<\/span><\/span><\/div><\/div><\/div><div class=\"forminator-row\"><\/div><input type=\"hidden\" name=\"referer_url\" value=\"\" \/><div class=\"forminator-row forminator-row-last\"><div class=\"forminator-col\"><div class=\"forminator-field\"><button class=\"forminator-button forminator-button-submit\">Send<\/button><\/div><\/div><\/div><input type=\"hidden\" id=\"forminator_nonce\" name=\"forminator_nonce\" value=\"2edcb568ac\" \/><input type=\"hidden\" name=\"_wp_http_referer\" value=\"\/no\/wp-json\/wp\/v2\/pages\/6476\" \/><input type=\"hidden\" name=\"form_id\" value=\"1365\"><input type=\"hidden\" name=\"page_id\" value=\"6476\"><input type=\"hidden\" name=\"form_type\" value=\"default\"><input type=\"hidden\" name=\"current_url\" value=\"https:\/\/hojichawholesale.eu\/no\/om-hojicha-wholesale\/\"><input type=\"hidden\" name=\"render_id\" value=\"0\"><input type=\"hidden\" name=\"action\" value=\"forminator_submit_form_custom-forms\"><label for=\"input_6\" class=\"forminator-hidden\" aria-hidden=\"true\">Please do not fill in this field. <input id=\"input_6\" type=\"text\" name=\"input_6\" value=\"\" autocomplete=\"off\"><\/label><\/form>\n\n<p><\/p>\n","protected":false},"excerpt":{"rendered":"<p>Om Hojicha Wholesale Hojicha Wholesale er en europeisk grossist dedikert til japansk hojicha. V\u00e5rt oppdrag er \u00e5 tilby f\u00f8rsteklasses hojicha-te til merker og bedrifter i HARECA-bransjen. Vi importerer engrosvolum av premium hojicha fra v\u00e5re p\u00e5litelige leverand\u00f8rer i Japan og distribuerer det over hele det europeiske kontinentet til restauranter, hoteller, kafeer og uavhengige tesalonger. Vi tilbyr [&hellip;]<\/p>\n","protected":false},"author":1,"featured_media":0,"parent":0,"menu_order":0,"comment_status":"closed","ping_status":"closed","template":"","meta":{"_surecart_dashboard_logo_width":"180px","_surecart_dashboard_show_logo":true,"_surecart_dashboard_navigation_orders":true,"_surecart_dashboard_navigation_invoices":true,"_surecart_dashboard_navigation_subscriptions":true,"_surecart_dashboard_navigation_downloads":true,"_surecart_dashboard_navigation_billing":true,"_surecart_dashboard_navigation_account":true,"footnotes":""},"class_list":["post-6476","page","type-page","status-publish","hentry","entry"],"mb":[],"mfb_rest_fields":["title","gutenberg_elementor_mode"],"_links":{"self":[{"href":"https:\/\/hojichawholesale.eu\/no\/wp-json\/wp\/v2\/pages\/6476","targetHints":{"allow":["GET"]}}],"collection":[{"href":"https:\/\/hojichawholesale.eu\/no\/wp-json\/wp\/v2\/pages"}],"about":[{"href":"https:\/\/hojichawholesale.eu\/no\/wp-json\/wp\/v2\/types\/page"}],"author":[{"embeddable":true,"href":"https:\/\/hojichawholesale.eu\/no\/wp-json\/wp\/v2\/users\/1"}],"replies":[{"embeddable":true,"href":"https:\/\/hojichawholesale.eu\/no\/wp-json\/wp\/v2\/comments?post=6476"}],"version-history":[{"count":0,"href":"https:\/\/hojichawholesale.eu\/no\/wp-json\/wp\/v2\/pages\/6476\/revisions"}],"wp:attachment":[{"href":"https:\/\/hojichawholesale.eu\/no\/wp-json\/wp\/v2\/media?parent=6476"}],"curies":[{"name":"wp","href":"https:\/\/api.w.org\/{rel}","templated":true}]}}