{"id":8554,"date":"2024-12-11T21:40:39","date_gmt":"2024-12-11T21:40:39","guid":{"rendered":"https:\/\/hojichawholesale.eu\/balta-etikete-hojicha\/"},"modified":"2025-10-29T08:35:09","modified_gmt":"2025-10-29T08:35:09","slug":"balta-etikete-hojicha","status":"publish","type":"page","link":"https:\/\/hojichawholesale.eu\/lv\/balta-etikete-hojicha\/","title":{"rendered":"Balt\u0101 eti\u0137ete Hojicha"},"content":{"rendered":"\n<h1 class=\"wp-block-heading\">Balt\u0101 eti\u0137ete Hojicha<\/h1>\n\n<p>Vai v\u0113laties izveidot savu hojicha z\u012bmolu?<\/p>\n\n<p>M\u0113s esam padar\u012bju\u0161i jums viegli pied\u0101v\u0101t augst\u0101k\u0101s kvalit\u0101tes hojicha, kas tie\u0161i ieg\u016bta no m\u016bsu partneriem Jap\u0101n\u0101 ar j\u016bsu pa\u0161u eti\u0137eti.<\/p>\n<div class=\"wp-block-image\">\n<figure class=\"aligncenter size-full is-resized\"><img fetchpriority=\"high\" decoding=\"async\" width=\"1000\" height=\"1000\" src=\"https:\/\/hojichawholesale.eu\/wp-content\/uploads\/2025\/10\/white-label.webp\" alt=\"\" class=\"wp-image-9158\" style=\"width:379px;height:auto\" srcset=\"https:\/\/hojichawholesale.eu\/wp-content\/uploads\/2025\/10\/white-label.webp 1000w, https:\/\/hojichawholesale.eu\/wp-content\/uploads\/2025\/10\/white-label-300x300.webp 300w, https:\/\/hojichawholesale.eu\/wp-content\/uploads\/2025\/10\/white-label-150x150.webp 150w, https:\/\/hojichawholesale.eu\/wp-content\/uploads\/2025\/10\/white-label-768x768.webp 768w, https:\/\/hojichawholesale.eu\/wp-content\/uploads\/2025\/10\/white-label-600x600.webp 600w\" sizes=\"(max-width: 1000px) 100vw, 1000px\" \/><\/figure>\n<\/div>\n<h2 class=\"wp-block-heading\"><strong>K\u0101p\u0113c balt\u0101 eti\u0137ete j\u016bsu hojicha?<\/strong><\/h2>\n\n<ul class=\"wp-block-list\">\n<li><strong>Augst\u0101k\u0101 kvalit\u0101te:<\/strong> M\u016bsu hojicha ir prasm\u012bgi ieg\u016bta no izv\u0113l\u0113tiem t\u0113jas laukiem Jap\u0101n\u0101. Lapas ir maigi grauzd\u0113tas, lai ieg\u016btu gludu, riekstu un nedaudz saldu gar\u0161u, kas ir gan mierino\u0161a, gan sare\u017e\u0123\u012bta. <\/li>\n\n\n\n<li><strong>R\u016bpn\u012bc\u0101 nosl\u0113gts un izskalots ar sl\u0101pekli:<\/strong> Katrs maisi\u0146\u0161 ir iepakots Jap\u0101n\u0101, lai saglab\u0101tu svaigumu, arom\u0101tu un gar\u0161u. Sl\u0101pek\u013ca skalo\u0161ana nodro\u0161ina, ka j\u016bsu produkts non\u0101k ar optim\u0101lu gar\u0161u, un nosl\u0113gti maisi\u0146i aizsarg\u0101 t\u0113ju no mitruma un gaismas. <\/li>\n\n\n\n<li><strong>Bez z\u012bmola, gatavs j\u016bsu eti\u0137etei:<\/strong> M\u0113s pieg\u0101d\u0101jam katru maisu bez z\u012bmola, dodot jums tuk\u0161u audeklu. Vienk\u0101r\u0161i piestipriniet savu eti\u0137eti vai iepakojuma elementus un s\u0101ciet tirgot t\u0113ju ar savu v\u0101rdu. <\/li>\n<\/ul>\n\n<h2 class=\"wp-block-heading\"><strong>Balt\u0101s eti\u0137etes process: soli pa solim<\/strong><\/h2>\n\n<ol class=\"wp-block-list\">\n<li><strong>Izv\u0113lieties savu daudzumu:<\/strong> Izv\u0113lieties k\u0101du no m\u016bsu elast\u012bgaj\u0101m pas\u016bt\u012b\u0161anas iesp\u0113j\u0101m. Neatkar\u012bgi no t\u0101, vai j\u016bs tikko s\u0101kat vai palielin\u0101siet, mums ir liels izm\u0113rs, kas atbilst j\u016bsu vajadz\u012bb\u0101m. <\/li>\n\n\n\n<li><strong>Izv\u0113lieties iepakojumu:<\/strong> Doypacks vai sk\u0101rda k\u0101rbas, tuk\u0161as vai druk\u0101tas, mar\u0137\u0113tas vai nemar\u0137\u0113tas, mums ir virkne elast\u012bgu iesp\u0113ju, lai nodro\u0161in\u0101tu, ka j\u016bs j\u016btaties labi par savu z\u012bmolu un produktu.<\/li>\n\n\n\n<li><strong>S\u0101ciet p\u0101rdot:<\/strong> Ar savu z\u012bmolu j\u016bs esat gatavs prezent\u0113t saviem klientiem augst\u0101k\u0101s klases priv\u0101t\u0101s eti\u0137etes hojicha, padarot to unik\u0101li j\u016bsu.<\/li>\n<\/ol>\n\n<h2 class=\"wp-block-heading\"><strong>K\u0101p\u0113c sadarboties ar Hojicha vairumtirdzniec\u012bbu?<\/strong><\/h2>\n\n<ul class=\"wp-block-list\">\n<li><strong>Ekspertu avoti:<\/strong> M\u0113s esam izveidoju\u0161i sp\u0113c\u012bgas partnerattiec\u012bbas ar pieredz\u0113ju\u0161iem t\u0113jas audz\u0113t\u0101jiem un ra\u017eot\u0101jiem Jap\u0101n\u0101, nodro\u0161inot nemain\u012bgu kvalit\u0101ti un pieg\u0101di.<\/li>\n\n\n\n<li><strong>Vienk\u0101r\u0161a integr\u0101cija:<\/strong> M\u016bsu balt\u0101s eti\u0137etes risin\u0101jumi ir izstr\u0101d\u0101ti, dom\u0101jot par vienk\u0101r\u0161\u012bbu. Nav sare\u017e\u0123\u012btu procesu &#8211; vienk\u0101r\u0161i pievienojiet sava z\u012bmola elementus un s\u0101ciet p\u0101rdot. <\/li>\n\n\n\n<li><strong>\u012apa\u0161s atbalsts:<\/strong> M\u016bsu klientu apkalpo\u0161anas komanda ir \u0161eit, lai pal\u012bdz\u0113tu jums katr\u0101 sol\u012b, s\u0101kot no s\u0101kotn\u0113j\u0101 pas\u016bt\u012bjuma piepras\u012bjuma l\u012bdz p\u0113cp\u0101rdo\u0161anas atbalstam.<\/li>\n<\/ul>\n\n<h2 class=\"wp-block-heading\"><strong>Vai esat gatavs s\u0101kt darbu?<\/strong><\/h2>\n\n<p>Sazinieties ar mums \u0161odien, lai piepras\u012btu pied\u0101v\u0101jumu, uzzin\u0101tu vair\u0101k par m\u016bsu cenu l\u012bme\u0146iem un s\u0101ktu balt\u0101s eti\u0137etes procesu. M\u0113s labpr\u0101t pal\u012bdz\u0113sim jums s\u0101kt! <\/p>\n<div class=\"forminator-ui forminator-custom-form forminator-custom-form-1365 forminator-design--flat  forminator_ajax\" data-forminator-render=\"0\" data-form=\"forminator-module-1365\" data-uid=\"69d442625ad52\"><br\/><\/div><form\n\t\t\t\tid=\"forminator-module-1365\"\n\t\t\t\tclass=\"forminator-ui forminator-custom-form forminator-custom-form-1365 forminator-design--flat  forminator_ajax\"\n\t\t\t\tmethod=\"post\"\n\t\t\t\tdata-forminator-render=\"0\"\n\t\t\t\tdata-form-id=\"1365\"\n\t\t\t\t data-color-option=\"default\" data-design=\"flat\" data-grid=\"open\" style=\"display: none;\"\n\t\t\t\tdata-uid=\"69d442625ad52\"\n\t\t\t><div role=\"alert\" aria-live=\"polite\" class=\"forminator-response-message forminator-error\" aria-hidden=\"true\"><\/div><div class=\"forminator-row\"><div id=\"name-1\" class=\"forminator-field-name forminator-col forminator-col-6 \"><div class=\"forminator-field\"><input type=\"text\" name=\"name-1\" value=\"\" placeholder=\"First Name\" id=\"forminator-field-name-1_69d442625ad52\" class=\"forminator-input forminator-name--field\" aria-required=\"true\" autocomplete=\"name\" \/><\/div><\/div><div id=\"name-2\" class=\"forminator-field-name forminator-col forminator-col-6 \"><div class=\"forminator-field\"><input type=\"text\" name=\"name-2\" value=\"\" placeholder=\"Last Name\" id=\"forminator-field-name-2_69d442625ad52\" class=\"forminator-input forminator-name--field\" aria-required=\"true\" autocomplete=\"name\" \/><\/div><\/div><\/div><div class=\"forminator-row\"><div id=\"email-1\" class=\"forminator-field-email forminator-col forminator-col-12 \"><div class=\"forminator-field\"><input type=\"email\" name=\"email-1\" value=\"\" placeholder=\"Email\" id=\"forminator-field-email-1_69d442625ad52\" class=\"forminator-input forminator-email--field\" data-required=\"true\" aria-required=\"true\" autocomplete=\"email\" \/><\/div><\/div><\/div><div class=\"forminator-row\"><div id=\"phone-1\" class=\"forminator-field-phone forminator-col forminator-col-12 \"><div class=\"forminator-field\"><input type=\"text\" name=\"phone-1\" value=\"\" placeholder=\"Phone\" id=\"forminator-field-phone-1_69d442625ad52\" class=\"forminator-input forminator-field--phone\" data-required=\"\" aria-required=\"false\" autocomplete=\"off\" \/><\/div><\/div><\/div><div class=\"forminator-row\"><div id=\"textarea-1\" class=\"forminator-field-textarea forminator-col forminator-col-12 \"><div class=\"forminator-field\"><textarea name=\"textarea-1\" placeholder=\"Message\" id=\"forminator-field-textarea-1_69d442625ad52\" class=\"forminator-textarea\" rows=\"6\" style=\"min-height:140px;\" ><\/textarea><span id=\"forminator-field-textarea-1_69d442625ad52-description\" class=\"forminator-description\"><span data-limit=\"300\" data-type=\"words\" data-editor=\"\">0 \/ 300<\/span><\/span><\/div><\/div><\/div><div class=\"forminator-row\"><\/div><input type=\"hidden\" name=\"referer_url\" value=\"\" \/><div class=\"forminator-row forminator-row-last\"><div class=\"forminator-col\"><div class=\"forminator-field\"><button class=\"forminator-button forminator-button-submit\">Send<\/button><\/div><\/div><\/div><input type=\"hidden\" id=\"forminator_nonce\" name=\"forminator_nonce\" value=\"8ad7e0b691\" \/><input type=\"hidden\" name=\"_wp_http_referer\" value=\"\/lv\/wp-json\/wp\/v2\/pages\/8554\" \/><input type=\"hidden\" name=\"form_id\" value=\"1365\"><input type=\"hidden\" name=\"page_id\" value=\"8554\"><input type=\"hidden\" name=\"form_type\" value=\"default\"><input type=\"hidden\" name=\"current_url\" value=\"https:\/\/hojichawholesale.eu\/lv\/balta-etikete-hojicha\/\"><input type=\"hidden\" name=\"render_id\" value=\"0\"><input type=\"hidden\" name=\"action\" value=\"forminator_submit_form_custom-forms\"><label for=\"input_6\" class=\"forminator-hidden\" aria-hidden=\"true\">Please do not fill in this field. <input id=\"input_6\" type=\"text\" name=\"input_6\" value=\"\" autocomplete=\"off\"><\/label><\/form>\n","protected":false},"excerpt":{"rendered":"<p>Balt\u0101 eti\u0137ete Hojicha Vai v\u0113laties izveidot savu hojicha z\u012bmolu? M\u0113s esam padar\u012bju\u0161i jums viegli pied\u0101v\u0101t augst\u0101k\u0101s kvalit\u0101tes hojicha, kas tie\u0161i ieg\u016bta no m\u016bsu partneriem Jap\u0101n\u0101 ar j\u016bsu pa\u0161u eti\u0137eti. K\u0101p\u0113c balt\u0101 eti\u0137ete j\u016bsu hojicha? Balt\u0101s eti\u0137etes process: soli pa solim K\u0101p\u0113c sadarboties ar Hojicha vairumtirdzniec\u012bbu? Vai esat gatavs s\u0101kt darbu? Sazinieties ar mums \u0161odien, lai [&hellip;]<\/p>\n","protected":false},"author":1,"featured_media":8556,"parent":0,"menu_order":0,"comment_status":"closed","ping_status":"closed","template":"","meta":{"_surecart_dashboard_logo_width":"180px","_surecart_dashboard_show_logo":true,"_surecart_dashboard_navigation_orders":true,"_surecart_dashboard_navigation_invoices":true,"_surecart_dashboard_navigation_subscriptions":true,"_surecart_dashboard_navigation_downloads":true,"_surecart_dashboard_navigation_billing":true,"_surecart_dashboard_navigation_account":true,"footnotes":""},"class_list":["post-8554","page","type-page","status-publish","has-post-thumbnail","hentry","entry","has-media"],"mb":[],"mfb_rest_fields":["title","gutenberg_elementor_mode"],"_links":{"self":[{"href":"https:\/\/hojichawholesale.eu\/lv\/wp-json\/wp\/v2\/pages\/8554","targetHints":{"allow":["GET"]}}],"collection":[{"href":"https:\/\/hojichawholesale.eu\/lv\/wp-json\/wp\/v2\/pages"}],"about":[{"href":"https:\/\/hojichawholesale.eu\/lv\/wp-json\/wp\/v2\/types\/page"}],"author":[{"embeddable":true,"href":"https:\/\/hojichawholesale.eu\/lv\/wp-json\/wp\/v2\/users\/1"}],"replies":[{"embeddable":true,"href":"https:\/\/hojichawholesale.eu\/lv\/wp-json\/wp\/v2\/comments?post=8554"}],"version-history":[{"count":0,"href":"https:\/\/hojichawholesale.eu\/lv\/wp-json\/wp\/v2\/pages\/8554\/revisions"}],"wp:featuredmedia":[{"embeddable":true,"href":"https:\/\/hojichawholesale.eu\/lv\/wp-json\/wp\/v2\/media\/8556"}],"wp:attachment":[{"href":"https:\/\/hojichawholesale.eu\/lv\/wp-json\/wp\/v2\/media?parent=8554"}],"curies":[{"name":"wp","href":"https:\/\/api.w.org\/{rel}","templated":true}]}}