{"id":8547,"date":"2024-10-12T16:25:13","date_gmt":"2024-10-12T16:25:13","guid":{"rendered":"https:\/\/hojichawholesale.eu\/hojicha-pulveris-latte-vairumtirdznieciba\/"},"modified":"2025-12-10T18:55:52","modified_gmt":"2025-12-10T18:55:52","slug":"hojicha-pulveris-latte-vairumtirdznieciba","status":"publish","type":"page","link":"https:\/\/hojichawholesale.eu\/lv\/hojicha-pulveris-latte-vairumtirdznieciba\/","title":{"rendered":"Hojicha pulveris Latte (vairumtirdzniec\u012bba)"},"content":{"rendered":"\n<h1 class=\"wp-block-heading\">Hojicha pulveris Latte (vairumtirdzniec\u012bba)<\/h1>\n\n<p>M\u016bsu <strong>Hojicha Powder Latte<\/strong> ir izgatavots no hojicha pulvera, niedru cukura un gu\u0101ra sve\u0137iem, lai ieg\u016btu perfekti sabalans\u0113tu un gar\u0161\u012bgu dz\u0113rienu. To var sajaukt ar pienu vai piena alternat\u012bv\u0101m. <\/p>\n<div class=\"wp-block-image\">\n<figure class=\"aligncenter size-full is-resized\"><img fetchpriority=\"high\" decoding=\"async\" width=\"1000\" height=\"1000\" src=\"https:\/\/hojichawholesale.eu\/wp-content\/uploads\/2025\/01\/hojicha-latte-both.webp\" alt=\"Hojicha latte pulvera sal&#x12B;dzin&#x101;jums VS hojicha latte pulveris.\" class=\"wp-image-7510\" style=\"width:310px;height:auto\" srcset=\"https:\/\/hojichawholesale.eu\/wp-content\/uploads\/2025\/01\/hojicha-latte-both.webp 1000w, https:\/\/hojichawholesale.eu\/wp-content\/uploads\/2025\/01\/hojicha-latte-both-300x300.webp 300w, https:\/\/hojichawholesale.eu\/wp-content\/uploads\/2025\/01\/hojicha-latte-both-150x150.webp 150w, https:\/\/hojichawholesale.eu\/wp-content\/uploads\/2025\/01\/hojicha-latte-both-768x768.webp 768w, https:\/\/hojichawholesale.eu\/wp-content\/uploads\/2025\/01\/hojicha-latte-both-600x600.webp 600w\" sizes=\"(max-width: 1000px) 100vw, 1000px\" \/><\/figure>\n<\/div>\n<hr class=\"wp-block-separator has-alpha-channel-opacity\"\/>\n\n<h2 class=\"wp-block-heading\">Produkta priek\u0161roc\u012bbas<\/h2>\n\n<ul class=\"wp-block-list\">\n<li><strong>Tips<\/strong>: Instant Hojicha Latte Mix<\/li>\n\n\n\n<li><strong>Sast\u0101vda\u013cas<\/strong>: Hojicha pulveris, niedru cukurs, gu\u0101ras sve\u0137i.<\/li>\n\n\n\n<li><strong>Iepakojums<\/strong>: Atk\u0101rtoti nosl\u0113dzams st\u0101vmaisi\u0146\u0161 (Doypack) svaigumam.<\/li>\n\n\n\n<li><strong>Porcijas lielums<\/strong>: aptuveni 8 porcijas iepakojum\u0101. <\/li>\n\n\n\n<li><strong>Gar\u0161as profils<\/strong>: Gluds, rieksts, viegli salds ar grauzd\u0113tu apdari.<\/li>\n\n\n\n<li><strong>Kofe\u012bns<\/strong>: Zems<\/li>\n\n\n\n<li><strong>Pagatavo\u0161ana: Vienk\u0101r\u0161i<\/strong> pievienojiet \u016bdeni vai pienu, lai ieg\u016btu \u0101tru, gar\u0161\u012bgu hojicha latte.<\/li>\n\n\n\n<li><strong>Svars<\/strong>: Pieejams 1 kg maisos. P\u0101rpako\u0161ana pieejama p\u0113c j\u016bsu piepras\u012bjuma.   <\/li>\n<\/ul>\n\n<hr class=\"wp-block-separator has-alpha-channel-opacity\"\/>\n\n<h2 class=\"wp-block-heading\">Inform\u0101cija par vairumtirdzniec\u012bbu<\/h2>\n\n<ul class=\"wp-block-list\">\n<li><strong>Minim\u0101lais pas\u016bt\u012bjuma daudzums (MOQ):<\/strong> 600 grami (5 x 120g doypacks).<\/li>\n\n\n\n<li><strong>Lielapjoma cenas<\/strong>: Sazinieties ar mums, lai sa\u0146emtu \u012bpa\u0161as cenas, pamatojoties uz pas\u016bt\u012bjuma apjomu.<\/li>\n\n\n\n<li><strong>Uzglab\u0101\u0161ana<\/strong>: Uzglab\u0101t v\u0113s\u0101, saus\u0101 viet\u0101, lai saglab\u0101tu svaigumu.<\/li>\n\n\n\n<li><strong>Der\u012bguma termi\u0146\u0161<\/strong>: Hojicha var uzglab\u0101t l\u012bdz diviem gadiem neatv\u0113rtu un uzglab\u0101t 5\u00b0C \u2013 10\u00b0C temperat\u016br\u0101.<\/li>\n\n\n\n<li><strong>Pieg\u0101de<\/strong>: M\u0113s pieg\u0101d\u0101jam Eiropas kontinent\u0101 ar elast\u012bg\u0101m pieg\u0101des iesp\u0113j\u0101m, ieskaitot ekspress pieg\u0101di steidzamiem pas\u016bt\u012bjumiem.<\/li>\n<\/ul>\n\n<div class=\"wp-block-columns is-layout-flex wp-container-core-columns-is-layout-28f84493 wp-block-columns-is-layout-flex\">\n<div class=\"wp-block-column is-layout-flow wp-block-column-is-layout-flow\"><div class=\"wp-block-image\">\n<figure class=\"aligncenter size-full is-resized\"><img decoding=\"async\" width=\"1000\" height=\"1000\" src=\"https:\/\/hojichawholesale.eu\/wp-content\/uploads\/2025\/01\/hojicha-latte-powder.webp\" alt=\"\" class=\"wp-image-7534\" style=\"width:314px;height:auto\" srcset=\"https:\/\/hojichawholesale.eu\/wp-content\/uploads\/2025\/01\/hojicha-latte-powder.webp 1000w, https:\/\/hojichawholesale.eu\/wp-content\/uploads\/2025\/01\/hojicha-latte-powder-300x300.webp 300w, https:\/\/hojichawholesale.eu\/wp-content\/uploads\/2025\/01\/hojicha-latte-powder-150x150.webp 150w, https:\/\/hojichawholesale.eu\/wp-content\/uploads\/2025\/01\/hojicha-latte-powder-768x768.webp 768w, https:\/\/hojichawholesale.eu\/wp-content\/uploads\/2025\/01\/hojicha-latte-powder-600x600.webp 600w\" sizes=\"(max-width: 1000px) 100vw, 1000px\" \/><\/figure>\n<\/div><\/div>\n\n\n\n<div class=\"wp-block-column is-layout-flow wp-block-column-is-layout-flow\"><div class=\"wp-block-image\">\n<figure class=\"aligncenter size-large is-resized\"><img decoding=\"async\" width=\"1024\" height=\"1024\" src=\"https:\/\/hojichawholesale.eu\/wp-content\/uploads\/2025\/01\/hojicha-latte-infused-1024x1024.webp\" alt=\"\" class=\"wp-image-7522\" style=\"width:325px;height:auto\" srcset=\"https:\/\/hojichawholesale.eu\/wp-content\/uploads\/2025\/01\/hojicha-latte-infused-1024x1024.webp 1024w, https:\/\/hojichawholesale.eu\/wp-content\/uploads\/2025\/01\/hojicha-latte-infused-300x300.webp 300w, https:\/\/hojichawholesale.eu\/wp-content\/uploads\/2025\/01\/hojicha-latte-infused-150x150.webp 150w, https:\/\/hojichawholesale.eu\/wp-content\/uploads\/2025\/01\/hojicha-latte-infused-768x768.webp 768w, https:\/\/hojichawholesale.eu\/wp-content\/uploads\/2025\/01\/hojicha-latte-infused-1536x1536.webp 1536w, https:\/\/hojichawholesale.eu\/wp-content\/uploads\/2025\/01\/hojicha-latte-infused-600x600.webp 600w, https:\/\/hojichawholesale.eu\/wp-content\/uploads\/2025\/01\/hojicha-latte-infused.webp 2000w\" sizes=\"(max-width: 1024px) 100vw, 1024px\" \/><\/figure>\n<\/div><\/div>\n<\/div>\n\n<hr class=\"wp-block-separator has-alpha-channel-opacity\"\/>\n\n<h2 class=\"wp-block-heading\">K\u0101 sagatavoties<\/h2>\n\n<ol class=\"wp-block-list\">\n<li><strong>Pievienojiet 15 g<\/strong> Hojicha Powder Latte mais\u012bjuma.<\/li>\n\n\n\n<li><strong>Pievieno 500 ml<\/strong> karsta \u016bdens vai piena (vai piena alternat\u012bvu).<\/li>\n\n\n\n<li>Labi samaisiet un uzreiz izbaudiet kr\u0113m\u012bgu, gar\u0161\u012bgu hojicha latte.<\/li>\n<\/ol>\n\n<hr class=\"wp-block-separator has-alpha-channel-opacity\"\/>\n\n<h2 class=\"wp-block-heading\">Ide\u0101li piem\u0113rots<\/h2>\n\n<ul class=\"wp-block-list\">\n<li>Kafejn\u012bcas un t\u0113jas veikali, kas mekl\u0113 \u0101tru un viegli pagatavojamu hojicha latte iesp\u0113ju klientiem.<\/li>\n\n\n\n<li>Restor\u0101ni un viesn\u012bcas, kas v\u0113las pied\u0101v\u0101t gar\u0161\u012bgu gremo\u0161anas pal\u012bgl\u012bdzekli.  <\/li>\n\n\n\n<li>Mazumtirdzniec\u012bbas veikali, kas pied\u0101v\u0101 augst\u0101k\u0101s kvalit\u0101tes t\u0113jas produktus un \u0161\u0137\u012bsto\u0161o dz\u0113rienu mais\u012bjumus.<\/li>\n<\/ul>\n\n<h2 class=\"wp-block-heading\">Pieprasiet paraugu \u0161odien<\/h2>\n\n<p>Vai v\u0113laties uzzin\u0101t bag\u0101t\u012bg\u0101s, grauzd\u0113t\u0101s gar\u0161as m\u016bsu augst\u0101k\u0101s kvalit\u0101tes hojicha?  <\/p>\n\n<p>Vienk\u0101r\u0161i aizpildiet savu inform\u0101ciju zem\u0101k, un m\u0113s nos\u016bt\u012bsim jums paraugu. Inform\u0113jiet m\u016bs, ja jums ir konkr\u0113ti piepras\u012bjumi, un m\u0113s labpr\u0101t piel\u0101gosim m\u016bsu pied\u0101v\u0101jumu j\u016bsu biznesa vajadz\u012bb\u0101m. <\/p>\n<div class=\"forminator-ui forminator-custom-form forminator-custom-form-1365 forminator-design--flat  forminator_ajax\" data-forminator-render=\"0\" data-form=\"forminator-module-1365\" data-uid=\"69d49444cd378\"><br\/><\/div><form\n\t\t\t\tid=\"forminator-module-1365\"\n\t\t\t\tclass=\"forminator-ui forminator-custom-form forminator-custom-form-1365 forminator-design--flat  forminator_ajax\"\n\t\t\t\tmethod=\"post\"\n\t\t\t\tdata-forminator-render=\"0\"\n\t\t\t\tdata-form-id=\"1365\"\n\t\t\t\t data-color-option=\"default\" data-design=\"flat\" data-grid=\"open\" style=\"display: none;\"\n\t\t\t\tdata-uid=\"69d49444cd378\"\n\t\t\t><div role=\"alert\" aria-live=\"polite\" class=\"forminator-response-message forminator-error\" aria-hidden=\"true\"><\/div><div class=\"forminator-row\"><div id=\"name-1\" class=\"forminator-field-name forminator-col forminator-col-6 \"><div class=\"forminator-field\"><input type=\"text\" name=\"name-1\" value=\"\" placeholder=\"First Name\" id=\"forminator-field-name-1_69d49444cd378\" class=\"forminator-input forminator-name--field\" aria-required=\"true\" autocomplete=\"name\" \/><\/div><\/div><div id=\"name-2\" class=\"forminator-field-name forminator-col forminator-col-6 \"><div class=\"forminator-field\"><input type=\"text\" name=\"name-2\" value=\"\" placeholder=\"Last Name\" id=\"forminator-field-name-2_69d49444cd378\" class=\"forminator-input forminator-name--field\" aria-required=\"true\" autocomplete=\"name\" \/><\/div><\/div><\/div><div class=\"forminator-row\"><div id=\"email-1\" class=\"forminator-field-email forminator-col forminator-col-12 \"><div class=\"forminator-field\"><input type=\"email\" name=\"email-1\" value=\"\" placeholder=\"Email\" id=\"forminator-field-email-1_69d49444cd378\" class=\"forminator-input forminator-email--field\" data-required=\"true\" aria-required=\"true\" autocomplete=\"email\" \/><\/div><\/div><\/div><div class=\"forminator-row\"><div id=\"phone-1\" class=\"forminator-field-phone forminator-col forminator-col-12 \"><div class=\"forminator-field\"><input type=\"text\" name=\"phone-1\" value=\"\" placeholder=\"Phone\" id=\"forminator-field-phone-1_69d49444cd378\" class=\"forminator-input forminator-field--phone\" data-required=\"\" aria-required=\"false\" autocomplete=\"off\" \/><\/div><\/div><\/div><div class=\"forminator-row\"><div id=\"textarea-1\" class=\"forminator-field-textarea forminator-col forminator-col-12 \"><div class=\"forminator-field\"><textarea name=\"textarea-1\" placeholder=\"Message\" id=\"forminator-field-textarea-1_69d49444cd378\" class=\"forminator-textarea\" rows=\"6\" style=\"min-height:140px;\" ><\/textarea><span id=\"forminator-field-textarea-1_69d49444cd378-description\" class=\"forminator-description\"><span data-limit=\"300\" data-type=\"words\" data-editor=\"\">0 \/ 300<\/span><\/span><\/div><\/div><\/div><div class=\"forminator-row\"><\/div><input type=\"hidden\" name=\"referer_url\" value=\"\" \/><div class=\"forminator-row forminator-row-last\"><div class=\"forminator-col\"><div class=\"forminator-field\"><button class=\"forminator-button forminator-button-submit\">Send<\/button><\/div><\/div><\/div><input type=\"hidden\" id=\"forminator_nonce\" name=\"forminator_nonce\" value=\"0b51ba8eba\" \/><input type=\"hidden\" name=\"_wp_http_referer\" value=\"\/lv\/wp-json\/wp\/v2\/pages\/8547\" \/><input type=\"hidden\" name=\"form_id\" value=\"1365\"><input type=\"hidden\" name=\"page_id\" value=\"8547\"><input type=\"hidden\" name=\"form_type\" value=\"default\"><input type=\"hidden\" name=\"current_url\" value=\"https:\/\/hojichawholesale.eu\/lv\/hojicha-pulveris-latte-vairumtirdznieciba\/\"><input type=\"hidden\" name=\"render_id\" value=\"0\"><input type=\"hidden\" name=\"action\" value=\"forminator_submit_form_custom-forms\"><label for=\"input_6\" class=\"forminator-hidden\" aria-hidden=\"true\">Please do not fill in this field. <input id=\"input_6\" type=\"text\" name=\"input_6\" value=\"\" autocomplete=\"off\"><\/label><\/form>\n","protected":false},"excerpt":{"rendered":"<p>Hojicha pulveris Latte (vairumtirdzniec\u012bba) M\u016bsu Hojicha Powder Latte ir izgatavots no hojicha pulvera, niedru cukura un gu\u0101ra sve\u0137iem, lai ieg\u016btu perfekti sabalans\u0113tu un gar\u0161\u012bgu dz\u0113rienu. To var sajaukt ar pienu vai piena alternat\u012bv\u0101m. Produkta priek\u0161roc\u012bbas Inform\u0101cija par vairumtirdzniec\u012bbu K\u0101 sagatavoties Ide\u0101li piem\u0113rots Pieprasiet paraugu \u0161odien Vai v\u0113laties uzzin\u0101t bag\u0101t\u012bg\u0101s, grauzd\u0113t\u0101s gar\u0161as m\u016bsu augst\u0101k\u0101s kvalit\u0101tes hojicha? [&hellip;]<\/p>\n","protected":false},"author":1,"featured_media":8550,"parent":0,"menu_order":0,"comment_status":"closed","ping_status":"closed","template":"","meta":{"_surecart_dashboard_logo_width":"180px","_surecart_dashboard_show_logo":true,"_surecart_dashboard_navigation_orders":true,"_surecart_dashboard_navigation_invoices":true,"_surecart_dashboard_navigation_subscriptions":true,"_surecart_dashboard_navigation_downloads":true,"_surecart_dashboard_navigation_billing":true,"_surecart_dashboard_navigation_account":true,"footnotes":""},"class_list":["post-8547","page","type-page","status-publish","has-post-thumbnail","hentry","entry","has-media"],"mb":[],"mfb_rest_fields":["title","gutenberg_elementor_mode"],"_links":{"self":[{"href":"https:\/\/hojichawholesale.eu\/lv\/wp-json\/wp\/v2\/pages\/8547","targetHints":{"allow":["GET"]}}],"collection":[{"href":"https:\/\/hojichawholesale.eu\/lv\/wp-json\/wp\/v2\/pages"}],"about":[{"href":"https:\/\/hojichawholesale.eu\/lv\/wp-json\/wp\/v2\/types\/page"}],"author":[{"embeddable":true,"href":"https:\/\/hojichawholesale.eu\/lv\/wp-json\/wp\/v2\/users\/1"}],"replies":[{"embeddable":true,"href":"https:\/\/hojichawholesale.eu\/lv\/wp-json\/wp\/v2\/comments?post=8547"}],"version-history":[{"count":0,"href":"https:\/\/hojichawholesale.eu\/lv\/wp-json\/wp\/v2\/pages\/8547\/revisions"}],"wp:featuredmedia":[{"embeddable":true,"href":"https:\/\/hojichawholesale.eu\/lv\/wp-json\/wp\/v2\/media\/8550"}],"wp:attachment":[{"href":"https:\/\/hojichawholesale.eu\/lv\/wp-json\/wp\/v2\/media?parent=8547"}],"curies":[{"name":"wp","href":"https:\/\/api.w.org\/{rel}","templated":true}]}}