{"id":8490,"date":"2024-10-12T14:29:39","date_gmt":"2024-10-12T14:29:39","guid":{"rendered":"https:\/\/hojichawholesale.eu\/hojicha-lapas-vairumtirdznieciba\/"},"modified":"2025-10-26T16:43:03","modified_gmt":"2025-10-26T16:43:03","slug":"hojicha-lapas-vairumtirdznieciba","status":"publish","type":"page","link":"https:\/\/hojichawholesale.eu\/lv\/hojicha-lapas-vairumtirdznieciba\/","title":{"rendered":"Hojicha lap\u0101s (vairumtirdzniec\u012bba)"},"content":{"rendered":"\n<h1 class=\"wp-block-heading\">Hojicha lap\u0101s (vairumtirdzniec\u012bba)<\/h1>\n\n<p>Hojicha ir augst\u0101k\u0101s kvalit\u0101tes grauzd\u0113ta jap\u0101\u0146u za\u013c\u0101 t\u0113ja, kas pied\u0101v\u0101 gludu un d\u016bmu gar\u0161u. M\u016bsu hojicha tiek ieg\u016bta un tie\u0161i iepakota t\u0113jas saimniec\u012bb\u0101s Jap\u0101n\u0101, nodro\u0161inot augstu kvalit\u0101ti, svaigumu un autentisku grauzd\u0113tu gar\u0161u. <\/p>\n<div class=\"wp-block-image\">\n<figure class=\"aligncenter size-full is-resized\"><img fetchpriority=\"high\" decoding=\"async\" width=\"1000\" height=\"1000\" src=\"https:\/\/hojichawholesale.eu\/wp-content\/uploads\/2025\/01\/Hojicha-dark-leaf-both.webp\" alt=\"Hojicha tum&#x161;&#x101; grauzd&#x113;juma lap&#x101;s sal&#x12B;dzin&#x101;jums VS hojicha tum&#x161;s grauzd&#x113;ts lap&#x101;s\" class=\"wp-image-7434\" style=\"width:365px;height:auto\" srcset=\"https:\/\/hojichawholesale.eu\/wp-content\/uploads\/2025\/01\/Hojicha-dark-leaf-both.webp 1000w, https:\/\/hojichawholesale.eu\/wp-content\/uploads\/2025\/01\/Hojicha-dark-leaf-both-300x300.webp 300w, https:\/\/hojichawholesale.eu\/wp-content\/uploads\/2025\/01\/Hojicha-dark-leaf-both-150x150.webp 150w, https:\/\/hojichawholesale.eu\/wp-content\/uploads\/2025\/01\/Hojicha-dark-leaf-both-768x768.webp 768w, https:\/\/hojichawholesale.eu\/wp-content\/uploads\/2025\/01\/Hojicha-dark-leaf-both-600x600.webp 600w\" sizes=\"(max-width: 1000px) 100vw, 1000px\" \/><\/figure>\n<\/div>\n<hr class=\"wp-block-separator has-alpha-channel-opacity\"\/>\n\n<h2 class=\"wp-block-heading\">Produkta priek\u0161roc\u012bbas<\/h2>\n\n<ul class=\"wp-block-list\">\n<li><strong>Veids<\/strong>: grauzd\u0113ta za\u013c\u0101 t\u0113ja (Hojicha)<\/li>\n\n\n\n<li><strong>Izcelsme<\/strong>: Shizuoka, Jap\u0101na<\/li>\n\n\n\n<li><strong>Forma<\/strong>: Lapas<\/li>\n\n\n\n<li><strong>Grauzd\u0113\u0161anas l\u012bmenis<\/strong>: vid\u0113js<\/li>\n\n\n\n<li><strong>Ra\u017eas nov\u0101k\u0161anas sezona<\/strong>: pavasaris\/vasara<\/li>\n\n\n\n<li><strong>Apstr\u0101de<\/strong>: Grauzd\u0113tas za\u013c\u0101s t\u0113jas lapas porcel\u0101n\u0101.  <\/li>\n\n\n\n<li><strong>Gar\u0161as profils<\/strong>: Gluds, grauzd\u0113ts, ar saldu karameli un riekstu nokr\u0101s\u0101m<\/li>\n\n\n\n<li><strong>Kofe\u012bns<\/strong>: Zems<\/li>\n\n\n\n<li><strong>Iepakojums<\/strong>: Pieejams 500 g iepakojumos (atk\u0101rtoti nosl\u0113dzamos maisi\u0146os). Nav mar\u0137\u0113ts. <\/li>\n<\/ul>\n\n<hr class=\"wp-block-separator has-alpha-channel-opacity\"\/>\n\n<h2 class=\"wp-block-heading\">Hojicha pulvera priek\u0161roc\u012bbas<\/h2>\n\n<ul class=\"wp-block-list\">\n<li><strong>Bag\u0101t\u012bga gar\u0161a<\/strong>: intens\u012bva grauzd\u0113ta gar\u0161a, lai ievad\u012btu karst\u0101 \u016bden\u012b.<\/li>\n\n\n\n<li><strong>Zems kofe\u012bna l\u012bmenis<\/strong>: Ide\u0101li piem\u0113rots baud\u012b\u0161anai visas dienas garum\u0101, pat vakar\u0101.<\/li>\n\n\n\n<li><strong>Daudzpus\u012bgs<\/strong>: ide\u0101li piem\u0113rots r\u012btam, pusdienlaikam, p\u0113cpusdienai un vakariem.  <\/li>\n<\/ul>\n\n<hr class=\"wp-block-separator has-alpha-channel-opacity\"\/>\n\n<h2 class=\"wp-block-heading\">Inform\u0101cija par vairumtirdzniec\u012bbu<\/h2>\n\n<ul class=\"wp-block-list\">\n<li><strong>Minim\u0101lais pas\u016bt\u012bjuma daudzums (MOQ):<\/strong> 500g (1 x 500g maiss)<\/li>\n\n\n\n<li><strong>Lielapjoma cenas<\/strong>: sasniedziet \u012bpa\u0161as cenas.  <\/li>\n\n\n\n<li><strong>Uzglab\u0101\u0161ana<\/strong>: Uzglab\u0101t v\u0113s\u0101, saus\u0101 vid\u0113.  <\/li>\n\n\n\n<li><strong>Der\u012bguma termi\u0146\u0161<\/strong>: Hojicha var uzglab\u0101t l\u012bdz diviem gadiem neatv\u0113rtu un uzglab\u0101t 5\u00b0C \u2013 10\u00b0C temperat\u016br\u0101.<\/li>\n\n\n\n<li><strong>Pieg\u0101de<\/strong>: M\u0113s pieg\u0101d\u0101jam Eiropas kontinent\u0101 ar elast\u012bg\u0101m pieg\u0101des iesp\u0113j\u0101m, ieskaitot ekspress pieg\u0101di steidzamiem pas\u016bt\u012bjumiem.<\/li>\n<\/ul>\n\n<div class=\"wp-block-columns is-layout-flex wp-container-core-columns-is-layout-28f84493 wp-block-columns-is-layout-flex\">\n<div class=\"wp-block-column is-layout-flow wp-block-column-is-layout-flow\"><div class=\"wp-block-image\">\n<figure class=\"aligncenter size-full is-resized\"><img decoding=\"async\" width=\"1000\" height=\"1000\" src=\"https:\/\/hojichawholesale.eu\/wp-content\/uploads\/2025\/01\/Hojicha-dark-leaf.webp\" alt=\"\" class=\"wp-image-7458\" style=\"width:311px;height:auto\" srcset=\"https:\/\/hojichawholesale.eu\/wp-content\/uploads\/2025\/01\/Hojicha-dark-leaf.webp 1000w, https:\/\/hojichawholesale.eu\/wp-content\/uploads\/2025\/01\/Hojicha-dark-leaf-300x300.webp 300w, https:\/\/hojichawholesale.eu\/wp-content\/uploads\/2025\/01\/Hojicha-dark-leaf-150x150.webp 150w, https:\/\/hojichawholesale.eu\/wp-content\/uploads\/2025\/01\/Hojicha-dark-leaf-768x768.webp 768w, https:\/\/hojichawholesale.eu\/wp-content\/uploads\/2025\/01\/Hojicha-dark-leaf-600x600.webp 600w\" sizes=\"(max-width: 1000px) 100vw, 1000px\" \/><\/figure>\n<\/div><\/div>\n\n\n\n<div class=\"wp-block-column is-layout-flow wp-block-column-is-layout-flow\"><div class=\"wp-block-image\">\n<figure class=\"aligncenter size-large is-resized\"><img decoding=\"async\" width=\"1024\" height=\"1024\" src=\"https:\/\/hojichawholesale.eu\/wp-content\/uploads\/2025\/01\/Hojicha-dark-leaf-infused-1024x1024.webp\" alt=\"\" class=\"wp-image-7446\" style=\"width:313px;height:auto\" srcset=\"https:\/\/hojichawholesale.eu\/wp-content\/uploads\/2025\/01\/Hojicha-dark-leaf-infused-1024x1024.webp 1024w, https:\/\/hojichawholesale.eu\/wp-content\/uploads\/2025\/01\/Hojicha-dark-leaf-infused-300x300.webp 300w, https:\/\/hojichawholesale.eu\/wp-content\/uploads\/2025\/01\/Hojicha-dark-leaf-infused-150x150.webp 150w, https:\/\/hojichawholesale.eu\/wp-content\/uploads\/2025\/01\/Hojicha-dark-leaf-infused-768x768.webp 768w, https:\/\/hojichawholesale.eu\/wp-content\/uploads\/2025\/01\/Hojicha-dark-leaf-infused-1536x1536.webp 1536w, https:\/\/hojichawholesale.eu\/wp-content\/uploads\/2025\/01\/Hojicha-dark-leaf-infused-600x600.webp 600w, https:\/\/hojichawholesale.eu\/wp-content\/uploads\/2025\/01\/Hojicha-dark-leaf-infused.webp 2000w\" sizes=\"(max-width: 1024px) 100vw, 1024px\" \/><\/figure>\n<\/div><\/div>\n<\/div>\n\n<hr class=\"wp-block-separator has-alpha-channel-opacity\"\/>\n\n<h2 class=\"wp-block-heading\">K\u0101 lietot Hojicha pulveri<\/h2>\n\n<ul class=\"wp-block-list\">\n<li><strong>Hojicha<\/strong>: Sajauciet 2 t\u0113jkarotes Hojicha ar 200 ml karsta \u016bdens.<\/li>\n<\/ul>\n\n<hr class=\"wp-block-separator has-alpha-channel-opacity\"\/>\n\n<h2 class=\"wp-block-heading\">Ide\u0101li piem\u0113rots<\/h2>\n\n<ul class=\"wp-block-list\">\n<li>Kafejn\u012bcas un t\u0113jas veikali, kas v\u0113las sav\u0101 \u0113dienkart\u0113 pievienot grauzd\u0113tus za\u013c\u0101s t\u0113jas dz\u0113rienus, piem\u0113ram, Hojicha.<\/li>\n\n\n\n<li>Vesel\u012bgi klienti, kuri dod priek\u0161roku t\u0113jas alternat\u012bvai ar zemu kofe\u012bna saturu.<\/li>\n<\/ul>\n\n<h2 class=\"wp-block-heading\">Pieprasiet paraugu \u0161odien<\/h2>\n\n<p>Vai v\u0113laties uzzin\u0101t bag\u0101t\u012bg\u0101s, grauzd\u0113t\u0101s gar\u0161as m\u016bsu augst\u0101k\u0101s kvalit\u0101tes hojicha?  <\/p>\n\n<p>Vienk\u0101r\u0161i aizpildiet savu inform\u0101ciju zem\u0101k, un m\u0113s nos\u016bt\u012bsim jums paraugu. Inform\u0113jiet m\u016bs, ja jums ir konkr\u0113ti piepras\u012bjumi, un m\u0113s labpr\u0101t piel\u0101gosim m\u016bsu pied\u0101v\u0101jumu j\u016bsu biznesa vajadz\u012bb\u0101m. <\/p>\n<div class=\"forminator-ui forminator-custom-form forminator-custom-form-1365 forminator-design--flat  forminator_ajax\" data-forminator-render=\"0\" data-form=\"forminator-module-1365\" data-uid=\"69d5e3da0c3fa\"><br\/><\/div><form\n\t\t\t\tid=\"forminator-module-1365\"\n\t\t\t\tclass=\"forminator-ui forminator-custom-form forminator-custom-form-1365 forminator-design--flat  forminator_ajax\"\n\t\t\t\tmethod=\"post\"\n\t\t\t\tdata-forminator-render=\"0\"\n\t\t\t\tdata-form-id=\"1365\"\n\t\t\t\t data-color-option=\"default\" data-design=\"flat\" data-grid=\"open\" style=\"display: none;\"\n\t\t\t\tdata-uid=\"69d5e3da0c3fa\"\n\t\t\t><div role=\"alert\" aria-live=\"polite\" class=\"forminator-response-message forminator-error\" aria-hidden=\"true\"><\/div><div class=\"forminator-row\"><div id=\"name-1\" class=\"forminator-field-name forminator-col forminator-col-6 \"><div class=\"forminator-field\"><input type=\"text\" name=\"name-1\" value=\"\" placeholder=\"First Name\" id=\"forminator-field-name-1_69d5e3da0c3fa\" class=\"forminator-input forminator-name--field\" aria-required=\"true\" autocomplete=\"name\" \/><\/div><\/div><div id=\"name-2\" class=\"forminator-field-name forminator-col forminator-col-6 \"><div class=\"forminator-field\"><input type=\"text\" name=\"name-2\" value=\"\" placeholder=\"Last Name\" id=\"forminator-field-name-2_69d5e3da0c3fa\" class=\"forminator-input forminator-name--field\" aria-required=\"true\" autocomplete=\"name\" \/><\/div><\/div><\/div><div class=\"forminator-row\"><div id=\"email-1\" class=\"forminator-field-email forminator-col forminator-col-12 \"><div class=\"forminator-field\"><input type=\"email\" name=\"email-1\" value=\"\" placeholder=\"Email\" id=\"forminator-field-email-1_69d5e3da0c3fa\" class=\"forminator-input forminator-email--field\" data-required=\"true\" aria-required=\"true\" autocomplete=\"email\" \/><\/div><\/div><\/div><div class=\"forminator-row\"><div id=\"phone-1\" class=\"forminator-field-phone forminator-col forminator-col-12 \"><div class=\"forminator-field\"><input type=\"text\" name=\"phone-1\" value=\"\" placeholder=\"Phone\" id=\"forminator-field-phone-1_69d5e3da0c3fa\" class=\"forminator-input forminator-field--phone\" data-required=\"\" aria-required=\"false\" autocomplete=\"off\" \/><\/div><\/div><\/div><div class=\"forminator-row\"><div id=\"textarea-1\" class=\"forminator-field-textarea forminator-col forminator-col-12 \"><div class=\"forminator-field\"><textarea name=\"textarea-1\" placeholder=\"Message\" id=\"forminator-field-textarea-1_69d5e3da0c3fa\" class=\"forminator-textarea\" rows=\"6\" style=\"min-height:140px;\" ><\/textarea><span id=\"forminator-field-textarea-1_69d5e3da0c3fa-description\" class=\"forminator-description\"><span data-limit=\"300\" data-type=\"words\" data-editor=\"\">0 \/ 300<\/span><\/span><\/div><\/div><\/div><div class=\"forminator-row\"><\/div><input type=\"hidden\" name=\"referer_url\" value=\"\" \/><div class=\"forminator-row forminator-row-last\"><div class=\"forminator-col\"><div class=\"forminator-field\"><button class=\"forminator-button forminator-button-submit\">Send<\/button><\/div><\/div><\/div><input type=\"hidden\" id=\"forminator_nonce\" name=\"forminator_nonce\" value=\"58eeeb5d3e\" \/><input type=\"hidden\" name=\"_wp_http_referer\" value=\"\/lv\/wp-json\/wp\/v2\/pages\/8490\" \/><input type=\"hidden\" name=\"form_id\" value=\"1365\"><input type=\"hidden\" name=\"page_id\" value=\"8490\"><input type=\"hidden\" name=\"form_type\" value=\"default\"><input type=\"hidden\" name=\"current_url\" value=\"https:\/\/hojichawholesale.eu\/lv\/hojicha-lapas-vairumtirdznieciba\/\"><input type=\"hidden\" name=\"render_id\" value=\"0\"><input type=\"hidden\" name=\"action\" value=\"forminator_submit_form_custom-forms\"><label for=\"input_6\" class=\"forminator-hidden\" aria-hidden=\"true\">Please do not fill in this field. <input id=\"input_6\" type=\"text\" name=\"input_6\" value=\"\" autocomplete=\"off\"><\/label><\/form>\n","protected":false},"excerpt":{"rendered":"<p>Hojicha lap\u0101s (vairumtirdzniec\u012bba) Hojicha ir augst\u0101k\u0101s kvalit\u0101tes grauzd\u0113ta jap\u0101\u0146u za\u013c\u0101 t\u0113ja, kas pied\u0101v\u0101 gludu un d\u016bmu gar\u0161u. M\u016bsu hojicha tiek ieg\u016bta un tie\u0161i iepakota t\u0113jas saimniec\u012bb\u0101s Jap\u0101n\u0101, nodro\u0161inot augstu kvalit\u0101ti, svaigumu un autentisku grauzd\u0113tu gar\u0161u. Produkta priek\u0161roc\u012bbas Hojicha pulvera priek\u0161roc\u012bbas Inform\u0101cija par vairumtirdzniec\u012bbu K\u0101 lietot Hojicha pulveri Ide\u0101li piem\u0113rots Pieprasiet paraugu \u0161odien Vai v\u0113laties uzzin\u0101t [&hellip;]<\/p>\n","protected":false},"author":1,"featured_media":8494,"parent":0,"menu_order":0,"comment_status":"closed","ping_status":"closed","template":"","meta":{"_surecart_dashboard_logo_width":"180px","_surecart_dashboard_show_logo":true,"_surecart_dashboard_navigation_orders":true,"_surecart_dashboard_navigation_invoices":true,"_surecart_dashboard_navigation_subscriptions":true,"_surecart_dashboard_navigation_downloads":true,"_surecart_dashboard_navigation_billing":true,"_surecart_dashboard_navigation_account":true,"footnotes":""},"class_list":["post-8490","page","type-page","status-publish","has-post-thumbnail","hentry","entry","has-media"],"mb":[],"mfb_rest_fields":["title","gutenberg_elementor_mode"],"_links":{"self":[{"href":"https:\/\/hojichawholesale.eu\/lv\/wp-json\/wp\/v2\/pages\/8490","targetHints":{"allow":["GET"]}}],"collection":[{"href":"https:\/\/hojichawholesale.eu\/lv\/wp-json\/wp\/v2\/pages"}],"about":[{"href":"https:\/\/hojichawholesale.eu\/lv\/wp-json\/wp\/v2\/types\/page"}],"author":[{"embeddable":true,"href":"https:\/\/hojichawholesale.eu\/lv\/wp-json\/wp\/v2\/users\/1"}],"replies":[{"embeddable":true,"href":"https:\/\/hojichawholesale.eu\/lv\/wp-json\/wp\/v2\/comments?post=8490"}],"version-history":[{"count":0,"href":"https:\/\/hojichawholesale.eu\/lv\/wp-json\/wp\/v2\/pages\/8490\/revisions"}],"wp:featuredmedia":[{"embeddable":true,"href":"https:\/\/hojichawholesale.eu\/lv\/wp-json\/wp\/v2\/media\/8494"}],"wp:attachment":[{"href":"https:\/\/hojichawholesale.eu\/lv\/wp-json\/wp\/v2\/media?parent=8490"}],"curies":[{"name":"wp","href":"https:\/\/api.w.org\/{rel}","templated":true}]}}