{"id":8480,"date":"2024-10-12T14:14:16","date_gmt":"2024-10-12T14:14:16","guid":{"rendered":"https:\/\/hojichawholesale.eu\/hojicha-tumss-grauzdets-pulveris-vairumtirdznieciba\/"},"modified":"2025-12-10T19:00:35","modified_gmt":"2025-12-10T19:00:35","slug":"hojicha-tumss-grauzdets-pulveris-vairumtirdznieciba","status":"publish","type":"page","link":"https:\/\/hojichawholesale.eu\/lv\/hojicha-tumss-grauzdets-pulveris-vairumtirdznieciba\/","title":{"rendered":"Hojicha tum\u0161s grauzd\u0113ts pulveris (vairumtirdzniec\u012bba)"},"content":{"rendered":"\n<h1 class=\"wp-block-heading\">Hojicha tum\u0161s grauzd\u0113ts pulveris (vairumtirdzniec\u012bba)<\/h1>\n\n<p><strong>Hojicha Dark Roast<\/strong> <strong>pulveris <\/strong>nodro\u0161ina dzi\u013cu, intens\u012bvu grauzd\u0113tu gar\u0161u, kas ir ide\u0101li piem\u0113rota tiem, kas mekl\u0113 iztur\u012bg\u0101ku un pilnv\u0113rt\u012bg\u0101ku t\u0113jas pieredzi.<\/p>\n<div class=\"wp-block-image\">\n<figure class=\"aligncenter size-full is-resized\"><img fetchpriority=\"high\" decoding=\"async\" width=\"1000\" height=\"1000\" src=\"https:\/\/hojichawholesale.eu\/wp-content\/uploads\/2025\/01\/hojicha-dark-powder-both.webp\" alt=\"Hojicha tum&#x161;&#x101; pulvera un iz&#x161;&#x137;&#x12B;din&#x101;t&#x101; hojicha tum&#x161;&#x101; pulvera sal&#x12B;dzin&#x101;jums\" class=\"wp-image-7396\" style=\"width:323px;height:auto\" srcset=\"https:\/\/hojichawholesale.eu\/wp-content\/uploads\/2025\/01\/hojicha-dark-powder-both.webp 1000w, https:\/\/hojichawholesale.eu\/wp-content\/uploads\/2025\/01\/hojicha-dark-powder-both-300x300.webp 300w, https:\/\/hojichawholesale.eu\/wp-content\/uploads\/2025\/01\/hojicha-dark-powder-both-150x150.webp 150w, https:\/\/hojichawholesale.eu\/wp-content\/uploads\/2025\/01\/hojicha-dark-powder-both-768x768.webp 768w, https:\/\/hojichawholesale.eu\/wp-content\/uploads\/2025\/01\/hojicha-dark-powder-both-600x600.webp 600w\" sizes=\"(max-width: 1000px) 100vw, 1000px\" \/><\/figure>\n<\/div>\n<hr class=\"wp-block-separator has-alpha-channel-opacity\"\/>\n\n<h2 class=\"wp-block-heading\">Produkta priek\u0161roc\u012bbas<\/h2>\n\n<ul class=\"wp-block-list\">\n<li><strong>Veids<\/strong>: grauzd\u0113ta za\u013c\u0101 t\u0113ja (Hojicha)<\/li>\n\n\n\n<li><strong>Forma<\/strong>: pulveris<\/li>\n\n\n\n<li><strong>Izcelsme<\/strong>: Shizuoka, Jap\u0101na<\/li>\n\n\n\n<li><strong>Grauzd\u0113\u0161anas l\u012bmenis<\/strong>: Tum\u0161s<\/li>\n\n\n\n<li><strong>Ra\u017eas nov\u0101k\u0161anas sezona<\/strong>: pavasaris\/vasara<\/li>\n\n\n\n<li><strong>Apstr\u0101de<\/strong>: Dzi\u013ci grauzd\u0113ts (300 \u00b0 C) porcel\u0101n\u0101, lai rad\u012btu drosm\u012bgu, d\u016bmu arom\u0101tu.<\/li>\n\n\n\n<li><strong>Gar\u0161as profils<\/strong>: d\u016bmakains, bag\u0101ts un nedaudz salds ar drosm\u012bgu karame\u013cu nokr\u0101su.<\/li>\n\n\n\n<li><strong>Kofe\u012bns<\/strong>: \u013boti zems<\/li>\n\n\n\n<li><strong>Iepakojums<\/strong>: Pieejams 1 kg maisos. P\u0101rpako\u0161ana pieejama p\u0113c j\u016bsu piepras\u012bjuma.   <\/li>\n<\/ul>\n\n<hr class=\"wp-block-separator has-alpha-channel-opacity\"\/>\n\n<h2 class=\"wp-block-heading\">Tum\u0161\u0101 grauzd\u0113ta Hojicha priek\u0161roc\u012bbas<\/h2>\n\n<ul class=\"wp-block-list\">\n<li><strong>Bag\u0101t\u012bga gar\u0161a<\/strong>: Dzi\u013ca grauzd\u0113\u0161ana izce\u013c intens\u012bvas, d\u016bmu notis, kas labi sader ar desertiem vai k\u0101 atsevi\u0161\u0137u t\u0113ju.<\/li>\n\n\n\n<li><strong>Zems kofe\u012bna l\u012bmenis<\/strong>: Izbaudiet jebkuru diennakts laiku bez nervozit\u0101tes.<\/li>\n\n\n\n<li><strong>Silts un mierino\u0161s<\/strong>: tum\u0161ais grauzd\u0113jums pied\u0101v\u0101 iezem\u0113jo\u0161u un nomierino\u0161u pieredzi, kas ir ide\u0101li piem\u0113rota aukst\u0101kiem m\u0113ne\u0161iem.<\/li>\n<\/ul>\n\n<div class=\"wp-block-columns is-layout-flex wp-container-core-columns-is-layout-28f84493 wp-block-columns-is-layout-flex\">\n<div class=\"wp-block-column is-layout-flow wp-block-column-is-layout-flow\"><div class=\"wp-block-image\">\n<figure class=\"aligncenter size-full is-resized\"><img decoding=\"async\" width=\"1000\" height=\"1000\" src=\"https:\/\/hojichawholesale.eu\/wp-content\/uploads\/2025\/01\/hojicha-dark-powder.webp\" alt=\"Hojicha tum&#x161;i grauzd&#x113;ts pulveris\" class=\"wp-image-7420\" style=\"width:306px;height:auto\" srcset=\"https:\/\/hojichawholesale.eu\/wp-content\/uploads\/2025\/01\/hojicha-dark-powder.webp 1000w, https:\/\/hojichawholesale.eu\/wp-content\/uploads\/2025\/01\/hojicha-dark-powder-300x300.webp 300w, https:\/\/hojichawholesale.eu\/wp-content\/uploads\/2025\/01\/hojicha-dark-powder-150x150.webp 150w, https:\/\/hojichawholesale.eu\/wp-content\/uploads\/2025\/01\/hojicha-dark-powder-768x768.webp 768w, https:\/\/hojichawholesale.eu\/wp-content\/uploads\/2025\/01\/hojicha-dark-powder-600x600.webp 600w\" sizes=\"(max-width: 1000px) 100vw, 1000px\" \/><\/figure>\n<\/div><\/div>\n\n\n\n<div class=\"wp-block-column is-layout-flow wp-block-column-is-layout-flow\"><div class=\"wp-block-image\">\n<figure class=\"aligncenter size-large is-resized\"><img decoding=\"async\" width=\"1024\" height=\"1024\" src=\"https:\/\/hojichawholesale.eu\/wp-content\/uploads\/2025\/01\/hojicha-dark-powder-infused-1024x1024.webp\" alt=\"Hojicha tum&#x161;i grauzd&#x113;ts pulveris\" class=\"wp-image-7408\" style=\"width:302px;height:auto\" srcset=\"https:\/\/hojichawholesale.eu\/wp-content\/uploads\/2025\/01\/hojicha-dark-powder-infused-1024x1024.webp 1024w, https:\/\/hojichawholesale.eu\/wp-content\/uploads\/2025\/01\/hojicha-dark-powder-infused-300x300.webp 300w, https:\/\/hojichawholesale.eu\/wp-content\/uploads\/2025\/01\/hojicha-dark-powder-infused-150x150.webp 150w, https:\/\/hojichawholesale.eu\/wp-content\/uploads\/2025\/01\/hojicha-dark-powder-infused-768x768.webp 768w, https:\/\/hojichawholesale.eu\/wp-content\/uploads\/2025\/01\/hojicha-dark-powder-infused-1536x1536.webp 1536w, https:\/\/hojichawholesale.eu\/wp-content\/uploads\/2025\/01\/hojicha-dark-powder-infused-600x600.webp 600w, https:\/\/hojichawholesale.eu\/wp-content\/uploads\/2025\/01\/hojicha-dark-powder-infused.webp 2000w\" sizes=\"(max-width: 1024px) 100vw, 1024px\" \/><\/figure>\n<\/div><\/div>\n<\/div>\n\n<hr class=\"wp-block-separator has-alpha-channel-opacity\"\/>\n\n<h2 class=\"wp-block-heading\">Inform\u0101cija par vairumtirdzniec\u012bbu<\/h2>\n\n<ul class=\"wp-block-list\">\n<li><strong>Minim\u0101lais pas\u016bt\u012bjuma daudzums (MOQ):<\/strong> 5 maisi\u0146i pa 100 gramiem.<\/li>\n\n\n\n<li><strong>Lielapjoma cenas<\/strong>: Sazinieties ar mums zem\u0101k, lai ieg\u016btu \u012bpa\u0161as cenas, pamatojoties uz pas\u016bt\u012bjuma lielumu.<\/li>\n\n\n\n<li><strong>Der\u012bguma termi\u0146\u0161<\/strong>: Hojicha var uzglab\u0101t l\u012bdz diviem gadiem neatv\u0113rtu un uzglab\u0101t 5\u00b0C \u2013 10\u00b0C temperat\u016br\u0101.<\/li>\n\n\n\n<li><strong>Pieg\u0101de<\/strong>: M\u0113s pieg\u0101d\u0101jam visur Eirop\u0101, no Islandes l\u012bdz Stambulai, ar elast\u012bg\u0101m pieg\u0101des iesp\u0113j\u0101m, ieskaitot ekspress pieg\u0101di steidzamiem pas\u016bt\u012bjumiem.<\/li>\n<\/ul>\n\n<hr class=\"wp-block-separator has-alpha-channel-opacity\"\/>\n\n<h2 class=\"wp-block-heading\">K\u0101 pagatavot<\/h2>\n\n<ol class=\"wp-block-list\">\n<li><strong>T\u0113jas daudzums<\/strong>: 8g t\u0113jas uz 500ml \u016bdens<\/li>\n\n\n\n<li><strong>\u016adens temperat\u016bra<\/strong>: 80\u00b0C  <\/li>\n\n\n\n<li><strong>M\u0113rc\u0113\u0161anas laiks<\/strong>: 2-3 min\u016btes sp\u0113c\u012bgam, bag\u0101t\u012bgam br\u016bv\u0113jumam<\/li>\n<\/ol>\n\n<hr class=\"wp-block-separator has-alpha-channel-opacity\"\/>\n\n<h2 class=\"wp-block-heading\">Ide\u0101li piem\u0113rots<\/h2>\n\n<ul class=\"wp-block-list\">\n<li>Augstas klases t\u0113jas veikali, kafejn\u012bcas un restor\u0101ni, kas v\u0113las saviem klientiem pied\u0101v\u0101t augst\u0101k\u0101s kvalit\u0101tes tum\u0161o grauzd\u0113jumu.  <\/li>\n\n\n\n<li>Klienti, kas mekl\u0113 drosm\u012bgu alternat\u012bvu kafijai ar zemu kofe\u012bna saturu.<\/li>\n\n\n\n<li>Veidojot parakstu t\u0113jas mais\u012bjumus vai k\u0101 kulin\u0101rijas receptes sast\u0101vda\u013cu.<\/li>\n<\/ul>\n\n<h2 class=\"wp-block-heading\">Pieprasiet paraugu \u0161odien<\/h2>\n\n<p>Vai v\u0113laties uzzin\u0101t bag\u0101t\u012bg\u0101s, grauzd\u0113t\u0101s gar\u0161as m\u016bsu augst\u0101k\u0101s kvalit\u0101tes hojicha?  <\/p>\n\n<p>Vienk\u0101r\u0161i aizpildiet savu inform\u0101ciju zem\u0101k, un m\u0113s nos\u016bt\u012bsim jums paraugu. Inform\u0113jiet m\u016bs, ja jums ir konkr\u0113ti piepras\u012bjumi, un m\u0113s labpr\u0101t piel\u0101gosim m\u016bsu pied\u0101v\u0101jumu j\u016bsu biznesa vajadz\u012bb\u0101m. <\/p>\n<div class=\"forminator-ui forminator-custom-form forminator-custom-form-1365 forminator-design--flat  forminator_ajax\" data-forminator-render=\"0\" data-form=\"forminator-module-1365\" data-uid=\"69de38431ba08\"><br\/><\/div><form\n\t\t\t\tid=\"forminator-module-1365\"\n\t\t\t\tclass=\"forminator-ui forminator-custom-form forminator-custom-form-1365 forminator-design--flat  forminator_ajax\"\n\t\t\t\tmethod=\"post\"\n\t\t\t\tdata-forminator-render=\"0\"\n\t\t\t\tdata-form-id=\"1365\"\n\t\t\t\t data-color-option=\"default\" data-design=\"flat\" data-grid=\"open\" style=\"display: none;\"\n\t\t\t\tdata-uid=\"69de38431ba08\"\n\t\t\t><div role=\"alert\" aria-live=\"polite\" class=\"forminator-response-message forminator-error\" aria-hidden=\"true\"><\/div><div class=\"forminator-row\"><div id=\"name-1\" class=\"forminator-field-name forminator-col forminator-col-6 \"><div class=\"forminator-field\"><input type=\"text\" name=\"name-1\" value=\"\" placeholder=\"First Name\" id=\"forminator-field-name-1_69de38431ba08\" class=\"forminator-input forminator-name--field\" aria-required=\"true\" autocomplete=\"name\" \/><\/div><\/div><div id=\"name-2\" class=\"forminator-field-name forminator-col forminator-col-6 \"><div class=\"forminator-field\"><input type=\"text\" name=\"name-2\" value=\"\" placeholder=\"Last Name\" id=\"forminator-field-name-2_69de38431ba08\" class=\"forminator-input forminator-name--field\" aria-required=\"true\" autocomplete=\"name\" \/><\/div><\/div><\/div><div class=\"forminator-row\"><div id=\"email-1\" class=\"forminator-field-email forminator-col forminator-col-12 \"><div class=\"forminator-field\"><input type=\"email\" name=\"email-1\" value=\"\" placeholder=\"Email\" id=\"forminator-field-email-1_69de38431ba08\" class=\"forminator-input forminator-email--field\" data-required=\"true\" aria-required=\"true\" autocomplete=\"email\" \/><\/div><\/div><\/div><div class=\"forminator-row\"><div id=\"phone-1\" class=\"forminator-field-phone forminator-col forminator-col-12 \"><div class=\"forminator-field\"><input type=\"text\" name=\"phone-1\" value=\"\" placeholder=\"Phone\" id=\"forminator-field-phone-1_69de38431ba08\" class=\"forminator-input forminator-field--phone\" data-required=\"\" aria-required=\"false\" autocomplete=\"off\" \/><\/div><\/div><\/div><div class=\"forminator-row\"><div id=\"textarea-1\" class=\"forminator-field-textarea forminator-col forminator-col-12 \"><div class=\"forminator-field\"><textarea name=\"textarea-1\" placeholder=\"Message\" id=\"forminator-field-textarea-1_69de38431ba08\" class=\"forminator-textarea\" rows=\"6\" style=\"min-height:140px;\" ><\/textarea><span id=\"forminator-field-textarea-1_69de38431ba08-description\" class=\"forminator-description\"><span data-limit=\"300\" data-type=\"words\" data-editor=\"\">0 \/ 300<\/span><\/span><\/div><\/div><\/div><div class=\"forminator-row\"><\/div><input type=\"hidden\" name=\"referer_url\" value=\"\" \/><div class=\"forminator-row forminator-row-last\"><div class=\"forminator-col\"><div class=\"forminator-field\"><button class=\"forminator-button forminator-button-submit\">Send<\/button><\/div><\/div><\/div><input type=\"hidden\" id=\"forminator_nonce\" name=\"forminator_nonce\" value=\"a647953a3f\" \/><input type=\"hidden\" name=\"_wp_http_referer\" value=\"\/lv\/wp-json\/wp\/v2\/pages\/8480\" \/><input type=\"hidden\" name=\"form_id\" value=\"1365\"><input type=\"hidden\" name=\"page_id\" value=\"8480\"><input type=\"hidden\" name=\"form_type\" value=\"default\"><input type=\"hidden\" name=\"current_url\" value=\"https:\/\/hojichawholesale.eu\/lv\/hojicha-tumss-grauzdets-pulveris-vairumtirdznieciba\/\"><input type=\"hidden\" name=\"render_id\" value=\"0\"><input type=\"hidden\" name=\"action\" value=\"forminator_submit_form_custom-forms\"><label for=\"input_6\" class=\"forminator-hidden\" aria-hidden=\"true\">Please do not fill in this field. <input id=\"input_6\" type=\"text\" name=\"input_6\" value=\"\" autocomplete=\"off\"><\/label><\/form>\n","protected":false},"excerpt":{"rendered":"<p>Hojicha tum\u0161s grauzd\u0113ts pulveris (vairumtirdzniec\u012bba) Hojicha Dark Roast pulveris nodro\u0161ina dzi\u013cu, intens\u012bvu grauzd\u0113tu gar\u0161u, kas ir ide\u0101li piem\u0113rota tiem, kas mekl\u0113 iztur\u012bg\u0101ku un pilnv\u0113rt\u012bg\u0101ku t\u0113jas pieredzi. Produkta priek\u0161roc\u012bbas Tum\u0161\u0101 grauzd\u0113ta Hojicha priek\u0161roc\u012bbas Inform\u0101cija par vairumtirdzniec\u012bbu K\u0101 pagatavot Ide\u0101li piem\u0113rots Pieprasiet paraugu \u0161odien Vai v\u0113laties uzzin\u0101t bag\u0101t\u012bg\u0101s, grauzd\u0113t\u0101s gar\u0161as m\u016bsu augst\u0101k\u0101s kvalit\u0101tes hojicha? Vienk\u0101r\u0161i aizpildiet savu [&hellip;]<\/p>\n","protected":false},"author":1,"featured_media":8486,"parent":0,"menu_order":0,"comment_status":"closed","ping_status":"closed","template":"","meta":{"_surecart_dashboard_logo_width":"180px","_surecart_dashboard_show_logo":true,"_surecart_dashboard_navigation_orders":true,"_surecart_dashboard_navigation_invoices":true,"_surecart_dashboard_navigation_subscriptions":true,"_surecart_dashboard_navigation_downloads":true,"_surecart_dashboard_navigation_billing":true,"_surecart_dashboard_navigation_account":true,"footnotes":""},"class_list":["post-8480","page","type-page","status-publish","has-post-thumbnail","hentry","entry","has-media"],"mb":[],"mfb_rest_fields":["title","gutenberg_elementor_mode"],"_links":{"self":[{"href":"https:\/\/hojichawholesale.eu\/lv\/wp-json\/wp\/v2\/pages\/8480","targetHints":{"allow":["GET"]}}],"collection":[{"href":"https:\/\/hojichawholesale.eu\/lv\/wp-json\/wp\/v2\/pages"}],"about":[{"href":"https:\/\/hojichawholesale.eu\/lv\/wp-json\/wp\/v2\/types\/page"}],"author":[{"embeddable":true,"href":"https:\/\/hojichawholesale.eu\/lv\/wp-json\/wp\/v2\/users\/1"}],"replies":[{"embeddable":true,"href":"https:\/\/hojichawholesale.eu\/lv\/wp-json\/wp\/v2\/comments?post=8480"}],"version-history":[{"count":0,"href":"https:\/\/hojichawholesale.eu\/lv\/wp-json\/wp\/v2\/pages\/8480\/revisions"}],"wp:featuredmedia":[{"embeddable":true,"href":"https:\/\/hojichawholesale.eu\/lv\/wp-json\/wp\/v2\/media\/8486"}],"wp:attachment":[{"href":"https:\/\/hojichawholesale.eu\/lv\/wp-json\/wp\/v2\/media?parent=8480"}],"curies":[{"name":"wp","href":"https:\/\/api.w.org\/{rel}","templated":true}]}}