{"id":8413,"date":"2024-10-12T14:03:31","date_gmt":"2024-10-12T14:03:31","guid":{"rendered":"https:\/\/hojichawholesale.eu\/hojicha-videji-grauzdets-pulveris-vairumtirdznieciba\/"},"modified":"2025-12-10T19:00:28","modified_gmt":"2025-12-10T19:00:28","slug":"hojicha-videji-grauzdets-pulveris-vairumtirdznieciba","status":"publish","type":"page","link":"https:\/\/hojichawholesale.eu\/lv\/hojicha-videji-grauzdets-pulveris-vairumtirdznieciba\/","title":{"rendered":"Hojicha vid\u0113ji grauzd\u0113ts pulveris (vairumtirdzniec\u012bba)"},"content":{"rendered":"\n<h1 class=\"wp-block-heading\">Hojicha vid\u0113js grauzd\u0113jums (vairumtirdzniec\u012bba)<\/h1>\n\n<p><strong>Hojicha vid\u0113ji grauzd\u0113ts<\/strong> <strong>pulveris <\/strong>pied\u0101v\u0101 unik\u0101lu, bag\u0101t\u012bgu un zemes gar\u0161u, kas ir ide\u0101li piem\u0113rota t\u0113jas cien\u012bt\u0101jiem, kuri nov\u0113rt\u0113 l\u012bdzsvaru starp sp\u0113c\u012bg\u0101m grauzd\u0113t\u0101m not\u012bm un za\u013c\u0101s t\u0113jas dabisko saldumu.<\/p>\n<div class=\"wp-block-image\">\n<figure class=\"aligncenter size-full is-resized\"><img fetchpriority=\"high\" decoding=\"async\" width=\"1000\" height=\"1000\" src=\"https:\/\/hojichawholesale.eu\/wp-content\/uploads\/2025\/01\/hojicha-medium-powder-both.webp\" alt=\"\" class=\"wp-image-7484\" style=\"width:282px;height:auto\" srcset=\"https:\/\/hojichawholesale.eu\/wp-content\/uploads\/2025\/01\/hojicha-medium-powder-both.webp 1000w, https:\/\/hojichawholesale.eu\/wp-content\/uploads\/2025\/01\/hojicha-medium-powder-both-300x300.webp 300w, https:\/\/hojichawholesale.eu\/wp-content\/uploads\/2025\/01\/hojicha-medium-powder-both-150x150.webp 150w, https:\/\/hojichawholesale.eu\/wp-content\/uploads\/2025\/01\/hojicha-medium-powder-both-768x768.webp 768w, https:\/\/hojichawholesale.eu\/wp-content\/uploads\/2025\/01\/hojicha-medium-powder-both-600x600.webp 600w\" sizes=\"(max-width: 1000px) 100vw, 1000px\" \/><\/figure>\n<\/div>\n<h2 class=\"wp-block-heading\">Produkta priek\u0161roc\u012bbas<\/h2>\n\n<ul class=\"wp-block-list\">\n<li><strong>Tips<\/strong>: Grauzd\u0113ta za\u013c\u0101 t\u0113ja (hojicha)<\/li>\n\n\n\n<li><strong>Izcelsme<\/strong>: Shizuoka, Jap\u0101na<\/li>\n\n\n\n<li><strong>Forma<\/strong>: pulveris<\/li>\n\n\n\n<li><strong>Grauzd\u0113\u0161anas l\u012bmenis<\/strong>: vid\u0113js<\/li>\n\n\n\n<li><strong>Ra\u017eas nov\u0101k\u0161anas sezona<\/strong>: pavasaris\/vasara<\/li>\n\n\n\n<li><strong>Apstr\u0101de<\/strong>: Grauzd\u0113ts porcel\u0101n\u0101 virs 220\u00b0C<\/li>\n\n\n\n<li><strong>Gar\u0161as profils<\/strong>: Rieksts, nedaudz salds, gluds ar karame\u013cu not\u012bm<\/li>\n\n\n\n<li><strong>Kofe\u012bns<\/strong>: Zems<\/li>\n\n\n\n<li><strong>Iepakojums<\/strong>: Pieejams 1 kg maisos. P\u0101rpako\u0161ana pieejama p\u0113c j\u016bsu piepras\u012bjuma.   <\/li>\n<\/ul>\n\n<hr class=\"wp-block-separator has-alpha-channel-opacity\"\/>\n\n<h2 class=\"wp-block-heading\">Vid\u0113ja grauzd\u0113ta Hojicha priek\u0161roc\u012bbas<\/h2>\n\n<ul class=\"wp-block-list\">\n<li><strong>Bag\u0101ts ar antioksidantiem<\/strong>: aizsarg\u0101 pret br\u012bvajiem radik\u0101\u013ciem<\/li>\n\n\n\n<li><strong>Zems kofe\u012bna l\u012bmenis<\/strong>: ide\u0101li piem\u0113rots baud\u012b\u0161anai visas dienas garum\u0101, ieskaitot vakarus<\/li>\n\n\n\n<li><strong>Nomierino\u0161s un relaks\u0113jo\u0161s<\/strong>: maigs grauzd\u0113\u0161anas process samazina r\u016bgtumu un uzlabo gludu, mierino\u0161u gar\u0161u.<\/li>\n\n\n\n<li><strong>Moderns<\/strong>: Dienvidaustrum\u0101zij\u0101 tas s\u0101k rad\u012bt interesi Eirop\u0101.<\/li>\n<\/ul>\n\n<div class=\"wp-block-columns is-layout-flex wp-container-core-columns-is-layout-28f84493 wp-block-columns-is-layout-flex\">\n<div class=\"wp-block-column is-layout-flow wp-block-column-is-layout-flow\"><div class=\"wp-block-image\">\n<figure class=\"aligncenter size-full is-resized\"><img decoding=\"async\" width=\"1000\" height=\"1000\" src=\"https:\/\/hojichawholesale.eu\/wp-content\/uploads\/2025\/01\/hojicha-medium-powder.webp\" alt=\"Hojicha vid&#x113;ji grauzd&#x113;ts pulveris\" class=\"wp-image-7472\" style=\"width:297px;height:auto\" srcset=\"https:\/\/hojichawholesale.eu\/wp-content\/uploads\/2025\/01\/hojicha-medium-powder.webp 1000w, https:\/\/hojichawholesale.eu\/wp-content\/uploads\/2025\/01\/hojicha-medium-powder-300x300.webp 300w, https:\/\/hojichawholesale.eu\/wp-content\/uploads\/2025\/01\/hojicha-medium-powder-150x150.webp 150w, https:\/\/hojichawholesale.eu\/wp-content\/uploads\/2025\/01\/hojicha-medium-powder-768x768.webp 768w, https:\/\/hojichawholesale.eu\/wp-content\/uploads\/2025\/01\/hojicha-medium-powder-600x600.webp 600w\" sizes=\"(max-width: 1000px) 100vw, 1000px\" \/><\/figure>\n<\/div><\/div>\n\n\n\n<div class=\"wp-block-column is-layout-flow wp-block-column-is-layout-flow\"><div class=\"wp-block-image\">\n<figure class=\"aligncenter size-large is-resized\"><img decoding=\"async\" width=\"1024\" height=\"1024\" src=\"https:\/\/hojichawholesale.eu\/wp-content\/uploads\/2025\/01\/hojicha-medium-powder-infused-1024x1024.webp\" alt=\"Hojicha vid&#x113;ji grauzd&#x113;ts pulveris\" class=\"wp-image-7496\" style=\"width:295px;height:auto\" srcset=\"https:\/\/hojichawholesale.eu\/wp-content\/uploads\/2025\/01\/hojicha-medium-powder-infused-1024x1024.webp 1024w, https:\/\/hojichawholesale.eu\/wp-content\/uploads\/2025\/01\/hojicha-medium-powder-infused-300x300.webp 300w, https:\/\/hojichawholesale.eu\/wp-content\/uploads\/2025\/01\/hojicha-medium-powder-infused-150x150.webp 150w, https:\/\/hojichawholesale.eu\/wp-content\/uploads\/2025\/01\/hojicha-medium-powder-infused-768x768.webp 768w, https:\/\/hojichawholesale.eu\/wp-content\/uploads\/2025\/01\/hojicha-medium-powder-infused-1536x1536.webp 1536w, https:\/\/hojichawholesale.eu\/wp-content\/uploads\/2025\/01\/hojicha-medium-powder-infused-600x600.webp 600w, https:\/\/hojichawholesale.eu\/wp-content\/uploads\/2025\/01\/hojicha-medium-powder-infused.webp 2000w\" sizes=\"(max-width: 1024px) 100vw, 1024px\" \/><\/figure>\n<\/div><\/div>\n<\/div>\n\n<hr class=\"wp-block-separator has-alpha-channel-opacity\"\/>\n\n<h2 class=\"wp-block-heading\">Inform\u0101cija par vairumtirdzniec\u012bbu<\/h2>\n\n<ul class=\"wp-block-list\">\n<li><strong>Minim\u0101lais pas\u016bt\u012bjuma daudzums (MOQ):<\/strong> 500 grami (5 * 100 grami).<\/li>\n\n\n\n<li><strong>Lielapjoma cenas<\/strong>: sazinieties ar mums zem\u0101k, lai sa\u0146emtu piel\u0101gotu pied\u0101v\u0101jumu, pamatojoties uz pas\u016bt\u012bjuma apjomu.<\/li>\n\n\n\n<li><strong>Uzglab\u0101\u0161ana<\/strong>: Uzglab\u0101t v\u0113s\u0101, saus\u0101 viet\u0101.<\/li>\n\n\n\n<li><strong>Der\u012bguma termi\u0146\u0161<\/strong>: Hojicha var uzglab\u0101t l\u012bdz diviem gadiem neatv\u0113rtu un uzglab\u0101t 5\u00b0C &#8211; 10\u00b0C temperat\u016br\u0101.<\/li>\n\n\n\n<li><strong>Pieg\u0101de<\/strong>: M\u0113s pieg\u0101d\u0101jam Eiropas kontinent\u0101 ar elast\u012bg\u0101m pieg\u0101des iesp\u0113j\u0101m, ieskaitot ekspress pieg\u0101di steidzamiem pas\u016bt\u012bjumiem.<\/li>\n<\/ul>\n\n<hr class=\"wp-block-separator has-alpha-channel-opacity\"\/>\n\n<h2 class=\"wp-block-heading\">K\u0101 pagatavot<\/h2>\n\n<ol class=\"wp-block-list\">\n<li><strong>T\u0113jas daudzums<\/strong>: 8g t\u0113jas uz 500ml \u016bdens<\/li>\n\n\n\n<li><strong>\u016adens temperat\u016bra<\/strong>: 70-80\u00b0C  <\/li>\n\n\n\n<li><strong>M\u0113rc\u0113\u0161anas laiks<\/strong>: 2-3 min\u016btes perfektai kr\u016bzei<\/li>\n<\/ol>\n\n<hr class=\"wp-block-separator has-alpha-channel-opacity\"\/>\n\n<h2 class=\"wp-block-heading\">Ide\u0101li piem\u0113rots<\/h2>\n\n<ul class=\"wp-block-list\">\n<li>T\u0113jas veikali, kafejn\u012bcas un restor\u0101ni, kas v\u0113las pied\u0101v\u0101t augst\u0101k\u0101s kvalit\u0101tes hojicha latte pieredzi.  <\/li>\n\n\n\n<li>Vesel\u012bgi pat\u0113r\u0113t\u0101ji, kuri dod priek\u0161roku alternat\u012bvai ar zemu kofe\u012bna saturu.<\/li>\n\n\n\n<li>Sajauc ar cit\u0101m t\u0113j\u0101m, lai izveidotu parakstu m\u0101jas t\u0113jas mais\u012bjumus.<\/li>\n<\/ul>\n\n<h2 class=\"wp-block-heading\">Pieprasiet paraugu \u0161odien<\/h2>\n\n<p>Vai v\u0113laties uzzin\u0101t bag\u0101t\u012bg\u0101s, grauzd\u0113t\u0101s gar\u0161as m\u016bsu augst\u0101k\u0101s kvalit\u0101tes hojicha?  <\/p>\n\n<p>Vienk\u0101r\u0161i aizpildiet savu inform\u0101ciju zem\u0101k, un m\u0113s nos\u016bt\u012bsim jums paraugu. Inform\u0113jiet m\u016bs, ja jums ir konkr\u0113ti piepras\u012bjumi, un m\u0113s labpr\u0101t piel\u0101gosim m\u016bsu pied\u0101v\u0101jumu j\u016bsu biznesa vajadz\u012bb\u0101m. <\/p>\n<div class=\"forminator-ui forminator-custom-form forminator-custom-form-1365 forminator-design--flat  forminator_ajax\" data-forminator-render=\"0\" data-form=\"forminator-module-1365\" data-uid=\"69dec6f9d4b5b\"><br\/><\/div><form\n\t\t\t\tid=\"forminator-module-1365\"\n\t\t\t\tclass=\"forminator-ui forminator-custom-form forminator-custom-form-1365 forminator-design--flat  forminator_ajax\"\n\t\t\t\tmethod=\"post\"\n\t\t\t\tdata-forminator-render=\"0\"\n\t\t\t\tdata-form-id=\"1365\"\n\t\t\t\t data-color-option=\"default\" data-design=\"flat\" data-grid=\"open\" style=\"display: none;\"\n\t\t\t\tdata-uid=\"69dec6f9d4b5b\"\n\t\t\t><div role=\"alert\" aria-live=\"polite\" class=\"forminator-response-message forminator-error\" aria-hidden=\"true\"><\/div><div class=\"forminator-row\"><div id=\"name-1\" class=\"forminator-field-name forminator-col forminator-col-6 \"><div class=\"forminator-field\"><input type=\"text\" name=\"name-1\" value=\"\" placeholder=\"First Name\" id=\"forminator-field-name-1_69dec6f9d4b5b\" class=\"forminator-input forminator-name--field\" aria-required=\"true\" autocomplete=\"name\" \/><\/div><\/div><div id=\"name-2\" class=\"forminator-field-name forminator-col forminator-col-6 \"><div class=\"forminator-field\"><input type=\"text\" name=\"name-2\" value=\"\" placeholder=\"Last Name\" id=\"forminator-field-name-2_69dec6f9d4b5b\" class=\"forminator-input forminator-name--field\" aria-required=\"true\" autocomplete=\"name\" \/><\/div><\/div><\/div><div class=\"forminator-row\"><div id=\"email-1\" class=\"forminator-field-email forminator-col forminator-col-12 \"><div class=\"forminator-field\"><input type=\"email\" name=\"email-1\" value=\"\" placeholder=\"Email\" id=\"forminator-field-email-1_69dec6f9d4b5b\" class=\"forminator-input forminator-email--field\" data-required=\"true\" aria-required=\"true\" autocomplete=\"email\" \/><\/div><\/div><\/div><div class=\"forminator-row\"><div id=\"phone-1\" class=\"forminator-field-phone forminator-col forminator-col-12 \"><div class=\"forminator-field\"><input type=\"text\" name=\"phone-1\" value=\"\" placeholder=\"Phone\" id=\"forminator-field-phone-1_69dec6f9d4b5b\" class=\"forminator-input forminator-field--phone\" data-required=\"\" aria-required=\"false\" autocomplete=\"off\" \/><\/div><\/div><\/div><div class=\"forminator-row\"><div id=\"textarea-1\" class=\"forminator-field-textarea forminator-col forminator-col-12 \"><div class=\"forminator-field\"><textarea name=\"textarea-1\" placeholder=\"Message\" id=\"forminator-field-textarea-1_69dec6f9d4b5b\" class=\"forminator-textarea\" rows=\"6\" style=\"min-height:140px;\" ><\/textarea><span id=\"forminator-field-textarea-1_69dec6f9d4b5b-description\" class=\"forminator-description\"><span data-limit=\"300\" data-type=\"words\" data-editor=\"\">0 \/ 300<\/span><\/span><\/div><\/div><\/div><div class=\"forminator-row\"><\/div><input type=\"hidden\" name=\"referer_url\" value=\"\" \/><div class=\"forminator-row forminator-row-last\"><div class=\"forminator-col\"><div class=\"forminator-field\"><button class=\"forminator-button forminator-button-submit\">Send<\/button><\/div><\/div><\/div><input type=\"hidden\" id=\"forminator_nonce\" name=\"forminator_nonce\" value=\"a647953a3f\" \/><input type=\"hidden\" name=\"_wp_http_referer\" value=\"\/lv\/wp-json\/wp\/v2\/pages\/8413\" \/><input type=\"hidden\" name=\"form_id\" value=\"1365\"><input type=\"hidden\" name=\"page_id\" value=\"8413\"><input type=\"hidden\" name=\"form_type\" value=\"default\"><input type=\"hidden\" name=\"current_url\" value=\"https:\/\/hojichawholesale.eu\/lv\/hojicha-videji-grauzdets-pulveris-vairumtirdznieciba\/\"><input type=\"hidden\" name=\"render_id\" value=\"0\"><input type=\"hidden\" name=\"action\" value=\"forminator_submit_form_custom-forms\"><label for=\"input_6\" class=\"forminator-hidden\" aria-hidden=\"true\">Please do not fill in this field. <input id=\"input_6\" type=\"text\" name=\"input_6\" value=\"\" autocomplete=\"off\"><\/label><\/form>\n","protected":false},"excerpt":{"rendered":"<p>Hojicha vid\u0113js grauzd\u0113jums (vairumtirdzniec\u012bba) Hojicha vid\u0113ji grauzd\u0113ts pulveris pied\u0101v\u0101 unik\u0101lu, bag\u0101t\u012bgu un zemes gar\u0161u, kas ir ide\u0101li piem\u0113rota t\u0113jas cien\u012bt\u0101jiem, kuri nov\u0113rt\u0113 l\u012bdzsvaru starp sp\u0113c\u012bg\u0101m grauzd\u0113t\u0101m not\u012bm un za\u013c\u0101s t\u0113jas dabisko saldumu. Produkta priek\u0161roc\u012bbas Vid\u0113ja grauzd\u0113ta Hojicha priek\u0161roc\u012bbas Inform\u0101cija par vairumtirdzniec\u012bbu K\u0101 pagatavot Ide\u0101li piem\u0113rots Pieprasiet paraugu \u0161odien Vai v\u0113laties uzzin\u0101t bag\u0101t\u012bg\u0101s, grauzd\u0113t\u0101s gar\u0161as m\u016bsu [&hellip;]<\/p>\n","protected":false},"author":1,"featured_media":8423,"parent":0,"menu_order":0,"comment_status":"closed","ping_status":"closed","template":"","meta":{"_surecart_dashboard_logo_width":"180px","_surecart_dashboard_show_logo":true,"_surecart_dashboard_navigation_orders":true,"_surecart_dashboard_navigation_invoices":true,"_surecart_dashboard_navigation_subscriptions":true,"_surecart_dashboard_navigation_downloads":true,"_surecart_dashboard_navigation_billing":true,"_surecart_dashboard_navigation_account":true,"footnotes":""},"class_list":["post-8413","page","type-page","status-publish","has-post-thumbnail","hentry","entry","has-media"],"mb":[],"mfb_rest_fields":["title","gutenberg_elementor_mode"],"_links":{"self":[{"href":"https:\/\/hojichawholesale.eu\/lv\/wp-json\/wp\/v2\/pages\/8413","targetHints":{"allow":["GET"]}}],"collection":[{"href":"https:\/\/hojichawholesale.eu\/lv\/wp-json\/wp\/v2\/pages"}],"about":[{"href":"https:\/\/hojichawholesale.eu\/lv\/wp-json\/wp\/v2\/types\/page"}],"author":[{"embeddable":true,"href":"https:\/\/hojichawholesale.eu\/lv\/wp-json\/wp\/v2\/users\/1"}],"replies":[{"embeddable":true,"href":"https:\/\/hojichawholesale.eu\/lv\/wp-json\/wp\/v2\/comments?post=8413"}],"version-history":[{"count":0,"href":"https:\/\/hojichawholesale.eu\/lv\/wp-json\/wp\/v2\/pages\/8413\/revisions"}],"wp:featuredmedia":[{"embeddable":true,"href":"https:\/\/hojichawholesale.eu\/lv\/wp-json\/wp\/v2\/media\/8423"}],"wp:attachment":[{"href":"https:\/\/hojichawholesale.eu\/lv\/wp-json\/wp\/v2\/media?parent=8413"}],"curies":[{"name":"wp","href":"https:\/\/api.w.org\/{rel}","templated":true}]}}