{"id":8397,"date":"2024-10-12T11:59:06","date_gmt":"2024-10-12T11:59:06","guid":{"rendered":"https:\/\/hojichawholesale.eu\/kapec-pardot-hojicha\/"},"modified":"2025-10-26T16:42:55","modified_gmt":"2025-10-26T16:42:55","slug":"kapec-pardot-hojicha","status":"publish","type":"page","link":"https:\/\/hojichawholesale.eu\/lv\/kapec-pardot-hojicha\/","title":{"rendered":"K\u0101p\u0113c p\u0101rdot hojicha?"},"content":{"rendered":"\n<h1 class=\"wp-block-heading\">K\u0101p\u0113c p\u0101rdot Hojicha?<\/h1>\n\n<p>Hojicha, jap\u0101\u0146u grauzd\u0113ta za\u013c\u0101 t\u0113ja, p\u0113d\u0113jos gados ir strauji ieguvusi popularit\u0101ti.  <\/p>\n\n<figure class=\"wp-block-image size-large\"><img fetchpriority=\"high\" decoding=\"async\" width=\"1024\" height=\"544\" src=\"https:\/\/hojichawholesale.eu\/wp-content\/uploads\/2024\/10\/hojicha-trends-1-1024x544.avif\" alt=\"\" class=\"wp-image-5519\" srcset=\"https:\/\/hojichawholesale.eu\/wp-content\/uploads\/2024\/10\/hojicha-trends-1-1024x544.avif 1024w, https:\/\/hojichawholesale.eu\/wp-content\/uploads\/2024\/10\/hojicha-trends-1-300x159.avif 300w, https:\/\/hojichawholesale.eu\/wp-content\/uploads\/2024\/10\/hojicha-trends-1-768x408.avif 768w, https:\/\/hojichawholesale.eu\/wp-content\/uploads\/2024\/10\/hojicha-trends-1-1536x816.avif 1536w, https:\/\/hojichawholesale.eu\/wp-content\/uploads\/2024\/10\/hojicha-trends-1.avif 1892w\" sizes=\"(max-width: 1024px) 100vw, 1024px\" \/><\/figure>\n\n<figure class=\"wp-block-image size-large\"><img decoding=\"async\" width=\"1024\" height=\"412\" src=\"https:\/\/hojichawholesale.eu\/wp-content\/uploads\/2024\/10\/hojicha-trends-countries-1024x412.avif\" alt=\"\" class=\"wp-image-5459\" srcset=\"https:\/\/hojichawholesale.eu\/wp-content\/uploads\/2024\/10\/hojicha-trends-countries-1024x412.avif 1024w, https:\/\/hojichawholesale.eu\/wp-content\/uploads\/2024\/10\/hojicha-trends-countries-300x121.avif 300w, https:\/\/hojichawholesale.eu\/wp-content\/uploads\/2024\/10\/hojicha-trends-countries-768x309.avif 768w, https:\/\/hojichawholesale.eu\/wp-content\/uploads\/2024\/10\/hojicha-trends-countries-1536x618.avif 1536w, https:\/\/hojichawholesale.eu\/wp-content\/uploads\/2024\/10\/hojicha-trends-countries.avif 1873w\" sizes=\"(max-width: 1024px) 100vw, 1024px\" \/><\/figure>\n\n<p>Ar savu \u012bpa\u0161o gar\u0161as profilu, pieaugo\u0161o vesel\u012bbu apzin\u012bgo pievilc\u012bbu un daudzpus\u012bbu, tas ir jauns un p\u0101rliecino\u0161s pied\u0101v\u0101jums j\u016bsu klientiem.  <\/p>\n\n<p>L\u016bk, k\u0101p\u0113c jums vajadz\u0113tu apsv\u0113rt hojicha pievieno\u0161anu savai \u0113dienkartei.<\/p>\n\n<h2 class=\"wp-block-heading\">1. Unik\u0101ls gar\u0161as profils<\/h2>\n\n<p>Hojicha izce\u013cas ar siltu, grauzd\u0113tu gar\u0161u, kas to at\u0161\u0137ir no cit\u0101m jap\u0101\u0146u t\u0113j\u0101m, piem\u0113ram, matcha vai sencha.  <\/p>\n\n<p>Grauzd\u0113\u0161anas process pie\u0161\u0137ir tai grauzd\u0113tu, nedaudz riekstu gar\u0161u ar karame\u013cu salduma m\u0101jienu, padarot to par pievilc\u012bgu izv\u0113li klientiem, kuri mekl\u0113 kaut ko citu.  <\/p>\n\n<p>R\u016bgtuma tr\u016bkums un zems kofe\u012bna saturs (grauzd\u0113\u0161anas d\u0113\u013c) padara to par univers\u0101lu un \u0123imenei draudz\u012bgu iesp\u0113ju.  <\/p>\n\n<p>Zems cukura saturs, bet gar\u0161\u012bgs, tas ir dz\u0113riens ikvienam.  <\/p>\n\n<h2 class=\"wp-block-heading\">2. Ieguvumi vesel\u012bbai<\/h2>\n\n<p>Hojicha, t\u0101pat k\u0101 citas za\u013c\u0101s t\u0113jas, saglab\u0101 daudzus ieguvumus vesel\u012bbai pat p\u0113c grauzd\u0113\u0161anas.  <\/p>\n\n<p>Tas ir bag\u0101ts ar antioksidantiem, kas ir paz\u012bstami ar savu lomu iekaisuma mazin\u0101\u0161an\u0101 un visp\u0101r\u0113j\u0101s labsaj\u016btas veicin\u0101\u0161an\u0101. Zemais kofe\u012bna saturs padara to piem\u0113rotu cilv\u0113kiem, kuri v\u0113las samazin\u0101t kofe\u012bna pat\u0113ri\u0146u, vienlaikus baudot nomierino\u0161as, vesel\u012bbu uzlabojo\u0161as t\u0113jas \u012bpa\u0161\u012bbas.   <\/p>\n\n<h2 class=\"wp-block-heading\">3. Daudzpus\u012bba kulin\u0101rijas lietojumos<\/h2>\n\n<p>Hojicha ir pieejama vai nu k\u0101 va\u013c\u012bgas lapas, vai pulveris.<\/p>\n\n<p>\u0160\u012b daudzpus\u012bba ir reti sastopama jap\u0101\u0146u t\u0113j\u0101.  <\/p>\n\n<p>Hojicha var pasniegt karstu vai aukstu, t\u0113j\u0101 vai latte, un to var cept maiz\u0113, cepumos un k\u016bk\u0101s.  <\/p>\n\n<p>To var izmantot ar\u012b k\u0101 sald\u0113juma gar\u0161u.  <\/p>\n\n<p>T\u0101s grauzd\u0113t\u0101s, zemes gar\u0161as padara to par aizraujo\u0161u sast\u0101vda\u013cu, ko izmantot gandr\u012bz vis\u0101s recept\u0113s.  <\/p>\n\n<h2 class=\"wp-block-heading\">4. Pieaugo\u0161\u0101 glob\u0101l\u0101 popularit\u0101te<\/h2>\n\n<p>Hojicha popularit\u0101te vairs neaprobe\u017eojas tikai ar Jap\u0101nu.  <\/p>\n\n<p>Starptautiskie t\u0113jas dz\u0113r\u0101ji k\u013c\u016bst piedz\u012bvojumiem bag\u0101t\u0101ki, mekl\u0113jot jaunas gar\u0161as un kult\u016bras t\u0113jas trad\u012bcijas. Pieaugot izpratnei par hod\u017ei\u010du, pieaug ar\u012b tirgus piepras\u012bjums. <\/p>\n\n<p>B\u016bdams viens no pirmajiem hojicha p\u0101rdev\u0113jiem, j\u016bs pozicion\u0113jat sevi augo\u0161\u0101s glob\u0101l\u0101s tendences priek\u0161gal\u0101, kas neliecina par pal\u0113nin\u0101\u0161anos.  <\/p>\n\n<p>J\u016bs ar\u012b pozicion\u0113jat savu biznesu k\u0101 at\u0161\u0137ir\u012bgu un modern\u0101ku nek\u0101 konkurenti.  <\/p>\n\n<h2 class=\"wp-block-heading\">5. Viegli tirgot<\/h2>\n\n<p>Produkta raksturs sniedz jums pla\u0161u le\u0146\u0137u kl\u0101stu, ko izmantot m\u0101rketing\u0101, s\u0101kot no izdom\u0101ta jap\u0101\u0146u dz\u0113riena l\u012bdz vesel\u012bbu veicino\u0161am dz\u0113rienam.  <\/p>\n\n<p>T\u0101s zem\u0101s ra\u017eo\u0161anas izmaksas \u013cauj jums piln\u012bb\u0101 kontrol\u0113t savu pe\u013c\u0146as normu.  <\/p>\n\n<h2 class=\"wp-block-heading\">Secin\u0101jums<\/h2>\n\n<p>K\u0101 galven\u0101 topo\u0161\u0101 jap\u0101\u0146u t\u0113ja, hojicha ir oblig\u0101ta kafejn\u012bc\u0101m, viesn\u012bc\u0101m, restor\u0101niem un mazumtirdzniec\u012bbas t\u0113jas veikaliem, kas v\u0113las pied\u0101v\u0101t saviem klientiem aizraujo\u0161u produktu kl\u0101stu.  <\/p>\n\n<p>Hojicha ieguvumi vesel\u012bbai, bag\u0101t\u012bgais gar\u0161as profils un pieaugo\u0161ais piepras\u012bjums padara to par strat\u0113\u0123isku papildin\u0101jumu gan mazumtirgot\u0101jiem, gan \u0113din\u0101\u0161anas uz\u0146\u0113mumiem.<\/p>\n\n<p>Neatkar\u012bgi no t\u0101, vai j\u016bsu klienti ir pieredz\u0113ju\u0161i t\u0113jas dz\u0113r\u0101ji vai jap\u0101\u0146u t\u0113ju ies\u0101c\u0113ji, hojicha noteikti izcelsies k\u0101 produkts ar pla\u0161u pievilc\u012bbu.<\/p>\n\n<h2 class=\"wp-block-heading\">Piepras\u012bt paraugu<\/h2>\n\n<p>Vai v\u0113laties uzzin\u0101t bag\u0101t\u012bg\u0101s, grauzd\u0113t\u0101s gar\u0161as m\u016bsu augst\u0101k\u0101s kvalit\u0101tes hojicha?  <\/p>\n\n<p>Vienk\u0101r\u0161i aizpildiet savu inform\u0101ciju zem\u0101k, un m\u0113s nos\u016bt\u012bsim jums paraugu. Inform\u0113jiet m\u016bs, ja jums ir konkr\u0113ti piepras\u012bjumi, un m\u0113s labpr\u0101t piel\u0101gosim m\u016bsu pied\u0101v\u0101jumu j\u016bsu biznesa vajadz\u012bb\u0101m. <\/p>\n<div class=\"forminator-ui forminator-custom-form forminator-custom-form-1365 forminator-design--flat  forminator_ajax\" data-forminator-render=\"0\" data-form=\"forminator-module-1365\" data-uid=\"69d43d6f32bb1\"><br\/><\/div><form\n\t\t\t\tid=\"forminator-module-1365\"\n\t\t\t\tclass=\"forminator-ui forminator-custom-form forminator-custom-form-1365 forminator-design--flat  forminator_ajax\"\n\t\t\t\tmethod=\"post\"\n\t\t\t\tdata-forminator-render=\"0\"\n\t\t\t\tdata-form-id=\"1365\"\n\t\t\t\t data-color-option=\"default\" data-design=\"flat\" data-grid=\"open\" style=\"display: none;\"\n\t\t\t\tdata-uid=\"69d43d6f32bb1\"\n\t\t\t><div role=\"alert\" aria-live=\"polite\" class=\"forminator-response-message forminator-error\" aria-hidden=\"true\"><\/div><div class=\"forminator-row\"><div id=\"name-1\" class=\"forminator-field-name forminator-col forminator-col-6 \"><div class=\"forminator-field\"><input type=\"text\" name=\"name-1\" value=\"\" placeholder=\"First Name\" id=\"forminator-field-name-1_69d43d6f32bb1\" class=\"forminator-input forminator-name--field\" aria-required=\"true\" autocomplete=\"name\" \/><\/div><\/div><div id=\"name-2\" class=\"forminator-field-name forminator-col forminator-col-6 \"><div class=\"forminator-field\"><input type=\"text\" name=\"name-2\" value=\"\" placeholder=\"Last Name\" id=\"forminator-field-name-2_69d43d6f32bb1\" class=\"forminator-input forminator-name--field\" aria-required=\"true\" autocomplete=\"name\" \/><\/div><\/div><\/div><div class=\"forminator-row\"><div id=\"email-1\" class=\"forminator-field-email forminator-col forminator-col-12 \"><div class=\"forminator-field\"><input type=\"email\" name=\"email-1\" value=\"\" placeholder=\"Email\" id=\"forminator-field-email-1_69d43d6f32bb1\" class=\"forminator-input forminator-email--field\" data-required=\"true\" aria-required=\"true\" autocomplete=\"email\" \/><\/div><\/div><\/div><div class=\"forminator-row\"><div id=\"phone-1\" class=\"forminator-field-phone forminator-col forminator-col-12 \"><div class=\"forminator-field\"><input type=\"text\" name=\"phone-1\" value=\"\" placeholder=\"Phone\" id=\"forminator-field-phone-1_69d43d6f32bb1\" class=\"forminator-input forminator-field--phone\" data-required=\"\" aria-required=\"false\" autocomplete=\"off\" \/><\/div><\/div><\/div><div class=\"forminator-row\"><div id=\"textarea-1\" class=\"forminator-field-textarea forminator-col forminator-col-12 \"><div class=\"forminator-field\"><textarea name=\"textarea-1\" placeholder=\"Message\" id=\"forminator-field-textarea-1_69d43d6f32bb1\" class=\"forminator-textarea\" rows=\"6\" style=\"min-height:140px;\" ><\/textarea><span id=\"forminator-field-textarea-1_69d43d6f32bb1-description\" class=\"forminator-description\"><span data-limit=\"300\" data-type=\"words\" data-editor=\"\">0 \/ 300<\/span><\/span><\/div><\/div><\/div><div class=\"forminator-row\"><\/div><input type=\"hidden\" name=\"referer_url\" value=\"\" \/><div class=\"forminator-row forminator-row-last\"><div class=\"forminator-col\"><div class=\"forminator-field\"><button class=\"forminator-button forminator-button-submit\">Send<\/button><\/div><\/div><\/div><input type=\"hidden\" id=\"forminator_nonce\" name=\"forminator_nonce\" value=\"8ad7e0b691\" \/><input type=\"hidden\" name=\"_wp_http_referer\" value=\"\/lv\/wp-json\/wp\/v2\/pages\/8397\" \/><input type=\"hidden\" name=\"form_id\" value=\"1365\"><input type=\"hidden\" name=\"page_id\" value=\"8397\"><input type=\"hidden\" name=\"form_type\" value=\"default\"><input type=\"hidden\" name=\"current_url\" value=\"https:\/\/hojichawholesale.eu\/lv\/kapec-pardot-hojicha\/\"><input type=\"hidden\" name=\"render_id\" value=\"0\"><input type=\"hidden\" name=\"action\" value=\"forminator_submit_form_custom-forms\"><label for=\"input_6\" class=\"forminator-hidden\" aria-hidden=\"true\">Please do not fill in this field. <input id=\"input_6\" type=\"text\" name=\"input_6\" value=\"\" autocomplete=\"off\"><\/label><\/form>\n","protected":false},"excerpt":{"rendered":"<p>K\u0101p\u0113c p\u0101rdot Hojicha? Hojicha, jap\u0101\u0146u grauzd\u0113ta za\u013c\u0101 t\u0113ja, p\u0113d\u0113jos gados ir strauji ieguvusi popularit\u0101ti. Ar savu \u012bpa\u0161o gar\u0161as profilu, pieaugo\u0161o vesel\u012bbu apzin\u012bgo pievilc\u012bbu un daudzpus\u012bbu, tas ir jauns un p\u0101rliecino\u0161s pied\u0101v\u0101jums j\u016bsu klientiem. L\u016bk, k\u0101p\u0113c jums vajadz\u0113tu apsv\u0113rt hojicha pievieno\u0161anu savai \u0113dienkartei. 1. Unik\u0101ls gar\u0161as profils Hojicha izce\u013cas ar siltu, grauzd\u0113tu gar\u0161u, kas to at\u0161\u0137ir [&hellip;]<\/p>\n","protected":false},"author":1,"featured_media":8409,"parent":0,"menu_order":0,"comment_status":"closed","ping_status":"closed","template":"","meta":{"_surecart_dashboard_logo_width":"180px","_surecart_dashboard_show_logo":true,"_surecart_dashboard_navigation_orders":true,"_surecart_dashboard_navigation_invoices":true,"_surecart_dashboard_navigation_subscriptions":true,"_surecart_dashboard_navigation_downloads":true,"_surecart_dashboard_navigation_billing":true,"_surecart_dashboard_navigation_account":true,"footnotes":""},"class_list":["post-8397","page","type-page","status-publish","has-post-thumbnail","hentry","entry","has-media"],"mb":[],"mfb_rest_fields":["title","gutenberg_elementor_mode"],"_links":{"self":[{"href":"https:\/\/hojichawholesale.eu\/lv\/wp-json\/wp\/v2\/pages\/8397","targetHints":{"allow":["GET"]}}],"collection":[{"href":"https:\/\/hojichawholesale.eu\/lv\/wp-json\/wp\/v2\/pages"}],"about":[{"href":"https:\/\/hojichawholesale.eu\/lv\/wp-json\/wp\/v2\/types\/page"}],"author":[{"embeddable":true,"href":"https:\/\/hojichawholesale.eu\/lv\/wp-json\/wp\/v2\/users\/1"}],"replies":[{"embeddable":true,"href":"https:\/\/hojichawholesale.eu\/lv\/wp-json\/wp\/v2\/comments?post=8397"}],"version-history":[{"count":0,"href":"https:\/\/hojichawholesale.eu\/lv\/wp-json\/wp\/v2\/pages\/8397\/revisions"}],"wp:featuredmedia":[{"embeddable":true,"href":"https:\/\/hojichawholesale.eu\/lv\/wp-json\/wp\/v2\/media\/8409"}],"wp:attachment":[{"href":"https:\/\/hojichawholesale.eu\/lv\/wp-json\/wp\/v2\/media?parent=8397"}],"curies":[{"name":"wp","href":"https:\/\/api.w.org\/{rel}","templated":true}]}}