{"id":8277,"date":"2024-10-12T09:58:42","date_gmt":"2024-10-12T09:58:42","guid":{"rendered":"https:\/\/hojichawholesale.eu\/hojicha-viesnicam-un-restoraniem\/"},"modified":"2025-10-26T16:42:40","modified_gmt":"2025-10-26T16:42:40","slug":"hojicha-viesnicam-un-restoraniem","status":"publish","type":"page","link":"https:\/\/hojichawholesale.eu\/lv\/hojicha-viesnicam-un-restoraniem\/","title":{"rendered":"Hojicha viesn\u012bc\u0101m un restor\u0101niem"},"content":{"rendered":"\n<h1 class=\"wp-block-heading\">Hojicha viesn\u012bc\u0101m un restor\u0101niem<\/h1>\n\n<p>Hojicha ir topo\u0161\u0101 modern\u0101 jap\u0101\u0146u t\u0113ja. T\u0101pat k\u0101 matcha, tas ir pieejams pulvera veid\u0101, ide\u0101li piem\u0113rots lattes, desertiem un maizes izstr\u0101d\u0101jumiem. Bet at\u0161\u0137ir\u012bb\u0101 no matcha, tas ir pieejams ar\u012b va\u013c\u012bg\u0101s lap\u0101s, \u013caujot viegli ievad\u012bt karst\u0101 \u016bden\u012b.    <\/p>\n\n<p>Hojicha ir cie\u0161i saist\u012bta ar vesel\u012bbu, izsmalcin\u0101t\u012bbu un augstu kvalit\u0101ti, pozit\u012bvi ietekm\u0113jot j\u016bsu z\u012bmolu un stilu un pal\u012bdzot klientiem justies izsmalcin\u0101tiem.  <\/p>\n\n<p>Turkl\u0101t tas pied\u0101v\u0101 augstu pe\u013c\u0146as normu, pateicoties augst\u0101k\u0101s kvalit\u0101tes uztverei un zemaj\u0101m ra\u017eo\u0161anas izmaks\u0101m.<\/p>\n\n<p>L\u016bk, k\u0101p\u0113c hojicha ir ide\u0101ls papildin\u0101jums j\u016bsu viesn\u012bcas vai restor\u0101na dz\u0113rienu izv\u0113lei.<\/p>\n\n<h2 class=\"wp-block-heading\">1. Unik\u0101la, grauzd\u0113ta gar\u0161a<\/h2>\n\n<p>Hojicha pied\u0101v\u0101 dzi\u013cu, grauzd\u0113tu gar\u0161u ar karameles, riekstu not\u012bm un vieglu d\u016bmu. T\u0101s gluda, dabiski salda gar\u0161a piesaista pla\u0161u cilv\u0113ku loku, padarot to par univers\u0101li pieejam\u0101ku iesp\u0113ju nek\u0101 matcha. <\/p>\n\n<h2 class=\"wp-block-heading\">2. Zems kofe\u012bna saturs un relaks\u0113jo\u0161s<\/h2>\n\n<p>Augst\u0101 temperat\u016br\u0101 grauzd\u0113t\u0101 hod\u017ei\u010da satur minim\u0101lu kofe\u012bna saturu, padarot to par ide\u0101lu iesp\u0113ju viesiem, kuri mekl\u0113 atp\u016btu jebkur\u0101 diennakts laik\u0101. \u0160is zema kofe\u012bna profils ir piem\u0113rots tiem, kas ir jut\u012bgi pret kofe\u012bnu, uzlabojot j\u016bsu \u0113dienkartes pievilc\u012bbu. <\/p>\n<div class=\"wp-block-image\">\n<figure class=\"aligncenter size-large is-resized\"><img fetchpriority=\"high\" decoding=\"async\" width=\"1024\" height=\"684\" src=\"https:\/\/hojichawholesale.eu\/wp-content\/uploads\/2024\/10\/Depositphotos_500113964_L-1024x684.avif\" alt=\"\" class=\"wp-image-5326\" style=\"width:509px;height:auto\" srcset=\"https:\/\/hojichawholesale.eu\/wp-content\/uploads\/2024\/10\/Depositphotos_500113964_L-1024x684.avif 1024w, https:\/\/hojichawholesale.eu\/wp-content\/uploads\/2024\/10\/Depositphotos_500113964_L-300x200.avif 300w, https:\/\/hojichawholesale.eu\/wp-content\/uploads\/2024\/10\/Depositphotos_500113964_L-768x513.avif 768w, https:\/\/hojichawholesale.eu\/wp-content\/uploads\/2024\/10\/Depositphotos_500113964_L.avif 1200w\" sizes=\"(max-width: 1024px) 100vw, 1024px\" \/><\/figure>\n<\/div>\n<h2 class=\"wp-block-heading\">3. Vesel\u012bbai atbilsto\u0161a izv\u0113le<\/h2>\n\n<p>T\u0101 k\u0101 \u0113din\u0101t\u0101ji arvien vair\u0101k pie\u0161\u0137ir priorit\u0101ti vesel\u012bbai, hojicha pied\u0101v\u0101 daudz priek\u0161roc\u012bbu. Tas ir bag\u0101ts ar antioksidantiem, veicina gremo\u0161anu, samazina stresu un veicina relaks\u0101ciju. Zemais kofe\u012bna saturs padara to piem\u0113rotu ar\u012b visu vecumu cilv\u0113kiem, piesaistot viesus, kas apzin\u0101s vesel\u012bbu, \u0123imenes un biznesa ce\u013cot\u0101jus.  <\/p>\n\n<h2 class=\"wp-block-heading\">4. Daudzpus\u012bgas pasnieg\u0161anas iesp\u0113jas<\/h2>\n\n<p>Hojicha ir elast\u012bga sast\u0101vda\u013ca, neatkar\u012bgi no t\u0101, vai t\u0101 tiek pasniegta karsta vai ledus, vai iek\u013cauta latte, koktei\u013cos vai desertos. T\u0101s daudzpus\u012bba \u013cauj bezgal\u012bgi rado\u0161i izmantot dz\u0113rienu un desertu \u0113dienkartes, pie\u0161\u0137irot j\u016bsu pied\u0101v\u0101jumam unik\u0101lu piesk\u0101rienu. <\/p>\n<div class=\"wp-block-image\">\n<figure class=\"aligncenter size-large is-resized\"><img decoding=\"async\" width=\"1024\" height=\"683\" src=\"https:\/\/hojichawholesale.eu\/wp-content\/uploads\/2024\/10\/Depositphotos_507526862_L-1024x683.avif\" alt=\"\" class=\"wp-image-5332\" style=\"width:605px;height:auto\" srcset=\"https:\/\/hojichawholesale.eu\/wp-content\/uploads\/2024\/10\/Depositphotos_507526862_L-1024x683.avif 1024w, https:\/\/hojichawholesale.eu\/wp-content\/uploads\/2024\/10\/Depositphotos_507526862_L-300x200.avif 300w, https:\/\/hojichawholesale.eu\/wp-content\/uploads\/2024\/10\/Depositphotos_507526862_L-768x512.avif 768w, https:\/\/hojichawholesale.eu\/wp-content\/uploads\/2024\/10\/Depositphotos_507526862_L.avif 1200w\" sizes=\"(max-width: 1024px) 100vw, 1024px\" \/><figcaption class=\"wp-element-caption\">D\u0113lis ar sausu hojicha za\u013co t\u0113ju un tasi karsta dz\u0113riena uz kr\u0101saina fona<\/figcaption><\/figure>\n<\/div>\n<h2 class=\"wp-block-heading\">5. Pieaugo\u0161a tendence<\/h2>\n\n<p>T\u0101 k\u0101 matcha tagad ir popul\u0101ra, Hojicha ir gatava k\u013c\u016bt par n\u0101kamo lielo tendenci jap\u0101\u0146u t\u0113j\u0101s, jo \u012bpa\u0161i Eirop\u0101. Hojicha pied\u0101v\u0101\u0161ana \u013cauj j\u016bsu iest\u0101dei izcelties ar augst\u0101k\u0101s klases, ekskluz\u012bvu iesp\u0113ju, kas p\u0101rsteigs viesus un uzlabos j\u016bsu st\u0101vokli.   <\/p>\n\n<figure class=\"wp-block-image size-large\"><img decoding=\"async\" width=\"1024\" height=\"544\" src=\"https:\/\/hojichawholesale.eu\/wp-content\/uploads\/2024\/10\/hojicha-trends-1-1024x544.avif\" alt=\"\" class=\"wp-image-5519\" srcset=\"https:\/\/hojichawholesale.eu\/wp-content\/uploads\/2024\/10\/hojicha-trends-1-1024x544.avif 1024w, https:\/\/hojichawholesale.eu\/wp-content\/uploads\/2024\/10\/hojicha-trends-1-300x159.avif 300w, https:\/\/hojichawholesale.eu\/wp-content\/uploads\/2024\/10\/hojicha-trends-1-768x408.avif 768w, https:\/\/hojichawholesale.eu\/wp-content\/uploads\/2024\/10\/hojicha-trends-1-1536x816.avif 1536w, https:\/\/hojichawholesale.eu\/wp-content\/uploads\/2024\/10\/hojicha-trends-1.avif 1892w\" sizes=\"(max-width: 1024px) 100vw, 1024px\" \/><\/figure>\n\n<figure class=\"wp-block-image size-large\"><img loading=\"lazy\" decoding=\"async\" width=\"1024\" height=\"412\" src=\"https:\/\/hojichawholesale.eu\/wp-content\/uploads\/2024\/10\/hojicha-trends-countries-1024x412.avif\" alt=\"\" class=\"wp-image-5459\" srcset=\"https:\/\/hojichawholesale.eu\/wp-content\/uploads\/2024\/10\/hojicha-trends-countries-1024x412.avif 1024w, https:\/\/hojichawholesale.eu\/wp-content\/uploads\/2024\/10\/hojicha-trends-countries-300x121.avif 300w, https:\/\/hojichawholesale.eu\/wp-content\/uploads\/2024\/10\/hojicha-trends-countries-768x309.avif 768w, https:\/\/hojichawholesale.eu\/wp-content\/uploads\/2024\/10\/hojicha-trends-countries-1536x618.avif 1536w, https:\/\/hojichawholesale.eu\/wp-content\/uploads\/2024\/10\/hojicha-trends-countries.avif 1873w\" sizes=\"(max-width: 1024px) 100vw, 1024px\" \/><\/figure>\n\n<h2 class=\"wp-block-heading\">6. Viegli tirgot<\/h2>\n\n<p>Produkta raksturs sniedz jums pla\u0161u le\u0146\u0137u kl\u0101stu, ko izmantot m\u0101rketing\u0101, s\u0101kot no izdom\u0101ta jap\u0101\u0146u dz\u0113riena l\u012bdz vesel\u012bbu veicino\u0161am dz\u0113rienam.<\/p>\n\n<p>T\u0101s zem\u0101s ra\u017eo\u0161anas izmaksas \u013cauj jums piln\u012bb\u0101 kontrol\u0113t savu pe\u013c\u0146as normu.<\/p>\n\n<h2 class=\"wp-block-heading\">Piepras\u012bt paraugu<\/h2>\n\n<p>Vai v\u0113laties uzzin\u0101t bag\u0101t\u012bg\u0101s, grauzd\u0113t\u0101s gar\u0161as m\u016bsu augst\u0101k\u0101s kvalit\u0101tes hojicha?  <\/p>\n\n<p>Vienk\u0101r\u0161i aizpildiet savu inform\u0101ciju zem\u0101k, un m\u0113s nos\u016bt\u012bsim jums paraugu. Inform\u0113jiet m\u016bs, ja jums ir konkr\u0113ti piepras\u012bjumi, un m\u0113s labpr\u0101t piel\u0101gosim m\u016bsu pied\u0101v\u0101jumu j\u016bsu biznesa vajadz\u012bb\u0101m. <\/p>\n<div class=\"forminator-ui forminator-custom-form forminator-custom-form-1365 forminator-design--flat  forminator_ajax\" data-forminator-render=\"0\" data-form=\"forminator-module-1365\" data-uid=\"69d4428e0eff5\"><br\/><\/div><form\n\t\t\t\tid=\"forminator-module-1365\"\n\t\t\t\tclass=\"forminator-ui forminator-custom-form forminator-custom-form-1365 forminator-design--flat  forminator_ajax\"\n\t\t\t\tmethod=\"post\"\n\t\t\t\tdata-forminator-render=\"0\"\n\t\t\t\tdata-form-id=\"1365\"\n\t\t\t\t data-color-option=\"default\" data-design=\"flat\" data-grid=\"open\" style=\"display: none;\"\n\t\t\t\tdata-uid=\"69d4428e0eff5\"\n\t\t\t><div role=\"alert\" aria-live=\"polite\" class=\"forminator-response-message forminator-error\" aria-hidden=\"true\"><\/div><div class=\"forminator-row\"><div id=\"name-1\" class=\"forminator-field-name forminator-col forminator-col-6 \"><div class=\"forminator-field\"><input type=\"text\" name=\"name-1\" value=\"\" placeholder=\"First Name\" id=\"forminator-field-name-1_69d4428e0eff5\" class=\"forminator-input forminator-name--field\" aria-required=\"true\" autocomplete=\"name\" \/><\/div><\/div><div id=\"name-2\" class=\"forminator-field-name forminator-col forminator-col-6 \"><div class=\"forminator-field\"><input type=\"text\" name=\"name-2\" value=\"\" placeholder=\"Last Name\" id=\"forminator-field-name-2_69d4428e0eff5\" class=\"forminator-input forminator-name--field\" aria-required=\"true\" autocomplete=\"name\" \/><\/div><\/div><\/div><div class=\"forminator-row\"><div id=\"email-1\" class=\"forminator-field-email forminator-col forminator-col-12 \"><div class=\"forminator-field\"><input type=\"email\" name=\"email-1\" value=\"\" placeholder=\"Email\" id=\"forminator-field-email-1_69d4428e0eff5\" class=\"forminator-input forminator-email--field\" data-required=\"true\" aria-required=\"true\" autocomplete=\"email\" \/><\/div><\/div><\/div><div class=\"forminator-row\"><div id=\"phone-1\" class=\"forminator-field-phone forminator-col forminator-col-12 \"><div class=\"forminator-field\"><input type=\"text\" name=\"phone-1\" value=\"\" placeholder=\"Phone\" id=\"forminator-field-phone-1_69d4428e0eff5\" class=\"forminator-input forminator-field--phone\" data-required=\"\" aria-required=\"false\" autocomplete=\"off\" \/><\/div><\/div><\/div><div class=\"forminator-row\"><div id=\"textarea-1\" class=\"forminator-field-textarea forminator-col forminator-col-12 \"><div class=\"forminator-field\"><textarea name=\"textarea-1\" placeholder=\"Message\" id=\"forminator-field-textarea-1_69d4428e0eff5\" class=\"forminator-textarea\" rows=\"6\" style=\"min-height:140px;\" ><\/textarea><span id=\"forminator-field-textarea-1_69d4428e0eff5-description\" class=\"forminator-description\"><span data-limit=\"300\" data-type=\"words\" data-editor=\"\">0 \/ 300<\/span><\/span><\/div><\/div><\/div><div class=\"forminator-row\"><\/div><input type=\"hidden\" name=\"referer_url\" value=\"\" \/><div class=\"forminator-row forminator-row-last\"><div class=\"forminator-col\"><div class=\"forminator-field\"><button class=\"forminator-button forminator-button-submit\">Send<\/button><\/div><\/div><\/div><input type=\"hidden\" id=\"forminator_nonce\" name=\"forminator_nonce\" value=\"8ad7e0b691\" \/><input type=\"hidden\" name=\"_wp_http_referer\" value=\"\/lv\/wp-json\/wp\/v2\/pages\/8277\" \/><input type=\"hidden\" name=\"form_id\" value=\"1365\"><input type=\"hidden\" name=\"page_id\" value=\"8277\"><input type=\"hidden\" name=\"form_type\" value=\"default\"><input type=\"hidden\" name=\"current_url\" value=\"https:\/\/hojichawholesale.eu\/lv\/hojicha-viesnicam-un-restoraniem\/\"><input type=\"hidden\" name=\"render_id\" value=\"0\"><input type=\"hidden\" name=\"action\" value=\"forminator_submit_form_custom-forms\"><label for=\"input_6\" class=\"forminator-hidden\" aria-hidden=\"true\">Please do not fill in this field. <input id=\"input_6\" type=\"text\" name=\"input_6\" value=\"\" autocomplete=\"off\"><\/label><\/form>\n\n<p><\/p>\n","protected":false},"excerpt":{"rendered":"<p>Hojicha viesn\u012bc\u0101m un restor\u0101niem Hojicha ir topo\u0161\u0101 modern\u0101 jap\u0101\u0146u t\u0113ja. T\u0101pat k\u0101 matcha, tas ir pieejams pulvera veid\u0101, ide\u0101li piem\u0113rots lattes, desertiem un maizes izstr\u0101d\u0101jumiem. Bet at\u0161\u0137ir\u012bb\u0101 no matcha, tas ir pieejams ar\u012b va\u013c\u012bg\u0101s lap\u0101s, \u013caujot viegli ievad\u012bt karst\u0101 \u016bden\u012b. Hojicha ir cie\u0161i saist\u012bta ar vesel\u012bbu, izsmalcin\u0101t\u012bbu un augstu kvalit\u0101ti, pozit\u012bvi ietekm\u0113jot j\u016bsu z\u012bmolu un [&hellip;]<\/p>\n","protected":false},"author":1,"featured_media":8280,"parent":0,"menu_order":0,"comment_status":"closed","ping_status":"closed","template":"","meta":{"_surecart_dashboard_logo_width":"180px","_surecart_dashboard_show_logo":true,"_surecart_dashboard_navigation_orders":true,"_surecart_dashboard_navigation_invoices":true,"_surecart_dashboard_navigation_subscriptions":true,"_surecart_dashboard_navigation_downloads":true,"_surecart_dashboard_navigation_billing":true,"_surecart_dashboard_navigation_account":true,"footnotes":""},"class_list":["post-8277","page","type-page","status-publish","has-post-thumbnail","hentry","entry","has-media"],"mb":[],"mfb_rest_fields":["title","gutenberg_elementor_mode"],"_links":{"self":[{"href":"https:\/\/hojichawholesale.eu\/lv\/wp-json\/wp\/v2\/pages\/8277","targetHints":{"allow":["GET"]}}],"collection":[{"href":"https:\/\/hojichawholesale.eu\/lv\/wp-json\/wp\/v2\/pages"}],"about":[{"href":"https:\/\/hojichawholesale.eu\/lv\/wp-json\/wp\/v2\/types\/page"}],"author":[{"embeddable":true,"href":"https:\/\/hojichawholesale.eu\/lv\/wp-json\/wp\/v2\/users\/1"}],"replies":[{"embeddable":true,"href":"https:\/\/hojichawholesale.eu\/lv\/wp-json\/wp\/v2\/comments?post=8277"}],"version-history":[{"count":0,"href":"https:\/\/hojichawholesale.eu\/lv\/wp-json\/wp\/v2\/pages\/8277\/revisions"}],"wp:featuredmedia":[{"embeddable":true,"href":"https:\/\/hojichawholesale.eu\/lv\/wp-json\/wp\/v2\/media\/8280"}],"wp:attachment":[{"href":"https:\/\/hojichawholesale.eu\/lv\/wp-json\/wp\/v2\/media?parent=8277"}],"curies":[{"name":"wp","href":"https:\/\/api.w.org\/{rel}","templated":true}]}}