{"id":8172,"date":"2024-10-11T17:57:17","date_gmt":"2024-10-11T17:57:17","guid":{"rendered":"https:\/\/hojichawholesale.eu\/hojicha-tejas-veikalu-mazumtirdzniecibai\/"},"modified":"2025-10-26T16:42:28","modified_gmt":"2025-10-26T16:42:28","slug":"hojicha-tejas-veikalu-mazumtirdzniecibai","status":"publish","type":"page","link":"https:\/\/hojichawholesale.eu\/lv\/hojicha-tejas-veikalu-mazumtirdzniecibai\/","title":{"rendered":"Hojicha t\u0113jas veikalu mazumtirdzniec\u012bbai"},"content":{"rendered":"\n<h1 class=\"wp-block-heading\">Hojicha t\u0113jas veikalu mazumtirdzniec\u012bbai<\/h1>\n\n<p>Hojicha ir pieaugusi popularit\u0101te un k\u013c\u016bst par izcilu produktu no Jap\u0101nas. L\u016bk, k\u0101p\u0113c tam vajadz\u0113tu b\u016bt da\u013cai no j\u016bsu t\u0113jas veikala izv\u0113les. <\/p>\n\n<h2 class=\"wp-block-heading\">1. <strong>Unik\u0101ls gar\u0161as profils<\/strong><\/h2>\n\n<p>Hojicha \u012bpatn\u0113jais grauzd\u0113\u0161anas process pie\u0161\u0137ir tam siltu, grauzd\u0113tu arom\u0101tu un maigu, riekstu gar\u0161u. At\u0161\u0137ir\u012bb\u0101 no tradicion\u0101laj\u0101m za\u013caj\u0101m t\u0113j\u0101m, taj\u0101 dabiski ir zems kofe\u012bna saturs, padarot to par lielisku izv\u0113li klientiem, kuri v\u0113las nomierino\u0161u t\u0113ju, ko var baud\u012bt visas dienas garum\u0101, pat vakar\u0101. <\/p>\n<div class=\"wp-block-image\">\n<figure class=\"aligncenter size-large is-resized\"><img fetchpriority=\"high\" decoding=\"async\" width=\"1024\" height=\"683\" src=\"https:\/\/hojichawholesale.eu\/wp-content\/uploads\/2024\/10\/Depositphotos_505383520_L-1024x683.avif\" alt=\"\" class=\"wp-image-5324\" style=\"width:484px;height:auto\" srcset=\"https:\/\/hojichawholesale.eu\/wp-content\/uploads\/2024\/10\/Depositphotos_505383520_L-1024x683.avif 1024w, https:\/\/hojichawholesale.eu\/wp-content\/uploads\/2024\/10\/Depositphotos_505383520_L-300x200.avif 300w, https:\/\/hojichawholesale.eu\/wp-content\/uploads\/2024\/10\/Depositphotos_505383520_L-768x512.avif 768w, https:\/\/hojichawholesale.eu\/wp-content\/uploads\/2024\/10\/Depositphotos_505383520_L.avif 1200w\" sizes=\"(max-width: 1024px) 100vw, 1024px\" \/><\/figure>\n<\/div>\n<h2 class=\"wp-block-heading\">2. <strong>Ieguvumi vesel\u012bbai<\/strong><\/h2>\n\n<p>Hojicha ir bag\u0101ts ar antioksidantiem, piem\u0113ram, kateh\u012bniem, kas padara to par galveno kandid\u0101tu vesel\u012bbas m\u0101rketinga kampa\u0146\u0101m.  <\/p>\n\n<p>Zemais kofe\u012bna saturs padara to piem\u0113rotu tiem, kas ir jut\u012bgi pret stimulantiem, un grauzd\u0113\u0161anas process samazina tan\u012bnus, pie\u0161\u0137irot tai gludu tekst\u016bru bez r\u016bgtuma, kas bie\u017ei saist\u012bts ar za\u013co t\u0113ju.<\/p>\n\n<h2 class=\"wp-block-heading\">3. <strong>Pievilc\u012bba augo\u0161am tirgum<\/strong><\/h2>\n\n<p>Pieaugot piepras\u012bjumam p\u0113c \u012bpa\u0161\u0101m t\u0113j\u0101m un labsaj\u016btas produktiem, hojicha pied\u0101v\u0101 j\u016bsu veikalam iesp\u0113ju piesaist\u012bt klientus, kas apzin\u0101s vesel\u012bbu.  <\/p>\n\n<p>T\u0101s at\u0161\u0137ir\u012bg\u0101 gar\u0161a un zems kofe\u012bna saturs piesaista daudzveid\u012bgu auditoriju, s\u0101kot no t\u0113jas entuziastiem l\u012bdz pat\u0113r\u0113t\u0101jiem, kas v\u0113rsti uz vesel\u012bbu. T\u0101 ir lieliska izv\u0113le tiem, kas mekl\u0113 mier\u012bgu un nomierino\u0161u karstu nakts dz\u0113rienu. <\/p>\n\n<figure class=\"wp-block-image size-large is-resized\"><img decoding=\"async\" width=\"1024\" height=\"544\" src=\"https:\/\/hojichawholesale.eu\/wp-content\/uploads\/2024\/10\/hojicha-trends-1-1024x544.avif\" alt=\"\" class=\"wp-image-5519\" style=\"width:840px;height:auto\" srcset=\"https:\/\/hojichawholesale.eu\/wp-content\/uploads\/2024\/10\/hojicha-trends-1-1024x544.avif 1024w, https:\/\/hojichawholesale.eu\/wp-content\/uploads\/2024\/10\/hojicha-trends-1-300x159.avif 300w, https:\/\/hojichawholesale.eu\/wp-content\/uploads\/2024\/10\/hojicha-trends-1-768x408.avif 768w, https:\/\/hojichawholesale.eu\/wp-content\/uploads\/2024\/10\/hojicha-trends-1-1536x816.avif 1536w, https:\/\/hojichawholesale.eu\/wp-content\/uploads\/2024\/10\/hojicha-trends-1.avif 1892w\" sizes=\"(max-width: 1024px) 100vw, 1024px\" \/><\/figure>\n\n<figure class=\"wp-block-image size-large\"><img decoding=\"async\" width=\"1024\" height=\"412\" src=\"https:\/\/hojichawholesale.eu\/wp-content\/uploads\/2024\/10\/hojicha-trends-countries-1024x412.avif\" alt=\"\" class=\"wp-image-5459\" srcset=\"https:\/\/hojichawholesale.eu\/wp-content\/uploads\/2024\/10\/hojicha-trends-countries-1024x412.avif 1024w, https:\/\/hojichawholesale.eu\/wp-content\/uploads\/2024\/10\/hojicha-trends-countries-300x121.avif 300w, https:\/\/hojichawholesale.eu\/wp-content\/uploads\/2024\/10\/hojicha-trends-countries-768x309.avif 768w, https:\/\/hojichawholesale.eu\/wp-content\/uploads\/2024\/10\/hojicha-trends-countries-1536x618.avif 1536w, https:\/\/hojichawholesale.eu\/wp-content\/uploads\/2024\/10\/hojicha-trends-countries.avif 1873w\" sizes=\"(max-width: 1024px) 100vw, 1024px\" \/><\/figure>\n\n<h2 class=\"wp-block-heading\">4. <strong>Daudzpus\u012bba lieto\u0161an\u0101<\/strong><\/h2>\n\n<p>At\u0161\u0137ir\u012bb\u0101 no matcha, hojicha ir pieejama gan pulvera, gan va\u013c\u0113ju lapu form\u0101, sniedzot jums nepiecie\u0161amo elast\u012bbu, lai reklam\u0113tu t\u0101s \u012bpa\u0161\u012bbas.  <\/p>\n\n<p>To var izmantot ar\u012b lattes, maizes izstr\u0101d\u0101jumos, sald\u0113jum\u0101 vai k\u0101 vienk\u0101r\u0161u t\u0113ju.  <\/p>\n\n<h2 class=\"wp-block-heading\">5. <strong>Augst\u0101k\u0101 kvalit\u0101te<\/strong><\/h2>\n\n<p>M\u016bsu hojicha tiek ieg\u016bta tie\u0161i no lab\u0101kajiem jap\u0101\u0146u t\u0113jas ra\u017eot\u0101jiem. Tas nodro\u0161ina, ka j\u016bs sa\u0146emat visaugst\u0101k\u0101s kvalit\u0101tes produktu ar konsekventu gar\u0161as profilu, kas j\u016bsu klientiem patiks un atgriez\u012bsies. <\/p>\n\n<h2 class=\"wp-block-heading\">6. Vesel\u012bgas rezerves<\/h2>\n\n<p>Hojicha ir l\u0113ta ra\u017eo\u0161ana un saist\u012bta ar jap\u0101\u0146u kult\u016bru, kas noz\u012bm\u0113, ka klienti ir gatavi maks\u0101t piemaksu, \u012bpa\u0161i par hojicha pulveri.  <\/p>\n\n<p>Hojicha pal\u012bdz\u0113s jums da\u017e\u0101dot savu pied\u0101v\u0101jumu un apmierin\u0101t jaunu pat\u0113r\u0113t\u0101ju veidu, kas mekl\u0113 nepietiekami paman\u012btus un topo\u0161os produktus.  <\/p>\n\n<h2 class=\"wp-block-heading\">Piepras\u012bt paraugu<\/h2>\n\n<p>Vai v\u0113laties uzzin\u0101t bag\u0101t\u012bg\u0101s, grauzd\u0113t\u0101s gar\u0161as m\u016bsu augst\u0101k\u0101s kvalit\u0101tes hojicha?  <\/p>\n\n<p>Vienk\u0101r\u0161i aizpildiet savu inform\u0101ciju zem\u0101k, un m\u0113s nos\u016bt\u012bsim jums paraugu. Inform\u0113jiet m\u016bs, ja jums ir konkr\u0113ti piepras\u012bjumi, un m\u0113s labpr\u0101t piel\u0101gosim m\u016bsu pied\u0101v\u0101jumu j\u016bsu biznesa vajadz\u012bb\u0101m. <\/p>\n<div class=\"forminator-ui forminator-custom-form forminator-custom-form-1365 forminator-design--flat  forminator_ajax\" data-forminator-render=\"0\" data-form=\"forminator-module-1365\" data-uid=\"69d441110b2d9\"><br\/><\/div><form\n\t\t\t\tid=\"forminator-module-1365\"\n\t\t\t\tclass=\"forminator-ui forminator-custom-form forminator-custom-form-1365 forminator-design--flat  forminator_ajax\"\n\t\t\t\tmethod=\"post\"\n\t\t\t\tdata-forminator-render=\"0\"\n\t\t\t\tdata-form-id=\"1365\"\n\t\t\t\t data-color-option=\"default\" data-design=\"flat\" data-grid=\"open\" style=\"display: none;\"\n\t\t\t\tdata-uid=\"69d441110b2d9\"\n\t\t\t><div role=\"alert\" aria-live=\"polite\" class=\"forminator-response-message forminator-error\" aria-hidden=\"true\"><\/div><div class=\"forminator-row\"><div id=\"name-1\" class=\"forminator-field-name forminator-col forminator-col-6 \"><div class=\"forminator-field\"><input type=\"text\" name=\"name-1\" value=\"\" placeholder=\"First Name\" id=\"forminator-field-name-1_69d441110b2d9\" class=\"forminator-input forminator-name--field\" aria-required=\"true\" autocomplete=\"name\" \/><\/div><\/div><div id=\"name-2\" class=\"forminator-field-name forminator-col forminator-col-6 \"><div class=\"forminator-field\"><input type=\"text\" name=\"name-2\" value=\"\" placeholder=\"Last Name\" id=\"forminator-field-name-2_69d441110b2d9\" class=\"forminator-input forminator-name--field\" aria-required=\"true\" autocomplete=\"name\" \/><\/div><\/div><\/div><div class=\"forminator-row\"><div id=\"email-1\" class=\"forminator-field-email forminator-col forminator-col-12 \"><div class=\"forminator-field\"><input type=\"email\" name=\"email-1\" value=\"\" placeholder=\"Email\" id=\"forminator-field-email-1_69d441110b2d9\" class=\"forminator-input forminator-email--field\" data-required=\"true\" aria-required=\"true\" autocomplete=\"email\" \/><\/div><\/div><\/div><div class=\"forminator-row\"><div id=\"phone-1\" class=\"forminator-field-phone forminator-col forminator-col-12 \"><div class=\"forminator-field\"><input type=\"text\" name=\"phone-1\" value=\"\" placeholder=\"Phone\" id=\"forminator-field-phone-1_69d441110b2d9\" class=\"forminator-input forminator-field--phone\" data-required=\"\" aria-required=\"false\" autocomplete=\"off\" \/><\/div><\/div><\/div><div class=\"forminator-row\"><div id=\"textarea-1\" class=\"forminator-field-textarea forminator-col forminator-col-12 \"><div class=\"forminator-field\"><textarea name=\"textarea-1\" placeholder=\"Message\" id=\"forminator-field-textarea-1_69d441110b2d9\" class=\"forminator-textarea\" rows=\"6\" style=\"min-height:140px;\" ><\/textarea><span id=\"forminator-field-textarea-1_69d441110b2d9-description\" class=\"forminator-description\"><span data-limit=\"300\" data-type=\"words\" data-editor=\"\">0 \/ 300<\/span><\/span><\/div><\/div><\/div><div class=\"forminator-row\"><\/div><input type=\"hidden\" name=\"referer_url\" value=\"\" \/><div class=\"forminator-row forminator-row-last\"><div class=\"forminator-col\"><div class=\"forminator-field\"><button class=\"forminator-button forminator-button-submit\">Send<\/button><\/div><\/div><\/div><input type=\"hidden\" id=\"forminator_nonce\" name=\"forminator_nonce\" value=\"8ad7e0b691\" \/><input type=\"hidden\" name=\"_wp_http_referer\" value=\"\/lv\/wp-json\/wp\/v2\/pages\/8172\" \/><input type=\"hidden\" name=\"form_id\" value=\"1365\"><input type=\"hidden\" name=\"page_id\" value=\"8172\"><input type=\"hidden\" name=\"form_type\" value=\"default\"><input type=\"hidden\" name=\"current_url\" value=\"https:\/\/hojichawholesale.eu\/lv\/hojicha-tejas-veikalu-mazumtirdzniecibai\/\"><input type=\"hidden\" name=\"render_id\" value=\"0\"><input type=\"hidden\" name=\"action\" value=\"forminator_submit_form_custom-forms\"><label for=\"input_6\" class=\"forminator-hidden\" aria-hidden=\"true\">Please do not fill in this field. <input id=\"input_6\" type=\"text\" name=\"input_6\" value=\"\" autocomplete=\"off\"><\/label><\/form>\n","protected":false},"excerpt":{"rendered":"<p>Hojicha t\u0113jas veikalu mazumtirdzniec\u012bbai Hojicha ir pieaugusi popularit\u0101te un k\u013c\u016bst par izcilu produktu no Jap\u0101nas. L\u016bk, k\u0101p\u0113c tam vajadz\u0113tu b\u016bt da\u013cai no j\u016bsu t\u0113jas veikala izv\u0113les. 1. Unik\u0101ls gar\u0161as profils Hojicha \u012bpatn\u0113jais grauzd\u0113\u0161anas process pie\u0161\u0137ir tam siltu, grauzd\u0113tu arom\u0101tu un maigu, riekstu gar\u0161u. At\u0161\u0137ir\u012bb\u0101 no tradicion\u0101laj\u0101m za\u013caj\u0101m t\u0113j\u0101m, taj\u0101 dabiski ir zems kofe\u012bna saturs, padarot [&hellip;]<\/p>\n","protected":false},"author":1,"featured_media":8174,"parent":0,"menu_order":0,"comment_status":"closed","ping_status":"closed","template":"","meta":{"_surecart_dashboard_logo_width":"180px","_surecart_dashboard_show_logo":true,"_surecart_dashboard_navigation_orders":true,"_surecart_dashboard_navigation_invoices":true,"_surecart_dashboard_navigation_subscriptions":true,"_surecart_dashboard_navigation_downloads":true,"_surecart_dashboard_navigation_billing":true,"_surecart_dashboard_navigation_account":true,"footnotes":""},"class_list":["post-8172","page","type-page","status-publish","has-post-thumbnail","hentry","entry","has-media"],"mb":[],"mfb_rest_fields":["title","gutenberg_elementor_mode"],"_links":{"self":[{"href":"https:\/\/hojichawholesale.eu\/lv\/wp-json\/wp\/v2\/pages\/8172","targetHints":{"allow":["GET"]}}],"collection":[{"href":"https:\/\/hojichawholesale.eu\/lv\/wp-json\/wp\/v2\/pages"}],"about":[{"href":"https:\/\/hojichawholesale.eu\/lv\/wp-json\/wp\/v2\/types\/page"}],"author":[{"embeddable":true,"href":"https:\/\/hojichawholesale.eu\/lv\/wp-json\/wp\/v2\/users\/1"}],"replies":[{"embeddable":true,"href":"https:\/\/hojichawholesale.eu\/lv\/wp-json\/wp\/v2\/comments?post=8172"}],"version-history":[{"count":0,"href":"https:\/\/hojichawholesale.eu\/lv\/wp-json\/wp\/v2\/pages\/8172\/revisions"}],"wp:featuredmedia":[{"embeddable":true,"href":"https:\/\/hojichawholesale.eu\/lv\/wp-json\/wp\/v2\/media\/8174"}],"wp:attachment":[{"href":"https:\/\/hojichawholesale.eu\/lv\/wp-json\/wp\/v2\/media?parent=8172"}],"curies":[{"name":"wp","href":"https:\/\/api.w.org\/{rel}","templated":true}]}}