{"id":8045,"date":"2024-08-24T19:47:32","date_gmt":"2024-08-24T19:47:32","guid":{"rendered":"https:\/\/hojichawholesale.eu\/par-hojicha-vairumtirdzniecibu\/"},"modified":"2026-03-06T16:46:54","modified_gmt":"2026-03-06T16:46:54","slug":"par-hojicha-vairumtirdzniecibu","status":"publish","type":"page","link":"https:\/\/hojichawholesale.eu\/lv\/par-hojicha-vairumtirdzniecibu\/","title":{"rendered":"Par Hojicha vairumtirdzniec\u012bbu"},"content":{"rendered":"\n<h1 class=\"wp-block-heading\">Par Hojicha vairumtirdzniec\u012bbu<\/h1>\n\n<p>Hojicha vairumtirdzniec\u012bba ir Eiropas vairumtirgot\u0101js, kas nodarbojas ar jap\u0101\u0146u hojicha.<\/p>\n\n<p>M\u016bsu misija ir nodro\u0161in\u0101t augst\u0101k\u0101s kvalit\u0101tes hojicha t\u0113ju HORECA nozares z\u012bmoliem un uz\u0146\u0113mumiem. M\u0113s import\u0113jam augst\u0101k\u0101s kvalit\u0101tes hojicha vairumtirdzniec\u012bbas apjomus no m\u016bsu uzticamajiem pieg\u0101d\u0101t\u0101jiem Jap\u0101n\u0101 un p\u0101rdal\u0101m to vis\u0101 Eiropas kontinent\u0101 restor\u0101niem, viesn\u012bc\u0101m, kafejn\u012bc\u0101m un neatkar\u012bgiem t\u0113jas veikaliem. <\/p>\n\n<p>M\u0113s pied\u0101v\u0101jam jums tr\u012bs garantijas:<\/p>\n\n<ol class=\"wp-block-list\">\n<li><strong>Zems MOQ:<\/strong> neatkar\u012bgi no t\u0101, vai esat izveidots uz\u0146\u0113mums, kuram nepiecie\u0161ami simtiem maisi\u0146u, vai neliela neatkar\u012bga kafejn\u012bca, kas tikai s\u0101kas, Hojicha Wholesale piel\u0101gojas j\u016bsu vajadz\u012bb\u0101m ar t\u0101du pa\u0161u uz\u0146\u0113muma l\u012bme\u0146a pakalpojumu kvalit\u0101ti.  <\/li>\n\n\n\n<li><strong>Atsauc\u012bba un serviss<\/strong>: m\u0113s pieg\u0101d\u0101jam \u0101tri un pied\u0101v\u0101jam pla\u0161u pieg\u0101des meto\u017eu kl\u0101stu.  <\/li>\n\n\n\n<li><strong>Draudz\u012bgs klientu atbalsts: <\/strong>m\u0113s esam pieejami 365 dienas gad\u0101.  <\/li>\n<\/ol>\n\n<h2 class=\"wp-block-heading\"><strong>M\u016bsu produkti<\/strong><\/h2>\n\n<p>M\u0113s pied\u0101v\u0101jam r\u016bp\u012bgi atlas\u012btu hojicha \u0161\u0137ir\u0146u izv\u0113li, katra no t\u0101m ieg\u016bta tie\u0161i no lab\u0101kajiem t\u0113jas audz\u0113t\u0101jiem.  <\/p>\n\n<p>Atrodiet m\u016bsu produktus tie\u0161i m\u016bsu <a href=\"https:\/\/hojichawholesale.eu\/lv\/iegadaties-surecart\/\" data-type=\"link\" data-id=\"https:\/\/hojichawholesale.eu\/shop\/\">katalog\u0101<\/a>.<\/p>\n\n<h2 class=\"wp-block-heading\"><strong>K\u0101p\u0113c izv\u0113l\u0113ties m\u016bs?<\/strong><\/h2>\n\n<ul class=\"wp-block-list\">\n<li><strong>Kvalit\u0101te pirmaj\u0101 viet\u0101:<\/strong> M\u0113s pieg\u0101d\u0101jam visaugst\u0101k\u0101s kvalit\u0101tes hojicha. Katra partija tiek stingri p\u0101rbaud\u012bta, lai nodro\u0161in\u0101tu konsistenci un gar\u0161u. <\/li>\n\n\n\n<li><strong>Tie\u0161ais avots:<\/strong> M\u0113s cie\u0161i sadarbojamies ar m\u016bsu pieg\u0101d\u0101t\u0101jiem, lai pied\u0101v\u0101tu jums hojicha, kas atspogu\u013co autentisku Jap\u0101nas gar\u0161u.<\/li>\n\n\n\n<li><strong>Piel\u0101goti risin\u0101jumi:<\/strong> Neatkar\u012bgi no t\u0101, vai jums ir maza kafejn\u012bca vai liela viesn\u012bcu \u0137\u0113de, m\u0113s pied\u0101v\u0101jam piel\u0101gotus risin\u0101jumus, lai apmierin\u0101tu j\u016bsu \u012bpa\u0161\u0101s vajadz\u012bbas.  <\/li>\n\n\n\n<li><strong>Uzticama izplat\u012b\u0161ana:<\/strong> M\u0113s esam ide\u0101li piem\u0113roti, lai apkalpotu klientus vis\u0101 Eiropas kontinent\u0101. M\u016bsu lo\u0123istika nodro\u0161ina savlaic\u012bgu pieg\u0101di, lai jums nekad nepietr\u016bktu kr\u0101jumu. <\/li>\n<\/ul>\n\n<h2 class=\"wp-block-heading\">Kur m\u0113s atrodamies?<\/h2>\n\n<p>M\u0113s atrodamies Be\u013c\u0123ij\u0101.<\/p>\n\n<h2 class=\"wp-block-heading\">K\u0101da ir j\u016bsu v\u0113sture?<\/h2>\n\n<p>Hojicha vairumtirdzniec\u012bba s\u0101k\u0101s, kad dibin\u0101t\u0101js Aure cent\u0101s atrast uzticamu hojicha pieg\u0101d\u0101t\u0101ju savam mazumtirdzniec\u012bbas t\u0113jas veikalam <a href=\"https:\/\/senchatea.be\/\" target=\"_blank\" rel=\"noopener\">senchatea.be<\/a>.<\/p>\n\n<p>Hojicha ir viena no svar\u012bg\u0101kaj\u0101m tendenc\u0113m Jap\u0101nas t\u0113jas industrij\u0101. M\u0113s v\u0113lamies, lai \u0161\u012b fantastisk\u0101 un daudzpus\u012bg\u0101 t\u0113ja b\u016btu \u0101tri pieejama kafejn\u012bc\u0101m, viesn\u012bc\u0101m, restor\u0101niem un t\u0113jas veikaliem vis\u0101 Eirop\u0101, nepas\u016btot milz\u012bgus daudzumus.   <\/p>\n\n<h2 class=\"wp-block-heading\">Piepras\u012bt paraugu<\/h2>\n\n<p>Vai v\u0113laties uzzin\u0101t bag\u0101t\u012bg\u0101s, grauzd\u0113t\u0101s gar\u0161as m\u016bsu augst\u0101k\u0101s kvalit\u0101tes hojicha?  <\/p>\n\n<p>Vienk\u0101r\u0161i aizpildiet savu inform\u0101ciju zem\u0101k, un m\u0113s nos\u016bt\u012bsim jums paraugu. Inform\u0113jiet m\u016bs, ja jums ir konkr\u0113ti piepras\u012bjumi, un m\u0113s labpr\u0101t piel\u0101gosim m\u016bsu pied\u0101v\u0101jumu j\u016bsu biznesa vajadz\u012bb\u0101m. <\/p>\n<div class=\"forminator-ui forminator-custom-form forminator-custom-form-1365 forminator-design--flat  forminator_ajax\" data-forminator-render=\"0\" data-form=\"forminator-module-1365\" data-uid=\"69d440c89c432\"><br\/><\/div><form\n\t\t\t\tid=\"forminator-module-1365\"\n\t\t\t\tclass=\"forminator-ui forminator-custom-form forminator-custom-form-1365 forminator-design--flat  forminator_ajax\"\n\t\t\t\tmethod=\"post\"\n\t\t\t\tdata-forminator-render=\"0\"\n\t\t\t\tdata-form-id=\"1365\"\n\t\t\t\t data-color-option=\"default\" data-design=\"flat\" data-grid=\"open\" style=\"display: none;\"\n\t\t\t\tdata-uid=\"69d440c89c432\"\n\t\t\t><div role=\"alert\" aria-live=\"polite\" class=\"forminator-response-message forminator-error\" aria-hidden=\"true\"><\/div><div class=\"forminator-row\"><div id=\"name-1\" class=\"forminator-field-name forminator-col forminator-col-6 \"><div class=\"forminator-field\"><input type=\"text\" name=\"name-1\" value=\"\" placeholder=\"First Name\" id=\"forminator-field-name-1_69d440c89c432\" class=\"forminator-input forminator-name--field\" aria-required=\"true\" autocomplete=\"name\" \/><\/div><\/div><div id=\"name-2\" class=\"forminator-field-name forminator-col forminator-col-6 \"><div class=\"forminator-field\"><input type=\"text\" name=\"name-2\" value=\"\" placeholder=\"Last Name\" id=\"forminator-field-name-2_69d440c89c432\" class=\"forminator-input forminator-name--field\" aria-required=\"true\" autocomplete=\"name\" \/><\/div><\/div><\/div><div class=\"forminator-row\"><div id=\"email-1\" class=\"forminator-field-email forminator-col forminator-col-12 \"><div class=\"forminator-field\"><input type=\"email\" name=\"email-1\" value=\"\" placeholder=\"Email\" id=\"forminator-field-email-1_69d440c89c432\" class=\"forminator-input forminator-email--field\" data-required=\"true\" aria-required=\"true\" autocomplete=\"email\" \/><\/div><\/div><\/div><div class=\"forminator-row\"><div id=\"phone-1\" class=\"forminator-field-phone forminator-col forminator-col-12 \"><div class=\"forminator-field\"><input type=\"text\" name=\"phone-1\" value=\"\" placeholder=\"Phone\" id=\"forminator-field-phone-1_69d440c89c432\" class=\"forminator-input forminator-field--phone\" data-required=\"\" aria-required=\"false\" autocomplete=\"off\" \/><\/div><\/div><\/div><div class=\"forminator-row\"><div id=\"textarea-1\" class=\"forminator-field-textarea forminator-col forminator-col-12 \"><div class=\"forminator-field\"><textarea name=\"textarea-1\" placeholder=\"Message\" id=\"forminator-field-textarea-1_69d440c89c432\" class=\"forminator-textarea\" rows=\"6\" style=\"min-height:140px;\" ><\/textarea><span id=\"forminator-field-textarea-1_69d440c89c432-description\" class=\"forminator-description\"><span data-limit=\"300\" data-type=\"words\" data-editor=\"\">0 \/ 300<\/span><\/span><\/div><\/div><\/div><div class=\"forminator-row\"><\/div><input type=\"hidden\" name=\"referer_url\" value=\"\" \/><div class=\"forminator-row forminator-row-last\"><div class=\"forminator-col\"><div class=\"forminator-field\"><button class=\"forminator-button forminator-button-submit\">Send<\/button><\/div><\/div><\/div><input type=\"hidden\" id=\"forminator_nonce\" name=\"forminator_nonce\" value=\"8ad7e0b691\" \/><input type=\"hidden\" name=\"_wp_http_referer\" value=\"\/lv\/wp-json\/wp\/v2\/pages\/8045\" \/><input type=\"hidden\" name=\"form_id\" value=\"1365\"><input type=\"hidden\" name=\"page_id\" value=\"8045\"><input type=\"hidden\" name=\"form_type\" value=\"default\"><input type=\"hidden\" name=\"current_url\" value=\"https:\/\/hojichawholesale.eu\/lv\/par-hojicha-vairumtirdzniecibu\/\"><input type=\"hidden\" name=\"render_id\" value=\"0\"><input type=\"hidden\" name=\"action\" value=\"forminator_submit_form_custom-forms\"><label for=\"input_6\" class=\"forminator-hidden\" aria-hidden=\"true\">Please do not fill in this field. <input id=\"input_6\" type=\"text\" name=\"input_6\" value=\"\" autocomplete=\"off\"><\/label><\/form>\n\n<p><\/p>\n","protected":false},"excerpt":{"rendered":"<p>Par Hojicha vairumtirdzniec\u012bbu Hojicha vairumtirdzniec\u012bba ir Eiropas vairumtirgot\u0101js, kas nodarbojas ar jap\u0101\u0146u hojicha. M\u016bsu misija ir nodro\u0161in\u0101t augst\u0101k\u0101s kvalit\u0101tes hojicha t\u0113ju HORECA nozares z\u012bmoliem un uz\u0146\u0113mumiem. M\u0113s import\u0113jam augst\u0101k\u0101s kvalit\u0101tes hojicha vairumtirdzniec\u012bbas apjomus no m\u016bsu uzticamajiem pieg\u0101d\u0101t\u0101jiem Jap\u0101n\u0101 un p\u0101rdal\u0101m to vis\u0101 Eiropas kontinent\u0101 restor\u0101niem, viesn\u012bc\u0101m, kafejn\u012bc\u0101m un neatkar\u012bgiem t\u0113jas veikaliem. M\u0113s pied\u0101v\u0101jam jums tr\u012bs [&hellip;]<\/p>\n","protected":false},"author":1,"featured_media":0,"parent":0,"menu_order":0,"comment_status":"closed","ping_status":"closed","template":"","meta":{"_surecart_dashboard_logo_width":"180px","_surecart_dashboard_show_logo":true,"_surecart_dashboard_navigation_orders":true,"_surecart_dashboard_navigation_invoices":true,"_surecart_dashboard_navigation_subscriptions":true,"_surecart_dashboard_navigation_downloads":true,"_surecart_dashboard_navigation_billing":true,"_surecart_dashboard_navigation_account":true,"footnotes":""},"class_list":["post-8045","page","type-page","status-publish","hentry","entry"],"mb":[],"mfb_rest_fields":["title","gutenberg_elementor_mode"],"_links":{"self":[{"href":"https:\/\/hojichawholesale.eu\/lv\/wp-json\/wp\/v2\/pages\/8045","targetHints":{"allow":["GET"]}}],"collection":[{"href":"https:\/\/hojichawholesale.eu\/lv\/wp-json\/wp\/v2\/pages"}],"about":[{"href":"https:\/\/hojichawholesale.eu\/lv\/wp-json\/wp\/v2\/types\/page"}],"author":[{"embeddable":true,"href":"https:\/\/hojichawholesale.eu\/lv\/wp-json\/wp\/v2\/users\/1"}],"replies":[{"embeddable":true,"href":"https:\/\/hojichawholesale.eu\/lv\/wp-json\/wp\/v2\/comments?post=8045"}],"version-history":[{"count":0,"href":"https:\/\/hojichawholesale.eu\/lv\/wp-json\/wp\/v2\/pages\/8045\/revisions"}],"wp:attachment":[{"href":"https:\/\/hojichawholesale.eu\/lv\/wp-json\/wp\/v2\/media?parent=8045"}],"curies":[{"name":"wp","href":"https:\/\/api.w.org\/{rel}","templated":true}]}}