{"id":8545,"date":"2024-12-11T21:40:39","date_gmt":"2024-12-11T21:40:39","guid":{"rendered":"https:\/\/hojichawholesale.eu\/balta-etikete-hojicha\/"},"modified":"2025-10-29T08:34:56","modified_gmt":"2025-10-29T08:34:56","slug":"balta-etikete-hojicha","status":"publish","type":"page","link":"https:\/\/hojichawholesale.eu\/lt\/balta-etikete-hojicha\/","title":{"rendered":"Balta etiket\u0117 Hojicha"},"content":{"rendered":"\n<h1 class=\"wp-block-heading\">Balta etiket\u0117 Hojicha<\/h1>\n\n<p>Ar nor\u0117tum\u0117te sukurti savo hojicha prek\u0117s \u017eenkl\u0105?<\/p>\n\n<p>Mes palengvinome jums pasi\u016blyti auk\u0161\u010diausios kokyb\u0117s hojicha, tiesiogiai \u012fsigyt\u0105 i\u0161 m\u016bs\u0173 partneri\u0173 Japonijoje su j\u016bs\u0173 prek\u0117s \u017eenklu.<\/p>\n<div class=\"wp-block-image\">\n<figure class=\"aligncenter size-full is-resized\"><img fetchpriority=\"high\" decoding=\"async\" width=\"1000\" height=\"1000\" src=\"https:\/\/hojichawholesale.eu\/wp-content\/uploads\/2025\/10\/white-label.webp\" alt=\"\" class=\"wp-image-9158\" style=\"width:379px;height:auto\" srcset=\"https:\/\/hojichawholesale.eu\/wp-content\/uploads\/2025\/10\/white-label.webp 1000w, https:\/\/hojichawholesale.eu\/wp-content\/uploads\/2025\/10\/white-label-300x300.webp 300w, https:\/\/hojichawholesale.eu\/wp-content\/uploads\/2025\/10\/white-label-150x150.webp 150w, https:\/\/hojichawholesale.eu\/wp-content\/uploads\/2025\/10\/white-label-768x768.webp 768w, https:\/\/hojichawholesale.eu\/wp-content\/uploads\/2025\/10\/white-label-600x600.webp 600w\" sizes=\"(max-width: 1000px) 100vw, 1000px\" \/><\/figure>\n<\/div>\n<h2 class=\"wp-block-heading\"><strong>Kod\u0117l verta \u017eenklinti savo hojicha?<\/strong><\/h2>\n\n<ul class=\"wp-block-list\">\n<li><strong>Auk\u0161\u010diausia kokyb\u0117:<\/strong> M\u016bs\u0173 hojicha yra profesionaliai gaunama i\u0161 pasirinkt\u0173 arbatos lauk\u0173 Japonijoje. Lapai \u0161velniai skrudinami, kad gaut\u0173 \u0161veln\u0173, rie\u0161ut\u0173 ir \u0161iek tiek sald\u0173 skon\u012f, kuris yra ir paguod\u017eiantis, ir sud\u0117tingas. <\/li>\n\n\n\n<li><strong>Gamykloje u\u017esandarintas ir nuplautas azotu:<\/strong> Kiekvienas mai\u0161elis supakuotas Japonijoje, kad i\u0161laikyt\u0173 \u0161vie\u017eum\u0105, aromat\u0105 ir skon\u012f. Azoto praplovimas u\u017etikrina, kad j\u016bs\u0173 produktas b\u016bt\u0173 optimalaus skonio, o sandar\u016bs mai\u0161eliai apsaugo arbat\u0105 nuo dr\u0117gm\u0117s ir \u0161viesos. <\/li>\n\n\n\n<li><strong>Be prek\u0117s \u017eenklo, paruo\u0161tas j\u016bs\u0173 etiketei:<\/strong> Kiekvien\u0105 mai\u0161el\u012f pristatome be jokio prek\u0117s \u017eenklo, suteikdami jums tu\u0161\u010di\u0105 drob\u0119. Tiesiog priklijuokite savo etiket\u0119 ar pakuot\u0117s elementus ir prad\u0117kite prekiauti arbata savo vardu. <\/li>\n<\/ul>\n\n<h2 class=\"wp-block-heading\"><strong>&#8222;White Label&#8221; procesas: \u017eingsnis po \u017eingsnio<\/strong><\/h2>\n\n<ol class=\"wp-block-list\">\n<li><strong>Pasirinkite savo kiek\u012f:<\/strong> Rinkit\u0117s i\u0161 m\u016bs\u0173 lanks\u010di\u0173 u\u017esakymo variant\u0173. Nesvarbu, ar tik pradedate, ar ple\u010diate, turime j\u016bs\u0173 poreikius atitinkant\u012f t\u016brin\u012f dyd\u012f. <\/li>\n\n\n\n<li><strong>Pasirinkite pakuot\u0119:<\/strong> Doypacks arba skardin\u0117s, tu\u0161\u010dios arba atspausdintos, pa\u017eenklintos ar nepa\u017eym\u0117tos, turime daugyb\u0119 lanks\u010di\u0173 variant\u0173, kad u\u017etikrintum\u0117te, kad gerai jaustum\u0117t\u0117s d\u0117l savo prek\u0117s \u017eenklo ir produkto.<\/li>\n\n\n\n<li><strong>Prad\u0117kite pardavin\u0117ti:<\/strong> Tur\u0117dami savo prek\u0117s \u017eenkl\u0105, esate pasireng\u0119 pristatyti auk\u0161\u010diausios kokyb\u0117s priva\u010dios etiket\u0117s hojicha savo klientams, kad ji b\u016bt\u0173 unikali j\u016bs\u0173.<\/li>\n<\/ol>\n\n<h2 class=\"wp-block-heading\"><strong>Kod\u0117l verta bendradarbiauti su &#8222;Hojicha Wholesale&#8221;?<\/strong><\/h2>\n\n<ul class=\"wp-block-list\">\n<li><strong>Ekspert\u0173 tiekimas:<\/strong> U\u017emezg\u0117me tvirt\u0105 partneryst\u0119 su patyrusiais arbatos augintojais ir gamintojais Japonijoje, u\u017etikrindami pastovi\u0105 kokyb\u0119 ir tiekim\u0105.<\/li>\n\n\n\n<li><strong>Lengva integracija:<\/strong> M\u016bs\u0173 baltos etiket\u0117s sprendimai sukurti atsi\u017evelgiant \u012f paprastum\u0105. Joki\u0173 sud\u0117ting\u0173 proces\u0173 \u2013 tiesiog prid\u0117kite savo prek\u0117s \u017eenklo element\u0173 ir prad\u0117kite parduoti. <\/li>\n\n\n\n<li><strong>Specialus palaikymas:<\/strong> M\u016bs\u0173 klient\u0173 aptarnavimo komanda yra pasiruo\u0161usi pad\u0117ti jums kiekviename \u017eingsnyje \u2013 nuo pradini\u0173 u\u017esakym\u0173 u\u017eklaus\u0173 iki aptarnavimo po pardavimo.<\/li>\n<\/ul>\n\n<h2 class=\"wp-block-heading\"><strong>Pasiruo\u0161\u0119 prad\u0117ti?<\/strong><\/h2>\n\n<p>Susisiekite su mumis \u0161iandien, kad papra\u0161ytum\u0117te pasi\u016blymo, su\u017einotum\u0117te daugiau apie m\u016bs\u0173 kainodaros pakopas ir prad\u0117tum\u0117te baltos etiket\u0117s proces\u0105. Mielai pad\u0117sime jums prad\u0117ti! <\/p>\n<div class=\"forminator-ui forminator-custom-form forminator-custom-form-1365 forminator-design--flat  forminator_ajax\" data-forminator-render=\"0\" data-form=\"forminator-module-1365\" data-uid=\"69d43e69e928c\"><br\/><\/div><form\n\t\t\t\tid=\"forminator-module-1365\"\n\t\t\t\tclass=\"forminator-ui forminator-custom-form forminator-custom-form-1365 forminator-design--flat  forminator_ajax\"\n\t\t\t\tmethod=\"post\"\n\t\t\t\tdata-forminator-render=\"0\"\n\t\t\t\tdata-form-id=\"1365\"\n\t\t\t\t data-color-option=\"default\" data-design=\"flat\" data-grid=\"open\" style=\"display: none;\"\n\t\t\t\tdata-uid=\"69d43e69e928c\"\n\t\t\t><div role=\"alert\" aria-live=\"polite\" class=\"forminator-response-message forminator-error\" aria-hidden=\"true\"><\/div><div class=\"forminator-row\"><div id=\"name-1\" class=\"forminator-field-name forminator-col forminator-col-6 \"><div class=\"forminator-field\"><input type=\"text\" name=\"name-1\" value=\"\" placeholder=\"First Name\" id=\"forminator-field-name-1_69d43e69e928c\" class=\"forminator-input forminator-name--field\" aria-required=\"true\" autocomplete=\"name\" \/><\/div><\/div><div id=\"name-2\" class=\"forminator-field-name forminator-col forminator-col-6 \"><div class=\"forminator-field\"><input type=\"text\" name=\"name-2\" value=\"\" placeholder=\"Last Name\" id=\"forminator-field-name-2_69d43e69e928c\" class=\"forminator-input forminator-name--field\" aria-required=\"true\" autocomplete=\"name\" \/><\/div><\/div><\/div><div class=\"forminator-row\"><div id=\"email-1\" class=\"forminator-field-email forminator-col forminator-col-12 \"><div class=\"forminator-field\"><input type=\"email\" name=\"email-1\" value=\"\" placeholder=\"Email\" id=\"forminator-field-email-1_69d43e69e928c\" class=\"forminator-input forminator-email--field\" data-required=\"true\" aria-required=\"true\" autocomplete=\"email\" \/><\/div><\/div><\/div><div class=\"forminator-row\"><div id=\"phone-1\" class=\"forminator-field-phone forminator-col forminator-col-12 \"><div class=\"forminator-field\"><input type=\"text\" name=\"phone-1\" value=\"\" placeholder=\"Phone\" id=\"forminator-field-phone-1_69d43e69e928c\" class=\"forminator-input forminator-field--phone\" data-required=\"\" aria-required=\"false\" autocomplete=\"off\" \/><\/div><\/div><\/div><div class=\"forminator-row\"><div id=\"textarea-1\" class=\"forminator-field-textarea forminator-col forminator-col-12 \"><div class=\"forminator-field\"><textarea name=\"textarea-1\" placeholder=\"Message\" id=\"forminator-field-textarea-1_69d43e69e928c\" class=\"forminator-textarea\" rows=\"6\" style=\"min-height:140px;\" ><\/textarea><span id=\"forminator-field-textarea-1_69d43e69e928c-description\" class=\"forminator-description\"><span data-limit=\"300\" data-type=\"words\" data-editor=\"\">0 \/ 300<\/span><\/span><\/div><\/div><\/div><div class=\"forminator-row\"><\/div><input type=\"hidden\" name=\"referer_url\" value=\"\" \/><div class=\"forminator-row forminator-row-last\"><div class=\"forminator-col\"><div class=\"forminator-field\"><button class=\"forminator-button forminator-button-submit\">Send<\/button><\/div><\/div><\/div><input type=\"hidden\" id=\"forminator_nonce\" name=\"forminator_nonce\" value=\"8ad7e0b691\" \/><input type=\"hidden\" name=\"_wp_http_referer\" value=\"\/lt\/wp-json\/wp\/v2\/pages\/8545\" \/><input type=\"hidden\" name=\"form_id\" value=\"1365\"><input type=\"hidden\" name=\"page_id\" value=\"8545\"><input type=\"hidden\" name=\"form_type\" value=\"default\"><input type=\"hidden\" name=\"current_url\" value=\"https:\/\/hojichawholesale.eu\/lt\/balta-etikete-hojicha\/\"><input type=\"hidden\" name=\"render_id\" value=\"0\"><input type=\"hidden\" name=\"action\" value=\"forminator_submit_form_custom-forms\"><label for=\"input_6\" class=\"forminator-hidden\" aria-hidden=\"true\">Please do not fill in this field. <input id=\"input_6\" type=\"text\" name=\"input_6\" value=\"\" autocomplete=\"off\"><\/label><\/form>\n","protected":false},"excerpt":{"rendered":"<p>Balta etiket\u0117 Hojicha Ar nor\u0117tum\u0117te sukurti savo hojicha prek\u0117s \u017eenkl\u0105? Mes palengvinome jums pasi\u016blyti auk\u0161\u010diausios kokyb\u0117s hojicha, tiesiogiai \u012fsigyt\u0105 i\u0161 m\u016bs\u0173 partneri\u0173 Japonijoje su j\u016bs\u0173 prek\u0117s \u017eenklu. Kod\u0117l verta \u017eenklinti savo hojicha? &#8222;White Label&#8221; procesas: \u017eingsnis po \u017eingsnio Kod\u0117l verta bendradarbiauti su &#8222;Hojicha Wholesale&#8221;? Pasiruo\u0161\u0119 prad\u0117ti? Susisiekite su mumis \u0161iandien, kad papra\u0161ytum\u0117te pasi\u016blymo, su\u017einotum\u0117te daugiau [&hellip;]<\/p>\n","protected":false},"author":1,"featured_media":8548,"parent":0,"menu_order":0,"comment_status":"closed","ping_status":"closed","template":"","meta":{"_surecart_dashboard_logo_width":"180px","_surecart_dashboard_show_logo":true,"_surecart_dashboard_navigation_orders":true,"_surecart_dashboard_navigation_invoices":true,"_surecart_dashboard_navigation_subscriptions":true,"_surecart_dashboard_navigation_downloads":true,"_surecart_dashboard_navigation_billing":true,"_surecart_dashboard_navigation_account":true,"footnotes":""},"class_list":["post-8545","page","type-page","status-publish","has-post-thumbnail","hentry","entry","has-media"],"mb":[],"mfb_rest_fields":["title","gutenberg_elementor_mode"],"_links":{"self":[{"href":"https:\/\/hojichawholesale.eu\/lt\/wp-json\/wp\/v2\/pages\/8545","targetHints":{"allow":["GET"]}}],"collection":[{"href":"https:\/\/hojichawholesale.eu\/lt\/wp-json\/wp\/v2\/pages"}],"about":[{"href":"https:\/\/hojichawholesale.eu\/lt\/wp-json\/wp\/v2\/types\/page"}],"author":[{"embeddable":true,"href":"https:\/\/hojichawholesale.eu\/lt\/wp-json\/wp\/v2\/users\/1"}],"replies":[{"embeddable":true,"href":"https:\/\/hojichawholesale.eu\/lt\/wp-json\/wp\/v2\/comments?post=8545"}],"version-history":[{"count":0,"href":"https:\/\/hojichawholesale.eu\/lt\/wp-json\/wp\/v2\/pages\/8545\/revisions"}],"wp:featuredmedia":[{"embeddable":true,"href":"https:\/\/hojichawholesale.eu\/lt\/wp-json\/wp\/v2\/media\/8548"}],"wp:attachment":[{"href":"https:\/\/hojichawholesale.eu\/lt\/wp-json\/wp\/v2\/media?parent=8545"}],"curies":[{"name":"wp","href":"https:\/\/api.w.org\/{rel}","templated":true}]}}