{"id":8539,"date":"2024-10-12T16:25:13","date_gmt":"2024-10-12T16:25:13","guid":{"rendered":"https:\/\/hojichawholesale.eu\/hojicha-milteliu-latte-didmenine-prekyba\/"},"modified":"2025-12-10T18:55:52","modified_gmt":"2025-12-10T18:55:52","slug":"hojicha-milteliu-latte-didmenine-prekyba","status":"publish","type":"page","link":"https:\/\/hojichawholesale.eu\/lt\/hojicha-milteliu-latte-didmenine-prekyba\/","title":{"rendered":"Hojicha milteli\u0173 latte (didmenin\u0117 prekyba)"},"content":{"rendered":"\n<h1 class=\"wp-block-heading\">Hojicha milteli\u0173 latte (didmenin\u0117 prekyba)<\/h1>\n\n<p>M\u016bs\u0173 <strong>Hojicha Powder Latte<\/strong> yra pagamintas i\u0161 hojicha milteli\u0173, cukranendri\u0173 cukraus ir guaro dervos, kad b\u016bt\u0173 puikiai subalansuotas ir skanus g\u0117rimas. Jis gali b\u016bti mai\u0161omas su pienu ar pieno alternatyvomis. <\/p>\n<div class=\"wp-block-image\">\n<figure class=\"aligncenter size-full is-resized\"><img fetchpriority=\"high\" decoding=\"async\" width=\"1000\" height=\"1000\" src=\"https:\/\/hojichawholesale.eu\/wp-content\/uploads\/2025\/01\/hojicha-latte-both.webp\" alt=\"Hojicha latte milteli&#x173; palyginimas VS hojicha latte milteliai.\" class=\"wp-image-7510\" style=\"width:310px;height:auto\" srcset=\"https:\/\/hojichawholesale.eu\/wp-content\/uploads\/2025\/01\/hojicha-latte-both.webp 1000w, https:\/\/hojichawholesale.eu\/wp-content\/uploads\/2025\/01\/hojicha-latte-both-300x300.webp 300w, https:\/\/hojichawholesale.eu\/wp-content\/uploads\/2025\/01\/hojicha-latte-both-150x150.webp 150w, https:\/\/hojichawholesale.eu\/wp-content\/uploads\/2025\/01\/hojicha-latte-both-768x768.webp 768w, https:\/\/hojichawholesale.eu\/wp-content\/uploads\/2025\/01\/hojicha-latte-both-600x600.webp 600w\" sizes=\"(max-width: 1000px) 100vw, 1000px\" \/><\/figure>\n<\/div>\n<hr class=\"wp-block-separator has-alpha-channel-opacity\"\/>\n\n<h2 class=\"wp-block-heading\">Produkto ypatyb\u0117s<\/h2>\n\n<ul class=\"wp-block-list\">\n<li><strong>Tipas<\/strong>: Instant Hojicha Latte mi\u0161inys<\/li>\n\n\n\n<li><strong>Sudedamosios dalys<\/strong>: Hojicha milteliai, cukranendri\u0173 cukrus, guaro derva.<\/li>\n\n\n\n<li><strong>Pakuot\u0117<\/strong>: Pakartotinai u\u017edaromas stovintis mai\u0161elis (Doypack) \u0161vie\u017eumui.<\/li>\n\n\n\n<li><strong>Porcijos dydis<\/strong>: Ma\u017edaug 8 porcijos pakuot\u0117je. <\/li>\n\n\n\n<li><strong>Skonio profilis<\/strong>: \u0160velnus, rie\u0161utinis, lengvai saldus su skrudinta apdaila.<\/li>\n\n\n\n<li><strong>Kofeinas<\/strong>: ma\u017eas<\/li>\n\n\n\n<li><strong>Paruo\u0161imas: Tiesiog<\/strong> \u012fpilkite vandens arba pieno, kad gautum\u0117te greit\u0105, skani\u0105 hojicha latte.<\/li>\n\n\n\n<li><strong>Svoris<\/strong>: Tiekiamas 1 kg mai\u0161uose. Perpakavimas galimas j\u016bs\u0173 pageidavimu.   <\/li>\n<\/ul>\n\n<hr class=\"wp-block-separator has-alpha-channel-opacity\"\/>\n\n<h2 class=\"wp-block-heading\">Didmenin\u0117 informacija<\/h2>\n\n<ul class=\"wp-block-list\">\n<li><strong>Minimalus u\u017esakymo kiekis (MOQ):<\/strong> 600 gram\u0173 (5 x 120 g pakuot\u0117s).<\/li>\n\n\n\n<li><strong>Masin\u0117 kainodara<\/strong>: susisiekite su mumis d\u0117l speciali\u0173 tarif\u0173, pagr\u012fst\u0173 u\u017esakymo apimtimi.<\/li>\n\n\n\n<li><strong>Laikymas<\/strong>: Laikyti v\u0117sioje, sausoje vietoje, kad i\u0161laikytum\u0117te \u0161vie\u017eum\u0105.<\/li>\n\n\n\n<li><strong>Galiojimo laikas<\/strong>: Hojicha galima laikyti iki dvej\u0173 met\u0173 neatidaryt\u0105 ir laikyti 5 \u00b0C \u2013 10 \u00b0C temperat\u016broje.<\/li>\n\n\n\n<li><strong>Pristatymas<\/strong>: Siun\u010diame Europos \u017eemyne su lanks\u010diomis pristatymo galimyb\u0117mis, \u012fskaitant greit\u0105j\u012f pristatym\u0105 skubiems u\u017esakymams.<\/li>\n<\/ul>\n\n<div class=\"wp-block-columns is-layout-flex wp-container-core-columns-is-layout-28f84493 wp-block-columns-is-layout-flex\">\n<div class=\"wp-block-column is-layout-flow wp-block-column-is-layout-flow\"><div class=\"wp-block-image\">\n<figure class=\"aligncenter size-full is-resized\"><img decoding=\"async\" width=\"1000\" height=\"1000\" src=\"https:\/\/hojichawholesale.eu\/wp-content\/uploads\/2025\/01\/hojicha-latte-powder.webp\" alt=\"\" class=\"wp-image-7534\" style=\"width:314px;height:auto\" srcset=\"https:\/\/hojichawholesale.eu\/wp-content\/uploads\/2025\/01\/hojicha-latte-powder.webp 1000w, https:\/\/hojichawholesale.eu\/wp-content\/uploads\/2025\/01\/hojicha-latte-powder-300x300.webp 300w, https:\/\/hojichawholesale.eu\/wp-content\/uploads\/2025\/01\/hojicha-latte-powder-150x150.webp 150w, https:\/\/hojichawholesale.eu\/wp-content\/uploads\/2025\/01\/hojicha-latte-powder-768x768.webp 768w, https:\/\/hojichawholesale.eu\/wp-content\/uploads\/2025\/01\/hojicha-latte-powder-600x600.webp 600w\" sizes=\"(max-width: 1000px) 100vw, 1000px\" \/><\/figure>\n<\/div><\/div>\n\n\n\n<div class=\"wp-block-column is-layout-flow wp-block-column-is-layout-flow\"><div class=\"wp-block-image\">\n<figure class=\"aligncenter size-large is-resized\"><img decoding=\"async\" width=\"1024\" height=\"1024\" src=\"https:\/\/hojichawholesale.eu\/wp-content\/uploads\/2025\/01\/hojicha-latte-infused-1024x1024.webp\" alt=\"\" class=\"wp-image-7522\" style=\"width:325px;height:auto\" srcset=\"https:\/\/hojichawholesale.eu\/wp-content\/uploads\/2025\/01\/hojicha-latte-infused-1024x1024.webp 1024w, https:\/\/hojichawholesale.eu\/wp-content\/uploads\/2025\/01\/hojicha-latte-infused-300x300.webp 300w, https:\/\/hojichawholesale.eu\/wp-content\/uploads\/2025\/01\/hojicha-latte-infused-150x150.webp 150w, https:\/\/hojichawholesale.eu\/wp-content\/uploads\/2025\/01\/hojicha-latte-infused-768x768.webp 768w, https:\/\/hojichawholesale.eu\/wp-content\/uploads\/2025\/01\/hojicha-latte-infused-1536x1536.webp 1536w, https:\/\/hojichawholesale.eu\/wp-content\/uploads\/2025\/01\/hojicha-latte-infused-600x600.webp 600w, https:\/\/hojichawholesale.eu\/wp-content\/uploads\/2025\/01\/hojicha-latte-infused.webp 2000w\" sizes=\"(max-width: 1024px) 100vw, 1024px\" \/><\/figure>\n<\/div><\/div>\n<\/div>\n\n<hr class=\"wp-block-separator has-alpha-channel-opacity\"\/>\n\n<h2 class=\"wp-block-heading\">Kaip pasiruo\u0161ti<\/h2>\n\n<ol class=\"wp-block-list\">\n<li>\u012e puodel\u012f <strong>\u012fpilkite 15 g<\/strong> &#8222;Hojicha Powder Latte&#8221; mi\u0161inio.<\/li>\n\n\n\n<li><strong>\u012epilkite 500 ml<\/strong> kar\u0161to vandens arba pieno (arba pieno alternatyvos).<\/li>\n\n\n\n<li>Gerai i\u0161mai\u0161ykite ir akimirksniu m\u0117gaukit\u0117s kremine, skania hojicha latte.<\/li>\n<\/ol>\n\n<hr class=\"wp-block-separator has-alpha-channel-opacity\"\/>\n\n<h2 class=\"wp-block-heading\">Idealiai tinka<\/h2>\n\n<ul class=\"wp-block-list\">\n<li>Kavin\u0117s ir arbatos parduotuv\u0117s, ie\u0161kan\u010dios greito ir lengvai paruo\u0161iamo hojicha latte varianto klientams.<\/li>\n\n\n\n<li>Restoranai ir vie\u0161bu\u010diai, norintys pasi\u016blyti skani\u0105 vir\u0161kinimo pagalb\u0105.  <\/li>\n\n\n\n<li>Ma\u017emenin\u0117s prekybos parduotuv\u0117s, si\u016blan\u010dios auk\u0161\u010diausios kokyb\u0117s arbatos produktus ir tirpi\u0173 g\u0117rim\u0173 mi\u0161inius.<\/li>\n<\/ul>\n\n<h2 class=\"wp-block-heading\">Pra\u0161ykite pavyzd\u017eio \u0161iandien<\/h2>\n\n<p>Smalsu apie sodrius, skrudintus m\u016bs\u0173 auk\u0161\u010diausios kokyb\u0117s hojicha skonius?  <\/p>\n\n<p>Tiesiog u\u017epildykite savo duomenis \u017eemiau ir mes atsi\u0173sime jums pavyzd\u012f. Prane\u0161kite mums, jei turite konkre\u010di\u0173 pageidavim\u0173, ir mes mielai pritaikysime savo pasi\u016blym\u0105 pagal j\u016bs\u0173 verslo poreikius. <\/p>\n<div class=\"forminator-ui forminator-custom-form forminator-custom-form-1365 forminator-design--flat  forminator_ajax\" data-forminator-render=\"0\" data-form=\"forminator-module-1365\" data-uid=\"69d493f4b13a7\"><br\/><\/div><form\n\t\t\t\tid=\"forminator-module-1365\"\n\t\t\t\tclass=\"forminator-ui forminator-custom-form forminator-custom-form-1365 forminator-design--flat  forminator_ajax\"\n\t\t\t\tmethod=\"post\"\n\t\t\t\tdata-forminator-render=\"0\"\n\t\t\t\tdata-form-id=\"1365\"\n\t\t\t\t data-color-option=\"default\" data-design=\"flat\" data-grid=\"open\" style=\"display: none;\"\n\t\t\t\tdata-uid=\"69d493f4b13a7\"\n\t\t\t><div role=\"alert\" aria-live=\"polite\" class=\"forminator-response-message forminator-error\" aria-hidden=\"true\"><\/div><div class=\"forminator-row\"><div id=\"name-1\" class=\"forminator-field-name forminator-col forminator-col-6 \"><div class=\"forminator-field\"><input type=\"text\" name=\"name-1\" value=\"\" placeholder=\"First Name\" id=\"forminator-field-name-1_69d493f4b13a7\" class=\"forminator-input forminator-name--field\" aria-required=\"true\" autocomplete=\"name\" \/><\/div><\/div><div id=\"name-2\" class=\"forminator-field-name forminator-col forminator-col-6 \"><div class=\"forminator-field\"><input type=\"text\" name=\"name-2\" value=\"\" placeholder=\"Last Name\" id=\"forminator-field-name-2_69d493f4b13a7\" class=\"forminator-input forminator-name--field\" aria-required=\"true\" autocomplete=\"name\" \/><\/div><\/div><\/div><div class=\"forminator-row\"><div id=\"email-1\" class=\"forminator-field-email forminator-col forminator-col-12 \"><div class=\"forminator-field\"><input type=\"email\" name=\"email-1\" value=\"\" placeholder=\"Email\" id=\"forminator-field-email-1_69d493f4b13a7\" class=\"forminator-input forminator-email--field\" data-required=\"true\" aria-required=\"true\" autocomplete=\"email\" \/><\/div><\/div><\/div><div class=\"forminator-row\"><div id=\"phone-1\" class=\"forminator-field-phone forminator-col forminator-col-12 \"><div class=\"forminator-field\"><input type=\"text\" name=\"phone-1\" value=\"\" placeholder=\"Phone\" id=\"forminator-field-phone-1_69d493f4b13a7\" class=\"forminator-input forminator-field--phone\" data-required=\"\" aria-required=\"false\" autocomplete=\"off\" \/><\/div><\/div><\/div><div class=\"forminator-row\"><div id=\"textarea-1\" class=\"forminator-field-textarea forminator-col forminator-col-12 \"><div class=\"forminator-field\"><textarea name=\"textarea-1\" placeholder=\"Message\" id=\"forminator-field-textarea-1_69d493f4b13a7\" class=\"forminator-textarea\" rows=\"6\" style=\"min-height:140px;\" ><\/textarea><span id=\"forminator-field-textarea-1_69d493f4b13a7-description\" class=\"forminator-description\"><span data-limit=\"300\" data-type=\"words\" data-editor=\"\">0 \/ 300<\/span><\/span><\/div><\/div><\/div><div class=\"forminator-row\"><\/div><input type=\"hidden\" name=\"referer_url\" value=\"\" \/><div class=\"forminator-row forminator-row-last\"><div class=\"forminator-col\"><div class=\"forminator-field\"><button class=\"forminator-button forminator-button-submit\">Send<\/button><\/div><\/div><\/div><input type=\"hidden\" id=\"forminator_nonce\" name=\"forminator_nonce\" value=\"0b51ba8eba\" \/><input type=\"hidden\" name=\"_wp_http_referer\" value=\"\/lt\/wp-json\/wp\/v2\/pages\/8539\" \/><input type=\"hidden\" name=\"form_id\" value=\"1365\"><input type=\"hidden\" name=\"page_id\" value=\"8539\"><input type=\"hidden\" name=\"form_type\" value=\"default\"><input type=\"hidden\" name=\"current_url\" value=\"https:\/\/hojichawholesale.eu\/lt\/hojicha-milteliu-latte-didmenine-prekyba\/\"><input type=\"hidden\" name=\"render_id\" value=\"0\"><input type=\"hidden\" name=\"action\" value=\"forminator_submit_form_custom-forms\"><label for=\"input_6\" class=\"forminator-hidden\" aria-hidden=\"true\">Please do not fill in this field. <input id=\"input_6\" type=\"text\" name=\"input_6\" value=\"\" autocomplete=\"off\"><\/label><\/form>\n","protected":false},"excerpt":{"rendered":"<p>Hojicha milteli\u0173 latte (didmenin\u0117 prekyba) M\u016bs\u0173 Hojicha Powder Latte yra pagamintas i\u0161 hojicha milteli\u0173, cukranendri\u0173 cukraus ir guaro dervos, kad b\u016bt\u0173 puikiai subalansuotas ir skanus g\u0117rimas. Jis gali b\u016bti mai\u0161omas su pienu ar pieno alternatyvomis. Produkto ypatyb\u0117s Didmenin\u0117 informacija Kaip pasiruo\u0161ti Idealiai tinka Pra\u0161ykite pavyzd\u017eio \u0161iandien Smalsu apie sodrius, skrudintus m\u016bs\u0173 auk\u0161\u010diausios kokyb\u0117s hojicha skonius? [&hellip;]<\/p>\n","protected":false},"author":1,"featured_media":8542,"parent":0,"menu_order":0,"comment_status":"closed","ping_status":"closed","template":"","meta":{"_surecart_dashboard_logo_width":"180px","_surecart_dashboard_show_logo":true,"_surecart_dashboard_navigation_orders":true,"_surecart_dashboard_navigation_invoices":true,"_surecart_dashboard_navigation_subscriptions":true,"_surecart_dashboard_navigation_downloads":true,"_surecart_dashboard_navigation_billing":true,"_surecart_dashboard_navigation_account":true,"footnotes":""},"class_list":["post-8539","page","type-page","status-publish","has-post-thumbnail","hentry","entry","has-media"],"mb":[],"mfb_rest_fields":["title","gutenberg_elementor_mode"],"_links":{"self":[{"href":"https:\/\/hojichawholesale.eu\/lt\/wp-json\/wp\/v2\/pages\/8539","targetHints":{"allow":["GET"]}}],"collection":[{"href":"https:\/\/hojichawholesale.eu\/lt\/wp-json\/wp\/v2\/pages"}],"about":[{"href":"https:\/\/hojichawholesale.eu\/lt\/wp-json\/wp\/v2\/types\/page"}],"author":[{"embeddable":true,"href":"https:\/\/hojichawholesale.eu\/lt\/wp-json\/wp\/v2\/users\/1"}],"replies":[{"embeddable":true,"href":"https:\/\/hojichawholesale.eu\/lt\/wp-json\/wp\/v2\/comments?post=8539"}],"version-history":[{"count":0,"href":"https:\/\/hojichawholesale.eu\/lt\/wp-json\/wp\/v2\/pages\/8539\/revisions"}],"wp:featuredmedia":[{"embeddable":true,"href":"https:\/\/hojichawholesale.eu\/lt\/wp-json\/wp\/v2\/media\/8542"}],"wp:attachment":[{"href":"https:\/\/hojichawholesale.eu\/lt\/wp-json\/wp\/v2\/media?parent=8539"}],"curies":[{"name":"wp","href":"https:\/\/api.w.org\/{rel}","templated":true}]}}