{"id":8479,"date":"2024-10-12T14:29:39","date_gmt":"2024-10-12T14:29:39","guid":{"rendered":"https:\/\/hojichawholesale.eu\/hojicha-lapuose-didmenine-prekyba\/"},"modified":"2025-10-26T16:43:03","modified_gmt":"2025-10-26T16:43:03","slug":"hojicha-lapuose-didmenine-prekyba","status":"publish","type":"page","link":"https:\/\/hojichawholesale.eu\/lt\/hojicha-lapuose-didmenine-prekyba\/","title":{"rendered":"Hojicha lapuose (didmenin\u0117 prekyba)"},"content":{"rendered":"\n<h1 class=\"wp-block-heading\">Hojicha lapuose (didmenin\u0117 prekyba)<\/h1>\n\n<p>Hojicha yra auk\u0161\u010diausios kokyb\u0117s skrudinta japoni\u0161ka \u017ealioji arbata, pasi\u017eyminti \u0161velniu ir d\u016bminiu skoniu. M\u016bs\u0173 hojicha yra gaunama i\u0161 Japonijos arbatos \u016bki\u0173 ir tiesiogiai supakuota juose, u\u017etikrinant auk\u0161t\u0105 kokyb\u0119, \u0161vie\u017eum\u0105 ir autenti\u0161k\u0105 skrudint\u0105 skon\u012f. <\/p>\n<div class=\"wp-block-image\">\n<figure class=\"aligncenter size-full is-resized\"><img fetchpriority=\"high\" decoding=\"async\" width=\"1000\" height=\"1000\" src=\"https:\/\/hojichawholesale.eu\/wp-content\/uploads\/2025\/01\/Hojicha-dark-leaf-both.webp\" alt=\"Hojicha tamsaus skrudinimo lapuose palyginimas VS hojicha tamsus skrudinimas u&#x17E;piltuose lapuose\" class=\"wp-image-7434\" style=\"width:365px;height:auto\" srcset=\"https:\/\/hojichawholesale.eu\/wp-content\/uploads\/2025\/01\/Hojicha-dark-leaf-both.webp 1000w, https:\/\/hojichawholesale.eu\/wp-content\/uploads\/2025\/01\/Hojicha-dark-leaf-both-300x300.webp 300w, https:\/\/hojichawholesale.eu\/wp-content\/uploads\/2025\/01\/Hojicha-dark-leaf-both-150x150.webp 150w, https:\/\/hojichawholesale.eu\/wp-content\/uploads\/2025\/01\/Hojicha-dark-leaf-both-768x768.webp 768w, https:\/\/hojichawholesale.eu\/wp-content\/uploads\/2025\/01\/Hojicha-dark-leaf-both-600x600.webp 600w\" sizes=\"(max-width: 1000px) 100vw, 1000px\" \/><\/figure>\n<\/div>\n<hr class=\"wp-block-separator has-alpha-channel-opacity\"\/>\n\n<h2 class=\"wp-block-heading\">Produkto ypatyb\u0117s<\/h2>\n\n<ul class=\"wp-block-list\">\n<li><strong>Tipas<\/strong>: Skrudinta \u017ealioji arbata (Hojicha)<\/li>\n\n\n\n<li><strong>Kilm\u0117<\/strong>: Shizuoka, Japonija<\/li>\n\n\n\n<li><strong>Forma<\/strong>: lapai<\/li>\n\n\n\n<li><strong>Skrudinimo lygis<\/strong>: vidutinis<\/li>\n\n\n\n<li><strong>Derliaus nu\u0117mimo sezonas<\/strong>: pavasaris\/vasara<\/li>\n\n\n\n<li><strong>Apdorojimas<\/strong>: Skrudinti \u017ealiosios arbatos lapai porceliane.  <\/li>\n\n\n\n<li><strong>Skonio profilis<\/strong>: \u0160velnus, skrudintas, su sald\u017eia karamele ir rie\u0161ut\u0173 atspalviais<\/li>\n\n\n\n<li><strong>Kofeinas<\/strong>: ma\u017eas<\/li>\n\n\n\n<li><strong>Pakuot\u0117<\/strong>: Tiekiama 500 g pakuot\u0117se (pakartotinai u\u017edaromuose mai\u0161eliuose). Nepa\u017eym\u0117tas. <\/li>\n<\/ul>\n\n<hr class=\"wp-block-separator has-alpha-channel-opacity\"\/>\n\n<h2 class=\"wp-block-heading\">Hojicha milteli\u0173 privalumai<\/h2>\n\n<ul class=\"wp-block-list\">\n<li><strong>Turtingas skonis<\/strong>: intensyvus skrudintas skonis, skirtas u\u017epilti kar\u0161tu vandeniu.<\/li>\n\n\n\n<li><strong>Ma\u017eai kofeino<\/strong>: puikiai tinka m\u0117gautis vis\u0105 dien\u0105, net vakare.<\/li>\n\n\n\n<li><strong>Universalus<\/strong>: idealiai tinka rytui, vidurdieniui, popietei ir vakarui.  <\/li>\n<\/ul>\n\n<hr class=\"wp-block-separator has-alpha-channel-opacity\"\/>\n\n<h2 class=\"wp-block-heading\">Didmenin\u0117 informacija<\/h2>\n\n<ul class=\"wp-block-list\">\n<li><strong>Minimalus u\u017esakymo kiekis (MOQ):<\/strong> 500 g (1 x 500 g mai\u0161elis)<\/li>\n\n\n\n<li><strong>Masin\u0117 kainodara<\/strong>: kreipkit\u0117s \u012f specialias kainas.  <\/li>\n\n\n\n<li><strong>Laikymas<\/strong>: Laikyti v\u0117sioje, sausoje aplinkoje.  <\/li>\n\n\n\n<li><strong>Galiojimo laikas<\/strong>: Hojicha galima laikyti iki dvej\u0173 met\u0173 neatidaryt\u0105 ir laikyti 5 \u00b0C \u2013 10 \u00b0C temperat\u016broje.<\/li>\n\n\n\n<li><strong>Pristatymas<\/strong>: Siun\u010diame Europos \u017eemyne su lanks\u010diomis pristatymo galimyb\u0117mis, \u012fskaitant greit\u0105j\u012f pristatym\u0105 skubiems u\u017esakymams.<\/li>\n<\/ul>\n\n<div class=\"wp-block-columns is-layout-flex wp-container-core-columns-is-layout-28f84493 wp-block-columns-is-layout-flex\">\n<div class=\"wp-block-column is-layout-flow wp-block-column-is-layout-flow\"><div class=\"wp-block-image\">\n<figure class=\"aligncenter size-full is-resized\"><img decoding=\"async\" width=\"1000\" height=\"1000\" src=\"https:\/\/hojichawholesale.eu\/wp-content\/uploads\/2025\/01\/Hojicha-dark-leaf.webp\" alt=\"\" class=\"wp-image-7458\" style=\"width:311px;height:auto\" srcset=\"https:\/\/hojichawholesale.eu\/wp-content\/uploads\/2025\/01\/Hojicha-dark-leaf.webp 1000w, https:\/\/hojichawholesale.eu\/wp-content\/uploads\/2025\/01\/Hojicha-dark-leaf-300x300.webp 300w, https:\/\/hojichawholesale.eu\/wp-content\/uploads\/2025\/01\/Hojicha-dark-leaf-150x150.webp 150w, https:\/\/hojichawholesale.eu\/wp-content\/uploads\/2025\/01\/Hojicha-dark-leaf-768x768.webp 768w, https:\/\/hojichawholesale.eu\/wp-content\/uploads\/2025\/01\/Hojicha-dark-leaf-600x600.webp 600w\" sizes=\"(max-width: 1000px) 100vw, 1000px\" \/><\/figure>\n<\/div><\/div>\n\n\n\n<div class=\"wp-block-column is-layout-flow wp-block-column-is-layout-flow\"><div class=\"wp-block-image\">\n<figure class=\"aligncenter size-large is-resized\"><img decoding=\"async\" width=\"1024\" height=\"1024\" src=\"https:\/\/hojichawholesale.eu\/wp-content\/uploads\/2025\/01\/Hojicha-dark-leaf-infused-1024x1024.webp\" alt=\"\" class=\"wp-image-7446\" style=\"width:313px;height:auto\" srcset=\"https:\/\/hojichawholesale.eu\/wp-content\/uploads\/2025\/01\/Hojicha-dark-leaf-infused-1024x1024.webp 1024w, https:\/\/hojichawholesale.eu\/wp-content\/uploads\/2025\/01\/Hojicha-dark-leaf-infused-300x300.webp 300w, https:\/\/hojichawholesale.eu\/wp-content\/uploads\/2025\/01\/Hojicha-dark-leaf-infused-150x150.webp 150w, https:\/\/hojichawholesale.eu\/wp-content\/uploads\/2025\/01\/Hojicha-dark-leaf-infused-768x768.webp 768w, https:\/\/hojichawholesale.eu\/wp-content\/uploads\/2025\/01\/Hojicha-dark-leaf-infused-1536x1536.webp 1536w, https:\/\/hojichawholesale.eu\/wp-content\/uploads\/2025\/01\/Hojicha-dark-leaf-infused-600x600.webp 600w, https:\/\/hojichawholesale.eu\/wp-content\/uploads\/2025\/01\/Hojicha-dark-leaf-infused.webp 2000w\" sizes=\"(max-width: 1024px) 100vw, 1024px\" \/><\/figure>\n<\/div><\/div>\n<\/div>\n\n<hr class=\"wp-block-separator has-alpha-channel-opacity\"\/>\n\n<h2 class=\"wp-block-heading\">Kaip naudoti Hojicha miltelius<\/h2>\n\n<ul class=\"wp-block-list\">\n<li><strong>Hojicha<\/strong>: Sumai\u0161ykite 2 arbatinius \u0161auk\u0161telius Hojicha su 200 ml kar\u0161to vandens.<\/li>\n<\/ul>\n\n<hr class=\"wp-block-separator has-alpha-channel-opacity\"\/>\n\n<h2 class=\"wp-block-heading\">Idealiai tinka<\/h2>\n\n<ul class=\"wp-block-list\">\n<li>Kavin\u0117s ir arbatos parduotuv\u0117s, norin\u010dios \u012f savo meniu \u012ftraukti skrudintus \u017ealiosios arbatos g\u0117rimus, tokius kaip Hojicha.<\/li>\n\n\n\n<li>Sveikat\u0105 besir\u016bpinantys klientai, kurie renkasi ma\u017eai kofeino turin\u010di\u0105 arbatos alternatyv\u0105.<\/li>\n<\/ul>\n\n<h2 class=\"wp-block-heading\">Pra\u0161ykite pavyzd\u017eio \u0161iandien<\/h2>\n\n<p>Smalsu apie sodrius, skrudintus m\u016bs\u0173 auk\u0161\u010diausios kokyb\u0117s hojicha skonius?  <\/p>\n\n<p>Tiesiog u\u017epildykite savo duomenis \u017eemiau ir mes atsi\u0173sime jums pavyzd\u012f. Prane\u0161kite mums, jei turite konkre\u010di\u0173 pageidavim\u0173, ir mes mielai pritaikysime savo pasi\u016blym\u0105 pagal j\u016bs\u0173 verslo poreikius. <\/p>\n<div class=\"forminator-ui forminator-custom-form forminator-custom-form-1365 forminator-design--flat  forminator_ajax\" data-forminator-render=\"0\" data-form=\"forminator-module-1365\" data-uid=\"69d5e3b554345\"><br\/><\/div><form\n\t\t\t\tid=\"forminator-module-1365\"\n\t\t\t\tclass=\"forminator-ui forminator-custom-form forminator-custom-form-1365 forminator-design--flat  forminator_ajax\"\n\t\t\t\tmethod=\"post\"\n\t\t\t\tdata-forminator-render=\"0\"\n\t\t\t\tdata-form-id=\"1365\"\n\t\t\t\t data-color-option=\"default\" data-design=\"flat\" data-grid=\"open\" style=\"display: none;\"\n\t\t\t\tdata-uid=\"69d5e3b554345\"\n\t\t\t><div role=\"alert\" aria-live=\"polite\" class=\"forminator-response-message forminator-error\" aria-hidden=\"true\"><\/div><div class=\"forminator-row\"><div id=\"name-1\" class=\"forminator-field-name forminator-col forminator-col-6 \"><div class=\"forminator-field\"><input type=\"text\" name=\"name-1\" value=\"\" placeholder=\"First Name\" id=\"forminator-field-name-1_69d5e3b554345\" class=\"forminator-input forminator-name--field\" aria-required=\"true\" autocomplete=\"name\" \/><\/div><\/div><div id=\"name-2\" class=\"forminator-field-name forminator-col forminator-col-6 \"><div class=\"forminator-field\"><input type=\"text\" name=\"name-2\" value=\"\" placeholder=\"Last Name\" id=\"forminator-field-name-2_69d5e3b554345\" class=\"forminator-input forminator-name--field\" aria-required=\"true\" autocomplete=\"name\" \/><\/div><\/div><\/div><div class=\"forminator-row\"><div id=\"email-1\" class=\"forminator-field-email forminator-col forminator-col-12 \"><div class=\"forminator-field\"><input type=\"email\" name=\"email-1\" value=\"\" placeholder=\"Email\" id=\"forminator-field-email-1_69d5e3b554345\" class=\"forminator-input forminator-email--field\" data-required=\"true\" aria-required=\"true\" autocomplete=\"email\" \/><\/div><\/div><\/div><div class=\"forminator-row\"><div id=\"phone-1\" class=\"forminator-field-phone forminator-col forminator-col-12 \"><div class=\"forminator-field\"><input type=\"text\" name=\"phone-1\" value=\"\" placeholder=\"Phone\" id=\"forminator-field-phone-1_69d5e3b554345\" class=\"forminator-input forminator-field--phone\" data-required=\"\" aria-required=\"false\" autocomplete=\"off\" \/><\/div><\/div><\/div><div class=\"forminator-row\"><div id=\"textarea-1\" class=\"forminator-field-textarea forminator-col forminator-col-12 \"><div class=\"forminator-field\"><textarea name=\"textarea-1\" placeholder=\"Message\" id=\"forminator-field-textarea-1_69d5e3b554345\" class=\"forminator-textarea\" rows=\"6\" style=\"min-height:140px;\" ><\/textarea><span id=\"forminator-field-textarea-1_69d5e3b554345-description\" class=\"forminator-description\"><span data-limit=\"300\" data-type=\"words\" data-editor=\"\">0 \/ 300<\/span><\/span><\/div><\/div><\/div><div class=\"forminator-row\"><\/div><input type=\"hidden\" name=\"referer_url\" value=\"\" \/><div class=\"forminator-row forminator-row-last\"><div class=\"forminator-col\"><div class=\"forminator-field\"><button class=\"forminator-button forminator-button-submit\">Send<\/button><\/div><\/div><\/div><input type=\"hidden\" id=\"forminator_nonce\" name=\"forminator_nonce\" value=\"58eeeb5d3e\" \/><input type=\"hidden\" name=\"_wp_http_referer\" value=\"\/lt\/wp-json\/wp\/v2\/pages\/8479\" \/><input type=\"hidden\" name=\"form_id\" value=\"1365\"><input type=\"hidden\" name=\"page_id\" value=\"8479\"><input type=\"hidden\" name=\"form_type\" value=\"default\"><input type=\"hidden\" name=\"current_url\" value=\"https:\/\/hojichawholesale.eu\/lt\/hojicha-lapuose-didmenine-prekyba\/\"><input type=\"hidden\" name=\"render_id\" value=\"0\"><input type=\"hidden\" name=\"action\" value=\"forminator_submit_form_custom-forms\"><label for=\"input_6\" class=\"forminator-hidden\" aria-hidden=\"true\">Please do not fill in this field. <input id=\"input_6\" type=\"text\" name=\"input_6\" value=\"\" autocomplete=\"off\"><\/label><\/form>\n","protected":false},"excerpt":{"rendered":"<p>Hojicha lapuose (didmenin\u0117 prekyba) Hojicha yra auk\u0161\u010diausios kokyb\u0117s skrudinta japoni\u0161ka \u017ealioji arbata, pasi\u017eyminti \u0161velniu ir d\u016bminiu skoniu. M\u016bs\u0173 hojicha yra gaunama i\u0161 Japonijos arbatos \u016bki\u0173 ir tiesiogiai supakuota juose, u\u017etikrinant auk\u0161t\u0105 kokyb\u0119, \u0161vie\u017eum\u0105 ir autenti\u0161k\u0105 skrudint\u0105 skon\u012f. Produkto ypatyb\u0117s Hojicha milteli\u0173 privalumai Didmenin\u0117 informacija Kaip naudoti Hojicha miltelius Idealiai tinka Pra\u0161ykite pavyzd\u017eio \u0161iandien Smalsu apie [&hellip;]<\/p>\n","protected":false},"author":1,"featured_media":8483,"parent":0,"menu_order":0,"comment_status":"closed","ping_status":"closed","template":"","meta":{"_surecart_dashboard_logo_width":"180px","_surecart_dashboard_show_logo":true,"_surecart_dashboard_navigation_orders":true,"_surecart_dashboard_navigation_invoices":true,"_surecart_dashboard_navigation_subscriptions":true,"_surecart_dashboard_navigation_downloads":true,"_surecart_dashboard_navigation_billing":true,"_surecart_dashboard_navigation_account":true,"footnotes":""},"class_list":["post-8479","page","type-page","status-publish","has-post-thumbnail","hentry","entry","has-media"],"mb":[],"mfb_rest_fields":["title","gutenberg_elementor_mode"],"_links":{"self":[{"href":"https:\/\/hojichawholesale.eu\/lt\/wp-json\/wp\/v2\/pages\/8479","targetHints":{"allow":["GET"]}}],"collection":[{"href":"https:\/\/hojichawholesale.eu\/lt\/wp-json\/wp\/v2\/pages"}],"about":[{"href":"https:\/\/hojichawholesale.eu\/lt\/wp-json\/wp\/v2\/types\/page"}],"author":[{"embeddable":true,"href":"https:\/\/hojichawholesale.eu\/lt\/wp-json\/wp\/v2\/users\/1"}],"replies":[{"embeddable":true,"href":"https:\/\/hojichawholesale.eu\/lt\/wp-json\/wp\/v2\/comments?post=8479"}],"version-history":[{"count":0,"href":"https:\/\/hojichawholesale.eu\/lt\/wp-json\/wp\/v2\/pages\/8479\/revisions"}],"wp:featuredmedia":[{"embeddable":true,"href":"https:\/\/hojichawholesale.eu\/lt\/wp-json\/wp\/v2\/media\/8483"}],"wp:attachment":[{"href":"https:\/\/hojichawholesale.eu\/lt\/wp-json\/wp\/v2\/media?parent=8479"}],"curies":[{"name":"wp","href":"https:\/\/api.w.org\/{rel}","templated":true}]}}