{"id":8469,"date":"2024-10-12T14:14:16","date_gmt":"2024-10-12T14:14:16","guid":{"rendered":"https:\/\/hojichawholesale.eu\/hojicha-tamsaus-skrudinimo-milteliai-didmenine-prekyba\/"},"modified":"2025-12-10T19:00:28","modified_gmt":"2025-12-10T19:00:28","slug":"hojicha-tamsaus-skrudinimo-milteliai-didmenine-prekyba","status":"publish","type":"page","link":"https:\/\/hojichawholesale.eu\/lt\/hojicha-tamsaus-skrudinimo-milteliai-didmenine-prekyba\/","title":{"rendered":"Hojicha tamsaus skrudinimo milteliai (didmenin\u0117 prekyba)"},"content":{"rendered":"\n<h1 class=\"wp-block-heading\">Hojicha tamsaus skrudinimo milteliai (didmenin\u0117 prekyba)<\/h1>\n\n<p><strong>&#8222;Hojicha Dark Roast<\/strong>&#8221; <strong>milteliai <\/strong>suteikia gil\u0173, intensyv\u0173 skrudint\u0105 skon\u012f, puikiai tinkant\u012f tiems, kurie ie\u0161ko tvirtesn\u0117s ir sodresn\u0117s arbatos patirties.<\/p>\n<div class=\"wp-block-image\">\n<figure class=\"aligncenter size-full is-resized\"><img fetchpriority=\"high\" decoding=\"async\" width=\"1000\" height=\"1000\" src=\"https:\/\/hojichawholesale.eu\/wp-content\/uploads\/2025\/01\/hojicha-dark-powder-both.webp\" alt=\"Hojicha tamsi&#x173; milteli&#x173; ir hojicha tamsi&#x173; milteli&#x173; palyginimas\" class=\"wp-image-7396\" style=\"width:323px;height:auto\" srcset=\"https:\/\/hojichawholesale.eu\/wp-content\/uploads\/2025\/01\/hojicha-dark-powder-both.webp 1000w, https:\/\/hojichawholesale.eu\/wp-content\/uploads\/2025\/01\/hojicha-dark-powder-both-300x300.webp 300w, https:\/\/hojichawholesale.eu\/wp-content\/uploads\/2025\/01\/hojicha-dark-powder-both-150x150.webp 150w, https:\/\/hojichawholesale.eu\/wp-content\/uploads\/2025\/01\/hojicha-dark-powder-both-768x768.webp 768w, https:\/\/hojichawholesale.eu\/wp-content\/uploads\/2025\/01\/hojicha-dark-powder-both-600x600.webp 600w\" sizes=\"(max-width: 1000px) 100vw, 1000px\" \/><\/figure>\n<\/div>\n<hr class=\"wp-block-separator has-alpha-channel-opacity\"\/>\n\n<h2 class=\"wp-block-heading\">Produkto ypatyb\u0117s<\/h2>\n\n<ul class=\"wp-block-list\">\n<li><strong>Tipas<\/strong>: Skrudinta \u017ealioji arbata (Hojicha)<\/li>\n\n\n\n<li><strong>Forma<\/strong>: milteliai<\/li>\n\n\n\n<li><strong>Kilm\u0117<\/strong>: Shizuoka, Japonija<\/li>\n\n\n\n<li><strong>Skrudinimo lygis<\/strong>: tamsus<\/li>\n\n\n\n<li><strong>Derliaus nu\u0117mimo sezonas<\/strong>: pavasaris\/vasara<\/li>\n\n\n\n<li><strong>Apdorojimas<\/strong>: giliai skrudintas (300 \u00b0C) porceliane, kad b\u016bt\u0173 sukurtas dr\u0105sus, d\u016bminis aromatas.<\/li>\n\n\n\n<li><strong>Skonio profilis<\/strong>: d\u016bminis, sodrus ir \u0161iek tiek saldus su dr\u0105siu karamel\u0117s atspalviu.<\/li>\n\n\n\n<li><strong>Kofeinas<\/strong>: labai ma\u017eas<\/li>\n\n\n\n<li><strong>Pakuot\u0117<\/strong>: Galima \u012fsigyti 1 kg mai\u0161eliuose. Perpakavimas galimas j\u016bs\u0173 pageidavimu.   <\/li>\n<\/ul>\n\n<hr class=\"wp-block-separator has-alpha-channel-opacity\"\/>\n\n<h2 class=\"wp-block-heading\">Tamsaus skrudinimo Hojicha privalumai<\/h2>\n\n<ul class=\"wp-block-list\">\n<li><strong>Turtingas skonis<\/strong>: gilus skrudinimas i\u0161ry\u0161kina intensyvias, d\u016bmines natas, kurios puikiai dera su desertais arba kaip atskira arbata.<\/li>\n\n\n\n<li><strong>Ma\u017eas kofeino kiekis<\/strong>: m\u0117gaukit\u0117s bet kuriuo paros metu be nerv\u0173.<\/li>\n\n\n\n<li><strong>\u0160iltas ir guod\u017eiantis<\/strong>: tamsus skrudinimas suteikia \u012f\u017eeminimo ir raminan\u010di\u0105 patirt\u012f, puikiai tinkan\u010di\u0105 \u0161altesniais m\u0117nesiais.<\/li>\n<\/ul>\n\n<div class=\"wp-block-columns is-layout-flex wp-container-core-columns-is-layout-28f84493 wp-block-columns-is-layout-flex\">\n<div class=\"wp-block-column is-layout-flow wp-block-column-is-layout-flow\"><div class=\"wp-block-image\">\n<figure class=\"aligncenter size-full is-resized\"><img decoding=\"async\" width=\"1000\" height=\"1000\" src=\"https:\/\/hojichawholesale.eu\/wp-content\/uploads\/2025\/01\/hojicha-dark-powder.webp\" alt=\"Hojicha tamsaus skrudinimo milteliai\" class=\"wp-image-7420\" style=\"width:306px;height:auto\" srcset=\"https:\/\/hojichawholesale.eu\/wp-content\/uploads\/2025\/01\/hojicha-dark-powder.webp 1000w, https:\/\/hojichawholesale.eu\/wp-content\/uploads\/2025\/01\/hojicha-dark-powder-300x300.webp 300w, https:\/\/hojichawholesale.eu\/wp-content\/uploads\/2025\/01\/hojicha-dark-powder-150x150.webp 150w, https:\/\/hojichawholesale.eu\/wp-content\/uploads\/2025\/01\/hojicha-dark-powder-768x768.webp 768w, https:\/\/hojichawholesale.eu\/wp-content\/uploads\/2025\/01\/hojicha-dark-powder-600x600.webp 600w\" sizes=\"(max-width: 1000px) 100vw, 1000px\" \/><\/figure>\n<\/div><\/div>\n\n\n\n<div class=\"wp-block-column is-layout-flow wp-block-column-is-layout-flow\"><div class=\"wp-block-image\">\n<figure class=\"aligncenter size-large is-resized\"><img decoding=\"async\" width=\"1024\" height=\"1024\" src=\"https:\/\/hojichawholesale.eu\/wp-content\/uploads\/2025\/01\/hojicha-dark-powder-infused-1024x1024.webp\" alt=\"Hojicha tamsaus skrudinimo milteliai u&#x17E;pilti\" class=\"wp-image-7408\" style=\"width:302px;height:auto\" srcset=\"https:\/\/hojichawholesale.eu\/wp-content\/uploads\/2025\/01\/hojicha-dark-powder-infused-1024x1024.webp 1024w, https:\/\/hojichawholesale.eu\/wp-content\/uploads\/2025\/01\/hojicha-dark-powder-infused-300x300.webp 300w, https:\/\/hojichawholesale.eu\/wp-content\/uploads\/2025\/01\/hojicha-dark-powder-infused-150x150.webp 150w, https:\/\/hojichawholesale.eu\/wp-content\/uploads\/2025\/01\/hojicha-dark-powder-infused-768x768.webp 768w, https:\/\/hojichawholesale.eu\/wp-content\/uploads\/2025\/01\/hojicha-dark-powder-infused-1536x1536.webp 1536w, https:\/\/hojichawholesale.eu\/wp-content\/uploads\/2025\/01\/hojicha-dark-powder-infused-600x600.webp 600w, https:\/\/hojichawholesale.eu\/wp-content\/uploads\/2025\/01\/hojicha-dark-powder-infused.webp 2000w\" sizes=\"(max-width: 1024px) 100vw, 1024px\" \/><\/figure>\n<\/div><\/div>\n<\/div>\n\n<hr class=\"wp-block-separator has-alpha-channel-opacity\"\/>\n\n<h2 class=\"wp-block-heading\">Didmenin\u0117 informacija<\/h2>\n\n<ul class=\"wp-block-list\">\n<li><strong>Minimalus u\u017esakymo kiekis (MOQ):<\/strong> 5 mai\u0161eliai po 100 gram\u0173.<\/li>\n\n\n\n<li><strong>Masin\u0117 kainodara<\/strong>: Susisiekite su mumis \u017eemiau d\u0117l speciali\u0173 kain\u0173 pagal u\u017esakymo dyd\u012f.<\/li>\n\n\n\n<li><strong>Galiojimo laikas<\/strong>: Hojicha galima laikyti iki dvej\u0173 met\u0173 neatidaryt\u0105 ir laikyti 5 \u00b0C \u2013 10 \u00b0C temperat\u016broje.<\/li>\n\n\n\n<li><strong>Pristatymas<\/strong>: Siun\u010diame visoje Europoje, nuo Islandijos iki Stambulo, su lanks\u010diomis pristatymo galimyb\u0117mis, \u012fskaitant greit\u0105j\u012f pristatym\u0105 skubiems u\u017esakymams.<\/li>\n<\/ul>\n\n<hr class=\"wp-block-separator has-alpha-channel-opacity\"\/>\n\n<h2 class=\"wp-block-heading\">Kaip u\u017evirinti<\/h2>\n\n<ol class=\"wp-block-list\">\n<li><strong>Arbatos kiekis<\/strong>: 8 g arbatos 500 ml vandens<\/li>\n\n\n\n<li><strong>Vandens temperat\u016bra<\/strong>: 80\u00b0C  <\/li>\n\n\n\n<li><strong>Mirkymo laikas<\/strong>: 2-3 minut\u0117s stipriam, sodriam u\u017evirimui<\/li>\n<\/ol>\n\n<hr class=\"wp-block-separator has-alpha-channel-opacity\"\/>\n\n<h2 class=\"wp-block-heading\">Puikiai tinka<\/h2>\n\n<ul class=\"wp-block-list\">\n<li>Auk\u0161\u010diausios klas\u0117s arbatos parduotuv\u0117s, kavin\u0117s ir restoranai, norintys savo klientams pasi\u016blyti auk\u0161\u010diausios kokyb\u0117s tamsaus skrudinimo variant\u0105.  <\/li>\n\n\n\n<li>Klientai, ie\u0161kantys dr\u0105sios, ma\u017eai kofeino turin\u010dios kavos alternatyvos.<\/li>\n\n\n\n<li>Firmini\u0173 arbatos mi\u0161ini\u0173 k\u016brimas arba kaip kulinarini\u0173 recept\u0173 ingredientas.<\/li>\n<\/ul>\n\n<h2 class=\"wp-block-heading\">Pra\u0161ykite pavyzd\u017eio \u0161iandien<\/h2>\n\n<p>Smalsu apie sodrius, skrudintus m\u016bs\u0173 auk\u0161\u010diausios kokyb\u0117s hojicha skonius?  <\/p>\n\n<p>Tiesiog u\u017epildykite savo duomenis \u017eemiau ir mes atsi\u0173sime jums pavyzd\u012f. Prane\u0161kite mums, jei turite konkre\u010di\u0173 pageidavim\u0173, ir mes mielai pritaikysime savo pasi\u016blym\u0105 pagal j\u016bs\u0173 verslo poreikius. <\/p>\n<div class=\"forminator-ui forminator-custom-form forminator-custom-form-1365 forminator-design--flat  forminator_ajax\" data-forminator-render=\"0\" data-form=\"forminator-module-1365\" data-uid=\"69de33aa1cc63\"><br\/><\/div><form\n\t\t\t\tid=\"forminator-module-1365\"\n\t\t\t\tclass=\"forminator-ui forminator-custom-form forminator-custom-form-1365 forminator-design--flat  forminator_ajax\"\n\t\t\t\tmethod=\"post\"\n\t\t\t\tdata-forminator-render=\"0\"\n\t\t\t\tdata-form-id=\"1365\"\n\t\t\t\t data-color-option=\"default\" data-design=\"flat\" data-grid=\"open\" style=\"display: none;\"\n\t\t\t\tdata-uid=\"69de33aa1cc63\"\n\t\t\t><div role=\"alert\" aria-live=\"polite\" class=\"forminator-response-message forminator-error\" aria-hidden=\"true\"><\/div><div class=\"forminator-row\"><div id=\"name-1\" class=\"forminator-field-name forminator-col forminator-col-6 \"><div class=\"forminator-field\"><input type=\"text\" name=\"name-1\" value=\"\" placeholder=\"First Name\" id=\"forminator-field-name-1_69de33aa1cc63\" class=\"forminator-input forminator-name--field\" aria-required=\"true\" autocomplete=\"name\" \/><\/div><\/div><div id=\"name-2\" class=\"forminator-field-name forminator-col forminator-col-6 \"><div class=\"forminator-field\"><input type=\"text\" name=\"name-2\" value=\"\" placeholder=\"Last Name\" id=\"forminator-field-name-2_69de33aa1cc63\" class=\"forminator-input forminator-name--field\" aria-required=\"true\" autocomplete=\"name\" \/><\/div><\/div><\/div><div class=\"forminator-row\"><div id=\"email-1\" class=\"forminator-field-email forminator-col forminator-col-12 \"><div class=\"forminator-field\"><input type=\"email\" name=\"email-1\" value=\"\" placeholder=\"Email\" id=\"forminator-field-email-1_69de33aa1cc63\" class=\"forminator-input forminator-email--field\" data-required=\"true\" aria-required=\"true\" autocomplete=\"email\" \/><\/div><\/div><\/div><div class=\"forminator-row\"><div id=\"phone-1\" class=\"forminator-field-phone forminator-col forminator-col-12 \"><div class=\"forminator-field\"><input type=\"text\" name=\"phone-1\" value=\"\" placeholder=\"Phone\" id=\"forminator-field-phone-1_69de33aa1cc63\" class=\"forminator-input forminator-field--phone\" data-required=\"\" aria-required=\"false\" autocomplete=\"off\" \/><\/div><\/div><\/div><div class=\"forminator-row\"><div id=\"textarea-1\" class=\"forminator-field-textarea forminator-col forminator-col-12 \"><div class=\"forminator-field\"><textarea name=\"textarea-1\" placeholder=\"Message\" id=\"forminator-field-textarea-1_69de33aa1cc63\" class=\"forminator-textarea\" rows=\"6\" style=\"min-height:140px;\" ><\/textarea><span id=\"forminator-field-textarea-1_69de33aa1cc63-description\" class=\"forminator-description\"><span data-limit=\"300\" data-type=\"words\" data-editor=\"\">0 \/ 300<\/span><\/span><\/div><\/div><\/div><div class=\"forminator-row\"><\/div><input type=\"hidden\" name=\"referer_url\" value=\"\" \/><div class=\"forminator-row forminator-row-last\"><div class=\"forminator-col\"><div class=\"forminator-field\"><button class=\"forminator-button forminator-button-submit\">Send<\/button><\/div><\/div><\/div><input type=\"hidden\" id=\"forminator_nonce\" name=\"forminator_nonce\" value=\"a647953a3f\" \/><input type=\"hidden\" name=\"_wp_http_referer\" value=\"\/lt\/wp-json\/wp\/v2\/pages\/8469\" \/><input type=\"hidden\" name=\"form_id\" value=\"1365\"><input type=\"hidden\" name=\"page_id\" value=\"8469\"><input type=\"hidden\" name=\"form_type\" value=\"default\"><input type=\"hidden\" name=\"current_url\" value=\"https:\/\/hojichawholesale.eu\/lt\/hojicha-tamsaus-skrudinimo-milteliai-didmenine-prekyba\/\"><input type=\"hidden\" name=\"render_id\" value=\"0\"><input type=\"hidden\" name=\"action\" value=\"forminator_submit_form_custom-forms\"><label for=\"input_6\" class=\"forminator-hidden\" aria-hidden=\"true\">Please do not fill in this field. <input id=\"input_6\" type=\"text\" name=\"input_6\" value=\"\" autocomplete=\"off\"><\/label><\/form>\n","protected":false},"excerpt":{"rendered":"<p>Hojicha tamsaus skrudinimo milteliai (didmenin\u0117 prekyba) &#8222;Hojicha Dark Roast&#8221; milteliai suteikia gil\u0173, intensyv\u0173 skrudint\u0105 skon\u012f, puikiai tinkant\u012f tiems, kurie ie\u0161ko tvirtesn\u0117s ir sodresn\u0117s arbatos patirties. Produkto ypatyb\u0117s Tamsaus skrudinimo Hojicha privalumai Didmenin\u0117 informacija Kaip u\u017evirinti Puikiai tinka Pra\u0161ykite pavyzd\u017eio \u0161iandien Smalsu apie sodrius, skrudintus m\u016bs\u0173 auk\u0161\u010diausios kokyb\u0117s hojicha skonius? Tiesiog u\u017epildykite savo duomenis \u017eemiau ir [&hellip;]<\/p>\n","protected":false},"author":1,"featured_media":8475,"parent":0,"menu_order":0,"comment_status":"closed","ping_status":"closed","template":"","meta":{"_surecart_dashboard_logo_width":"180px","_surecart_dashboard_show_logo":true,"_surecart_dashboard_navigation_orders":true,"_surecart_dashboard_navigation_invoices":true,"_surecart_dashboard_navigation_subscriptions":true,"_surecart_dashboard_navigation_downloads":true,"_surecart_dashboard_navigation_billing":true,"_surecart_dashboard_navigation_account":true,"footnotes":""},"class_list":["post-8469","page","type-page","status-publish","has-post-thumbnail","hentry","entry","has-media"],"mb":[],"mfb_rest_fields":["title","gutenberg_elementor_mode"],"_links":{"self":[{"href":"https:\/\/hojichawholesale.eu\/lt\/wp-json\/wp\/v2\/pages\/8469","targetHints":{"allow":["GET"]}}],"collection":[{"href":"https:\/\/hojichawholesale.eu\/lt\/wp-json\/wp\/v2\/pages"}],"about":[{"href":"https:\/\/hojichawholesale.eu\/lt\/wp-json\/wp\/v2\/types\/page"}],"author":[{"embeddable":true,"href":"https:\/\/hojichawholesale.eu\/lt\/wp-json\/wp\/v2\/users\/1"}],"replies":[{"embeddable":true,"href":"https:\/\/hojichawholesale.eu\/lt\/wp-json\/wp\/v2\/comments?post=8469"}],"version-history":[{"count":0,"href":"https:\/\/hojichawholesale.eu\/lt\/wp-json\/wp\/v2\/pages\/8469\/revisions"}],"wp:featuredmedia":[{"embeddable":true,"href":"https:\/\/hojichawholesale.eu\/lt\/wp-json\/wp\/v2\/media\/8475"}],"wp:attachment":[{"href":"https:\/\/hojichawholesale.eu\/lt\/wp-json\/wp\/v2\/media?parent=8469"}],"curies":[{"name":"wp","href":"https:\/\/api.w.org\/{rel}","templated":true}]}}