{"id":8398,"date":"2024-10-12T14:03:31","date_gmt":"2024-10-12T14:03:31","guid":{"rendered":"https:\/\/hojichawholesale.eu\/hojicha-vidutinio-skrudinimo-milteliai-didmenine-prekyba\/"},"modified":"2025-12-10T19:00:14","modified_gmt":"2025-12-10T19:00:14","slug":"hojicha-vidutinio-skrudinimo-milteliai-didmenine-prekyba","status":"publish","type":"page","link":"https:\/\/hojichawholesale.eu\/lt\/hojicha-vidutinio-skrudinimo-milteliai-didmenine-prekyba\/","title":{"rendered":"Hojicha vidutinio skrudinimo milteliai (didmenin\u0117 prekyba)"},"content":{"rendered":"\n<h1 class=\"wp-block-heading\">Hojicha vidutinis skrudinimas (didmenin\u0117 prekyba)<\/h1>\n\n<p><strong>Hojicha vidutinio skrudinimo<\/strong> <strong>milteliai <\/strong>pasi\u017eymi unikaliu, sodriu ir \u017eemi\u0161ku skoniu, kuris puikiai tinka arbatos m\u0117g\u0117jams, kurie vertina pusiausvyr\u0105 tarp tvirt\u0173 skrudint\u0173 nat\u0173 ir nat\u016bralaus \u017ealiosios arbatos saldumo.<\/p>\n<div class=\"wp-block-image\">\n<figure class=\"aligncenter size-full is-resized\"><img fetchpriority=\"high\" decoding=\"async\" width=\"1000\" height=\"1000\" src=\"https:\/\/hojichawholesale.eu\/wp-content\/uploads\/2025\/01\/hojicha-medium-powder-both.webp\" alt=\"\" class=\"wp-image-7484\" style=\"width:282px;height:auto\" srcset=\"https:\/\/hojichawholesale.eu\/wp-content\/uploads\/2025\/01\/hojicha-medium-powder-both.webp 1000w, https:\/\/hojichawholesale.eu\/wp-content\/uploads\/2025\/01\/hojicha-medium-powder-both-300x300.webp 300w, https:\/\/hojichawholesale.eu\/wp-content\/uploads\/2025\/01\/hojicha-medium-powder-both-150x150.webp 150w, https:\/\/hojichawholesale.eu\/wp-content\/uploads\/2025\/01\/hojicha-medium-powder-both-768x768.webp 768w, https:\/\/hojichawholesale.eu\/wp-content\/uploads\/2025\/01\/hojicha-medium-powder-both-600x600.webp 600w\" sizes=\"(max-width: 1000px) 100vw, 1000px\" \/><\/figure>\n<\/div>\n<h2 class=\"wp-block-heading\">Produkto ypatyb\u0117s<\/h2>\n\n<ul class=\"wp-block-list\">\n<li><strong>Tipas<\/strong>: Skrudinta \u017ealioji arbata (hojicha)<\/li>\n\n\n\n<li><strong>Kilm\u0117<\/strong>: Shizuoka, Japonija<\/li>\n\n\n\n<li><strong>Forma<\/strong>: milteliai<\/li>\n\n\n\n<li><strong>Skrudinimo lygis<\/strong>: vidutinis<\/li>\n\n\n\n<li><strong>Derliaus nu\u0117mimo sezonas<\/strong>: pavasaris\/vasara<\/li>\n\n\n\n<li><strong>Apdorojimas<\/strong>: Skrudintas porceliane vir\u0161 220 \u00b0C<\/li>\n\n\n\n<li><strong>Skonio profilis<\/strong>: rie\u0161utinis, \u0161iek tiek saldus, \u0161velnus su karamel\u0117s u\u017euominomis<\/li>\n\n\n\n<li><strong>Kofeinas<\/strong>: ma\u017eas<\/li>\n\n\n\n<li><strong>Pakuot\u0117<\/strong>: Galima \u012fsigyti 1 kg mai\u0161eliuose. Perpakavimas galimas j\u016bs\u0173 pageidavimu.   <\/li>\n<\/ul>\n\n<hr class=\"wp-block-separator has-alpha-channel-opacity\"\/>\n\n<h2 class=\"wp-block-heading\">Vidutinio skrudinimo Hojicha privalumai<\/h2>\n\n<ul class=\"wp-block-list\">\n<li><strong>Turtingas antioksidant\u0173<\/strong>: apsaugo nuo laisv\u0173j\u0173 radikal\u0173<\/li>\n\n\n\n<li><strong>Ma\u017eas kofeino kiekis<\/strong>: idealiai tinka m\u0117gautis vis\u0105 dien\u0105, \u012fskaitant vakarus<\/li>\n\n\n\n<li><strong>Raminantis ir atpalaiduojantis<\/strong>: \u0161velnus skrudinimo procesas suma\u017eina kartum\u0105 ir sustiprina \u0161veln\u0173, raminant\u012f skon\u012f.<\/li>\n\n\n\n<li><strong>Madinga<\/strong>: Pietry\u010di\u0173 Azijoje, ji pradeda kelti susidom\u0117jim\u0105 Europoje.<\/li>\n<\/ul>\n\n<div class=\"wp-block-columns is-layout-flex wp-container-core-columns-is-layout-28f84493 wp-block-columns-is-layout-flex\">\n<div class=\"wp-block-column is-layout-flow wp-block-column-is-layout-flow\"><div class=\"wp-block-image\">\n<figure class=\"aligncenter size-full is-resized\"><img decoding=\"async\" width=\"1000\" height=\"1000\" src=\"https:\/\/hojichawholesale.eu\/wp-content\/uploads\/2025\/01\/hojicha-medium-powder.webp\" alt=\"Hojicha vidutinio skrudinimo milteliai\" class=\"wp-image-7472\" style=\"width:297px;height:auto\" srcset=\"https:\/\/hojichawholesale.eu\/wp-content\/uploads\/2025\/01\/hojicha-medium-powder.webp 1000w, https:\/\/hojichawholesale.eu\/wp-content\/uploads\/2025\/01\/hojicha-medium-powder-300x300.webp 300w, https:\/\/hojichawholesale.eu\/wp-content\/uploads\/2025\/01\/hojicha-medium-powder-150x150.webp 150w, https:\/\/hojichawholesale.eu\/wp-content\/uploads\/2025\/01\/hojicha-medium-powder-768x768.webp 768w, https:\/\/hojichawholesale.eu\/wp-content\/uploads\/2025\/01\/hojicha-medium-powder-600x600.webp 600w\" sizes=\"(max-width: 1000px) 100vw, 1000px\" \/><\/figure>\n<\/div><\/div>\n\n\n\n<div class=\"wp-block-column is-layout-flow wp-block-column-is-layout-flow\"><div class=\"wp-block-image\">\n<figure class=\"aligncenter size-large is-resized\"><img decoding=\"async\" width=\"1024\" height=\"1024\" src=\"https:\/\/hojichawholesale.eu\/wp-content\/uploads\/2025\/01\/hojicha-medium-powder-infused-1024x1024.webp\" alt=\"Hojicha vidutinio skrudinimo milteliai u&#x17E;pilti\" class=\"wp-image-7496\" style=\"width:295px;height:auto\" srcset=\"https:\/\/hojichawholesale.eu\/wp-content\/uploads\/2025\/01\/hojicha-medium-powder-infused-1024x1024.webp 1024w, https:\/\/hojichawholesale.eu\/wp-content\/uploads\/2025\/01\/hojicha-medium-powder-infused-300x300.webp 300w, https:\/\/hojichawholesale.eu\/wp-content\/uploads\/2025\/01\/hojicha-medium-powder-infused-150x150.webp 150w, https:\/\/hojichawholesale.eu\/wp-content\/uploads\/2025\/01\/hojicha-medium-powder-infused-768x768.webp 768w, https:\/\/hojichawholesale.eu\/wp-content\/uploads\/2025\/01\/hojicha-medium-powder-infused-1536x1536.webp 1536w, https:\/\/hojichawholesale.eu\/wp-content\/uploads\/2025\/01\/hojicha-medium-powder-infused-600x600.webp 600w, https:\/\/hojichawholesale.eu\/wp-content\/uploads\/2025\/01\/hojicha-medium-powder-infused.webp 2000w\" sizes=\"(max-width: 1024px) 100vw, 1024px\" \/><\/figure>\n<\/div><\/div>\n<\/div>\n\n<hr class=\"wp-block-separator has-alpha-channel-opacity\"\/>\n\n<h2 class=\"wp-block-heading\">Didmenin\u0117 informacija<\/h2>\n\n<ul class=\"wp-block-list\">\n<li><strong>Minimalus u\u017esakymo kiekis (MOQ):<\/strong> 500 gram\u0173 (5*100 gram\u0173).<\/li>\n\n\n\n<li><strong>Masin\u0117 kainodara<\/strong>: susisiekite su mumis \u017eemiau, kad gautum\u0117te individual\u0173 pasi\u016blym\u0105 pagal u\u017esakymo apimt\u012f.<\/li>\n\n\n\n<li><strong>Laikymas<\/strong>: Laikyti v\u0117sioje, sausoje vietoje.<\/li>\n\n\n\n<li><strong>Galiojimo laikas<\/strong>: Hojicha galima laikyti iki dvej\u0173 met\u0173 neatidaryt\u0105 ir laikyti 5 \u00b0C &#8211; 10 \u00b0C temperat\u016broje.<\/li>\n\n\n\n<li><strong>Pristatymas<\/strong>: Siun\u010diame Europos \u017eemyne su lanks\u010diomis pristatymo galimyb\u0117mis, \u012fskaitant greit\u0105j\u012f pristatym\u0105 skubiems u\u017esakymams.<\/li>\n<\/ul>\n\n<hr class=\"wp-block-separator has-alpha-channel-opacity\"\/>\n\n<h2 class=\"wp-block-heading\">Kaip u\u017evirinti<\/h2>\n\n<ol class=\"wp-block-list\">\n<li><strong>Arbatos kiekis<\/strong>: 8 g arbatos 500 ml vandens<\/li>\n\n\n\n<li><strong>Vandens temperat\u016bra<\/strong>: 70-80\u00b0C  <\/li>\n\n\n\n<li><strong>Mirkymo laikas<\/strong>: 2-3 minut\u0117s tobulam puodeliui<\/li>\n<\/ol>\n\n<hr class=\"wp-block-separator has-alpha-channel-opacity\"\/>\n\n<h2 class=\"wp-block-heading\">Idealiai tinka<\/h2>\n\n<ul class=\"wp-block-list\">\n<li>Arbatos parduotuv\u0117s, kavin\u0117s ir restoranai, norintys pasi\u016blyti auk\u0161\u010diausios kokyb\u0117s hojicha latte patirt\u012f.  <\/li>\n\n\n\n<li>Sveikat\u0105 besir\u016bpinantys vartotojai, kurie renkasi ma\u017eai kofeino turin\u010di\u0105 alternatyv\u0105.<\/li>\n\n\n\n<li>Mi\u0161iniai su kitomis arbatomis, kad b\u016bt\u0173 sukurti firminiai nam\u0173 arbatos mi\u0161iniai.<\/li>\n<\/ul>\n\n<h2 class=\"wp-block-heading\">Pra\u0161ykite pavyzd\u017eio \u0161iandien<\/h2>\n\n<p>Smalsu apie sodrius, skrudintus m\u016bs\u0173 auk\u0161\u010diausios kokyb\u0117s hojicha skonius?  <\/p>\n\n<p>Tiesiog u\u017epildykite savo duomenis \u017eemiau ir mes atsi\u0173sime jums pavyzd\u012f. Prane\u0161kite mums, jei turite konkre\u010di\u0173 pageidavim\u0173, ir mes mielai pritaikysime savo pasi\u016blym\u0105 pagal j\u016bs\u0173 verslo poreikius. <\/p>\n<div class=\"forminator-ui forminator-custom-form forminator-custom-form-1365 forminator-design--flat  forminator_ajax\" data-forminator-render=\"0\" data-form=\"forminator-module-1365\" data-uid=\"69dec6a6b243e\"><br\/><\/div><form\n\t\t\t\tid=\"forminator-module-1365\"\n\t\t\t\tclass=\"forminator-ui forminator-custom-form forminator-custom-form-1365 forminator-design--flat  forminator_ajax\"\n\t\t\t\tmethod=\"post\"\n\t\t\t\tdata-forminator-render=\"0\"\n\t\t\t\tdata-form-id=\"1365\"\n\t\t\t\t data-color-option=\"default\" data-design=\"flat\" data-grid=\"open\" style=\"display: none;\"\n\t\t\t\tdata-uid=\"69dec6a6b243e\"\n\t\t\t><div role=\"alert\" aria-live=\"polite\" class=\"forminator-response-message forminator-error\" aria-hidden=\"true\"><\/div><div class=\"forminator-row\"><div id=\"name-1\" class=\"forminator-field-name forminator-col forminator-col-6 \"><div class=\"forminator-field\"><input type=\"text\" name=\"name-1\" value=\"\" placeholder=\"First Name\" id=\"forminator-field-name-1_69dec6a6b243e\" class=\"forminator-input forminator-name--field\" aria-required=\"true\" autocomplete=\"name\" \/><\/div><\/div><div id=\"name-2\" class=\"forminator-field-name forminator-col forminator-col-6 \"><div class=\"forminator-field\"><input type=\"text\" name=\"name-2\" value=\"\" placeholder=\"Last Name\" id=\"forminator-field-name-2_69dec6a6b243e\" class=\"forminator-input forminator-name--field\" aria-required=\"true\" autocomplete=\"name\" \/><\/div><\/div><\/div><div class=\"forminator-row\"><div id=\"email-1\" class=\"forminator-field-email forminator-col forminator-col-12 \"><div class=\"forminator-field\"><input type=\"email\" name=\"email-1\" value=\"\" placeholder=\"Email\" id=\"forminator-field-email-1_69dec6a6b243e\" class=\"forminator-input forminator-email--field\" data-required=\"true\" aria-required=\"true\" autocomplete=\"email\" \/><\/div><\/div><\/div><div class=\"forminator-row\"><div id=\"phone-1\" class=\"forminator-field-phone forminator-col forminator-col-12 \"><div class=\"forminator-field\"><input type=\"text\" name=\"phone-1\" value=\"\" placeholder=\"Phone\" id=\"forminator-field-phone-1_69dec6a6b243e\" class=\"forminator-input forminator-field--phone\" data-required=\"\" aria-required=\"false\" autocomplete=\"off\" \/><\/div><\/div><\/div><div class=\"forminator-row\"><div id=\"textarea-1\" class=\"forminator-field-textarea forminator-col forminator-col-12 \"><div class=\"forminator-field\"><textarea name=\"textarea-1\" placeholder=\"Message\" id=\"forminator-field-textarea-1_69dec6a6b243e\" class=\"forminator-textarea\" rows=\"6\" style=\"min-height:140px;\" ><\/textarea><span id=\"forminator-field-textarea-1_69dec6a6b243e-description\" class=\"forminator-description\"><span data-limit=\"300\" data-type=\"words\" data-editor=\"\">0 \/ 300<\/span><\/span><\/div><\/div><\/div><div class=\"forminator-row\"><\/div><input type=\"hidden\" name=\"referer_url\" value=\"\" \/><div class=\"forminator-row forminator-row-last\"><div class=\"forminator-col\"><div class=\"forminator-field\"><button class=\"forminator-button forminator-button-submit\">Send<\/button><\/div><\/div><\/div><input type=\"hidden\" id=\"forminator_nonce\" name=\"forminator_nonce\" value=\"a647953a3f\" \/><input type=\"hidden\" name=\"_wp_http_referer\" value=\"\/lt\/wp-json\/wp\/v2\/pages\/8398\" \/><input type=\"hidden\" name=\"form_id\" value=\"1365\"><input type=\"hidden\" name=\"page_id\" value=\"8398\"><input type=\"hidden\" name=\"form_type\" value=\"default\"><input type=\"hidden\" name=\"current_url\" value=\"https:\/\/hojichawholesale.eu\/lt\/hojicha-vidutinio-skrudinimo-milteliai-didmenine-prekyba\/\"><input type=\"hidden\" name=\"render_id\" value=\"0\"><input type=\"hidden\" name=\"action\" value=\"forminator_submit_form_custom-forms\"><label for=\"input_6\" class=\"forminator-hidden\" aria-hidden=\"true\">Please do not fill in this field. <input id=\"input_6\" type=\"text\" name=\"input_6\" value=\"\" autocomplete=\"off\"><\/label><\/form>\n","protected":false},"excerpt":{"rendered":"<p>Hojicha vidutinis skrudinimas (didmenin\u0117 prekyba) Hojicha vidutinio skrudinimo milteliai pasi\u017eymi unikaliu, sodriu ir \u017eemi\u0161ku skoniu, kuris puikiai tinka arbatos m\u0117g\u0117jams, kurie vertina pusiausvyr\u0105 tarp tvirt\u0173 skrudint\u0173 nat\u0173 ir nat\u016bralaus \u017ealiosios arbatos saldumo. Produkto ypatyb\u0117s Vidutinio skrudinimo Hojicha privalumai Didmenin\u0117 informacija Kaip u\u017evirinti Idealiai tinka Pra\u0161ykite pavyzd\u017eio \u0161iandien Smalsu apie sodrius, skrudintus m\u016bs\u0173 auk\u0161\u010diausios kokyb\u0117s hojicha [&hellip;]<\/p>\n","protected":false},"author":1,"featured_media":8399,"parent":0,"menu_order":0,"comment_status":"closed","ping_status":"closed","template":"","meta":{"_surecart_dashboard_logo_width":"180px","_surecart_dashboard_show_logo":true,"_surecart_dashboard_navigation_orders":true,"_surecart_dashboard_navigation_invoices":true,"_surecart_dashboard_navigation_subscriptions":true,"_surecart_dashboard_navigation_downloads":true,"_surecart_dashboard_navigation_billing":true,"_surecart_dashboard_navigation_account":true,"footnotes":""},"class_list":["post-8398","page","type-page","status-publish","has-post-thumbnail","hentry","entry","has-media"],"mb":[],"mfb_rest_fields":["title","gutenberg_elementor_mode"],"_links":{"self":[{"href":"https:\/\/hojichawholesale.eu\/lt\/wp-json\/wp\/v2\/pages\/8398","targetHints":{"allow":["GET"]}}],"collection":[{"href":"https:\/\/hojichawholesale.eu\/lt\/wp-json\/wp\/v2\/pages"}],"about":[{"href":"https:\/\/hojichawholesale.eu\/lt\/wp-json\/wp\/v2\/types\/page"}],"author":[{"embeddable":true,"href":"https:\/\/hojichawholesale.eu\/lt\/wp-json\/wp\/v2\/users\/1"}],"replies":[{"embeddable":true,"href":"https:\/\/hojichawholesale.eu\/lt\/wp-json\/wp\/v2\/comments?post=8398"}],"version-history":[{"count":0,"href":"https:\/\/hojichawholesale.eu\/lt\/wp-json\/wp\/v2\/pages\/8398\/revisions"}],"wp:featuredmedia":[{"embeddable":true,"href":"https:\/\/hojichawholesale.eu\/lt\/wp-json\/wp\/v2\/media\/8399"}],"wp:attachment":[{"href":"https:\/\/hojichawholesale.eu\/lt\/wp-json\/wp\/v2\/media?parent=8398"}],"curies":[{"name":"wp","href":"https:\/\/api.w.org\/{rel}","templated":true}]}}