{"id":8377,"date":"2024-10-12T11:59:06","date_gmt":"2024-10-12T11:59:06","guid":{"rendered":"https:\/\/hojichawholesale.eu\/kodel-verta-parduoti-hojicha\/"},"modified":"2025-10-26T16:42:49","modified_gmt":"2025-10-26T16:42:49","slug":"kodel-verta-parduoti-hojicha","status":"publish","type":"page","link":"https:\/\/hojichawholesale.eu\/lt\/kodel-verta-parduoti-hojicha\/","title":{"rendered":"Kod\u0117l verta parduoti hojicha?"},"content":{"rendered":"\n<h1 class=\"wp-block-heading\">Kod\u0117l verta parduoti Hojicha?<\/h1>\n\n<p>Hojicha, japoni\u0161ka skrudinta \u017ealioji arbata, pastaraisiais metais spar\u010diai i\u0161populiar\u0117jo.  <\/p>\n\n<figure class=\"wp-block-image size-large\"><img fetchpriority=\"high\" decoding=\"async\" width=\"1024\" height=\"544\" src=\"https:\/\/hojichawholesale.eu\/wp-content\/uploads\/2024\/10\/hojicha-trends-1-1024x544.avif\" alt=\"\" class=\"wp-image-5519\" srcset=\"https:\/\/hojichawholesale.eu\/wp-content\/uploads\/2024\/10\/hojicha-trends-1-1024x544.avif 1024w, https:\/\/hojichawholesale.eu\/wp-content\/uploads\/2024\/10\/hojicha-trends-1-300x159.avif 300w, https:\/\/hojichawholesale.eu\/wp-content\/uploads\/2024\/10\/hojicha-trends-1-768x408.avif 768w, https:\/\/hojichawholesale.eu\/wp-content\/uploads\/2024\/10\/hojicha-trends-1-1536x816.avif 1536w, https:\/\/hojichawholesale.eu\/wp-content\/uploads\/2024\/10\/hojicha-trends-1.avif 1892w\" sizes=\"(max-width: 1024px) 100vw, 1024px\" \/><\/figure>\n\n<figure class=\"wp-block-image size-large\"><img decoding=\"async\" width=\"1024\" height=\"412\" src=\"https:\/\/hojichawholesale.eu\/wp-content\/uploads\/2024\/10\/hojicha-trends-countries-1024x412.avif\" alt=\"\" class=\"wp-image-5459\" srcset=\"https:\/\/hojichawholesale.eu\/wp-content\/uploads\/2024\/10\/hojicha-trends-countries-1024x412.avif 1024w, https:\/\/hojichawholesale.eu\/wp-content\/uploads\/2024\/10\/hojicha-trends-countries-300x121.avif 300w, https:\/\/hojichawholesale.eu\/wp-content\/uploads\/2024\/10\/hojicha-trends-countries-768x309.avif 768w, https:\/\/hojichawholesale.eu\/wp-content\/uploads\/2024\/10\/hojicha-trends-countries-1536x618.avif 1536w, https:\/\/hojichawholesale.eu\/wp-content\/uploads\/2024\/10\/hojicha-trends-countries.avif 1873w\" sizes=\"(max-width: 1024px) 100vw, 1024px\" \/><\/figure>\n\n<p>D\u0117l savo i\u0161skirtinio skonio profilio, did\u0117jan\u010dio sveikat\u0105 tausojan\u010dio patrauklumo ir universalumo tai naujas ir patrauklus pasi\u016blymas j\u016bs\u0173 klientams.  <\/p>\n\n<p>\u0160tai kod\u0117l tur\u0117tum\u0117te apsvarstyti galimyb\u0119 \u012f savo meniu \u012ftraukti hojicha.<\/p>\n\n<h2 class=\"wp-block-heading\">1. Unikalus skonio profilis<\/h2>\n\n<p>Hojicha i\u0161siskiria \u0161iltu, skrudintu skoniu, kuris i\u0161skiria j\u0105 i\u0161 kit\u0173 japoni\u0161k\u0173 arbat\u0173, toki\u0173 kaip matcha ar sencha.  <\/p>\n\n<p>Skrudinimo procesas suteikia skrudinto, \u0161iek tiek rie\u0161ut\u0173 skon\u012f su karamel\u0117s saldumo u\u017euomina, tod\u0117l tai patrauklus pasirinkimas klientams, ie\u0161kantiems ka\u017eko kitokio.  <\/p>\n\n<p>D\u0117l kartumo tr\u016bkumo ir ma\u017eo kofeino kiekio (d\u0117l skrudinimo) jis yra universalus ir \u0161eimai tinkamas pasirinkimas.  <\/p>\n\n<p>Ma\u017eai cukraus, bet skanus, tai g\u0117rimas visiems.  <\/p>\n\n<h2 class=\"wp-block-heading\">2. Nauda sveikatai<\/h2>\n\n<p>Hojicha, kaip ir kitos \u017ealiosios arbatos, i\u0161laiko daug naudos sveikatai net ir po skrudinimo.  <\/p>\n\n<p>Jame gausu antioksidant\u0173, kurie yra \u017einomi d\u0117l savo vaidmens ma\u017einant u\u017edegim\u0105 ir skatinant bendr\u0105 savijaut\u0105. D\u0117l ma\u017eo kofeino kiekio jis tinka \u017emon\u0117ms, norintiems suma\u017einti kofeino suvartojim\u0105 ir m\u0117gautis raminan\u010diomis, sveikat\u0105 gerinan\u010diomis arbatos savyb\u0117mis.   <\/p>\n\n<h2 class=\"wp-block-heading\">3. Universalumas kulinarijos programose<\/h2>\n\n<p>Hojicha galima \u012fsigyti biri\u0173 lap\u0173 arba milteli\u0173 pavidalu.<\/p>\n\n<p>\u0160is universalumas yra retas tarp japoni\u0161kos arbatos.  <\/p>\n\n<p>Hojicha gali b\u016bti patiekiama kar\u0161ta arba \u0161alta, arbatoje ar latte, taip pat gali b\u016bti kepama \u012f duon\u0105, sausainius ir pyragus.  <\/p>\n\n<p>Jis taip pat gali b\u016bti naudojamas kaip led\u0173 skonis.  <\/p>\n\n<p>D\u0117l skrudinto, \u017eemi\u0161ko skonio jis yra \u012fdomus ingredientas, kur\u012f galima naudoti beveik visuose receptuose.  <\/p>\n\n<h2 class=\"wp-block-heading\">4. Augantis pasaulinis populiarumas<\/h2>\n\n<p>Hojicha populiarumas nebeapsiriboja Japonija.  <\/p>\n\n<p>Tarptautiniai arbatos g\u0117r\u0117jai tampa dr\u0105sesni, norintys i\u0161tirti naujus skonius ir kult\u016brines arbatos tradicijas. Did\u0117jant hojicha \u017einomumui, did\u0117ja ir jos paklausa rinkoje. <\/p>\n\n<p>B\u016bdami vieni pirm\u0173j\u0173 hojicha pardav\u0117j\u0173, j\u016bs atsiduriate besiple\u010dian\u010dios pasaulin\u0117s tendencijos, kuri nerodo l\u0117t\u0117jimo \u017eenkl\u0173, prie\u0161akyje.  <\/p>\n\n<p>J\u016bs taip pat pozicionuojate savo versl\u0105 kaip kitok\u012f ir madingesn\u012f nei konkurentai.  <\/p>\n\n<h2 class=\"wp-block-heading\">5. Lengva prekiauti<\/h2>\n\n<p>Produkto pob\u016bdis suteikia plat\u0173 rinkodaros kamp\u0173 spektr\u0105 \u2013 nuo \u012fmantraus japoni\u0161ko g\u0117rimo iki sveikat\u0105 stiprinan\u010dio g\u0117rimo.  <\/p>\n\n<p>Ma\u017eos gamybos s\u0105naudos leid\u017eia visi\u0161kai kontroliuoti savo pelno mar\u017eas.  <\/p>\n\n<h2 class=\"wp-block-heading\">I\u0161vada<\/h2>\n\n<p>Kaip pagrindin\u0117 kylanti japoni\u0161ka arbata, hojicha yra b\u016btina kavin\u0117ms, vie\u0161bu\u010diams, restoranams ir ma\u017emenin\u0117s prekybos arbatos parduotuv\u0117ms, norin\u010dioms pasi\u016blyti savo klientams \u012fdom\u0173 produkt\u0173 asortiment\u0105.  <\/p>\n\n<p>Hojicha nauda sveikatai, turtingas skonio profilis ir auganti paklausa daro j\u012f strateginiu papildymu tiek ma\u017emenininkams, tiek maitinimo \u012fstaigoms.<\/p>\n\n<p>Nesvarbu, ar j\u016bs\u0173 klientai yra patyr\u0119 arbatos g\u0117r\u0117jai, ar japoni\u0161kos arbatos naujokai, hojicha tikrai i\u0161siskirs kaip plataus patrauklumo produktas.<\/p>\n\n<h2 class=\"wp-block-heading\">Pra\u0161yti pavyzd\u017eio<\/h2>\n\n<p>Smalsu apie sodrius, skrudintus m\u016bs\u0173 auk\u0161\u010diausios kokyb\u0117s hojicha skonius?  <\/p>\n\n<p>Tiesiog u\u017epildykite savo duomenis \u017eemiau ir mes atsi\u0173sime jums pavyzd\u012f. Prane\u0161kite mums, jei turite konkre\u010di\u0173 pageidavim\u0173, ir mes mielai pritaikysime savo pasi\u016blym\u0105 pagal j\u016bs\u0173 verslo poreikius. <\/p>\n<div class=\"forminator-ui forminator-custom-form forminator-custom-form-1365 forminator-design--flat  forminator_ajax\" data-forminator-render=\"0\" data-form=\"forminator-module-1365\" data-uid=\"69d43e6798860\"><br\/><\/div><form\n\t\t\t\tid=\"forminator-module-1365\"\n\t\t\t\tclass=\"forminator-ui forminator-custom-form forminator-custom-form-1365 forminator-design--flat  forminator_ajax\"\n\t\t\t\tmethod=\"post\"\n\t\t\t\tdata-forminator-render=\"0\"\n\t\t\t\tdata-form-id=\"1365\"\n\t\t\t\t data-color-option=\"default\" data-design=\"flat\" data-grid=\"open\" style=\"display: none;\"\n\t\t\t\tdata-uid=\"69d43e6798860\"\n\t\t\t><div role=\"alert\" aria-live=\"polite\" class=\"forminator-response-message forminator-error\" aria-hidden=\"true\"><\/div><div class=\"forminator-row\"><div id=\"name-1\" class=\"forminator-field-name forminator-col forminator-col-6 \"><div class=\"forminator-field\"><input type=\"text\" name=\"name-1\" value=\"\" placeholder=\"First Name\" id=\"forminator-field-name-1_69d43e6798860\" class=\"forminator-input forminator-name--field\" aria-required=\"true\" autocomplete=\"name\" \/><\/div><\/div><div id=\"name-2\" class=\"forminator-field-name forminator-col forminator-col-6 \"><div class=\"forminator-field\"><input type=\"text\" name=\"name-2\" value=\"\" placeholder=\"Last Name\" id=\"forminator-field-name-2_69d43e6798860\" class=\"forminator-input forminator-name--field\" aria-required=\"true\" autocomplete=\"name\" \/><\/div><\/div><\/div><div class=\"forminator-row\"><div id=\"email-1\" class=\"forminator-field-email forminator-col forminator-col-12 \"><div class=\"forminator-field\"><input type=\"email\" name=\"email-1\" value=\"\" placeholder=\"Email\" id=\"forminator-field-email-1_69d43e6798860\" class=\"forminator-input forminator-email--field\" data-required=\"true\" aria-required=\"true\" autocomplete=\"email\" \/><\/div><\/div><\/div><div class=\"forminator-row\"><div id=\"phone-1\" class=\"forminator-field-phone forminator-col forminator-col-12 \"><div class=\"forminator-field\"><input type=\"text\" name=\"phone-1\" value=\"\" placeholder=\"Phone\" id=\"forminator-field-phone-1_69d43e6798860\" class=\"forminator-input forminator-field--phone\" data-required=\"\" aria-required=\"false\" autocomplete=\"off\" \/><\/div><\/div><\/div><div class=\"forminator-row\"><div id=\"textarea-1\" class=\"forminator-field-textarea forminator-col forminator-col-12 \"><div class=\"forminator-field\"><textarea name=\"textarea-1\" placeholder=\"Message\" id=\"forminator-field-textarea-1_69d43e6798860\" class=\"forminator-textarea\" rows=\"6\" style=\"min-height:140px;\" ><\/textarea><span id=\"forminator-field-textarea-1_69d43e6798860-description\" class=\"forminator-description\"><span data-limit=\"300\" data-type=\"words\" data-editor=\"\">0 \/ 300<\/span><\/span><\/div><\/div><\/div><div class=\"forminator-row\"><\/div><input type=\"hidden\" name=\"referer_url\" value=\"\" \/><div class=\"forminator-row forminator-row-last\"><div class=\"forminator-col\"><div class=\"forminator-field\"><button class=\"forminator-button forminator-button-submit\">Send<\/button><\/div><\/div><\/div><input type=\"hidden\" id=\"forminator_nonce\" name=\"forminator_nonce\" value=\"8ad7e0b691\" \/><input type=\"hidden\" name=\"_wp_http_referer\" value=\"\/lt\/wp-json\/wp\/v2\/pages\/8377\" \/><input type=\"hidden\" name=\"form_id\" value=\"1365\"><input type=\"hidden\" name=\"page_id\" value=\"8377\"><input type=\"hidden\" name=\"form_type\" value=\"default\"><input type=\"hidden\" name=\"current_url\" value=\"https:\/\/hojichawholesale.eu\/lt\/kodel-verta-parduoti-hojicha\/\"><input type=\"hidden\" name=\"render_id\" value=\"0\"><input type=\"hidden\" name=\"action\" value=\"forminator_submit_form_custom-forms\"><label for=\"input_6\" class=\"forminator-hidden\" aria-hidden=\"true\">Please do not fill in this field. <input id=\"input_6\" type=\"text\" name=\"input_6\" value=\"\" autocomplete=\"off\"><\/label><\/form>\n","protected":false},"excerpt":{"rendered":"<p>Kod\u0117l verta parduoti Hojicha? Hojicha, japoni\u0161ka skrudinta \u017ealioji arbata, pastaraisiais metais spar\u010diai i\u0161populiar\u0117jo. D\u0117l savo i\u0161skirtinio skonio profilio, did\u0117jan\u010dio sveikat\u0105 tausojan\u010dio patrauklumo ir universalumo tai naujas ir patrauklus pasi\u016blymas j\u016bs\u0173 klientams. \u0160tai kod\u0117l tur\u0117tum\u0117te apsvarstyti galimyb\u0119 \u012f savo meniu \u012ftraukti hojicha. 1. Unikalus skonio profilis Hojicha i\u0161siskiria \u0161iltu, skrudintu skoniu, kuris i\u0161skiria j\u0105 i\u0161 kit\u0173 [&hellip;]<\/p>\n","protected":false},"author":1,"featured_media":8395,"parent":0,"menu_order":0,"comment_status":"closed","ping_status":"closed","template":"","meta":{"_surecart_dashboard_logo_width":"180px","_surecart_dashboard_show_logo":true,"_surecart_dashboard_navigation_orders":true,"_surecart_dashboard_navigation_invoices":true,"_surecart_dashboard_navigation_subscriptions":true,"_surecart_dashboard_navigation_downloads":true,"_surecart_dashboard_navigation_billing":true,"_surecart_dashboard_navigation_account":true,"footnotes":""},"class_list":["post-8377","page","type-page","status-publish","has-post-thumbnail","hentry","entry","has-media"],"mb":[],"mfb_rest_fields":["title","gutenberg_elementor_mode"],"_links":{"self":[{"href":"https:\/\/hojichawholesale.eu\/lt\/wp-json\/wp\/v2\/pages\/8377","targetHints":{"allow":["GET"]}}],"collection":[{"href":"https:\/\/hojichawholesale.eu\/lt\/wp-json\/wp\/v2\/pages"}],"about":[{"href":"https:\/\/hojichawholesale.eu\/lt\/wp-json\/wp\/v2\/types\/page"}],"author":[{"embeddable":true,"href":"https:\/\/hojichawholesale.eu\/lt\/wp-json\/wp\/v2\/users\/1"}],"replies":[{"embeddable":true,"href":"https:\/\/hojichawholesale.eu\/lt\/wp-json\/wp\/v2\/comments?post=8377"}],"version-history":[{"count":0,"href":"https:\/\/hojichawholesale.eu\/lt\/wp-json\/wp\/v2\/pages\/8377\/revisions"}],"wp:featuredmedia":[{"embeddable":true,"href":"https:\/\/hojichawholesale.eu\/lt\/wp-json\/wp\/v2\/media\/8395"}],"wp:attachment":[{"href":"https:\/\/hojichawholesale.eu\/lt\/wp-json\/wp\/v2\/media?parent=8377"}],"curies":[{"name":"wp","href":"https:\/\/api.w.org\/{rel}","templated":true}]}}