{"id":8263,"date":"2024-10-12T09:58:42","date_gmt":"2024-10-12T09:58:42","guid":{"rendered":"https:\/\/hojichawholesale.eu\/hojicha-viesbuciams-ir-restoranams\/"},"modified":"2025-10-26T16:42:40","modified_gmt":"2025-10-26T16:42:40","slug":"hojicha-viesbuciams-ir-restoranams","status":"publish","type":"page","link":"https:\/\/hojichawholesale.eu\/lt\/hojicha-viesbuciams-ir-restoranams\/","title":{"rendered":"Hojicha vie\u0161bu\u010diams ir restoranams"},"content":{"rendered":"\n<h1 class=\"wp-block-heading\">Hojicha vie\u0161bu\u010diams ir restoranams<\/h1>\n\n<p>Hojicha yra madinga japoni\u0161ka arbata. Kaip ir matcha, jis tiekiamas milteli\u0173 pavidalu, puikiai tinka latte, desertams ir kepiniams. Ta\u010diau, skirtingai nei matcha, jis taip pat yra biri\u0173 lap\u0173, tod\u0117l j\u012f lengva u\u017epilti kar\u0161tu vandeniu.    <\/p>\n\n<p>Hojicha yra stipriai siejama su sveikata, rafinuotumu ir auk\u0161ta kokybe, teigiamai veikian\u010dia j\u016bs\u0173 prek\u0117s \u017eenkl\u0105 ir stili\u0173 bei padedanti klientams jaustis rafinuotiems.  <\/p>\n\n<p>Be to, jis si\u016blo dideles pelno mar\u017eas d\u0117l auk\u0161\u010diausios kokyb\u0117s suvokimo ir ma\u017e\u0173 gamybos s\u0105naud\u0173.<\/p>\n\n<p>\u0160tai kod\u0117l hojicha yra puikus j\u016bs\u0173 vie\u0161bu\u010dio ar restorano g\u0117rim\u0173 pasirinkimo priedas.<\/p>\n\n<h2 class=\"wp-block-heading\">1. Unikalus, skrudintas skonis<\/h2>\n\n<p>Hojicha si\u016blo gil\u0173, skrudint\u0105 skon\u012f su karamel\u0117s, rie\u0161ut\u0173 natomis ir \u0161velniu d\u016bmu. Jo \u0161velnus, nat\u016braliai saldus skonis patinka daugeliui \u017emoni\u0173, tod\u0117l jis yra universalesnis pasirinkimas nei matcha. <\/p>\n\n<h2 class=\"wp-block-heading\">2. Ma\u017eai kofeino ir atpalaiduojantis<\/h2>\n\n<p>Skrudinta auk\u0161toje temperat\u016broje, hojicha turi minimal\u0173 kofeino kiek\u012f, tod\u0117l tai idealus pasirinkimas sve\u010diams, norintiems atsipalaiduoti bet kuriuo paros metu. \u0160is ma\u017eai kofeino turintis profilis skirtas tiems, kurie yra jautr\u016bs kofeinui, tod\u0117l padidina j\u016bs\u0173 meniu patrauklum\u0105. <\/p>\n<div class=\"wp-block-image\">\n<figure class=\"aligncenter size-large is-resized\"><img fetchpriority=\"high\" decoding=\"async\" width=\"1024\" height=\"684\" src=\"https:\/\/hojichawholesale.eu\/wp-content\/uploads\/2024\/10\/Depositphotos_500113964_L-1024x684.avif\" alt=\"\" class=\"wp-image-5326\" style=\"width:509px;height:auto\" srcset=\"https:\/\/hojichawholesale.eu\/wp-content\/uploads\/2024\/10\/Depositphotos_500113964_L-1024x684.avif 1024w, https:\/\/hojichawholesale.eu\/wp-content\/uploads\/2024\/10\/Depositphotos_500113964_L-300x200.avif 300w, https:\/\/hojichawholesale.eu\/wp-content\/uploads\/2024\/10\/Depositphotos_500113964_L-768x513.avif 768w, https:\/\/hojichawholesale.eu\/wp-content\/uploads\/2024\/10\/Depositphotos_500113964_L.avif 1200w\" sizes=\"(max-width: 1024px) 100vw, 1024px\" \/><\/figure>\n<\/div>\n<h2 class=\"wp-block-heading\">3. Sveikat\u0105 tausojantis pasirinkimas<\/h2>\n\n<p>Kadangi valgytojai vis da\u017eniau teikia pirmenyb\u0119 sveikatai, hojicha si\u016blo daugyb\u0119 privalum\u0173. Jame gausu antioksidant\u0173, jis padeda vir\u0161kinti, ma\u017eina stres\u0105 ir skatina atsipalaidavim\u0105. D\u0117l ma\u017eo kofeino kiekio jis taip pat tinka bet kokio am\u017eiaus \u017emon\u0117ms, pritraukdamas sveikat\u0105 besir\u016bpinan\u010dius sve\u010dius, \u0161eimas ir verslo keliautojus.  <\/p>\n\n<h2 class=\"wp-block-heading\">4. Universalios patiekimo galimyb\u0117s<\/h2>\n\n<p>Hojicha yra lankstus ingredientas, patiekiamas kar\u0161tas ar ledinis, ar \u012fdedamas \u012f latte, kokteilius ar desertus. Jo universalumas leid\u017eia begaliniam k\u016brybi\u0161kumui g\u0117rim\u0173 ir desert\u0173 meniu, suteikiant j\u016bs\u0173 pasi\u016blymams unikalumo. <\/p>\n<div class=\"wp-block-image\">\n<figure class=\"aligncenter size-large is-resized\"><img decoding=\"async\" width=\"1024\" height=\"683\" src=\"https:\/\/hojichawholesale.eu\/wp-content\/uploads\/2024\/10\/Depositphotos_507526862_L-1024x683.avif\" alt=\"\" class=\"wp-image-5332\" style=\"width:605px;height:auto\" srcset=\"https:\/\/hojichawholesale.eu\/wp-content\/uploads\/2024\/10\/Depositphotos_507526862_L-1024x683.avif 1024w, https:\/\/hojichawholesale.eu\/wp-content\/uploads\/2024\/10\/Depositphotos_507526862_L-300x200.avif 300w, https:\/\/hojichawholesale.eu\/wp-content\/uploads\/2024\/10\/Depositphotos_507526862_L-768x512.avif 768w, https:\/\/hojichawholesale.eu\/wp-content\/uploads\/2024\/10\/Depositphotos_507526862_L.avif 1200w\" sizes=\"(max-width: 1024px) 100vw, 1024px\" \/><figcaption class=\"wp-element-caption\">Lenta su sausa hojicha \u017eali\u0105ja arbata ir puodeliu kar\u0161to g\u0117rimo spalvotame fone<\/figcaption><\/figure>\n<\/div>\n<h2 class=\"wp-block-heading\">5. Auganti tendencija<\/h2>\n\n<p>Kadangi matcha dabar yra populiari, Hojicha yra pasirengusi tapti kita didele japoni\u0161kos arbatos tendencija, ypa\u010d Europoje. Hojicha si\u016blymas leid\u017eia j\u016bs\u0173 \u012fstaigai i\u0161siskirti auk\u0161\u010diausios kokyb\u0117s, i\u0161skirtiniu variantu, kuris su\u017eav\u0117s sve\u010dius ir pagerins j\u016bs\u0173 pad\u0117t\u012f.   <\/p>\n\n<figure class=\"wp-block-image size-large\"><img decoding=\"async\" width=\"1024\" height=\"544\" src=\"https:\/\/hojichawholesale.eu\/wp-content\/uploads\/2024\/10\/hojicha-trends-1-1024x544.avif\" alt=\"\" class=\"wp-image-5519\" srcset=\"https:\/\/hojichawholesale.eu\/wp-content\/uploads\/2024\/10\/hojicha-trends-1-1024x544.avif 1024w, https:\/\/hojichawholesale.eu\/wp-content\/uploads\/2024\/10\/hojicha-trends-1-300x159.avif 300w, https:\/\/hojichawholesale.eu\/wp-content\/uploads\/2024\/10\/hojicha-trends-1-768x408.avif 768w, https:\/\/hojichawholesale.eu\/wp-content\/uploads\/2024\/10\/hojicha-trends-1-1536x816.avif 1536w, https:\/\/hojichawholesale.eu\/wp-content\/uploads\/2024\/10\/hojicha-trends-1.avif 1892w\" sizes=\"(max-width: 1024px) 100vw, 1024px\" \/><\/figure>\n\n<figure class=\"wp-block-image size-large\"><img loading=\"lazy\" decoding=\"async\" width=\"1024\" height=\"412\" src=\"https:\/\/hojichawholesale.eu\/wp-content\/uploads\/2024\/10\/hojicha-trends-countries-1024x412.avif\" alt=\"\" class=\"wp-image-5459\" srcset=\"https:\/\/hojichawholesale.eu\/wp-content\/uploads\/2024\/10\/hojicha-trends-countries-1024x412.avif 1024w, https:\/\/hojichawholesale.eu\/wp-content\/uploads\/2024\/10\/hojicha-trends-countries-300x121.avif 300w, https:\/\/hojichawholesale.eu\/wp-content\/uploads\/2024\/10\/hojicha-trends-countries-768x309.avif 768w, https:\/\/hojichawholesale.eu\/wp-content\/uploads\/2024\/10\/hojicha-trends-countries-1536x618.avif 1536w, https:\/\/hojichawholesale.eu\/wp-content\/uploads\/2024\/10\/hojicha-trends-countries.avif 1873w\" sizes=\"(max-width: 1024px) 100vw, 1024px\" \/><\/figure>\n\n<h2 class=\"wp-block-heading\">6. Lengva parduoti<\/h2>\n\n<p>Produkto pob\u016bdis suteikia plat\u0173 rinkodaros kamp\u0173 spektr\u0105 \u2013 nuo \u012fmantraus japoni\u0161ko g\u0117rimo iki sveikat\u0105 stiprinan\u010dio g\u0117rimo.<\/p>\n\n<p>Ma\u017eos gamybos s\u0105naudos leid\u017eia visi\u0161kai kontroliuoti savo pelno mar\u017eas.<\/p>\n\n<h2 class=\"wp-block-heading\">Pra\u0161yti pavyzd\u017eio<\/h2>\n\n<p>Smalsu apie sodrius, skrudintus m\u016bs\u0173 auk\u0161\u010diausios kokyb\u0117s hojicha skonius?  <\/p>\n\n<p>Tiesiog u\u017epildykite savo duomenis \u017eemiau ir mes atsi\u0173sime jums pavyzd\u012f. Prane\u0161kite mums, jei turite konkre\u010di\u0173 pageidavim\u0173, ir mes mielai pritaikysime savo pasi\u016blym\u0105 pagal j\u016bs\u0173 verslo poreikius. <\/p>\n<div class=\"forminator-ui forminator-custom-form forminator-custom-form-1365 forminator-design--flat  forminator_ajax\" data-forminator-render=\"0\" data-form=\"forminator-module-1365\" data-uid=\"69d493d446bdf\"><br\/><\/div><form\n\t\t\t\tid=\"forminator-module-1365\"\n\t\t\t\tclass=\"forminator-ui forminator-custom-form forminator-custom-form-1365 forminator-design--flat  forminator_ajax\"\n\t\t\t\tmethod=\"post\"\n\t\t\t\tdata-forminator-render=\"0\"\n\t\t\t\tdata-form-id=\"1365\"\n\t\t\t\t data-color-option=\"default\" data-design=\"flat\" data-grid=\"open\" style=\"display: none;\"\n\t\t\t\tdata-uid=\"69d493d446bdf\"\n\t\t\t><div role=\"alert\" aria-live=\"polite\" class=\"forminator-response-message forminator-error\" aria-hidden=\"true\"><\/div><div class=\"forminator-row\"><div id=\"name-1\" class=\"forminator-field-name forminator-col forminator-col-6 \"><div class=\"forminator-field\"><input type=\"text\" name=\"name-1\" value=\"\" placeholder=\"First Name\" id=\"forminator-field-name-1_69d493d446bdf\" class=\"forminator-input forminator-name--field\" aria-required=\"true\" autocomplete=\"name\" \/><\/div><\/div><div id=\"name-2\" class=\"forminator-field-name forminator-col forminator-col-6 \"><div class=\"forminator-field\"><input type=\"text\" name=\"name-2\" value=\"\" placeholder=\"Last Name\" id=\"forminator-field-name-2_69d493d446bdf\" class=\"forminator-input forminator-name--field\" aria-required=\"true\" autocomplete=\"name\" \/><\/div><\/div><\/div><div class=\"forminator-row\"><div id=\"email-1\" class=\"forminator-field-email forminator-col forminator-col-12 \"><div class=\"forminator-field\"><input type=\"email\" name=\"email-1\" value=\"\" placeholder=\"Email\" id=\"forminator-field-email-1_69d493d446bdf\" class=\"forminator-input forminator-email--field\" data-required=\"true\" aria-required=\"true\" autocomplete=\"email\" \/><\/div><\/div><\/div><div class=\"forminator-row\"><div id=\"phone-1\" class=\"forminator-field-phone forminator-col forminator-col-12 \"><div class=\"forminator-field\"><input type=\"text\" name=\"phone-1\" value=\"\" placeholder=\"Phone\" id=\"forminator-field-phone-1_69d493d446bdf\" class=\"forminator-input forminator-field--phone\" data-required=\"\" aria-required=\"false\" autocomplete=\"off\" \/><\/div><\/div><\/div><div class=\"forminator-row\"><div id=\"textarea-1\" class=\"forminator-field-textarea forminator-col forminator-col-12 \"><div class=\"forminator-field\"><textarea name=\"textarea-1\" placeholder=\"Message\" id=\"forminator-field-textarea-1_69d493d446bdf\" class=\"forminator-textarea\" rows=\"6\" style=\"min-height:140px;\" ><\/textarea><span id=\"forminator-field-textarea-1_69d493d446bdf-description\" class=\"forminator-description\"><span data-limit=\"300\" data-type=\"words\" data-editor=\"\">0 \/ 300<\/span><\/span><\/div><\/div><\/div><div class=\"forminator-row\"><\/div><input type=\"hidden\" name=\"referer_url\" value=\"\" \/><div class=\"forminator-row forminator-row-last\"><div class=\"forminator-col\"><div class=\"forminator-field\"><button class=\"forminator-button forminator-button-submit\">Send<\/button><\/div><\/div><\/div><input type=\"hidden\" id=\"forminator_nonce\" name=\"forminator_nonce\" value=\"0b51ba8eba\" \/><input type=\"hidden\" name=\"_wp_http_referer\" value=\"\/lt\/wp-json\/wp\/v2\/pages\/8263\" \/><input type=\"hidden\" name=\"form_id\" value=\"1365\"><input type=\"hidden\" name=\"page_id\" value=\"8263\"><input type=\"hidden\" name=\"form_type\" value=\"default\"><input type=\"hidden\" name=\"current_url\" value=\"https:\/\/hojichawholesale.eu\/lt\/hojicha-viesbuciams-ir-restoranams\/\"><input type=\"hidden\" name=\"render_id\" value=\"0\"><input type=\"hidden\" name=\"action\" value=\"forminator_submit_form_custom-forms\"><label for=\"input_6\" class=\"forminator-hidden\" aria-hidden=\"true\">Please do not fill in this field. <input id=\"input_6\" type=\"text\" name=\"input_6\" value=\"\" autocomplete=\"off\"><\/label><\/form>\n\n<p><\/p>\n","protected":false},"excerpt":{"rendered":"<p>Hojicha vie\u0161bu\u010diams ir restoranams Hojicha yra madinga japoni\u0161ka arbata. Kaip ir matcha, jis tiekiamas milteli\u0173 pavidalu, puikiai tinka latte, desertams ir kepiniams. Ta\u010diau, skirtingai nei matcha, jis taip pat yra biri\u0173 lap\u0173, tod\u0117l j\u012f lengva u\u017epilti kar\u0161tu vandeniu. Hojicha yra stipriai siejama su sveikata, rafinuotumu ir auk\u0161ta kokybe, teigiamai veikian\u010dia j\u016bs\u0173 prek\u0117s \u017eenkl\u0105 ir stili\u0173 [&hellip;]<\/p>\n","protected":false},"author":1,"featured_media":8266,"parent":0,"menu_order":0,"comment_status":"closed","ping_status":"closed","template":"","meta":{"_surecart_dashboard_logo_width":"180px","_surecart_dashboard_show_logo":true,"_surecart_dashboard_navigation_orders":true,"_surecart_dashboard_navigation_invoices":true,"_surecart_dashboard_navigation_subscriptions":true,"_surecart_dashboard_navigation_downloads":true,"_surecart_dashboard_navigation_billing":true,"_surecart_dashboard_navigation_account":true,"footnotes":""},"class_list":["post-8263","page","type-page","status-publish","has-post-thumbnail","hentry","entry","has-media"],"mb":[],"mfb_rest_fields":["title","gutenberg_elementor_mode"],"_links":{"self":[{"href":"https:\/\/hojichawholesale.eu\/lt\/wp-json\/wp\/v2\/pages\/8263","targetHints":{"allow":["GET"]}}],"collection":[{"href":"https:\/\/hojichawholesale.eu\/lt\/wp-json\/wp\/v2\/pages"}],"about":[{"href":"https:\/\/hojichawholesale.eu\/lt\/wp-json\/wp\/v2\/types\/page"}],"author":[{"embeddable":true,"href":"https:\/\/hojichawholesale.eu\/lt\/wp-json\/wp\/v2\/users\/1"}],"replies":[{"embeddable":true,"href":"https:\/\/hojichawholesale.eu\/lt\/wp-json\/wp\/v2\/comments?post=8263"}],"version-history":[{"count":0,"href":"https:\/\/hojichawholesale.eu\/lt\/wp-json\/wp\/v2\/pages\/8263\/revisions"}],"wp:featuredmedia":[{"embeddable":true,"href":"https:\/\/hojichawholesale.eu\/lt\/wp-json\/wp\/v2\/media\/8266"}],"wp:attachment":[{"href":"https:\/\/hojichawholesale.eu\/lt\/wp-json\/wp\/v2\/media?parent=8263"}],"curies":[{"name":"wp","href":"https:\/\/api.w.org\/{rel}","templated":true}]}}