{"id":8140,"date":"2024-10-11T17:57:17","date_gmt":"2024-10-11T17:57:17","guid":{"rendered":"https:\/\/hojichawholesale.eu\/hojicha-mazmeninems-arbatos-parduotuvems\/"},"modified":"2025-10-26T16:42:28","modified_gmt":"2025-10-26T16:42:28","slug":"hojicha-mazmeninems-arbatos-parduotuvems","status":"publish","type":"page","link":"https:\/\/hojichawholesale.eu\/lt\/hojicha-mazmeninems-arbatos-parduotuvems\/","title":{"rendered":"Hojicha ma\u017emenin\u0117ms arbatos parduotuv\u0117ms"},"content":{"rendered":"\n<h1 class=\"wp-block-heading\">Hojicha ma\u017emenin\u0117ms arbatos parduotuv\u0117ms<\/h1>\n\n<p>Hojicha populiar\u0117ja ir tampa i\u0161skirtiniu produktu i\u0161 Japonijos. \u0160tai kod\u0117l jis tur\u0117t\u0173 b\u016bti j\u016bs\u0173 arbatos parduotuv\u0117s pasirinkimo dalis. <\/p>\n\n<h2 class=\"wp-block-heading\">1. <strong>Unikalus skonio profilis<\/strong><\/h2>\n\n<p>I\u0161skirtinis Hojicha skrudinimo procesas suteikia \u0161ilt\u0105, skrudint\u0105 aromat\u0105 ir \u0161veln\u0173, rie\u0161ut\u0173 skon\u012f. Skirtingai nuo tradicini\u0173 \u017eali\u0173j\u0173 arbat\u0173, joje nat\u016braliai yra ma\u017eai kofeino, tod\u0117l tai puikus pasirinkimas klientams, norintiems raminan\u010dios arbatos, kuria gal\u0117t\u0173 m\u0117gautis vis\u0105 dien\u0105, net vakare. <\/p>\n<div class=\"wp-block-image\">\n<figure class=\"aligncenter size-large is-resized\"><img fetchpriority=\"high\" decoding=\"async\" width=\"1024\" height=\"683\" src=\"https:\/\/hojichawholesale.eu\/wp-content\/uploads\/2024\/10\/Depositphotos_505383520_L-1024x683.avif\" alt=\"\" class=\"wp-image-5324\" style=\"width:484px;height:auto\" srcset=\"https:\/\/hojichawholesale.eu\/wp-content\/uploads\/2024\/10\/Depositphotos_505383520_L-1024x683.avif 1024w, https:\/\/hojichawholesale.eu\/wp-content\/uploads\/2024\/10\/Depositphotos_505383520_L-300x200.avif 300w, https:\/\/hojichawholesale.eu\/wp-content\/uploads\/2024\/10\/Depositphotos_505383520_L-768x512.avif 768w, https:\/\/hojichawholesale.eu\/wp-content\/uploads\/2024\/10\/Depositphotos_505383520_L.avif 1200w\" sizes=\"(max-width: 1024px) 100vw, 1024px\" \/><\/figure>\n<\/div>\n<h2 class=\"wp-block-heading\">2. <strong>Nauda sveikatai<\/strong><\/h2>\n\n<p>Hojicha yra daug antioksidant\u0173, toki\u0173 kaip katechinai, tod\u0117l jis yra pagrindinis kandidatas sveikatos rinkodaros kampanijoms.  <\/p>\n\n<p>D\u0117l ma\u017eo kofeino kiekio jis tinka jautriems stimuliatoriams, o skrudinimo procesas suma\u017eina tanin\u0173 kiek\u012f, suteikdamas jai \u0161velni\u0105 tekst\u016br\u0105 be kartumo, da\u017enai siejamo su \u017eali\u0105ja arbata.<\/p>\n\n<h2 class=\"wp-block-heading\">3. <strong>Patrauklumas augan\u010diai rinkai<\/strong><\/h2>\n\n<p>Did\u0117jant speciali\u0173 arbat\u0173 ir sveikatingumo produkt\u0173 paklausai, hojicha si\u016blo j\u016bs\u0173 parduotuvei galimyb\u0119 pritraukti sveikat\u0105 besir\u016bpinan\u010dius klientus.  <\/p>\n\n<p>Jo i\u0161skirtinis skonis ir ma\u017eas kofeino kiekis patinka \u012fvairiai auditorijai \u2013 nuo arbatos entuziast\u0173 iki \u012f sveikat\u0105 orientuot\u0173 vartotoj\u0173. Tai puikus pasirinkimas ie\u0161kantiems ramaus ir raminan\u010dio kar\u0161to nakties g\u0117rimo. <\/p>\n\n<figure class=\"wp-block-image size-large is-resized\"><img decoding=\"async\" width=\"1024\" height=\"544\" src=\"https:\/\/hojichawholesale.eu\/wp-content\/uploads\/2024\/10\/hojicha-trends-1-1024x544.avif\" alt=\"\" class=\"wp-image-5519\" style=\"width:840px;height:auto\" srcset=\"https:\/\/hojichawholesale.eu\/wp-content\/uploads\/2024\/10\/hojicha-trends-1-1024x544.avif 1024w, https:\/\/hojichawholesale.eu\/wp-content\/uploads\/2024\/10\/hojicha-trends-1-300x159.avif 300w, https:\/\/hojichawholesale.eu\/wp-content\/uploads\/2024\/10\/hojicha-trends-1-768x408.avif 768w, https:\/\/hojichawholesale.eu\/wp-content\/uploads\/2024\/10\/hojicha-trends-1-1536x816.avif 1536w, https:\/\/hojichawholesale.eu\/wp-content\/uploads\/2024\/10\/hojicha-trends-1.avif 1892w\" sizes=\"(max-width: 1024px) 100vw, 1024px\" \/><\/figure>\n\n<figure class=\"wp-block-image size-large\"><img decoding=\"async\" width=\"1024\" height=\"412\" src=\"https:\/\/hojichawholesale.eu\/wp-content\/uploads\/2024\/10\/hojicha-trends-countries-1024x412.avif\" alt=\"\" class=\"wp-image-5459\" srcset=\"https:\/\/hojichawholesale.eu\/wp-content\/uploads\/2024\/10\/hojicha-trends-countries-1024x412.avif 1024w, https:\/\/hojichawholesale.eu\/wp-content\/uploads\/2024\/10\/hojicha-trends-countries-300x121.avif 300w, https:\/\/hojichawholesale.eu\/wp-content\/uploads\/2024\/10\/hojicha-trends-countries-768x309.avif 768w, https:\/\/hojichawholesale.eu\/wp-content\/uploads\/2024\/10\/hojicha-trends-countries-1536x618.avif 1536w, https:\/\/hojichawholesale.eu\/wp-content\/uploads\/2024\/10\/hojicha-trends-countries.avif 1873w\" sizes=\"(max-width: 1024px) 100vw, 1024px\" \/><\/figure>\n\n<h2 class=\"wp-block-heading\">4. <strong>Naudojimo universalumas<\/strong><\/h2>\n\n<p>Skirtingai nuo matcha, hojicha yra tiek milteli\u0173, tiek palaid\u0173 lap\u0173 pavidalu, tod\u0117l galite lanks\u010diai reklamuoti jos savybes.  <\/p>\n\n<p>Jis taip pat gali b\u016bti naudojamas latte, kepiniuose, leduose arba kaip paprasta arbata.  <\/p>\n\n<h2 class=\"wp-block-heading\">5. <strong>Auk\u0161\u010diausia kokyb\u0117<\/strong><\/h2>\n\n<p>M\u016bs\u0173 hojicha gaunama tiesiai i\u0161 geriausi\u0173 Japonijos arbatos gamintoj\u0173. Tai u\u017etikrina, kad gausite auk\u0161\u010diausios kokyb\u0117s produkt\u0105 su nuosekliu skonio profiliu, kuris patiks j\u016bs\u0173 klientams ir u\u017e kur\u012f gr\u012f\u0161. <\/p>\n\n<h2 class=\"wp-block-heading\">6. Sveikos mar\u017eos<\/h2>\n\n<p>Kadangi Hojicha yra nebrangu gaminti ir siejama su japon\u0173 kult\u016bra, klientai yra pasireng\u0119 mok\u0117ti priemok\u0105, ypa\u010d u\u017e hojicha miltelius.  <\/p>\n\n<p>&#8222;Hojicha&#8221; pad\u0117s pa\u012fvairinti savo pasi\u016bl\u0105 ir patenkinti nauj\u0105 vartotoj\u0173 tip\u0105, ie\u0161kant\u012f nepakankamai pasteb\u0117t\u0173 ir perspektyvi\u0173 produkt\u0173.  <\/p>\n\n<h2 class=\"wp-block-heading\">Pra\u0161yti pavyzd\u017eio<\/h2>\n\n<p>Smalsu apie sodrius, skrudintus m\u016bs\u0173 auk\u0161\u010diausios kokyb\u0117s hojicha skonius?  <\/p>\n\n<p>Tiesiog u\u017epildykite savo duomenis \u017eemiau ir mes atsi\u0173sime jums pavyzd\u012f. Prane\u0161kite mums, jei turite konkre\u010di\u0173 pageidavim\u0173, ir mes mielai pritaikysime savo pasi\u016blym\u0105 pagal j\u016bs\u0173 verslo poreikius. <\/p>\n<div class=\"forminator-ui forminator-custom-form forminator-custom-form-1365 forminator-design--flat  forminator_ajax\" data-forminator-render=\"0\" data-form=\"forminator-module-1365\" data-uid=\"69d48189813da\"><br\/><\/div><form\n\t\t\t\tid=\"forminator-module-1365\"\n\t\t\t\tclass=\"forminator-ui forminator-custom-form forminator-custom-form-1365 forminator-design--flat  forminator_ajax\"\n\t\t\t\tmethod=\"post\"\n\t\t\t\tdata-forminator-render=\"0\"\n\t\t\t\tdata-form-id=\"1365\"\n\t\t\t\t data-color-option=\"default\" data-design=\"flat\" data-grid=\"open\" style=\"display: none;\"\n\t\t\t\tdata-uid=\"69d48189813da\"\n\t\t\t><div role=\"alert\" aria-live=\"polite\" class=\"forminator-response-message forminator-error\" aria-hidden=\"true\"><\/div><div class=\"forminator-row\"><div id=\"name-1\" class=\"forminator-field-name forminator-col forminator-col-6 \"><div class=\"forminator-field\"><input type=\"text\" name=\"name-1\" value=\"\" placeholder=\"First Name\" id=\"forminator-field-name-1_69d48189813da\" class=\"forminator-input forminator-name--field\" aria-required=\"true\" autocomplete=\"name\" \/><\/div><\/div><div id=\"name-2\" class=\"forminator-field-name forminator-col forminator-col-6 \"><div class=\"forminator-field\"><input type=\"text\" name=\"name-2\" value=\"\" placeholder=\"Last Name\" id=\"forminator-field-name-2_69d48189813da\" class=\"forminator-input forminator-name--field\" aria-required=\"true\" autocomplete=\"name\" \/><\/div><\/div><\/div><div class=\"forminator-row\"><div id=\"email-1\" class=\"forminator-field-email forminator-col forminator-col-12 \"><div class=\"forminator-field\"><input type=\"email\" name=\"email-1\" value=\"\" placeholder=\"Email\" id=\"forminator-field-email-1_69d48189813da\" class=\"forminator-input forminator-email--field\" data-required=\"true\" aria-required=\"true\" autocomplete=\"email\" \/><\/div><\/div><\/div><div class=\"forminator-row\"><div id=\"phone-1\" class=\"forminator-field-phone forminator-col forminator-col-12 \"><div class=\"forminator-field\"><input type=\"text\" name=\"phone-1\" value=\"\" placeholder=\"Phone\" id=\"forminator-field-phone-1_69d48189813da\" class=\"forminator-input forminator-field--phone\" data-required=\"\" aria-required=\"false\" autocomplete=\"off\" \/><\/div><\/div><\/div><div class=\"forminator-row\"><div id=\"textarea-1\" class=\"forminator-field-textarea forminator-col forminator-col-12 \"><div class=\"forminator-field\"><textarea name=\"textarea-1\" placeholder=\"Message\" id=\"forminator-field-textarea-1_69d48189813da\" class=\"forminator-textarea\" rows=\"6\" style=\"min-height:140px;\" ><\/textarea><span id=\"forminator-field-textarea-1_69d48189813da-description\" class=\"forminator-description\"><span data-limit=\"300\" data-type=\"words\" data-editor=\"\">0 \/ 300<\/span><\/span><\/div><\/div><\/div><div class=\"forminator-row\"><\/div><input type=\"hidden\" name=\"referer_url\" value=\"\" \/><div class=\"forminator-row forminator-row-last\"><div class=\"forminator-col\"><div class=\"forminator-field\"><button class=\"forminator-button forminator-button-submit\">Send<\/button><\/div><\/div><\/div><input type=\"hidden\" id=\"forminator_nonce\" name=\"forminator_nonce\" value=\"0b51ba8eba\" \/><input type=\"hidden\" name=\"_wp_http_referer\" value=\"\/lt\/wp-json\/wp\/v2\/pages\/8140\" \/><input type=\"hidden\" name=\"form_id\" value=\"1365\"><input type=\"hidden\" name=\"page_id\" value=\"8140\"><input type=\"hidden\" name=\"form_type\" value=\"default\"><input type=\"hidden\" name=\"current_url\" value=\"https:\/\/hojichawholesale.eu\/lt\/hojicha-mazmeninems-arbatos-parduotuvems\/\"><input type=\"hidden\" name=\"render_id\" value=\"0\"><input type=\"hidden\" name=\"action\" value=\"forminator_submit_form_custom-forms\"><label for=\"input_6\" class=\"forminator-hidden\" aria-hidden=\"true\">Please do not fill in this field. <input id=\"input_6\" type=\"text\" name=\"input_6\" value=\"\" autocomplete=\"off\"><\/label><\/form>\n","protected":false},"excerpt":{"rendered":"<p>Hojicha ma\u017emenin\u0117ms arbatos parduotuv\u0117ms Hojicha populiar\u0117ja ir tampa i\u0161skirtiniu produktu i\u0161 Japonijos. \u0160tai kod\u0117l jis tur\u0117t\u0173 b\u016bti j\u016bs\u0173 arbatos parduotuv\u0117s pasirinkimo dalis. 1. Unikalus skonio profilis I\u0161skirtinis Hojicha skrudinimo procesas suteikia \u0161ilt\u0105, skrudint\u0105 aromat\u0105 ir \u0161veln\u0173, rie\u0161ut\u0173 skon\u012f. Skirtingai nuo tradicini\u0173 \u017eali\u0173j\u0173 arbat\u0173, joje nat\u016braliai yra ma\u017eai kofeino, tod\u0117l tai puikus pasirinkimas klientams, norintiems raminan\u010dios [&hellip;]<\/p>\n","protected":false},"author":1,"featured_media":8142,"parent":0,"menu_order":0,"comment_status":"closed","ping_status":"closed","template":"","meta":{"_surecart_dashboard_logo_width":"180px","_surecart_dashboard_show_logo":true,"_surecart_dashboard_navigation_orders":true,"_surecart_dashboard_navigation_invoices":true,"_surecart_dashboard_navigation_subscriptions":true,"_surecart_dashboard_navigation_downloads":true,"_surecart_dashboard_navigation_billing":true,"_surecart_dashboard_navigation_account":true,"footnotes":""},"class_list":["post-8140","page","type-page","status-publish","has-post-thumbnail","hentry","entry","has-media"],"mb":[],"mfb_rest_fields":["title","gutenberg_elementor_mode"],"_links":{"self":[{"href":"https:\/\/hojichawholesale.eu\/lt\/wp-json\/wp\/v2\/pages\/8140","targetHints":{"allow":["GET"]}}],"collection":[{"href":"https:\/\/hojichawholesale.eu\/lt\/wp-json\/wp\/v2\/pages"}],"about":[{"href":"https:\/\/hojichawholesale.eu\/lt\/wp-json\/wp\/v2\/types\/page"}],"author":[{"embeddable":true,"href":"https:\/\/hojichawholesale.eu\/lt\/wp-json\/wp\/v2\/users\/1"}],"replies":[{"embeddable":true,"href":"https:\/\/hojichawholesale.eu\/lt\/wp-json\/wp\/v2\/comments?post=8140"}],"version-history":[{"count":0,"href":"https:\/\/hojichawholesale.eu\/lt\/wp-json\/wp\/v2\/pages\/8140\/revisions"}],"wp:featuredmedia":[{"embeddable":true,"href":"https:\/\/hojichawholesale.eu\/lt\/wp-json\/wp\/v2\/media\/8142"}],"wp:attachment":[{"href":"https:\/\/hojichawholesale.eu\/lt\/wp-json\/wp\/v2\/media?parent=8140"}],"curies":[{"name":"wp","href":"https:\/\/api.w.org\/{rel}","templated":true}]}}