{"id":8041,"date":"2024-08-24T19:47:32","date_gmt":"2024-08-24T19:47:32","guid":{"rendered":"https:\/\/hojichawholesale.eu\/apie-hojicha-didmenine-prekyba\/"},"modified":"2026-03-06T16:52:05","modified_gmt":"2026-03-06T16:52:05","slug":"apie-hojicha-didmenine-prekyba","status":"publish","type":"page","link":"https:\/\/hojichawholesale.eu\/lt\/apie-hojicha-didmenine-prekyba\/","title":{"rendered":"Apie Hojicha didmenin\u0119 prekyb\u0105"},"content":{"rendered":"\n<h1 class=\"wp-block-heading\">Apie Hojicha didmenin\u0119 prekyb\u0105<\/h1>\n\n<p>&#8222;Hojicha Wholesale&#8221; yra Europos didmenininkas, u\u017esiimantis japoni\u0161ka hojicha.<\/p>\n\n<p>M\u016bs\u0173 misija yra tiekti auk\u0161\u010diausios kokyb\u0117s hojicha arbat\u0105 HORECA pramon\u0117s preki\u0173 \u017eenklams ir \u012fmon\u0117ms. Mes importuojame didmeninius auk\u0161\u010diausios kokyb\u0117s hojicha kiekius i\u0161 patikim\u0173 tiek\u0117j\u0173 Japonijoje ir perskirstome juos visame Europos \u017eemyne restoranams, vie\u0161bu\u010diams, kavin\u0117ms ir nepriklausomoms arbatos parduotuv\u0117ms. <\/p>\n\n<p>Mes si\u016blome jums tris garantijas:<\/p>\n\n<ol class=\"wp-block-list\">\n<li><strong>\u017demas MOQ: nesvarbu,<\/strong> ar esate \u012fsitvirtinusi \u012fmon\u0117, kuriai reikia \u0161imt\u0173 mai\u0161eli\u0173, ar ma\u017ea nepriklausoma kavin\u0117, kuri tik prasideda, &#8222;Hojicha Wholesale&#8221; prisitaiko prie j\u016bs\u0173 poreiki\u0173 su ta pa\u010dia \u012fmon\u0117s lygio paslaug\u0173 kokybe.  <\/li>\n\n\n\n<li><strong>Reagavimas ir aptarnavimas<\/strong>: siun\u010diame greitai ir si\u016blome plat\u0173 pristatymo b\u016bd\u0173 pasirinkim\u0105.  <\/li>\n\n\n\n<li><strong>Draugi\u0161kas klient\u0173 aptarnavimas: <\/strong>esame pasiekiami 365 dienas per metus.  <\/li>\n<\/ol>\n\n<h2 class=\"wp-block-heading\"><strong>M\u016bs\u0173 produktai<\/strong><\/h2>\n\n<p>Si\u016blome kruop\u0161\u010diai kuruojam\u0105 hojicha veisli\u0173 pasirinkim\u0105, kuri\u0173 kiekviena gaunama tiesiai i\u0161 geriausi\u0173 arbatos augintoj\u0173.  <\/p>\n\n<p>M\u016bs\u0173 produktus rasite tiesiai m\u016bs\u0173 <a href=\"https:\/\/hojichawholesale.eu\/lt\/pirkti-surecart\/\" data-type=\"link\" data-id=\"https:\/\/hojichawholesale.eu\/shop\/\">kataloge<\/a>.<\/p>\n\n<h2 class=\"wp-block-heading\"><strong>Kod\u0117l verta rinktis mus?<\/strong><\/h2>\n\n<ul class=\"wp-block-list\">\n<li>Pirmiausia <strong>kokyb\u0117:<\/strong> Mes pristatome auk\u0161\u010diausios kokyb\u0117s hojicha. Kiekviena partija yra grie\u017etai i\u0161bandyta, kad b\u016bt\u0173 u\u017etikrinta konsistencija ir skonis. <\/li>\n\n\n\n<li><strong>Tiesioginis tiekimas:<\/strong> Glaud\u017eiai bendradarbiaujame su savo tiek\u0117jais, kad gal\u0117tume pasi\u016blyti jums hojicha, atspindin\u010di\u0105 autenti\u0161k\u0105 Japonijos skon\u012f.<\/li>\n\n\n\n<li><strong>Individual\u016bs sprendimai:<\/strong> Nesvarbu, ar turite ma\u017e\u0105 kavin\u0119, ar didel\u012f vie\u0161bu\u010di\u0173 tinkl\u0105, si\u016blome pritaikytus sprendimus, atitinkan\u010dius j\u016bs\u0173 konkre\u010dius poreikius.  <\/li>\n\n\n\n<li><strong>Patikimas paskirstymas:<\/strong> Esame idealiai pasireng\u0119 aptarnauti klientus visame Europos \u017eemyne. M\u016bs\u0173 logistika u\u017etikrina pristatym\u0105 laiku, tod\u0117l niekada nepritr\u016bksite atsarg\u0173. <\/li>\n<\/ul>\n\n<h2 class=\"wp-block-heading\">Kur mes \u012fsik\u016br\u0119?<\/h2>\n\n<p>Esame \u012fsik\u016br\u0119 Belgijoje.<\/p>\n\n<h2 class=\"wp-block-heading\">Kokia j\u016bs\u0173 istorija?<\/h2>\n\n<p>Hojicha didmenin\u0117 prekyba prasid\u0117jo, kai Aure, \u012fk\u016br\u0117jas, steng\u0117si rasti patikim\u0105 hojicha tiek\u0117j\u0105 savo ma\u017emeninei arbatos parduotuvei <a href=\"https:\/\/senchatea.be\/\" target=\"_blank\" rel=\"noopener\">senchatea.be<\/a>.<\/p>\n\n<p>Hojicha yra viena i\u0161 svarbiausi\u0173 Japonijos arbatos pramon\u0117s tendencij\u0173. Norime, kad \u0161i fantasti\u0161ka ir universali arbata b\u016bt\u0173 greitai prieinama kavin\u0117ms, vie\u0161bu\u010diams, restoranams ir arbatos parduotuv\u0117ms visoje Europoje, jiems nereikia u\u017esisakyti dideli\u0173 kieki\u0173.   <\/p>\n\n<h2 class=\"wp-block-heading\">Pra\u0161yti pavyzd\u017eio<\/h2>\n\n<p>Smalsu apie sodrius, skrudintus m\u016bs\u0173 auk\u0161\u010diausios kokyb\u0117s hojicha skonius?  <\/p>\n\n<p>Tiesiog u\u017epildykite savo duomenis \u017eemiau ir mes atsi\u0173sime jums pavyzd\u012f. Prane\u0161kite mums, jei turite konkre\u010di\u0173 pageidavim\u0173, ir mes mielai pritaikysime savo pasi\u016blym\u0105 pagal j\u016bs\u0173 verslo poreikius. <\/p>\n<div class=\"forminator-ui forminator-custom-form forminator-custom-form-1365 forminator-design--flat  forminator_ajax\" data-forminator-render=\"0\" data-form=\"forminator-module-1365\" data-uid=\"69d43e696f96d\"><br\/><\/div><form\n\t\t\t\tid=\"forminator-module-1365\"\n\t\t\t\tclass=\"forminator-ui forminator-custom-form forminator-custom-form-1365 forminator-design--flat  forminator_ajax\"\n\t\t\t\tmethod=\"post\"\n\t\t\t\tdata-forminator-render=\"0\"\n\t\t\t\tdata-form-id=\"1365\"\n\t\t\t\t data-color-option=\"default\" data-design=\"flat\" data-grid=\"open\" style=\"display: none;\"\n\t\t\t\tdata-uid=\"69d43e696f96d\"\n\t\t\t><div role=\"alert\" aria-live=\"polite\" class=\"forminator-response-message forminator-error\" aria-hidden=\"true\"><\/div><div class=\"forminator-row\"><div id=\"name-1\" class=\"forminator-field-name forminator-col forminator-col-6 \"><div class=\"forminator-field\"><input type=\"text\" name=\"name-1\" value=\"\" placeholder=\"First Name\" id=\"forminator-field-name-1_69d43e696f96d\" class=\"forminator-input forminator-name--field\" aria-required=\"true\" autocomplete=\"name\" \/><\/div><\/div><div id=\"name-2\" class=\"forminator-field-name forminator-col forminator-col-6 \"><div class=\"forminator-field\"><input type=\"text\" name=\"name-2\" value=\"\" placeholder=\"Last Name\" id=\"forminator-field-name-2_69d43e696f96d\" class=\"forminator-input forminator-name--field\" aria-required=\"true\" autocomplete=\"name\" \/><\/div><\/div><\/div><div class=\"forminator-row\"><div id=\"email-1\" class=\"forminator-field-email forminator-col forminator-col-12 \"><div class=\"forminator-field\"><input type=\"email\" name=\"email-1\" value=\"\" placeholder=\"Email\" id=\"forminator-field-email-1_69d43e696f96d\" class=\"forminator-input forminator-email--field\" data-required=\"true\" aria-required=\"true\" autocomplete=\"email\" \/><\/div><\/div><\/div><div class=\"forminator-row\"><div id=\"phone-1\" class=\"forminator-field-phone forminator-col forminator-col-12 \"><div class=\"forminator-field\"><input type=\"text\" name=\"phone-1\" value=\"\" placeholder=\"Phone\" id=\"forminator-field-phone-1_69d43e696f96d\" class=\"forminator-input forminator-field--phone\" data-required=\"\" aria-required=\"false\" autocomplete=\"off\" \/><\/div><\/div><\/div><div class=\"forminator-row\"><div id=\"textarea-1\" class=\"forminator-field-textarea forminator-col forminator-col-12 \"><div class=\"forminator-field\"><textarea name=\"textarea-1\" placeholder=\"Message\" id=\"forminator-field-textarea-1_69d43e696f96d\" class=\"forminator-textarea\" rows=\"6\" style=\"min-height:140px;\" ><\/textarea><span id=\"forminator-field-textarea-1_69d43e696f96d-description\" class=\"forminator-description\"><span data-limit=\"300\" data-type=\"words\" data-editor=\"\">0 \/ 300<\/span><\/span><\/div><\/div><\/div><div class=\"forminator-row\"><\/div><input type=\"hidden\" name=\"referer_url\" value=\"\" \/><div class=\"forminator-row forminator-row-last\"><div class=\"forminator-col\"><div class=\"forminator-field\"><button class=\"forminator-button forminator-button-submit\">Send<\/button><\/div><\/div><\/div><input type=\"hidden\" id=\"forminator_nonce\" name=\"forminator_nonce\" value=\"8ad7e0b691\" \/><input type=\"hidden\" name=\"_wp_http_referer\" value=\"\/lt\/wp-json\/wp\/v2\/pages\/8041\" \/><input type=\"hidden\" name=\"form_id\" value=\"1365\"><input type=\"hidden\" name=\"page_id\" value=\"8041\"><input type=\"hidden\" name=\"form_type\" value=\"default\"><input type=\"hidden\" name=\"current_url\" value=\"https:\/\/hojichawholesale.eu\/lt\/apie-hojicha-didmenine-prekyba\/\"><input type=\"hidden\" name=\"render_id\" value=\"0\"><input type=\"hidden\" name=\"action\" value=\"forminator_submit_form_custom-forms\"><label for=\"input_6\" class=\"forminator-hidden\" aria-hidden=\"true\">Please do not fill in this field. <input id=\"input_6\" type=\"text\" name=\"input_6\" value=\"\" autocomplete=\"off\"><\/label><\/form>\n\n<p><\/p>\n","protected":false},"excerpt":{"rendered":"<p>Apie Hojicha didmenin\u0119 prekyb\u0105 &#8222;Hojicha Wholesale&#8221; yra Europos didmenininkas, u\u017esiimantis japoni\u0161ka hojicha. M\u016bs\u0173 misija yra tiekti auk\u0161\u010diausios kokyb\u0117s hojicha arbat\u0105 HORECA pramon\u0117s preki\u0173 \u017eenklams ir \u012fmon\u0117ms. Mes importuojame didmeninius auk\u0161\u010diausios kokyb\u0117s hojicha kiekius i\u0161 patikim\u0173 tiek\u0117j\u0173 Japonijoje ir perskirstome juos visame Europos \u017eemyne restoranams, vie\u0161bu\u010diams, kavin\u0117ms ir nepriklausomoms arbatos parduotuv\u0117ms. Mes si\u016blome jums tris garantijas: [&hellip;]<\/p>\n","protected":false},"author":1,"featured_media":0,"parent":0,"menu_order":0,"comment_status":"closed","ping_status":"closed","template":"","meta":{"_surecart_dashboard_logo_width":"180px","_surecart_dashboard_show_logo":true,"_surecart_dashboard_navigation_orders":true,"_surecart_dashboard_navigation_invoices":true,"_surecart_dashboard_navigation_subscriptions":true,"_surecart_dashboard_navigation_downloads":true,"_surecart_dashboard_navigation_billing":true,"_surecart_dashboard_navigation_account":true,"footnotes":""},"class_list":["post-8041","page","type-page","status-publish","hentry","entry"],"mb":[],"mfb_rest_fields":["title","gutenberg_elementor_mode"],"_links":{"self":[{"href":"https:\/\/hojichawholesale.eu\/lt\/wp-json\/wp\/v2\/pages\/8041","targetHints":{"allow":["GET"]}}],"collection":[{"href":"https:\/\/hojichawholesale.eu\/lt\/wp-json\/wp\/v2\/pages"}],"about":[{"href":"https:\/\/hojichawholesale.eu\/lt\/wp-json\/wp\/v2\/types\/page"}],"author":[{"embeddable":true,"href":"https:\/\/hojichawholesale.eu\/lt\/wp-json\/wp\/v2\/users\/1"}],"replies":[{"embeddable":true,"href":"https:\/\/hojichawholesale.eu\/lt\/wp-json\/wp\/v2\/comments?post=8041"}],"version-history":[{"count":0,"href":"https:\/\/hojichawholesale.eu\/lt\/wp-json\/wp\/v2\/pages\/8041\/revisions"}],"wp:attachment":[{"href":"https:\/\/hojichawholesale.eu\/lt\/wp-json\/wp\/v2\/media?parent=8041"}],"curies":[{"name":"wp","href":"https:\/\/api.w.org\/{rel}","templated":true}]}}