{"id":7369,"date":"2024-12-11T21:40:39","date_gmt":"2024-12-11T21:40:39","guid":{"rendered":"https:\/\/hojichawholesale.eu\/hojicha-etichetta-bianca\/"},"modified":"2025-10-29T08:35:09","modified_gmt":"2025-10-29T08:35:09","slug":"hojicha-etichetta-bianca","status":"publish","type":"page","link":"https:\/\/hojichawholesale.eu\/it\/hojicha-etichetta-bianca\/","title":{"rendered":"Hojicha Etichetta Bianca"},"content":{"rendered":"\n<h1 class=\"wp-block-heading\">Hojicha Etichetta Bianca<\/h1>\n\n<p>Ti piacerebbe creare il tuo marchio di hojicha?<\/p>\n\n<p>Abbiamo semplificato l&#8217;offerta di hojicha di alta qualit\u00e0, proveniente direttamente dai nostri partner in Giappone con il vostro marchio.<\/p>\n<div class=\"wp-block-image\">\n<figure class=\"aligncenter size-full is-resized\"><img fetchpriority=\"high\" decoding=\"async\" width=\"1000\" height=\"1000\" src=\"https:\/\/hojichawholesale.eu\/wp-content\/uploads\/2025\/10\/white-label.webp\" alt=\"\" class=\"wp-image-9158\" style=\"width:379px;height:auto\" srcset=\"https:\/\/hojichawholesale.eu\/wp-content\/uploads\/2025\/10\/white-label.webp 1000w, https:\/\/hojichawholesale.eu\/wp-content\/uploads\/2025\/10\/white-label-300x300.webp 300w, https:\/\/hojichawholesale.eu\/wp-content\/uploads\/2025\/10\/white-label-150x150.webp 150w, https:\/\/hojichawholesale.eu\/wp-content\/uploads\/2025\/10\/white-label-768x768.webp 768w, https:\/\/hojichawholesale.eu\/wp-content\/uploads\/2025\/10\/white-label-600x600.webp 600w\" sizes=\"(max-width: 1000px) 100vw, 1000px\" \/><\/figure>\n<\/div>\n<h2 class=\"wp-block-heading\"><strong>Perch\u00e9 etichettare in bianco il tuo hojicha?<\/strong><\/h2>\n\n<ul class=\"wp-block-list\">\n<li><strong>Qualit\u00e0 premium:<\/strong> Il nostro hojicha proviene da campi di t\u00e8 selezionati in Giappone. Le foglie vengono tostate delicatamente per ottenere un sapore morbido, di nocciola e leggermente dolce, confortante e complesso. <\/li>\n\n\n\n<li><strong>Sigillato in fabbrica e lavato con azoto:<\/strong> Ogni sacchetto \u00e8 confezionato in Giappone per mantenere la freschezza, l&#8217;aroma e il gusto. Il lavaggio con azoto assicura che il tuo prodotto arrivi con un sapore ottimale e i sacchetti sigillati proteggono il t\u00e8 dall&#8217;umidit\u00e0 e dalla luce. <\/li>\n\n\n\n<li><strong>Senza marchio, pronto per la tua etichetta:<\/strong> Consegniamo ogni borsa senza alcun marchio, dandoti una tela bianca. Basta apporre la tua etichetta o gli elementi della confezione e iniziare a commercializzare il t\u00e8 con il tuo nome. <\/li>\n<\/ul>\n\n<h2 class=\"wp-block-heading\"><strong>Il processo White Label: passo dopo passo<\/strong><\/h2>\n\n<ol class=\"wp-block-list\">\n<li><strong>Seleziona la tua quantit\u00e0:<\/strong> Scegli tra le nostre opzioni di ordinazione flessibili. Che tu sia agli inizi o che tu stia crescendo, abbiamo una dimensione all&#8217;ingrosso che si adatta alle tue esigenze. <\/li>\n\n\n\n<li><strong>Scegli la confezione:<\/strong> Doypack o barattoli di latta, vuoti o stampati, etichettati o non etichettati, abbiamo una gamma di opzioni flessibili per assicurarti di sentirti bene con il tuo marchio e il tuo prodotto.<\/li>\n\n\n\n<li><strong>Inizia a vendere:<\/strong> Con il tuo marchio in atto, sei pronto per presentare un hojicha premium a marchio del distributore ai tuoi clienti, rendendolo unico e tuo.<\/li>\n<\/ol>\n\n<h2 class=\"wp-block-heading\"><strong>Perch\u00e9 collaborare con Hojicha Wholesale?<\/strong><\/h2>\n\n<ul class=\"wp-block-list\">\n<li><strong>Approvvigionamento esperto:<\/strong> Abbiamo costruito solide partnership con coltivatori e produttori di t\u00e8 esperti in Giappone, garantendo qualit\u00e0 e fornitura costanti.<\/li>\n\n\n\n<li><strong>Facile integrazione:<\/strong> Le nostre soluzioni white-label sono progettate pensando alla semplicit\u00e0. Nessun processo complicato: basta aggiungere gli elementi del tuo marchio e iniziare a vendere. <\/li>\n\n\n\n<li><strong>Supporto dedicato:<\/strong> Il nostro team di assistenza clienti \u00e8 qui per aiutarti in ogni fase del processo, dalle richieste iniziali dell&#8217;ordine all&#8217;assistenza post-vendita.<\/li>\n<\/ul>\n\n<h2 class=\"wp-block-heading\"><strong>Pronto per iniziare?<\/strong><\/h2>\n\n<p>Contattaci oggi stesso per richiedere un preventivo, saperne di pi\u00f9 sui nostri livelli di prezzo e iniziare il processo white-label. Saremo lieti di aiutarti a iniziare! <\/p>\n<div class=\"forminator-ui forminator-custom-form forminator-custom-form-1365 forminator-design--flat  forminator_ajax\" data-forminator-render=\"0\" data-form=\"forminator-module-1365\" data-uid=\"69d43e6875703\"><br\/><\/div><form\n\t\t\t\tid=\"forminator-module-1365\"\n\t\t\t\tclass=\"forminator-ui forminator-custom-form forminator-custom-form-1365 forminator-design--flat  forminator_ajax\"\n\t\t\t\tmethod=\"post\"\n\t\t\t\tdata-forminator-render=\"0\"\n\t\t\t\tdata-form-id=\"1365\"\n\t\t\t\t data-color-option=\"default\" data-design=\"flat\" data-grid=\"open\" style=\"display: none;\"\n\t\t\t\tdata-uid=\"69d43e6875703\"\n\t\t\t><div role=\"alert\" aria-live=\"polite\" class=\"forminator-response-message forminator-error\" aria-hidden=\"true\"><\/div><div class=\"forminator-row\"><div id=\"name-1\" class=\"forminator-field-name forminator-col forminator-col-6 \"><div class=\"forminator-field\"><input type=\"text\" name=\"name-1\" value=\"\" placeholder=\"First Name\" id=\"forminator-field-name-1_69d43e6875703\" class=\"forminator-input forminator-name--field\" aria-required=\"true\" autocomplete=\"name\" \/><\/div><\/div><div id=\"name-2\" class=\"forminator-field-name forminator-col forminator-col-6 \"><div class=\"forminator-field\"><input type=\"text\" name=\"name-2\" value=\"\" placeholder=\"Last Name\" id=\"forminator-field-name-2_69d43e6875703\" class=\"forminator-input forminator-name--field\" aria-required=\"true\" autocomplete=\"name\" \/><\/div><\/div><\/div><div class=\"forminator-row\"><div id=\"email-1\" class=\"forminator-field-email forminator-col forminator-col-12 \"><div class=\"forminator-field\"><input type=\"email\" name=\"email-1\" value=\"\" placeholder=\"Email\" id=\"forminator-field-email-1_69d43e6875703\" class=\"forminator-input forminator-email--field\" data-required=\"true\" aria-required=\"true\" autocomplete=\"email\" \/><\/div><\/div><\/div><div class=\"forminator-row\"><div id=\"phone-1\" class=\"forminator-field-phone forminator-col forminator-col-12 \"><div class=\"forminator-field\"><input type=\"text\" name=\"phone-1\" value=\"\" placeholder=\"Phone\" id=\"forminator-field-phone-1_69d43e6875703\" class=\"forminator-input forminator-field--phone\" data-required=\"\" aria-required=\"false\" autocomplete=\"off\" \/><\/div><\/div><\/div><div class=\"forminator-row\"><div id=\"textarea-1\" class=\"forminator-field-textarea forminator-col forminator-col-12 \"><div class=\"forminator-field\"><textarea name=\"textarea-1\" placeholder=\"Message\" id=\"forminator-field-textarea-1_69d43e6875703\" class=\"forminator-textarea\" rows=\"6\" style=\"min-height:140px;\" ><\/textarea><span id=\"forminator-field-textarea-1_69d43e6875703-description\" class=\"forminator-description\"><span data-limit=\"300\" data-type=\"words\" data-editor=\"\">0 \/ 300<\/span><\/span><\/div><\/div><\/div><div class=\"forminator-row\"><\/div><input type=\"hidden\" name=\"referer_url\" value=\"\" \/><div class=\"forminator-row forminator-row-last\"><div class=\"forminator-col\"><div class=\"forminator-field\"><button class=\"forminator-button forminator-button-submit\">Send<\/button><\/div><\/div><\/div><input type=\"hidden\" id=\"forminator_nonce\" name=\"forminator_nonce\" value=\"8ad7e0b691\" \/><input type=\"hidden\" name=\"_wp_http_referer\" value=\"\/it\/wp-json\/wp\/v2\/pages\/7369\" \/><input type=\"hidden\" name=\"form_id\" value=\"1365\"><input type=\"hidden\" name=\"page_id\" value=\"7369\"><input type=\"hidden\" name=\"form_type\" value=\"default\"><input type=\"hidden\" name=\"current_url\" value=\"https:\/\/hojichawholesale.eu\/it\/hojicha-etichetta-bianca\/\"><input type=\"hidden\" name=\"render_id\" value=\"0\"><input type=\"hidden\" name=\"action\" value=\"forminator_submit_form_custom-forms\"><label for=\"input_6\" class=\"forminator-hidden\" aria-hidden=\"true\">Please do not fill in this field. <input id=\"input_6\" type=\"text\" name=\"input_6\" value=\"\" autocomplete=\"off\"><\/label><\/form>\n","protected":false},"excerpt":{"rendered":"<p>Hojicha Etichetta Bianca Ti piacerebbe creare il tuo marchio di hojicha? Abbiamo semplificato l&#8217;offerta di hojicha di alta qualit\u00e0, proveniente direttamente dai nostri partner in Giappone con il vostro marchio. Perch\u00e9 etichettare in bianco il tuo hojicha? Il processo White Label: passo dopo passo Perch\u00e9 collaborare con Hojicha Wholesale? Pronto per iniziare? Contattaci oggi stesso [&hellip;]<\/p>\n","protected":false},"author":1,"featured_media":7308,"parent":0,"menu_order":0,"comment_status":"closed","ping_status":"closed","template":"","meta":{"_surecart_dashboard_logo_width":"180px","_surecart_dashboard_show_logo":true,"_surecart_dashboard_navigation_orders":true,"_surecart_dashboard_navigation_invoices":true,"_surecart_dashboard_navigation_subscriptions":true,"_surecart_dashboard_navigation_downloads":true,"_surecart_dashboard_navigation_billing":true,"_surecart_dashboard_navigation_account":true,"footnotes":""},"class_list":["post-7369","page","type-page","status-publish","has-post-thumbnail","hentry","entry","has-media"],"mb":[],"mfb_rest_fields":["title","gutenberg_elementor_mode"],"_links":{"self":[{"href":"https:\/\/hojichawholesale.eu\/it\/wp-json\/wp\/v2\/pages\/7369","targetHints":{"allow":["GET"]}}],"collection":[{"href":"https:\/\/hojichawholesale.eu\/it\/wp-json\/wp\/v2\/pages"}],"about":[{"href":"https:\/\/hojichawholesale.eu\/it\/wp-json\/wp\/v2\/types\/page"}],"author":[{"embeddable":true,"href":"https:\/\/hojichawholesale.eu\/it\/wp-json\/wp\/v2\/users\/1"}],"replies":[{"embeddable":true,"href":"https:\/\/hojichawholesale.eu\/it\/wp-json\/wp\/v2\/comments?post=7369"}],"version-history":[{"count":0,"href":"https:\/\/hojichawholesale.eu\/it\/wp-json\/wp\/v2\/pages\/7369\/revisions"}],"wp:featuredmedia":[{"embeddable":true,"href":"https:\/\/hojichawholesale.eu\/it\/wp-json\/wp\/v2\/media\/7308"}],"wp:attachment":[{"href":"https:\/\/hojichawholesale.eu\/it\/wp-json\/wp\/v2\/media?parent=7369"}],"curies":[{"name":"wp","href":"https:\/\/api.w.org\/{rel}","templated":true}]}}