{"id":6463,"date":"2024-10-12T11:59:06","date_gmt":"2024-10-12T11:59:06","guid":{"rendered":"https:\/\/hojichawholesale.eu\/perche-vendere-hojicha\/"},"modified":"2024-10-13T19:28:47","modified_gmt":"2024-10-13T19:28:47","slug":"perche-vendere-hojicha","status":"publish","type":"page","link":"https:\/\/hojichawholesale.eu\/it\/perche-vendere-hojicha\/","title":{"rendered":"Perch\u00e9 vendere hojicha?"},"content":{"rendered":"\n<h1 class=\"wp-block-heading\">Perch\u00e9 vendere Hojicha?<\/h1>\n\n<p>L&#8217;hojicha, un t\u00e8 verde tostato giapponese, ha rapidamente guadagnato popolarit\u00e0 negli ultimi anni.  <\/p>\n\n<figure class=\"wp-block-image size-large\"><img fetchpriority=\"high\" decoding=\"async\" width=\"1024\" height=\"544\" src=\"https:\/\/hojichawholesale.eu\/wp-content\/uploads\/2024\/10\/hojicha-trends-1-1024x544.avif\" alt=\"\" class=\"wp-image-5519\" srcset=\"https:\/\/hojichawholesale.eu\/wp-content\/uploads\/2024\/10\/hojicha-trends-1-1024x544.avif 1024w, https:\/\/hojichawholesale.eu\/wp-content\/uploads\/2024\/10\/hojicha-trends-1-300x159.avif 300w, https:\/\/hojichawholesale.eu\/wp-content\/uploads\/2024\/10\/hojicha-trends-1-768x408.avif 768w, https:\/\/hojichawholesale.eu\/wp-content\/uploads\/2024\/10\/hojicha-trends-1-1536x816.avif 1536w, https:\/\/hojichawholesale.eu\/wp-content\/uploads\/2024\/10\/hojicha-trends-1.avif 1892w\" sizes=\"(max-width: 1024px) 100vw, 1024px\" \/><\/figure>\n\n<figure class=\"wp-block-image size-large\"><img decoding=\"async\" width=\"1024\" height=\"412\" src=\"https:\/\/hojichawholesale.eu\/wp-content\/uploads\/2024\/10\/hojicha-trends-countries-1024x412.avif\" alt=\"\" class=\"wp-image-5459\" srcset=\"https:\/\/hojichawholesale.eu\/wp-content\/uploads\/2024\/10\/hojicha-trends-countries-1024x412.avif 1024w, https:\/\/hojichawholesale.eu\/wp-content\/uploads\/2024\/10\/hojicha-trends-countries-300x121.avif 300w, https:\/\/hojichawholesale.eu\/wp-content\/uploads\/2024\/10\/hojicha-trends-countries-768x309.avif 768w, https:\/\/hojichawholesale.eu\/wp-content\/uploads\/2024\/10\/hojicha-trends-countries-1536x618.avif 1536w, https:\/\/hojichawholesale.eu\/wp-content\/uploads\/2024\/10\/hojicha-trends-countries.avif 1873w\" sizes=\"(max-width: 1024px) 100vw, 1024px\" \/><\/figure>\n\n<p>Con il suo profilo aromatico distintivo, il crescente appeal attento alla salute e la versatilit\u00e0, \u00e8 una proposta nuova e convincente per i tuoi clienti.  <\/p>\n\n<p>Ecco perch\u00e9 dovresti prendere in considerazione l&#8217;aggiunta di hojicha al tuo menu.<\/p>\n\n<h2 class=\"wp-block-heading\">1. Profilo aromatico unico<\/h2>\n\n<p>L&#8217;hojicha si distingue per il suo sapore caldo e tostato, che lo distingue dagli altri t\u00e8 giapponesi come il matcha o il sencha.  <\/p>\n\n<p>Il processo di tostatura gli conferisce un gusto tostato, leggermente nocciolato con un pizzico di dolcezza al caramello, rendendolo una scelta interessante per i clienti che cercano qualcosa di diverso.  <\/p>\n\n<p>La sua mancanza di amarezza e il basso contenuto di caffeina (dovuto alla tostatura) lo rendono un&#8217;opzione universale e adatta alle famiglie.  <\/p>\n\n<p>A basso contenuto di zuccheri ma delizioso, \u00e8 una bevanda per tutti.  <\/p>\n\n<h2 class=\"wp-block-heading\">2. Benefici per la salute<\/h2>\n\n<p>L&#8217;hojicha, come altri t\u00e8 verdi, conserva molti benefici per la salute, anche dopo la tostatura.  <\/p>\n\n<p>\u00c8 ricco di antiossidanti, noti per il loro ruolo nel ridurre l&#8217;infiammazione e promuovere il benessere generale. Il basso contenuto di caffeina lo rende adatto a chi cerca di ridurre l&#8217;assunzione di caffeina pur godendo delle propriet\u00e0 calmanti e salutari del t\u00e8.   <\/p>\n\n<h2 class=\"wp-block-heading\">3. Versatilit\u00e0 nelle applicazioni culinarie<\/h2>\n\n<p>L&#8217;hojicha \u00e8 disponibile sia in foglie sciolte che in polvere.<\/p>\n\n<p>Questa versatilit\u00e0 \u00e8 rara tra i t\u00e8 giapponesi.  <\/p>\n\n<p>L&#8217;hojicha pu\u00f2 essere servito caldo o freddo, nel t\u00e8 o nel latte macchiato e pu\u00f2 essere cotto in pane, biscotti e torte.  <\/p>\n\n<p>Pu\u00f2 essere utilizzato anche come gusto per gelato.  <\/p>\n\n<p>I suoi sapori tostati e terrosi lo rendono un ingrediente eccitante da utilizzare in quasi tutte le ricette.  <\/p>\n\n<h2 class=\"wp-block-heading\">4. Crescente popolarit\u00e0 globale<\/h2>\n\n<p>La popolarit\u00e0 dell&#8217;hojicha non \u00e8 pi\u00f9 limitata al Giappone.  <\/p>\n\n<p>I bevitori internazionali di t\u00e8 stanno diventando sempre pi\u00f9 avventurosi, cercando di esplorare nuovi sapori e tradizioni culturali del t\u00e8. Con l&#8217;aumentare della consapevolezza dell&#8217;hojicha, cresce anche la sua domanda di mercato. <\/p>\n\n<p>Essendo tra i primi venditori di hojicha, ti stai posizionando in prima linea in una tendenza globale in espansione che non mostra segni di rallentamento.  <\/p>\n\n<p>Inoltre, posizioni la tua attivit\u00e0 come diversa e pi\u00f9 trendy rispetto alla concorrenza.  <\/p>\n\n<h2 class=\"wp-block-heading\">5. Facile da commercializzare<\/h2>\n\n<p>La natura del prodotto ti offre un&#8217;ampia gamma di angolazioni da utilizzare nel tuo marketing, da una bevanda giapponese di fantasia a una bevanda salutare.  <\/p>\n\n<p>Il suo basso costo di produzione ti d\u00e0 il pieno controllo sui tuoi margini di profitto.  <\/p>\n\n<h2 class=\"wp-block-heading\">Conclusione<\/h2>\n\n<p>Essendo il principale t\u00e8 giapponese emergente, l&#8217;hojicha \u00e8 un must per caff\u00e8, hotel, ristoranti e negozi di t\u00e8 al dettaglio che vogliono offrire ai propri clienti un&#8217;entusiasmante gamma di prodotti.  <\/p>\n\n<p>I benefici per la salute, il ricco profilo aromatico e la crescente domanda dell&#8217;Hojicha lo rendono un&#8217;aggiunta strategica sia per i rivenditori che per gli stabilimenti di ristorazione.<\/p>\n\n<p>Che i tuoi clienti siano bevitori di t\u00e8 esperti o neofiti dei t\u00e8 giapponesi, l&#8217;hojicha si distinguer\u00e0 sicuramente come un prodotto con un appeal ad ampio raggio.<\/p>\n\n<h2 class=\"wp-block-heading\">Richiedi un campione<\/h2>\n\n<p>Curioso di conoscere i sapori ricchi e tostati del nostro hojicha premium?  <\/p>\n\n<p>Inserisci i tuoi dati qui sotto e ti invieremo un campione. Facci sapere se hai richieste specifiche e saremo lieti di personalizzare la nostra offerta in base alle tue esigenze aziendali. <\/p>\n<div class=\"forminator-ui forminator-custom-form forminator-custom-form-1365 forminator-design--flat  forminator_ajax\" data-forminator-render=\"0\" data-form=\"forminator-module-1365\" data-uid=\"69d31ce5953f8\"><br\/><\/div><form\n\t\t\t\tid=\"forminator-module-1365\"\n\t\t\t\tclass=\"forminator-ui forminator-custom-form forminator-custom-form-1365 forminator-design--flat  forminator_ajax\"\n\t\t\t\tmethod=\"post\"\n\t\t\t\tdata-forminator-render=\"0\"\n\t\t\t\tdata-form-id=\"1365\"\n\t\t\t\t data-color-option=\"default\" data-design=\"flat\" data-grid=\"open\" style=\"display: none;\"\n\t\t\t\tdata-uid=\"69d31ce5953f8\"\n\t\t\t><div role=\"alert\" aria-live=\"polite\" class=\"forminator-response-message forminator-error\" aria-hidden=\"true\"><\/div><div class=\"forminator-row\"><div id=\"name-1\" class=\"forminator-field-name forminator-col forminator-col-6 \"><div class=\"forminator-field\"><input type=\"text\" name=\"name-1\" value=\"\" placeholder=\"First Name\" id=\"forminator-field-name-1_69d31ce5953f8\" class=\"forminator-input forminator-name--field\" aria-required=\"true\" autocomplete=\"name\" \/><\/div><\/div><div id=\"name-2\" class=\"forminator-field-name forminator-col forminator-col-6 \"><div class=\"forminator-field\"><input type=\"text\" name=\"name-2\" value=\"\" placeholder=\"Last Name\" id=\"forminator-field-name-2_69d31ce5953f8\" class=\"forminator-input forminator-name--field\" aria-required=\"true\" autocomplete=\"name\" \/><\/div><\/div><\/div><div class=\"forminator-row\"><div id=\"email-1\" class=\"forminator-field-email forminator-col forminator-col-12 \"><div class=\"forminator-field\"><input type=\"email\" name=\"email-1\" value=\"\" placeholder=\"Email\" id=\"forminator-field-email-1_69d31ce5953f8\" class=\"forminator-input forminator-email--field\" data-required=\"true\" aria-required=\"true\" autocomplete=\"email\" \/><\/div><\/div><\/div><div class=\"forminator-row\"><div id=\"phone-1\" class=\"forminator-field-phone forminator-col forminator-col-12 \"><div class=\"forminator-field\"><input type=\"text\" name=\"phone-1\" value=\"\" placeholder=\"Phone\" id=\"forminator-field-phone-1_69d31ce5953f8\" class=\"forminator-input forminator-field--phone\" data-required=\"\" aria-required=\"false\" autocomplete=\"off\" \/><\/div><\/div><\/div><div class=\"forminator-row\"><div id=\"textarea-1\" class=\"forminator-field-textarea forminator-col forminator-col-12 \"><div class=\"forminator-field\"><textarea name=\"textarea-1\" placeholder=\"Message\" id=\"forminator-field-textarea-1_69d31ce5953f8\" class=\"forminator-textarea\" rows=\"6\" style=\"min-height:140px;\" ><\/textarea><span id=\"forminator-field-textarea-1_69d31ce5953f8-description\" class=\"forminator-description\"><span data-limit=\"300\" data-type=\"words\" data-editor=\"\">0 \/ 300<\/span><\/span><\/div><\/div><\/div><div class=\"forminator-row\"><\/div><input type=\"hidden\" name=\"referer_url\" value=\"\" \/><div class=\"forminator-row forminator-row-last\"><div class=\"forminator-col\"><div class=\"forminator-field\"><button class=\"forminator-button forminator-button-submit\">Send<\/button><\/div><\/div><\/div><input type=\"hidden\" id=\"forminator_nonce\" name=\"forminator_nonce\" value=\"a706b3830b\" \/><input type=\"hidden\" name=\"_wp_http_referer\" value=\"\/it\/wp-json\/wp\/v2\/pages\/6463\" \/><input type=\"hidden\" name=\"form_id\" value=\"1365\"><input type=\"hidden\" name=\"page_id\" value=\"6463\"><input type=\"hidden\" name=\"form_type\" value=\"default\"><input type=\"hidden\" name=\"current_url\" value=\"https:\/\/hojichawholesale.eu\/it\/perche-vendere-hojicha\/\"><input type=\"hidden\" name=\"render_id\" value=\"0\"><input type=\"hidden\" name=\"action\" value=\"forminator_submit_form_custom-forms\"><label for=\"input_6\" class=\"forminator-hidden\" aria-hidden=\"true\">Please do not fill in this field. <input id=\"input_6\" type=\"text\" name=\"input_6\" value=\"\" autocomplete=\"off\"><\/label><\/form>\n","protected":false},"excerpt":{"rendered":"<p>Perch\u00e9 vendere Hojicha? L&#8217;hojicha, un t\u00e8 verde tostato giapponese, ha rapidamente guadagnato popolarit\u00e0 negli ultimi anni. Con il suo profilo aromatico distintivo, il crescente appeal attento alla salute e la versatilit\u00e0, \u00e8 una proposta nuova e convincente per i tuoi clienti. Ecco perch\u00e9 dovresti prendere in considerazione l&#8217;aggiunta di hojicha al tuo menu. 1. Profilo [&hellip;]<\/p>\n","protected":false},"author":1,"featured_media":6472,"parent":0,"menu_order":0,"comment_status":"closed","ping_status":"closed","template":"","meta":{"_surecart_dashboard_logo_width":"180px","_surecart_dashboard_show_logo":true,"_surecart_dashboard_navigation_orders":true,"_surecart_dashboard_navigation_invoices":true,"_surecart_dashboard_navigation_subscriptions":true,"_surecart_dashboard_navigation_downloads":true,"_surecart_dashboard_navigation_billing":true,"_surecart_dashboard_navigation_account":true,"footnotes":""},"class_list":["post-6463","page","type-page","status-publish","has-post-thumbnail","hentry","entry","has-media"],"mb":[],"mfb_rest_fields":["title","gutenberg_elementor_mode"],"_links":{"self":[{"href":"https:\/\/hojichawholesale.eu\/it\/wp-json\/wp\/v2\/pages\/6463","targetHints":{"allow":["GET"]}}],"collection":[{"href":"https:\/\/hojichawholesale.eu\/it\/wp-json\/wp\/v2\/pages"}],"about":[{"href":"https:\/\/hojichawholesale.eu\/it\/wp-json\/wp\/v2\/types\/page"}],"author":[{"embeddable":true,"href":"https:\/\/hojichawholesale.eu\/it\/wp-json\/wp\/v2\/users\/1"}],"replies":[{"embeddable":true,"href":"https:\/\/hojichawholesale.eu\/it\/wp-json\/wp\/v2\/comments?post=6463"}],"version-history":[{"count":0,"href":"https:\/\/hojichawholesale.eu\/it\/wp-json\/wp\/v2\/pages\/6463\/revisions"}],"wp:featuredmedia":[{"embeddable":true,"href":"https:\/\/hojichawholesale.eu\/it\/wp-json\/wp\/v2\/media\/6472"}],"wp:attachment":[{"href":"https:\/\/hojichawholesale.eu\/it\/wp-json\/wp\/v2\/media?parent=6463"}],"curies":[{"name":"wp","href":"https:\/\/api.w.org\/{rel}","templated":true}]}}