{"id":6447,"date":"2024-10-12T11:39:24","date_gmt":"2024-10-12T11:39:24","guid":{"rendered":"https:\/\/hojichawholesale.eu\/che-cose-lhojicha\/"},"modified":"2024-10-13T19:28:32","modified_gmt":"2024-10-13T19:28:32","slug":"che-cose-lhojicha","status":"publish","type":"page","link":"https:\/\/hojichawholesale.eu\/it\/che-cose-lhojicha\/","title":{"rendered":"Che cos&#8217;\u00e8 l&#8217;hojicha?"},"content":{"rendered":"\n<h1 class=\"wp-block-heading\">Che cos&#8217;\u00e8 l&#8217;hojicha?<\/h1>\n\n<p>L&#8217;Hojicha \u00e8 un t\u00e8 verde giapponese tostato in porcellana a temperature comprese tra 175\u00b0C e 350\u00b0C.  Questo processo di tostatura gli conferisce i suoi caratteristici toni arancioni e riduce il contenuto di caffeina e catechina. <\/p>\n\n<p>  &#8220;<em>Hoji<\/em>&#8221; significa &#8220;arrostire&#8221; in giapponese e &#8220;<em>cha<\/em>&#8221; significa t\u00e8.<\/p>\n<div class=\"wp-block-image\">\n<figure class=\"aligncenter size-large is-resized\"><img fetchpriority=\"high\" decoding=\"async\" width=\"1024\" height=\"683\" src=\"https:\/\/hojichawholesale.eu\/wp-content\/uploads\/2024\/10\/Depositphotos_502919918_L-1-1024x683.avif\" alt=\"\" class=\"wp-image-5573\" style=\"width:539px;height:auto\" srcset=\"https:\/\/hojichawholesale.eu\/wp-content\/uploads\/2024\/10\/Depositphotos_502919918_L-1-1024x683.avif 1024w, https:\/\/hojichawholesale.eu\/wp-content\/uploads\/2024\/10\/Depositphotos_502919918_L-1-300x200.avif 300w, https:\/\/hojichawholesale.eu\/wp-content\/uploads\/2024\/10\/Depositphotos_502919918_L-1-768x512.avif 768w, https:\/\/hojichawholesale.eu\/wp-content\/uploads\/2024\/10\/Depositphotos_502919918_L-1.avif 1200w\" sizes=\"(max-width: 1024px) 100vw, 1024px\" \/><\/figure>\n<\/div>\n<h2 class=\"wp-block-heading\"><strong>Perch\u00e9 bere Hojicha?<\/strong><\/h2>\n\n<p>L&#8217;hojicha \u00e8 una bevanda tradizionale giapponese consumata di notte per aiutare la digestione.  <\/p>\n\n<p>Tuttavia, pu\u00f2 essere bevuto in qualsiasi momento della giornata e dell&#8217;anno.  <\/p>\n\n<p>Nonostante il suo colore, l&#8217;hojicha \u00e8 un t\u00e8 verde. Passa attraverso un processo noto come shaqing, che \u00e8 un bagno di vapore che interrompe il naturale processo di ossidazione che si verifica al momento della raccolta. <\/p>\n\n<p>Di conseguenza, l&#8217;hojicha conserva molti dei benefici del t\u00e8 verde, come favorire il rilassamento e rafforzare il sistema immunitario.<\/p>\n\n<h2 class=\"wp-block-heading\">Diversi tipi di hojicha<\/h2>\n\n<p>Esistono diversi tipi di hojicha. La sua caratteristica principale deriva dalla sua disponibilit\u00e0 sia in polvere che in foglie sciolte. <\/p>\n\n<p>Oltre a ci\u00f2, l&#8217;hojicha \u00e8 spesso disponibile in tre tipi di foglie (tostatura chiara, tostatura media, tostatura scura) e pu\u00f2 anche essere mescolato con riso tostato, prendendo il nome di hojicha genmai.  <\/p>\n<div class=\"wp-block-image\">\n<figure class=\"aligncenter size-large is-resized\"><img decoding=\"async\" width=\"1024\" height=\"683\" src=\"https:\/\/hojichawholesale.eu\/wp-content\/uploads\/2024\/10\/Depositphotos_565446018_L-1-1024x683.avif\" alt=\"\" class=\"wp-image-5577\" style=\"width:572px;height:auto\" srcset=\"https:\/\/hojichawholesale.eu\/wp-content\/uploads\/2024\/10\/Depositphotos_565446018_L-1-1024x683.avif 1024w, https:\/\/hojichawholesale.eu\/wp-content\/uploads\/2024\/10\/Depositphotos_565446018_L-1-300x200.avif 300w, https:\/\/hojichawholesale.eu\/wp-content\/uploads\/2024\/10\/Depositphotos_565446018_L-1-768x512.avif 768w, https:\/\/hojichawholesale.eu\/wp-content\/uploads\/2024\/10\/Depositphotos_565446018_L-1.avif 1200w\" sizes=\"(max-width: 1024px) 100vw, 1024px\" \/><\/figure>\n<\/div>\n<h2 class=\"wp-block-heading\"><strong>Quale cultivar viene utilizzata per l&#8217;hojicha?<\/strong><\/h2>\n\n<p>La cultivar pi\u00f9 comunemente usata per l&#8217;Hojicha \u00e8 la Yabukita, anche se alcuni hojicha sono prodotti anche dalla cultivar Gokou.<\/p>\n\n<h2 class=\"wp-block-heading\">Come viene prodotto l&#8217;hojicha?<\/h2>\n\n<p>L&#8217;hojicha inizia il suo processo di produzione come bancha o sencha.  <\/p>\n\n<p>Dopo il raccolto, le foglie subiscono una cottura a vapore, chiamata &#8220;shaqing&#8221;, per arrestare il processo di ossidazione. Vengono poi arrotolati, essiccati e tostati tra i 175\u00b0C e i 350\u00b0C in porcellana. \u00c8 allora che il bancha (o sencha) diventa hojicha.  <\/p>\n\n<p>Una parte di essa viene trasformata in polvere, mentre il resto viene impacchettato sotto forma di foglie.  <\/p>\n<div class=\"wp-block-image\">\n<figure class=\"aligncenter size-large is-resized\"><img decoding=\"async\" width=\"1024\" height=\"683\" src=\"https:\/\/hojichawholesale.eu\/wp-content\/uploads\/2024\/10\/Depositphotos_518442682_L-1-1024x683.avif\" alt=\"\" class=\"wp-image-5575\" style=\"width:484px;height:auto\" srcset=\"https:\/\/hojichawholesale.eu\/wp-content\/uploads\/2024\/10\/Depositphotos_518442682_L-1-1024x683.avif 1024w, https:\/\/hojichawholesale.eu\/wp-content\/uploads\/2024\/10\/Depositphotos_518442682_L-1-300x200.avif 300w, https:\/\/hojichawholesale.eu\/wp-content\/uploads\/2024\/10\/Depositphotos_518442682_L-1-768x512.avif 768w, https:\/\/hojichawholesale.eu\/wp-content\/uploads\/2024\/10\/Depositphotos_518442682_L-1.avif 1200w\" sizes=\"(max-width: 1024px) 100vw, 1024px\" \/><\/figure>\n<\/div>\n<h2 class=\"wp-block-heading\"><strong>Come preparare l&#8217;hojicha?<\/strong><\/h2>\n\n<p>Sotto forma di foglie, l&#8217;hojicha viene preparato a temperature comprese tra 70\u00b0C e 80\u00b0C per 2-3 minuti.<\/p>\n\n<p>  80\u00b0C \u00e8 preferibile se in polvere.  <\/p>\n\n<h2 class=\"wp-block-heading\"><strong>Storia di Hojicha<\/strong><\/h2>\n\n<p>Nessuno sa da dove provenga l&#8217;hojicha. Sembra che sia apparso a Kyoto negli anni &#8217;20. <\/p>\n\n<p>La leggenda dice che lo sviluppo del t\u00e8 raccolto a macchina all&#8217;inizio del XX secolo port\u00f2 a uno spreco significativo. Un mercante sconosciuto decise di tostare questo t\u00e8 inutilizzabile per recuperarlo, inventando l&#8217;hojicha nel processo. <\/p>\n<div class=\"wp-block-image\">\n<figure class=\"aligncenter size-large is-resized\"><img loading=\"lazy\" decoding=\"async\" width=\"1024\" height=\"683\" src=\"https:\/\/hojichawholesale.eu\/wp-content\/uploads\/2024\/10\/Depositphotos_535727240_L-1-1024x683.avif\" alt=\"\" class=\"wp-image-5576\" style=\"width:592px;height:auto\" srcset=\"https:\/\/hojichawholesale.eu\/wp-content\/uploads\/2024\/10\/Depositphotos_535727240_L-1-1024x683.avif 1024w, https:\/\/hojichawholesale.eu\/wp-content\/uploads\/2024\/10\/Depositphotos_535727240_L-1-300x200.avif 300w, https:\/\/hojichawholesale.eu\/wp-content\/uploads\/2024\/10\/Depositphotos_535727240_L-1-768x512.avif 768w, https:\/\/hojichawholesale.eu\/wp-content\/uploads\/2024\/10\/Depositphotos_535727240_L-1.avif 1200w\" sizes=\"(max-width: 1024px) 100vw, 1024px\" \/><\/figure>\n<\/div>\n<h2 class=\"wp-block-heading\"><strong>Conclusione<\/strong><\/h2>\n\n<p>L&#8217;hojicha \u00e8 un t\u00e8 verde giapponese tostato, disponibile sia in polvere che in foglia. A basso contenuto di caffeina, viene tradizionalmente consumato la sera. Il suo colore arancione deriva dalla tostatura in una pentola di porcellana per pochi minuti, che gli conferisce i suoi caratteristici sapori di noci, caramello o cioccolato.  <\/p>\n\n<h2 class=\"wp-block-heading\">Richiedi un campione<\/h2>\n\n<p>Curioso di conoscere i sapori ricchi e tostati del nostro hojicha premium?  <\/p>\n\n<p>Inserisci i tuoi dati qui sotto e ti invieremo un campione. Facci sapere se hai richieste specifiche e saremo lieti di personalizzare la nostra offerta in base alle tue esigenze aziendali. <\/p>\n<div class=\"forminator-ui forminator-custom-form forminator-custom-form-1365 forminator-design--flat  forminator_ajax\" data-forminator-render=\"0\" data-form=\"forminator-module-1365\" data-uid=\"69d43d3150f2d\"><br\/><\/div><form\n\t\t\t\tid=\"forminator-module-1365\"\n\t\t\t\tclass=\"forminator-ui forminator-custom-form forminator-custom-form-1365 forminator-design--flat  forminator_ajax\"\n\t\t\t\tmethod=\"post\"\n\t\t\t\tdata-forminator-render=\"0\"\n\t\t\t\tdata-form-id=\"1365\"\n\t\t\t\t data-color-option=\"default\" data-design=\"flat\" data-grid=\"open\" style=\"display: none;\"\n\t\t\t\tdata-uid=\"69d43d3150f2d\"\n\t\t\t><div role=\"alert\" aria-live=\"polite\" class=\"forminator-response-message forminator-error\" aria-hidden=\"true\"><\/div><div class=\"forminator-row\"><div id=\"name-1\" class=\"forminator-field-name forminator-col forminator-col-6 \"><div class=\"forminator-field\"><input type=\"text\" name=\"name-1\" value=\"\" placeholder=\"First Name\" id=\"forminator-field-name-1_69d43d3150f2d\" class=\"forminator-input forminator-name--field\" aria-required=\"true\" autocomplete=\"name\" \/><\/div><\/div><div id=\"name-2\" class=\"forminator-field-name forminator-col forminator-col-6 \"><div class=\"forminator-field\"><input type=\"text\" name=\"name-2\" value=\"\" placeholder=\"Last Name\" id=\"forminator-field-name-2_69d43d3150f2d\" class=\"forminator-input forminator-name--field\" aria-required=\"true\" autocomplete=\"name\" \/><\/div><\/div><\/div><div class=\"forminator-row\"><div id=\"email-1\" class=\"forminator-field-email forminator-col forminator-col-12 \"><div class=\"forminator-field\"><input type=\"email\" name=\"email-1\" value=\"\" placeholder=\"Email\" id=\"forminator-field-email-1_69d43d3150f2d\" class=\"forminator-input forminator-email--field\" data-required=\"true\" aria-required=\"true\" autocomplete=\"email\" \/><\/div><\/div><\/div><div class=\"forminator-row\"><div id=\"phone-1\" class=\"forminator-field-phone forminator-col forminator-col-12 \"><div class=\"forminator-field\"><input type=\"text\" name=\"phone-1\" value=\"\" placeholder=\"Phone\" id=\"forminator-field-phone-1_69d43d3150f2d\" class=\"forminator-input forminator-field--phone\" data-required=\"\" aria-required=\"false\" autocomplete=\"off\" \/><\/div><\/div><\/div><div class=\"forminator-row\"><div id=\"textarea-1\" class=\"forminator-field-textarea forminator-col forminator-col-12 \"><div class=\"forminator-field\"><textarea name=\"textarea-1\" placeholder=\"Message\" id=\"forminator-field-textarea-1_69d43d3150f2d\" class=\"forminator-textarea\" rows=\"6\" style=\"min-height:140px;\" ><\/textarea><span id=\"forminator-field-textarea-1_69d43d3150f2d-description\" class=\"forminator-description\"><span data-limit=\"300\" data-type=\"words\" data-editor=\"\">0 \/ 300<\/span><\/span><\/div><\/div><\/div><div class=\"forminator-row\"><\/div><input type=\"hidden\" name=\"referer_url\" value=\"\" \/><div class=\"forminator-row forminator-row-last\"><div class=\"forminator-col\"><div class=\"forminator-field\"><button class=\"forminator-button forminator-button-submit\">Send<\/button><\/div><\/div><\/div><input type=\"hidden\" id=\"forminator_nonce\" name=\"forminator_nonce\" value=\"8ad7e0b691\" \/><input type=\"hidden\" name=\"_wp_http_referer\" value=\"\/it\/wp-json\/wp\/v2\/pages\/6447\" \/><input type=\"hidden\" name=\"form_id\" value=\"1365\"><input type=\"hidden\" name=\"page_id\" value=\"6447\"><input type=\"hidden\" name=\"form_type\" value=\"default\"><input type=\"hidden\" name=\"current_url\" value=\"https:\/\/hojichawholesale.eu\/it\/che-cose-lhojicha\/\"><input type=\"hidden\" name=\"render_id\" value=\"0\"><input type=\"hidden\" name=\"action\" value=\"forminator_submit_form_custom-forms\"><label for=\"input_6\" class=\"forminator-hidden\" aria-hidden=\"true\">Please do not fill in this field. <input id=\"input_6\" type=\"text\" name=\"input_6\" value=\"\" autocomplete=\"off\"><\/label><\/form>\n","protected":false},"excerpt":{"rendered":"<p>Che cos&#8217;\u00e8 l&#8217;hojicha? L&#8217;Hojicha \u00e8 un t\u00e8 verde giapponese tostato in porcellana a temperature comprese tra 175\u00b0C e 350\u00b0C. Questo processo di tostatura gli conferisce i suoi caratteristici toni arancioni e riduce il contenuto di caffeina e catechina. &#8220;Hoji&#8221; significa &#8220;arrostire&#8221; in giapponese e &#8220;cha&#8221; significa t\u00e8. Perch\u00e9 bere Hojicha? L&#8217;hojicha \u00e8 una bevanda tradizionale [&hellip;]<\/p>\n","protected":false},"author":1,"featured_media":6448,"parent":0,"menu_order":0,"comment_status":"closed","ping_status":"closed","template":"","meta":{"_surecart_dashboard_logo_width":"180px","_surecart_dashboard_show_logo":true,"_surecart_dashboard_navigation_orders":true,"_surecart_dashboard_navigation_invoices":true,"_surecart_dashboard_navigation_subscriptions":true,"_surecart_dashboard_navigation_downloads":true,"_surecart_dashboard_navigation_billing":true,"_surecart_dashboard_navigation_account":true,"footnotes":""},"class_list":["post-6447","page","type-page","status-publish","has-post-thumbnail","hentry","entry","has-media"],"mb":[],"mfb_rest_fields":["title","gutenberg_elementor_mode"],"_links":{"self":[{"href":"https:\/\/hojichawholesale.eu\/it\/wp-json\/wp\/v2\/pages\/6447","targetHints":{"allow":["GET"]}}],"collection":[{"href":"https:\/\/hojichawholesale.eu\/it\/wp-json\/wp\/v2\/pages"}],"about":[{"href":"https:\/\/hojichawholesale.eu\/it\/wp-json\/wp\/v2\/types\/page"}],"author":[{"embeddable":true,"href":"https:\/\/hojichawholesale.eu\/it\/wp-json\/wp\/v2\/users\/1"}],"replies":[{"embeddable":true,"href":"https:\/\/hojichawholesale.eu\/it\/wp-json\/wp\/v2\/comments?post=6447"}],"version-history":[{"count":0,"href":"https:\/\/hojichawholesale.eu\/it\/wp-json\/wp\/v2\/pages\/6447\/revisions"}],"wp:featuredmedia":[{"embeddable":true,"href":"https:\/\/hojichawholesale.eu\/it\/wp-json\/wp\/v2\/media\/6448"}],"wp:attachment":[{"href":"https:\/\/hojichawholesale.eu\/it\/wp-json\/wp\/v2\/media?parent=6447"}],"curies":[{"name":"wp","href":"https:\/\/api.w.org\/{rel}","templated":true}]}}