{"id":6439,"date":"2024-10-11T17:57:17","date_gmt":"2024-10-11T17:57:17","guid":{"rendered":"https:\/\/hojichawholesale.eu\/hojicha-per-i-negozi-di-te-al-dettaglio\/"},"modified":"2024-10-13T19:28:20","modified_gmt":"2024-10-13T19:28:20","slug":"hojicha-per-i-negozi-di-te-al-dettaglio","status":"publish","type":"page","link":"https:\/\/hojichawholesale.eu\/it\/hojicha-per-i-negozi-di-te-al-dettaglio\/","title":{"rendered":"Hojicha per i negozi di t\u00e8 al dettaglio"},"content":{"rendered":"\n<h1 class=\"wp-block-heading\">Hojicha per i negozi di t\u00e8 al dettaglio<\/h1>\n\n<p>L&#8217;hojicha \u00e8 cresciuto in popolarit\u00e0 e sta emergendo come un prodotto di spicco dal Giappone. Ecco perch\u00e9 dovrebbe far parte della selezione del tuo negozio di t\u00e8. <\/p>\n\n<h2 class=\"wp-block-heading\">1. <strong>Profilo aromatico unico<\/strong><\/h2>\n\n<p>Il caratteristico processo di tostatura dell&#8217;Hojicha gli conferisce un aroma caldo e tostato e un sapore delicato e di nocciola. A differenza dei t\u00e8 verdi tradizionali, \u00e8 naturalmente povero di caffeina, il che lo rende un&#8217;ottima scelta per i clienti che desiderano un t\u00e8 rilassante da gustare durante il giorno, anche la sera. <\/p>\n<div class=\"wp-block-image\">\n<figure class=\"aligncenter size-large is-resized\"><img fetchpriority=\"high\" decoding=\"async\" width=\"1024\" height=\"683\" src=\"https:\/\/hojichawholesale.eu\/wp-content\/uploads\/2024\/10\/Depositphotos_505383520_L-1024x683.avif\" alt=\"\" class=\"wp-image-5324\" style=\"width:484px;height:auto\" srcset=\"https:\/\/hojichawholesale.eu\/wp-content\/uploads\/2024\/10\/Depositphotos_505383520_L-1024x683.avif 1024w, https:\/\/hojichawholesale.eu\/wp-content\/uploads\/2024\/10\/Depositphotos_505383520_L-300x200.avif 300w, https:\/\/hojichawholesale.eu\/wp-content\/uploads\/2024\/10\/Depositphotos_505383520_L-768x512.avif 768w, https:\/\/hojichawholesale.eu\/wp-content\/uploads\/2024\/10\/Depositphotos_505383520_L.avif 1200w\" sizes=\"(max-width: 1024px) 100vw, 1024px\" \/><\/figure>\n<\/div>\n<h2 class=\"wp-block-heading\">2. <strong>Benefici per la salute<\/strong><\/h2>\n\n<p>L&#8217;hojicha \u00e8 ricco di antiossidanti come le catechine, il che lo rende un ottimo candidato per le campagne di marketing sanitario.  <\/p>\n\n<p>Il suo basso contenuto di caffeina lo rende adatto a chi \u00e8 sensibile agli stimolanti e il processo di tostatura riduce i tannini, conferendogli una consistenza morbida senza l&#8217;amarezza spesso associata al t\u00e8 verde.<\/p>\n\n<h2 class=\"wp-block-heading\">3. <strong>Fare appello a un mercato in crescita<\/strong><\/h2>\n\n<p>Con una crescente domanda di t\u00e8 speciali e prodotti per il benessere, hojicha offre al tuo negozio la possibilit\u00e0 di attirare clienti attenti alla salute.  <\/p>\n\n<p>Il suo sapore distinto e il basso contenuto di caffeina attraggono un pubblico eterogeneo, dagli appassionati di t\u00e8 ai consumatori attenti alla salute. \u00c8 una scelta eccellente per chi cerca una bevanda calda notturna calma e rilassante. <\/p>\n\n<figure class=\"wp-block-image size-large is-resized\"><img decoding=\"async\" width=\"1024\" height=\"544\" src=\"https:\/\/hojichawholesale.eu\/wp-content\/uploads\/2024\/10\/hojicha-trends-1-1024x544.avif\" alt=\"\" class=\"wp-image-5519\" style=\"width:840px;height:auto\" srcset=\"https:\/\/hojichawholesale.eu\/wp-content\/uploads\/2024\/10\/hojicha-trends-1-1024x544.avif 1024w, https:\/\/hojichawholesale.eu\/wp-content\/uploads\/2024\/10\/hojicha-trends-1-300x159.avif 300w, https:\/\/hojichawholesale.eu\/wp-content\/uploads\/2024\/10\/hojicha-trends-1-768x408.avif 768w, https:\/\/hojichawholesale.eu\/wp-content\/uploads\/2024\/10\/hojicha-trends-1-1536x816.avif 1536w, https:\/\/hojichawholesale.eu\/wp-content\/uploads\/2024\/10\/hojicha-trends-1.avif 1892w\" sizes=\"(max-width: 1024px) 100vw, 1024px\" \/><\/figure>\n\n<figure class=\"wp-block-image size-large\"><img decoding=\"async\" width=\"1024\" height=\"412\" src=\"https:\/\/hojichawholesale.eu\/wp-content\/uploads\/2024\/10\/hojicha-trends-countries-1024x412.avif\" alt=\"\" class=\"wp-image-5459\" srcset=\"https:\/\/hojichawholesale.eu\/wp-content\/uploads\/2024\/10\/hojicha-trends-countries-1024x412.avif 1024w, https:\/\/hojichawholesale.eu\/wp-content\/uploads\/2024\/10\/hojicha-trends-countries-300x121.avif 300w, https:\/\/hojichawholesale.eu\/wp-content\/uploads\/2024\/10\/hojicha-trends-countries-768x309.avif 768w, https:\/\/hojichawholesale.eu\/wp-content\/uploads\/2024\/10\/hojicha-trends-countries-1536x618.avif 1536w, https:\/\/hojichawholesale.eu\/wp-content\/uploads\/2024\/10\/hojicha-trends-countries.avif 1873w\" sizes=\"(max-width: 1024px) 100vw, 1024px\" \/><\/figure>\n\n<h2 class=\"wp-block-heading\">4. <strong>Versatilit\u00e0 d&#8217;uso<\/strong><\/h2>\n\n<p>A differenza del matcha, l&#8217;hojicha \u00e8 disponibile sia in polvere che in foglia sfusa, offrendoti la flessibilit\u00e0 di cui hai bisogno per pubblicizzare le sue propriet\u00e0.  <\/p>\n\n<p>Pu\u00f2 essere utilizzato anche in caffellatte, prodotti da forno, gelati o come semplice t\u00e8.  <\/p>\n\n<h2 class=\"wp-block-heading\">5. <strong>Qualit\u00e0 premium<\/strong><\/h2>\n\n<p>Il nostro hojicha proviene direttamente dai migliori produttori di t\u00e8 giapponesi. In questo modo si garantisce di ricevere un prodotto di altissima qualit\u00e0, con un profilo aromatico coerente che i clienti adoreranno e per cui torneranno. <\/p>\n\n<h2 class=\"wp-block-heading\">6. Margini sani<\/h2>\n\n<p>Il fatto che l&#8217;hojicha sia poco costoso da produrre e sia associato alla cultura giapponese significa che i clienti sono pronti a pagare un premio, soprattutto per la polvere di hojicha.  <\/p>\n\n<p>Hojicha ti aiuter\u00e0 a diversificare la tua offerta e a soddisfare un nuovo tipo di consumatore alla ricerca di prodotti poco curati ed emergenti.  <\/p>\n\n<h2 class=\"wp-block-heading\">Richiedi un campione<\/h2>\n\n<p>Curioso di conoscere i sapori ricchi e tostati del nostro hojicha premium?  <\/p>\n\n<p>Inserisci i tuoi dati qui sotto e ti invieremo un campione. Facci sapere se hai richieste specifiche e saremo lieti di personalizzare la nostra offerta in base alle tue esigenze aziendali. <\/p>\n<p><div class=\"forminator-ui forminator-custom-form forminator-custom-form-1365 forminator-design--flat  forminator_ajax\" data-forminator-render=\"0\" data-form=\"forminator-module-1365\" data-uid=\"69e9fe4c4364d\"><br\/><\/div><form\n\t\t\t\tid=\"forminator-module-1365\"\n\t\t\t\tclass=\"forminator-ui forminator-custom-form forminator-custom-form-1365 forminator-design--flat  forminator_ajax\"\n\t\t\t\tmethod=\"post\"\n\t\t\t\tdata-forminator-render=\"0\"\n\t\t\t\tdata-form-id=\"1365\"\n\t\t\t\t data-color-option=\"default\" data-design=\"flat\" data-grid=\"open\" style=\"display: none;\"\n\t\t\t\tdata-uid=\"69e9fe4c4364d\"\n\t\t\t><div role=\"alert\" aria-live=\"polite\" class=\"forminator-response-message forminator-error\" aria-hidden=\"true\"><\/div><div class=\"forminator-row\"><div id=\"name-1\" class=\"forminator-field-name forminator-col forminator-col-6 \"><div class=\"forminator-field\"><input type=\"text\" name=\"name-1\" value=\"\" placeholder=\"First Name\" id=\"forminator-field-name-1_69e9fe4c4364d\" class=\"forminator-input forminator-name--field\" aria-required=\"true\" autocomplete=\"name\" \/><\/div><\/div><div id=\"name-2\" class=\"forminator-field-name forminator-col forminator-col-6 \"><div class=\"forminator-field\"><input type=\"text\" name=\"name-2\" value=\"\" placeholder=\"Last Name\" id=\"forminator-field-name-2_69e9fe4c4364d\" class=\"forminator-input forminator-name--field\" aria-required=\"true\" autocomplete=\"name\" \/><\/div><\/div><\/div><div class=\"forminator-row\"><div id=\"email-1\" class=\"forminator-field-email forminator-col forminator-col-12 \"><div class=\"forminator-field\"><input type=\"email\" name=\"email-1\" value=\"\" placeholder=\"Email\" id=\"forminator-field-email-1_69e9fe4c4364d\" class=\"forminator-input forminator-email--field\" data-required=\"true\" aria-required=\"true\" autocomplete=\"email\" \/><\/div><\/div><\/div><div class=\"forminator-row\"><div id=\"phone-1\" class=\"forminator-field-phone forminator-col forminator-col-12 \"><div class=\"forminator-field\"><input type=\"text\" name=\"phone-1\" value=\"\" placeholder=\"Phone\" id=\"forminator-field-phone-1_69e9fe4c4364d\" class=\"forminator-input forminator-field--phone\" data-required=\"\" aria-required=\"false\" autocomplete=\"off\" \/><\/div><\/div><\/div><div class=\"forminator-row\"><div id=\"textarea-1\" class=\"forminator-field-textarea forminator-col forminator-col-12 \"><div class=\"forminator-field\"><textarea name=\"textarea-1\" placeholder=\"Message\" id=\"forminator-field-textarea-1_69e9fe4c4364d\" class=\"forminator-textarea\" rows=\"6\" style=\"--forminator-textarea-min-height:140px;\" ><\/textarea><span id=\"forminator-field-textarea-1_69e9fe4c4364d-description\" class=\"forminator-description\"><span data-limit=\"300\" data-type=\"words\" data-editor=\"\">0 \/ 300<\/span><\/span><\/div><\/div><\/div><div class=\"forminator-row\"><\/div><input type=\"hidden\" name=\"referer_url\" value=\"\" \/><div class=\"forminator-row forminator-row-last\"><div class=\"forminator-col\"><div class=\"forminator-field\"><button class=\"forminator-button forminator-button-submit\">Send<\/button><\/div><\/div><\/div><input type=\"hidden\" id=\"forminator_nonce\" name=\"forminator_nonce\" value=\"f859c880e4\" \/><input type=\"hidden\" name=\"_wp_http_referer\" value=\"\/it\/wp-json\/wp\/v2\/pages\/6439\" \/><input type=\"hidden\" name=\"form_id\" value=\"1365\"><input type=\"hidden\" name=\"page_id\" value=\"6439\"><input type=\"hidden\" name=\"form_type\" value=\"default\"><input type=\"hidden\" name=\"current_url\" value=\"https:\/\/hojichawholesale.eu\/it\/hojicha-per-i-negozi-di-te-al-dettaglio\/\"><input type=\"hidden\" name=\"render_id\" value=\"0\"><input type=\"hidden\" name=\"action\" value=\"forminator_submit_form_custom-forms\"><label for=\"input_6\" class=\"forminator-hidden\" aria-hidden=\"true\">Please do not fill in this field. <input id=\"input_6\" type=\"text\" name=\"input_6\" value=\"\" autocomplete=\"off\"><\/label><\/form><\/p>\n","protected":false},"excerpt":{"rendered":"<p>Hojicha per i negozi di t\u00e8 al dettaglio L&#8217;hojicha \u00e8 cresciuto in popolarit\u00e0 e sta emergendo come un prodotto di spicco dal Giappone. Ecco perch\u00e9 dovrebbe far parte della selezione del tuo negozio di t\u00e8. 1. Profilo aromatico unico Il caratteristico processo di tostatura dell&#8217;Hojicha gli conferisce un aroma caldo e tostato e un sapore [&hellip;]<\/p>\n","protected":false},"author":1,"featured_media":6440,"parent":0,"menu_order":0,"comment_status":"closed","ping_status":"closed","template":"","meta":{"_surecart_dashboard_logo_width":"180px","_surecart_dashboard_show_logo":true,"_surecart_dashboard_navigation_orders":true,"_surecart_dashboard_navigation_invoices":true,"_surecart_dashboard_navigation_subscriptions":true,"_surecart_dashboard_navigation_downloads":true,"_surecart_dashboard_navigation_billing":true,"_surecart_dashboard_navigation_account":true,"footnotes":""},"class_list":["post-6439","page","type-page","status-publish","has-post-thumbnail","hentry","entry","has-media"],"mb":[],"mfb_rest_fields":["title","gutenberg_elementor_mode"],"_links":{"self":[{"href":"https:\/\/hojichawholesale.eu\/it\/wp-json\/wp\/v2\/pages\/6439","targetHints":{"allow":["GET"]}}],"collection":[{"href":"https:\/\/hojichawholesale.eu\/it\/wp-json\/wp\/v2\/pages"}],"about":[{"href":"https:\/\/hojichawholesale.eu\/it\/wp-json\/wp\/v2\/types\/page"}],"author":[{"embeddable":true,"href":"https:\/\/hojichawholesale.eu\/it\/wp-json\/wp\/v2\/users\/1"}],"replies":[{"embeddable":true,"href":"https:\/\/hojichawholesale.eu\/it\/wp-json\/wp\/v2\/comments?post=6439"}],"version-history":[{"count":0,"href":"https:\/\/hojichawholesale.eu\/it\/wp-json\/wp\/v2\/pages\/6439\/revisions"}],"wp:featuredmedia":[{"embeddable":true,"href":"https:\/\/hojichawholesale.eu\/it\/wp-json\/wp\/v2\/media\/6440"}],"wp:attachment":[{"href":"https:\/\/hojichawholesale.eu\/it\/wp-json\/wp\/v2\/media?parent=6439"}],"curies":[{"name":"wp","href":"https:\/\/api.w.org\/{rel}","templated":true}]}}