{"id":6427,"date":"2024-10-12T07:56:00","date_gmt":"2024-10-12T07:56:00","guid":{"rendered":"https:\/\/hojichawholesale.eu\/hojicha-per-i-caffe\/"},"modified":"2024-10-13T19:28:14","modified_gmt":"2024-10-13T19:28:14","slug":"hojicha-per-i-caffe","status":"publish","type":"page","link":"https:\/\/hojichawholesale.eu\/it\/hojicha-per-i-caffe\/","title":{"rendered":"Hojicha per i caff\u00e8"},"content":{"rendered":"\n<h1 class=\"wp-block-heading\">Hojicha per i caff\u00e8<\/h1>\n\n<p>L&#8217;hojicha, un t\u00e8 verde giapponese tostato, \u00e8 l&#8217;aggiunta perfetta al tuo menu di bevande. Non solo fornisce un sapore distintivo, ma attinge anche alla crescente tendenza di bevande di alta qualit\u00e0, sane e artigianali. <\/p>\n\n<p>Ecco perch\u00e9 l&#8217;introduzione dell&#8217;hojicha nel tuo bar ti aiuter\u00e0 a distinguerti dalla concorrenza e a soddisfare un nuovo segmento di clienti.  <\/p>\n\n<h2 class=\"wp-block-heading\">1. <strong>Sapore unico<\/strong><\/h2>\n\n<p>L&#8217;hojicha si distingue dagli altri t\u00e8 verdi grazie al suo processo di tostatura, che gli conferisce un aroma profondo e affumicato e un sapore naturalmente dolce e di nocciola.  <\/p>\n\n<p>Il suo gusto delicato e tostato \u00e8 meno astringente rispetto ai tipici t\u00e8 verdi, il che lo rende attraente per un pubblico pi\u00f9 ampio, compresi coloro che non amano necessariamente il matcha. Il suo sapore sano e caldo si abbina perfettamente a una variet\u00e0 di cibi da caffetteria come pasticcini e panini. <\/p>\n\n<p>Sembra anche dannatamente bello!<\/p>\n<div class=\"wp-block-image\">\n<figure class=\"aligncenter size-full is-resized\"><img fetchpriority=\"high\" decoding=\"async\" width=\"1000\" height=\"667\" src=\"https:\/\/hojichawholesale.eu\/wp-content\/uploads\/2024\/10\/Depositphotos_505518166_S.avif\" alt=\"\" class=\"wp-image-5447\" style=\"width:464px;height:auto\" srcset=\"https:\/\/hojichawholesale.eu\/wp-content\/uploads\/2024\/10\/Depositphotos_505518166_S.avif 1000w, https:\/\/hojichawholesale.eu\/wp-content\/uploads\/2024\/10\/Depositphotos_505518166_S-300x200.avif 300w, https:\/\/hojichawholesale.eu\/wp-content\/uploads\/2024\/10\/Depositphotos_505518166_S-768x512.avif 768w\" sizes=\"(max-width: 1000px) 100vw, 1000px\" \/><figcaption class=\"wp-element-caption\"><a href=\"https:\/\/depositphotos.com\/photo\/glass-cup-tasty-dalgona-hojicha-latte-table-505518166.html\" data-type=\"link\" data-id=\"https:\/\/depositphotos.com\/photo\/glass-cup-tasty-dalgona-hojicha-latte-table-505518166.html\" target=\"_blank\" rel=\"noopener\">Fonte.<\/a><\/figcaption><\/figure>\n<\/div>\n<h2 class=\"wp-block-heading\">2. <strong>Alternativa a basso contenuto di caffeina<\/strong><\/h2>\n\n<p>A differenza di molti altri t\u00e8 e caff\u00e8, l&#8217;hojicha \u00e8 povero di caffeina, il che lo rende un&#8217;ottima scelta per tutti in qualsiasi momento della giornata. I giapponesi lo consumano tradizionalmente la sera dopo un pasto ma pu\u00f2 essere gustato in qualsiasi momento della giornata.   <\/p>\n\n<p>L&#8217;offerta di hojicha ti aiuta a soddisfare un pubblico pi\u00f9 ampio, tra cui individui attenti alla salute, donne incinte, famiglie e coloro che cercano un&#8217;opzione di bevanda rilassante. \u00c8 davvero universale. <\/p>\n\n<h2 class=\"wp-block-heading\">3. <strong>Applicazioni di menu versatili<\/strong><\/h2>\n\n<p>L&#8217;hojicha pu\u00f2 essere servito caldo o freddo, infuso (in foglie) o sciolto (in polvere), in caffellatte, caffellatte ghiacciato o in cibi come gelati e pasticcini al gusto di hojicha. Ci\u00f2 ti consente di creare specialit\u00e0 stagionali e bevande d&#8217;autore uniche che distinguono il tuo bar dalla concorrenza. <\/p>\n<div class=\"wp-block-image\">\n<figure class=\"aligncenter size-full is-resized\"><img decoding=\"async\" width=\"1000\" height=\"704\" src=\"https:\/\/hojichawholesale.eu\/wp-content\/uploads\/2024\/10\/Depositphotos_505676462_S.avif\" alt=\"\" class=\"wp-image-5452\" style=\"width:553px;height:auto\" srcset=\"https:\/\/hojichawholesale.eu\/wp-content\/uploads\/2024\/10\/Depositphotos_505676462_S.avif 1000w, https:\/\/hojichawholesale.eu\/wp-content\/uploads\/2024\/10\/Depositphotos_505676462_S-300x211.avif 300w, https:\/\/hojichawholesale.eu\/wp-content\/uploads\/2024\/10\/Depositphotos_505676462_S-768x541.avif 768w\" sizes=\"(max-width: 1000px) 100vw, 1000px\" \/><\/figure>\n<\/div>\n<h2 class=\"wp-block-heading\">4. <strong>Si rivolge a clienti attenti alla salute<\/strong><\/h2>\n\n<p>Hojicha \u00e8 una bevanda salutare, ricca di antiossidanti e con numerosi benefici per la salute. \u00c8 noto per aiutare la digestione, ridurre lo stress e aumentare il benessere grazie al suo minor contenuto di caffeina e ai livelli pi\u00f9 elevati di L-teanina. La L-teanina \u00e8 un antiossidante che favorisce il rilassamento senza sonnolenza.    <\/p>\n\n<p>Questo rende l&#8217;hojicha un&#8217;aggiunta perfetta al menu del tuo bar, soprattutto perch\u00e9 sempre pi\u00f9 clienti cercano opzioni pi\u00f9 sane.<\/p>\n\n<h2 class=\"wp-block-heading\">5. <strong>Si allinea con la crescente popolarit\u00e0 del t\u00e8 giapponese<\/strong><\/h2>\n\n<p>I t\u00e8 giapponesi stanno guadagnando popolarit\u00e0 a livello globale e l&#8217;hojicha non fa eccezione. Offrendo hojicha, il tuo bar pu\u00f2 attingere a questa tendenza e attirare gli appassionati di t\u00e8 desiderosi di provare t\u00e8 giapponesi autentici e di alta qualit\u00e0. Aggiunge un tocco artigianale e culturale al tuo menu che si rivolge ai clienti alla ricerca di nuovi sapori internazionali.  <\/p>\n\n<figure class=\"wp-block-image size-large\"><img decoding=\"async\" width=\"1024\" height=\"544\" src=\"https:\/\/hojichawholesale.eu\/wp-content\/uploads\/2024\/10\/hojicha-trends-1024x544.avif\" alt=\"\" class=\"wp-image-5444\" srcset=\"https:\/\/hojichawholesale.eu\/wp-content\/uploads\/2024\/10\/hojicha-trends-1024x544.avif 1024w, https:\/\/hojichawholesale.eu\/wp-content\/uploads\/2024\/10\/hojicha-trends-300x159.avif 300w, https:\/\/hojichawholesale.eu\/wp-content\/uploads\/2024\/10\/hojicha-trends-768x408.avif 768w, https:\/\/hojichawholesale.eu\/wp-content\/uploads\/2024\/10\/hojicha-trends-1536x816.avif 1536w, https:\/\/hojichawholesale.eu\/wp-content\/uploads\/2024\/10\/hojicha-trends.avif 1892w\" sizes=\"(max-width: 1024px) 100vw, 1024px\" \/><\/figure>\n\n<figure class=\"wp-block-image size-large\"><img loading=\"lazy\" decoding=\"async\" width=\"1024\" height=\"412\" src=\"https:\/\/hojichawholesale.eu\/wp-content\/uploads\/2024\/10\/hojicha-trends-countries-1024x412.avif\" alt=\"\" class=\"wp-image-5459\" srcset=\"https:\/\/hojichawholesale.eu\/wp-content\/uploads\/2024\/10\/hojicha-trends-countries-1024x412.avif 1024w, https:\/\/hojichawholesale.eu\/wp-content\/uploads\/2024\/10\/hojicha-trends-countries-300x121.avif 300w, https:\/\/hojichawholesale.eu\/wp-content\/uploads\/2024\/10\/hojicha-trends-countries-768x309.avif 768w, https:\/\/hojichawholesale.eu\/wp-content\/uploads\/2024\/10\/hojicha-trends-countries-1536x618.avif 1536w, https:\/\/hojichawholesale.eu\/wp-content\/uploads\/2024\/10\/hojicha-trends-countries.avif 1873w\" sizes=\"(max-width: 1024px) 100vw, 1024px\" \/><\/figure>\n\n<h2 class=\"wp-block-heading\">6. <strong>Ecologico e sostenibile<\/strong><\/h2>\n\n<p>Il nostro hojicha proviene da piantagioni di t\u00e8 sostenibili in Giappone, dove le tecniche di tostatura tradizionali vengono tramandate di generazione in generazione.  <\/p>\n\n<p>Offrire hojicha dimostra l&#8217;impegno del tuo bar per le pratiche ecologiche e la sostenibilit\u00e0, che sta diventando sempre pi\u00f9 importante per i consumatori. Puoi evidenziare questo aspetto nel tuo marketing per attirare i clienti eco-consapevoli. <\/p>\n\n<h2 class=\"wp-block-heading\">7. <strong>Migliora l&#8217;estetica del tuo bar<\/strong><\/h2>\n\n<p>Oltre al suo ottimo gusto, l&#8217;hojicha offre anche un fascino estetico.  <\/p>\n\n<p>Il suo ricco colore marrone ambrato e la presentazione minimalista possono facilmente completare lo stile visivo del tuo caff\u00e8, sia che tu lo serva in bicchieri moderni o nei tradizionali servizi da t\u00e8 giapponesi. Il suo fascino visivo lo rende degno di Instagram, contribuendo a generare buzz e ad attirare pi\u00f9 clienti attraverso i social media. <\/p>\n<div class=\"wp-block-image\">\n<figure class=\"aligncenter size-full is-resized\"><img loading=\"lazy\" decoding=\"async\" width=\"1000\" height=\"668\" src=\"https:\/\/hojichawholesale.eu\/wp-content\/uploads\/2024\/10\/Depositphotos_466456178_S-1.avif\" alt=\"\" class=\"wp-image-5450\" style=\"width:504px;height:auto\" srcset=\"https:\/\/hojichawholesale.eu\/wp-content\/uploads\/2024\/10\/Depositphotos_466456178_S-1.avif 1000w, https:\/\/hojichawholesale.eu\/wp-content\/uploads\/2024\/10\/Depositphotos_466456178_S-1-300x200.avif 300w, https:\/\/hojichawholesale.eu\/wp-content\/uploads\/2024\/10\/Depositphotos_466456178_S-1-768x513.avif 768w\" sizes=\"(max-width: 1000px) 100vw, 1000px\" \/><figcaption class=\"wp-element-caption\">Torta hojicha.  <\/figcaption><\/figure>\n<\/div>\n<h2 class=\"wp-block-heading\">8. <strong>Facile da integrare<\/strong><\/h2>\n\n<p>Incorporare l&#8217;hojicha nel menu del tuo bar \u00e8 semplice.  <\/p>\n\n<p>Richiede una preparazione minima e pu\u00f2 essere preparato con l&#8217;attrezzatura standard del bar, sia che tu stia preparando una tazza di t\u00e8 tradizionale o preparando un latte hojicha.  <\/p>\n\n<p>Forniamo opzioni all&#8217;ingrosso su misura per le esigenze dei bar, assicurandoti di avere hojicha di alta qualit\u00e0 che \u00e8 facile da conservare e utilizzare in varie ricette.<\/p>\n\n<h2 class=\"wp-block-heading\">9. Facile da commercializzare<\/h2>\n\n<p>La natura del prodotto ti offre un&#8217;ampia gamma di angolazioni da utilizzare nel tuo marketing, da una bevanda giapponese di fantasia a una bevanda salutare.<\/p>\n\n<p>Il suo basso costo di produzione ti d\u00e0 il pieno controllo sui tuoi margini di profitto.<\/p>\n\n<p>Offrendo l&#8217;hojicha, non stai solo aggiungendo un&#8217;altra bevanda al tuo menu, ma stai offrendo ai tuoi clienti un&#8217;esperienza unica.  <\/p>\n\n<p>\u00c8 un t\u00e8 che piace sia alla folla attenta alla salute che a coloro che cercano qualcosa di nuovo.<\/p>\n\n<h2 class=\"wp-block-heading\">Richiedi un campione<\/h2>\n\n<p>Curioso di conoscere i sapori ricchi e tostati del nostro hojicha premium?  <\/p>\n\n<p>Inserisci i tuoi dati qui sotto e ti invieremo un campione. Facci sapere se hai richieste specifiche e saremo lieti di personalizzare la nostra offerta in base alle tue esigenze aziendali. <\/p>\n<div class=\"forminator-ui forminator-custom-form forminator-custom-form-1365 forminator-design--flat  forminator_ajax\" data-forminator-render=\"0\" data-form=\"forminator-module-1365\" data-uid=\"69d611c24f81f\"><br\/><\/div><form\n\t\t\t\tid=\"forminator-module-1365\"\n\t\t\t\tclass=\"forminator-ui forminator-custom-form forminator-custom-form-1365 forminator-design--flat  forminator_ajax\"\n\t\t\t\tmethod=\"post\"\n\t\t\t\tdata-forminator-render=\"0\"\n\t\t\t\tdata-form-id=\"1365\"\n\t\t\t\t data-color-option=\"default\" data-design=\"flat\" data-grid=\"open\" style=\"display: none;\"\n\t\t\t\tdata-uid=\"69d611c24f81f\"\n\t\t\t><div role=\"alert\" aria-live=\"polite\" class=\"forminator-response-message forminator-error\" aria-hidden=\"true\"><\/div><div class=\"forminator-row\"><div id=\"name-1\" class=\"forminator-field-name forminator-col forminator-col-6 \"><div class=\"forminator-field\"><input type=\"text\" name=\"name-1\" value=\"\" placeholder=\"First Name\" id=\"forminator-field-name-1_69d611c24f81f\" class=\"forminator-input forminator-name--field\" aria-required=\"true\" autocomplete=\"name\" \/><\/div><\/div><div id=\"name-2\" class=\"forminator-field-name forminator-col forminator-col-6 \"><div class=\"forminator-field\"><input type=\"text\" name=\"name-2\" value=\"\" placeholder=\"Last Name\" id=\"forminator-field-name-2_69d611c24f81f\" class=\"forminator-input forminator-name--field\" aria-required=\"true\" autocomplete=\"name\" \/><\/div><\/div><\/div><div class=\"forminator-row\"><div id=\"email-1\" class=\"forminator-field-email forminator-col forminator-col-12 \"><div class=\"forminator-field\"><input type=\"email\" name=\"email-1\" value=\"\" placeholder=\"Email\" id=\"forminator-field-email-1_69d611c24f81f\" class=\"forminator-input forminator-email--field\" data-required=\"true\" aria-required=\"true\" autocomplete=\"email\" \/><\/div><\/div><\/div><div class=\"forminator-row\"><div id=\"phone-1\" class=\"forminator-field-phone forminator-col forminator-col-12 \"><div class=\"forminator-field\"><input type=\"text\" name=\"phone-1\" value=\"\" placeholder=\"Phone\" id=\"forminator-field-phone-1_69d611c24f81f\" class=\"forminator-input forminator-field--phone\" data-required=\"\" aria-required=\"false\" autocomplete=\"off\" \/><\/div><\/div><\/div><div class=\"forminator-row\"><div id=\"textarea-1\" class=\"forminator-field-textarea forminator-col forminator-col-12 \"><div class=\"forminator-field\"><textarea name=\"textarea-1\" placeholder=\"Message\" id=\"forminator-field-textarea-1_69d611c24f81f\" class=\"forminator-textarea\" rows=\"6\" style=\"min-height:140px;\" ><\/textarea><span id=\"forminator-field-textarea-1_69d611c24f81f-description\" class=\"forminator-description\"><span data-limit=\"300\" data-type=\"words\" data-editor=\"\">0 \/ 300<\/span><\/span><\/div><\/div><\/div><div class=\"forminator-row\"><\/div><input type=\"hidden\" name=\"referer_url\" value=\"\" \/><div class=\"forminator-row forminator-row-last\"><div class=\"forminator-col\"><div class=\"forminator-field\"><button class=\"forminator-button forminator-button-submit\">Send<\/button><\/div><\/div><\/div><input type=\"hidden\" id=\"forminator_nonce\" name=\"forminator_nonce\" value=\"58eeeb5d3e\" \/><input type=\"hidden\" name=\"_wp_http_referer\" value=\"\/it\/wp-json\/wp\/v2\/pages\/6427\" \/><input type=\"hidden\" name=\"form_id\" value=\"1365\"><input type=\"hidden\" name=\"page_id\" value=\"6427\"><input type=\"hidden\" name=\"form_type\" value=\"default\"><input type=\"hidden\" name=\"current_url\" value=\"https:\/\/hojichawholesale.eu\/it\/hojicha-per-i-caffe\/\"><input type=\"hidden\" name=\"render_id\" value=\"0\"><input type=\"hidden\" name=\"action\" value=\"forminator_submit_form_custom-forms\"><label for=\"input_6\" class=\"forminator-hidden\" aria-hidden=\"true\">Please do not fill in this field. <input id=\"input_6\" type=\"text\" name=\"input_6\" value=\"\" autocomplete=\"off\"><\/label><\/form>\n\n<p><\/p>\n","protected":false},"excerpt":{"rendered":"<p>Hojicha per i caff\u00e8 L&#8217;hojicha, un t\u00e8 verde giapponese tostato, \u00e8 l&#8217;aggiunta perfetta al tuo menu di bevande. Non solo fornisce un sapore distintivo, ma attinge anche alla crescente tendenza di bevande di alta qualit\u00e0, sane e artigianali. Ecco perch\u00e9 l&#8217;introduzione dell&#8217;hojicha nel tuo bar ti aiuter\u00e0 a distinguerti dalla concorrenza e a soddisfare un [&hellip;]<\/p>\n","protected":false},"author":1,"featured_media":6433,"parent":0,"menu_order":0,"comment_status":"closed","ping_status":"closed","template":"","meta":{"_surecart_dashboard_logo_width":"180px","_surecart_dashboard_show_logo":true,"_surecart_dashboard_navigation_orders":true,"_surecart_dashboard_navigation_invoices":true,"_surecart_dashboard_navigation_subscriptions":true,"_surecart_dashboard_navigation_downloads":true,"_surecart_dashboard_navigation_billing":true,"_surecart_dashboard_navigation_account":true,"footnotes":""},"class_list":["post-6427","page","type-page","status-publish","has-post-thumbnail","hentry","entry","has-media"],"mb":[],"mfb_rest_fields":["title","gutenberg_elementor_mode"],"_links":{"self":[{"href":"https:\/\/hojichawholesale.eu\/it\/wp-json\/wp\/v2\/pages\/6427","targetHints":{"allow":["GET"]}}],"collection":[{"href":"https:\/\/hojichawholesale.eu\/it\/wp-json\/wp\/v2\/pages"}],"about":[{"href":"https:\/\/hojichawholesale.eu\/it\/wp-json\/wp\/v2\/types\/page"}],"author":[{"embeddable":true,"href":"https:\/\/hojichawholesale.eu\/it\/wp-json\/wp\/v2\/users\/1"}],"replies":[{"embeddable":true,"href":"https:\/\/hojichawholesale.eu\/it\/wp-json\/wp\/v2\/comments?post=6427"}],"version-history":[{"count":0,"href":"https:\/\/hojichawholesale.eu\/it\/wp-json\/wp\/v2\/pages\/6427\/revisions"}],"wp:featuredmedia":[{"embeddable":true,"href":"https:\/\/hojichawholesale.eu\/it\/wp-json\/wp\/v2\/media\/6433"}],"wp:attachment":[{"href":"https:\/\/hojichawholesale.eu\/it\/wp-json\/wp\/v2\/media?parent=6427"}],"curies":[{"name":"wp","href":"https:\/\/api.w.org\/{rel}","templated":true}]}}